{"id":24700,"date":"2022-09-21T16:27:45","date_gmt":"2022-09-21T14:27:45","guid":{"rendered":"https:\/\/www.villadisotto.it\/prodotto\/reve-dans-une-grotte\/"},"modified":"2025-12-23T11:34:35","modified_gmt":"2025-12-23T10:34:35","slug":"reve-dans-une-grotte","status":"publish","type":"product","link":"https:\/\/www.villadisotto.it\/fr\/prodotto\/reve-dans-une-grotte\/","title":{"rendered":"R\u00eave dans une grotte"},"content":{"rendered":"<p>[et_pb_section fb_built=\"1\" _builder_version=\"4.16\" custom_padding=\"0px||||false|false\" global_colors_info=\"{}\"][et_pb_row _builder_version=\"4.16\" background_size=\"initial\" background_position=\"top_left\" background_repeat=\"repeat\" width=\"100%\" custom_padding=\"0px||0px||false|false\" global_colors_info=\"{}\"][et_pb_column type=\"4_4\" _builder_version=\"4.16\" custom_padding=\"|||\" global_colors_info=\"{}\" custom_padding__hover=\"|||\"][et_pb_wc_breadcrumb _builder_version=\"4.16\" global_colors_info=\"{}\"][\/et_pb_wc_breadcrumb][et_pb_wc_cart_notice _builder_version=\"4.16\" global_colors_info=\"{}\"][\/et_pb_wc_cart_notice][\/et_pb_column][\/et_pb_row][et_pb_row column_structure=\"1_2,1_2\" _builder_version=\"4.16\" background_size=\"initial\" background_position=\"top_left\" background_repeat=\"repeat\" width=\"100%\" custom_padding=\"0px||||false|false\" global_colors_info=\"{}\"][et_pb_column type=\"1_2\" _builder_version=\"4.16\" custom_padding=\"|||\" global_colors_info=\"{}\" custom_padding__hover=\"|||\"][et_pb_wc_images _builder_version=\"4.16\" global_colors_info=\"{}\"][\/et_pb_wc_images][\/et_pb_column][et_pb_column type=\"1_2\" _builder_version=\"4.16\" custom_padding=\"|||\" global_colors_info=\"{}\" custom_padding__hover=\"|||\"][et_pb_wc_title _builder_version=\"4.16\" header_font=\"|600|||||||\" global_colors_info=\"{}\"][\/et_pb_wc_title][et_pb_wc_rating _builder_version=\"4.16\" global_colors_info=\"{}\"][\/et_pb_wc_rating][et_pb_wc_price _builder_version=\"4.16\" body_font=\"|600|on||||||\" body_text_color=\"#515151\" custom_margin=\"||6px|||\" global_colors_info=\"{}\"][\/et_pb_wc_price][et_pb_text _builder_version=\"4.17.4\" _module_preset=\"default\" text_font=\"||||on||||\" text_text_color=\"#595959\" text_font_size=\"13px\" global_colors_info=\"{}\"]<strong>PRIX POUR 2 PERSONNES<\/strong><br \/>\n[\/et_pb_text][et_pb_wc_description _builder_version=\"4.16\" body_font=\"||||||||\" header_3_font=\"|600|||||||\" header_3_line_height=\"1.2em\" global_colors_info=\"{}\"][\/et_pb_wc_description][et_pb_wc_add_to_cart _builder_version=\"4.16\" custom_button=\"on\" button_text_size=\"18px\" button_text_color=\"#FFFFFF\" button_font=\"|600|||||||\" global_colors_info=\"{}\"][\/et_pb_wc_add_to_cart][et_pb_wc_meta _builder_version=\"4.16\" global_colors_info=\"{}\"][\/et_pb_wc_meta][\/et_pb_column][\/et_pb_row][et_pb_row _builder_version=\"4.16\" _module_preset=\"default\" global_colors_info=\"{}\"][et_pb_column type=\"4_4\" _builder_version=\"4.16\" _module_preset=\"default\" global_colors_info=\"{}\"][et_pb_button button_url=\"https:\/\/www.villadisotto.it\/fr\/contacts-villa-di-sotto\/\" button_text=\"Contact us for more information\" button_alignment=\"center\" _builder_version=\"4.16\" _module_preset=\"default\" custom_button=\"on\" button_bg_color=\"#005b04\" button_font=\"|700|||||||\" global_colors_info=\"{}\"][\/et_pb_button][\/et_pb_column][\/et_pb_row][et_pb_row _builder_version=\"4.16\" background_size=\"initial\" background_position=\"top_left\" background_repeat=\"repeat\" width=\"100%\" global_colors_info=\"{}\"][et_pb_column type=\"4_4\" _builder_version=\"4.16\" custom_padding=\"|||\" global_colors_info=\"{}\" custom_padding__hover=\"|||\"][et_pb_wc_tabs disabled_on=\"on|on|on\" _builder_version=\"4.16\" global_colors_info=\"{}\"] [\/et_pb_wc_tabs][et_pb_wc_upsells disabled_on=\"on|on|on\" _builder_version=\"4.16\" global_colors_info=\"{}\"][\/et_pb_wc_upsells][et_pb_wc_related_products _builder_version=\"4.16\" global_colors_info=\"{}\"][\/et_pb_wc_related_products][\/et_pb_column][\/et_pb_row][\/et_pb_section]<\/p>\n","protected":false},"excerpt":{"rendered":"<h2><strong>Ch\u00e8que cadeau avec La Grotte \u00e0 usage exclusif de 2 heures<\/strong><br \/>\n(sur r\u00e9servation uniquement)<\/h2>\n<p><strong>La Grotte \u00c0 USAGE EXCLUSIF de 2 heures avec: sauna finlandais\/biosauna, douche sensorielle et jacuzzi<\/strong><\/p>\n<ul>\n<li>si\u00e8ges en m\u00e9l\u00e8ze, murs en pierre naturelle<\/li>\n<li>salle de bain et dressing<\/li>\n<li>location de serviettes et\/ou de peignoirs sur demande et avec suppl\u00e9ment de prix<\/li>\n<li>wifi gratuit<\/li>\n<\/ul>\n<p><strong>Tisane chaude<\/strong> pour r\u00e9hydrater les liquides<\/p>\n<blockquote><p><strong>Le prix est pour 2 personnes. Pour la troisi\u00e8me et quatri\u00e8me personne, le suppl\u00e9ment est de 45\u20ac par personne, \u00e0 payer \u00e0 l\u2019h\u00f4tel.<br \/>\n<em>L\u2019ENTR\u00c9E N\u2019EST PAS PERMISE aux enfants de moins de 16 ans et aux femmes enceintes.<\/em><br \/>\n<\/strong> Imprimez ou montrez sur votre smartphone \u00e0 votre arriv\u00e9e votre ch\u00e8que cadeau que vous recevrez par e-mail.<\/p><\/blockquote>\n<p><em>Valable pendant 18 mois \u00e0 partir de la date d\u2019achat.<\/em><\/p>\n","protected":false},"featured_media":31122,"comment_status":"closed","ping_status":"closed","template":"","meta":{"_et_pb_use_builder":"on","_et_pb_old_content":"Ch\u00e8que cadeau avec La Grotte \u00e0 usage exclusif de 2 heures (sur r\u00e9servation uniquement)\r\nLa Grotte \u00c0 USAGE EXCLUSIF de 2 heures avec: sauna finlandais\/biosauna, douche sensorielle et jacuzzi\r\n<ul>\r\n \t<li>si\u00e8ges en m\u00e9l\u00e8ze, murs en pierre naturelle<\/li>\r\n \t<li>salle de bain et dressing<\/li>\r\n \t<li>location de serviettes et\/ou de peignoirs sur demande et avec suppl\u00e9ment de prix<\/li>\r\n \t<li>wifi gratuit<\/li>\r\n<\/ul>\r\nTisane chaude pour r\u00e9hydrater les liquides","_et_gb_content_width":""},"product_brand":[],"product_cat":[191,121],"product_tag":[],"class_list":{"0":"post-24700","1":"product","2":"type-product","3":"status-publish","4":"has-post-thumbnail","6":"product_cat-la-grotte","7":"product_cat-detente-dans-le-chianti","9":"first","10":"instock","11":"downloadable","12":"shipping-taxable","13":"purchasable","14":"product-type-simple"},"yoast_head":"<!-- This site is optimized with the Yoast SEO plugin v27.2 - https:\/\/yoast.com\/product\/yoast-seo-wordpress\/ -->\n<title>R\u00eave dans une grotte - Bed and Breakfast Villa di Sotto<\/title>\n<meta name=\"description\" content=\"R\u00eave dans une grotte | Ch\u00e8que cadeau avec La Grotte \u00e0 usage exclusif de 2 heures | La Grotte \u00c0 USAGE EXCLUSIF de 2 heures avec sauna, jacuzzi et...\" \/>\n<meta name=\"robots\" content=\"index, follow, max-snippet:-1, max-image-preview:large, max-video-preview:-1\" \/>\n<link rel=\"canonical\" href=\"https:\/\/www.villadisotto.it\/de\/prodotto\/traum-in-einer-hohle\/\" \/>\n<meta property=\"og:locale\" content=\"fr_FR\" \/>\n<meta property=\"og:type\" content=\"article\" \/>\n<meta property=\"og:title\" content=\"R\u00eave dans une grotte - Bed and Breakfast Villa di Sotto\" \/>\n<meta property=\"og:description\" content=\"R\u00eave dans une grotte | Ch\u00e8que cadeau avec La Grotte \u00e0 usage exclusif de 2 heures | La Grotte \u00c0 USAGE EXCLUSIF de 2 heures avec sauna, jacuzzi et...\" \/>\n<meta property=\"og:url\" content=\"https:\/\/www.villadisotto.it\/de\/prodotto\/traum-in-einer-hohle\/\" \/>\n<meta property=\"og:site_name\" content=\"Villa di Sotto\" \/>\n<meta property=\"article:modified_time\" content=\"2025-12-23T10:34:35+00:00\" \/>\n<meta property=\"og:image\" content=\"https:\/\/www.villadisotto.it\/wp-content\/uploads\/2025\/07\/VdS-5478.jpg\" \/>\n\t<meta property=\"og:image:width\" content=\"1000\" \/>\n\t<meta property=\"og:image:height\" content=\"667\" \/>\n\t<meta property=\"og:image:type\" content=\"image\/jpeg\" \/>\n<meta name=\"twitter:card\" content=\"summary_large_image\" \/>\n<meta name=\"twitter:label1\" content=\"Dur\u00e9e de lecture estim\u00e9e\" \/>\n\t<meta name=\"twitter:data1\" content=\"3 minutes\" \/>\n<script type=\"application\/ld+json\" class=\"yoast-schema-graph\">{\"@context\":\"https:\/\/schema.org\",\"@graph\":[{\"@type\":\"WebPage\",\"@id\":\"https:\/\/www.villadisotto.it\/de\/prodotto\/traum-in-einer-hohle\/\",\"url\":\"https:\/\/www.villadisotto.it\/de\/prodotto\/traum-in-einer-hohle\/\",\"name\":\"R\u00eave dans une grotte - Bed and Breakfast Villa di Sotto\",\"isPartOf\":{\"@id\":\"https:\/\/www.villadisotto.it\/#website\"},\"primaryImageOfPage\":{\"@id\":\"https:\/\/www.villadisotto.it\/de\/prodotto\/traum-in-einer-hohle\/#primaryimage\"},\"image\":{\"@id\":\"https:\/\/www.villadisotto.it\/de\/prodotto\/traum-in-einer-hohle\/#primaryimage\"},\"thumbnailUrl\":\"https:\/\/www.villadisotto.it\/wp-content\/uploads\/2022\/09\/sogno-in-grotta-1.jpg\",\"datePublished\":\"2022-09-21T14:27:45+00:00\",\"dateModified\":\"2025-12-23T10:34:35+00:00\",\"description\":\"R\u00eave dans une grotte | Ch\u00e8que cadeau avec La Grotte \u00e0 usage exclusif de 2 heures | La Grotte \u00c0 USAGE EXCLUSIF de 2 heures avec sauna, jacuzzi et...\",\"breadcrumb\":{\"@id\":\"https:\/\/www.villadisotto.it\/de\/prodotto\/traum-in-einer-hohle\/#breadcrumb\"},\"inLanguage\":\"fr-FR\",\"potentialAction\":[{\"@type\":\"ReadAction\",\"target\":[\"https:\/\/www.villadisotto.it\/de\/prodotto\/traum-in-einer-hohle\/\"]}]},{\"@type\":\"ImageObject\",\"inLanguage\":\"fr-FR\",\"@id\":\"https:\/\/www.villadisotto.it\/de\/prodotto\/traum-in-einer-hohle\/#primaryimage\",\"url\":\"https:\/\/www.villadisotto.it\/wp-content\/uploads\/2022\/09\/sogno-in-grotta-1.jpg\",\"contentUrl\":\"https:\/\/www.villadisotto.it\/wp-content\/uploads\/2022\/09\/sogno-in-grotta-1.jpg\",\"width\":1000,\"height\":1000},{\"@type\":\"BreadcrumbList\",\"@id\":\"https:\/\/www.villadisotto.it\/de\/prodotto\/traum-in-einer-hohle\/#breadcrumb\",\"itemListElement\":[{\"@type\":\"ListItem\",\"position\":1,\"name\":\"Home\",\"item\":\"https:\/\/www.villadisotto.it\/\"},{\"@type\":\"ListItem\",\"position\":2,\"name\":\"Privat: Shop\",\"item\":\"https:\/\/www.villadisotto.it\/?page_id=12711\"},{\"@type\":\"ListItem\",\"position\":3,\"name\":\"R\u00eave dans une grotte\"}]},{\"@type\":\"WebSite\",\"@id\":\"https:\/\/www.villadisotto.it\/#website\",\"url\":\"https:\/\/www.villadisotto.it\/\",\"name\":\"Villa di Sotto\",\"description\":\"Il cuore del Chianti\",\"potentialAction\":[{\"@type\":\"SearchAction\",\"target\":{\"@type\":\"EntryPoint\",\"urlTemplate\":\"https:\/\/www.villadisotto.it\/?s={search_term_string}\"},\"query-input\":{\"@type\":\"PropertyValueSpecification\",\"valueRequired\":true,\"valueName\":\"search_term_string\"}}],\"inLanguage\":\"fr-FR\"}]}<\/script>\n<!-- \/ Yoast SEO plugin. -->","yoast_head_json":{"title":"R\u00eave dans une grotte - Bed and Breakfast Villa di Sotto","description":"R\u00eave dans une grotte | Ch\u00e8que cadeau avec La Grotte \u00e0 usage exclusif de 2 heures | La Grotte \u00c0 USAGE EXCLUSIF de 2 heures avec sauna, jacuzzi et...","robots":{"index":"index","follow":"follow","max-snippet":"max-snippet:-1","max-image-preview":"max-image-preview:large","max-video-preview":"max-video-preview:-1"},"canonical":"https:\/\/www.villadisotto.it\/de\/prodotto\/traum-in-einer-hohle\/","og_locale":"fr_FR","og_type":"article","og_title":"R\u00eave dans une grotte - Bed and Breakfast Villa di Sotto","og_description":"R\u00eave dans une grotte | Ch\u00e8que cadeau avec La Grotte \u00e0 usage exclusif de 2 heures | La Grotte \u00c0 USAGE EXCLUSIF de 2 heures avec sauna, jacuzzi et...","og_url":"https:\/\/www.villadisotto.it\/de\/prodotto\/traum-in-einer-hohle\/","og_site_name":"Villa di Sotto","article_modified_time":"2025-12-23T10:34:35+00:00","og_image":[{"width":1000,"height":667,"url":"https:\/\/www.villadisotto.it\/wp-content\/uploads\/2025\/07\/VdS-5478.jpg","type":"image\/jpeg"}],"twitter_card":"summary_large_image","twitter_misc":{"Dur\u00e9e de lecture estim\u00e9e":"3 minutes"},"schema":{"@context":"https:\/\/schema.org","@graph":[{"@type":"WebPage","@id":"https:\/\/www.villadisotto.it\/de\/prodotto\/traum-in-einer-hohle\/","url":"https:\/\/www.villadisotto.it\/de\/prodotto\/traum-in-einer-hohle\/","name":"R\u00eave dans une grotte - Bed and Breakfast Villa di Sotto","isPartOf":{"@id":"https:\/\/www.villadisotto.it\/#website"},"primaryImageOfPage":{"@id":"https:\/\/www.villadisotto.it\/de\/prodotto\/traum-in-einer-hohle\/#primaryimage"},"image":{"@id":"https:\/\/www.villadisotto.it\/de\/prodotto\/traum-in-einer-hohle\/#primaryimage"},"thumbnailUrl":"https:\/\/www.villadisotto.it\/wp-content\/uploads\/2022\/09\/sogno-in-grotta-1.jpg","datePublished":"2022-09-21T14:27:45+00:00","dateModified":"2025-12-23T10:34:35+00:00","description":"R\u00eave dans une grotte | Ch\u00e8que cadeau avec La Grotte \u00e0 usage exclusif de 2 heures | La Grotte \u00c0 USAGE EXCLUSIF de 2 heures avec sauna, jacuzzi et...","breadcrumb":{"@id":"https:\/\/www.villadisotto.it\/de\/prodotto\/traum-in-einer-hohle\/#breadcrumb"},"inLanguage":"fr-FR","potentialAction":[{"@type":"ReadAction","target":["https:\/\/www.villadisotto.it\/de\/prodotto\/traum-in-einer-hohle\/"]}]},{"@type":"ImageObject","inLanguage":"fr-FR","@id":"https:\/\/www.villadisotto.it\/de\/prodotto\/traum-in-einer-hohle\/#primaryimage","url":"https:\/\/www.villadisotto.it\/wp-content\/uploads\/2022\/09\/sogno-in-grotta-1.jpg","contentUrl":"https:\/\/www.villadisotto.it\/wp-content\/uploads\/2022\/09\/sogno-in-grotta-1.jpg","width":1000,"height":1000},{"@type":"BreadcrumbList","@id":"https:\/\/www.villadisotto.it\/de\/prodotto\/traum-in-einer-hohle\/#breadcrumb","itemListElement":[{"@type":"ListItem","position":1,"name":"Home","item":"https:\/\/www.villadisotto.it\/"},{"@type":"ListItem","position":2,"name":"Privat: Shop","item":"https:\/\/www.villadisotto.it\/?page_id=12711"},{"@type":"ListItem","position":3,"name":"R\u00eave dans une grotte"}]},{"@type":"WebSite","@id":"https:\/\/www.villadisotto.it\/#website","url":"https:\/\/www.villadisotto.it\/","name":"Villa di Sotto","description":"Il cuore del Chianti","potentialAction":[{"@type":"SearchAction","target":{"@type":"EntryPoint","urlTemplate":"https:\/\/www.villadisotto.it\/?s={search_term_string}"},"query-input":{"@type":"PropertyValueSpecification","valueRequired":true,"valueName":"search_term_string"}}],"inLanguage":"fr-FR"}]}},"_links":{"self":[{"href":"https:\/\/www.villadisotto.it\/fr\/wp-json\/wp\/v2\/product\/24700","targetHints":{"allow":["GET"]}}],"collection":[{"href":"https:\/\/www.villadisotto.it\/fr\/wp-json\/wp\/v2\/product"}],"about":[{"href":"https:\/\/www.villadisotto.it\/fr\/wp-json\/wp\/v2\/types\/product"}],"replies":[{"embeddable":true,"href":"https:\/\/www.villadisotto.it\/fr\/wp-json\/wp\/v2\/comments?post=24700"}],"wp:featuredmedia":[{"embeddable":true,"href":"https:\/\/www.villadisotto.it\/fr\/wp-json\/wp\/v2\/media\/31122"}],"wp:attachment":[{"href":"https:\/\/www.villadisotto.it\/fr\/wp-json\/wp\/v2\/media?parent=24700"}],"wp:term":[{"taxonomy":"product_brand","embeddable":true,"href":"https:\/\/www.villadisotto.it\/fr\/wp-json\/wp\/v2\/product_brand?post=24700"},{"taxonomy":"product_cat","embeddable":true,"href":"https:\/\/www.villadisotto.it\/fr\/wp-json\/wp\/v2\/product_cat?post=24700"},{"taxonomy":"product_tag","embeddable":true,"href":"https:\/\/www.villadisotto.it\/fr\/wp-json\/wp\/v2\/product_tag?post=24700"}],"curies":[{"name":"wp","href":"https:\/\/api.w.org\/{rel}","templated":true}]}}