{"id":23719,"date":"2021-03-24T11:45:37","date_gmt":"2022-11-10T10:45:38","guid":{"rendered":"https:\/\/www.villadisotto.it\/?post_type=product&#038;p=23719"},"modified":"2025-01-23T17:07:45","modified_gmt":"2025-01-23T16:07:45","slug":"gift-card-200-euro","status":"publish","type":"product","link":"https:\/\/www.villadisotto.it\/fr\/prodotto\/gift-card-200-euro\/","title":{"rendered":"Carte cadeau 200"},"content":{"rendered":"<p>[et_pb_section fb_built=\"1\" _builder_version=\"4.16\" custom_padding=\"0px||||false|false\" global_colors_info=\"{}\"][et_pb_row _builder_version=\"4.16\" background_size=\"initial\" background_position=\"top_left\" background_repeat=\"repeat\" width=\"100%\" custom_padding=\"0px||0px||false|false\" global_colors_info=\"{}\"][et_pb_column type=\"4_4\" _builder_version=\"4.16\" custom_padding=\"|||\" global_colors_info=\"{}\" custom_padding__hover=\"|||\"][et_pb_wc_breadcrumb _builder_version=\"4.16\" global_colors_info=\"{}\"][\/et_pb_wc_breadcrumb][et_pb_wc_cart_notice _builder_version=\"4.16\" global_colors_info=\"{}\"][\/et_pb_wc_cart_notice][\/et_pb_column][\/et_pb_row][et_pb_row column_structure=\"1_2,1_2\" _builder_version=\"4.16\" background_size=\"initial\" background_position=\"top_left\" background_repeat=\"repeat\" width=\"100%\" custom_padding=\"0px||||false|false\" global_colors_info=\"{}\"][et_pb_column type=\"1_2\" _builder_version=\"4.16\" custom_padding=\"|||\" global_colors_info=\"{}\" custom_padding__hover=\"|||\"][et_pb_wc_images _builder_version=\"4.16\" global_colors_info=\"{}\"][\/et_pb_wc_images][\/et_pb_column][et_pb_column type=\"1_2\" _builder_version=\"4.16\" custom_padding=\"|||\" global_colors_info=\"{}\" custom_padding__hover=\"|||\"][et_pb_wc_title _builder_version=\"4.16\" header_font=\"|600|||||||\" global_colors_info=\"{}\"][\/et_pb_wc_title][et_pb_wc_rating _builder_version=\"4.16\" global_colors_info=\"{}\"][\/et_pb_wc_rating][et_pb_wc_price _builder_version=\"4.16\" body_font=\"|600|on||||||\" body_text_color=\"#515151\" global_colors_info=\"{}\"][\/et_pb_wc_price][et_pb_wc_description _builder_version=\"4.16\" body_font=\"||||||||\" header_3_font=\"|600|||||||\" header_3_line_height=\"1.2em\" global_colors_info=\"{}\"][\/et_pb_wc_description][et_pb_wc_add_to_cart _builder_version=\"4.16\" custom_button=\"on\" button_text_size=\"18px\" button_text_color=\"#FFFFFF\" button_font=\"|600|||||||\" global_colors_info=\"{}\"][\/et_pb_wc_add_to_cart][et_pb_wc_meta _builder_version=\"4.16\" global_colors_info=\"{}\"][\/et_pb_wc_meta][\/et_pb_column][\/et_pb_row][et_pb_row _builder_version=\"4.16\" _module_preset=\"default\" global_colors_info=\"{}\"][et_pb_column type=\"4_4\" _builder_version=\"4.16\" _module_preset=\"default\" global_colors_info=\"{}\"][et_pb_button button_url=\"https:\/\/www.villadisotto.it\/fr\/contacts-villa-di-sotto\/\" button_text=\"Contact us for more information\" button_alignment=\"center\" _builder_version=\"4.16\" _module_preset=\"default\" custom_button=\"on\" button_bg_color=\"#005b04\" button_font=\"|700|||||||\" global_colors_info=\"{}\"][\/et_pb_button][\/et_pb_column][\/et_pb_row][et_pb_row _builder_version=\"4.16\" background_size=\"initial\" background_position=\"top_left\" background_repeat=\"repeat\" width=\"100%\" global_colors_info=\"{}\"][et_pb_column type=\"4_4\" _builder_version=\"4.16\" custom_padding=\"|||\" global_colors_info=\"{}\" custom_padding__hover=\"|||\"][et_pb_wc_tabs disabled_on=\"on|on|on\" _builder_version=\"4.16\" global_colors_info=\"{}\"]\t\t\t\t\t[\/et_pb_wc_tabs][et_pb_wc_upsells _builder_version=\"4.16\" global_colors_info=\"{}\"][\/et_pb_wc_upsells][et_pb_wc_related_products _builder_version=\"4.16\" global_colors_info=\"{}\"][\/et_pb_wc_related_products][\/et_pb_column][\/et_pb_row][\/et_pb_section]<\/p>\n","protected":false},"excerpt":{"rendered":"<h3>Carte cadeau sp\u00e9ciale<\/h3>\n<p><strong>La carte cadeau peut \u00eatre utilis\u00e9e pour tous les services offerts par Villa di Sotto<\/strong><\/p>\n<ul>\n<li>Bed and Breakfast<\/li>\n<li>Restaurant<\/li>\n<li>\u0152noth\u00e8que<\/li>\n<li>Espaces de d\u00e9tente<\/li>\n<li>Piscines panoramiques<\/li>\n<\/ul>\n<blockquote><p>R\u00e9servez votre exp\u00e9rience \u00e0 l'avance.<br \/>\nImprimez ou montrez sur votre smartphone \u00e0 l'arriv\u00e9e votre carte cadeau que vous recevrez par e-mail.<\/p><\/blockquote>\n<p><em>Valable pendant 18 mois \u00e0 partir de la date d\u2019achat.<\/em><\/p>\n","protected":false},"featured_media":23723,"comment_status":"closed","ping_status":"closed","template":"","meta":{"_et_pb_use_builder":"on","_et_pb_old_content":"","_et_gb_content_width":""},"product_brand":[],"product_cat":[125],"product_tag":[],"class_list":{"0":"post-23719","1":"product","2":"type-product","3":"status-publish","4":"has-post-thumbnail","6":"product_cat-carte-cadeau","8":"first","9":"instock","10":"downloadable","11":"shipping-taxable","12":"purchasable","13":"product-type-simple"},"yoast_head":"<!-- This site is optimized with the Yoast SEO plugin v27.4 - https:\/\/yoast.com\/product\/yoast-seo-wordpress\/ -->\n<title>Carte cadeau 200 Euro | Bed and Breakfast Villa di Sotto<\/title>\n<meta name=\"description\" content=\"Gift Card 200 Euro | La carte cadeau peut \u00eatre utilis\u00e9e pour tous les services offerts par Villa di Sotto\" \/>\n<meta name=\"robots\" content=\"index, follow, max-snippet:-1, max-image-preview:large, max-video-preview:-1\" \/>\n<link rel=\"canonical\" href=\"https:\/\/www.villadisotto.it\/fr\/prodotto\/gift-card-200-euro\/\" \/>\n<meta property=\"og:locale\" content=\"fr_FR\" \/>\n<meta property=\"og:type\" content=\"article\" \/>\n<meta property=\"og:title\" content=\"Carte cadeau 200 Euro | Bed and Breakfast Villa di Sotto\" \/>\n<meta property=\"og:description\" content=\"Gift Card 200 Euro | La carte cadeau peut \u00eatre utilis\u00e9e pour tous les services offerts par Villa di Sotto\" \/>\n<meta property=\"og:url\" content=\"https:\/\/www.villadisotto.it\/fr\/prodotto\/gift-card-200-euro\/\" \/>\n<meta property=\"og:site_name\" content=\"Villa di Sotto\" \/>\n<meta property=\"article:modified_time\" content=\"2025-01-23T16:07:45+00:00\" \/>\n<meta property=\"og:image\" content=\"https:\/\/www.villadisotto.it\/wp-content\/uploads\/2022\/11\/gift-card-200-euro.jpg\" \/>\n\t<meta property=\"og:image:width\" content=\"1080\" \/>\n\t<meta property=\"og:image:height\" content=\"1080\" \/>\n\t<meta property=\"og:image:type\" content=\"image\/jpeg\" \/>\n<meta name=\"twitter:card\" content=\"summary_large_image\" \/>\n<meta name=\"twitter:label1\" content=\"Dur\u00e9e de lecture estim\u00e9e\" \/>\n\t<meta name=\"twitter:data1\" content=\"3 minutes\" \/>\n<script type=\"application\/ld+json\" class=\"yoast-schema-graph\">{\"@context\":\"https:\\\/\\\/schema.org\",\"@graph\":[{\"@type\":\"WebPage\",\"@id\":\"https:\\\/\\\/www.villadisotto.it\\\/fr\\\/prodotto\\\/gift-card-200-euro\\\/\",\"url\":\"https:\\\/\\\/www.villadisotto.it\\\/fr\\\/prodotto\\\/gift-card-200-euro\\\/\",\"name\":\"Carte cadeau 200 Euro | Bed and Breakfast Villa di Sotto\",\"isPartOf\":{\"@id\":\"https:\\\/\\\/www.villadisotto.it\\\/#website\"},\"primaryImageOfPage\":{\"@id\":\"https:\\\/\\\/www.villadisotto.it\\\/fr\\\/prodotto\\\/gift-card-200-euro\\\/#primaryimage\"},\"image\":{\"@id\":\"https:\\\/\\\/www.villadisotto.it\\\/fr\\\/prodotto\\\/gift-card-200-euro\\\/#primaryimage\"},\"thumbnailUrl\":\"https:\\\/\\\/www.villadisotto.it\\\/wp-content\\\/uploads\\\/2022\\\/11\\\/gift-card-200-euro.jpg\",\"datePublished\":\"2022-11-10T10:45:38+00:00\",\"dateModified\":\"2025-01-23T16:07:45+00:00\",\"description\":\"Gift Card 200 Euro | La carte cadeau peut \u00eatre utilis\u00e9e pour tous les services offerts par Villa di Sotto\",\"breadcrumb\":{\"@id\":\"https:\\\/\\\/www.villadisotto.it\\\/fr\\\/prodotto\\\/gift-card-200-euro\\\/#breadcrumb\"},\"inLanguage\":\"fr-FR\",\"potentialAction\":[{\"@type\":\"ReadAction\",\"target\":[\"https:\\\/\\\/www.villadisotto.it\\\/fr\\\/prodotto\\\/gift-card-200-euro\\\/\"]}]},{\"@type\":\"ImageObject\",\"inLanguage\":\"fr-FR\",\"@id\":\"https:\\\/\\\/www.villadisotto.it\\\/fr\\\/prodotto\\\/gift-card-200-euro\\\/#primaryimage\",\"url\":\"https:\\\/\\\/www.villadisotto.it\\\/wp-content\\\/uploads\\\/2022\\\/11\\\/gift-card-200-euro.jpg\",\"contentUrl\":\"https:\\\/\\\/www.villadisotto.it\\\/wp-content\\\/uploads\\\/2022\\\/11\\\/gift-card-200-euro.jpg\",\"width\":1080,\"height\":1080,\"caption\":\"gift card 200 euro\"},{\"@type\":\"BreadcrumbList\",\"@id\":\"https:\\\/\\\/www.villadisotto.it\\\/fr\\\/prodotto\\\/gift-card-200-euro\\\/#breadcrumb\",\"itemListElement\":[{\"@type\":\"ListItem\",\"position\":1,\"name\":\"Home\",\"item\":\"https:\\\/\\\/www.villadisotto.it\\\/\"},{\"@type\":\"ListItem\",\"position\":2,\"name\":\"Privat: Shop\",\"item\":\"https:\\\/\\\/www.villadisotto.it\\\/?page_id=12711\"},{\"@type\":\"ListItem\",\"position\":3,\"name\":\"Carte cadeau 200\"}]},{\"@type\":\"WebSite\",\"@id\":\"https:\\\/\\\/www.villadisotto.it\\\/#website\",\"url\":\"https:\\\/\\\/www.villadisotto.it\\\/\",\"name\":\"Villa di Sotto\",\"description\":\"Il cuore del Chianti\",\"potentialAction\":[{\"@type\":\"SearchAction\",\"target\":{\"@type\":\"EntryPoint\",\"urlTemplate\":\"https:\\\/\\\/www.villadisotto.it\\\/?s={search_term_string}\"},\"query-input\":{\"@type\":\"PropertyValueSpecification\",\"valueRequired\":true,\"valueName\":\"search_term_string\"}}],\"inLanguage\":\"fr-FR\"}]}<\/script>\n<!-- \/ Yoast SEO plugin. -->","yoast_head_json":{"title":"Carte cadeau 200 Euro | Bed and Breakfast Villa di Sotto","description":"Gift Card 200 Euro | La carte cadeau peut \u00eatre utilis\u00e9e pour tous les services offerts par Villa di Sotto","robots":{"index":"index","follow":"follow","max-snippet":"max-snippet:-1","max-image-preview":"max-image-preview:large","max-video-preview":"max-video-preview:-1"},"canonical":"https:\/\/www.villadisotto.it\/fr\/prodotto\/gift-card-200-euro\/","og_locale":"fr_FR","og_type":"article","og_title":"Carte cadeau 200 Euro | Bed and Breakfast Villa di Sotto","og_description":"Gift Card 200 Euro | La carte cadeau peut \u00eatre utilis\u00e9e pour tous les services offerts par Villa di Sotto","og_url":"https:\/\/www.villadisotto.it\/fr\/prodotto\/gift-card-200-euro\/","og_site_name":"Villa di Sotto","article_modified_time":"2025-01-23T16:07:45+00:00","og_image":[{"width":1080,"height":1080,"url":"https:\/\/www.villadisotto.it\/wp-content\/uploads\/2022\/11\/gift-card-200-euro.jpg","type":"image\/jpeg"}],"twitter_card":"summary_large_image","twitter_misc":{"Dur\u00e9e de lecture estim\u00e9e":"3 minutes"},"schema":{"@context":"https:\/\/schema.org","@graph":[{"@type":"WebPage","@id":"https:\/\/www.villadisotto.it\/fr\/prodotto\/gift-card-200-euro\/","url":"https:\/\/www.villadisotto.it\/fr\/prodotto\/gift-card-200-euro\/","name":"Carte cadeau 200 Euro | Bed and Breakfast Villa di Sotto","isPartOf":{"@id":"https:\/\/www.villadisotto.it\/#website"},"primaryImageOfPage":{"@id":"https:\/\/www.villadisotto.it\/fr\/prodotto\/gift-card-200-euro\/#primaryimage"},"image":{"@id":"https:\/\/www.villadisotto.it\/fr\/prodotto\/gift-card-200-euro\/#primaryimage"},"thumbnailUrl":"https:\/\/www.villadisotto.it\/wp-content\/uploads\/2022\/11\/gift-card-200-euro.jpg","datePublished":"2022-11-10T10:45:38+00:00","dateModified":"2025-01-23T16:07:45+00:00","description":"Gift Card 200 Euro | La carte cadeau peut \u00eatre utilis\u00e9e pour tous les services offerts par Villa di Sotto","breadcrumb":{"@id":"https:\/\/www.villadisotto.it\/fr\/prodotto\/gift-card-200-euro\/#breadcrumb"},"inLanguage":"fr-FR","potentialAction":[{"@type":"ReadAction","target":["https:\/\/www.villadisotto.it\/fr\/prodotto\/gift-card-200-euro\/"]}]},{"@type":"ImageObject","inLanguage":"fr-FR","@id":"https:\/\/www.villadisotto.it\/fr\/prodotto\/gift-card-200-euro\/#primaryimage","url":"https:\/\/www.villadisotto.it\/wp-content\/uploads\/2022\/11\/gift-card-200-euro.jpg","contentUrl":"https:\/\/www.villadisotto.it\/wp-content\/uploads\/2022\/11\/gift-card-200-euro.jpg","width":1080,"height":1080,"caption":"gift card 200 euro"},{"@type":"BreadcrumbList","@id":"https:\/\/www.villadisotto.it\/fr\/prodotto\/gift-card-200-euro\/#breadcrumb","itemListElement":[{"@type":"ListItem","position":1,"name":"Home","item":"https:\/\/www.villadisotto.it\/"},{"@type":"ListItem","position":2,"name":"Privat: Shop","item":"https:\/\/www.villadisotto.it\/?page_id=12711"},{"@type":"ListItem","position":3,"name":"Carte cadeau 200"}]},{"@type":"WebSite","@id":"https:\/\/www.villadisotto.it\/#website","url":"https:\/\/www.villadisotto.it\/","name":"Villa di Sotto","description":"Il cuore del Chianti","potentialAction":[{"@type":"SearchAction","target":{"@type":"EntryPoint","urlTemplate":"https:\/\/www.villadisotto.it\/?s={search_term_string}"},"query-input":{"@type":"PropertyValueSpecification","valueRequired":true,"valueName":"search_term_string"}}],"inLanguage":"fr-FR"}]}},"_links":{"self":[{"href":"https:\/\/www.villadisotto.it\/fr\/wp-json\/wp\/v2\/product\/23719","targetHints":{"allow":["GET"]}}],"collection":[{"href":"https:\/\/www.villadisotto.it\/fr\/wp-json\/wp\/v2\/product"}],"about":[{"href":"https:\/\/www.villadisotto.it\/fr\/wp-json\/wp\/v2\/types\/product"}],"replies":[{"embeddable":true,"href":"https:\/\/www.villadisotto.it\/fr\/wp-json\/wp\/v2\/comments?post=23719"}],"wp:featuredmedia":[{"embeddable":true,"href":"https:\/\/www.villadisotto.it\/fr\/wp-json\/wp\/v2\/media\/23723"}],"wp:attachment":[{"href":"https:\/\/www.villadisotto.it\/fr\/wp-json\/wp\/v2\/media?parent=23719"}],"wp:term":[{"taxonomy":"product_brand","embeddable":true,"href":"https:\/\/www.villadisotto.it\/fr\/wp-json\/wp\/v2\/product_brand?post=23719"},{"taxonomy":"product_cat","embeddable":true,"href":"https:\/\/www.villadisotto.it\/fr\/wp-json\/wp\/v2\/product_cat?post=23719"},{"taxonomy":"product_tag","embeddable":true,"href":"https:\/\/www.villadisotto.it\/fr\/wp-json\/wp\/v2\/product_tag?post=23719"}],"curies":[{"name":"wp","href":"https:\/\/api.w.org\/{rel}","templated":true}]}}