{"id":18427,"date":"2021-09-17T08:40:59","date_gmt":"2021-09-17T06:41:00","guid":{"rendered":"https:\/\/www.villadisotto.it\/?post_type=product&#038;p=18427"},"modified":"2022-01-21T12:24:20","modified_gmt":"2022-01-21T11:24:20","slug":"aperitif-x6","status":"publish","type":"product","link":"https:\/\/www.villadisotto.it\/fr\/prodotto\/aperitif-x6\/","title":{"rendered":"Ap\u00e9ritif X6"},"content":{"rendered":"<p>[et_pb_section fb_built=\"1\" _builder_version=\"3.22\" custom_padding=\"0px||||false|false\" global_colors_info=\"{}\"][et_pb_row _builder_version=\"3.25\" background_size=\"initial\" background_position=\"top_left\" background_repeat=\"repeat\" width=\"100%\" custom_padding=\"0px||0px||false|false\" global_colors_info=\"{}\"][et_pb_column type=\"4_4\" _builder_version=\"3.25\" custom_padding=\"|||\" global_colors_info=\"{}\" custom_padding__hover=\"|||\"][et_pb_wc_breadcrumb _builder_version=\"3.0.47\" global_colors_info=\"{}\"][\/et_pb_wc_breadcrumb][et_pb_wc_cart_notice global_colors_info=\"{}\"][\/et_pb_wc_cart_notice][\/et_pb_column][\/et_pb_row][et_pb_row column_structure=\"1_2,1_2\" _builder_version=\"3.25\" background_size=\"initial\" background_position=\"top_left\" background_repeat=\"repeat\" width=\"100%\" custom_padding=\"0px||||false|false\" global_colors_info=\"{}\"][et_pb_column type=\"1_2\" _builder_version=\"3.25\" custom_padding=\"|||\" global_colors_info=\"{}\" custom_padding__hover=\"|||\"][et_pb_wc_images _builder_version=\"3.0.47\" global_colors_info=\"{}\"][\/et_pb_wc_images][\/et_pb_column][et_pb_column type=\"1_2\" _builder_version=\"3.25\" custom_padding=\"|||\" global_colors_info=\"{}\" custom_padding__hover=\"|||\"][et_pb_wc_title _builder_version=\"4.8.2\" header_font=\"|600|||||||\" global_colors_info=\"{}\"][\/et_pb_wc_title][et_pb_wc_rating _builder_version=\"3.0.47\" global_colors_info=\"{}\"][\/et_pb_wc_rating][et_pb_wc_price _builder_version=\"4.8.2\" body_font=\"|600|on||||||\" body_text_color=\"#515151\" global_colors_info=\"{}\"][\/et_pb_wc_price][et_pb_wc_description _builder_version=\"4.8.2\" body_font=\"||||||||\" header_3_font=\"|600|||||||\" header_3_line_height=\"1.2em\" global_colors_info=\"{}\"][\/et_pb_wc_description][et_pb_wc_add_to_cart custom_button=\"on\" button_text_size=\"18px\" button_text_color=\"#FFFFFF\" button_font=\"|600|||||||\" global_colors_info=\"{}\"][\/et_pb_wc_add_to_cart][et_pb_wc_meta _builder_version=\"3.0.47\" global_colors_info=\"{}\"][\/et_pb_wc_meta][\/et_pb_column][\/et_pb_row][et_pb_row _builder_version=\"4.14.5\" _module_preset=\"default\" hover_enabled=\"0\" sticky_enabled=\"0\" global_module=\"21347\" saved_tabs=\"all\"][et_pb_column _builder_version=\"4.14.5\" _module_preset=\"default\" type=\"4_4\"][et_pb_button button_text=\"Contact us for more information\" _builder_version=\"4.14.5\" _module_preset=\"default\" button_url=\"https:\/\/www.villadisotto.it\/fr\/contacts-villa-di-sotto\/\" hover_enabled=\"0\" sticky_enabled=\"0\" button_alignment=\"center\" custom_button=\"on\" button_bg_color=\"#005b04\" button_bg_enable_color=\"on\" button_font=\"|700|||||||\"][\/et_pb_button][\/et_pb_column][\/et_pb_row][et_pb_row _builder_version=\"3.25\" background_size=\"initial\" background_position=\"top_left\" background_repeat=\"repeat\" width=\"100%\" global_colors_info=\"{}\"][et_pb_column type=\"4_4\" _builder_version=\"3.25\" custom_padding=\"|||\" global_colors_info=\"{}\" custom_padding__hover=\"|||\"][et_pb_wc_tabs disabled_on=\"on|on|on\" _builder_version=\"3.0.47\" disabled global_colors_info=\"{}\"] [\/et_pb_wc_tabs][et_pb_wc_upsells _builder_version=\"3.0.47\" global_colors_info=\"{}\"][\/et_pb_wc_upsells][\/et_pb_column][\/et_pb_row][\/et_pb_section]<\/p>\n","protected":false},"excerpt":{"rendered":"<h3>Ch\u00e8que Cadeau Ap\u00e9ritif sur la terrasse panoramique<br \/>\n<em>(sur r\u00e9servation uniquement)<\/em><\/h3>\n<p><strong>6 boissons de votre choix et bruschetta mixte <\/strong><\/p>\n<ul>\n<li>vue panoramique sur les vignobles et les oliveraies avec Sienne au loin<\/li>\n<li>wifi gratuit<\/li>\n<\/ul>\n<blockquote><p>Le prix est pour 6 personnes.<br \/>\nImprimez ou montrez sur votre smartphone \u00e0 votre arriv\u00e9e votre ch\u00e8que cadeau que vous recevrez par e-mail.<\/p><\/blockquote>\n<p><em>Valable pendant 1 an \u00e0 partir de la date d'achat.<\/em><\/p>\n","protected":false},"featured_media":19046,"comment_status":"closed","ping_status":"closed","template":"","meta":{"_et_pb_use_builder":"on","_et_pb_old_content":"","_et_gb_content_width":""},"product_brand":[],"product_cat":[152,158],"product_tag":[],"class_list":{"0":"post-18427","1":"product","2":"type-product","3":"status-publish","4":"has-post-thumbnail","6":"product_cat-cheque-cadeau","7":"product_cat-cheque-cadeau-x6","9":"first","10":"instock","11":"downloadable","12":"virtual","13":"purchasable","14":"product-type-simple"},"yoast_head":"<!-- This site is optimized with the Yoast SEO plugin v27.2 - https:\/\/yoast.com\/product\/yoast-seo-wordpress\/ -->\n<title>Ap\u00e9ritif X6 - Bed and Breakfast Villa di Sotto<\/title>\n<meta name=\"description\" content=\"Ap\u00e9ritif X6 | Ch\u00e8que Cadeau Ap\u00e9ritif sur la terrasse panoramique sur r\u00e9servation uniquement | vue panoramique sur les vignobles et les oliveraies avec Sienne...\" \/>\n<meta name=\"robots\" content=\"index, follow, max-snippet:-1, max-image-preview:large, max-video-preview:-1\" \/>\n<link rel=\"canonical\" href=\"https:\/\/www.villadisotto.it\/fr\/prodotto\/aperitif-x6\/\" \/>\n<meta property=\"og:locale\" content=\"fr_FR\" \/>\n<meta property=\"og:type\" content=\"article\" \/>\n<meta property=\"og:title\" content=\"Ap\u00e9ritif X6 - Bed and Breakfast Villa di Sotto\" \/>\n<meta property=\"og:description\" content=\"Ap\u00e9ritif X6 | Ch\u00e8que Cadeau Ap\u00e9ritif sur la terrasse panoramique sur r\u00e9servation uniquement | vue panoramique sur les vignobles et les oliveraies avec Sienne...\" \/>\n<meta property=\"og:url\" content=\"https:\/\/www.villadisotto.it\/fr\/prodotto\/aperitif-x6\/\" \/>\n<meta property=\"og:site_name\" content=\"Villa di Sotto\" \/>\n<meta property=\"article:modified_time\" content=\"2022-01-21T11:24:20+00:00\" \/>\n<meta property=\"og:image\" content=\"https:\/\/www.villadisotto.it\/wp-content\/uploads\/2021\/10\/VOUCHER-PERSONALIZZATI-APERITIVO-COPERTINA-5.png\" \/>\n\t<meta property=\"og:image:width\" content=\"1080\" \/>\n\t<meta property=\"og:image:height\" content=\"1080\" \/>\n\t<meta property=\"og:image:type\" content=\"image\/png\" \/>\n<meta name=\"twitter:card\" content=\"summary_large_image\" \/>\n<meta name=\"twitter:label1\" content=\"Dur\u00e9e de lecture estim\u00e9e\" \/>\n\t<meta name=\"twitter:data1\" content=\"2 minutes\" \/>\n<script type=\"application\/ld+json\" class=\"yoast-schema-graph\">{\"@context\":\"https:\/\/schema.org\",\"@graph\":[{\"@type\":\"WebPage\",\"@id\":\"https:\/\/www.villadisotto.it\/fr\/prodotto\/aperitif-x6\/\",\"url\":\"https:\/\/www.villadisotto.it\/fr\/prodotto\/aperitif-x6\/\",\"name\":\"Ap\u00e9ritif X6 - Bed and Breakfast Villa di Sotto\",\"isPartOf\":{\"@id\":\"https:\/\/www.villadisotto.it\/#website\"},\"primaryImageOfPage\":{\"@id\":\"https:\/\/www.villadisotto.it\/fr\/prodotto\/aperitif-x6\/#primaryimage\"},\"image\":{\"@id\":\"https:\/\/www.villadisotto.it\/fr\/prodotto\/aperitif-x6\/#primaryimage\"},\"thumbnailUrl\":\"https:\/\/www.villadisotto.it\/wp-content\/uploads\/2021\/10\/VOUCHER-PERSONALIZZATI-APERITIVO-COPERTINA-5.png\",\"datePublished\":\"2021-09-17T06:41:00+00:00\",\"dateModified\":\"2022-01-21T11:24:20+00:00\",\"description\":\"Ap\u00e9ritif X6 | Ch\u00e8que Cadeau Ap\u00e9ritif sur la terrasse panoramique sur r\u00e9servation uniquement | vue panoramique sur les vignobles et les oliveraies avec Sienne...\",\"breadcrumb\":{\"@id\":\"https:\/\/www.villadisotto.it\/fr\/prodotto\/aperitif-x6\/#breadcrumb\"},\"inLanguage\":\"fr-FR\",\"potentialAction\":[{\"@type\":\"ReadAction\",\"target\":[\"https:\/\/www.villadisotto.it\/fr\/prodotto\/aperitif-x6\/\"]}]},{\"@type\":\"ImageObject\",\"inLanguage\":\"fr-FR\",\"@id\":\"https:\/\/www.villadisotto.it\/fr\/prodotto\/aperitif-x6\/#primaryimage\",\"url\":\"https:\/\/www.villadisotto.it\/wp-content\/uploads\/2021\/10\/VOUCHER-PERSONALIZZATI-APERITIVO-COPERTINA-5.png\",\"contentUrl\":\"https:\/\/www.villadisotto.it\/wp-content\/uploads\/2021\/10\/VOUCHER-PERSONALIZZATI-APERITIVO-COPERTINA-5.png\",\"width\":1080,\"height\":1080,\"caption\":\"Ap\u00e9ritif - Villa di Sotto\"},{\"@type\":\"BreadcrumbList\",\"@id\":\"https:\/\/www.villadisotto.it\/fr\/prodotto\/aperitif-x6\/#breadcrumb\",\"itemListElement\":[{\"@type\":\"ListItem\",\"position\":1,\"name\":\"Home\",\"item\":\"https:\/\/www.villadisotto.it\/\"},{\"@type\":\"ListItem\",\"position\":2,\"name\":\"Privat: Shop\",\"item\":\"https:\/\/www.villadisotto.it\/?page_id=12711\"},{\"@type\":\"ListItem\",\"position\":3,\"name\":\"Ap\u00e9ritif X6\"}]},{\"@type\":\"WebSite\",\"@id\":\"https:\/\/www.villadisotto.it\/#website\",\"url\":\"https:\/\/www.villadisotto.it\/\",\"name\":\"Villa di Sotto\",\"description\":\"Il cuore del Chianti\",\"potentialAction\":[{\"@type\":\"SearchAction\",\"target\":{\"@type\":\"EntryPoint\",\"urlTemplate\":\"https:\/\/www.villadisotto.it\/?s={search_term_string}\"},\"query-input\":{\"@type\":\"PropertyValueSpecification\",\"valueRequired\":true,\"valueName\":\"search_term_string\"}}],\"inLanguage\":\"fr-FR\"}]}<\/script>\n<!-- \/ Yoast SEO plugin. -->","yoast_head_json":{"title":"Ap\u00e9ritif X6 - Bed and Breakfast Villa di Sotto","description":"Ap\u00e9ritif X6 | Ch\u00e8que Cadeau Ap\u00e9ritif sur la terrasse panoramique sur r\u00e9servation uniquement | vue panoramique sur les vignobles et les oliveraies avec Sienne...","robots":{"index":"index","follow":"follow","max-snippet":"max-snippet:-1","max-image-preview":"max-image-preview:large","max-video-preview":"max-video-preview:-1"},"canonical":"https:\/\/www.villadisotto.it\/fr\/prodotto\/aperitif-x6\/","og_locale":"fr_FR","og_type":"article","og_title":"Ap\u00e9ritif X6 - Bed and Breakfast Villa di Sotto","og_description":"Ap\u00e9ritif X6 | Ch\u00e8que Cadeau Ap\u00e9ritif sur la terrasse panoramique sur r\u00e9servation uniquement | vue panoramique sur les vignobles et les oliveraies avec Sienne...","og_url":"https:\/\/www.villadisotto.it\/fr\/prodotto\/aperitif-x6\/","og_site_name":"Villa di Sotto","article_modified_time":"2022-01-21T11:24:20+00:00","og_image":[{"width":1080,"height":1080,"url":"https:\/\/www.villadisotto.it\/wp-content\/uploads\/2021\/10\/VOUCHER-PERSONALIZZATI-APERITIVO-COPERTINA-5.png","type":"image\/png"}],"twitter_card":"summary_large_image","twitter_misc":{"Dur\u00e9e de lecture estim\u00e9e":"2 minutes"},"schema":{"@context":"https:\/\/schema.org","@graph":[{"@type":"WebPage","@id":"https:\/\/www.villadisotto.it\/fr\/prodotto\/aperitif-x6\/","url":"https:\/\/www.villadisotto.it\/fr\/prodotto\/aperitif-x6\/","name":"Ap\u00e9ritif X6 - Bed and Breakfast Villa di Sotto","isPartOf":{"@id":"https:\/\/www.villadisotto.it\/#website"},"primaryImageOfPage":{"@id":"https:\/\/www.villadisotto.it\/fr\/prodotto\/aperitif-x6\/#primaryimage"},"image":{"@id":"https:\/\/www.villadisotto.it\/fr\/prodotto\/aperitif-x6\/#primaryimage"},"thumbnailUrl":"https:\/\/www.villadisotto.it\/wp-content\/uploads\/2021\/10\/VOUCHER-PERSONALIZZATI-APERITIVO-COPERTINA-5.png","datePublished":"2021-09-17T06:41:00+00:00","dateModified":"2022-01-21T11:24:20+00:00","description":"Ap\u00e9ritif X6 | Ch\u00e8que Cadeau Ap\u00e9ritif sur la terrasse panoramique sur r\u00e9servation uniquement | vue panoramique sur les vignobles et les oliveraies avec Sienne...","breadcrumb":{"@id":"https:\/\/www.villadisotto.it\/fr\/prodotto\/aperitif-x6\/#breadcrumb"},"inLanguage":"fr-FR","potentialAction":[{"@type":"ReadAction","target":["https:\/\/www.villadisotto.it\/fr\/prodotto\/aperitif-x6\/"]}]},{"@type":"ImageObject","inLanguage":"fr-FR","@id":"https:\/\/www.villadisotto.it\/fr\/prodotto\/aperitif-x6\/#primaryimage","url":"https:\/\/www.villadisotto.it\/wp-content\/uploads\/2021\/10\/VOUCHER-PERSONALIZZATI-APERITIVO-COPERTINA-5.png","contentUrl":"https:\/\/www.villadisotto.it\/wp-content\/uploads\/2021\/10\/VOUCHER-PERSONALIZZATI-APERITIVO-COPERTINA-5.png","width":1080,"height":1080,"caption":"Ap\u00e9ritif - Villa di Sotto"},{"@type":"BreadcrumbList","@id":"https:\/\/www.villadisotto.it\/fr\/prodotto\/aperitif-x6\/#breadcrumb","itemListElement":[{"@type":"ListItem","position":1,"name":"Home","item":"https:\/\/www.villadisotto.it\/"},{"@type":"ListItem","position":2,"name":"Privat: Shop","item":"https:\/\/www.villadisotto.it\/?page_id=12711"},{"@type":"ListItem","position":3,"name":"Ap\u00e9ritif X6"}]},{"@type":"WebSite","@id":"https:\/\/www.villadisotto.it\/#website","url":"https:\/\/www.villadisotto.it\/","name":"Villa di Sotto","description":"Il cuore del Chianti","potentialAction":[{"@type":"SearchAction","target":{"@type":"EntryPoint","urlTemplate":"https:\/\/www.villadisotto.it\/?s={search_term_string}"},"query-input":{"@type":"PropertyValueSpecification","valueRequired":true,"valueName":"search_term_string"}}],"inLanguage":"fr-FR"}]}},"_links":{"self":[{"href":"https:\/\/www.villadisotto.it\/fr\/wp-json\/wp\/v2\/product\/18427","targetHints":{"allow":["GET"]}}],"collection":[{"href":"https:\/\/www.villadisotto.it\/fr\/wp-json\/wp\/v2\/product"}],"about":[{"href":"https:\/\/www.villadisotto.it\/fr\/wp-json\/wp\/v2\/types\/product"}],"replies":[{"embeddable":true,"href":"https:\/\/www.villadisotto.it\/fr\/wp-json\/wp\/v2\/comments?post=18427"}],"wp:featuredmedia":[{"embeddable":true,"href":"https:\/\/www.villadisotto.it\/fr\/wp-json\/wp\/v2\/media\/19046"}],"wp:attachment":[{"href":"https:\/\/www.villadisotto.it\/fr\/wp-json\/wp\/v2\/media?parent=18427"}],"wp:term":[{"taxonomy":"product_brand","embeddable":true,"href":"https:\/\/www.villadisotto.it\/fr\/wp-json\/wp\/v2\/product_brand?post=18427"},{"taxonomy":"product_cat","embeddable":true,"href":"https:\/\/www.villadisotto.it\/fr\/wp-json\/wp\/v2\/product_cat?post=18427"},{"taxonomy":"product_tag","embeddable":true,"href":"https:\/\/www.villadisotto.it\/fr\/wp-json\/wp\/v2\/product_tag?post=18427"}],"curies":[{"name":"wp","href":"https:\/\/api.w.org\/{rel}","templated":true}]}}