{"id":18285,"date":"2021-09-11T16:31:56","date_gmt":"2021-09-11T14:31:58","guid":{"rendered":"https:\/\/www.villadisotto.it\/?post_type=product&#038;p=18285"},"modified":"2024-01-31T17:39:47","modified_gmt":"2024-01-31T16:39:47","slug":"ile-x3","status":"publish","type":"product","link":"https:\/\/www.villadisotto.it\/fr\/prodotto\/ile-x3\/","title":{"rendered":"\u00cele X3"},"content":{"rendered":"<p>[et_pb_section fb_built=\"1\" _builder_version=\"4.16\" custom_padding=\"0px||||false|false\" global_colors_info=\"{}\"][et_pb_row _builder_version=\"4.16\" background_size=\"initial\" background_position=\"top_left\" background_repeat=\"repeat\" width=\"100%\" custom_padding=\"0px||0px||false|false\" global_colors_info=\"{}\"][et_pb_column type=\"4_4\" _builder_version=\"4.16\" custom_padding=\"|||\" global_colors_info=\"{}\" custom_padding__hover=\"|||\"][et_pb_wc_breadcrumb _builder_version=\"4.16\" global_colors_info=\"{}\"][\/et_pb_wc_breadcrumb][et_pb_wc_cart_notice _builder_version=\"4.16\" global_colors_info=\"{}\"][\/et_pb_wc_cart_notice][\/et_pb_column][\/et_pb_row][et_pb_row column_structure=\"1_2,1_2\" _builder_version=\"4.16\" background_size=\"initial\" background_position=\"top_left\" background_repeat=\"repeat\" width=\"100%\" custom_padding=\"0px||||false|false\" global_colors_info=\"{}\"][et_pb_column type=\"1_2\" _builder_version=\"4.16\" custom_padding=\"|||\" global_colors_info=\"{}\" custom_padding__hover=\"|||\"][et_pb_wc_images _builder_version=\"4.16\" global_colors_info=\"{}\"][\/et_pb_wc_images][\/et_pb_column][et_pb_column type=\"1_2\" _builder_version=\"4.16\" custom_padding=\"|||\" global_colors_info=\"{}\" custom_padding__hover=\"|||\"][et_pb_wc_title _builder_version=\"4.16\" header_font=\"|600|||||||\" global_colors_info=\"{}\"][\/et_pb_wc_title][et_pb_wc_rating _builder_version=\"4.16\" global_colors_info=\"{}\"][\/et_pb_wc_rating][et_pb_wc_price _builder_version=\"4.16\" body_font=\"|600|on||||||\" body_text_color=\"#515151\" global_colors_info=\"{}\"][\/et_pb_wc_price][et_pb_wc_description _builder_version=\"4.16\" body_font=\"||||||||\" header_3_font=\"|600|||||||\" header_3_line_height=\"1.2em\" global_colors_info=\"{}\"][\/et_pb_wc_description][et_pb_wc_add_to_cart _builder_version=\"4.16\" custom_button=\"on\" button_text_size=\"18px\" button_text_color=\"#FFFFFF\" button_font=\"|600|||||||\" global_colors_info=\"{}\"][\/et_pb_wc_add_to_cart][et_pb_wc_meta _builder_version=\"4.16\" global_colors_info=\"{}\"][\/et_pb_wc_meta][\/et_pb_column][\/et_pb_row][et_pb_row _builder_version=\"4.14.5\" _module_preset=\"default\" global_module=\"21347\" global_colors_info=\"{}\"][et_pb_column type=\"4_4\" _builder_version=\"4.16\" _module_preset=\"default\" global_colors_info=\"{}\"][et_pb_button button_url=\"https:\/\/www.villadisotto.it\/fr\/contacts-villa-di-sotto\/\" button_text=\"Contact us for more information\" button_alignment=\"center\" _builder_version=\"4.16\" _module_preset=\"default\" custom_button=\"on\" button_bg_color=\"#005b04\" button_font=\"|700|||||||\" global_colors_info=\"{}\"][\/et_pb_button][\/et_pb_column][\/et_pb_row][et_pb_row _builder_version=\"4.16\" background_size=\"initial\" background_position=\"top_left\" background_repeat=\"repeat\" width=\"100%\" global_colors_info=\"{}\"][et_pb_column type=\"4_4\" _builder_version=\"4.16\" custom_padding=\"|||\" global_colors_info=\"{}\" custom_padding__hover=\"|||\"][et_pb_wc_tabs disabled_on=\"on|on|on\" _builder_version=\"4.16\" disabled global_colors_info=\"{}\"] [\/et_pb_wc_tabs][et_pb_wc_upsells _builder_version=\"4.16\" global_colors_info=\"{}\"][\/et_pb_wc_upsells][\/et_pb_column][\/et_pb_row][\/et_pb_section]<\/p>\n","protected":false},"excerpt":{"rendered":"<h3>Ch\u00e8que Cadeau \u00cele du bien-\u00eatre utilisation exclusive de 2 heures<br \/>\n<em>(sur r\u00e9servation uniquement)<\/em><\/h3>\n<p><strong>Jacuzzi ext\u00e9rieur pr\u00e8s de l'oliveraie <\/strong>avec une vue panoramique<\/p>\n<ul>\n<li>chaises longues et parasols<\/li>\n<li>salle de bain\/douche<\/li>\n<li>location de serviettes et\/ou de peignoirs sur demande et avec suppl\u00e9ment<\/li>\n<li>wifi gratuit<\/li>\n<\/ul>\n<blockquote><p>Le prix est pour 3 personnes.<br \/>\nImprimez ou montrez sur votre smartphone \u00e0 votre arriv\u00e9e votre ch\u00e8que cadeau que vous recevrez par e-mail.<\/p><\/blockquote>\n<p><em>Valable pendant 1 an \u00e0 partir de la date d'achat.<\/em><\/p>\n","protected":false},"featured_media":19281,"comment_status":"closed","ping_status":"closed","template":"","meta":{"_et_pb_use_builder":"on","_et_pb_old_content":"","_et_gb_content_width":""},"product_brand":[],"product_cat":[152,155],"product_tag":[],"class_list":{"0":"post-18285","1":"product","2":"type-product","3":"status-publish","4":"has-post-thumbnail","6":"product_cat-cheque-cadeau","7":"product_cat-cheque-cadeau-x3","9":"first","10":"instock","11":"downloadable","12":"virtual","13":"purchasable","14":"product-type-simple"},"yoast_head":"<!-- This site is optimized with the Yoast SEO plugin v27.2 - https:\/\/yoast.com\/product\/yoast-seo-wordpress\/ -->\n<title>\u00cele X3 - Bed and Breakfast Villa di Sotto, \u00e0 20 km de Sienne<\/title>\n<meta name=\"description\" content=\"\u00cele X3 | Ch\u00e8que Cadeau \u00cele du bien-\u00eatre utilisation exclusive de 2 heures sur r\u00e9servation uniquement | Jacuzzi ext\u00e9rieur pr\u00e8s de l&#039;oliveraie avec...\" \/>\n<meta name=\"robots\" content=\"index, follow, max-snippet:-1, max-image-preview:large, max-video-preview:-1\" \/>\n<link rel=\"canonical\" href=\"https:\/\/www.villadisotto.it\/prodotto\/isola-x3\/\" \/>\n<meta property=\"og:locale\" content=\"fr_FR\" \/>\n<meta property=\"og:type\" content=\"article\" \/>\n<meta property=\"og:title\" content=\"\u00cele X3 - Bed and Breakfast Villa di Sotto, \u00e0 20 km de Sienne\" \/>\n<meta property=\"og:description\" content=\"\u00cele X3 | Ch\u00e8que Cadeau \u00cele du bien-\u00eatre utilisation exclusive de 2 heures sur r\u00e9servation uniquement | Jacuzzi ext\u00e9rieur pr\u00e8s de l&#039;oliveraie avec...\" \/>\n<meta property=\"og:url\" content=\"https:\/\/www.villadisotto.it\/prodotto\/isola-x3\/\" \/>\n<meta property=\"og:site_name\" content=\"Villa di Sotto\" \/>\n<meta property=\"article:modified_time\" content=\"2024-01-31T16:39:47+00:00\" \/>\n<meta property=\"og:image\" content=\"https:\/\/www.villadisotto.it\/wp-content\/uploads\/2021\/10\/VOUCHER-PERSONALIZZATI-ISOLA-COPERTINA-2-1.png\" \/>\n\t<meta property=\"og:image:width\" content=\"1080\" \/>\n\t<meta property=\"og:image:height\" content=\"1080\" \/>\n\t<meta property=\"og:image:type\" content=\"image\/png\" \/>\n<meta name=\"twitter:card\" content=\"summary_large_image\" \/>\n<meta name=\"twitter:label1\" content=\"Dur\u00e9e de lecture estim\u00e9e\" \/>\n\t<meta name=\"twitter:data1\" content=\"2 minutes\" \/>\n<script type=\"application\/ld+json\" class=\"yoast-schema-graph\">{\"@context\":\"https:\/\/schema.org\",\"@graph\":[{\"@type\":\"WebPage\",\"@id\":\"https:\/\/www.villadisotto.it\/prodotto\/isola-x3\/\",\"url\":\"https:\/\/www.villadisotto.it\/prodotto\/isola-x3\/\",\"name\":\"\u00cele X3 - Bed and Breakfast Villa di Sotto, \u00e0 20 km de Sienne\",\"isPartOf\":{\"@id\":\"https:\/\/www.villadisotto.it\/#website\"},\"primaryImageOfPage\":{\"@id\":\"https:\/\/www.villadisotto.it\/prodotto\/isola-x3\/#primaryimage\"},\"image\":{\"@id\":\"https:\/\/www.villadisotto.it\/prodotto\/isola-x3\/#primaryimage\"},\"thumbnailUrl\":\"https:\/\/www.villadisotto.it\/wp-content\/uploads\/2021\/10\/VOUCHER-PERSONALIZZATI-ISOLA-COPERTINA-2-1.png\",\"datePublished\":\"2021-09-11T14:31:58+00:00\",\"dateModified\":\"2024-01-31T16:39:47+00:00\",\"description\":\"\u00cele X3 | Ch\u00e8que Cadeau \u00cele du bien-\u00eatre utilisation exclusive de 2 heures sur r\u00e9servation uniquement | Jacuzzi ext\u00e9rieur pr\u00e8s de l'oliveraie avec...\",\"breadcrumb\":{\"@id\":\"https:\/\/www.villadisotto.it\/prodotto\/isola-x3\/#breadcrumb\"},\"inLanguage\":\"fr-FR\",\"potentialAction\":[{\"@type\":\"ReadAction\",\"target\":[\"https:\/\/www.villadisotto.it\/prodotto\/isola-x3\/\"]}]},{\"@type\":\"ImageObject\",\"inLanguage\":\"fr-FR\",\"@id\":\"https:\/\/www.villadisotto.it\/prodotto\/isola-x3\/#primaryimage\",\"url\":\"https:\/\/www.villadisotto.it\/wp-content\/uploads\/2021\/10\/VOUCHER-PERSONALIZZATI-ISOLA-COPERTINA-2-1.png\",\"contentUrl\":\"https:\/\/www.villadisotto.it\/wp-content\/uploads\/2021\/10\/VOUCHER-PERSONALIZZATI-ISOLA-COPERTINA-2-1.png\",\"width\":1080,\"height\":1080,\"caption\":\"\u00cele du bien-\u00eatre - Villa di Sotto\"},{\"@type\":\"BreadcrumbList\",\"@id\":\"https:\/\/www.villadisotto.it\/prodotto\/isola-x3\/#breadcrumb\",\"itemListElement\":[{\"@type\":\"ListItem\",\"position\":1,\"name\":\"Home\",\"item\":\"https:\/\/www.villadisotto.it\/\"},{\"@type\":\"ListItem\",\"position\":2,\"name\":\"Privat: Shop\",\"item\":\"https:\/\/www.villadisotto.it\/?page_id=12711\"},{\"@type\":\"ListItem\",\"position\":3,\"name\":\"\u00cele X3\"}]},{\"@type\":\"WebSite\",\"@id\":\"https:\/\/www.villadisotto.it\/#website\",\"url\":\"https:\/\/www.villadisotto.it\/\",\"name\":\"Villa di Sotto\",\"description\":\"Il cuore del Chianti\",\"potentialAction\":[{\"@type\":\"SearchAction\",\"target\":{\"@type\":\"EntryPoint\",\"urlTemplate\":\"https:\/\/www.villadisotto.it\/?s={search_term_string}\"},\"query-input\":{\"@type\":\"PropertyValueSpecification\",\"valueRequired\":true,\"valueName\":\"search_term_string\"}}],\"inLanguage\":\"fr-FR\"}]}<\/script>\n<!-- \/ Yoast SEO plugin. -->","yoast_head_json":{"title":"\u00cele X3 - Bed and Breakfast Villa di Sotto, \u00e0 20 km de Sienne","description":"\u00cele X3 | Ch\u00e8que Cadeau \u00cele du bien-\u00eatre utilisation exclusive de 2 heures sur r\u00e9servation uniquement | Jacuzzi ext\u00e9rieur pr\u00e8s de l'oliveraie avec...","robots":{"index":"index","follow":"follow","max-snippet":"max-snippet:-1","max-image-preview":"max-image-preview:large","max-video-preview":"max-video-preview:-1"},"canonical":"https:\/\/www.villadisotto.it\/prodotto\/isola-x3\/","og_locale":"fr_FR","og_type":"article","og_title":"\u00cele X3 - Bed and Breakfast Villa di Sotto, \u00e0 20 km de Sienne","og_description":"\u00cele X3 | Ch\u00e8que Cadeau \u00cele du bien-\u00eatre utilisation exclusive de 2 heures sur r\u00e9servation uniquement | Jacuzzi ext\u00e9rieur pr\u00e8s de l'oliveraie avec...","og_url":"https:\/\/www.villadisotto.it\/prodotto\/isola-x3\/","og_site_name":"Villa di Sotto","article_modified_time":"2024-01-31T16:39:47+00:00","og_image":[{"width":1080,"height":1080,"url":"https:\/\/www.villadisotto.it\/wp-content\/uploads\/2021\/10\/VOUCHER-PERSONALIZZATI-ISOLA-COPERTINA-2-1.png","type":"image\/png"}],"twitter_card":"summary_large_image","twitter_misc":{"Dur\u00e9e de lecture estim\u00e9e":"2 minutes"},"schema":{"@context":"https:\/\/schema.org","@graph":[{"@type":"WebPage","@id":"https:\/\/www.villadisotto.it\/prodotto\/isola-x3\/","url":"https:\/\/www.villadisotto.it\/prodotto\/isola-x3\/","name":"\u00cele X3 - Bed and Breakfast Villa di Sotto, \u00e0 20 km de Sienne","isPartOf":{"@id":"https:\/\/www.villadisotto.it\/#website"},"primaryImageOfPage":{"@id":"https:\/\/www.villadisotto.it\/prodotto\/isola-x3\/#primaryimage"},"image":{"@id":"https:\/\/www.villadisotto.it\/prodotto\/isola-x3\/#primaryimage"},"thumbnailUrl":"https:\/\/www.villadisotto.it\/wp-content\/uploads\/2021\/10\/VOUCHER-PERSONALIZZATI-ISOLA-COPERTINA-2-1.png","datePublished":"2021-09-11T14:31:58+00:00","dateModified":"2024-01-31T16:39:47+00:00","description":"\u00cele X3 | Ch\u00e8que Cadeau \u00cele du bien-\u00eatre utilisation exclusive de 2 heures sur r\u00e9servation uniquement | Jacuzzi ext\u00e9rieur pr\u00e8s de l'oliveraie avec...","breadcrumb":{"@id":"https:\/\/www.villadisotto.it\/prodotto\/isola-x3\/#breadcrumb"},"inLanguage":"fr-FR","potentialAction":[{"@type":"ReadAction","target":["https:\/\/www.villadisotto.it\/prodotto\/isola-x3\/"]}]},{"@type":"ImageObject","inLanguage":"fr-FR","@id":"https:\/\/www.villadisotto.it\/prodotto\/isola-x3\/#primaryimage","url":"https:\/\/www.villadisotto.it\/wp-content\/uploads\/2021\/10\/VOUCHER-PERSONALIZZATI-ISOLA-COPERTINA-2-1.png","contentUrl":"https:\/\/www.villadisotto.it\/wp-content\/uploads\/2021\/10\/VOUCHER-PERSONALIZZATI-ISOLA-COPERTINA-2-1.png","width":1080,"height":1080,"caption":"\u00cele du bien-\u00eatre - Villa di Sotto"},{"@type":"BreadcrumbList","@id":"https:\/\/www.villadisotto.it\/prodotto\/isola-x3\/#breadcrumb","itemListElement":[{"@type":"ListItem","position":1,"name":"Home","item":"https:\/\/www.villadisotto.it\/"},{"@type":"ListItem","position":2,"name":"Privat: Shop","item":"https:\/\/www.villadisotto.it\/?page_id=12711"},{"@type":"ListItem","position":3,"name":"\u00cele X3"}]},{"@type":"WebSite","@id":"https:\/\/www.villadisotto.it\/#website","url":"https:\/\/www.villadisotto.it\/","name":"Villa di Sotto","description":"Il cuore del Chianti","potentialAction":[{"@type":"SearchAction","target":{"@type":"EntryPoint","urlTemplate":"https:\/\/www.villadisotto.it\/?s={search_term_string}"},"query-input":{"@type":"PropertyValueSpecification","valueRequired":true,"valueName":"search_term_string"}}],"inLanguage":"fr-FR"}]}},"_links":{"self":[{"href":"https:\/\/www.villadisotto.it\/fr\/wp-json\/wp\/v2\/product\/18285","targetHints":{"allow":["GET"]}}],"collection":[{"href":"https:\/\/www.villadisotto.it\/fr\/wp-json\/wp\/v2\/product"}],"about":[{"href":"https:\/\/www.villadisotto.it\/fr\/wp-json\/wp\/v2\/types\/product"}],"replies":[{"embeddable":true,"href":"https:\/\/www.villadisotto.it\/fr\/wp-json\/wp\/v2\/comments?post=18285"}],"wp:featuredmedia":[{"embeddable":true,"href":"https:\/\/www.villadisotto.it\/fr\/wp-json\/wp\/v2\/media\/19281"}],"wp:attachment":[{"href":"https:\/\/www.villadisotto.it\/fr\/wp-json\/wp\/v2\/media?parent=18285"}],"wp:term":[{"taxonomy":"product_brand","embeddable":true,"href":"https:\/\/www.villadisotto.it\/fr\/wp-json\/wp\/v2\/product_brand?post=18285"},{"taxonomy":"product_cat","embeddable":true,"href":"https:\/\/www.villadisotto.it\/fr\/wp-json\/wp\/v2\/product_cat?post=18285"},{"taxonomy":"product_tag","embeddable":true,"href":"https:\/\/www.villadisotto.it\/fr\/wp-json\/wp\/v2\/product_tag?post=18285"}],"curies":[{"name":"wp","href":"https:\/\/api.w.org\/{rel}","templated":true}]}}