{"id":13886,"date":"2021-03-07T09:00:41","date_gmt":"2021-03-02T09:46:09","guid":{"rendered":"https:\/\/www.villadisotto.it\/prodotto\/on-cuisine-ensemble-premier-plat-et-dessert\/"},"modified":"2022-01-21T12:03:23","modified_gmt":"2022-01-21T11:03:23","slug":"on-cuisine-ensemble-premier-plat-et-dessert","status":"publish","type":"product","link":"https:\/\/www.villadisotto.it\/fr\/prodotto\/on-cuisine-ensemble-premier-plat-et-dessert\/","title":{"rendered":"On cuisine ensemble: premier plat et dessert"},"content":{"rendered":"<p>[et_pb_section fb_built=\"1\" _builder_version=\"3.22\" custom_padding=\"0px||||false|false\" global_colors_info=\"{}\"][et_pb_row _builder_version=\"3.25\" background_size=\"initial\" background_position=\"top_left\" background_repeat=\"repeat\" width=\"100%\" custom_padding=\"0px||0px||false|false\" global_colors_info=\"{}\"][et_pb_column type=\"4_4\" _builder_version=\"3.25\" custom_padding=\"|||\" global_colors_info=\"{}\" custom_padding__hover=\"|||\"][et_pb_wc_breadcrumb _builder_version=\"3.0.47\" global_colors_info=\"{}\"][\/et_pb_wc_breadcrumb][et_pb_wc_cart_notice _builder_version=\"3.0.47\" global_colors_info=\"{}\"][\/et_pb_wc_cart_notice][\/et_pb_column][\/et_pb_row][et_pb_row column_structure=\"1_2,1_2\" _builder_version=\"3.25\" background_size=\"initial\" background_position=\"top_left\" background_repeat=\"repeat\" width=\"100%\" custom_padding=\"0px||||false|false\" global_colors_info=\"{}\"][et_pb_column type=\"1_2\" _builder_version=\"3.25\" custom_padding=\"|||\" global_colors_info=\"{}\" custom_padding__hover=\"|||\"][et_pb_wc_images _builder_version=\"3.0.47\" global_colors_info=\"{}\"][\/et_pb_wc_images][\/et_pb_column][et_pb_column type=\"1_2\" _builder_version=\"3.25\" custom_padding=\"|||\" global_colors_info=\"{}\" custom_padding__hover=\"|||\"][et_pb_wc_title _builder_version=\"4.8.2\" header_font=\"|600|||||||\" global_colors_info=\"{}\"][\/et_pb_wc_title][et_pb_wc_rating _builder_version=\"3.0.47\" global_colors_info=\"{}\"][\/et_pb_wc_rating][et_pb_wc_price _builder_version=\"4.8.2\" body_font=\"|600|on||||||\" body_text_color=\"#515151\" global_colors_info=\"{}\"][\/et_pb_wc_price][et_pb_wc_description _builder_version=\"4.8.2\" body_font=\"||||||||\" header_3_font=\"|600|||||||\" header_3_line_height=\"1.2em\" global_colors_info=\"{}\"][\/et_pb_wc_description][et_pb_wc_add_to_cart _builder_version=\"4.8.2\" custom_button=\"on\" button_text_size=\"18px\" button_text_color=\"#FFFFFF\" button_font=\"|600|||||||\" global_colors_info=\"{}\"][\/et_pb_wc_add_to_cart][et_pb_wc_meta _builder_version=\"3.0.47\" global_colors_info=\"{}\"][\/et_pb_wc_meta][\/et_pb_column][\/et_pb_row][et_pb_row _builder_version=\"3.25\" background_size=\"initial\" background_position=\"top_left\" background_repeat=\"repeat\" width=\"100%\" global_colors_info=\"{}\"][et_pb_column type=\"4_4\" _builder_version=\"3.25\" custom_padding=\"|||\" global_colors_info=\"{}\" custom_padding__hover=\"|||\"][et_pb_wc_tabs disabled_on=\"on|on|on\" _builder_version=\"3.0.47\" disabled global_colors_info=\"{}\"]\t\t\t\t\t[\/et_pb_wc_tabs][et_pb_wc_upsells _builder_version=\"3.0.47\" global_colors_info=\"{}\"][\/et_pb_wc_upsells][et_pb_wc_related_products _builder_version=\"3.0.47\" global_colors_info=\"{}\"][\/et_pb_wc_related_products][\/et_pb_column][\/et_pb_row][\/et_pb_section]<\/p>\n","protected":false},"excerpt":{"rendered":"<h3>Cours de cuisine toscane typique<br \/>\n<em>(sur r\u00e9servation uniquement)<\/em><\/h3>\n<p><strong>Vous pouvez apprendre \u00e0 pr\u00e9parer une entr\u00e9e et un dessert \u00e0 partir des recettes de la cuisine toscane typique,<\/strong> avec des produits locaux et de saison.<\/p>\n<ul>\n<li>une cuisine panoramique avec tous les outils n\u00e9cessaires<\/li>\n<li>un professeur exclusif pendant 2 heures<\/li>\n<li>des vins locaux pour accompagner vos plats<\/li>\n<li>wifi gratuit<\/li>\n<\/ul>\n<p>\u00c0 la fin du cours de cuisine, <strong>vous pourrez d\u00e9guster les plats que vous avez cr\u00e9\u00e9s, dans la cuisine elle-m\u00eame ou sur la terrasse du restaurant avec une vue magnifique sur les vignes et les oliveraies.<\/strong><\/p>\n<blockquote><p>Le prix est pour 2 personnes.<br \/>\nLes horaires et jours du cours de cuisine seront convenus au moment de la r\u00e9servation. Imprimez ou montrez sur votre smartphone \u00e0 votre arriv\u00e9e votre ch\u00e8que cadeau que vous recevrez par e-mail.<\/p><\/blockquote>\n<p><em>Valable pendant 1 an \u00e0 partir de la date d'achat.<\/em><\/p>\n","protected":false},"featured_media":13069,"comment_status":"closed","ping_status":"closed","template":"","meta":{"_et_pb_use_builder":"on","_et_pb_old_content":"","_et_gb_content_width":""},"product_brand":[],"product_cat":[126],"product_tag":[],"class_list":{"0":"post-13886","1":"product","2":"type-product","3":"status-publish","4":"has-post-thumbnail","6":"product_cat-ecole-de-cuisine","8":"first","9":"instock","10":"downloadable","11":"virtual","12":"purchasable","13":"product-type-simple"},"yoast_head":"<!-- This site is optimized with the Yoast SEO plugin v27.2 - https:\/\/yoast.com\/product\/yoast-seo-wordpress\/ -->\n<title>On cuisine ensemble: premier plat et dessert - Bed and Breakfast Villa di Sotto<\/title>\n<meta name=\"description\" content=\"On cuisine ensemble: premier plat et dessert | Cours de cuisine toscane typique sur r\u00e9servation uniquement | Vous pouvez apprendre \u00e0...\" \/>\n<meta name=\"robots\" content=\"index, follow, max-snippet:-1, max-image-preview:large, max-video-preview:-1\" \/>\n<link rel=\"canonical\" href=\"https:\/\/www.villadisotto.it\/fr\/prodotto\/on-cuisine-ensemble-premier-plat-et-dessert\/\" \/>\n<meta property=\"og:locale\" content=\"fr_FR\" \/>\n<meta property=\"og:type\" content=\"article\" \/>\n<meta property=\"og:title\" content=\"On cuisine ensemble: premier plat et dessert - Bed and Breakfast Villa di Sotto\" \/>\n<meta property=\"og:description\" content=\"On cuisine ensemble: premier plat et dessert | Cours de cuisine toscane typique sur r\u00e9servation uniquement | Vous pouvez apprendre \u00e0...\" \/>\n<meta property=\"og:url\" content=\"https:\/\/www.villadisotto.it\/fr\/prodotto\/on-cuisine-ensemble-premier-plat-et-dessert\/\" \/>\n<meta property=\"og:site_name\" content=\"Villa di Sotto\" \/>\n<meta property=\"article:modified_time\" content=\"2022-01-21T11:03:23+00:00\" \/>\n<meta property=\"og:image\" content=\"https:\/\/www.villadisotto.it\/wp-content\/uploads\/2021\/02\/cantuccini.jpg\" \/>\n\t<meta property=\"og:image:width\" content=\"1080\" \/>\n\t<meta property=\"og:image:height\" content=\"1080\" \/>\n\t<meta property=\"og:image:type\" content=\"image\/jpeg\" \/>\n<meta name=\"twitter:card\" content=\"summary_large_image\" \/>\n<meta name=\"twitter:label1\" content=\"Dur\u00e9e de lecture estim\u00e9e\" \/>\n\t<meta name=\"twitter:data1\" content=\"2 minutes\" \/>\n<script type=\"application\/ld+json\" class=\"yoast-schema-graph\">{\"@context\":\"https:\/\/schema.org\",\"@graph\":[{\"@type\":\"WebPage\",\"@id\":\"https:\/\/www.villadisotto.it\/fr\/prodotto\/on-cuisine-ensemble-premier-plat-et-dessert\/\",\"url\":\"https:\/\/www.villadisotto.it\/fr\/prodotto\/on-cuisine-ensemble-premier-plat-et-dessert\/\",\"name\":\"On cuisine ensemble: premier plat et dessert - Bed and Breakfast Villa di Sotto\",\"isPartOf\":{\"@id\":\"https:\/\/www.villadisotto.it\/#website\"},\"primaryImageOfPage\":{\"@id\":\"https:\/\/www.villadisotto.it\/fr\/prodotto\/on-cuisine-ensemble-premier-plat-et-dessert\/#primaryimage\"},\"image\":{\"@id\":\"https:\/\/www.villadisotto.it\/fr\/prodotto\/on-cuisine-ensemble-premier-plat-et-dessert\/#primaryimage\"},\"thumbnailUrl\":\"https:\/\/www.villadisotto.it\/wp-content\/uploads\/2021\/02\/cantuccini.jpg\",\"datePublished\":\"2021-03-02T09:46:09+00:00\",\"dateModified\":\"2022-01-21T11:03:23+00:00\",\"description\":\"On cuisine ensemble: premier plat et dessert | Cours de cuisine toscane typique sur r\u00e9servation uniquement | Vous pouvez apprendre \u00e0...\",\"breadcrumb\":{\"@id\":\"https:\/\/www.villadisotto.it\/fr\/prodotto\/on-cuisine-ensemble-premier-plat-et-dessert\/#breadcrumb\"},\"inLanguage\":\"fr-FR\",\"potentialAction\":[{\"@type\":\"ReadAction\",\"target\":[\"https:\/\/www.villadisotto.it\/fr\/prodotto\/on-cuisine-ensemble-premier-plat-et-dessert\/\"]}]},{\"@type\":\"ImageObject\",\"inLanguage\":\"fr-FR\",\"@id\":\"https:\/\/www.villadisotto.it\/fr\/prodotto\/on-cuisine-ensemble-premier-plat-et-dessert\/#primaryimage\",\"url\":\"https:\/\/www.villadisotto.it\/wp-content\/uploads\/2021\/02\/cantuccini.jpg\",\"contentUrl\":\"https:\/\/www.villadisotto.it\/wp-content\/uploads\/2021\/02\/cantuccini.jpg\",\"width\":1080,\"height\":1080,\"caption\":\"Voucher cuciniamo insieme primo e dolce - Villa di Sotto\"},{\"@type\":\"BreadcrumbList\",\"@id\":\"https:\/\/www.villadisotto.it\/fr\/prodotto\/on-cuisine-ensemble-premier-plat-et-dessert\/#breadcrumb\",\"itemListElement\":[{\"@type\":\"ListItem\",\"position\":1,\"name\":\"Home\",\"item\":\"https:\/\/www.villadisotto.it\/\"},{\"@type\":\"ListItem\",\"position\":2,\"name\":\"Privat: Shop\",\"item\":\"https:\/\/www.villadisotto.it\/?page_id=12711\"},{\"@type\":\"ListItem\",\"position\":3,\"name\":\"On cuisine ensemble: premier plat et dessert\"}]},{\"@type\":\"WebSite\",\"@id\":\"https:\/\/www.villadisotto.it\/#website\",\"url\":\"https:\/\/www.villadisotto.it\/\",\"name\":\"Villa di Sotto\",\"description\":\"Il cuore del Chianti\",\"potentialAction\":[{\"@type\":\"SearchAction\",\"target\":{\"@type\":\"EntryPoint\",\"urlTemplate\":\"https:\/\/www.villadisotto.it\/?s={search_term_string}\"},\"query-input\":{\"@type\":\"PropertyValueSpecification\",\"valueRequired\":true,\"valueName\":\"search_term_string\"}}],\"inLanguage\":\"fr-FR\"}]}<\/script>\n<!-- \/ Yoast SEO plugin. -->","yoast_head_json":{"title":"On cuisine ensemble: premier plat et dessert - Bed and Breakfast Villa di Sotto","description":"On cuisine ensemble: premier plat et dessert | Cours de cuisine toscane typique sur r\u00e9servation uniquement | Vous pouvez apprendre \u00e0...","robots":{"index":"index","follow":"follow","max-snippet":"max-snippet:-1","max-image-preview":"max-image-preview:large","max-video-preview":"max-video-preview:-1"},"canonical":"https:\/\/www.villadisotto.it\/fr\/prodotto\/on-cuisine-ensemble-premier-plat-et-dessert\/","og_locale":"fr_FR","og_type":"article","og_title":"On cuisine ensemble: premier plat et dessert - Bed and Breakfast Villa di Sotto","og_description":"On cuisine ensemble: premier plat et dessert | Cours de cuisine toscane typique sur r\u00e9servation uniquement | Vous pouvez apprendre \u00e0...","og_url":"https:\/\/www.villadisotto.it\/fr\/prodotto\/on-cuisine-ensemble-premier-plat-et-dessert\/","og_site_name":"Villa di Sotto","article_modified_time":"2022-01-21T11:03:23+00:00","og_image":[{"width":1080,"height":1080,"url":"https:\/\/www.villadisotto.it\/wp-content\/uploads\/2021\/02\/cantuccini.jpg","type":"image\/jpeg"}],"twitter_card":"summary_large_image","twitter_misc":{"Dur\u00e9e de lecture estim\u00e9e":"2 minutes"},"schema":{"@context":"https:\/\/schema.org","@graph":[{"@type":"WebPage","@id":"https:\/\/www.villadisotto.it\/fr\/prodotto\/on-cuisine-ensemble-premier-plat-et-dessert\/","url":"https:\/\/www.villadisotto.it\/fr\/prodotto\/on-cuisine-ensemble-premier-plat-et-dessert\/","name":"On cuisine ensemble: premier plat et dessert - Bed and Breakfast Villa di Sotto","isPartOf":{"@id":"https:\/\/www.villadisotto.it\/#website"},"primaryImageOfPage":{"@id":"https:\/\/www.villadisotto.it\/fr\/prodotto\/on-cuisine-ensemble-premier-plat-et-dessert\/#primaryimage"},"image":{"@id":"https:\/\/www.villadisotto.it\/fr\/prodotto\/on-cuisine-ensemble-premier-plat-et-dessert\/#primaryimage"},"thumbnailUrl":"https:\/\/www.villadisotto.it\/wp-content\/uploads\/2021\/02\/cantuccini.jpg","datePublished":"2021-03-02T09:46:09+00:00","dateModified":"2022-01-21T11:03:23+00:00","description":"On cuisine ensemble: premier plat et dessert | Cours de cuisine toscane typique sur r\u00e9servation uniquement | Vous pouvez apprendre \u00e0...","breadcrumb":{"@id":"https:\/\/www.villadisotto.it\/fr\/prodotto\/on-cuisine-ensemble-premier-plat-et-dessert\/#breadcrumb"},"inLanguage":"fr-FR","potentialAction":[{"@type":"ReadAction","target":["https:\/\/www.villadisotto.it\/fr\/prodotto\/on-cuisine-ensemble-premier-plat-et-dessert\/"]}]},{"@type":"ImageObject","inLanguage":"fr-FR","@id":"https:\/\/www.villadisotto.it\/fr\/prodotto\/on-cuisine-ensemble-premier-plat-et-dessert\/#primaryimage","url":"https:\/\/www.villadisotto.it\/wp-content\/uploads\/2021\/02\/cantuccini.jpg","contentUrl":"https:\/\/www.villadisotto.it\/wp-content\/uploads\/2021\/02\/cantuccini.jpg","width":1080,"height":1080,"caption":"Voucher cuciniamo insieme primo e dolce - Villa di Sotto"},{"@type":"BreadcrumbList","@id":"https:\/\/www.villadisotto.it\/fr\/prodotto\/on-cuisine-ensemble-premier-plat-et-dessert\/#breadcrumb","itemListElement":[{"@type":"ListItem","position":1,"name":"Home","item":"https:\/\/www.villadisotto.it\/"},{"@type":"ListItem","position":2,"name":"Privat: Shop","item":"https:\/\/www.villadisotto.it\/?page_id=12711"},{"@type":"ListItem","position":3,"name":"On cuisine ensemble: premier plat et dessert"}]},{"@type":"WebSite","@id":"https:\/\/www.villadisotto.it\/#website","url":"https:\/\/www.villadisotto.it\/","name":"Villa di Sotto","description":"Il cuore del Chianti","potentialAction":[{"@type":"SearchAction","target":{"@type":"EntryPoint","urlTemplate":"https:\/\/www.villadisotto.it\/?s={search_term_string}"},"query-input":{"@type":"PropertyValueSpecification","valueRequired":true,"valueName":"search_term_string"}}],"inLanguage":"fr-FR"}]}},"_links":{"self":[{"href":"https:\/\/www.villadisotto.it\/fr\/wp-json\/wp\/v2\/product\/13886","targetHints":{"allow":["GET"]}}],"collection":[{"href":"https:\/\/www.villadisotto.it\/fr\/wp-json\/wp\/v2\/product"}],"about":[{"href":"https:\/\/www.villadisotto.it\/fr\/wp-json\/wp\/v2\/types\/product"}],"replies":[{"embeddable":true,"href":"https:\/\/www.villadisotto.it\/fr\/wp-json\/wp\/v2\/comments?post=13886"}],"wp:featuredmedia":[{"embeddable":true,"href":"https:\/\/www.villadisotto.it\/fr\/wp-json\/wp\/v2\/media\/13069"}],"wp:attachment":[{"href":"https:\/\/www.villadisotto.it\/fr\/wp-json\/wp\/v2\/media?parent=13886"}],"wp:term":[{"taxonomy":"product_brand","embeddable":true,"href":"https:\/\/www.villadisotto.it\/fr\/wp-json\/wp\/v2\/product_brand?post=13886"},{"taxonomy":"product_cat","embeddable":true,"href":"https:\/\/www.villadisotto.it\/fr\/wp-json\/wp\/v2\/product_cat?post=13886"},{"taxonomy":"product_tag","embeddable":true,"href":"https:\/\/www.villadisotto.it\/fr\/wp-json\/wp\/v2\/product_tag?post=13886"}],"curies":[{"name":"wp","href":"https:\/\/api.w.org\/{rel}","templated":true}]}}