{"id":13885,"date":"2021-03-04T10:00:49","date_gmt":"2021-03-04T09:00:49","guid":{"rendered":"https:\/\/www.villadisotto.it\/prodotto\/detente-et-gout\/"},"modified":"2025-12-23T11:42:14","modified_gmt":"2025-12-23T10:42:14","slug":"detente-et-gout","status":"publish","type":"product","link":"https:\/\/www.villadisotto.it\/fr\/prodotto\/detente-et-gout\/","title":{"rendered":"D\u00e9tente et Go\u00fbt"},"content":{"rendered":"<p>[et_pb_section fb_built=\"1\" _builder_version=\"4.16\" custom_padding=\"0px||||false|false\" global_colors_info=\"{}\"][et_pb_row _builder_version=\"4.16\" background_size=\"initial\" background_position=\"top_left\" background_repeat=\"repeat\" width=\"100%\" custom_padding=\"0px||0px||false|false\" global_colors_info=\"{}\"][et_pb_column type=\"4_4\" _builder_version=\"4.16\" custom_padding=\"|||\" global_colors_info=\"{}\" custom_padding__hover=\"|||\"][et_pb_wc_breadcrumb _builder_version=\"4.16\" global_colors_info=\"{}\"][\/et_pb_wc_breadcrumb][et_pb_wc_cart_notice _builder_version=\"4.16\" global_colors_info=\"{}\"][\/et_pb_wc_cart_notice][\/et_pb_column][\/et_pb_row][et_pb_row column_structure=\"1_2,1_2\" _builder_version=\"4.16\" background_size=\"initial\" background_position=\"top_left\" background_repeat=\"repeat\" width=\"100%\" custom_padding=\"0px||||false|false\" global_colors_info=\"{}\"][et_pb_column type=\"1_2\" _builder_version=\"4.16\" custom_padding=\"|||\" global_colors_info=\"{}\" custom_padding__hover=\"|||\"][et_pb_wc_images _builder_version=\"4.16\" global_colors_info=\"{}\"][\/et_pb_wc_images][\/et_pb_column][et_pb_column type=\"1_2\" _builder_version=\"4.16\" custom_padding=\"|||\" global_colors_info=\"{}\" custom_padding__hover=\"|||\"][et_pb_wc_title _builder_version=\"4.16\" header_font=\"|600|||||||\" global_colors_info=\"{}\"][\/et_pb_wc_title][et_pb_wc_rating _builder_version=\"4.16\" global_colors_info=\"{}\"][\/et_pb_wc_rating][et_pb_wc_price _builder_version=\"4.16\" body_font=\"|600|on||||||\" body_text_color=\"#515151\" custom_margin=\"||10px|||\" global_colors_info=\"{}\"][\/et_pb_wc_price][et_pb_text _builder_version=\"4.17.4\" _module_preset=\"default\" text_font=\"||||on||||\" text_text_color=\"#595959\" text_font_size=\"13px\" locked=\"off\" global_colors_info=\"{}\"]<\/p>\n<p><strong>PRIX POUR 2 PERSONNES<\/strong><\/p>\n<p>[\/et_pb_text][et_pb_wc_description _builder_version=\"4.16\" body_font=\"||||||||\" header_3_font=\"|600|||||||\" header_3_line_height=\"1.2em\" global_colors_info=\"{}\"][\/et_pb_wc_description][et_pb_wc_add_to_cart _builder_version=\"4.16\" custom_button=\"on\" button_text_size=\"18px\" button_text_color=\"#FFFFFF\" button_font=\"|600|||||||\" global_colors_info=\"{}\"][\/et_pb_wc_add_to_cart][et_pb_wc_meta _builder_version=\"4.16\" global_colors_info=\"{}\"][\/et_pb_wc_meta][\/et_pb_column][\/et_pb_row][et_pb_row _builder_version=\"4.16\" background_size=\"initial\" background_position=\"top_left\" background_repeat=\"repeat\" width=\"100%\" global_colors_info=\"{}\"][et_pb_column type=\"4_4\" _builder_version=\"4.16\" custom_padding=\"|||\" global_colors_info=\"{}\" custom_padding__hover=\"|||\"][et_pb_wc_tabs disabled_on=\"on|on|on\" _builder_version=\"4.16\" global_colors_info=\"{}\"]\t\t\t\t\t[\/et_pb_wc_tabs][et_pb_wc_upsells _builder_version=\"4.16\" global_colors_info=\"{}\"][\/et_pb_wc_upsells][et_pb_wc_related_products _builder_version=\"4.16\" global_colors_info=\"{}\"][\/et_pb_wc_related_products][\/et_pb_column][\/et_pb_row][\/et_pb_section]<\/p>\n","protected":false},"excerpt":{"rendered":"<h3><strong>Ch\u00e8que cadeau avec Espace D\u00e9tente \u00e0 usage exclusif de 2 heures, D\u00e9jeuner ou D\u00eener<\/strong><br \/>\n(sur r\u00e9servation uniquement)<\/h3>\n<p><strong>Espace d\u00e9tente \u00c0 USAGE EXCLUSIF pendant 2 heures avec: piscine \u00e0 d\u00e9bordement chauff\u00e9e, jacuzzi et vue panoramique sur les vignobles et les oliveraies<\/strong><\/p>\n<ul>\n<li>terrasse avec chaises longues et parasols<\/li>\n<li>salle de bain et dressing<\/li>\n<li>location de serviettes et\/ou de peignoirs sur demande et avec suppl\u00e9ment de prix<\/li>\n<li>wifi gratuit<\/li>\n<\/ul>\n<p><strong>D\u00e9jeuner ou d\u00eener sur la terrasse panoramique du restaurant,<\/strong> avec un antipasto typique au centre de la table, un plat de p\u00e2tes fra\u00eeches par personne, un verre de vin de la maison par personne et une bouteille d'eau<\/p>\n<blockquote><p><strong>Le prix est pour 2 personnes. Pour la troisi\u00e8me et quatri\u00e8me personne, le suppl\u00e9ment est de 75\u20ac par personne, \u00e0 payer \u00e0 l\u2019h\u00f4tel.<br \/>\n<em>L'UTILISATION DE JACUZZI EST INTERDITE aux enfants de moins de 12 ans et aux femmes enceintes.<\/em><\/strong><br \/>\nImprimez ou montrez sur votre smartphone \u00e0 votre arriv\u00e9e votre ch\u00e8que cadeau que vous recevrez par e-mail.<\/p><\/blockquote>\n<p><em>Valable pendant 18 mois<\/em> <em>\u00e0 partir de la date d\u2019achat.<\/em><\/p>\n","protected":false},"featured_media":19358,"comment_status":"closed","ping_status":"closed","template":"","meta":{"_et_pb_use_builder":"on","_et_pb_old_content":"Ch\u00e8que cadeau avec Espace D\u00e9tente \u00e0 usage exclusif de 2 heures, Ap\u00e9ritif, D\u00e9jeuner ou d\u00eener (sur r\u00e9servation uniquement)\r\nEspace d\u00e9tente \u00c0 USAGE EXCLUSIF pendant 2 heures avec: piscine \u00e0 d\u00e9bordement chauff\u00e9e, jacuzzi et vue panoramique sur les vignobles et les oliveraies\r\n<ul>\r\n \t<li>terrasse avec chaises longues et parasols<\/li>\r\n \t<li>salle de bain et dressing<\/li>\r\n \t<li>location de serviettes et\/ou de peignoirs sur demande et avec suppl\u00e9ment de prix<\/li>\r\n \t<li>wifi gratuit<\/li>\r\n<\/ul>\r\nD\u00e9jeuner ou d\u00eener sur la terrasse panoramique du Restaurant","_et_gb_content_width":""},"product_brand":[],"product_cat":[121,177],"product_tag":[],"class_list":{"0":"post-13885","1":"product","2":"type-product","3":"status-publish","4":"has-post-thumbnail","6":"product_cat-detente-dans-le-chianti","7":"product_cat-zone-de-relax","9":"first","10":"instock","11":"downloadable","12":"shipping-taxable","13":"purchasable","14":"product-type-simple"},"yoast_head":"<!-- This site is optimized with the Yoast SEO plugin v27.2 - https:\/\/yoast.com\/product\/yoast-seo-wordpress\/ -->\n<title>D\u00e9tente et Go\u00fbt - Bed and Breakfast Villa di Sotto dans le Chianti<\/title>\n<meta name=\"description\" content=\"D\u00e9tente et Go\u00fbt | Ch\u00e8que cadeau Espace d\u00e9tente \u00e0 usage exclusif de 2 heures sur r\u00e9servation uniquement | Espace d\u00e9tente \u00e0 usage exclusif avec...\" \/>\n<meta name=\"robots\" content=\"index, follow, max-snippet:-1, max-image-preview:large, max-video-preview:-1\" \/>\n<link rel=\"canonical\" href=\"https:\/\/www.villadisotto.it\/de\/prodotto\/entspannung-und-geschmack\/\" \/>\n<meta property=\"og:locale\" content=\"fr_FR\" \/>\n<meta property=\"og:type\" content=\"article\" \/>\n<meta property=\"og:title\" content=\"D\u00e9tente et Go\u00fbt - Bed and Breakfast Villa di Sotto dans le Chianti\" \/>\n<meta property=\"og:description\" content=\"D\u00e9tente et Go\u00fbt | Ch\u00e8que cadeau Espace d\u00e9tente \u00e0 usage exclusif de 2 heures sur r\u00e9servation uniquement | Espace d\u00e9tente \u00e0 usage exclusif avec...\" \/>\n<meta property=\"og:url\" content=\"https:\/\/www.villadisotto.it\/de\/prodotto\/entspannung-und-geschmack\/\" \/>\n<meta property=\"og:site_name\" content=\"Villa di Sotto\" \/>\n<meta property=\"article:modified_time\" content=\"2025-12-23T10:42:14+00:00\" \/>\n<meta property=\"og:image\" content=\"https:\/\/www.villadisotto.it\/wp-content\/uploads\/2021\/10\/VdSS-4143-1.jpg\" \/>\n\t<meta property=\"og:image:width\" content=\"1800\" \/>\n\t<meta property=\"og:image:height\" content=\"1200\" \/>\n\t<meta property=\"og:image:type\" content=\"image\/jpeg\" \/>\n<meta name=\"twitter:card\" content=\"summary_large_image\" \/>\n<meta name=\"twitter:label1\" content=\"Dur\u00e9e de lecture estim\u00e9e\" \/>\n\t<meta name=\"twitter:data1\" content=\"3 minutes\" \/>\n<script type=\"application\/ld+json\" class=\"yoast-schema-graph\">{\"@context\":\"https:\/\/schema.org\",\"@graph\":[{\"@type\":\"WebPage\",\"@id\":\"https:\/\/www.villadisotto.it\/de\/prodotto\/entspannung-und-geschmack\/\",\"url\":\"https:\/\/www.villadisotto.it\/de\/prodotto\/entspannung-und-geschmack\/\",\"name\":\"D\u00e9tente et Go\u00fbt - Bed and Breakfast Villa di Sotto dans le Chianti\",\"isPartOf\":{\"@id\":\"https:\/\/www.villadisotto.it\/#website\"},\"primaryImageOfPage\":{\"@id\":\"https:\/\/www.villadisotto.it\/de\/prodotto\/entspannung-und-geschmack\/#primaryimage\"},\"image\":{\"@id\":\"https:\/\/www.villadisotto.it\/de\/prodotto\/entspannung-und-geschmack\/#primaryimage\"},\"thumbnailUrl\":\"https:\/\/www.villadisotto.it\/wp-content\/uploads\/2021\/10\/VdSS-4143-1.jpg\",\"datePublished\":\"2021-03-04T09:00:49+00:00\",\"dateModified\":\"2025-12-23T10:42:14+00:00\",\"description\":\"D\u00e9tente et Go\u00fbt | Ch\u00e8que cadeau Espace d\u00e9tente \u00e0 usage exclusif de 2 heures sur r\u00e9servation uniquement | Espace d\u00e9tente \u00e0 usage exclusif avec...\",\"breadcrumb\":{\"@id\":\"https:\/\/www.villadisotto.it\/de\/prodotto\/entspannung-und-geschmack\/#breadcrumb\"},\"inLanguage\":\"fr-FR\",\"potentialAction\":[{\"@type\":\"ReadAction\",\"target\":[\"https:\/\/www.villadisotto.it\/de\/prodotto\/entspannung-und-geschmack\/\"]}]},{\"@type\":\"ImageObject\",\"inLanguage\":\"fr-FR\",\"@id\":\"https:\/\/www.villadisotto.it\/de\/prodotto\/entspannung-und-geschmack\/#primaryimage\",\"url\":\"https:\/\/www.villadisotto.it\/wp-content\/uploads\/2021\/10\/VdSS-4143-1.jpg\",\"contentUrl\":\"https:\/\/www.villadisotto.it\/wp-content\/uploads\/2021\/10\/VdSS-4143-1.jpg\",\"width\":1800,\"height\":1200,\"caption\":\"Espace d\u00e9tente - Villa di Sotto\"},{\"@type\":\"BreadcrumbList\",\"@id\":\"https:\/\/www.villadisotto.it\/de\/prodotto\/entspannung-und-geschmack\/#breadcrumb\",\"itemListElement\":[{\"@type\":\"ListItem\",\"position\":1,\"name\":\"Home\",\"item\":\"https:\/\/www.villadisotto.it\/\"},{\"@type\":\"ListItem\",\"position\":2,\"name\":\"Privat: Shop\",\"item\":\"https:\/\/www.villadisotto.it\/?page_id=12711\"},{\"@type\":\"ListItem\",\"position\":3,\"name\":\"D\u00e9tente et Go\u00fbt\"}]},{\"@type\":\"WebSite\",\"@id\":\"https:\/\/www.villadisotto.it\/#website\",\"url\":\"https:\/\/www.villadisotto.it\/\",\"name\":\"Villa di Sotto\",\"description\":\"Il cuore del Chianti\",\"potentialAction\":[{\"@type\":\"SearchAction\",\"target\":{\"@type\":\"EntryPoint\",\"urlTemplate\":\"https:\/\/www.villadisotto.it\/?s={search_term_string}\"},\"query-input\":{\"@type\":\"PropertyValueSpecification\",\"valueRequired\":true,\"valueName\":\"search_term_string\"}}],\"inLanguage\":\"fr-FR\"}]}<\/script>\n<!-- \/ Yoast SEO plugin. -->","yoast_head_json":{"title":"D\u00e9tente et Go\u00fbt - Bed and Breakfast Villa di Sotto dans le Chianti","description":"D\u00e9tente et Go\u00fbt | Ch\u00e8que cadeau Espace d\u00e9tente \u00e0 usage exclusif de 2 heures sur r\u00e9servation uniquement | Espace d\u00e9tente \u00e0 usage exclusif avec...","robots":{"index":"index","follow":"follow","max-snippet":"max-snippet:-1","max-image-preview":"max-image-preview:large","max-video-preview":"max-video-preview:-1"},"canonical":"https:\/\/www.villadisotto.it\/de\/prodotto\/entspannung-und-geschmack\/","og_locale":"fr_FR","og_type":"article","og_title":"D\u00e9tente et Go\u00fbt - Bed and Breakfast Villa di Sotto dans le Chianti","og_description":"D\u00e9tente et Go\u00fbt | Ch\u00e8que cadeau Espace d\u00e9tente \u00e0 usage exclusif de 2 heures sur r\u00e9servation uniquement | Espace d\u00e9tente \u00e0 usage exclusif avec...","og_url":"https:\/\/www.villadisotto.it\/de\/prodotto\/entspannung-und-geschmack\/","og_site_name":"Villa di Sotto","article_modified_time":"2025-12-23T10:42:14+00:00","og_image":[{"width":1800,"height":1200,"url":"https:\/\/www.villadisotto.it\/wp-content\/uploads\/2021\/10\/VdSS-4143-1.jpg","type":"image\/jpeg"}],"twitter_card":"summary_large_image","twitter_misc":{"Dur\u00e9e de lecture estim\u00e9e":"3 minutes"},"schema":{"@context":"https:\/\/schema.org","@graph":[{"@type":"WebPage","@id":"https:\/\/www.villadisotto.it\/de\/prodotto\/entspannung-und-geschmack\/","url":"https:\/\/www.villadisotto.it\/de\/prodotto\/entspannung-und-geschmack\/","name":"D\u00e9tente et Go\u00fbt - Bed and Breakfast Villa di Sotto dans le Chianti","isPartOf":{"@id":"https:\/\/www.villadisotto.it\/#website"},"primaryImageOfPage":{"@id":"https:\/\/www.villadisotto.it\/de\/prodotto\/entspannung-und-geschmack\/#primaryimage"},"image":{"@id":"https:\/\/www.villadisotto.it\/de\/prodotto\/entspannung-und-geschmack\/#primaryimage"},"thumbnailUrl":"https:\/\/www.villadisotto.it\/wp-content\/uploads\/2021\/10\/VdSS-4143-1.jpg","datePublished":"2021-03-04T09:00:49+00:00","dateModified":"2025-12-23T10:42:14+00:00","description":"D\u00e9tente et Go\u00fbt | Ch\u00e8que cadeau Espace d\u00e9tente \u00e0 usage exclusif de 2 heures sur r\u00e9servation uniquement | Espace d\u00e9tente \u00e0 usage exclusif avec...","breadcrumb":{"@id":"https:\/\/www.villadisotto.it\/de\/prodotto\/entspannung-und-geschmack\/#breadcrumb"},"inLanguage":"fr-FR","potentialAction":[{"@type":"ReadAction","target":["https:\/\/www.villadisotto.it\/de\/prodotto\/entspannung-und-geschmack\/"]}]},{"@type":"ImageObject","inLanguage":"fr-FR","@id":"https:\/\/www.villadisotto.it\/de\/prodotto\/entspannung-und-geschmack\/#primaryimage","url":"https:\/\/www.villadisotto.it\/wp-content\/uploads\/2021\/10\/VdSS-4143-1.jpg","contentUrl":"https:\/\/www.villadisotto.it\/wp-content\/uploads\/2021\/10\/VdSS-4143-1.jpg","width":1800,"height":1200,"caption":"Espace d\u00e9tente - Villa di Sotto"},{"@type":"BreadcrumbList","@id":"https:\/\/www.villadisotto.it\/de\/prodotto\/entspannung-und-geschmack\/#breadcrumb","itemListElement":[{"@type":"ListItem","position":1,"name":"Home","item":"https:\/\/www.villadisotto.it\/"},{"@type":"ListItem","position":2,"name":"Privat: Shop","item":"https:\/\/www.villadisotto.it\/?page_id=12711"},{"@type":"ListItem","position":3,"name":"D\u00e9tente et Go\u00fbt"}]},{"@type":"WebSite","@id":"https:\/\/www.villadisotto.it\/#website","url":"https:\/\/www.villadisotto.it\/","name":"Villa di Sotto","description":"Il cuore del Chianti","potentialAction":[{"@type":"SearchAction","target":{"@type":"EntryPoint","urlTemplate":"https:\/\/www.villadisotto.it\/?s={search_term_string}"},"query-input":{"@type":"PropertyValueSpecification","valueRequired":true,"valueName":"search_term_string"}}],"inLanguage":"fr-FR"}]}},"_links":{"self":[{"href":"https:\/\/www.villadisotto.it\/fr\/wp-json\/wp\/v2\/product\/13885","targetHints":{"allow":["GET"]}}],"collection":[{"href":"https:\/\/www.villadisotto.it\/fr\/wp-json\/wp\/v2\/product"}],"about":[{"href":"https:\/\/www.villadisotto.it\/fr\/wp-json\/wp\/v2\/types\/product"}],"replies":[{"embeddable":true,"href":"https:\/\/www.villadisotto.it\/fr\/wp-json\/wp\/v2\/comments?post=13885"}],"wp:featuredmedia":[{"embeddable":true,"href":"https:\/\/www.villadisotto.it\/fr\/wp-json\/wp\/v2\/media\/19358"}],"wp:attachment":[{"href":"https:\/\/www.villadisotto.it\/fr\/wp-json\/wp\/v2\/media?parent=13885"}],"wp:term":[{"taxonomy":"product_brand","embeddable":true,"href":"https:\/\/www.villadisotto.it\/fr\/wp-json\/wp\/v2\/product_brand?post=13885"},{"taxonomy":"product_cat","embeddable":true,"href":"https:\/\/www.villadisotto.it\/fr\/wp-json\/wp\/v2\/product_cat?post=13885"},{"taxonomy":"product_tag","embeddable":true,"href":"https:\/\/www.villadisotto.it\/fr\/wp-json\/wp\/v2\/product_tag?post=13885"}],"curies":[{"name":"wp","href":"https:\/\/api.w.org\/{rel}","templated":true}]}}