{"id":13882,"date":"2021-03-04T10:00:18","date_gmt":"2021-03-04T09:00:18","guid":{"rendered":"https:\/\/www.villadisotto.it\/prodotto\/reve-dun-jour\/"},"modified":"2026-04-28T12:07:28","modified_gmt":"2026-04-28T10:07:28","slug":"reve-dun-jour","status":"publish","type":"product","link":"https:\/\/www.villadisotto.it\/fr\/prodotto\/reve-dun-jour\/","title":{"rendered":"R\u00eave d'un jour"},"content":{"rendered":"<p>[et_pb_section fb_built=\"1\" _builder_version=\"4.16\" custom_padding=\"0px||||false|false\" global_colors_info=\"{}\"][et_pb_row _builder_version=\"4.16\" background_size=\"initial\" background_position=\"top_left\" background_repeat=\"repeat\" width=\"100%\" custom_padding=\"0px||0px||false|false\" global_colors_info=\"{}\"][et_pb_column type=\"4_4\" _builder_version=\"4.16\" custom_padding=\"|||\" global_colors_info=\"{}\" custom_padding__hover=\"|||\"][et_pb_wc_breadcrumb _builder_version=\"4.16\" global_colors_info=\"{}\"][\/et_pb_wc_breadcrumb][et_pb_wc_cart_notice _builder_version=\"4.16\" global_colors_info=\"{}\"][\/et_pb_wc_cart_notice][\/et_pb_column][\/et_pb_row][et_pb_row column_structure=\"1_2,1_2\" _builder_version=\"4.27.6\" background_size=\"initial\" background_position=\"top_left\" background_repeat=\"repeat\" width_last_edited=\"off|desktop\" max_width=\"none\" custom_padding=\"0px||||false|false\" global_colors_info=\"{}\"][et_pb_column type=\"1_2\" _builder_version=\"4.16\" custom_padding=\"|||\" global_colors_info=\"{}\" custom_padding__hover=\"|||\"][et_pb_wc_images _builder_version=\"4.16\" global_colors_info=\"{}\"][\/et_pb_wc_images][\/et_pb_column][et_pb_column type=\"1_2\" _builder_version=\"4.16\" custom_padding=\"|||\" global_colors_info=\"{}\" custom_padding__hover=\"|||\"][et_pb_wc_title _builder_version=\"4.27.6\" header_font=\"|600||on|||||\" header_text_color=\"#000000\" header_font_size=\"37px\" global_colors_info=\"{}\"][\/et_pb_wc_title][et_pb_wc_rating _builder_version=\"4.16\" global_colors_info=\"{}\"][\/et_pb_wc_rating][et_pb_wc_price _builder_version=\"4.27.6\" body_font=\"|700|||||||\" body_text_color=\"#036b08\" custom_margin=\"||12px|||\" global_colors_info=\"{}\"][\/et_pb_wc_price][et_pb_text _builder_version=\"4.27.6\" _dynamic_attributes=\"content\" _module_preset=\"default\" text_font=\"|600|||||||\" global_colors_info=\"{}\"]@ET-DC@eyJkeW5hbWljIjp0cnVlLCJjb250ZW50IjoiY3VzdG9tX21ldGFfYWR0X2JhdGNoX3NpemUiLCJzZXR0aW5ncyI6eyJiZWZvcmUiOiIiLCJhZnRlciI6IiIsImVuYWJsZV9odG1sIjoib2ZmIn19@[\/et_pb_text][et_pb_wc_description _builder_version=\"4.27.6\" body_font=\"||||||||\" body_font_size=\"14px\" header_3_font=\"|600|||||||\" header_3_line_height=\"1.2em\" global_colors_info=\"{}\"][\/et_pb_wc_description][et_pb_wc_add_to_cart _builder_version=\"4.27.6\" fields_text_color=\"#000000\" fields_font=\"|700|||||||\" fields_font_size=\"16px\" custom_button=\"on\" button_text_size=\"18px\" button_text_color=\"#FFFFFF\" button_border_width=\"7px\" button_letter_spacing=\"1px\" button_font=\"|700||on|||||\" global_colors_info=\"{}\"][\/et_pb_wc_add_to_cart][et_pb_wc_meta _builder_version=\"4.16\" global_colors_info=\"{}\"][\/et_pb_wc_meta][\/et_pb_column][\/et_pb_row][et_pb_row _builder_version=\"4.14.5\" _module_preset=\"default\" global_module=\"21347\" global_colors_info=\"{}\"][et_pb_column type=\"4_4\" _builder_version=\"4.16\" _module_preset=\"default\" global_colors_info=\"{}\"][et_pb_button button_url=\"https:\/\/wa.me\/390577359127\" button_text=\"Contactez-nous pour plus d&apos;informations\" button_alignment=\"center\" _builder_version=\"4.27.6\" _module_preset=\"default\" custom_button=\"on\" button_bg_color=\"#005b04\" button_border_color=\"RGBA(255,255,255,0)\" button_font=\"|700|||||||\" global_colors_info=\"{}\"][\/et_pb_button][\/et_pb_column][\/et_pb_row][\/et_pb_section][et_pb_section fb_built=\"1\" _builder_version=\"4.27.6\" _module_preset=\"default\" background_color=\"#f4f4f4\" global_colors_info=\"{}\"][et_pb_row _builder_version=\"4.27.6\" background_size=\"initial\" background_position=\"top_left\" background_repeat=\"repeat\" width=\"95%\" global_colors_info=\"{}\"][et_pb_column type=\"4_4\" _builder_version=\"4.16\" custom_padding=\"|||\" global_colors_info=\"{}\" custom_padding__hover=\"|||\"][et_pb_wc_tabs disabled_on=\"on|on|on\" _builder_version=\"4.16\" disabled global_colors_info=\"{}\"] [\/et_pb_wc_tabs][et_pb_wc_upsells _builder_version=\"4.27.6\" title_text_align=\"center\" title_line_height=\"1.5em\" product_title_font=\"|||on|||||\" product_title_text_align=\"center\" product_title_text_color=\"#232323\" product_title_font_size=\"20px\" price_font=\"|700|||||||\" price_text_align=\"center\" price_text_color=\"#016000\" price_font_size=\"16px\" border_radii_image=\"on|5px|5px|5px|5px\" global_colors_info=\"{}\"][\/et_pb_wc_upsells][\/et_pb_column][\/et_pb_row][\/et_pb_section]<\/p>\n","protected":false},"excerpt":{"rendered":"<h3><strong>Ch\u00e8que cadeau avec S\u00e9jour d\u2019une nuite, Espace D\u00e9tente \u00e0 usage exclusif de 2 heures, Ap\u00e9ritif, D\u00e9jeuner ou d\u00eener<\/strong><br \/>\n(sur r\u00e9servation uniquement)<\/h3>\n<p><strong>Une nuit\u00e9e dans une chambre au premier \u00e9tage de la ferme principale<\/strong> avec salle de bain attenante, vue panoramique sur le Chianti et Sienne, r\u00e9frig\u00e9rateur, air conditionn\u00e9\/chauffage, wifi, t\u00e9l\u00e9vision par satellite et petit d\u00e9jeuner<\/p>\n<p><strong>Espace d\u00e9tente \u00c0 USAGE EXCLUSIF pendant 2 heures avec: piscine \u00e0 d\u00e9bordement chauff\u00e9e, jacuzzi et vue panoramique sur les vignobles et les oliveraies<\/strong><\/p>\n<ul>\n<li>terrasse avec chaises longues et parasols<\/li>\n<li>salle de bain et dressing<\/li>\n<li>location de serviettes et\/ou de peignoirs sur demande et avec suppl\u00e9ment de prix<\/li>\n<li>wifi gratuit<\/li>\n<\/ul>\n<p><strong>Ap\u00e9ritif sur la terrasse panoramique du SPA:<\/strong> 2 boissons et bruschette mixte<\/p>\n<p><strong>D\u00e9jeuner ou d\u00eener sur la terrasse panoramique du restaurant<\/strong>, avec un antipasto typique au centre de la table, un plat de p\u00e2tes fra\u00eeches par personne, un verre de vin de la maison par personne et une bouteille d'eau<\/p>\n<blockquote><p><strong>Le prix est pour 2 personnes. Pour la troisi\u00e8me et quatri\u00e8me personne, le suppl\u00e9ment est de \u20ac145 par personne, \u00e0 payer \u00e0 l\u2019h\u00f4tel.<br \/>\n<em>L'UTILISATION DE JACUZZI EST INTERDITE aux enfants de moins de 12 ans et aux femmes enceintes.<\/em><\/strong><br \/>\nImprimez ou montrez sur votre smartphone \u00e0 votre arriv\u00e9e votre ch\u00e8que cadeau que vous recevrez par e-mail.<\/p><\/blockquote>\n<p><em>Valable pendant 18 mois \u00e0 partir de la date d\u2019achat.<\/em><\/p>\n<p>Si vous connaissez d\u00e9j\u00e0 la date de votre s\u00e9jour, achetez le bon ici et envoyez-nous un e-mail \u00e0 info@villadisotto.it pour confirmer la date et la chambre.<\/p>\n","protected":false},"featured_media":19413,"comment_status":"closed","ping_status":"closed","template":"","meta":{"_et_pb_use_builder":"on","_et_pb_old_content":"<strong>Ch\u00e8que cadeau avec S\u00e9jour d\u2019une nuite, Espace D\u00e9tente \u00e0 usage exclusif de 2 heures, Ap\u00e9ritif, D\u00e9jeuner ou d\u00eener<\/strong><br>(sur r\u00e9servation uniquement)\n<strong>Une nuit\u00e9e dans une chambre au premier \u00e9tage de la ferme principale<\/strong> avec salle de bain attenante, vue panoramique sur le Chianti et Sienne, r\u00e9frig\u00e9rateur, air conditionn\u00e9\/chauffage, wifi, t\u00e9l\u00e9vision par satellite et petit d\u00e9jeuner\n<strong>Espace d\u00e9tente \u00c0 USAGE EXCLUSIF pendant 2 heures avec: piscine \u00e0 d\u00e9bordement chauff\u00e9e, jacuzzi et vue panoramique sur les vignobles et les oliveraies<\/strong>\n<ul>\n \t<li>terrasse avec chaises longues et parasols<\/li>\n \t<li>salle de bain et dressing<\/li>\n \t<li>location de serviettes et\/ou de peignoirs sur demande et avec suppl\u00e9ment de prix<\/li>\n \t<li>wifi gratuit<\/li>\n<\/ul>\n<strong>Ap\u00e9ritif sur la terrasse panoramique du SPA<\/strong>\n\n<strong>D\u00e9jeuner ou d\u00eener sur la terrasse panoramique du restaurant<\/strong>\n","_et_gb_content_width":""},"product_brand":[],"product_cat":[121,177],"product_tag":[],"class_list":{"0":"post-13882","1":"product","2":"type-product","3":"status-publish","4":"has-post-thumbnail","6":"product_cat-detente-dans-le-chianti","7":"product_cat-zone-de-relax","9":"first","10":"instock","11":"sale","12":"downloadable","13":"shipping-taxable","14":"purchasable","15":"product-type-simple"},"yoast_head":"<!-- This site is optimized with the Yoast SEO plugin v27.4 - https:\/\/yoast.com\/product\/yoast-seo-wordpress\/ -->\n<title>R\u00eave d&#039;un jour - Bed and Breakfast Villa di Sotto dans le Chianti<\/title>\n<meta name=\"description\" content=\"R\u00eave d&#039;un jour | Ch\u00e8que cadeau espace d\u00e9tente \u00e0 usage exclusif de 2 heures sur r\u00e9servation uniquement | Espace d\u00e9tente \u00e0 usage esclusif de 2 heures piscine...\" \/>\n<meta name=\"robots\" content=\"index, follow, max-snippet:-1, max-image-preview:large, max-video-preview:-1\" \/>\n<link rel=\"canonical\" href=\"https:\/\/www.villadisotto.it\/fr\/prodotto\/reve-dun-jour\/\" \/>\n<meta property=\"og:locale\" content=\"fr_FR\" \/>\n<meta property=\"og:type\" content=\"article\" \/>\n<meta property=\"og:title\" content=\"R\u00eave d&#039;un jour - Bed and Breakfast Villa di Sotto dans le Chianti\" \/>\n<meta property=\"og:description\" content=\"R\u00eave d&#039;un jour | Ch\u00e8que cadeau espace d\u00e9tente \u00e0 usage exclusif de 2 heures sur r\u00e9servation uniquement | Espace d\u00e9tente \u00e0 usage esclusif de 2 heures piscine...\" \/>\n<meta property=\"og:url\" content=\"https:\/\/www.villadisotto.it\/fr\/prodotto\/reve-dun-jour\/\" \/>\n<meta property=\"og:site_name\" content=\"Villa di Sotto\" \/>\n<meta property=\"article:modified_time\" content=\"2026-04-28T10:07:28+00:00\" \/>\n<meta property=\"og:image\" content=\"https:\/\/www.villadisotto.it\/wp-content\/uploads\/2021\/10\/VdSR-5167.jpg\" \/>\n\t<meta property=\"og:image:width\" content=\"1800\" \/>\n\t<meta property=\"og:image:height\" content=\"1200\" \/>\n\t<meta property=\"og:image:type\" content=\"image\/jpeg\" \/>\n<meta name=\"twitter:card\" content=\"summary_large_image\" \/>\n<meta name=\"twitter:label1\" content=\"Dur\u00e9e de lecture estim\u00e9e\" \/>\n\t<meta name=\"twitter:data1\" content=\"3 minutes\" \/>\n<script type=\"application\/ld+json\" class=\"yoast-schema-graph\">{\"@context\":\"https:\\\/\\\/schema.org\",\"@graph\":[{\"@type\":\"WebPage\",\"@id\":\"https:\\\/\\\/www.villadisotto.it\\\/fr\\\/prodotto\\\/reve-dun-jour\\\/\",\"url\":\"https:\\\/\\\/www.villadisotto.it\\\/fr\\\/prodotto\\\/reve-dun-jour\\\/\",\"name\":\"R\u00eave d'un jour - Bed and Breakfast Villa di Sotto dans le Chianti\",\"isPartOf\":{\"@id\":\"https:\\\/\\\/www.villadisotto.it\\\/#website\"},\"primaryImageOfPage\":{\"@id\":\"https:\\\/\\\/www.villadisotto.it\\\/fr\\\/prodotto\\\/reve-dun-jour\\\/#primaryimage\"},\"image\":{\"@id\":\"https:\\\/\\\/www.villadisotto.it\\\/fr\\\/prodotto\\\/reve-dun-jour\\\/#primaryimage\"},\"thumbnailUrl\":\"https:\\\/\\\/www.villadisotto.it\\\/wp-content\\\/uploads\\\/2021\\\/10\\\/VdSR-5167.jpg\",\"datePublished\":\"2021-03-04T09:00:18+00:00\",\"dateModified\":\"2026-04-28T10:07:28+00:00\",\"description\":\"R\u00eave d'un jour | Ch\u00e8que cadeau espace d\u00e9tente \u00e0 usage exclusif de 2 heures sur r\u00e9servation uniquement | Espace d\u00e9tente \u00e0 usage esclusif de 2 heures piscine...\",\"breadcrumb\":{\"@id\":\"https:\\\/\\\/www.villadisotto.it\\\/fr\\\/prodotto\\\/reve-dun-jour\\\/#breadcrumb\"},\"inLanguage\":\"fr-FR\",\"potentialAction\":[{\"@type\":\"ReadAction\",\"target\":[\"https:\\\/\\\/www.villadisotto.it\\\/fr\\\/prodotto\\\/reve-dun-jour\\\/\"]}]},{\"@type\":\"ImageObject\",\"inLanguage\":\"fr-FR\",\"@id\":\"https:\\\/\\\/www.villadisotto.it\\\/fr\\\/prodotto\\\/reve-dun-jour\\\/#primaryimage\",\"url\":\"https:\\\/\\\/www.villadisotto.it\\\/wp-content\\\/uploads\\\/2021\\\/10\\\/VdSR-5167.jpg\",\"contentUrl\":\"https:\\\/\\\/www.villadisotto.it\\\/wp-content\\\/uploads\\\/2021\\\/10\\\/VdSR-5167.jpg\",\"width\":1800,\"height\":1200,\"caption\":\"Bed and Breakfast - Villa di Sotto\"},{\"@type\":\"BreadcrumbList\",\"@id\":\"https:\\\/\\\/www.villadisotto.it\\\/fr\\\/prodotto\\\/reve-dun-jour\\\/#breadcrumb\",\"itemListElement\":[{\"@type\":\"ListItem\",\"position\":1,\"name\":\"Home\",\"item\":\"https:\\\/\\\/www.villadisotto.it\\\/\"},{\"@type\":\"ListItem\",\"position\":2,\"name\":\"Privat: Shop\",\"item\":\"https:\\\/\\\/www.villadisotto.it\\\/?page_id=12711\"},{\"@type\":\"ListItem\",\"position\":3,\"name\":\"R\u00eave d'un jour\"}]},{\"@type\":\"WebSite\",\"@id\":\"https:\\\/\\\/www.villadisotto.it\\\/#website\",\"url\":\"https:\\\/\\\/www.villadisotto.it\\\/\",\"name\":\"Villa di Sotto\",\"description\":\"Il cuore del Chianti\",\"potentialAction\":[{\"@type\":\"SearchAction\",\"target\":{\"@type\":\"EntryPoint\",\"urlTemplate\":\"https:\\\/\\\/www.villadisotto.it\\\/?s={search_term_string}\"},\"query-input\":{\"@type\":\"PropertyValueSpecification\",\"valueRequired\":true,\"valueName\":\"search_term_string\"}}],\"inLanguage\":\"fr-FR\"}]}<\/script>\n<!-- \/ Yoast SEO plugin. -->","yoast_head_json":{"title":"R\u00eave d'un jour - Bed and Breakfast Villa di Sotto dans le Chianti","description":"R\u00eave d'un jour | Ch\u00e8que cadeau espace d\u00e9tente \u00e0 usage exclusif de 2 heures sur r\u00e9servation uniquement | Espace d\u00e9tente \u00e0 usage esclusif de 2 heures piscine...","robots":{"index":"index","follow":"follow","max-snippet":"max-snippet:-1","max-image-preview":"max-image-preview:large","max-video-preview":"max-video-preview:-1"},"canonical":"https:\/\/www.villadisotto.it\/fr\/prodotto\/reve-dun-jour\/","og_locale":"fr_FR","og_type":"article","og_title":"R\u00eave d'un jour - Bed and Breakfast Villa di Sotto dans le Chianti","og_description":"R\u00eave d'un jour | Ch\u00e8que cadeau espace d\u00e9tente \u00e0 usage exclusif de 2 heures sur r\u00e9servation uniquement | Espace d\u00e9tente \u00e0 usage esclusif de 2 heures piscine...","og_url":"https:\/\/www.villadisotto.it\/fr\/prodotto\/reve-dun-jour\/","og_site_name":"Villa di Sotto","article_modified_time":"2026-04-28T10:07:28+00:00","og_image":[{"width":1800,"height":1200,"url":"https:\/\/www.villadisotto.it\/wp-content\/uploads\/2021\/10\/VdSR-5167.jpg","type":"image\/jpeg"}],"twitter_card":"summary_large_image","twitter_misc":{"Dur\u00e9e de lecture estim\u00e9e":"3 minutes"},"schema":{"@context":"https:\/\/schema.org","@graph":[{"@type":"WebPage","@id":"https:\/\/www.villadisotto.it\/fr\/prodotto\/reve-dun-jour\/","url":"https:\/\/www.villadisotto.it\/fr\/prodotto\/reve-dun-jour\/","name":"R\u00eave d'un jour - Bed and Breakfast Villa di Sotto dans le Chianti","isPartOf":{"@id":"https:\/\/www.villadisotto.it\/#website"},"primaryImageOfPage":{"@id":"https:\/\/www.villadisotto.it\/fr\/prodotto\/reve-dun-jour\/#primaryimage"},"image":{"@id":"https:\/\/www.villadisotto.it\/fr\/prodotto\/reve-dun-jour\/#primaryimage"},"thumbnailUrl":"https:\/\/www.villadisotto.it\/wp-content\/uploads\/2021\/10\/VdSR-5167.jpg","datePublished":"2021-03-04T09:00:18+00:00","dateModified":"2026-04-28T10:07:28+00:00","description":"R\u00eave d'un jour | Ch\u00e8que cadeau espace d\u00e9tente \u00e0 usage exclusif de 2 heures sur r\u00e9servation uniquement | Espace d\u00e9tente \u00e0 usage esclusif de 2 heures piscine...","breadcrumb":{"@id":"https:\/\/www.villadisotto.it\/fr\/prodotto\/reve-dun-jour\/#breadcrumb"},"inLanguage":"fr-FR","potentialAction":[{"@type":"ReadAction","target":["https:\/\/www.villadisotto.it\/fr\/prodotto\/reve-dun-jour\/"]}]},{"@type":"ImageObject","inLanguage":"fr-FR","@id":"https:\/\/www.villadisotto.it\/fr\/prodotto\/reve-dun-jour\/#primaryimage","url":"https:\/\/www.villadisotto.it\/wp-content\/uploads\/2021\/10\/VdSR-5167.jpg","contentUrl":"https:\/\/www.villadisotto.it\/wp-content\/uploads\/2021\/10\/VdSR-5167.jpg","width":1800,"height":1200,"caption":"Bed and Breakfast - Villa di Sotto"},{"@type":"BreadcrumbList","@id":"https:\/\/www.villadisotto.it\/fr\/prodotto\/reve-dun-jour\/#breadcrumb","itemListElement":[{"@type":"ListItem","position":1,"name":"Home","item":"https:\/\/www.villadisotto.it\/"},{"@type":"ListItem","position":2,"name":"Privat: Shop","item":"https:\/\/www.villadisotto.it\/?page_id=12711"},{"@type":"ListItem","position":3,"name":"R\u00eave d'un jour"}]},{"@type":"WebSite","@id":"https:\/\/www.villadisotto.it\/#website","url":"https:\/\/www.villadisotto.it\/","name":"Villa di Sotto","description":"Il cuore del Chianti","potentialAction":[{"@type":"SearchAction","target":{"@type":"EntryPoint","urlTemplate":"https:\/\/www.villadisotto.it\/?s={search_term_string}"},"query-input":{"@type":"PropertyValueSpecification","valueRequired":true,"valueName":"search_term_string"}}],"inLanguage":"fr-FR"}]}},"_links":{"self":[{"href":"https:\/\/www.villadisotto.it\/fr\/wp-json\/wp\/v2\/product\/13882","targetHints":{"allow":["GET"]}}],"collection":[{"href":"https:\/\/www.villadisotto.it\/fr\/wp-json\/wp\/v2\/product"}],"about":[{"href":"https:\/\/www.villadisotto.it\/fr\/wp-json\/wp\/v2\/types\/product"}],"replies":[{"embeddable":true,"href":"https:\/\/www.villadisotto.it\/fr\/wp-json\/wp\/v2\/comments?post=13882"}],"wp:featuredmedia":[{"embeddable":true,"href":"https:\/\/www.villadisotto.it\/fr\/wp-json\/wp\/v2\/media\/19413"}],"wp:attachment":[{"href":"https:\/\/www.villadisotto.it\/fr\/wp-json\/wp\/v2\/media?parent=13882"}],"wp:term":[{"taxonomy":"product_brand","embeddable":true,"href":"https:\/\/www.villadisotto.it\/fr\/wp-json\/wp\/v2\/product_brand?post=13882"},{"taxonomy":"product_cat","embeddable":true,"href":"https:\/\/www.villadisotto.it\/fr\/wp-json\/wp\/v2\/product_cat?post=13882"},{"taxonomy":"product_tag","embeddable":true,"href":"https:\/\/www.villadisotto.it\/fr\/wp-json\/wp\/v2\/product_tag?post=13882"}],"curies":[{"name":"wp","href":"https:\/\/api.w.org\/{rel}","templated":true}]}}