{"id":5616,"date":"2019-12-11T13:06:10","date_gmt":"2019-12-11T12:06:10","guid":{"rendered":"https:\/\/www.villadisotto.it\/activites-et-experiences-dans-la-campagne-toscane\/"},"modified":"2026-03-30T16:34:51","modified_gmt":"2026-03-30T14:34:51","slug":"activites-et-experiences-dans-la-campagne-toscane","status":"publish","type":"page","link":"https:\/\/www.villadisotto.it\/fr\/activites-et-experiences-dans-la-campagne-toscane\/","title":{"rendered":"Activit\u00e9s et exp\u00e9riences dans la campagne toscane"},"content":{"rendered":"<p>[et_pb_section fb_built=\"1\" _builder_version=\"4.16\" custom_padding=\"32px|0px|31px|0px|false|false\" global_colors_info=\"{}\"][et_pb_row _builder_version=\"4.24.2\" max_width=\"850px\" custom_padding=\"27px|0px|7px|0px|false|false\" locked=\"off\" global_colors_info=\"{}\"][et_pb_column type=\"4_4\" _builder_version=\"4.16\" custom_padding=\"|||\" global_colors_info=\"{}\" custom_padding__hover=\"|||\"][et_pb_text _builder_version=\"4.27.4\" header_font=\"Petit Formal Script|700|||||||\" header_line_height=\"1.5em\" header_2_font=\"Petit Formal Script|700|||||||\" header_2_font_size=\"30px\" header_2_line_height=\"1.3em\" header_font_size_tablet=\"\" header_font_size_phone=\"25px\" header_font_size_last_edited=\"on|phone\" global_colors_info=\"{}\"]<\/p>\n<h1 style=\"text-align: center;\">Que faire dans la r\u00e9gion du Chianti Classico<\/h1>\n<p style=\"text-align: center;\"><strong>Villa di Sotto vous propose quelques exp\u00e9riences et activit\u00e9s \u00e0 r\u00e9aliser sur place et dans les environs de la maison.<\/strong><\/p>\n<p style=\"text-align: center;\">Notre famille ou notre personnel qualifi\u00e9 vous accompagnera dans chacun d'entre eux, afin que vous puissiez appr\u00e9cier et vivre une exp\u00e9rience unique et enrichissante!<\/p>\n<p style=\"text-align: center;\">[\/et_pb_text][\/et_pb_column][\/et_pb_row][et_pb_row column_structure=\"1_2,1_2\" use_custom_gutter=\"on\" gutter_width=\"2\" _builder_version=\"4.24.2\" _module_preset=\"default\" global_colors_info=\"{}\"][et_pb_column type=\"1_2\" _builder_version=\"4.24.2\" _module_preset=\"default\" global_colors_info=\"{}\"][et_pb_blurb title=\"Massage relaxant\" url=\"https:\/\/www.villadisotto.it\/fr\/massage-relaxant\/\" image=\"https:\/\/www.villadisotto.it\/wp-content\/uploads\/2026\/03\/massaggionelluliveta.jpg\" _builder_version=\"4.27.6\" header_font=\"Petit Formal Script|700|||||||\" header_text_align=\"center\" header_font_size=\"21px\" custom_padding=\"||10px\" animation=\"off\" link_option_url=\"https:\/\/www.villadisotto.it\/fr\/massage-relaxant\/\" border_radii_image=\"on|4px|4px|4px|4px\" box_shadow_style=\"preset1\" global_colors_info=\"{}\"][\/et_pb_blurb][\/et_pb_column][et_pb_column type=\"1_2\" _builder_version=\"4.24.2\" _module_preset=\"default\" global_colors_info=\"{}\"][et_pb_blurb title=\"R\u00e9veil musculaire\" url=\"https:\/\/www.villadisotto.it\/fr\/reveil-musculaire\/\" image=\"https:\/\/www.villadisotto.it\/wp-content\/uploads\/2024\/02\/risveglio-muscolare.jpg\" _builder_version=\"4.24.2\" header_font=\"Petit Formal Script|700|||||||\" header_text_align=\"center\" header_font_size=\"21px\" custom_padding=\"||10px\" animation=\"off\" link_option_url=\"https:\/\/www.villadisotto.it\/fr\/reveil-musculaire\/\" border_radii_image=\"on|4px|4px|4px|4px\" box_shadow_style=\"preset1\" global_colors_info=\"{}\"][\/et_pb_blurb][\/et_pb_column][\/et_pb_row][et_pb_row column_structure=\"1_2,1_2\" use_custom_gutter=\"on\" gutter_width=\"2\" custom_padding_last_edited=\"on|phone\" module_class=\" et_pb_row_fullwidth\" _builder_version=\"4.24.2\" width_tablet=\"80%\" width_last_edited=\"off|desktop\" max_width_tablet=\"80%\" max_width_last_edited=\"off|desktop\" custom_margin=\"|||||true\" custom_padding_tablet=\"\" custom_padding_phone=\"|0px||0px||true\" border_radii=\"on|4px|4px|4px|4px\" make_fullwidth=\"on\" global_colors_info=\"{}\"][et_pb_column type=\"1_2\" _builder_version=\"4.16\" custom_padding=\"|||\" global_colors_info=\"{}\" custom_padding__hover=\"|||\"][et_pb_blurb title=\"Trekking dans le Chianti\" url=\"https:\/\/www.villadisotto.it\/fr\/trekking-dans-le-chianti\/\" image=\"https:\/\/www.villadisotto.it\/wp-content\/uploads\/2024\/02\/VdSL-3137.jpg\" _builder_version=\"4.24.2\" header_font=\"Petit Formal Script|700|||||||\" header_text_align=\"center\" header_font_size=\"21px\" custom_padding=\"||10px\" animation=\"off\" link_option_url=\"https:\/\/www.villadisotto.it\/fr\/trekking-dans-le-chianti\/\" border_radii_image=\"on|4px|4px|4px|4px\" box_shadow_style=\"preset1\" global_colors_info=\"{}\"][\/et_pb_blurb][\/et_pb_column][et_pb_column type=\"1_2\" _builder_version=\"4.24.2\" _module_preset=\"default\" global_colors_info=\"{}\"][et_pb_blurb title=\"Visite guid\u00e9e en v\u00e9lo\" url=\"https:\/\/www.villadisotto.it\/fr\/visite-guidee-en-velo\/\" image=\"https:\/\/www.villadisotto.it\/wp-content\/uploads\/2024\/03\/bici-1.jpg\" _builder_version=\"4.24.2\" header_font=\"Petit Formal Script|700|||||||\" header_text_align=\"center\" header_font_size=\"21px\" custom_padding=\"||10px\" animation=\"off\" link_option_url=\"https:\/\/www.villadisotto.it\/fr\/visite-guidee-en-velo\/\" border_radii_image=\"on|4px|4px|4px|4px\" box_shadow_style=\"preset1\" global_colors_info=\"{}\"][\/et_pb_blurb][\/et_pb_column][\/et_pb_row][et_pb_row column_structure=\"1_2,1_2\" use_custom_gutter=\"on\" gutter_width=\"2\" _builder_version=\"4.24.2\" _module_preset=\"default\" global_colors_info=\"{}\"][et_pb_column type=\"1_2\" _builder_version=\"4.27.4\" _module_preset=\"default\" global_colors_info=\"{}\"][et_pb_blurb title=\"Vol en montgolfi\u00e8re\" url=\"https:\/\/www.villadisotto.it\/fr\/vol-en-montgolfiere\/\" image=\"https:\/\/www.villadisotto.it\/wp-content\/uploads\/2024\/02\/mongolfiera.jpg\" _builder_version=\"4.24.2\" header_font=\"Petit Formal Script|700|||||||\" header_text_align=\"center\" header_font_size=\"21px\" custom_padding=\"||10px\" animation=\"off\" link_option_url=\"https:\/\/www.villadisotto.it\/fr\/vol-en-montgolfiere\/\" border_radii_image=\"on|4px|4px|4px|4px\" box_shadow_style=\"preset1\" global_colors_info=\"{}\"][\/et_pb_blurb][et_pb_blurb title=\"On Cuisine ensemble\" url=\"https:\/\/www.villadisotto.it\/fr\/cours-de-cuisine-ecole-de-cuisine\/\" image=\"https:\/\/www.villadisotto.it\/wp-content\/uploads\/2024\/02\/scuola-cucina.jpg\" disabled_on=\"on|on|on\" _builder_version=\"4.27.6\" header_font=\"Petit Formal Script|700|||||||\" header_text_align=\"center\" header_font_size=\"21px\" custom_padding=\"||10px\" animation=\"off\" link_option_url=\"https:\/\/www.villadisotto.it\/fr\/cours-de-cuisine-ecole-de-cuisine\/\" border_radii_image=\"on|4px|4px|4px|4px\" box_shadow_style=\"preset1\" disabled=\"on\" global_colors_info=\"{}\"][\/et_pb_blurb][\/et_pb_column][et_pb_column type=\"1_2\" _builder_version=\"4.24.2\" _module_preset=\"default\" global_colors_info=\"{}\"][et_pb_blurb title=\"D\u00e9gustation de vin\" url=\"https:\/\/www.villadisotto.it\/fr\/degustation-de-vin-dans-la-region-du-chianti-classico\/\" image=\"https:\/\/www.villadisotto.it\/wp-content\/uploads\/2019\/04\/vino-enoteca-villa-di-sotto.jpg\" _builder_version=\"4.17.3\" header_font=\"Petit Formal Script|700|||||||\" header_text_align=\"center\" header_font_size=\"21px\" custom_padding=\"||10px\" animation=\"off\" link_option_url=\"https:\/\/www.villadisotto.it\/fr\/degustation-de-vin-dans-la-region-du-chianti-classico\/\" border_radii_image=\"on|4px|4px|4px|4px\" box_shadow_style=\"preset1\" global_colors_info=\"{}\"][\/et_pb_blurb][\/et_pb_column][\/et_pb_row][et_pb_row column_structure=\"1_2,1_2\" use_custom_gutter=\"on\" gutter_width=\"2\" _builder_version=\"4.24.2\" _module_preset=\"default\" global_colors_info=\"{}\"][et_pb_column type=\"1_2\" _builder_version=\"4.24.2\" _module_preset=\"default\" global_colors_info=\"{}\"][\/et_pb_column][et_pb_column type=\"1_2\" _builder_version=\"4.24.2\" _module_preset=\"default\" global_colors_info=\"{}\"][\/et_pb_column][\/et_pb_row][et_pb_row column_structure=\"1_2,1_2\" use_custom_gutter=\"on\" gutter_width=\"2\" _builder_version=\"4.24.2\" _module_preset=\"default\" global_colors_info=\"{}\"][et_pb_column type=\"1_2\" _builder_version=\"4.24.2\" _module_preset=\"default\" global_colors_info=\"{}\"][et_pb_blurb title=\"\u00c9quitation\" url=\"https:\/\/www.villadisotto.it\/fr\/?page_id=26757\" image=\"https:\/\/www.villadisotto.it\/wp-content\/uploads\/2024\/03\/passegacavallo.jpg\" disabled_on=\"on|on|on\" _builder_version=\"4.27.5\" header_font=\"Petit Formal Script|700|||||||\" header_text_align=\"center\" header_font_size=\"21px\" custom_padding=\"||10px\" animation=\"off\" link_option_url=\"https:\/\/www.villadisotto.it\/fr\/?page_id=26757\" border_radii_image=\"on|4px|4px|4px|4px\" box_shadow_style=\"preset1\" disabled=\"on\" global_colors_info=\"{}\"][\/et_pb_blurb][\/et_pb_column][et_pb_column type=\"1_2\" _builder_version=\"4.24.2\" _module_preset=\"default\" global_colors_info=\"{}\"][et_pb_blurb title=\"La peinture au vin\" url=\"https:\/\/www.villadisotto.it\/fr\/?page_id=26582\" image=\"https:\/\/www.villadisotto.it\/wp-content\/uploads\/2024\/02\/wine-painting.jpg\" disabled_on=\"on|on|on\" _builder_version=\"4.27.5\" header_font=\"Petit Formal Script|700|||||||\" header_text_align=\"center\" header_font_size=\"21px\" custom_padding=\"||10px\" animation=\"off\" link_option_url=\"https:\/\/www.villadisotto.it\/fr\/?page_id=26582\" border_radii_image=\"on|4px|4px|4px|4px\" box_shadow_style=\"preset1\" disabled=\"on\" global_colors_info=\"{}\"][\/et_pb_blurb][\/et_pb_column][\/et_pb_row][\/et_pb_section]<\/p>\n","protected":false},"excerpt":{"rendered":"<p>Que faire dans la r\u00e9gion du Chianti Classico Villa di Sotto vous propose quelques exp\u00e9riences et activit\u00e9s \u00e0 r\u00e9aliser sur place et dans les environs de la maison. Notre famille ou notre personnel qualifi\u00e9 vous accompagnera dans chacun d'entre eux, afin que vous puissiez appr\u00e9cier et vivre une exp\u00e9rience unique et enrichissante!<\/p>\n","protected":false},"author":1,"featured_media":5551,"parent":0,"menu_order":0,"comment_status":"closed","ping_status":"closed","template":"","meta":{"_et_pb_use_builder":"on","_et_pb_old_content":"","_et_gb_content_width":"","footnotes":""},"class_list":["post-5616","page","type-page","status-publish","has-post-thumbnail","hentry"],"yoast_head":"<!-- This site is optimized with the Yoast SEO plugin v27.2 - https:\/\/yoast.com\/product\/yoast-seo-wordpress\/ -->\n<title>Activit\u00e9s et exp\u00e9riences dans la campagne toscane - Bed and Breakfast Villa di Sotto<\/title>\n<meta name=\"description\" content=\"Activit\u00e9s et exp\u00e9riences dans la campagne toscane | Villa di Sotto vous propose quelques exp\u00e9riences et activit\u00e9s \u00e0 r\u00e9aliser sur place et dans les environs de la maison....\" \/>\n<meta name=\"robots\" content=\"index, follow, max-snippet:-1, max-image-preview:large, max-video-preview:-1\" \/>\n<link rel=\"canonical\" href=\"https:\/\/www.villadisotto.it\/fr\/activites-et-experiences-dans-la-campagne-toscane\/\" \/>\n<meta property=\"og:locale\" content=\"fr_FR\" \/>\n<meta property=\"og:type\" content=\"article\" \/>\n<meta property=\"og:title\" content=\"Activit\u00e9s et exp\u00e9riences dans la campagne toscane - Bed and Breakfast Villa di Sotto\" \/>\n<meta property=\"og:description\" content=\"Activit\u00e9s et exp\u00e9riences dans la campagne toscane | Villa di Sotto vous propose quelques exp\u00e9riences et activit\u00e9s \u00e0 r\u00e9aliser sur place et dans les environs de la maison....\" \/>\n<meta property=\"og:url\" content=\"https:\/\/www.villadisotto.it\/fr\/activites-et-experiences-dans-la-campagne-toscane\/\" \/>\n<meta property=\"og:site_name\" content=\"Villa di Sotto\" \/>\n<meta property=\"article:modified_time\" content=\"2026-03-30T14:34:51+00:00\" \/>\n<meta property=\"og:image\" content=\"https:\/\/www.villadisotto.it\/wp-content\/uploads\/2019\/12\/Vigna.jpg\" \/>\n\t<meta property=\"og:image:width\" content=\"1900\" \/>\n\t<meta property=\"og:image:height\" content=\"1247\" \/>\n\t<meta property=\"og:image:type\" content=\"image\/jpeg\" \/>\n<meta name=\"twitter:card\" content=\"summary_large_image\" \/>\n<meta name=\"twitter:label1\" content=\"Dur\u00e9e de lecture estim\u00e9e\" \/>\n\t<meta name=\"twitter:data1\" content=\"6 minutes\" \/>\n<script type=\"application\/ld+json\" class=\"yoast-schema-graph\">{\"@context\":\"https:\/\/schema.org\",\"@graph\":[{\"@type\":\"WebPage\",\"@id\":\"https:\/\/www.villadisotto.it\/fr\/activites-et-experiences-dans-la-campagne-toscane\/\",\"url\":\"https:\/\/www.villadisotto.it\/fr\/activites-et-experiences-dans-la-campagne-toscane\/\",\"name\":\"Activit\u00e9s et exp\u00e9riences dans la campagne toscane - Bed and Breakfast Villa di Sotto\",\"isPartOf\":{\"@id\":\"https:\/\/www.villadisotto.it\/#website\"},\"primaryImageOfPage\":{\"@id\":\"https:\/\/www.villadisotto.it\/fr\/activites-et-experiences-dans-la-campagne-toscane\/#primaryimage\"},\"image\":{\"@id\":\"https:\/\/www.villadisotto.it\/fr\/activites-et-experiences-dans-la-campagne-toscane\/#primaryimage\"},\"thumbnailUrl\":\"https:\/\/www.villadisotto.it\/wp-content\/uploads\/2019\/12\/Vigna.jpg\",\"datePublished\":\"2019-12-11T12:06:10+00:00\",\"dateModified\":\"2026-03-30T14:34:51+00:00\",\"description\":\"Activit\u00e9s et exp\u00e9riences dans la campagne toscane | Villa di Sotto vous propose quelques exp\u00e9riences et activit\u00e9s \u00e0 r\u00e9aliser sur place et dans les environs de la maison....\",\"breadcrumb\":{\"@id\":\"https:\/\/www.villadisotto.it\/fr\/activites-et-experiences-dans-la-campagne-toscane\/#breadcrumb\"},\"inLanguage\":\"fr-FR\",\"potentialAction\":[{\"@type\":\"ReadAction\",\"target\":[\"https:\/\/www.villadisotto.it\/fr\/activites-et-experiences-dans-la-campagne-toscane\/\"]}]},{\"@type\":\"ImageObject\",\"inLanguage\":\"fr-FR\",\"@id\":\"https:\/\/www.villadisotto.it\/fr\/activites-et-experiences-dans-la-campagne-toscane\/#primaryimage\",\"url\":\"https:\/\/www.villadisotto.it\/wp-content\/uploads\/2019\/12\/Vigna.jpg\",\"contentUrl\":\"https:\/\/www.villadisotto.it\/wp-content\/uploads\/2019\/12\/Vigna.jpg\",\"width\":1900,\"height\":1247,\"caption\":\"Ruffini - Villa di Sotto\"},{\"@type\":\"BreadcrumbList\",\"@id\":\"https:\/\/www.villadisotto.it\/fr\/activites-et-experiences-dans-la-campagne-toscane\/#breadcrumb\",\"itemListElement\":[{\"@type\":\"ListItem\",\"position\":1,\"name\":\"Home\",\"item\":\"https:\/\/www.villadisotto.it\/\"},{\"@type\":\"ListItem\",\"position\":2,\"name\":\"Activit\u00e9s et exp\u00e9riences dans la campagne toscane\"}]},{\"@type\":\"WebSite\",\"@id\":\"https:\/\/www.villadisotto.it\/#website\",\"url\":\"https:\/\/www.villadisotto.it\/\",\"name\":\"Villa di Sotto\",\"description\":\"Il cuore del Chianti\",\"potentialAction\":[{\"@type\":\"SearchAction\",\"target\":{\"@type\":\"EntryPoint\",\"urlTemplate\":\"https:\/\/www.villadisotto.it\/?s={search_term_string}\"},\"query-input\":{\"@type\":\"PropertyValueSpecification\",\"valueRequired\":true,\"valueName\":\"search_term_string\"}}],\"inLanguage\":\"fr-FR\"}]}<\/script>\n<!-- \/ Yoast SEO plugin. -->","yoast_head_json":{"title":"Activit\u00e9s et exp\u00e9riences dans la campagne toscane - Bed and Breakfast Villa di Sotto","description":"Activit\u00e9s et exp\u00e9riences dans la campagne toscane | Villa di Sotto vous propose quelques exp\u00e9riences et activit\u00e9s \u00e0 r\u00e9aliser sur place et dans les environs de la maison....","robots":{"index":"index","follow":"follow","max-snippet":"max-snippet:-1","max-image-preview":"max-image-preview:large","max-video-preview":"max-video-preview:-1"},"canonical":"https:\/\/www.villadisotto.it\/fr\/activites-et-experiences-dans-la-campagne-toscane\/","og_locale":"fr_FR","og_type":"article","og_title":"Activit\u00e9s et exp\u00e9riences dans la campagne toscane - Bed and Breakfast Villa di Sotto","og_description":"Activit\u00e9s et exp\u00e9riences dans la campagne toscane | Villa di Sotto vous propose quelques exp\u00e9riences et activit\u00e9s \u00e0 r\u00e9aliser sur place et dans les environs de la maison....","og_url":"https:\/\/www.villadisotto.it\/fr\/activites-et-experiences-dans-la-campagne-toscane\/","og_site_name":"Villa di Sotto","article_modified_time":"2026-03-30T14:34:51+00:00","og_image":[{"width":1900,"height":1247,"url":"https:\/\/www.villadisotto.it\/wp-content\/uploads\/2019\/12\/Vigna.jpg","type":"image\/jpeg"}],"twitter_card":"summary_large_image","twitter_misc":{"Dur\u00e9e de lecture estim\u00e9e":"6 minutes"},"schema":{"@context":"https:\/\/schema.org","@graph":[{"@type":"WebPage","@id":"https:\/\/www.villadisotto.it\/fr\/activites-et-experiences-dans-la-campagne-toscane\/","url":"https:\/\/www.villadisotto.it\/fr\/activites-et-experiences-dans-la-campagne-toscane\/","name":"Activit\u00e9s et exp\u00e9riences dans la campagne toscane - Bed and Breakfast Villa di Sotto","isPartOf":{"@id":"https:\/\/www.villadisotto.it\/#website"},"primaryImageOfPage":{"@id":"https:\/\/www.villadisotto.it\/fr\/activites-et-experiences-dans-la-campagne-toscane\/#primaryimage"},"image":{"@id":"https:\/\/www.villadisotto.it\/fr\/activites-et-experiences-dans-la-campagne-toscane\/#primaryimage"},"thumbnailUrl":"https:\/\/www.villadisotto.it\/wp-content\/uploads\/2019\/12\/Vigna.jpg","datePublished":"2019-12-11T12:06:10+00:00","dateModified":"2026-03-30T14:34:51+00:00","description":"Activit\u00e9s et exp\u00e9riences dans la campagne toscane | Villa di Sotto vous propose quelques exp\u00e9riences et activit\u00e9s \u00e0 r\u00e9aliser sur place et dans les environs de la maison....","breadcrumb":{"@id":"https:\/\/www.villadisotto.it\/fr\/activites-et-experiences-dans-la-campagne-toscane\/#breadcrumb"},"inLanguage":"fr-FR","potentialAction":[{"@type":"ReadAction","target":["https:\/\/www.villadisotto.it\/fr\/activites-et-experiences-dans-la-campagne-toscane\/"]}]},{"@type":"ImageObject","inLanguage":"fr-FR","@id":"https:\/\/www.villadisotto.it\/fr\/activites-et-experiences-dans-la-campagne-toscane\/#primaryimage","url":"https:\/\/www.villadisotto.it\/wp-content\/uploads\/2019\/12\/Vigna.jpg","contentUrl":"https:\/\/www.villadisotto.it\/wp-content\/uploads\/2019\/12\/Vigna.jpg","width":1900,"height":1247,"caption":"Ruffini - Villa di Sotto"},{"@type":"BreadcrumbList","@id":"https:\/\/www.villadisotto.it\/fr\/activites-et-experiences-dans-la-campagne-toscane\/#breadcrumb","itemListElement":[{"@type":"ListItem","position":1,"name":"Home","item":"https:\/\/www.villadisotto.it\/"},{"@type":"ListItem","position":2,"name":"Activit\u00e9s et exp\u00e9riences dans la campagne toscane"}]},{"@type":"WebSite","@id":"https:\/\/www.villadisotto.it\/#website","url":"https:\/\/www.villadisotto.it\/","name":"Villa di Sotto","description":"Il cuore del Chianti","potentialAction":[{"@type":"SearchAction","target":{"@type":"EntryPoint","urlTemplate":"https:\/\/www.villadisotto.it\/?s={search_term_string}"},"query-input":{"@type":"PropertyValueSpecification","valueRequired":true,"valueName":"search_term_string"}}],"inLanguage":"fr-FR"}]}},"_links":{"self":[{"href":"https:\/\/www.villadisotto.it\/fr\/wp-json\/wp\/v2\/pages\/5616","targetHints":{"allow":["GET"]}}],"collection":[{"href":"https:\/\/www.villadisotto.it\/fr\/wp-json\/wp\/v2\/pages"}],"about":[{"href":"https:\/\/www.villadisotto.it\/fr\/wp-json\/wp\/v2\/types\/page"}],"author":[{"embeddable":true,"href":"https:\/\/www.villadisotto.it\/fr\/wp-json\/wp\/v2\/users\/1"}],"replies":[{"embeddable":true,"href":"https:\/\/www.villadisotto.it\/fr\/wp-json\/wp\/v2\/comments?post=5616"}],"version-history":[{"count":71,"href":"https:\/\/www.villadisotto.it\/fr\/wp-json\/wp\/v2\/pages\/5616\/revisions"}],"predecessor-version":[{"id":31097,"href":"https:\/\/www.villadisotto.it\/fr\/wp-json\/wp\/v2\/pages\/5616\/revisions\/31097"}],"wp:featuredmedia":[{"embeddable":true,"href":"https:\/\/www.villadisotto.it\/fr\/wp-json\/wp\/v2\/media\/5551"}],"wp:attachment":[{"href":"https:\/\/www.villadisotto.it\/fr\/wp-json\/wp\/v2\/media?parent=5616"}],"curies":[{"name":"wp","href":"https:\/\/api.w.org\/{rel}","templated":true}]}}