{"id":23706,"date":"2022-11-07T16:08:25","date_gmt":"2022-11-07T15:08:25","guid":{"rendered":"https:\/\/www.villadisotto.it\/la-grotte-rituel-du-bien-etre\/"},"modified":"2025-08-08T13:15:32","modified_gmt":"2025-08-08T11:15:32","slug":"la-grotte-rituel-du-bien-etre","status":"publish","type":"page","link":"https:\/\/www.villadisotto.it\/fr\/la-grotte-rituel-du-bien-etre\/","title":{"rendered":"La Grotte - Rituel dU bien-\u00eatre"},"content":{"rendered":"<p>[et_pb_section fb_built=\"1\" fullwidth=\"on\" _builder_version=\"4.18.0\" _module_preset=\"default\" global_colors_info=\"{}\"][et_pb_fullwidth_header title=\"La Grotte\" text_orientation=\"center\" button_one_text=\"R\u00e9servez votre s\u00e9jour\" button_one_url=\"https:\/\/www.villadisotto.it\/#prenota\" button_two_text=\"Acheter le bon\" button_two_url=\"#v\" _builder_version=\"4.27.4\" _module_preset=\"default\" title_font=\"Petit Formal Script|700|||||||\" title_font_size=\"65px\" content_font=\"|800|||||||\" content_font_size=\"20px\" content_letter_spacing=\"7px\" content_line_height=\"1.8em\" subhead_font=\"|700|||||||\" background_image=\"https:\/\/www.villadisotto.it\/wp-content\/uploads\/2022\/09\/la-grotta-doccia-e-jacuzzi.jpg\" custom_button_one=\"on\" button_one_text_color=\"#000000\" button_one_bg_color=\"#FFFFFF\" button_one_border_color=\"#FFFFFF\" button_one_letter_spacing=\"0px\" button_one_font=\"|700|||||||\" custom_button_two=\"on\" button_two_border_color=\"RGBA(255,255,255,0)\" button_two_letter_spacing=\"0px\" button_two_font=\"|700|||||||\" custom_padding=\"250px||250px||true|false\" custom_padding_tablet=\"250px||250px||true|false\" custom_padding_phone=\"125px||125px||true|false\" custom_padding_last_edited=\"on|phone\" hover_enabled=\"0\" title_font_size_tablet=\"65px\" title_font_size_phone=\"39px\" title_font_size_last_edited=\"on|phone\" content_font_size_tablet=\"20px\" content_font_size_phone=\"14px\" content_font_size_last_edited=\"on|phone\" content_letter_spacing_tablet=\"7px\" content_letter_spacing_phone=\"2px\" content_letter_spacing_last_edited=\"on|phone\" content_line_height_tablet=\"1.8em\" content_line_height_phone=\"1.8em\" content_line_height_last_edited=\"on|phone\" button_one_text_size_tablet=\"\" button_one_text_size_phone=\"14px\" button_one_text_size_last_edited=\"on|phone\" button_two_text_size_tablet=\"\" button_two_text_size_phone=\"14px\" button_two_text_size_last_edited=\"on|phone\" title_text_shadow_style=\"preset1\" content_text_shadow_style=\"preset1\" subhead_text_shadow_style=\"preset1\" box_shadow_style_button_one=\"preset1\" box_shadow_style_button_two=\"preset1\" global_colors_info=\"{}\" sticky_enabled=\"0\"]<\/p>\n<p>RITUEL DU BIEN-\u00caTRE<\/p>\n<p>[\/et_pb_fullwidth_header][\/et_pb_section][et_pb_section fb_built=\"1\" next_background_color=\"#f4f4f4\" _builder_version=\"4.18.0\" custom_padding=\"50px|0px|50px|0px|true|false\" top_divider_height_tablet=\"\" top_divider_height_phone=\"\" top_divider_height_last_edited=\"on|phone\" bottom_divider_style=\"arrow\" bottom_divider_height=\"50px\" global_colors_info=\"{}\"][et_pb_row custom_padding_last_edited=\"on|phone\" _builder_version=\"4.18.0\" _module_preset=\"default\" max_width=\"850px\" custom_padding=\"||||false|false\" custom_padding_tablet=\"||||false|false\" custom_padding_phone=\"30px||30px||true|false\" global_colors_info=\"{}\"][et_pb_column type=\"4_4\" _builder_version=\"4.16\" _module_preset=\"default\" global_colors_info=\"{}\"][et_pb_text _builder_version=\"4.18.0\" _module_preset=\"default\" global_colors_info=\"{}\"]<\/p>\n<p style=\"text-align: center;\"><strong>Nous sommes situ\u00e9s \u00e0 l'int\u00e9rieur de la ferme principale: une fois que vous aurez p\u00e9n\u00e9tr\u00e9 dans ce petit coin de paradis, vous aurez \u00e0 votre disposition trois types de d\u00e9tente diff\u00e9rents... \u00e0 vivre.<\/strong><\/p>\n<p>[\/et_pb_text][\/et_pb_column][\/et_pb_row][et_pb_row column_structure=\"1_3,1_3,1_3\" use_custom_gutter=\"on\" gutter_width=\"2\" custom_padding_last_edited=\"on|phone\" _builder_version=\"4.18.0\" _module_preset=\"default\" max_width=\"1250px\" custom_padding_tablet=\"\" custom_padding_phone=\"30px||50px||false|false\" global_colors_info=\"{}\"][et_pb_column type=\"1_3\" _builder_version=\"4.18.0\" _module_preset=\"default\" global_colors_info=\"{}\"][et_pb_blurb title=\"Sauna finlandais ou Biosauna\" image=\"https:\/\/www.villadisotto.it\/wp-content\/uploads\/2025\/07\/VdS-5461.jpg\" _builder_version=\"4.27.4\" _module_preset=\"default\" header_font=\"|700|||||||\" header_font_size=\"21px\" global_colors_info=\"{}\"]<\/p>\n<p>Il est unique en ce sens qu'il peut offrir deux types de sauna diff\u00e9rents.<br \/>Il est particuli\u00e8rement recommand\u00e9 pour \u00e9liminer les toxines du corps et pour obtenir une sensation de bien-\u00eatre total et de relaxation mentale et physique.<\/p>\n<p>[\/et_pb_blurb][et_pb_image src=\"https:\/\/www.villadisotto.it\/wp-content\/uploads\/2022\/09\/sauna-svgrepo-com-1.png\" title_text=\"sauna-svgrepo-com-(1)\" align=\"center\" _builder_version=\"4.18.0\" _module_preset=\"default\" width=\"45%\" width_tablet=\"40%\" width_phone=\"35%\" width_last_edited=\"on|desktop\" global_colors_info=\"{}\"][\/et_pb_image][\/et_pb_column][et_pb_column type=\"1_3\" _builder_version=\"4.18.0\" _module_preset=\"default\" global_colors_info=\"{}\"][et_pb_blurb title=\"Douche sensorielle\" image=\"https:\/\/www.villadisotto.it\/wp-content\/uploads\/2025\/07\/VdS-5489.jpg\" _builder_version=\"4.27.4\" _module_preset=\"default\" header_font=\"|700|||||||\" header_font_size=\"21px\" global_colors_info=\"{}\"]<\/p>\n<p>Vous vivrez d'incroyables sensations de bien-\u00eatre magique gr\u00e2ce aux jeux de lumi\u00e8re, aux diff\u00e9rents jets d'eau et \u00e0 la senteur des essences aromatiques.<\/p>\n<p>[\/et_pb_blurb][\/et_pb_column][et_pb_column type=\"1_3\" _builder_version=\"4.18.0\" _module_preset=\"default\" global_colors_info=\"{}\"][et_pb_blurb title=\"Jacuzzi\" image=\"https:\/\/www.villadisotto.it\/wp-content\/uploads\/2025\/07\/VdS-5414.jpg\" _builder_version=\"4.27.4\" _module_preset=\"default\" header_font=\"|700|||||||\" header_font_size=\"21px\" global_colors_info=\"{}\"]<\/p>\n<p>Il est \u00e9quip\u00e9 de 19 jets et peut accueillir jusqu\u2019\u00e0 3 personnes : 2 si\u00e8ges ergonomiques et 1 si\u00e8ge lounge pour se d\u00e9tendre et immerger compl\u00e8tement le corps, assurant une action massante apaisante.<br \/>Il est \u00e9galement \u00e9quip\u00e9 de fonctionnalit\u00e9s avanc\u00e9es : la cascade et l\u2019\u00e9clairage LED pour une d\u00e9tente totale.  <span class=\"s1\"><strong>La temp\u00e9rature du jacuzzi peut varier de 32\u00b0 \u00e0 37\u00b0.<\/strong><\/span><\/p>\n<p>[\/et_pb_blurb][\/et_pb_column][\/et_pb_row][\/et_pb_section][et_pb_section fb_built=\"1\" custom_padding_last_edited=\"on|phone\" _builder_version=\"4.18.0\" _module_preset=\"default\" background_color=\"#f4f4f4\" custom_padding_tablet=\"\" custom_padding_phone=\"||20px||false|false\" global_colors_info=\"{}\"][et_pb_row column_structure=\"2_3,1_3\" custom_padding_last_edited=\"on|phone\" _builder_version=\"4.18.0\" _module_preset=\"default\" custom_padding=\"||||false|false\" custom_padding_tablet=\"||||false|false\" custom_padding_phone=\"30px||30px||true|false\" global_colors_info=\"{}\"][et_pb_column type=\"2_3\" _builder_version=\"4.18.0\" _module_preset=\"default\" global_colors_info=\"{}\"][et_pb_text _builder_version=\"4.27.4\" _module_preset=\"default\" global_colors_info=\"{}\"]<\/p>\n<p><em>L'ENTR\u00c9E <span style=\"text-decoration: underline;\">N'EST<\/span> PAS PERMISE aux enfants de moins de 16 ans et aux femmes enceintes.<\/em><\/p>\n<p><em><strong>Les r\u00e9servations sont obligatoires au moins <span style=\"text-decoration: underline;\">1 heure \u00e0 l'avance.<\/span><br \/><\/strong>Capacit\u00e9 maximale de 4 personnes<\/em><\/p>\n<p><strong>La salle de bain et le vestiaire \u00e0 l'int\u00e9rieur sont \u00e0 l'usage exclusif des h\u00f4tes de la Grotte.<br \/><\/strong>Il est possible de louer une serviette pour 5 \u20ac et un peignoir pour 8 \u20ac.<\/p>\n<p dir=\"ltr\"><span><em>_________<\/em><\/span><\/p>\n<p dir=\"ltr\"><span><em>Pour vous qui s\u00e9journez \u00e0 Villa di Sotto avez inclus:<\/em> <\/span><\/p>\n<ol>\n<li dir=\"ltr\"><em>l'entr\u00e9e quotidienne aux deux piscines ext\u00e9rieures panoramiques partag\u00e9es avec les autres clients; <\/em><\/li>\n<li dir=\"ltr\"><em>l'acc\u00e8s exclusif pendant 1 heure par jour, <strong>sur r\u00e9servation uniquement<\/strong>, \u00e0 l'un des trois espaces de bien-\u00eatre au choix: l'Espace d\u00e9tente\/Spa avec piscine \u00e0 d\u00e9bordement avec cascade et jacuzzi d'hydromassage, l'\u00cele du bien-\u00eatre avec jacuzzi d'hydromassage ext\u00e9rieur ultramoderne et la Grotte (\u00e2ge minimum d'admission: 16 ans) avec sauna finlandais ou biosauna, douche sensorielle et jacuzzi d'hydromassage.<\/em><br \/><strong><em>Si vous souhaitez<\/em> <em>utiliser les espaces de d\u00e9tente plus d'une heure par jour, le tarif horaire est de 15 \u20ac par personne pour l'\u00eele de bien-\u00eatre et de 20 \u20ac par personne pour la Grotte et l'Espace d\u00e9tente (selon les disponibilit\u00e9s).<\/em><\/strong><\/li>\n<\/ol>\n<p>[\/et_pb_text][\/et_pb_column][et_pb_column type=\"1_3\" _builder_version=\"4.18.0\" _module_preset=\"default\" global_colors_info=\"{}\"][et_pb_button button_url=\"tel:+393479327090\" button_text=\"R\u00e9servez\" button_alignment=\"right\" _builder_version=\"4.18.0\" custom_button=\"on\" button_text_size=\"18px\" button_text_color=\"#000000\" button_bg_color=\"#d3be80\" button_border_color=\"RGBA(0,0,0,0)\" button_font=\"|700|||||||\" button_icon=\"&#xf3cd;||fa||900\" custom_margin=\"||26px||false|false\" custom_margin_tablet=\"|||0px|false|false\" custom_margin_phone=\"\" custom_margin_last_edited=\"on|desktop\" custom_padding=\"|50px||50px|true|true\" button_text_size_tablet=\"18px\" button_text_size_phone=\"15px\" button_text_size_last_edited=\"on|phone\" global_colors_info=\"{}\"][\/et_pb_button][et_pb_button button_url=\"https:\/\/wa.me\/390577359127\" button_text=\"\u00c9crivez-nous sur WhatsApp\" button_alignment=\"right\" _builder_version=\"4.19.1\" custom_button=\"on\" button_text_size=\"18px\" button_text_color=\"#FFFFFF\" button_bg_color=\"#179d0d\" button_border_color=\"RGBA(0,0,0,0)\" button_font=\"|700|||||||\" button_icon=\"&#xf232;||fa||400\" custom_margin=\"||26px||false|false\" custom_margin_tablet=\"|||0px|false|false\" custom_margin_phone=\"\" custom_margin_last_edited=\"on|desktop\" custom_padding=\"|50px||50px|true|true\" button_text_size_tablet=\"18px\" button_text_size_phone=\"15px\" button_text_size_last_edited=\"on|phone\" global_colors_info=\"{}\"][\/et_pb_button][\/et_pb_column][\/et_pb_row][\/et_pb_section][et_pb_section fb_built=\"1\" module_id=\"v\" _builder_version=\"4.18.0\" _module_preset=\"default\" custom_padding=\"||0px||false|false\" global_colors_info=\"{}\"][et_pb_row custom_padding_last_edited=\"on|phone\" _builder_version=\"4.18.0\" _module_preset=\"default\" custom_padding_tablet=\"\" custom_padding_phone=\"30px||30px||true|false\" global_colors_info=\"{}\"][et_pb_column type=\"4_4\" _builder_version=\"4.16\" _module_preset=\"default\" global_colors_info=\"{}\"][et_pb_text _builder_version=\"4.19.3\" _module_preset=\"default\" global_colors_info=\"{}\"]<\/p>\n<h2><strong>Offrez un bon d'acc\u00e8s \u00e0 LA GROTTA<\/strong><\/h2>\n<p>[\/et_pb_text][et_pb_text _builder_version=\"4.18.0\" _module_preset=\"default\" global_colors_info=\"{}\"]<\/p>\n<div class=\"woocommerce columns-3 \"><ul class=\"products columns-3\">\n<li class=\"product type-product post-24700 status-publish first instock product_cat-detente-dans-le-chianti product_cat-la-grotte has-post-thumbnail downloadable shipping-taxable purchasable product-type-simple\">\n\t<a href=\"https:\/\/www.villadisotto.it\/fr\/prodotto\/reve-dans-une-grotte\/\" class=\"woocommerce-LoopProduct-link woocommerce-loop-product__link\"><span class=\"et_shop_image\"><img loading=\"lazy\" decoding=\"async\" width=\"500\" height=\"500\" src=\"https:\/\/www.villadisotto.it\/wp-content\/uploads\/2025\/07\/VdS-5478-500x500.jpg\" class=\"attachment-woocommerce_thumbnail size-woocommerce_thumbnail\" alt=\"R\u00eave dans une grotte\" \/><span class=\"et_overlay\"><\/span><\/span><h2 class=\"woocommerce-loop-product__title\">R\u00eave dans une grotte<\/h2>\n\t<span class=\"price\"><span class=\"woocommerce-Price-amount amount\"><bdi><span class=\"woocommerce-Price-currencySymbol\">&euro;<\/span>95,00<\/bdi><\/span><\/span>\n<\/a><span class=\"gtm4wp_productdata\" style=\"display:none; visibility:hidden;\" data-gtm4wp_product_data=\"{&quot;internal_id&quot;:24700,&quot;item_id&quot;:24700,&quot;item_name&quot;:&quot;R\\u00eave dans une grotte&quot;,&quot;sku&quot;:24700,&quot;price&quot;:95,&quot;stocklevel&quot;:null,&quot;stockstatus&quot;:&quot;instock&quot;,&quot;google_business_vertical&quot;:&quot;hotel_rental&quot;,&quot;item_category&quot;:&quot;la grotte&quot;,&quot;id&quot;:24700,&quot;productlink&quot;:&quot;https:\\\/\\\/www.villadisotto.it\\\/fr\\\/prodotto\\\/reve-dans-une-grotte\\\/&quot;,&quot;item_list_name&quot;:&quot;Liste g\\u00e9n\\u00e9rale des produits&quot;,&quot;index&quot;:1,&quot;product_type&quot;:&quot;simple&quot;,&quot;item_brand&quot;:&quot;&quot;}\"><\/span><\/li>\n<li class=\"product type-product post-24703 status-publish instock product_cat-detente-dans-le-chianti product_cat-la-grotte has-post-thumbnail sale downloadable shipping-taxable purchasable product-type-simple\">\n\t<a href=\"https:\/\/www.villadisotto.it\/fr\/prodotto\/chaleur-toscane\/\" class=\"woocommerce-LoopProduct-link woocommerce-loop-product__link\">\n\t<span class=\"onsale\">Promo\u00a0!<\/span>\n\t<span class=\"et_shop_image\"><img loading=\"lazy\" decoding=\"async\" width=\"500\" height=\"500\" src=\"https:\/\/www.villadisotto.it\/wp-content\/uploads\/2025\/07\/VdS-5465-500x500.jpg\" class=\"attachment-woocommerce_thumbnail size-woocommerce_thumbnail\" alt=\"Chaleur toscane\" \/><span class=\"et_overlay\"><\/span><\/span><h2 class=\"woocommerce-loop-product__title\">Chaleur toscane<\/h2>\n\t<span class=\"price\"><del aria-hidden=\"true\"><span class=\"woocommerce-Price-amount amount\"><bdi><span class=\"woocommerce-Price-currencySymbol\">&euro;<\/span>180,00<\/bdi><\/span><\/del> <span class=\"screen-reader-text\">Le prix initial \u00e9tait\u00a0: &euro;180,00.<\/span><ins aria-hidden=\"true\"><span class=\"woocommerce-Price-amount amount\"><bdi><span class=\"woocommerce-Price-currencySymbol\">&euro;<\/span>145,00<\/bdi><\/span><\/ins><span class=\"screen-reader-text\">Le prix actuel est\u00a0: &euro;145,00.<\/span><\/span>\n<\/a><span class=\"gtm4wp_productdata\" style=\"display:none; visibility:hidden;\" data-gtm4wp_product_data=\"{&quot;internal_id&quot;:24703,&quot;item_id&quot;:24703,&quot;item_name&quot;:&quot;Chaleur toscane&quot;,&quot;sku&quot;:24703,&quot;price&quot;:145,&quot;stocklevel&quot;:null,&quot;stockstatus&quot;:&quot;instock&quot;,&quot;google_business_vertical&quot;:&quot;hotel_rental&quot;,&quot;item_category&quot;:&quot;la grotte&quot;,&quot;id&quot;:24703,&quot;productlink&quot;:&quot;https:\\\/\\\/www.villadisotto.it\\\/fr\\\/prodotto\\\/chaleur-toscane\\\/&quot;,&quot;item_list_name&quot;:&quot;Liste g\\u00e9n\\u00e9rale des produits&quot;,&quot;index&quot;:2,&quot;product_type&quot;:&quot;simple&quot;,&quot;item_brand&quot;:&quot;&quot;}\"><\/span><\/li>\n<li class=\"product type-product post-24706 status-publish last instock product_cat-detente-dans-le-chianti product_cat-la-grotte has-post-thumbnail downloadable shipping-taxable purchasable product-type-simple\">\n\t<a href=\"https:\/\/www.villadisotto.it\/fr\/prodotto\/detox-dans-la-ville\/\" class=\"woocommerce-LoopProduct-link woocommerce-loop-product__link\"><span class=\"et_shop_image\"><img loading=\"lazy\" decoding=\"async\" width=\"500\" height=\"500\" src=\"https:\/\/www.villadisotto.it\/wp-content\/uploads\/2025\/07\/VdS-5414-500x500.jpg\" class=\"attachment-woocommerce_thumbnail size-woocommerce_thumbnail\" alt=\"Detox dans la Ville\" \/><span class=\"et_overlay\"><\/span><\/span><h2 class=\"woocommerce-loop-product__title\">Detox dans la Ville<\/h2>\n\t<span class=\"price\"><span class=\"woocommerce-Price-amount amount\"><bdi><span class=\"woocommerce-Price-currencySymbol\">&euro;<\/span>299,00<\/bdi><\/span><\/span>\n<\/a><span class=\"gtm4wp_productdata\" style=\"display:none; visibility:hidden;\" data-gtm4wp_product_data=\"{&quot;internal_id&quot;:24706,&quot;item_id&quot;:24706,&quot;item_name&quot;:&quot;Detox dans la Ville&quot;,&quot;sku&quot;:24706,&quot;price&quot;:299,&quot;stocklevel&quot;:null,&quot;stockstatus&quot;:&quot;instock&quot;,&quot;google_business_vertical&quot;:&quot;hotel_rental&quot;,&quot;item_category&quot;:&quot;la grotte&quot;,&quot;id&quot;:24706,&quot;productlink&quot;:&quot;https:\\\/\\\/www.villadisotto.it\\\/fr\\\/prodotto\\\/detox-dans-la-ville\\\/&quot;,&quot;item_list_name&quot;:&quot;Liste g\\u00e9n\\u00e9rale des produits&quot;,&quot;index&quot;:3,&quot;product_type&quot;:&quot;simple&quot;,&quot;item_brand&quot;:&quot;&quot;}\"><\/span><\/li>\n<\/ul>\n<\/div>\n<p>[\/et_pb_text][\/et_pb_column][\/et_pb_row][\/et_pb_section]<\/p>\n","protected":false},"excerpt":{"rendered":"<p>RITUEL DU BIEN-\u00caTRENous sommes situ\u00e9s \u00e0 l'int\u00e9rieur de la ferme principale: une fois que vous aurez p\u00e9n\u00e9tr\u00e9 dans ce petit coin de paradis, vous aurez \u00e0 votre disposition trois types de d\u00e9tente diff\u00e9rents... \u00e0 vivre.Il est unique en ce sens qu'il peut offrir deux types de sauna diff\u00e9rents.Il est particuli\u00e8rement recommand\u00e9 pour \u00e9liminer les toxines [&hellip;]<\/p>\n","protected":false},"author":1,"featured_media":23407,"parent":0,"menu_order":0,"comment_status":"closed","ping_status":"closed","template":"","meta":{"_et_pb_use_builder":"on","_et_pb_old_content":"","_et_gb_content_width":"","footnotes":""},"class_list":["post-23706","page","type-page","status-publish","has-post-thumbnail","hentry"],"yoast_head":"<!-- This site is optimized with the Yoast SEO plugin v27.2 - https:\/\/yoast.com\/product\/yoast-seo-wordpress\/ -->\n<title>B&amp;B avec sauna - jacuzzi - Toscane - Villa di Sotto<\/title>\n<meta name=\"description\" content=\"B&amp;B avec sauna | LA CAVE est l\u2019incroyable nouveaut\u00e9 de 2022 \u00e0 Villa di SottoNous sommes situ\u00e9s \u00e0 l\u2019int\u00e9rieur de la ferme principale...\" \/>\n<meta name=\"robots\" content=\"index, follow, max-snippet:-1, max-image-preview:large, max-video-preview:-1\" \/>\n<link rel=\"canonical\" href=\"https:\/\/www.villadisotto.it\/fr\/la-grotte-rituel-du-bien-etre\/\" \/>\n<meta property=\"og:locale\" content=\"fr_FR\" \/>\n<meta property=\"og:type\" content=\"article\" \/>\n<meta property=\"og:title\" content=\"B&amp;B avec sauna - jacuzzi - Toscane - Villa di Sotto\" \/>\n<meta property=\"og:description\" content=\"B&amp;B avec sauna | LA CAVE est l\u2019incroyable nouveaut\u00e9 de 2022 \u00e0 Villa di SottoNous sommes situ\u00e9s \u00e0 l\u2019int\u00e9rieur de la ferme principale...\" \/>\n<meta property=\"og:url\" content=\"https:\/\/www.villadisotto.it\/fr\/la-grotte-rituel-du-bien-etre\/\" \/>\n<meta property=\"og:site_name\" content=\"Villa di Sotto\" \/>\n<meta property=\"article:modified_time\" content=\"2025-08-08T11:15:32+00:00\" \/>\n<meta property=\"og:image\" content=\"https:\/\/www.villadisotto.it\/wp-content\/uploads\/2022\/09\/la-grotta-doccia-e-jacuzzi.jpg\" \/>\n\t<meta property=\"og:image:width\" content=\"1800\" \/>\n\t<meta property=\"og:image:height\" content=\"1200\" \/>\n\t<meta property=\"og:image:type\" content=\"image\/jpeg\" \/>\n<meta name=\"twitter:card\" content=\"summary_large_image\" \/>\n<meta name=\"twitter:label1\" content=\"Dur\u00e9e de lecture estim\u00e9e\" \/>\n\t<meta name=\"twitter:data1\" content=\"3 minutes\" \/>\n<script type=\"application\/ld+json\" class=\"yoast-schema-graph\">{\"@context\":\"https:\/\/schema.org\",\"@graph\":[{\"@type\":\"WebPage\",\"@id\":\"https:\/\/www.villadisotto.it\/fr\/la-grotte-rituel-du-bien-etre\/\",\"url\":\"https:\/\/www.villadisotto.it\/fr\/la-grotte-rituel-du-bien-etre\/\",\"name\":\"B&B avec sauna - jacuzzi - Toscane - Villa di Sotto\",\"isPartOf\":{\"@id\":\"https:\/\/www.villadisotto.it\/#website\"},\"primaryImageOfPage\":{\"@id\":\"https:\/\/www.villadisotto.it\/fr\/la-grotte-rituel-du-bien-etre\/#primaryimage\"},\"image\":{\"@id\":\"https:\/\/www.villadisotto.it\/fr\/la-grotte-rituel-du-bien-etre\/#primaryimage\"},\"thumbnailUrl\":\"https:\/\/www.villadisotto.it\/wp-content\/uploads\/2022\/09\/la-grotta-doccia-e-jacuzzi.jpg\",\"datePublished\":\"2022-11-07T15:08:25+00:00\",\"dateModified\":\"2025-08-08T11:15:32+00:00\",\"description\":\"B&B avec sauna | LA CAVE est l\u2019incroyable nouveaut\u00e9 de 2022 \u00e0 Villa di SottoNous sommes situ\u00e9s \u00e0 l\u2019int\u00e9rieur de la ferme principale...\",\"breadcrumb\":{\"@id\":\"https:\/\/www.villadisotto.it\/fr\/la-grotte-rituel-du-bien-etre\/#breadcrumb\"},\"inLanguage\":\"fr-FR\",\"potentialAction\":[{\"@type\":\"ReadAction\",\"target\":[\"https:\/\/www.villadisotto.it\/fr\/la-grotte-rituel-du-bien-etre\/\"]}]},{\"@type\":\"ImageObject\",\"inLanguage\":\"fr-FR\",\"@id\":\"https:\/\/www.villadisotto.it\/fr\/la-grotte-rituel-du-bien-etre\/#primaryimage\",\"url\":\"https:\/\/www.villadisotto.it\/wp-content\/uploads\/2022\/09\/la-grotta-doccia-e-jacuzzi.jpg\",\"contentUrl\":\"https:\/\/www.villadisotto.it\/wp-content\/uploads\/2022\/09\/la-grotta-doccia-e-jacuzzi.jpg\",\"width\":1800,\"height\":1200},{\"@type\":\"BreadcrumbList\",\"@id\":\"https:\/\/www.villadisotto.it\/fr\/la-grotte-rituel-du-bien-etre\/#breadcrumb\",\"itemListElement\":[{\"@type\":\"ListItem\",\"position\":1,\"name\":\"Home\",\"item\":\"https:\/\/www.villadisotto.it\/\"},{\"@type\":\"ListItem\",\"position\":2,\"name\":\"La Grotte - Rituel dU bien-\u00eatre\"}]},{\"@type\":\"WebSite\",\"@id\":\"https:\/\/www.villadisotto.it\/#website\",\"url\":\"https:\/\/www.villadisotto.it\/\",\"name\":\"Villa di Sotto\",\"description\":\"Il cuore del Chianti\",\"potentialAction\":[{\"@type\":\"SearchAction\",\"target\":{\"@type\":\"EntryPoint\",\"urlTemplate\":\"https:\/\/www.villadisotto.it\/?s={search_term_string}\"},\"query-input\":{\"@type\":\"PropertyValueSpecification\",\"valueRequired\":true,\"valueName\":\"search_term_string\"}}],\"inLanguage\":\"fr-FR\"}]}<\/script>\n<!-- \/ Yoast SEO plugin. -->","yoast_head_json":{"title":"B&B avec sauna - jacuzzi - Toscane - Villa di Sotto","description":"B&B avec sauna | LA CAVE est l\u2019incroyable nouveaut\u00e9 de 2022 \u00e0 Villa di SottoNous sommes situ\u00e9s \u00e0 l\u2019int\u00e9rieur de la ferme principale...","robots":{"index":"index","follow":"follow","max-snippet":"max-snippet:-1","max-image-preview":"max-image-preview:large","max-video-preview":"max-video-preview:-1"},"canonical":"https:\/\/www.villadisotto.it\/fr\/la-grotte-rituel-du-bien-etre\/","og_locale":"fr_FR","og_type":"article","og_title":"B&B avec sauna - jacuzzi - Toscane - Villa di Sotto","og_description":"B&B avec sauna | LA CAVE est l\u2019incroyable nouveaut\u00e9 de 2022 \u00e0 Villa di SottoNous sommes situ\u00e9s \u00e0 l\u2019int\u00e9rieur de la ferme principale...","og_url":"https:\/\/www.villadisotto.it\/fr\/la-grotte-rituel-du-bien-etre\/","og_site_name":"Villa di Sotto","article_modified_time":"2025-08-08T11:15:32+00:00","og_image":[{"width":1800,"height":1200,"url":"https:\/\/www.villadisotto.it\/wp-content\/uploads\/2022\/09\/la-grotta-doccia-e-jacuzzi.jpg","type":"image\/jpeg"}],"twitter_card":"summary_large_image","twitter_misc":{"Dur\u00e9e de lecture estim\u00e9e":"3 minutes"},"schema":{"@context":"https:\/\/schema.org","@graph":[{"@type":"WebPage","@id":"https:\/\/www.villadisotto.it\/fr\/la-grotte-rituel-du-bien-etre\/","url":"https:\/\/www.villadisotto.it\/fr\/la-grotte-rituel-du-bien-etre\/","name":"B&B avec sauna - jacuzzi - Toscane - Villa di Sotto","isPartOf":{"@id":"https:\/\/www.villadisotto.it\/#website"},"primaryImageOfPage":{"@id":"https:\/\/www.villadisotto.it\/fr\/la-grotte-rituel-du-bien-etre\/#primaryimage"},"image":{"@id":"https:\/\/www.villadisotto.it\/fr\/la-grotte-rituel-du-bien-etre\/#primaryimage"},"thumbnailUrl":"https:\/\/www.villadisotto.it\/wp-content\/uploads\/2022\/09\/la-grotta-doccia-e-jacuzzi.jpg","datePublished":"2022-11-07T15:08:25+00:00","dateModified":"2025-08-08T11:15:32+00:00","description":"B&B avec sauna | LA CAVE est l\u2019incroyable nouveaut\u00e9 de 2022 \u00e0 Villa di SottoNous sommes situ\u00e9s \u00e0 l\u2019int\u00e9rieur de la ferme principale...","breadcrumb":{"@id":"https:\/\/www.villadisotto.it\/fr\/la-grotte-rituel-du-bien-etre\/#breadcrumb"},"inLanguage":"fr-FR","potentialAction":[{"@type":"ReadAction","target":["https:\/\/www.villadisotto.it\/fr\/la-grotte-rituel-du-bien-etre\/"]}]},{"@type":"ImageObject","inLanguage":"fr-FR","@id":"https:\/\/www.villadisotto.it\/fr\/la-grotte-rituel-du-bien-etre\/#primaryimage","url":"https:\/\/www.villadisotto.it\/wp-content\/uploads\/2022\/09\/la-grotta-doccia-e-jacuzzi.jpg","contentUrl":"https:\/\/www.villadisotto.it\/wp-content\/uploads\/2022\/09\/la-grotta-doccia-e-jacuzzi.jpg","width":1800,"height":1200},{"@type":"BreadcrumbList","@id":"https:\/\/www.villadisotto.it\/fr\/la-grotte-rituel-du-bien-etre\/#breadcrumb","itemListElement":[{"@type":"ListItem","position":1,"name":"Home","item":"https:\/\/www.villadisotto.it\/"},{"@type":"ListItem","position":2,"name":"La Grotte - Rituel dU bien-\u00eatre"}]},{"@type":"WebSite","@id":"https:\/\/www.villadisotto.it\/#website","url":"https:\/\/www.villadisotto.it\/","name":"Villa di Sotto","description":"Il cuore del Chianti","potentialAction":[{"@type":"SearchAction","target":{"@type":"EntryPoint","urlTemplate":"https:\/\/www.villadisotto.it\/?s={search_term_string}"},"query-input":{"@type":"PropertyValueSpecification","valueRequired":true,"valueName":"search_term_string"}}],"inLanguage":"fr-FR"}]}},"_links":{"self":[{"href":"https:\/\/www.villadisotto.it\/fr\/wp-json\/wp\/v2\/pages\/23706","targetHints":{"allow":["GET"]}}],"collection":[{"href":"https:\/\/www.villadisotto.it\/fr\/wp-json\/wp\/v2\/pages"}],"about":[{"href":"https:\/\/www.villadisotto.it\/fr\/wp-json\/wp\/v2\/types\/page"}],"author":[{"embeddable":true,"href":"https:\/\/www.villadisotto.it\/fr\/wp-json\/wp\/v2\/users\/1"}],"replies":[{"embeddable":true,"href":"https:\/\/www.villadisotto.it\/fr\/wp-json\/wp\/v2\/comments?post=23706"}],"version-history":[{"count":28,"href":"https:\/\/www.villadisotto.it\/fr\/wp-json\/wp\/v2\/pages\/23706\/revisions"}],"predecessor-version":[{"id":29545,"href":"https:\/\/www.villadisotto.it\/fr\/wp-json\/wp\/v2\/pages\/23706\/revisions\/29545"}],"wp:featuredmedia":[{"embeddable":true,"href":"https:\/\/www.villadisotto.it\/fr\/wp-json\/wp\/v2\/media\/23407"}],"wp:attachment":[{"href":"https:\/\/www.villadisotto.it\/fr\/wp-json\/wp\/v2\/media?parent=23706"}],"curies":[{"name":"wp","href":"https:\/\/api.w.org\/{rel}","templated":true}]}}