{"id":2265,"date":"2019-07-02T14:47:06","date_gmt":"2019-07-02T12:47:06","guid":{"rendered":"https:\/\/www.villadisotto.it\/evenements\/"},"modified":"2020-12-30T10:20:31","modified_gmt":"2020-12-30T09:20:31","slug":"evenements","status":"publish","type":"page","link":"https:\/\/www.villadisotto.it\/fr\/evenements\/","title":{"rendered":"\u00c9v\u00e9nements"},"content":{"rendered":"<p>[et_pb_section fb_built=\"1\" custom_padding_last_edited=\"on|phone\" _builder_version=\"3.22.7\" background_color=\"rgba(0,0,0,0.34)\" use_background_color_gradient=\"on\" background_color_gradient_start=\"rgba(0,0,0,0.2)\" background_color_gradient_end=\"rgba(255,255,255,0)\" background_image=\"https:\/\/www.villadisotto.it\/wp-content\/uploads\/2019\/05\/villa-a-sesta-castelnuovo-berardenga-siena.jpg\" background_blend=\"overlay\" custom_margin=\"||-2px|||\" custom_padding=\"270px|0px|175px|0px|false|false\" custom_padding_tablet=\"\" custom_padding_phone=\"150px||70px|\"][et_pb_row _builder_version=\"3.25\"][et_pb_column type=\"4_4\" _builder_version=\"3.25\" custom_padding=\"|||\" custom_padding__hover=\"|||\"][et_pb_text _builder_version=\"3.27.4\" text_font=\"||||||||\" header_font=\"Petit Formal Script|700|||||||\" header_text_align=\"center\" header_text_color=\"#ffffff\" header_font_size=\"35px\" header_font_size_tablet=\"\" header_font_size_phone=\"\" header_font_size_last_edited=\"on|phone\"]<\/p>\n<h1>\u00c9v\u00e9nements<\/h1>\n<p>[\/et_pb_text][\/et_pb_column][\/et_pb_row][\/et_pb_section][et_pb_section fb_built=\"1\" _builder_version=\"4.0.7\" min_height=\"339px\" custom_padding=\"35px||||false|false\"][et_pb_row _builder_version=\"4.0.7\"][et_pb_column type=\"4_4\" _builder_version=\"4.0.7\"][et_pb_blog fullwidth=\"off\" include_categories=\"47\" excerpt_length=\"70\" show_author=\"off\" show_date=\"off\" show_categories=\"off\" _builder_version=\"4.0.7\"][\/et_pb_blog][\/et_pb_column][\/et_pb_row][\/et_pb_section]<\/p>\n","protected":false},"excerpt":{"rendered":"<p>\u00c9v\u00e9nements<\/p>\n","protected":false},"author":3,"featured_media":0,"parent":0,"menu_order":0,"comment_status":"closed","ping_status":"closed","template":"","meta":{"_et_pb_use_builder":"on","_et_pb_old_content":"","_et_gb_content_width":"","footnotes":""},"class_list":["post-2265","page","type-page","status-publish","hentry"],"yoast_head":"<!-- This site is optimized with the Yoast SEO plugin v27.2 - https:\/\/yoast.com\/product\/yoast-seo-wordpress\/ -->\n<title>\u00c9v\u00e9nements - Bed and Breakfast Villa di Sotto dans le Chianti<\/title>\n<meta name=\"description\" content=\"\u00c9v\u00e9nements | Nombreux sont les \u00e9v\u00e9nements dans les environs de Villa di Sotto: l&#039;Eroica di Gaiole, il Cicloturismo, Dit&#039;unto, l&#039;Ecomaratona...\" \/>\n<meta name=\"robots\" content=\"index, follow, max-snippet:-1, max-image-preview:large, max-video-preview:-1\" \/>\n<link rel=\"canonical\" href=\"https:\/\/www.villadisotto.it\/eventi\/\" \/>\n<meta property=\"og:locale\" content=\"fr_FR\" \/>\n<meta property=\"og:type\" content=\"article\" \/>\n<meta property=\"og:title\" content=\"\u00c9v\u00e9nements - Bed and Breakfast Villa di Sotto dans le Chianti\" \/>\n<meta property=\"og:description\" content=\"\u00c9v\u00e9nements | Nombreux sont les \u00e9v\u00e9nements dans les environs de Villa di Sotto: l&#039;Eroica di Gaiole, il Cicloturismo, Dit&#039;unto, l&#039;Ecomaratona...\" \/>\n<meta property=\"og:url\" content=\"https:\/\/www.villadisotto.it\/eventi\/\" \/>\n<meta property=\"og:site_name\" content=\"Villa di Sotto\" \/>\n<meta property=\"article:modified_time\" content=\"2020-12-30T09:20:31+00:00\" \/>\n<meta name=\"twitter:card\" content=\"summary_large_image\" \/>\n<meta name=\"twitter:label1\" content=\"Dur\u00e9e de lecture estim\u00e9e\" \/>\n\t<meta name=\"twitter:data1\" content=\"1 minute\" \/>\n<script type=\"application\/ld+json\" class=\"yoast-schema-graph\">{\"@context\":\"https:\/\/schema.org\",\"@graph\":[{\"@type\":\"WebPage\",\"@id\":\"https:\/\/www.villadisotto.it\/eventi\/\",\"url\":\"https:\/\/www.villadisotto.it\/eventi\/\",\"name\":\"\u00c9v\u00e9nements - Bed and Breakfast Villa di Sotto dans le Chianti\",\"isPartOf\":{\"@id\":\"https:\/\/www.villadisotto.it\/#website\"},\"datePublished\":\"2019-07-02T12:47:06+00:00\",\"dateModified\":\"2020-12-30T09:20:31+00:00\",\"description\":\"\u00c9v\u00e9nements | Nombreux sont les \u00e9v\u00e9nements dans les environs de Villa di Sotto: l'Eroica di Gaiole, il Cicloturismo, Dit'unto, l'Ecomaratona...\",\"breadcrumb\":{\"@id\":\"https:\/\/www.villadisotto.it\/eventi\/#breadcrumb\"},\"inLanguage\":\"fr-FR\",\"potentialAction\":[{\"@type\":\"ReadAction\",\"target\":[\"https:\/\/www.villadisotto.it\/eventi\/\"]}]},{\"@type\":\"BreadcrumbList\",\"@id\":\"https:\/\/www.villadisotto.it\/eventi\/#breadcrumb\",\"itemListElement\":[{\"@type\":\"ListItem\",\"position\":1,\"name\":\"Home\",\"item\":\"https:\/\/www.villadisotto.it\/\"},{\"@type\":\"ListItem\",\"position\":2,\"name\":\"\u00c9v\u00e9nements\"}]},{\"@type\":\"WebSite\",\"@id\":\"https:\/\/www.villadisotto.it\/#website\",\"url\":\"https:\/\/www.villadisotto.it\/\",\"name\":\"Villa di Sotto\",\"description\":\"Il cuore del Chianti\",\"potentialAction\":[{\"@type\":\"SearchAction\",\"target\":{\"@type\":\"EntryPoint\",\"urlTemplate\":\"https:\/\/www.villadisotto.it\/?s={search_term_string}\"},\"query-input\":{\"@type\":\"PropertyValueSpecification\",\"valueRequired\":true,\"valueName\":\"search_term_string\"}}],\"inLanguage\":\"fr-FR\"}]}<\/script>\n<!-- \/ Yoast SEO plugin. -->","yoast_head_json":{"title":"\u00c9v\u00e9nements - Bed and Breakfast Villa di Sotto dans le Chianti","description":"\u00c9v\u00e9nements | Nombreux sont les \u00e9v\u00e9nements dans les environs de Villa di Sotto: l'Eroica di Gaiole, il Cicloturismo, Dit'unto, l'Ecomaratona...","robots":{"index":"index","follow":"follow","max-snippet":"max-snippet:-1","max-image-preview":"max-image-preview:large","max-video-preview":"max-video-preview:-1"},"canonical":"https:\/\/www.villadisotto.it\/eventi\/","og_locale":"fr_FR","og_type":"article","og_title":"\u00c9v\u00e9nements - Bed and Breakfast Villa di Sotto dans le Chianti","og_description":"\u00c9v\u00e9nements | Nombreux sont les \u00e9v\u00e9nements dans les environs de Villa di Sotto: l'Eroica di Gaiole, il Cicloturismo, Dit'unto, l'Ecomaratona...","og_url":"https:\/\/www.villadisotto.it\/eventi\/","og_site_name":"Villa di Sotto","article_modified_time":"2020-12-30T09:20:31+00:00","twitter_card":"summary_large_image","twitter_misc":{"Dur\u00e9e de lecture estim\u00e9e":"1 minute"},"schema":{"@context":"https:\/\/schema.org","@graph":[{"@type":"WebPage","@id":"https:\/\/www.villadisotto.it\/eventi\/","url":"https:\/\/www.villadisotto.it\/eventi\/","name":"\u00c9v\u00e9nements - Bed and Breakfast Villa di Sotto dans le Chianti","isPartOf":{"@id":"https:\/\/www.villadisotto.it\/#website"},"datePublished":"2019-07-02T12:47:06+00:00","dateModified":"2020-12-30T09:20:31+00:00","description":"\u00c9v\u00e9nements | Nombreux sont les \u00e9v\u00e9nements dans les environs de Villa di Sotto: l'Eroica di Gaiole, il Cicloturismo, Dit'unto, l'Ecomaratona...","breadcrumb":{"@id":"https:\/\/www.villadisotto.it\/eventi\/#breadcrumb"},"inLanguage":"fr-FR","potentialAction":[{"@type":"ReadAction","target":["https:\/\/www.villadisotto.it\/eventi\/"]}]},{"@type":"BreadcrumbList","@id":"https:\/\/www.villadisotto.it\/eventi\/#breadcrumb","itemListElement":[{"@type":"ListItem","position":1,"name":"Home","item":"https:\/\/www.villadisotto.it\/"},{"@type":"ListItem","position":2,"name":"\u00c9v\u00e9nements"}]},{"@type":"WebSite","@id":"https:\/\/www.villadisotto.it\/#website","url":"https:\/\/www.villadisotto.it\/","name":"Villa di Sotto","description":"Il cuore del Chianti","potentialAction":[{"@type":"SearchAction","target":{"@type":"EntryPoint","urlTemplate":"https:\/\/www.villadisotto.it\/?s={search_term_string}"},"query-input":{"@type":"PropertyValueSpecification","valueRequired":true,"valueName":"search_term_string"}}],"inLanguage":"fr-FR"}]}},"_links":{"self":[{"href":"https:\/\/www.villadisotto.it\/fr\/wp-json\/wp\/v2\/pages\/2265","targetHints":{"allow":["GET"]}}],"collection":[{"href":"https:\/\/www.villadisotto.it\/fr\/wp-json\/wp\/v2\/pages"}],"about":[{"href":"https:\/\/www.villadisotto.it\/fr\/wp-json\/wp\/v2\/types\/page"}],"author":[{"embeddable":true,"href":"https:\/\/www.villadisotto.it\/fr\/wp-json\/wp\/v2\/users\/3"}],"replies":[{"embeddable":true,"href":"https:\/\/www.villadisotto.it\/fr\/wp-json\/wp\/v2\/comments?post=2265"}],"version-history":[{"count":15,"href":"https:\/\/www.villadisotto.it\/fr\/wp-json\/wp\/v2\/pages\/2265\/revisions"}],"predecessor-version":[{"id":5788,"href":"https:\/\/www.villadisotto.it\/fr\/wp-json\/wp\/v2\/pages\/2265\/revisions\/5788"}],"wp:attachment":[{"href":"https:\/\/www.villadisotto.it\/fr\/wp-json\/wp\/v2\/media?parent=2265"}],"curies":[{"name":"wp","href":"https:\/\/api.w.org\/{rel}","templated":true}]}}