{"id":2252,"date":"2019-07-01T13:53:35","date_gmt":"2019-07-01T11:53:35","guid":{"rendered":"https:\/\/www.villadisotto.it\/eroica-gaiole\/"},"modified":"2020-12-30T10:19:40","modified_gmt":"2020-12-30T09:19:40","slug":"eroica-gaiole","status":"publish","type":"page","link":"https:\/\/www.villadisotto.it\/fr\/eroica-gaiole\/","title":{"rendered":"Eroica Gaiole"},"content":{"rendered":"<p>[et_pb_section fb_built=\"1\" _builder_version=\"3.22.7\" background_color_gradient_direction=\"354deg\" background_image=\"https:\/\/www.villadisotto.it\/wp-content\/uploads\/2019\/04\/eroica-immagine-di-copertina.jpg\" custom_padding=\"150px|0px|150px|0px|true|false\"][et_pb_row _builder_version=\"3.25\"][et_pb_column type=\"4_4\" _builder_version=\"3.25\" custom_padding=\"|||\" custom_padding__hover=\"|||\"][et_pb_text _builder_version=\"3.27.4\" header_font=\"Petit Formal Script|700|||||||\" header_font_size=\"40px\" header_2_font=\"Petit Formal Script||||||||\" header_font_size_tablet=\"\" header_font_size_phone=\"30px\" header_font_size_last_edited=\"on|phone\"]<\/p>\n<h1 style=\"text-align: center\"><span style=\"color: #ffffff\">L'Eroica<\/span><\/h1>\n<p>[\/et_pb_text][\/et_pb_column][\/et_pb_row][\/et_pb_section][et_pb_section fb_built=\"1\" _builder_version=\"3.22.3\" custom_padding=\"32px|0px|22px|0px|false|false\"][et_pb_row _builder_version=\"3.25\" background_size=\"initial\" background_position=\"top_left\" background_repeat=\"repeat\" max_width=\"857px\" use_custom_width=\"on\" custom_width_px=\"857px\"][et_pb_column type=\"4_4\" _builder_version=\"3.25\" custom_padding=\"|||\" custom_padding__hover=\"|||\"][et_pb_text _builder_version=\"3.29.3\" header_font=\"||||||||\" header_2_font=\"Petit Formal Script|700|||||||\" header_2_line_height=\"1.5em\" background_size=\"initial\" background_position=\"top_left\" background_repeat=\"repeat\" header_2_font_size_tablet=\"\" header_2_font_size_phone=\"23px\" header_2_font_size_last_edited=\"on|phone\"]<\/p>\n<h2 style=\"text-align: center\"><span>Le territoire du Chianti a le pouvoir de transformer le cyclisme en un \u00e9v\u00e9nement culturel <\/span><\/h2>\n<p style=\"text-align: center\"><span><strong>Nous parlons de l\u2019Eroica, d\u00e9sormais un rendez-vous de succ\u00e8s pour le territoire du Chianti<\/strong> <\/span><\/p>\n<p style=\"text-align: justify\"><span>Imagin\u00e9e et promue par l\u2019Associazione Parco Ciclistico del Chianti, l\u2019Eroica est une comp\u00e9tition o\u00f9 le classement compte peu ou rien par rapport au contenu qui inspire l'\u00e9v\u00e9nement. <\/span><\/p>\n<p style=\"text-align: justify\"><span>En ce jour, comme par magie, le cyclisme qui enthousiasmait l\u2019Italie enti\u00e8re divis\u00e9e entre Coppi et Bartali revient \u00e0 \u00eatre actuel comment les v\u00e9los d\u2019\u00e9poque, les maillots de laine et les chambres d\u2019air \u00e0 bandouli\u00e8re. <\/span><\/p>\n<p style=\"text-align: justify\"><span>Les chemins de terre du Chianti sont des protagonistes qui s'affirment comme des symboles d\u2019une viabilit\u00e9 \u00e0 la mesure de l\u2019homme et d\u2019un lieu d\u00e9cid\u00e9ment appropri\u00e9e pour ceux qui aiment la p\u00e9dale. <\/span><\/p>\n<p style=\"text-align: justify\"><span>L\u2019h\u00e9ro\u00efque a trois parcours, dont deux tr\u00e8s difficiles (200 et 145 km) pour cyclistes entra\u00een\u00e9s, tandis que pour des cyclistes plus calmes le parcours tourne autour de 70 km; les participants ne sont pas autoris\u00e9s \u00e0 utiliser de VTT ou v\u00e9lo de route \"contemporains\". <\/span><\/p>\n<p style=\"text-align: justify\"><span>Il s\u2019agit en effet d\u2019une reconstitution avec des v\u00e9los anciens o\u00f9 les cyclistes adaptent aussi leurs v\u00eatements au niveau de l'\u00e9v\u00e9nement. A la suite des \"eroi\" il y a un cordon de voitures et de motos d\u2019\u00e9poque. <\/span><\/p>\n<p style=\"text-align: justify\"><strong>L'Eroica a g\u00e9n\u00e9ralement lieu le premier dimanche d\u2019octobre en conjonction avec le rituel traditionnel de la r\u00e9colte. <\/strong><\/p>\n<p style=\"text-align: justify\"><span>L\u2019\u00e9v\u00e9nement s'accompagne d\u2019une s\u00e9rie de manifestations secondaires comme l\u2019exposition de v\u00e9los avec plus d\u2019un demi-si\u00e8cle de vie et des expositions photographiques sur le th\u00e8me du cyclisme h\u00e9ro\u00efque qui enrichissent consid\u00e9rablement son contenu et transforment la place de Gaiole in Chianti dans un point de rencontre accueillant.<\/span><\/p>\n<p>[\/et_pb_text][\/et_pb_column][\/et_pb_row][\/et_pb_section][et_pb_section fb_built=\"1\" _builder_version=\"3.22.3\" custom_padding=\"29px|0px|35px|0px|false|false\"][et_pb_row use_custom_gutter=\"on\" gutter_width=\"2\" module_class=\" et_pb_row_fullwidth\" _builder_version=\"3.25\" width=\"94%\" width_tablet=\"80%\" width_phone=\"\" width_last_edited=\"on|desktop\" max_width=\"94%\" max_width_tablet=\"80%\" max_width_phone=\"\" max_width_last_edited=\"on|desktop\" module_alignment=\"center\" make_fullwidth=\"on\"][et_pb_column type=\"4_4\" _builder_version=\"3.25\" custom_padding=\"|||\" custom_padding__hover=\"|||\"][et_pb_gallery gallery_ids=\"2253,2480,2479,2478\" show_title_and_caption=\"off\" show_pagination=\"off\" _builder_version=\"3.22.7\"][\/et_pb_gallery][\/et_pb_column][\/et_pb_row][\/et_pb_section]<\/p>\n","protected":false},"excerpt":{"rendered":"<p>L'EroicaLe territoire du Chianti a le pouvoir de transformer le cyclisme en un \u00e9v\u00e9nement culturel Nous parlons de l\u2019Eroica, d\u00e9sormais un rendez-vous de succ\u00e8s pour le territoire du Chianti Imagin\u00e9e et promue par l\u2019Associazione Parco Ciclistico del Chianti, l\u2019Eroica est une comp\u00e9tition o\u00f9 le classement compte peu ou rien par rapport au contenu qui inspire [&hellip;]<\/p>\n","protected":false},"author":3,"featured_media":2253,"parent":0,"menu_order":0,"comment_status":"closed","ping_status":"closed","template":"","meta":{"_et_pb_use_builder":"on","_et_pb_old_content":"","_et_gb_content_width":"","footnotes":""},"class_list":["post-2252","page","type-page","status-publish","has-post-thumbnail","hentry"],"yoast_head":"<!-- This site is optimized with the Yoast SEO plugin v27.2 - https:\/\/yoast.com\/product\/yoast-seo-wordpress\/ -->\n<title>Eroica Gaiole in Chianti - Cyclisme en Toscane Villa di Sotto<\/title>\n<meta name=\"description\" content=\"Le territoire du Chianti a le pouvoir de transformer le cyclisme en un \u00e9v\u00e9nement culturel. Nous parlons de l\u2019Eroica, d\u00e9sormais un rendez...\" \/>\n<meta name=\"robots\" content=\"index, follow, max-snippet:-1, max-image-preview:large, max-video-preview:-1\" \/>\n<link rel=\"canonical\" href=\"https:\/\/www.villadisotto.it\/eroica-gaiole\/\" \/>\n<meta property=\"og:locale\" content=\"fr_FR\" \/>\n<meta property=\"og:type\" content=\"article\" \/>\n<meta property=\"og:title\" content=\"Eroica Gaiole in Chianti - Cyclisme en Toscane Villa di Sotto\" \/>\n<meta property=\"og:description\" content=\"Le territoire du Chianti a le pouvoir de transformer le cyclisme en un \u00e9v\u00e9nement culturel. Nous parlons de l\u2019Eroica, d\u00e9sormais un rendez...\" \/>\n<meta property=\"og:url\" content=\"https:\/\/www.villadisotto.it\/eroica-gaiole\/\" \/>\n<meta property=\"og:site_name\" content=\"Villa di Sotto\" \/>\n<meta property=\"article:modified_time\" content=\"2020-12-30T09:19:40+00:00\" \/>\n<meta property=\"og:image\" content=\"https:\/\/www.villadisotto.it\/wp-content\/uploads\/2019\/04\/eroica-immagine-di-copertina.jpg\" \/>\n\t<meta property=\"og:image:width\" content=\"1600\" \/>\n\t<meta property=\"og:image:height\" content=\"1029\" \/>\n\t<meta property=\"og:image:type\" content=\"image\/jpeg\" \/>\n<meta name=\"twitter:card\" content=\"summary_large_image\" \/>\n<meta name=\"twitter:label1\" content=\"Dur\u00e9e de lecture estim\u00e9e\" \/>\n\t<meta name=\"twitter:data1\" content=\"3 minutes\" \/>\n<script type=\"application\/ld+json\" class=\"yoast-schema-graph\">{\"@context\":\"https:\/\/schema.org\",\"@graph\":[{\"@type\":\"WebPage\",\"@id\":\"https:\/\/www.villadisotto.it\/eroica-gaiole\/\",\"url\":\"https:\/\/www.villadisotto.it\/eroica-gaiole\/\",\"name\":\"Eroica Gaiole in Chianti - Cyclisme en Toscane Villa di Sotto\",\"isPartOf\":{\"@id\":\"https:\/\/www.villadisotto.it\/#website\"},\"primaryImageOfPage\":{\"@id\":\"https:\/\/www.villadisotto.it\/eroica-gaiole\/#primaryimage\"},\"image\":{\"@id\":\"https:\/\/www.villadisotto.it\/eroica-gaiole\/#primaryimage\"},\"thumbnailUrl\":\"https:\/\/www.villadisotto.it\/wp-content\/uploads\/2019\/04\/eroica-immagine-di-copertina.jpg\",\"datePublished\":\"2019-07-01T11:53:35+00:00\",\"dateModified\":\"2020-12-30T09:19:40+00:00\",\"description\":\"Le territoire du Chianti a le pouvoir de transformer le cyclisme en un \u00e9v\u00e9nement culturel. Nous parlons de l\u2019Eroica, d\u00e9sormais un rendez...\",\"breadcrumb\":{\"@id\":\"https:\/\/www.villadisotto.it\/eroica-gaiole\/#breadcrumb\"},\"inLanguage\":\"fr-FR\",\"potentialAction\":[{\"@type\":\"ReadAction\",\"target\":[\"https:\/\/www.villadisotto.it\/eroica-gaiole\/\"]}]},{\"@type\":\"ImageObject\",\"inLanguage\":\"fr-FR\",\"@id\":\"https:\/\/www.villadisotto.it\/eroica-gaiole\/#primaryimage\",\"url\":\"https:\/\/www.villadisotto.it\/wp-content\/uploads\/2019\/04\/eroica-immagine-di-copertina.jpg\",\"contentUrl\":\"https:\/\/www.villadisotto.it\/wp-content\/uploads\/2019\/04\/eroica-immagine-di-copertina.jpg\",\"width\":1600,\"height\":1029,\"caption\":\"Eroica Gaiole\"},{\"@type\":\"BreadcrumbList\",\"@id\":\"https:\/\/www.villadisotto.it\/eroica-gaiole\/#breadcrumb\",\"itemListElement\":[{\"@type\":\"ListItem\",\"position\":1,\"name\":\"Home\",\"item\":\"https:\/\/www.villadisotto.it\/\"},{\"@type\":\"ListItem\",\"position\":2,\"name\":\"Eroica Gaiole\"}]},{\"@type\":\"WebSite\",\"@id\":\"https:\/\/www.villadisotto.it\/#website\",\"url\":\"https:\/\/www.villadisotto.it\/\",\"name\":\"Villa di Sotto\",\"description\":\"Il cuore del Chianti\",\"potentialAction\":[{\"@type\":\"SearchAction\",\"target\":{\"@type\":\"EntryPoint\",\"urlTemplate\":\"https:\/\/www.villadisotto.it\/?s={search_term_string}\"},\"query-input\":{\"@type\":\"PropertyValueSpecification\",\"valueRequired\":true,\"valueName\":\"search_term_string\"}}],\"inLanguage\":\"fr-FR\"}]}<\/script>\n<!-- \/ Yoast SEO plugin. -->","yoast_head_json":{"title":"Eroica Gaiole in Chianti - Cyclisme en Toscane Villa di Sotto","description":"Le territoire du Chianti a le pouvoir de transformer le cyclisme en un \u00e9v\u00e9nement culturel. Nous parlons de l\u2019Eroica, d\u00e9sormais un rendez...","robots":{"index":"index","follow":"follow","max-snippet":"max-snippet:-1","max-image-preview":"max-image-preview:large","max-video-preview":"max-video-preview:-1"},"canonical":"https:\/\/www.villadisotto.it\/eroica-gaiole\/","og_locale":"fr_FR","og_type":"article","og_title":"Eroica Gaiole in Chianti - Cyclisme en Toscane Villa di Sotto","og_description":"Le territoire du Chianti a le pouvoir de transformer le cyclisme en un \u00e9v\u00e9nement culturel. Nous parlons de l\u2019Eroica, d\u00e9sormais un rendez...","og_url":"https:\/\/www.villadisotto.it\/eroica-gaiole\/","og_site_name":"Villa di Sotto","article_modified_time":"2020-12-30T09:19:40+00:00","og_image":[{"width":1600,"height":1029,"url":"https:\/\/www.villadisotto.it\/wp-content\/uploads\/2019\/04\/eroica-immagine-di-copertina.jpg","type":"image\/jpeg"}],"twitter_card":"summary_large_image","twitter_misc":{"Dur\u00e9e de lecture estim\u00e9e":"3 minutes"},"schema":{"@context":"https:\/\/schema.org","@graph":[{"@type":"WebPage","@id":"https:\/\/www.villadisotto.it\/eroica-gaiole\/","url":"https:\/\/www.villadisotto.it\/eroica-gaiole\/","name":"Eroica Gaiole in Chianti - Cyclisme en Toscane Villa di Sotto","isPartOf":{"@id":"https:\/\/www.villadisotto.it\/#website"},"primaryImageOfPage":{"@id":"https:\/\/www.villadisotto.it\/eroica-gaiole\/#primaryimage"},"image":{"@id":"https:\/\/www.villadisotto.it\/eroica-gaiole\/#primaryimage"},"thumbnailUrl":"https:\/\/www.villadisotto.it\/wp-content\/uploads\/2019\/04\/eroica-immagine-di-copertina.jpg","datePublished":"2019-07-01T11:53:35+00:00","dateModified":"2020-12-30T09:19:40+00:00","description":"Le territoire du Chianti a le pouvoir de transformer le cyclisme en un \u00e9v\u00e9nement culturel. Nous parlons de l\u2019Eroica, d\u00e9sormais un rendez...","breadcrumb":{"@id":"https:\/\/www.villadisotto.it\/eroica-gaiole\/#breadcrumb"},"inLanguage":"fr-FR","potentialAction":[{"@type":"ReadAction","target":["https:\/\/www.villadisotto.it\/eroica-gaiole\/"]}]},{"@type":"ImageObject","inLanguage":"fr-FR","@id":"https:\/\/www.villadisotto.it\/eroica-gaiole\/#primaryimage","url":"https:\/\/www.villadisotto.it\/wp-content\/uploads\/2019\/04\/eroica-immagine-di-copertina.jpg","contentUrl":"https:\/\/www.villadisotto.it\/wp-content\/uploads\/2019\/04\/eroica-immagine-di-copertina.jpg","width":1600,"height":1029,"caption":"Eroica Gaiole"},{"@type":"BreadcrumbList","@id":"https:\/\/www.villadisotto.it\/eroica-gaiole\/#breadcrumb","itemListElement":[{"@type":"ListItem","position":1,"name":"Home","item":"https:\/\/www.villadisotto.it\/"},{"@type":"ListItem","position":2,"name":"Eroica Gaiole"}]},{"@type":"WebSite","@id":"https:\/\/www.villadisotto.it\/#website","url":"https:\/\/www.villadisotto.it\/","name":"Villa di Sotto","description":"Il cuore del Chianti","potentialAction":[{"@type":"SearchAction","target":{"@type":"EntryPoint","urlTemplate":"https:\/\/www.villadisotto.it\/?s={search_term_string}"},"query-input":{"@type":"PropertyValueSpecification","valueRequired":true,"valueName":"search_term_string"}}],"inLanguage":"fr-FR"}]}},"_links":{"self":[{"href":"https:\/\/www.villadisotto.it\/fr\/wp-json\/wp\/v2\/pages\/2252","targetHints":{"allow":["GET"]}}],"collection":[{"href":"https:\/\/www.villadisotto.it\/fr\/wp-json\/wp\/v2\/pages"}],"about":[{"href":"https:\/\/www.villadisotto.it\/fr\/wp-json\/wp\/v2\/types\/page"}],"author":[{"embeddable":true,"href":"https:\/\/www.villadisotto.it\/fr\/wp-json\/wp\/v2\/users\/3"}],"replies":[{"embeddable":true,"href":"https:\/\/www.villadisotto.it\/fr\/wp-json\/wp\/v2\/comments?post=2252"}],"version-history":[{"count":10,"href":"https:\/\/www.villadisotto.it\/fr\/wp-json\/wp\/v2\/pages\/2252\/revisions"}],"predecessor-version":[{"id":11913,"href":"https:\/\/www.villadisotto.it\/fr\/wp-json\/wp\/v2\/pages\/2252\/revisions\/11913"}],"wp:featuredmedia":[{"embeddable":true,"href":"https:\/\/www.villadisotto.it\/fr\/wp-json\/wp\/v2\/media\/2253"}],"wp:attachment":[{"href":"https:\/\/www.villadisotto.it\/fr\/wp-json\/wp\/v2\/media?parent=2252"}],"curies":[{"name":"wp","href":"https:\/\/api.w.org\/{rel}","templated":true}]}}