{"id":2239,"date":"2019-07-01T13:21:46","date_gmt":"2019-07-01T11:21:46","guid":{"rendered":"https:\/\/www.villadisotto.it\/oenotheque-chianti-oenotheque\/"},"modified":"2024-10-28T17:53:30","modified_gmt":"2024-10-28T16:53:30","slug":"oenotheque-chianti-oenotheque","status":"publish","type":"page","link":"https:\/\/www.villadisotto.it\/fr\/oenotheque-chianti-oenotheque\/","title":{"rendered":"Oenoth\u00e8que Chianti - Oenoth\u00e8que"},"content":{"rendered":"<p>[et_pb_section fb_built=\"1\" fullwidth=\"on\" _builder_version=\"4.16\" _module_preset=\"default\" locked=\"off\" global_colors_info=\"{}\"][et_pb_fullwidth_header title=\"Oenoth\u00e8que\" text_orientation=\"center\" _builder_version=\"4.16\" _module_preset=\"default\" title_font=\"Petit Formal Script|700|||||||\" title_font_size=\"60px\" background_enable_color=\"off\" background_image=\"https:\/\/www.villadisotto.it\/wp-content\/uploads\/2021\/11\/VdSC-2102-1.jpg\" background_position=\"bottom_right\" width=\"100%\" custom_padding=\"300px||300px||true|false\" custom_padding_tablet=\"300px||300px||true|false\" custom_padding_phone=\"125px||125px||true|false\" custom_padding_last_edited=\"on|phone\" title_font_size_tablet=\"60px\" title_font_size_phone=\"30px\" title_font_size_last_edited=\"on|desktop\" background_last_edited=\"on|phone\" background_image_phone=\"https:\/\/www.villadisotto.it\/wp-content\/uploads\/2022\/01\/enoteca-m.jpg\" background_enable_image_phone=\"on\" background_position_phone=\"center\" title_text_shadow_style=\"preset1\" global_colors_info=\"{}\"][\/et_pb_fullwidth_header][\/et_pb_section][et_pb_section fb_built=\"1\" _builder_version=\"4.16\" custom_padding=\"22px|0px|11px|0px|false|false\" global_colors_info=\"{}\"][et_pb_row _builder_version=\"4.16\" custom_padding=\"27px|0px|9px|0px|false|false\" global_colors_info=\"{}\"][et_pb_column type=\"4_4\" _builder_version=\"4.16\" custom_padding=\"|||\" global_colors_info=\"{}\" custom_padding__hover=\"|||\"][et_pb_text _builder_version=\"4.16\" header_font=\"Petit Formal Script|700|||||||\" header_line_height=\"1.3em\" header_2_font=\"Petit Formal Script|700|||||||\" header_font_size_tablet=\"\" header_font_size_phone=\"25px\" header_font_size_last_edited=\"on|phone\" global_colors_info=\"{}\"]<\/p>\n<h1 style=\"text-align: center;\">Oenoth\u00e8que dans le vignoble<\/h1>\n<p style=\"text-align: center;\"><strong>Notre s\u00e9lection de vins<\/strong><\/p>\n<p>[\/et_pb_text][et_pb_text _builder_version=\"4.16\" global_colors_info=\"{}\"]<\/p>\n<p style=\"text-align: center;\"><span>\u00c0 Villa di Sotto, vous trouverez un'Oenoth\u00e8que bien achaland\u00e9 o\u00f9 vous pourrez comparer une large s\u00e9lection de vins locaux et non locaux, ainsi que les go\u00fbter et les acheter.<\/span><\/p>\n<p>[\/et_pb_text][\/et_pb_column][\/et_pb_row][\/et_pb_section][et_pb_section fb_built=\"1\" _builder_version=\"4.16\" custom_padding=\"16px|0px|54px|0px|false|false\" global_colors_info=\"{}\"][et_pb_row column_structure=\"3_5,2_5\" custom_padding_last_edited=\"on|phone\" _builder_version=\"4.16\" background_size=\"initial\" background_position=\"top_left\" background_repeat=\"repeat\" custom_padding=\"0|0px|0|0px|false|false\" custom_padding_tablet=\"\" custom_padding_phone=\"0px|||\" border_width_bottom=\"1px\" border_color_bottom=\"#d3be80\" global_colors_info=\"{}\"][et_pb_column type=\"3_5\" _builder_version=\"4.16\" custom_padding=\"|||\" global_colors_info=\"{}\" custom_padding__hover=\"|||\"][et_pb_gallery gallery_ids=\"19848,19853,19858,2513\" fullwidth=\"on\" _builder_version=\"4.16\" auto=\"on\" auto_speed=\"4000\" border_radii=\"on|4px|4px|4px|4px\" global_colors_info=\"{}\"][\/et_pb_gallery][\/et_pb_column][et_pb_column type=\"2_5\" _builder_version=\"4.16\" custom_padding=\"|||\" global_colors_info=\"{}\" custom_padding__hover=\"|||\"][et_pb_text _builder_version=\"4.16\" text_font=\"||||||||\" text_line_height=\"2em\" background_size=\"initial\" background_position=\"top_left\" background_repeat=\"repeat\" custom_margin=\"||||true|true\" custom_padding=\"20px|25px|20px|25px|true|true\" custom_padding_tablet=\"\" custom_padding_phone=\"0px|10px|0px|10px|true|true\" custom_padding_last_edited=\"on|desktop\" global_colors_info=\"{}\"]<\/p>\n<p style=\"text-align: center;\"><span>Dans l'Oenoth\u00e8que, vous trouverez des vins rouges, des vins blancs, du prosecco, des vins ros\u00e9s, du vinsanto, de la grappa, mais aussi du limoncello et certains des amers les plus populaires. <\/span><\/p>\n<p style=\"text-align: center;\"><span>Notre \u0153noth\u00e8que permet \u00e0 tous ceux qui aiment le vin de consacrer du temps \u00e0 cette passion et de la partager avec les personnes les plus proches. <\/span><\/p>\n<p style=\"text-align: center;\"><span>L'Oenoth\u00e8que Villa di Sotto se trouve \u00e0 l'int\u00e9rieur du restaurant, au premier \u00e9tage. Un lieu con\u00e7u et \u00e9tudi\u00e9 dans le style et attentif au maintien des propri\u00e9t\u00e9s gustatives et organoleptiques des vins.<\/span><\/p>\n<p>[\/et_pb_text][\/et_pb_column][\/et_pb_row][et_pb_row column_structure=\"3_5,2_5\" use_custom_gutter=\"on\" gutter_width=\"2\" _builder_version=\"4.16\" background_size=\"initial\" background_position=\"top_left\" background_repeat=\"repeat\" custom_padding=\"30px|0px|27px|0px|false|false\" border_width_bottom=\"1px\" border_color_bottom=\"#d3be80\" global_colors_info=\"{}\"][et_pb_column type=\"3_5\" _builder_version=\"4.16\" custom_padding=\"|||\" global_colors_info=\"{}\" custom_padding__hover=\"|||\"][et_pb_gallery gallery_ids=\"2512,2511,19863,8136,2472\" fullwidth=\"on\" _builder_version=\"4.16\" auto=\"on\" auto_speed=\"4000\" border_radii=\"on|4px|4px|4px|4px\" global_colors_info=\"{}\"][\/et_pb_gallery][\/et_pb_column][et_pb_column type=\"2_5\" _builder_version=\"4.16\" custom_padding=\"|||\" global_colors_info=\"{}\" custom_padding__hover=\"|||\"][et_pb_text _builder_version=\"4.16\" text_font=\"||||||||\" text_line_height=\"2em\" background_size=\"initial\" background_position=\"top_left\" background_repeat=\"repeat\" custom_margin=\"||||true|true\" custom_padding=\"60px|25px|60px|25px|true|true\" custom_padding_tablet=\"\" custom_padding_phone=\"0px|10px|0px|10px|true|true\" custom_padding_last_edited=\"on|desktop\" global_colors_info=\"{}\"]<\/p>\n<p style=\"text-align: center;\"><span>Villa di Sotto effectue \u00e9galement des exp\u00e9ditions dans toute l\u2019Italie afin que nos vins puissent \u00eatre d\u00e9gust\u00e9s entre amis ou en famille.<\/span><\/p>\n<p style=\"text-align: center;\"><span>En outre, vous pouvez trouver une vari\u00e9t\u00e9 de produits locaux typiques tels que le miel, les ricciarelli, les cantucci, l'huile d'olive extra vierge et les p\u00e2tes fra\u00eeches faites par nous.<\/span><\/p>\n<p>[\/et_pb_text][\/et_pb_column][\/et_pb_row][\/et_pb_section][et_pb_section fb_built=\"1\" _builder_version=\"4.16\" background_color=\"rgba(211,190,128,0.13)\" background_color_gradient_start=\"rgba(175,21,21,0.6)\" background_color_gradient_end=\"#ffffff\" custom_padding=\"30px|0px|30px|0px|true|false\" locked=\"off\" global_colors_info=\"{}\"][et_pb_row column_structure=\"1_4,3_4\" _builder_version=\"4.16\" global_colors_info=\"{}\"][et_pb_column type=\"1_4\" _builder_version=\"4.16\" custom_padding=\"|||\" global_colors_info=\"{}\" custom_padding__hover=\"|||\"][et_pb_text _builder_version=\"4.16\" _module_preset=\"default\" custom_padding=\"60px|||||\" global_colors_info=\"{}\"]<\/p>\n<h3><strong>Offrez ou offrez-vous l'exp\u00e9rience.<\/strong><\/h3>\n<p><strong>D\u00e9couvrez nos forfaits et choisissez celui qui vous convient le mieux.<br \/><\/strong><strong>D\u00e9couvrez, ou faites d\u00e9couvrir \u00e0 ceux que vous aimez, le v\u00e9ritable go\u00fbt du Chianti Classico.<\/strong><\/p>\n<p>[\/et_pb_text][\/et_pb_column][et_pb_column type=\"3_4\" _builder_version=\"4.16\" custom_padding=\"|||\" global_colors_info=\"{}\" custom_padding__hover=\"|||\"][et_pb_blurb title=\"D\u00e9gustation de vin\" url=\"https:\/\/www.villadisotto.it\/fr\/degustation-de-vin-dans-la-region-du-chianti-classico\/\" image=\"https:\/\/www.villadisotto.it\/wp-content\/uploads\/2019\/04\/vino-enoteca-villa-di-sotto.jpg\" _builder_version=\"4.16\" header_font=\"Petit Formal Script|700|||||||\" header_text_align=\"center\" header_font_size=\"21px\" background_color=\"RGBA(0,0,0,0)\" custom_padding=\"25px||1px||false|false\" link_option_url=\"https:\/\/www.villadisotto.it\/fr\/degustation-de-vin-dans-la-region-du-chianti-classico\/\" border_width_all=\"1px\" border_color_all=\"#d3be80\" border_radii_image=\"on|4px|4px|4px|4px\" locked=\"off\" global_colors_info=\"{}\" transform_styles__hover_enabled=\"on|hover\" transform_scale__hover_enabled=\"on|hover\" transform_translate__hover_enabled=\"on|desktop\" transform_rotate__hover_enabled=\"on|desktop\" transform_skew__hover_enabled=\"on|desktop\" transform_origin__hover_enabled=\"on|desktop\" transform_scale__hover=\"107%|107%\"][\/et_pb_blurb][\/et_pb_column][\/et_pb_row][\/et_pb_section]<\/p>\n","protected":false},"excerpt":{"rendered":"<p>Oenoth\u00e8que dans le vignoble Notre s\u00e9lection de vins\u00c0 Villa di Sotto, vous trouverez un'Oenoth\u00e8que bien achaland\u00e9 o\u00f9 vous pourrez comparer une large s\u00e9lection de vins locaux et non locaux, ainsi que les go\u00fbter et les acheter.Dans l'Oenoth\u00e8que, vous trouverez des vins rouges, des vins blancs, du prosecco, des vins ros\u00e9s, du vinsanto, de la grappa, [&hellip;]<\/p>\n","protected":false},"author":3,"featured_media":2242,"parent":0,"menu_order":0,"comment_status":"closed","ping_status":"closed","template":"","meta":{"_et_pb_use_builder":"on","_et_pb_old_content":"","_et_gb_content_width":"","footnotes":""},"class_list":["post-2239","page","type-page","status-publish","has-post-thumbnail","hentry"],"yoast_head":"<!-- This site is optimized with the Yoast SEO plugin v27.2 - https:\/\/yoast.com\/product\/yoast-seo-wordpress\/ -->\n<title>Oenoth\u00e8que Chianti - Grande s\u00e9lection de vins, \u0153noth\u00e8que dans le vignoble Villa di Sotto<\/title>\n<meta name=\"description\" content=\"Oenoth\u00e8que Chianti | \u00c0 Villa di Sotto, vous trouverez une \u0153noth\u00e8que bien fournie o\u00f9 vous aurez la possibilit\u00e9 de comparer une large s\u00e9lection de vins locaux et non...\" \/>\n<meta name=\"robots\" content=\"index, follow, max-snippet:-1, max-image-preview:large, max-video-preview:-1\" \/>\n<link rel=\"canonical\" href=\"https:\/\/www.villadisotto.it\/fr\/oenotheque-chianti-oenotheque\/\" \/>\n<meta property=\"og:locale\" content=\"fr_FR\" \/>\n<meta property=\"og:type\" content=\"article\" \/>\n<meta property=\"og:title\" content=\"Oenoth\u00e8que Chianti - Grande s\u00e9lection de vins, \u0153noth\u00e8que dans le vignoble Villa di Sotto\" \/>\n<meta property=\"og:description\" content=\"Oenoth\u00e8que Chianti | \u00c0 Villa di Sotto, vous trouverez une \u0153noth\u00e8que bien fournie o\u00f9 vous aurez la possibilit\u00e9 de comparer une large s\u00e9lection de vins locaux et non...\" \/>\n<meta property=\"og:url\" content=\"https:\/\/www.villadisotto.it\/fr\/oenotheque-chianti-oenotheque\/\" \/>\n<meta property=\"og:site_name\" content=\"Villa di Sotto\" \/>\n<meta property=\"article:modified_time\" content=\"2024-10-28T16:53:30+00:00\" \/>\n<meta property=\"og:image\" content=\"https:\/\/www.villadisotto.it\/wp-content\/uploads\/2019\/04\/enoteca-villa-di-sotto.jpg\" \/>\n\t<meta property=\"og:image:width\" content=\"1700\" \/>\n\t<meta property=\"og:image:height\" content=\"1133\" \/>\n\t<meta property=\"og:image:type\" content=\"image\/jpeg\" \/>\n<meta name=\"twitter:card\" content=\"summary_large_image\" \/>\n<meta name=\"twitter:label1\" content=\"Dur\u00e9e de lecture estim\u00e9e\" \/>\n\t<meta name=\"twitter:data1\" content=\"5 minutes\" \/>\n<script type=\"application\/ld+json\" class=\"yoast-schema-graph\">{\"@context\":\"https:\/\/schema.org\",\"@graph\":[{\"@type\":\"WebPage\",\"@id\":\"https:\/\/www.villadisotto.it\/fr\/oenotheque-chianti-oenotheque\/\",\"url\":\"https:\/\/www.villadisotto.it\/fr\/oenotheque-chianti-oenotheque\/\",\"name\":\"Oenoth\u00e8que Chianti - Grande s\u00e9lection de vins, \u0153noth\u00e8que dans le vignoble Villa di Sotto\",\"isPartOf\":{\"@id\":\"https:\/\/www.villadisotto.it\/#website\"},\"primaryImageOfPage\":{\"@id\":\"https:\/\/www.villadisotto.it\/fr\/oenotheque-chianti-oenotheque\/#primaryimage\"},\"image\":{\"@id\":\"https:\/\/www.villadisotto.it\/fr\/oenotheque-chianti-oenotheque\/#primaryimage\"},\"thumbnailUrl\":\"https:\/\/www.villadisotto.it\/wp-content\/uploads\/2019\/04\/enoteca-villa-di-sotto.jpg\",\"datePublished\":\"2019-07-01T11:21:46+00:00\",\"dateModified\":\"2024-10-28T16:53:30+00:00\",\"description\":\"Oenoth\u00e8que Chianti | \u00c0 Villa di Sotto, vous trouverez une \u0153noth\u00e8que bien fournie o\u00f9 vous aurez la possibilit\u00e9 de comparer une large s\u00e9lection de vins locaux et non...\",\"breadcrumb\":{\"@id\":\"https:\/\/www.villadisotto.it\/fr\/oenotheque-chianti-oenotheque\/#breadcrumb\"},\"inLanguage\":\"fr-FR\",\"potentialAction\":[{\"@type\":\"ReadAction\",\"target\":[\"https:\/\/www.villadisotto.it\/fr\/oenotheque-chianti-oenotheque\/\"]}]},{\"@type\":\"ImageObject\",\"inLanguage\":\"fr-FR\",\"@id\":\"https:\/\/www.villadisotto.it\/fr\/oenotheque-chianti-oenotheque\/#primaryimage\",\"url\":\"https:\/\/www.villadisotto.it\/wp-content\/uploads\/2019\/04\/enoteca-villa-di-sotto.jpg\",\"contentUrl\":\"https:\/\/www.villadisotto.it\/wp-content\/uploads\/2019\/04\/enoteca-villa-di-sotto.jpg\",\"width\":1700,\"height\":1133,\"caption\":\"Oenoth\u00e8que Chianti\"},{\"@type\":\"BreadcrumbList\",\"@id\":\"https:\/\/www.villadisotto.it\/fr\/oenotheque-chianti-oenotheque\/#breadcrumb\",\"itemListElement\":[{\"@type\":\"ListItem\",\"position\":1,\"name\":\"Home\",\"item\":\"https:\/\/www.villadisotto.it\/\"},{\"@type\":\"ListItem\",\"position\":2,\"name\":\"Oenoth\u00e8que Chianti - Oenoth\u00e8que\"}]},{\"@type\":\"WebSite\",\"@id\":\"https:\/\/www.villadisotto.it\/#website\",\"url\":\"https:\/\/www.villadisotto.it\/\",\"name\":\"Villa di Sotto\",\"description\":\"Il cuore del Chianti\",\"potentialAction\":[{\"@type\":\"SearchAction\",\"target\":{\"@type\":\"EntryPoint\",\"urlTemplate\":\"https:\/\/www.villadisotto.it\/?s={search_term_string}\"},\"query-input\":{\"@type\":\"PropertyValueSpecification\",\"valueRequired\":true,\"valueName\":\"search_term_string\"}}],\"inLanguage\":\"fr-FR\"}]}<\/script>\n<!-- \/ Yoast SEO plugin. -->","yoast_head_json":{"title":"Oenoth\u00e8que Chianti - Grande s\u00e9lection de vins, \u0153noth\u00e8que dans le vignoble Villa di Sotto","description":"Oenoth\u00e8que Chianti | \u00c0 Villa di Sotto, vous trouverez une \u0153noth\u00e8que bien fournie o\u00f9 vous aurez la possibilit\u00e9 de comparer une large s\u00e9lection de vins locaux et non...","robots":{"index":"index","follow":"follow","max-snippet":"max-snippet:-1","max-image-preview":"max-image-preview:large","max-video-preview":"max-video-preview:-1"},"canonical":"https:\/\/www.villadisotto.it\/fr\/oenotheque-chianti-oenotheque\/","og_locale":"fr_FR","og_type":"article","og_title":"Oenoth\u00e8que Chianti - Grande s\u00e9lection de vins, \u0153noth\u00e8que dans le vignoble Villa di Sotto","og_description":"Oenoth\u00e8que Chianti | \u00c0 Villa di Sotto, vous trouverez une \u0153noth\u00e8que bien fournie o\u00f9 vous aurez la possibilit\u00e9 de comparer une large s\u00e9lection de vins locaux et non...","og_url":"https:\/\/www.villadisotto.it\/fr\/oenotheque-chianti-oenotheque\/","og_site_name":"Villa di Sotto","article_modified_time":"2024-10-28T16:53:30+00:00","og_image":[{"width":1700,"height":1133,"url":"https:\/\/www.villadisotto.it\/wp-content\/uploads\/2019\/04\/enoteca-villa-di-sotto.jpg","type":"image\/jpeg"}],"twitter_card":"summary_large_image","twitter_misc":{"Dur\u00e9e de lecture estim\u00e9e":"5 minutes"},"schema":{"@context":"https:\/\/schema.org","@graph":[{"@type":"WebPage","@id":"https:\/\/www.villadisotto.it\/fr\/oenotheque-chianti-oenotheque\/","url":"https:\/\/www.villadisotto.it\/fr\/oenotheque-chianti-oenotheque\/","name":"Oenoth\u00e8que Chianti - Grande s\u00e9lection de vins, \u0153noth\u00e8que dans le vignoble Villa di Sotto","isPartOf":{"@id":"https:\/\/www.villadisotto.it\/#website"},"primaryImageOfPage":{"@id":"https:\/\/www.villadisotto.it\/fr\/oenotheque-chianti-oenotheque\/#primaryimage"},"image":{"@id":"https:\/\/www.villadisotto.it\/fr\/oenotheque-chianti-oenotheque\/#primaryimage"},"thumbnailUrl":"https:\/\/www.villadisotto.it\/wp-content\/uploads\/2019\/04\/enoteca-villa-di-sotto.jpg","datePublished":"2019-07-01T11:21:46+00:00","dateModified":"2024-10-28T16:53:30+00:00","description":"Oenoth\u00e8que Chianti | \u00c0 Villa di Sotto, vous trouverez une \u0153noth\u00e8que bien fournie o\u00f9 vous aurez la possibilit\u00e9 de comparer une large s\u00e9lection de vins locaux et non...","breadcrumb":{"@id":"https:\/\/www.villadisotto.it\/fr\/oenotheque-chianti-oenotheque\/#breadcrumb"},"inLanguage":"fr-FR","potentialAction":[{"@type":"ReadAction","target":["https:\/\/www.villadisotto.it\/fr\/oenotheque-chianti-oenotheque\/"]}]},{"@type":"ImageObject","inLanguage":"fr-FR","@id":"https:\/\/www.villadisotto.it\/fr\/oenotheque-chianti-oenotheque\/#primaryimage","url":"https:\/\/www.villadisotto.it\/wp-content\/uploads\/2019\/04\/enoteca-villa-di-sotto.jpg","contentUrl":"https:\/\/www.villadisotto.it\/wp-content\/uploads\/2019\/04\/enoteca-villa-di-sotto.jpg","width":1700,"height":1133,"caption":"Oenoth\u00e8que Chianti"},{"@type":"BreadcrumbList","@id":"https:\/\/www.villadisotto.it\/fr\/oenotheque-chianti-oenotheque\/#breadcrumb","itemListElement":[{"@type":"ListItem","position":1,"name":"Home","item":"https:\/\/www.villadisotto.it\/"},{"@type":"ListItem","position":2,"name":"Oenoth\u00e8que Chianti - Oenoth\u00e8que"}]},{"@type":"WebSite","@id":"https:\/\/www.villadisotto.it\/#website","url":"https:\/\/www.villadisotto.it\/","name":"Villa di Sotto","description":"Il cuore del Chianti","potentialAction":[{"@type":"SearchAction","target":{"@type":"EntryPoint","urlTemplate":"https:\/\/www.villadisotto.it\/?s={search_term_string}"},"query-input":{"@type":"PropertyValueSpecification","valueRequired":true,"valueName":"search_term_string"}}],"inLanguage":"fr-FR"}]}},"_links":{"self":[{"href":"https:\/\/www.villadisotto.it\/fr\/wp-json\/wp\/v2\/pages\/2239","targetHints":{"allow":["GET"]}}],"collection":[{"href":"https:\/\/www.villadisotto.it\/fr\/wp-json\/wp\/v2\/pages"}],"about":[{"href":"https:\/\/www.villadisotto.it\/fr\/wp-json\/wp\/v2\/types\/page"}],"author":[{"embeddable":true,"href":"https:\/\/www.villadisotto.it\/fr\/wp-json\/wp\/v2\/users\/3"}],"replies":[{"embeddable":true,"href":"https:\/\/www.villadisotto.it\/fr\/wp-json\/wp\/v2\/comments?post=2239"}],"version-history":[{"count":32,"href":"https:\/\/www.villadisotto.it\/fr\/wp-json\/wp\/v2\/pages\/2239\/revisions"}],"predecessor-version":[{"id":27447,"href":"https:\/\/www.villadisotto.it\/fr\/wp-json\/wp\/v2\/pages\/2239\/revisions\/27447"}],"wp:featuredmedia":[{"embeddable":true,"href":"https:\/\/www.villadisotto.it\/fr\/wp-json\/wp\/v2\/media\/2242"}],"wp:attachment":[{"href":"https:\/\/www.villadisotto.it\/fr\/wp-json\/wp\/v2\/media?parent=2239"}],"curies":[{"name":"wp","href":"https:\/\/api.w.org\/{rel}","templated":true}]}}