{"id":2214,"date":"2019-07-01T12:22:17","date_gmt":"2019-07-01T10:22:17","guid":{"rendered":"https:\/\/www.villadisotto.it\/ditunto\/"},"modified":"2020-12-30T10:17:30","modified_gmt":"2020-12-30T09:17:30","slug":"ditunto","status":"publish","type":"page","link":"https:\/\/www.villadisotto.it\/fr\/ditunto\/","title":{"rendered":"Dit'unto"},"content":{"rendered":"<p>[et_pb_section fb_built=\"1\" _builder_version=\"3.22.7\" background_image=\"https:\/\/www.villadisotto.it\/wp-content\/uploads\/2019\/05\/ditunto-villa-di-sotto.jpg\" background_position=\"center_right\" custom_padding=\"304px|0px|121px|0px|false|false\"][et_pb_row _builder_version=\"3.25\"][et_pb_column type=\"4_4\" _builder_version=\"3.25\" custom_padding=\"|||\" custom_padding__hover=\"|||\"][et_pb_text _builder_version=\"3.27.4\" header_font=\"Petit Formal Script|700|||||||\" header_font_size=\"40px\" header_text_shadow_style=\"preset1\" header_text_shadow_color=\"#000000\"]<\/p>\n<h1 style=\"text-align: center;\"><span color=\"#ffffff\" style=\"color: #ffffff;\">Dit'Unto<\/span><\/h1>\n<p>[\/et_pb_text][\/et_pb_column][\/et_pb_row][\/et_pb_section][et_pb_section fb_built=\"1\" _builder_version=\"3.22.3\" custom_padding=\"18px|0px|10px|0px|false|false\"][et_pb_row _builder_version=\"3.25\" background_size=\"initial\" background_position=\"top_left\" background_repeat=\"repeat\" max_width=\"857px\" use_custom_width=\"on\" custom_width_px=\"857px\"][et_pb_column type=\"4_4\" _builder_version=\"3.25\" custom_padding=\"|||\" custom_padding__hover=\"|||\"][et_pb_text _builder_version=\"3.27.4\" header_font=\"||||||||\" header_2_font=\"Petit Formal Script|700|||||||\" header_2_font_size=\"23px\" header_2_line_height=\"1.7em\" background_size=\"initial\" background_position=\"top_left\" background_repeat=\"repeat\" header_2_font_size_tablet=\"\" header_2_font_size_phone=\"\" header_2_font_size_last_edited=\"on|phone\"]<\/p>\n<h2 style=\"text-align: center;\"><span>Manger bien et avec les mains<\/span><\/h2>\n<p style=\"text-align: justify;\"><span>La nourriture de rue revient \u00e0 animer Villa a Sesta, village de Castelnuovo Berardenga, avec <strong>une journ\u00e9e d\u00e9di\u00e9e \u00e0 \u2018bien manger et avec les mains '.<\/strong> <\/span><\/p>\n<p style=\"text-align: justify;\"><em>L'Id\u00e9e recette: mettre dans le m\u00eame r\u00e9cipient beaucoup d\u2019amis et d\u2019amateurs de bonne nourriture, au moins 30 cuisiniers (mieux si 40), \u00e0 la fois populaire et un peu cool, et adoucir avec un peu de bon vin et de la bi\u00e8re, bonne musique et artistes de rue. M\u00e9langer le tout le deuxi\u00e8me dimanche d\u2019octobre, ajoutant une pinc\u00e9e de fantaisie et de bonne humeur jusqu\u2019\u00e0 ce qu\u2019il y ait un. <\/em><\/p>\n<p style=\"text-align: justify;\"><span>Les organisateurs: \"Nous sommes peu nombreux mais tenaces, les coeurs boutons qui mettent en marche la machine du Dit'Unto, scrupuleux et attentifs \u00e0 ne vouloir que le meilleur. Avec nous, il y a d\u2019innombrables b\u00e9n\u00e9voles qui participent activement et permettent la r\u00e9alisation de cet \u00e9v\u00e9nement fantastique!\" <\/span><\/p>\n<p style=\"text-align: justify;\"><span>Villa s Sesta, pas un village, pas un pays, mais une communaut\u00e9 ancienne, pr\u00e9cis\u00e9ment parce que fond\u00e9e sur les rapports humains, sur la simplicit\u00e9 des choses vraies, sur l\u2019attachement et la valorisation des lieux de l\u2019\u00e2me.<\/span><\/p>\n<p style=\"text-align: justify;\"><span><strong>La journ\u00e9e du Dit'Unto se d\u00e9roule le deuxi\u00e8me dimanche d\u2019octobre.<\/strong><\/span><\/p>\n<p>[\/et_pb_text][\/et_pb_column][\/et_pb_row][\/et_pb_section][et_pb_section fb_built=\"1\" _builder_version=\"3.22.3\" custom_padding=\"13px|0px|54px|0px|false|false\"][et_pb_row use_custom_gutter=\"on\" gutter_width=\"2\" module_class=\" et_pb_row_fullwidth\" _builder_version=\"3.25\" width=\"94%\" width_tablet=\"80%\" width_phone=\"\" width_last_edited=\"on|desktop\" max_width=\"94%\" max_width_tablet=\"80%\" max_width_phone=\"\" max_width_last_edited=\"on|desktop\" make_fullwidth=\"on\"][et_pb_column type=\"4_4\" _builder_version=\"3.25\" custom_padding=\"|||\" custom_padding__hover=\"|||\"][et_pb_gallery gallery_ids=\"2215,2464,2463,2462\" show_title_and_caption=\"off\" show_pagination=\"off\" _builder_version=\"3.22.7\"][\/et_pb_gallery][\/et_pb_column][\/et_pb_row][\/et_pb_section]<\/p>\n","protected":false},"excerpt":{"rendered":"<p>Dit'UntoManger bien et avec les mains La nourriture de rue revient \u00e0 animer Villa a Sesta, village de Castelnuovo Berardenga, avec une journ\u00e9e d\u00e9di\u00e9e \u00e0 \u2018bien manger et avec les mains '. L'Id\u00e9e recette: mettre dans le m\u00eame r\u00e9cipient beaucoup d\u2019amis et d\u2019amateurs de bonne nourriture, au moins 30 cuisiniers (mieux si 40), \u00e0 la [&hellip;]<\/p>\n","protected":false},"author":3,"featured_media":0,"parent":0,"menu_order":0,"comment_status":"closed","ping_status":"closed","template":"","meta":{"_et_pb_use_builder":"on","_et_pb_old_content":"","_et_gb_content_width":"","footnotes":""},"class_list":["post-2214","page","type-page","status-publish","hentry"],"yoast_head":"<!-- This site is optimized with the Yoast SEO plugin v27.2 - https:\/\/yoast.com\/product\/yoast-seo-wordpress\/ -->\n<title>Dit&#039;unto - Manger bien et avec les mains - Villa di Sotto<\/title>\n<meta name=\"description\" content=\"Dit&#039;unto | La nourriture de rue revient \u00e0 animer Villa a Sesta, village de Castelnuovo Berardenga, avec une journ\u00e9e d\u00e9di\u00e9e \u00e0 \u2018bien manger...\" \/>\n<meta name=\"robots\" content=\"index, follow, max-snippet:-1, max-image-preview:large, max-video-preview:-1\" \/>\n<link rel=\"canonical\" href=\"https:\/\/www.villadisotto.it\/ditunto\/\" \/>\n<meta property=\"og:locale\" content=\"fr_FR\" \/>\n<meta property=\"og:type\" content=\"article\" \/>\n<meta property=\"og:title\" content=\"Dit&#039;unto - Manger bien et avec les mains - Villa di Sotto\" \/>\n<meta property=\"og:description\" content=\"Dit&#039;unto | La nourriture de rue revient \u00e0 animer Villa a Sesta, village de Castelnuovo Berardenga, avec une journ\u00e9e d\u00e9di\u00e9e \u00e0 \u2018bien manger...\" \/>\n<meta property=\"og:url\" content=\"https:\/\/www.villadisotto.it\/ditunto\/\" \/>\n<meta property=\"og:site_name\" content=\"Villa di Sotto\" \/>\n<meta property=\"article:modified_time\" content=\"2020-12-30T09:17:30+00:00\" \/>\n<meta name=\"twitter:card\" content=\"summary_large_image\" \/>\n<meta name=\"twitter:label1\" content=\"Dur\u00e9e de lecture estim\u00e9e\" \/>\n\t<meta name=\"twitter:data1\" content=\"3 minutes\" \/>\n<script type=\"application\/ld+json\" class=\"yoast-schema-graph\">{\"@context\":\"https:\/\/schema.org\",\"@graph\":[{\"@type\":\"WebPage\",\"@id\":\"https:\/\/www.villadisotto.it\/ditunto\/\",\"url\":\"https:\/\/www.villadisotto.it\/ditunto\/\",\"name\":\"Dit'unto - Manger bien et avec les mains - Villa di Sotto\",\"isPartOf\":{\"@id\":\"https:\/\/www.villadisotto.it\/#website\"},\"datePublished\":\"2019-07-01T10:22:17+00:00\",\"dateModified\":\"2020-12-30T09:17:30+00:00\",\"description\":\"Dit'unto | La nourriture de rue revient \u00e0 animer Villa a Sesta, village de Castelnuovo Berardenga, avec une journ\u00e9e d\u00e9di\u00e9e \u00e0 \u2018bien manger...\",\"breadcrumb\":{\"@id\":\"https:\/\/www.villadisotto.it\/ditunto\/#breadcrumb\"},\"inLanguage\":\"fr-FR\",\"potentialAction\":[{\"@type\":\"ReadAction\",\"target\":[\"https:\/\/www.villadisotto.it\/ditunto\/\"]}]},{\"@type\":\"BreadcrumbList\",\"@id\":\"https:\/\/www.villadisotto.it\/ditunto\/#breadcrumb\",\"itemListElement\":[{\"@type\":\"ListItem\",\"position\":1,\"name\":\"Home\",\"item\":\"https:\/\/www.villadisotto.it\/\"},{\"@type\":\"ListItem\",\"position\":2,\"name\":\"Dit'unto\"}]},{\"@type\":\"WebSite\",\"@id\":\"https:\/\/www.villadisotto.it\/#website\",\"url\":\"https:\/\/www.villadisotto.it\/\",\"name\":\"Villa di Sotto\",\"description\":\"Il cuore del Chianti\",\"potentialAction\":[{\"@type\":\"SearchAction\",\"target\":{\"@type\":\"EntryPoint\",\"urlTemplate\":\"https:\/\/www.villadisotto.it\/?s={search_term_string}\"},\"query-input\":{\"@type\":\"PropertyValueSpecification\",\"valueRequired\":true,\"valueName\":\"search_term_string\"}}],\"inLanguage\":\"fr-FR\"}]}<\/script>\n<!-- \/ Yoast SEO plugin. -->","yoast_head_json":{"title":"Dit'unto - Manger bien et avec les mains - Villa di Sotto","description":"Dit'unto | La nourriture de rue revient \u00e0 animer Villa a Sesta, village de Castelnuovo Berardenga, avec une journ\u00e9e d\u00e9di\u00e9e \u00e0 \u2018bien manger...","robots":{"index":"index","follow":"follow","max-snippet":"max-snippet:-1","max-image-preview":"max-image-preview:large","max-video-preview":"max-video-preview:-1"},"canonical":"https:\/\/www.villadisotto.it\/ditunto\/","og_locale":"fr_FR","og_type":"article","og_title":"Dit'unto - Manger bien et avec les mains - Villa di Sotto","og_description":"Dit'unto | La nourriture de rue revient \u00e0 animer Villa a Sesta, village de Castelnuovo Berardenga, avec une journ\u00e9e d\u00e9di\u00e9e \u00e0 \u2018bien manger...","og_url":"https:\/\/www.villadisotto.it\/ditunto\/","og_site_name":"Villa di Sotto","article_modified_time":"2020-12-30T09:17:30+00:00","twitter_card":"summary_large_image","twitter_misc":{"Dur\u00e9e de lecture estim\u00e9e":"3 minutes"},"schema":{"@context":"https:\/\/schema.org","@graph":[{"@type":"WebPage","@id":"https:\/\/www.villadisotto.it\/ditunto\/","url":"https:\/\/www.villadisotto.it\/ditunto\/","name":"Dit'unto - Manger bien et avec les mains - Villa di Sotto","isPartOf":{"@id":"https:\/\/www.villadisotto.it\/#website"},"datePublished":"2019-07-01T10:22:17+00:00","dateModified":"2020-12-30T09:17:30+00:00","description":"Dit'unto | La nourriture de rue revient \u00e0 animer Villa a Sesta, village de Castelnuovo Berardenga, avec une journ\u00e9e d\u00e9di\u00e9e \u00e0 \u2018bien manger...","breadcrumb":{"@id":"https:\/\/www.villadisotto.it\/ditunto\/#breadcrumb"},"inLanguage":"fr-FR","potentialAction":[{"@type":"ReadAction","target":["https:\/\/www.villadisotto.it\/ditunto\/"]}]},{"@type":"BreadcrumbList","@id":"https:\/\/www.villadisotto.it\/ditunto\/#breadcrumb","itemListElement":[{"@type":"ListItem","position":1,"name":"Home","item":"https:\/\/www.villadisotto.it\/"},{"@type":"ListItem","position":2,"name":"Dit'unto"}]},{"@type":"WebSite","@id":"https:\/\/www.villadisotto.it\/#website","url":"https:\/\/www.villadisotto.it\/","name":"Villa di Sotto","description":"Il cuore del Chianti","potentialAction":[{"@type":"SearchAction","target":{"@type":"EntryPoint","urlTemplate":"https:\/\/www.villadisotto.it\/?s={search_term_string}"},"query-input":{"@type":"PropertyValueSpecification","valueRequired":true,"valueName":"search_term_string"}}],"inLanguage":"fr-FR"}]}},"_links":{"self":[{"href":"https:\/\/www.villadisotto.it\/fr\/wp-json\/wp\/v2\/pages\/2214","targetHints":{"allow":["GET"]}}],"collection":[{"href":"https:\/\/www.villadisotto.it\/fr\/wp-json\/wp\/v2\/pages"}],"about":[{"href":"https:\/\/www.villadisotto.it\/fr\/wp-json\/wp\/v2\/types\/page"}],"author":[{"embeddable":true,"href":"https:\/\/www.villadisotto.it\/fr\/wp-json\/wp\/v2\/users\/3"}],"replies":[{"embeddable":true,"href":"https:\/\/www.villadisotto.it\/fr\/wp-json\/wp\/v2\/comments?post=2214"}],"version-history":[{"count":11,"href":"https:\/\/www.villadisotto.it\/fr\/wp-json\/wp\/v2\/pages\/2214\/revisions"}],"predecessor-version":[{"id":11908,"href":"https:\/\/www.villadisotto.it\/fr\/wp-json\/wp\/v2\/pages\/2214\/revisions\/11908"}],"wp:attachment":[{"href":"https:\/\/www.villadisotto.it\/fr\/wp-json\/wp\/v2\/media?parent=2214"}],"curies":[{"name":"wp","href":"https:\/\/api.w.org\/{rel}","templated":true}]}}