{"id":2206,"date":"2019-07-01T12:10:22","date_gmt":"2019-07-01T10:10:22","guid":{"rendered":"https:\/\/www.villadisotto.it\/contacts-villa-di-sotto\/"},"modified":"2024-10-28T18:36:04","modified_gmt":"2024-10-28T17:36:04","slug":"contacts-villa-di-sotto","status":"publish","type":"page","link":"https:\/\/www.villadisotto.it\/fr\/contacts-villa-di-sotto\/","title":{"rendered":"Contacts Villa di Sotto"},"content":{"rendered":"<p>[et_pb_section fb_built=\"1\" _builder_version=\"4.16\" background_color=\"#353535\" custom_padding=\"27px|0px|27px|0px|true|false\" global_colors_info=\"{}\"][et_pb_row custom_padding_last_edited=\"off|desktop\" admin_label=\"Hero Area\" _builder_version=\"4.16\" max_width=\"800px\" custom_margin=\"||||false|false\" custom_margin_tablet=\"0px||||false|false\" custom_margin_phone=\"\" custom_margin_last_edited=\"on|desktop\" custom_padding=\"||||false|false\" use_custom_width=\"on\" custom_width_px=\"800px\" global_colors_info=\"{}\"][et_pb_column type=\"4_4\" _builder_version=\"4.16\" custom_padding=\"|||\" global_colors_info=\"{}\" custom_padding__hover=\"|||\"][et_pb_text admin_label=\"Hero Title\" _builder_version=\"4.16\" text_font=\"Playfair Display||||||||\" header_font=\"Alice||||||||\" header_font_size=\"80px\" header_letter_spacing=\"-3px\" header_line_height=\"1.1em\" header_2_font=\"Petit Formal Script|700|||||||\" header_2_font_size=\"40px\" header_4_font=\"||||||||\" header_4_text_color=\"#ffffff\" header_4_font_size=\"16px\" header_4_line_height=\"1.3em\" custom_margin=\"||||false|false\" custom_margin_tablet=\"0px||||false|false\" custom_margin_phone=\"||||false|false\" custom_margin_last_edited=\"on|phone\" custom_padding=\"||||false|false\" animation_direction=\"left\" text_font_size_last_edited=\"off|desktop\" header_font_size_tablet=\"\" header_font_size_phone=\"60px\" header_font_size_last_edited=\"on|phone\" global_colors_info=\"{}\"]<\/p>\n<h2 style=\"text-align: center;\">Contacts<\/h2>\n<h4 style=\"text-align: center;\">Villa di Sotto est situ\u00e9e \u00e0 seulement 20 Km de Sienne, \u00e0 l\u2019extr\u00e9mit\u00e9 de l\u2019ancien Borgo Villa a Sesta, situ\u00e9 le long de la route qui m\u00e8ne au historique Castello di Brolio.<\/h4>\n<p>[\/et_pb_text][\/et_pb_column][\/et_pb_row][\/et_pb_section][et_pb_section fb_built=\"1\" admin_label=\"Reach Us Section\" _builder_version=\"4.27.2\" use_background_color_gradient=\"on\" background_color_gradient_type=\"circular\" background_color_gradient_direction_radial=\"right\" background_color_gradient_stops=\"#E0C588 0%|#ffffff 50%\" background_color_gradient_start=\"#E0C588\" background_color_gradient_end=\"#ffffff\" background_color_gradient_end_position=\"50%\" background_enable_image=\"off\" background_size=\"contain\" background_position=\"bottom_left\" custom_padding=\"50px||50px||true|false\" hover_enabled=\"0\" global_colors_info=\"{}\" sticky_enabled=\"0\"][et_pb_row column_structure=\"2_5,3_5\" admin_label=\"Reach Us Area\" _builder_version=\"4.16\" custom_margin=\"|||\" custom_padding=\"|||\" global_colors_info=\"{}\"][et_pb_column type=\"2_5\" _builder_version=\"4.16\" custom_padding=\"|||\" global_colors_info=\"{}\" custom_padding__hover=\"|||\"][et_pb_text _builder_version=\"4.27.2\" _module_preset=\"default\" text_orientation=\"right\" hover_enabled=\"0\" sticky_enabled=\"0\"]<\/p>\n<h3><span style=\"color: #000000;\"><strong>Villa di Sotto<\/strong><\/span><\/h3>\n<p>Via Santa Caterina, 30<br \/>Villa a Sesta<br \/>53019 - Castelnuovo Berardenga<br \/>Siena<\/p>\n<p>[\/et_pb_text][\/et_pb_column][et_pb_column type=\"3_5\" _builder_version=\"4.16\" custom_padding=\"|||\" global_colors_info=\"{}\" custom_padding__hover=\"|||\"][et_pb_text _builder_version=\"4.27.2\" hover_enabled=\"0\" global_colors_info=\"{}\" sticky_enabled=\"0\"]<\/p>\n<p><iframe loading=\"lazy\" src=\"https:\/\/www.google.com\/maps\/embed?pb=!1m18!1m12!1m3!1d2899.655733283662!2d11.477676915329296!3d43.3842219778003!2m3!1f0!2f0!3f0!3m2!1i1024!2i768!4f13.1!3m3!1m2!1s0x132bcfb5562d131f%3A0xe86612684d6fa43b!2sVilla+Di+Sotto!5e0!3m2!1sit!2sit!4v1556294318119!5m2!1sit!2sit\" width=\"1000\" height=\"250\" frameborder=\"0\" style=\"border: 0;\" allowfullscreen=\"\"><\/iframe><\/p>\n<p>[\/et_pb_text][\/et_pb_column][\/et_pb_row][\/et_pb_section][et_pb_section fb_built=\"1\" _builder_version=\"4.27.2\" _module_preset=\"default\" background_color=\"#303030\" hover_enabled=\"0\" global_colors_info=\"{}\" sticky_enabled=\"0\"][et_pb_row column_structure=\"1_4,1_4,1_4,1_4\" _builder_version=\"4.27.2\" _module_preset=\"default\" global_colors_info=\"{}\"][et_pb_column type=\"1_4\" _builder_version=\"4.27.2\" _module_preset=\"default\" global_colors_info=\"{}\"][et_pb_blurb title=\"Email\" icon_placement=\"left\" content_max_width=\"1100px\" admin_label=\"Address\" _builder_version=\"4.27.2\" header_font=\"Petit Formal Script|600|||||||\" header_font_size=\"20px\" header_line_height=\"1.8em\" body_font=\"||||||||\" body_font_size=\"16px\" body_line_height=\"1.8em\" animation_style=\"fold\" animation_direction=\"left\" animation_intensity_fold=\"20%\" animation_starting_opacity=\"100%\" global_colors_info=\"{}\"]<\/p>\n<p><span style=\"color: #ffffff;\"><strong><a href=\"mailto:info@villadisotto.it\" style=\"color: #ffffff;\">info@villadisotto.it<\/a><\/strong><\/span><\/p>\n<p>[\/et_pb_blurb][\/et_pb_column][et_pb_column type=\"1_4\" _builder_version=\"4.27.2\" _module_preset=\"default\" global_colors_info=\"{}\"][et_pb_blurb title=\"Num\u00e9ro de T\u00e9l\u00e9phone\" icon_placement=\"left\" content_max_width=\"1100px\" admin_label=\"Address\" _builder_version=\"4.27.2\" header_font=\"Petit Formal Script|600|||||||\" header_font_size=\"20px\" header_line_height=\"1.8em\" body_font=\"||||||||\" body_text_color=\"#FFFFFF\" body_font_size=\"16px\" body_line_height=\"1.8em\" animation_style=\"fold\" animation_direction=\"left\" animation_intensity_fold=\"20%\" animation_starting_opacity=\"100%\" global_colors_info=\"{}\"]<\/p>\n<p><span style=\"color: #ffffff;\"><strong><a href=\"tel:+393479327090\" style=\"color: #ffffff;\">+39 3479327090 - Paola<\/a><\/strong><\/span><br \/><span style=\"color: #ffffff;\"><strong><a href=\"tel:+393337351363\" style=\"color: #ffffff;\">+39 3337351363 - Giulia<\/a><\/strong><\/span><\/p>\n<p>[\/et_pb_blurb][\/et_pb_column][et_pb_column type=\"1_4\" _builder_version=\"4.27.2\" _module_preset=\"default\" global_colors_info=\"{}\"][et_pb_blurb title=\"Whatsapp\" icon_placement=\"left\" content_max_width=\"1100px\" admin_label=\"Address\" _builder_version=\"4.27.2\" header_font=\"Petit Formal Script|600|||||||\" header_font_size=\"20px\" header_line_height=\"1.8em\" body_font=\"||||||||\" body_font_size=\"16px\" body_line_height=\"1.8em\" animation_style=\"fold\" animation_direction=\"left\" animation_intensity_fold=\"20%\" animation_starting_opacity=\"100%\" global_colors_info=\"{}\"]<\/p>\n<p><a href=\"https:\/\/wa.me\/390577359127\"><img loading=\"lazy\" decoding=\"async\" src=\"https:\/\/www.villadisotto.it\/wp-content\/uploads\/2024\/10\/whatsapp-150x150.png\" width=\"50\" height=\"50\" alt=\"\" class=\"wp-image-27391 alignnone size-thumbnail\"><\/a><\/p>\n<p>[\/et_pb_blurb][\/et_pb_column][et_pb_column type=\"1_4\" _builder_version=\"4.27.2\" _module_preset=\"default\" global_colors_info=\"{}\"][et_pb_blurb title=\"Suivez-nous\" icon_placement=\"left\" content_max_width=\"1100px\" admin_label=\"Address\" _builder_version=\"4.27.2\" header_font=\"Petit Formal Script|600|||||||\" header_font_size=\"20px\" header_line_height=\"1.8em\" body_font=\"||||||||\" body_font_size=\"16px\" body_line_height=\"1.8em\" custom_margin=\"||1px|||\" animation_style=\"fold\" animation_direction=\"left\" animation_intensity_fold=\"20%\" animation_starting_opacity=\"100%\" global_colors_info=\"{}\"][\/et_pb_blurb][et_pb_social_media_follow _builder_version=\"4.16\" text_orientation=\"left\" locked=\"off\" global_colors_info=\"{}\"][et_pb_social_media_follow_network social_network=\"facebook\" url=\"https:\/\/www.facebook.com\/ristorantevilladisotto\/\" _builder_version=\"4.16\" background_color=\"#0c71c3\" custom_padding=\"10px|10px|10px|10px|true|true\" border_radii=\"on|40px|40px|40px|40px\" box_shadow_style=\"preset1\" global_colors_info=\"{}\" follow_button=\"off\" url_new_window=\"on\"]facebook[\/et_pb_social_media_follow_network][et_pb_social_media_follow_network social_network=\"instagram\" url=\"https:\/\/www.instagram.com\/villadisotto\/\" _builder_version=\"4.16\" background_color=\"#ea2c59\" custom_padding=\"10px|10px|10px|10px|true|true\" border_radii=\"on|40px|40px|40px|40px\" box_shadow_style=\"preset1\" global_colors_info=\"{}\" follow_button=\"off\" url_new_window=\"on\"]instagram[\/et_pb_social_media_follow_network][\/et_pb_social_media_follow][\/et_pb_column][\/et_pb_row][\/et_pb_section][et_pb_section fb_built=\"1\" admin_label=\"Contact Section\" _builder_version=\"4.16\" custom_padding=\"44px||29px||false|false\" global_colors_info=\"{}\"][et_pb_row column_structure=\"1_5,3_5,1_5\" padding_left_right_link_1=\"true\" admin_label=\"Title Area\" _builder_version=\"4.16\" custom_padding=\"|||||false\" hover_enabled=\"0\" global_colors_info=\"{}\" sticky_enabled=\"0\"][et_pb_column type=\"1_5\" _builder_version=\"4.16\" custom_padding=\"|||\" global_colors_info=\"{}\" custom_padding__hover=\"|||\"][\/et_pb_column][et_pb_column type=\"3_5\" _builder_version=\"4.16\" custom_padding=\"|||\" global_colors_info=\"{}\" custom_padding__hover=\"|||\"][et_pb_text admin_label=\"Title\" _builder_version=\"4.16\" text_font=\"||||||||\" header_font=\"||||||||\" header_2_font=\"Petit Formal Script|700|||||||\" header_2_text_align=\"center\" header_2_font_size=\"37px\" header_2_line_height=\"1.3em\" custom_margin=\"||20px|\" animation_style=\"slide\" animation_direction=\"top\" animation_intensity_slide=\"30%\" animation_starting_opacity=\"100%\" global_colors_info=\"{}\"]<\/p>\n<h2>Contactez-nous<\/h2>\n<p>[\/et_pb_text][et_pb_text admin_label=\"Subtitle\" _builder_version=\"4.16\" text_font=\"||||||||\" text_font_size=\"16px\" text_line_height=\"1.8em\" text_orientation=\"center\" max_width=\"700px\" module_alignment=\"center\" animation_style=\"slide\" animation_direction=\"top\" animation_intensity_slide=\"20%\" animation_starting_opacity=\"100%\" global_colors_info=\"{}\"]<\/p>\n<p><strong>Envoyez votre demande et nous vous r\u00e9pondrons dans les meilleurs d\u00e9lais<\/strong><\/p>\n<p>[\/et_pb_text][et_pb_contact_form email=\"info@villadisotto.it,direzione@villadisotto.it\" custom_message=\"Richiesta da pagina Contatti||et_pb_line_break_holder||||et_pb_line_break_holder||Nome: %%Nome%%||et_pb_line_break_holder||Email: %%Email%%||et_pb_line_break_holder||Telefono: %%Telefono%%||et_pb_line_break_holder||||et_pb_line_break_holder||Richiesta: %%Messaggio%%||et_pb_line_break_holder||||et_pb_line_break_holder||Privacy: %%Privacy%%||et_pb_line_break_holder||Newsletter: %%Newsletter%%\" use_redirect=\"on\" redirect_url=\"https:\/\/www.villadisotto.it\/fr\/merci\/\" submit_button_text=\"Envoyer le Message\" module_id=\"et_pb_contact_form_0\" _builder_version=\"4.16\" _unique_id=\"133213f1-c04f-4746-b899-a45693f8b7c7\" form_field_background_color=\"rgba(255,255,255,0)\" title_font=\"Alice||||||||\" title_font_size=\"36px\" form_field_font=\"||||||||\" form_field_font_size=\"16px\" custom_button=\"on\" button_text_size=\"14px\" button_text_color=\"#2a2a2a\" button_bg_color=\"#e0c588\" button_border_width=\"12px\" button_border_color=\"#e0c588\" button_border_radius=\"30px\" button_letter_spacing=\"2px\" button_font=\"Poppins|600||on|||||\" button_use_icon=\"off\" animation_style=\"fade\" border_width_all=\"1px\" border_color_all=\"rgba(0,0,0,0.12)\" box_shadow_style=\"preset1\" form_background_color=\"rgba(255,255,255,0)\" global_colors_info=\"{}\"][et_pb_contact_field field_id=\"Nome\" field_title=\"Nom\" _builder_version=\"4.16\" form_field_font=\"||||||||\" global_colors_info=\"{}\" button_text_size__hover_enabled=\"off\" button_one_text_size__hover_enabled=\"off\" button_two_text_size__hover_enabled=\"off\" button_text_color__hover_enabled=\"off\" button_one_text_color__hover_enabled=\"off\" button_two_text_color__hover_enabled=\"off\" button_border_width__hover_enabled=\"off\" button_one_border_width__hover_enabled=\"off\" button_two_border_width__hover_enabled=\"off\" button_border_color__hover_enabled=\"off\" button_one_border_color__hover_enabled=\"off\" button_two_border_color__hover_enabled=\"off\" button_border_radius__hover_enabled=\"off\" button_one_border_radius__hover_enabled=\"off\" button_two_border_radius__hover_enabled=\"off\" button_letter_spacing__hover_enabled=\"off\" button_one_letter_spacing__hover_enabled=\"off\" button_two_letter_spacing__hover_enabled=\"off\" button_bg_color__hover_enabled=\"off\" button_one_bg_color__hover_enabled=\"off\" button_two_bg_color__hover_enabled=\"off\"][\/et_pb_contact_field][et_pb_contact_field field_id=\"Email\" field_title=\"Email\" field_type=\"email\" _builder_version=\"4.16\" form_field_font=\"||||||||\" global_colors_info=\"{}\" button_text_size__hover_enabled=\"off\" button_one_text_size__hover_enabled=\"off\" button_two_text_size__hover_enabled=\"off\" button_text_color__hover_enabled=\"off\" button_one_text_color__hover_enabled=\"off\" button_two_text_color__hover_enabled=\"off\" button_border_width__hover_enabled=\"off\" button_one_border_width__hover_enabled=\"off\" button_two_border_width__hover_enabled=\"off\" button_border_color__hover_enabled=\"off\" button_one_border_color__hover_enabled=\"off\" button_two_border_color__hover_enabled=\"off\" button_border_radius__hover_enabled=\"off\" button_one_border_radius__hover_enabled=\"off\" button_two_border_radius__hover_enabled=\"off\" button_letter_spacing__hover_enabled=\"off\" button_one_letter_spacing__hover_enabled=\"off\" button_two_letter_spacing__hover_enabled=\"off\" button_bg_color__hover_enabled=\"off\" button_one_bg_color__hover_enabled=\"off\" button_two_bg_color__hover_enabled=\"off\"][\/et_pb_contact_field][et_pb_contact_field field_id=\"Telefono\" field_title=\"Num\u00e9ro de T\u00e9l\u00e9phone\" fullwidth_field=\"on\" _builder_version=\"4.16\" global_colors_info=\"{}\"][\/et_pb_contact_field][et_pb_contact_field field_id=\"Messaggio\" field_title=\"Message\" field_type=\"text\" required_mark=\"off\" fullwidth_field=\"on\" _builder_version=\"4.16\" global_colors_info=\"{}\" button_text_size__hover_enabled=\"off\" button_one_text_size__hover_enabled=\"off\" button_two_text_size__hover_enabled=\"off\" button_text_color__hover_enabled=\"off\" button_one_text_color__hover_enabled=\"off\" button_two_text_color__hover_enabled=\"off\" button_border_width__hover_enabled=\"off\" button_one_border_width__hover_enabled=\"off\" button_two_border_width__hover_enabled=\"off\" button_border_color__hover_enabled=\"off\" button_one_border_color__hover_enabled=\"off\" button_two_border_color__hover_enabled=\"off\" button_border_radius__hover_enabled=\"off\" button_one_border_radius__hover_enabled=\"off\" button_two_border_radius__hover_enabled=\"off\" button_letter_spacing__hover_enabled=\"off\" button_one_letter_spacing__hover_enabled=\"off\" button_two_letter_spacing__hover_enabled=\"off\" button_bg_color__hover_enabled=\"off\" button_one_bg_color__hover_enabled=\"off\" button_two_bg_color__hover_enabled=\"off\"][\/et_pb_contact_field][et_pb_contact_field field_id=\"Privacy\" field_title=\"Privacy\" field_type=\"checkbox\" checkbox_options=\"%91{%22value%22:%22J&#039;ai lu et j&#039;accepte la politique de confidentialit\u00e9%22,%22checked%22:0,%22dragID%22:-1,%22link_url%22:%22https:\\\/\\\/www.villadisotto.it\\\/privacy-policy\\\/%22}%93\" fullwidth_field=\"on\" _builder_version=\"4.16\" global_colors_info=\"{}\"][\/et_pb_contact_field][et_pb_contact_field field_id=\"Newsletter\" field_title=\"Inscrivez-vous \u00e0 la Newsletter\" field_type=\"checkbox\" checkbox_options=\"%91{%22value%22:%22Je veux \u00eatre tenu au courant des derni\u00e8res nouvelles, des \u00e9v\u00e9nements et des offres de Villa di Sotto%22,%22checked%22:0,%22dragID%22:-1}%93\" required_mark=\"off\" fullwidth_field=\"on\" _builder_version=\"4.16\" _module_preset=\"default\" global_colors_info=\"{}\"][\/et_pb_contact_field][\/et_pb_contact_form][\/et_pb_column][et_pb_column type=\"1_5\" _builder_version=\"4.16\" custom_padding=\"|||\" global_colors_info=\"{}\" custom_padding__hover=\"|||\"][\/et_pb_column][\/et_pb_row][\/et_pb_section]<\/p>\n","protected":false},"excerpt":{"rendered":"<p>Contacts Villa di Sotto est situ\u00e9e \u00e0 seulement 20 Km de Sienne, \u00e0 l\u2019extr\u00e9mit\u00e9 de l\u2019ancien Borgo Villa a Sesta, situ\u00e9 le long de la route qui m\u00e8ne au historique Castello di Brolio.Villa di Sotto Via Santa Caterina, 30Villa a Sesta53019 - Castelnuovo BerardengaSienainfo@villadisotto.it+39 3479327090 - Paola+39 3337351363 - GiuliaContactez-nousEnvoyez votre demande et nous vous [&hellip;]<\/p>\n","protected":false},"author":3,"featured_media":2207,"parent":0,"menu_order":0,"comment_status":"closed","ping_status":"closed","template":"","meta":{"_et_pb_use_builder":"on","_et_pb_old_content":"","_et_gb_content_width":"","footnotes":""},"class_list":["post-2206","page","type-page","status-publish","has-post-thumbnail","hentry"],"yoast_head":"<!-- This site is optimized with the Yoast SEO plugin v27.4 - https:\/\/yoast.com\/product\/yoast-seo-wordpress\/ -->\n<title>Contacts Villa di Sotto - Bed &amp; Breakfast et Restaurant typique Chianti Toscane<\/title>\n<meta name=\"description\" content=\"Contacts Villa di Sotto | Est situ\u00e9e \u00e0 seulement 20 Km de Sienne, \u00e0 l\u2019extr\u00e9mit\u00e9 de l\u2019ancien Borgo Villa a Sesta, situ\u00e9 le long de la route qui m\u00e8ne au historique...\" \/>\n<meta name=\"robots\" content=\"index, follow, max-snippet:-1, max-image-preview:large, max-video-preview:-1\" \/>\n<link rel=\"canonical\" href=\"https:\/\/www.villadisotto.it\/fr\/contacts-villa-di-sotto\/\" \/>\n<meta property=\"og:locale\" content=\"fr_FR\" \/>\n<meta property=\"og:type\" content=\"article\" \/>\n<meta property=\"og:title\" content=\"Contacts Villa di Sotto - Bed &amp; Breakfast et Restaurant typique Chianti Toscane\" \/>\n<meta property=\"og:description\" content=\"Contacts Villa di Sotto | Est situ\u00e9e \u00e0 seulement 20 Km de Sienne, \u00e0 l\u2019extr\u00e9mit\u00e9 de l\u2019ancien Borgo Villa a Sesta, situ\u00e9 le long de la route qui m\u00e8ne au historique...\" \/>\n<meta property=\"og:url\" content=\"https:\/\/www.villadisotto.it\/fr\/contacts-villa-di-sotto\/\" \/>\n<meta property=\"og:site_name\" content=\"Villa di Sotto\" \/>\n<meta property=\"article:modified_time\" content=\"2024-10-28T17:36:04+00:00\" \/>\n<meta property=\"og:image\" content=\"https:\/\/www.villadisotto.it\/wp-content\/uploads\/2019\/04\/gallo-nero.png\" \/>\n\t<meta property=\"og:image:width\" content=\"472\" \/>\n\t<meta property=\"og:image:height\" content=\"705\" \/>\n\t<meta property=\"og:image:type\" content=\"image\/png\" \/>\n<meta name=\"twitter:card\" content=\"summary_large_image\" \/>\n<meta name=\"twitter:label1\" content=\"Dur\u00e9e de lecture estim\u00e9e\" \/>\n\t<meta name=\"twitter:data1\" content=\"10 minutes\" \/>\n<script type=\"application\/ld+json\" class=\"yoast-schema-graph\">{\"@context\":\"https:\\\/\\\/schema.org\",\"@graph\":[{\"@type\":\"WebPage\",\"@id\":\"https:\\\/\\\/www.villadisotto.it\\\/fr\\\/contacts-villa-di-sotto\\\/\",\"url\":\"https:\\\/\\\/www.villadisotto.it\\\/fr\\\/contacts-villa-di-sotto\\\/\",\"name\":\"Contacts Villa di Sotto - Bed & Breakfast et Restaurant typique Chianti Toscane\",\"isPartOf\":{\"@id\":\"https:\\\/\\\/www.villadisotto.it\\\/#website\"},\"primaryImageOfPage\":{\"@id\":\"https:\\\/\\\/www.villadisotto.it\\\/fr\\\/contacts-villa-di-sotto\\\/#primaryimage\"},\"image\":{\"@id\":\"https:\\\/\\\/www.villadisotto.it\\\/fr\\\/contacts-villa-di-sotto\\\/#primaryimage\"},\"thumbnailUrl\":\"https:\\\/\\\/www.villadisotto.it\\\/wp-content\\\/uploads\\\/2019\\\/04\\\/gallo-nero.png\",\"datePublished\":\"2019-07-01T10:10:22+00:00\",\"dateModified\":\"2024-10-28T17:36:04+00:00\",\"description\":\"Contacts Villa di Sotto | Est situ\u00e9e \u00e0 seulement 20 Km de Sienne, \u00e0 l\u2019extr\u00e9mit\u00e9 de l\u2019ancien Borgo Villa a Sesta, situ\u00e9 le long de la route qui m\u00e8ne au historique...\",\"breadcrumb\":{\"@id\":\"https:\\\/\\\/www.villadisotto.it\\\/fr\\\/contacts-villa-di-sotto\\\/#breadcrumb\"},\"inLanguage\":\"fr-FR\",\"potentialAction\":[{\"@type\":\"ReadAction\",\"target\":[\"https:\\\/\\\/www.villadisotto.it\\\/fr\\\/contacts-villa-di-sotto\\\/\"]}]},{\"@type\":\"ImageObject\",\"inLanguage\":\"fr-FR\",\"@id\":\"https:\\\/\\\/www.villadisotto.it\\\/fr\\\/contacts-villa-di-sotto\\\/#primaryimage\",\"url\":\"https:\\\/\\\/www.villadisotto.it\\\/wp-content\\\/uploads\\\/2019\\\/04\\\/gallo-nero.png\",\"contentUrl\":\"https:\\\/\\\/www.villadisotto.it\\\/wp-content\\\/uploads\\\/2019\\\/04\\\/gallo-nero.png\",\"width\":472,\"height\":705,\"caption\":\"Contacts Villa di Sotto\"},{\"@type\":\"BreadcrumbList\",\"@id\":\"https:\\\/\\\/www.villadisotto.it\\\/fr\\\/contacts-villa-di-sotto\\\/#breadcrumb\",\"itemListElement\":[{\"@type\":\"ListItem\",\"position\":1,\"name\":\"Home\",\"item\":\"https:\\\/\\\/www.villadisotto.it\\\/\"},{\"@type\":\"ListItem\",\"position\":2,\"name\":\"Contacts Villa di Sotto\"}]},{\"@type\":\"WebSite\",\"@id\":\"https:\\\/\\\/www.villadisotto.it\\\/#website\",\"url\":\"https:\\\/\\\/www.villadisotto.it\\\/\",\"name\":\"Villa di Sotto\",\"description\":\"Il cuore del Chianti\",\"potentialAction\":[{\"@type\":\"SearchAction\",\"target\":{\"@type\":\"EntryPoint\",\"urlTemplate\":\"https:\\\/\\\/www.villadisotto.it\\\/?s={search_term_string}\"},\"query-input\":{\"@type\":\"PropertyValueSpecification\",\"valueRequired\":true,\"valueName\":\"search_term_string\"}}],\"inLanguage\":\"fr-FR\"}]}<\/script>\n<!-- \/ Yoast SEO plugin. -->","yoast_head_json":{"title":"Contacts Villa di Sotto - Bed & Breakfast et Restaurant typique Chianti Toscane","description":"Contacts Villa di Sotto | Est situ\u00e9e \u00e0 seulement 20 Km de Sienne, \u00e0 l\u2019extr\u00e9mit\u00e9 de l\u2019ancien Borgo Villa a Sesta, situ\u00e9 le long de la route qui m\u00e8ne au historique...","robots":{"index":"index","follow":"follow","max-snippet":"max-snippet:-1","max-image-preview":"max-image-preview:large","max-video-preview":"max-video-preview:-1"},"canonical":"https:\/\/www.villadisotto.it\/fr\/contacts-villa-di-sotto\/","og_locale":"fr_FR","og_type":"article","og_title":"Contacts Villa di Sotto - Bed & Breakfast et Restaurant typique Chianti Toscane","og_description":"Contacts Villa di Sotto | Est situ\u00e9e \u00e0 seulement 20 Km de Sienne, \u00e0 l\u2019extr\u00e9mit\u00e9 de l\u2019ancien Borgo Villa a Sesta, situ\u00e9 le long de la route qui m\u00e8ne au historique...","og_url":"https:\/\/www.villadisotto.it\/fr\/contacts-villa-di-sotto\/","og_site_name":"Villa di Sotto","article_modified_time":"2024-10-28T17:36:04+00:00","og_image":[{"width":472,"height":705,"url":"https:\/\/www.villadisotto.it\/wp-content\/uploads\/2019\/04\/gallo-nero.png","type":"image\/png"}],"twitter_card":"summary_large_image","twitter_misc":{"Dur\u00e9e de lecture estim\u00e9e":"10 minutes"},"schema":{"@context":"https:\/\/schema.org","@graph":[{"@type":"WebPage","@id":"https:\/\/www.villadisotto.it\/fr\/contacts-villa-di-sotto\/","url":"https:\/\/www.villadisotto.it\/fr\/contacts-villa-di-sotto\/","name":"Contacts Villa di Sotto - Bed & Breakfast et Restaurant typique Chianti Toscane","isPartOf":{"@id":"https:\/\/www.villadisotto.it\/#website"},"primaryImageOfPage":{"@id":"https:\/\/www.villadisotto.it\/fr\/contacts-villa-di-sotto\/#primaryimage"},"image":{"@id":"https:\/\/www.villadisotto.it\/fr\/contacts-villa-di-sotto\/#primaryimage"},"thumbnailUrl":"https:\/\/www.villadisotto.it\/wp-content\/uploads\/2019\/04\/gallo-nero.png","datePublished":"2019-07-01T10:10:22+00:00","dateModified":"2024-10-28T17:36:04+00:00","description":"Contacts Villa di Sotto | Est situ\u00e9e \u00e0 seulement 20 Km de Sienne, \u00e0 l\u2019extr\u00e9mit\u00e9 de l\u2019ancien Borgo Villa a Sesta, situ\u00e9 le long de la route qui m\u00e8ne au historique...","breadcrumb":{"@id":"https:\/\/www.villadisotto.it\/fr\/contacts-villa-di-sotto\/#breadcrumb"},"inLanguage":"fr-FR","potentialAction":[{"@type":"ReadAction","target":["https:\/\/www.villadisotto.it\/fr\/contacts-villa-di-sotto\/"]}]},{"@type":"ImageObject","inLanguage":"fr-FR","@id":"https:\/\/www.villadisotto.it\/fr\/contacts-villa-di-sotto\/#primaryimage","url":"https:\/\/www.villadisotto.it\/wp-content\/uploads\/2019\/04\/gallo-nero.png","contentUrl":"https:\/\/www.villadisotto.it\/wp-content\/uploads\/2019\/04\/gallo-nero.png","width":472,"height":705,"caption":"Contacts Villa di Sotto"},{"@type":"BreadcrumbList","@id":"https:\/\/www.villadisotto.it\/fr\/contacts-villa-di-sotto\/#breadcrumb","itemListElement":[{"@type":"ListItem","position":1,"name":"Home","item":"https:\/\/www.villadisotto.it\/"},{"@type":"ListItem","position":2,"name":"Contacts Villa di Sotto"}]},{"@type":"WebSite","@id":"https:\/\/www.villadisotto.it\/#website","url":"https:\/\/www.villadisotto.it\/","name":"Villa di Sotto","description":"Il cuore del Chianti","potentialAction":[{"@type":"SearchAction","target":{"@type":"EntryPoint","urlTemplate":"https:\/\/www.villadisotto.it\/?s={search_term_string}"},"query-input":{"@type":"PropertyValueSpecification","valueRequired":true,"valueName":"search_term_string"}}],"inLanguage":"fr-FR"}]}},"_links":{"self":[{"href":"https:\/\/www.villadisotto.it\/fr\/wp-json\/wp\/v2\/pages\/2206","targetHints":{"allow":["GET"]}}],"collection":[{"href":"https:\/\/www.villadisotto.it\/fr\/wp-json\/wp\/v2\/pages"}],"about":[{"href":"https:\/\/www.villadisotto.it\/fr\/wp-json\/wp\/v2\/types\/page"}],"author":[{"embeddable":true,"href":"https:\/\/www.villadisotto.it\/fr\/wp-json\/wp\/v2\/users\/3"}],"replies":[{"embeddable":true,"href":"https:\/\/www.villadisotto.it\/fr\/wp-json\/wp\/v2\/comments?post=2206"}],"version-history":[{"count":119,"href":"https:\/\/www.villadisotto.it\/fr\/wp-json\/wp\/v2\/pages\/2206\/revisions"}],"predecessor-version":[{"id":27468,"href":"https:\/\/www.villadisotto.it\/fr\/wp-json\/wp\/v2\/pages\/2206\/revisions\/27468"}],"wp:featuredmedia":[{"embeddable":true,"href":"https:\/\/www.villadisotto.it\/fr\/wp-json\/wp\/v2\/media\/2207"}],"wp:attachment":[{"href":"https:\/\/www.villadisotto.it\/fr\/wp-json\/wp\/v2\/media?parent=2206"}],"curies":[{"name":"wp","href":"https:\/\/api.w.org\/{rel}","templated":true}]}}