{"id":2199,"date":"2019-07-01T11:56:33","date_gmt":"2019-07-01T09:56:33","guid":{"rendered":"https:\/\/www.villadisotto.it\/petit-dejeuner\/"},"modified":"2026-01-27T14:33:23","modified_gmt":"2026-01-27T13:33:23","slug":"petit-dejeuner","status":"publish","type":"page","link":"https:\/\/www.villadisotto.it\/fr\/petit-dejeuner\/","title":{"rendered":"Petit-d\u00e9jeuner"},"content":{"rendered":"<p>[et_pb_section fb_built=\"1\" fullwidth=\"on\" _builder_version=\"4.16\" global_colors_info=\"{}\"][et_pb_fullwidth_slider _builder_version=\"4.27.4\" height_tablet=\"\" height_phone=\"300px\" height_last_edited=\"on|phone\" custom_padding=\"280px||280px||true|\" global_colors_info=\"{}\"][et_pb_slide _builder_version=\"4.27.4\" background_image=\"https:\/\/www.villadisotto.it\/wp-content\/uploads\/2025\/07\/Colazione-VdS-h.jpg\" background_enable_image=\"on\" background_position=\"bottom_center\" global_colors_info=\"{}\" sticky_transition=\"on\"][\/et_pb_slide][et_pb_slide _builder_version=\"4.27.4\" background_image=\"https:\/\/www.villadisotto.it\/wp-content\/uploads\/2025\/07\/Colazione-VdS-buffet-ok.jpg\" background_enable_image=\"on\" global_colors_info=\"{}\" sticky_transition=\"on\"][\/et_pb_slide][\/et_pb_fullwidth_slider][\/et_pb_section][et_pb_section fb_built=\"1\" custom_padding_last_edited=\"on|phone\" _builder_version=\"4.21.0\" custom_margin=\"||||false|false\" custom_padding=\"50px|0px|50px|0px|true|false\" custom_padding_tablet=\"30px|0px|30px|0px|true|false\" custom_padding_phone=\"5px||5px||true|false\" global_colors_info=\"{}\"][et_pb_row _builder_version=\"4.16\" background_size=\"initial\" background_position=\"top_left\" background_repeat=\"repeat\" custom_width_px=\"857px\" global_colors_info=\"{}\"][et_pb_column type=\"4_4\" _builder_version=\"4.16\" custom_padding=\"|||\" global_colors_info=\"{}\" custom_padding__hover=\"|||\"][et_pb_text _builder_version=\"4.27.4\" header_font=\"Petit Formal Script|700|||||||\" header_font_size=\"46px\" header_2_font=\"Petit Formal Script|700|||||||\" header_2_font_size=\"37px\" custom_margin=\"||12px|||\" header_font_size_tablet=\"\" header_font_size_phone=\"30px\" header_font_size_last_edited=\"on|phone\" global_colors_info=\"{}\"]<\/p>\n<h2 style=\"text-align: center;\">Petit-d\u00e9jeuner buffet<\/h2>\n<p>[\/et_pb_text][et_pb_text _builder_version=\"4.27.4\" _module_preset=\"default\" header_4_font=\"|700|||||||\" header_4_text_color=\"#000000\" global_colors_info=\"{}\"]<\/p>\n<h4 style=\"text-align: center;\">de <span style=\"color: #000000;\">8h30 \u00e0 10h00<\/span><\/h4>\n<p>[\/et_pb_text][et_pb_text _builder_version=\"4.27.4\" background_size=\"initial\" background_position=\"top_left\" background_repeat=\"repeat\" global_colors_info=\"{}\"]<\/p>\n<p style=\"text-align: center;\"><strong><em><span style=\"color: #000000;\">Si l'on prend un bon d\u00e9part, la bataille est moiti\u00e9 gagn\u00e9e,<br \/>nous vous attendons! <\/span><\/em><\/strong><\/p>\n<p>[\/et_pb_text][et_pb_button button_url=\"https:\/\/www.villadisotto.it\/fr\/contacts-villa-di-sotto\/\" button_text=\"DEMANDEZ DES INFORMATIONS\" button_alignment=\"center\" _builder_version=\"4.21.0\" custom_button=\"on\" button_text_size=\"16px\" button_text_color=\"#ffffff\" button_bg_color=\"#d3be80\" button_border_width=\"5px\" button_border_color=\"#d3be80\" button_border_radius=\"7px\" button_letter_spacing=\"2px\" button_font=\"|600|||||||\" custom_padding=\"10px|30px|10px|30px|true|true\" button_text_size_tablet=\"16px\" button_text_size_phone=\"13px\" button_text_size_last_edited=\"on|phone\" box_shadow_style=\"preset1\" global_colors_info=\"{}\" button_bg_color__hover_enabled=\"on\" button_bg_color__hover=\"rgba(0,0,0,0.82)\" button_text_color__hover_enabled=\"on\" button_text_color__hover=\"#ffffff\"][\/et_pb_button][\/et_pb_column][\/et_pb_row][\/et_pb_section][et_pb_section fb_built=\"1\" _builder_version=\"4.27.4\" _module_preset=\"default\" custom_padding=\"0px||0px|||\" global_colors_info=\"{}\"][et_pb_row column_structure=\"1_2,1_2\" use_custom_gutter=\"on\" gutter_width=\"1\" make_equal=\"on\" _builder_version=\"4.27.4\" _module_preset=\"default\" width=\"100%\" max_width=\"2560px\" custom_padding=\"0px||0px|||\" global_colors_info=\"{}\"][et_pb_column type=\"1_2\" _builder_version=\"4.27.4\" _module_preset=\"default\" animation_style=\"slide\" animation_direction=\"left\" animation_intensity_slide=\"5%\" global_colors_info=\"{}\"][et_pb_gallery gallery_ids=\"29080,28966,29084,29088\" fullwidth=\"on\" _builder_version=\"4.27.4\" _module_preset=\"default\" auto=\"on\" auto_speed=\"3000\" global_colors_info=\"{}\"][\/et_pb_gallery][\/et_pb_column][et_pb_column type=\"1_2\" _builder_version=\"4.27.4\" _module_preset=\"default\" background_color=\"#f4f4f4\" custom_padding=\"150px|150px|150px|100px|true|false\" custom_padding_tablet=\"150px|150px|150px|50px|true|false\" custom_padding_phone=\"50px|70px|50px|30px|true|false\" custom_padding_last_edited=\"on|phone\" global_colors_info=\"{}\"][et_pb_text _builder_version=\"4.27.4\" _module_preset=\"default\" header_font=\"|||on|||||\" header_2_font=\"|700|||||||\" header_2_font_size=\"50px\" custom_padding=\"||30px||false|false\" header_2_font_size_tablet=\"50px\" header_2_font_size_phone=\"30px\" header_2_font_size_last_edited=\"on|phone\" global_colors_info=\"{}\"]<\/p>\n<h2>Des g\u00e2teaux faits maison tous les jours<\/h2>\n<p>[\/et_pb_text][et_pb_text _builder_version=\"4.27.4\" _module_preset=\"default\" text_font_size=\"18px\" global_colors_info=\"{}\"]<\/p>\n<p>G\u00e2teaux, muffins, biscuits, tartes avec confitures de saison<\/p>\n<p>[\/et_pb_text][\/et_pb_column][\/et_pb_row][et_pb_row column_structure=\"1_2,1_2\" use_custom_gutter=\"on\" gutter_width=\"1\" disabled_on=\"off|off|on\" _builder_version=\"4.27.4\" _module_preset=\"default\" width=\"100%\" max_width=\"2560px\" custom_padding=\"0px||0px|||\" global_colors_info=\"{}\"][et_pb_column type=\"1_2\" _builder_version=\"4.27.4\" _module_preset=\"default\" animation_style=\"slide\" animation_direction=\"left\" animation_intensity_slide=\"5%\" global_colors_info=\"{}\"][et_pb_gallery gallery_ids=\"28990,28994,28998,28986\" fullwidth=\"on\" _builder_version=\"4.27.4\" _module_preset=\"default\" auto=\"on\" auto_speed=\"3000\" global_colors_info=\"{}\"][\/et_pb_gallery][\/et_pb_column][et_pb_column type=\"1_2\" _builder_version=\"4.27.4\" _module_preset=\"default\" custom_padding=\"150px|150px|150px|50px|true|false\" custom_padding_tablet=\"150px|150px|150px|50px|true|false\" custom_padding_phone=\"50px|70px|50px|30px|true|false\" custom_padding_last_edited=\"on|phone\" global_colors_info=\"{}\"][et_pb_text _builder_version=\"4.27.4\" _module_preset=\"default\" header_font=\"|||on|||||\" header_2_font=\"|700|||||||\" header_2_font_size=\"50px\" custom_padding=\"||30px||false|false\" header_2_font_size_tablet=\"50px\" header_2_font_size_phone=\"30px\" header_2_font_size_last_edited=\"on|phone\" global_colors_info=\"{}\"]<\/p>\n<h2>Terrasse panoramique<\/h2>\n<p>[\/et_pb_text][et_pb_text _builder_version=\"4.27.4\" _module_preset=\"default\" text_font_size=\"18px\" global_colors_info=\"{}\"]<\/p>\n<p>Un r\u00e9veil dans la tranquillit\u00e9 de la nature avec une vue unique sur la campagne toscane<\/p>\n<p>[\/et_pb_text][\/et_pb_column][\/et_pb_row][et_pb_row column_structure=\"1_2,1_2\" use_custom_gutter=\"on\" gutter_width=\"1\" make_equal=\"on\" disabled_on=\"on|on|off\" _builder_version=\"4.27.4\" _module_preset=\"default\" width=\"100%\" max_width=\"2560px\" custom_padding=\"0px||0px||false|false\" global_colors_info=\"{}\"][et_pb_column type=\"1_2\" _builder_version=\"4.27.4\" _module_preset=\"default\" custom_padding=\"100px|100px|100px|150px|true|false\" custom_padding_tablet=\"100px|50px|100px|150px|true|false\" custom_padding_phone=\"50px|30px|50px|70px|true|false\" custom_padding_last_edited=\"on|phone\" global_colors_info=\"{}\"][et_pb_text _builder_version=\"4.27.4\" _module_preset=\"default\" header_font=\"|||on|||||\" header_2_font=\"|700|||||||\" header_2_font_size=\"50px\" custom_padding=\"||30px||false|false\" header_2_font_size_tablet=\"50px\" header_2_font_size_phone=\"30px\" header_2_font_size_last_edited=\"on|phone\" global_colors_info=\"{}\"]<\/p>\n<h2>Terrasse panoramique<\/h2>\n<p>[\/et_pb_text][et_pb_text _builder_version=\"4.27.4\" _module_preset=\"default\" text_font_size=\"18px\" global_colors_info=\"{}\"]<\/p>\n<p>Un r\u00e9veil dans la tranquillit\u00e9 de la nature avec une vue unique sur la campagne toscane<\/p>\n<p>[\/et_pb_text][\/et_pb_column][et_pb_column type=\"1_2\" _builder_version=\"4.27.4\" _module_preset=\"default\" animation_style=\"slide\" animation_direction=\"right\" animation_intensity_slide=\"5%\" global_colors_info=\"{}\"][et_pb_gallery gallery_ids=\"28990,28994,28998,28986\" fullwidth=\"on\" _builder_version=\"4.27.4\" _module_preset=\"default\" auto=\"on\" auto_speed=\"3000\" global_colors_info=\"{}\"][\/et_pb_gallery][\/et_pb_column][\/et_pb_row][et_pb_row column_structure=\"1_2,1_2\" use_custom_gutter=\"on\" gutter_width=\"1\" make_equal=\"on\" _builder_version=\"4.27.4\" _module_preset=\"default\" width=\"100%\" max_width=\"2560px\" custom_padding=\"0px||0px|||\" global_colors_info=\"{}\"][et_pb_column type=\"1_2\" _builder_version=\"4.27.4\" _module_preset=\"default\" animation_style=\"slide\" animation_direction=\"left\" animation_intensity_slide=\"5%\" global_colors_info=\"{}\"][et_pb_gallery gallery_ids=\"29096,29100,29092,29104\" fullwidth=\"on\" _builder_version=\"4.27.4\" _module_preset=\"default\" auto=\"on\" auto_speed=\"3000\" global_colors_info=\"{}\"][\/et_pb_gallery][\/et_pb_column][et_pb_column type=\"1_2\" _builder_version=\"4.27.4\" _module_preset=\"default\" background_color=\"#f4f4f4\" custom_padding=\"150px|150px|150px|100px|true|false\" custom_padding_tablet=\"150px|150px|150px|50px|true|false\" custom_padding_phone=\"50px|70px|50px|30px|true|false\" custom_padding_last_edited=\"on|phone\" global_colors_info=\"{}\"][et_pb_text _builder_version=\"4.27.4\" _module_preset=\"default\" header_font=\"|||on|||||\" header_2_font=\"|700|||||||\" header_2_font_size=\"50px\" custom_padding=\"||30px||false|false\" header_2_font_size_tablet=\"50px\" header_2_font_size_phone=\"30px\" header_2_font_size_last_edited=\"on|phone\" global_colors_info=\"{}\"]<\/p>\n<h2>Oeufs faits sur le moment<\/h2>\n<p>[\/et_pb_text][et_pb_text _builder_version=\"4.27.4\" _module_preset=\"default\" text_font_size=\"18px\" global_colors_info=\"{}\"]<\/p>\n<p>Nous n\u2019utilisons que des \u0153ufs frais qui sont pr\u00e9par\u00e9s sur demande<\/p>\n<p>[\/et_pb_text][\/et_pb_column][\/et_pb_row][\/et_pb_section][et_pb_section fb_built=\"1\" custom_padding_last_edited=\"on|phone\" _builder_version=\"4.27.4\" _module_preset=\"default\" custom_padding=\"70px||70px||true|\" custom_padding_tablet=\"70px||70px||true|\" custom_padding_phone=\"30px||0px||false|false\" global_colors_info=\"{}\"][et_pb_row use_custom_gutter=\"on\" gutter_width=\"2\" _builder_version=\"4.27.4\" _module_preset=\"default\" custom_padding=\"20px||0px||false|false\" global_colors_info=\"{}\"][et_pb_column type=\"4_4\" _builder_version=\"4.27.4\" _module_preset=\"default\" global_colors_info=\"{}\"][et_pb_text _builder_version=\"4.27.4\" _module_preset=\"default\" header_font=\"|||on|||||\" header_2_font=\"|700|||||||\" header_2_text_align=\"center\" header_2_font_size=\"50px\" custom_padding=\"||2px||false|false\" header_2_font_size_tablet=\"50px\" header_2_font_size_phone=\"30px\" header_2_font_size_last_edited=\"on|phone\" global_colors_info=\"{}\"]<\/p>\n<h2>...et bien plus encore!<\/h2>\n<p>[\/et_pb_text][\/et_pb_column][\/et_pb_row][et_pb_row _builder_version=\"4.27.4\" _module_preset=\"default\" max_width=\"1350px\" custom_padding=\"30px||||false|false\" global_colors_info=\"{}\"][et_pb_column type=\"4_4\" _builder_version=\"4.27.4\" _module_preset=\"default\" global_colors_info=\"{}\"][dica_divi_carousel show_items_desktop=\"3\" show_items_tablet=\"2\" loop=\"on\" autoplay=\"on\" autoplay_speed=\"2000\" dot_nav=\"on\" field_large_active_bullet=\"on\" arrow_nav_color=\"#2d2d2d\" dots_active_color=\"#2d2d2d\" overlay_color_field_bgcolor=\"rgba(255,255,255,0.85)\" _builder_version=\"4.27.4\" _module_preset=\"default\" global_colors_info=\"{}\"][dica_divi_carouselitem button_url_new_window=\"1\" image=\"https:\/\/www.villadisotto.it\/wp-content\/uploads\/2025\/07\/VdS-5104.jpg\" _builder_version=\"4.27.4\" _module_preset=\"default\" background_enable_image=\"off\" global_colors_info=\"{}\"][\/dica_divi_carouselitem][dica_divi_carouselitem button_url_new_window=\"1\" image=\"https:\/\/www.villadisotto.it\/wp-content\/uploads\/2025\/07\/VdS-5102.jpg\" _builder_version=\"4.27.4\" _module_preset=\"default\" background_enable_image=\"off\" global_colors_info=\"{}\"][\/dica_divi_carouselitem][dica_divi_carouselitem button_url_new_window=\"1\" image=\"https:\/\/www.villadisotto.it\/wp-content\/uploads\/2025\/07\/VdS-5181.jpg\" _builder_version=\"4.27.4\" _module_preset=\"default\" background_enable_image=\"off\" global_colors_info=\"{}\"][\/dica_divi_carouselitem][dica_divi_carouselitem button_url_new_window=\"1\" image=\"https:\/\/www.villadisotto.it\/wp-content\/uploads\/2025\/07\/VdS-5222.jpg\" _builder_version=\"4.27.4\" _module_preset=\"default\" background_enable_image=\"off\" global_colors_info=\"{}\"][\/dica_divi_carouselitem][dica_divi_carouselitem button_url_new_window=\"1\" image=\"https:\/\/www.villadisotto.it\/wp-content\/uploads\/2025\/07\/VdS-5097.jpg\" _builder_version=\"4.27.4\" _module_preset=\"default\" background_enable_image=\"off\" global_colors_info=\"{}\"][\/dica_divi_carouselitem][dica_divi_carouselitem button_url_new_window=\"1\" image=\"https:\/\/www.villadisotto.it\/wp-content\/uploads\/2025\/07\/VdS-5195.jpg\" _builder_version=\"4.27.4\" _module_preset=\"default\" background_enable_image=\"off\" global_colors_info=\"{}\"][\/dica_divi_carouselitem][dica_divi_carouselitem button_url_new_window=\"1\" image=\"https:\/\/www.villadisotto.it\/wp-content\/uploads\/2025\/07\/VdS-5210.jpg\" _builder_version=\"4.27.4\" _module_preset=\"default\" background_enable_image=\"off\" global_colors_info=\"{}\"][\/dica_divi_carouselitem][\/dica_divi_carousel][et_pb_button button_url=\"https:\/\/www.villadisotto.it\/#prenota\" button_text=\"V\u00e9rifier la disponibilit\u00e9\" button_alignment=\"right\" button_alignment_tablet=\"right\" button_alignment_phone=\"center\" button_alignment_last_edited=\"on|phone\" disabled_on=\"off|on|on\" _builder_version=\"4.27.5\" custom_button=\"on\" button_text_size=\"18px\" button_text_color=\"#FFFFFF\" button_bg_color=\"#179d0d\" button_border_color=\"RGBA(0,0,0,0)\" button_font=\"|700|||||||\" button_icon=\"&#xf232;||fa||400\" custom_margin=\"||26px||false|false\" custom_margin_tablet=\"|||0px|false|false\" custom_margin_phone=\"\" custom_margin_last_edited=\"on|desktop\" custom_padding=\"|50px||50px|true|true\" hover_enabled=\"0\" button_text_size_tablet=\"18px\" button_text_size_phone=\"15px\" button_text_size_last_edited=\"on|phone\" locked=\"off\" global_colors_info=\"{}\" sticky_enabled=\"0\"][\/et_pb_button][\/et_pb_column][\/et_pb_row][\/et_pb_section]<\/p>\n","protected":false},"excerpt":{"rendered":"<p>Petit-d\u00e9jeuner buffetde 8h30 \u00e0 10h00Si l'on prend un bon d\u00e9part, la bataille est moiti\u00e9 gagn\u00e9e,nous vous attendons! Des g\u00e2teaux faits maison tous les joursG\u00e2teaux, muffins, biscuits, tartes avec confitures de saisonTerrasse panoramiqueUn r\u00e9veil dans la tranquillit\u00e9 de la nature avec une vue unique sur la campagne toscaneTerrasse panoramiqueUn r\u00e9veil dans la tranquillit\u00e9 de la nature [&hellip;]<\/p>\n","protected":false},"author":3,"featured_media":28940,"parent":0,"menu_order":0,"comment_status":"closed","ping_status":"closed","template":"","meta":{"_et_pb_use_builder":"on","_et_pb_old_content":"","_et_gb_content_width":"","footnotes":""},"class_list":["post-2199","page","type-page","status-publish","has-post-thumbnail","hentry"],"yoast_head":"<!-- This site is optimized with the Yoast SEO plugin v27.2 - https:\/\/yoast.com\/product\/yoast-seo-wordpress\/ -->\n<title>Le petit-d\u00e9jeuner - Bed &amp; Breakfast dans le Chianti - Villa di Sotto<\/title>\n<meta name=\"description\" content=\"Notre petit-d\u00e9jeuner est nutritif et sain, avec des produits locaux de qualit\u00e9 aussi bien sucr\u00e9s que sal\u00e9s. Pour ceux qui pr\u00e9f\u00e8rent le sucr\u00e9, nous offrons des g\u00e2teaux fra\u00eeches de...\" \/>\n<meta name=\"robots\" content=\"index, follow, max-snippet:-1, max-image-preview:large, max-video-preview:-1\" \/>\n<link rel=\"canonical\" href=\"https:\/\/www.villadisotto.it\/fr\/petit-dejeuner\/\" \/>\n<meta property=\"og:locale\" content=\"fr_FR\" \/>\n<meta property=\"og:type\" content=\"article\" \/>\n<meta property=\"og:title\" content=\"Le petit-d\u00e9jeuner - Bed &amp; Breakfast dans le Chianti - Villa di Sotto\" \/>\n<meta property=\"og:description\" content=\"Notre petit-d\u00e9jeuner est nutritif et sain, avec des produits locaux de qualit\u00e9 aussi bien sucr\u00e9s que sal\u00e9s. Pour ceux qui pr\u00e9f\u00e8rent le sucr\u00e9, nous offrons des g\u00e2teaux fra\u00eeches de...\" \/>\n<meta property=\"og:url\" content=\"https:\/\/www.villadisotto.it\/fr\/petit-dejeuner\/\" \/>\n<meta property=\"og:site_name\" content=\"Villa di Sotto\" \/>\n<meta property=\"article:modified_time\" content=\"2026-01-27T13:33:23+00:00\" \/>\n<meta property=\"og:image\" content=\"https:\/\/www.villadisotto.it\/wp-content\/uploads\/2025\/07\/Colazione-VdS-h.jpg\" \/>\n\t<meta property=\"og:image:width\" content=\"1600\" \/>\n\t<meta property=\"og:image:height\" content=\"837\" \/>\n\t<meta property=\"og:image:type\" content=\"image\/jpeg\" \/>\n<meta name=\"twitter:card\" content=\"summary_large_image\" \/>\n<meta name=\"twitter:label1\" content=\"Dur\u00e9e de lecture estim\u00e9e\" \/>\n\t<meta name=\"twitter:data1\" content=\"9 minutes\" \/>\n<script type=\"application\/ld+json\" class=\"yoast-schema-graph\">{\"@context\":\"https:\/\/schema.org\",\"@graph\":[{\"@type\":\"WebPage\",\"@id\":\"https:\/\/www.villadisotto.it\/fr\/petit-dejeuner\/\",\"url\":\"https:\/\/www.villadisotto.it\/fr\/petit-dejeuner\/\",\"name\":\"Le petit-d\u00e9jeuner - Bed & Breakfast dans le Chianti - Villa di Sotto\",\"isPartOf\":{\"@id\":\"https:\/\/www.villadisotto.it\/#website\"},\"primaryImageOfPage\":{\"@id\":\"https:\/\/www.villadisotto.it\/fr\/petit-dejeuner\/#primaryimage\"},\"image\":{\"@id\":\"https:\/\/www.villadisotto.it\/fr\/petit-dejeuner\/#primaryimage\"},\"thumbnailUrl\":\"https:\/\/www.villadisotto.it\/wp-content\/uploads\/2025\/07\/Colazione-VdS-h.jpg\",\"datePublished\":\"2019-07-01T09:56:33+00:00\",\"dateModified\":\"2026-01-27T13:33:23+00:00\",\"description\":\"Notre petit-d\u00e9jeuner est nutritif et sain, avec des produits locaux de qualit\u00e9 aussi bien sucr\u00e9s que sal\u00e9s. Pour ceux qui pr\u00e9f\u00e8rent le sucr\u00e9, nous offrons des g\u00e2teaux fra\u00eeches de...\",\"breadcrumb\":{\"@id\":\"https:\/\/www.villadisotto.it\/fr\/petit-dejeuner\/#breadcrumb\"},\"inLanguage\":\"fr-FR\",\"potentialAction\":[{\"@type\":\"ReadAction\",\"target\":[\"https:\/\/www.villadisotto.it\/fr\/petit-dejeuner\/\"]}]},{\"@type\":\"ImageObject\",\"inLanguage\":\"fr-FR\",\"@id\":\"https:\/\/www.villadisotto.it\/fr\/petit-dejeuner\/#primaryimage\",\"url\":\"https:\/\/www.villadisotto.it\/wp-content\/uploads\/2025\/07\/Colazione-VdS-h.jpg\",\"contentUrl\":\"https:\/\/www.villadisotto.it\/wp-content\/uploads\/2025\/07\/Colazione-VdS-h.jpg\",\"width\":1600,\"height\":837},{\"@type\":\"BreadcrumbList\",\"@id\":\"https:\/\/www.villadisotto.it\/fr\/petit-dejeuner\/#breadcrumb\",\"itemListElement\":[{\"@type\":\"ListItem\",\"position\":1,\"name\":\"Home\",\"item\":\"https:\/\/www.villadisotto.it\/\"},{\"@type\":\"ListItem\",\"position\":2,\"name\":\"Petit-d\u00e9jeuner\"}]},{\"@type\":\"WebSite\",\"@id\":\"https:\/\/www.villadisotto.it\/#website\",\"url\":\"https:\/\/www.villadisotto.it\/\",\"name\":\"Villa di Sotto\",\"description\":\"Il cuore del Chianti\",\"potentialAction\":[{\"@type\":\"SearchAction\",\"target\":{\"@type\":\"EntryPoint\",\"urlTemplate\":\"https:\/\/www.villadisotto.it\/?s={search_term_string}\"},\"query-input\":{\"@type\":\"PropertyValueSpecification\",\"valueRequired\":true,\"valueName\":\"search_term_string\"}}],\"inLanguage\":\"fr-FR\"}]}<\/script>\n<!-- \/ Yoast SEO plugin. -->","yoast_head_json":{"title":"Le petit-d\u00e9jeuner - Bed & Breakfast dans le Chianti - Villa di Sotto","description":"Notre petit-d\u00e9jeuner est nutritif et sain, avec des produits locaux de qualit\u00e9 aussi bien sucr\u00e9s que sal\u00e9s. Pour ceux qui pr\u00e9f\u00e8rent le sucr\u00e9, nous offrons des g\u00e2teaux fra\u00eeches de...","robots":{"index":"index","follow":"follow","max-snippet":"max-snippet:-1","max-image-preview":"max-image-preview:large","max-video-preview":"max-video-preview:-1"},"canonical":"https:\/\/www.villadisotto.it\/fr\/petit-dejeuner\/","og_locale":"fr_FR","og_type":"article","og_title":"Le petit-d\u00e9jeuner - Bed & Breakfast dans le Chianti - Villa di Sotto","og_description":"Notre petit-d\u00e9jeuner est nutritif et sain, avec des produits locaux de qualit\u00e9 aussi bien sucr\u00e9s que sal\u00e9s. Pour ceux qui pr\u00e9f\u00e8rent le sucr\u00e9, nous offrons des g\u00e2teaux fra\u00eeches de...","og_url":"https:\/\/www.villadisotto.it\/fr\/petit-dejeuner\/","og_site_name":"Villa di Sotto","article_modified_time":"2026-01-27T13:33:23+00:00","og_image":[{"width":1600,"height":837,"url":"https:\/\/www.villadisotto.it\/wp-content\/uploads\/2025\/07\/Colazione-VdS-h.jpg","type":"image\/jpeg"}],"twitter_card":"summary_large_image","twitter_misc":{"Dur\u00e9e de lecture estim\u00e9e":"9 minutes"},"schema":{"@context":"https:\/\/schema.org","@graph":[{"@type":"WebPage","@id":"https:\/\/www.villadisotto.it\/fr\/petit-dejeuner\/","url":"https:\/\/www.villadisotto.it\/fr\/petit-dejeuner\/","name":"Le petit-d\u00e9jeuner - Bed & Breakfast dans le Chianti - Villa di Sotto","isPartOf":{"@id":"https:\/\/www.villadisotto.it\/#website"},"primaryImageOfPage":{"@id":"https:\/\/www.villadisotto.it\/fr\/petit-dejeuner\/#primaryimage"},"image":{"@id":"https:\/\/www.villadisotto.it\/fr\/petit-dejeuner\/#primaryimage"},"thumbnailUrl":"https:\/\/www.villadisotto.it\/wp-content\/uploads\/2025\/07\/Colazione-VdS-h.jpg","datePublished":"2019-07-01T09:56:33+00:00","dateModified":"2026-01-27T13:33:23+00:00","description":"Notre petit-d\u00e9jeuner est nutritif et sain, avec des produits locaux de qualit\u00e9 aussi bien sucr\u00e9s que sal\u00e9s. Pour ceux qui pr\u00e9f\u00e8rent le sucr\u00e9, nous offrons des g\u00e2teaux fra\u00eeches de...","breadcrumb":{"@id":"https:\/\/www.villadisotto.it\/fr\/petit-dejeuner\/#breadcrumb"},"inLanguage":"fr-FR","potentialAction":[{"@type":"ReadAction","target":["https:\/\/www.villadisotto.it\/fr\/petit-dejeuner\/"]}]},{"@type":"ImageObject","inLanguage":"fr-FR","@id":"https:\/\/www.villadisotto.it\/fr\/petit-dejeuner\/#primaryimage","url":"https:\/\/www.villadisotto.it\/wp-content\/uploads\/2025\/07\/Colazione-VdS-h.jpg","contentUrl":"https:\/\/www.villadisotto.it\/wp-content\/uploads\/2025\/07\/Colazione-VdS-h.jpg","width":1600,"height":837},{"@type":"BreadcrumbList","@id":"https:\/\/www.villadisotto.it\/fr\/petit-dejeuner\/#breadcrumb","itemListElement":[{"@type":"ListItem","position":1,"name":"Home","item":"https:\/\/www.villadisotto.it\/"},{"@type":"ListItem","position":2,"name":"Petit-d\u00e9jeuner"}]},{"@type":"WebSite","@id":"https:\/\/www.villadisotto.it\/#website","url":"https:\/\/www.villadisotto.it\/","name":"Villa di Sotto","description":"Il cuore del Chianti","potentialAction":[{"@type":"SearchAction","target":{"@type":"EntryPoint","urlTemplate":"https:\/\/www.villadisotto.it\/?s={search_term_string}"},"query-input":{"@type":"PropertyValueSpecification","valueRequired":true,"valueName":"search_term_string"}}],"inLanguage":"fr-FR"}]}},"_links":{"self":[{"href":"https:\/\/www.villadisotto.it\/fr\/wp-json\/wp\/v2\/pages\/2199","targetHints":{"allow":["GET"]}}],"collection":[{"href":"https:\/\/www.villadisotto.it\/fr\/wp-json\/wp\/v2\/pages"}],"about":[{"href":"https:\/\/www.villadisotto.it\/fr\/wp-json\/wp\/v2\/types\/page"}],"author":[{"embeddable":true,"href":"https:\/\/www.villadisotto.it\/fr\/wp-json\/wp\/v2\/users\/3"}],"replies":[{"embeddable":true,"href":"https:\/\/www.villadisotto.it\/fr\/wp-json\/wp\/v2\/comments?post=2199"}],"version-history":[{"count":57,"href":"https:\/\/www.villadisotto.it\/fr\/wp-json\/wp\/v2\/pages\/2199\/revisions"}],"predecessor-version":[{"id":30546,"href":"https:\/\/www.villadisotto.it\/fr\/wp-json\/wp\/v2\/pages\/2199\/revisions\/30546"}],"wp:featuredmedia":[{"embeddable":true,"href":"https:\/\/www.villadisotto.it\/fr\/wp-json\/wp\/v2\/media\/28940"}],"wp:attachment":[{"href":"https:\/\/www.villadisotto.it\/fr\/wp-json\/wp\/v2\/media?parent=2199"}],"curies":[{"name":"wp","href":"https:\/\/api.w.org\/{rel}","templated":true}]}}