{"id":2172,"date":"2019-07-01T10:50:40","date_gmt":"2019-07-01T08:50:40","guid":{"rendered":"https:\/\/www.villadisotto.it\/maison-vacances-dans-le-chianti-nous-de-villa-di-sotto\/"},"modified":"2026-01-27T14:24:04","modified_gmt":"2026-01-27T13:24:04","slug":"maison-vacances-dans-le-chianti-nous-de-villa-di-sotto","status":"publish","type":"page","link":"https:\/\/www.villadisotto.it\/fr\/maison-vacances-dans-le-chianti-nous-de-villa-di-sotto\/","title":{"rendered":"Bed and Breakfast dans le Chianti - Nous de Villa di Sotto"},"content":{"rendered":"<p>[et_pb_section fb_built=\"1\" custom_padding_last_edited=\"on|phone\" _builder_version=\"4.16\" background_image=\"https:\/\/www.villadisotto.it\/wp-content\/uploads\/2019\/04\/proprietari.jpg\" background_position=\"top_center\" custom_margin=\"||2px|||\" custom_padding=\"313px|0px|432px|0px|false|false\" custom_padding_tablet=\"\" custom_padding_phone=\"150px||150px||true\" global_colors_info=\"{}\"][\/et_pb_section][et_pb_section fb_built=\"1\" _builder_version=\"4.16\" width=\"100%\" custom_margin=\"-3px|||||\" custom_padding=\"27px|0px|17px|0px|false|false\" bottom_divider_color=\"rgba(224,153,0,0.2)\" global_colors_info=\"{}\"][et_pb_row _builder_version=\"4.16\" background_size=\"initial\" background_position=\"top_left\" background_repeat=\"repeat\" custom_width_px=\"857px\" global_colors_info=\"{}\"][et_pb_column type=\"4_4\" _builder_version=\"4.16\" custom_padding=\"|||\" global_colors_info=\"{}\" custom_padding__hover=\"|||\"][et_pb_text _builder_version=\"4.27.2\" header_font=\"Petit Formal Script|700|||||||\" header_line_height=\"1.5em\" background_size=\"initial\" background_position=\"top_left\" background_repeat=\"repeat\" custom_margin=\"-7px|||||\" global_colors_info=\"{}\"]<\/p>\n<h1 style=\"text-align: center;\"><strong>Nous de Villa di Sotto...<\/strong><\/h1>\n<p style=\"text-align: center;\"><strong>Vivre dans une grande ferme, avec un endroit magnifique<\/strong>,<strong>nous a donn\u00e9 l\u2019id\u00e9e et le d\u00e9sir de le partager.<\/strong><\/p>\n<p style=\"text-align: left;\">Nous avons donc d\u00e9cid\u00e9 de transformer une partie de la maison en <a href=\"https:\/\/www.villadisotto.it\/fr\/hebergements-villa-di-sotto\/\">Bed and Breakfast.<\/a> <\/p>\n<p style=\"text-align: justify;\">Tout commence en janvier <strong>1996<\/strong> avec la r\u00e9alisation des trois premi\u00e8res chambres.<\/p>\n<p style=\"text-align: justify;\">Ce ne fut pas facile... sur le papier tout semblait facile, mais en cours d\u2019\u0153uvre, les premi\u00e8res difficult\u00e9s ne tard\u00e8rent pas \u00e0 venir. Avec notre d\u00e9termination, nous avons quand m\u00eame poursuivi ce qui venait de commencer... et \u00e0 la fin du mois de juillet, tous les travaux \u00e9taient termin\u00e9s.<\/p>\n<p style=\"text-align: justify;\">Il ne manquait que les autorisations de la municipalit\u00e9, de l'ASL et des Beaux-Arts. Cela a malheureusement entra\u00een\u00e9 de retards importants : les chambres \u00e9taient pr\u00eates, mais personne ne pouvait les autoriser \u00e0 cause des vacances du mois d\u2019ao\u00fbt.<\/p>\n<p style=\"text-align: justify;\">Nous nous sommes rendus \u00e0 la municipalit\u00e9 o\u00f9 nous avons demand\u00e9 de l\u2019aide pour pouvoir travailler (principalement pour pouvoir payer les entreprises qui avaient effectu\u00e9 les travaux). \u00c0 ce moment-l\u00e0, la municipalit\u00e9, par l\u2019interm\u00e9diaire de l\u2019office du tourisme, a d\u00e9cid\u00e9 de nous envoyer les premiers h\u00f4tes et tout a commenc\u00e9 \u00e0 se concr\u00e9tiser.<\/p>\n<p style=\"text-align: justify;\">Au d\u00e9but, le petit d\u00e9jeuner n\u2019\u00e9tait pas offert, mais \u00e9tant donn\u00e9 la grande demande des clients, nous avons commenc\u00e9 \u00e0 servir les premi\u00e8res g\u00e2teaux faits maison, tr\u00e8s appr\u00e9ci\u00e9s.<\/p>\n<p style=\"text-align: justify;\"><strong>En octobre, nous avons enfin obtenu toutes les autorisations!<\/strong><\/p>\n<p style=\"text-align: justify;\">Depuis <strong>1997<\/strong>, les h\u00f4tes ont \u00e9t\u00e9 nombreux, \u00e0 tel point que nous avons d\u00e9cid\u00e9 d\u2019agrandir notre Maison Vacnces et, en Juin <strong>1998<\/strong>, le premier petit appartement est n\u00e9...un succ\u00e8s! Apr\u00e8s quelques mois, nous avons r\u00e9alis\u00e9 la salle de <a href=\"https:\/\/www.villadisotto.it\/fr\/petit-dejeuner\/\">petit-d\u00e9jeuner.<\/a> Les choses se sont tr\u00e8s bien pass\u00e9es et, comme les lits n\u2019\u00e9taient jamais assez nombreux, en <strong>2000<\/strong>, nous avons construit un autre appartement plus grand.<\/p>\n<p style=\"text-align: justify;\">Les demandes des h\u00f4tes comprenaient \u00e9galement le d\u00eener et ainsi, avec l\u2019aide de notre famille, nous avons commenc\u00e9 \u00e0 pr\u00e9parer et servir aux h\u00f4tes de la Maison Vacances, plats typiques de la cuisine toscane. Cela a \u00e9t\u00e9 tr\u00e8s appr\u00e9ci\u00e9 au point que les h\u00f4tes se sont multipli\u00e9s gr\u00e2ce au bouche \u00e0 oreille. Apr\u00e8s quelques ann\u00e9es, un autre appartement et m\u00eame un petit restaurant ont \u00e9t\u00e9 construits.<\/p>\n<p style=\"text-align: justify;\">En <strong>2008<\/strong>, une nouvelle exp\u00e9rience a commenc\u00e9 pour nous: nous avons \u00e9galement g\u00e9r\u00e9 les appartements Borgo Villa \u00e0 Sesta et les <a href=\"https:\/\/www.villadisotto.it\/fr\/maison-dhotes-avec-piscine-toscane-piscines-avec-vue-panoramique\/\">piscines<\/a>. Et, <strong>entre 2016 et 2017<\/strong>, nous avons transform\u00e9 le petit restaurant en un v\u00e9ritable local \u00e9galement ouvert aux h\u00f4tes externes.<\/p>\n<p style=\"text-align: justify;\">Cela a permis de disposer d'une installation r\u00e9pondant \u00e0 toutes les exigences pour la c\u00e9l\u00e9bration de mariages, de communions, d'anniversaires et d'autres types d'\u00e9v\u00e9nements. En <strong>2017<\/strong>, l'<a href=\"https:\/\/www.villadisotto.it\/fr\/oenotheque-chianti-oenotheque\/\">Enoteca<\/a> dans le vignoble a \u00e9t\u00e9 cr\u00e9\u00e9e.<\/p>\n<p style=\"text-align: justify;\">Nous nous sommes ensuite consacr\u00e9s au <strong>bien-\u00eatre de nos h\u00f4tes<\/strong> :<\/p>\n<ul>\n<li style=\"text-align: justify;\">En mars <strong>2019<\/strong>, nous avons ouvert le nouvel <a href=\"https:\/\/www.villadisotto.it\/fr\/maison-vacances-avec-espace-detente-en-toscane-espace-detente\/\">espace de relaxation - SPA<\/a>, le nouveau joyau de la Villa di Sotto.<\/li>\n<li style=\"text-align: justify;\">en <strong>2020<\/strong>, nous avons cr\u00e9\u00e9 <a href=\"https:\/\/www.villadisotto.it\/fr\/maison-vacances-avec-espace-detente-en-toscane-espace-detente\/\">l'\u00eele du bien-\u00eatre<\/a> pour ceux qui aiment la nature et ne veulent pas renoncer au confort moderne.<\/li>\n<li style=\"text-align: justify;\"><strong>2022<\/strong> est l'ann\u00e9e de <a href=\"https:\/\/www.villadisotto.it\/fr\/la-grotte-rituel-du-bien-etre\/\">la Grotte<\/a> o\u00f9 vous pourrez vivre un v\u00e9ritable rituel de bien-\u00eatre.<\/li>\n<li style=\"text-align: justify;\">en <strong>2024<\/strong>, nous avons cr\u00e9\u00e9 <strong>la salle de sport en plein air<\/strong>, ouverte 24 heures sur 24, o\u00f9 nos h\u00f4tes peuvent faire de l'exercice au milieu des oliveraies.<\/li>\n<\/ul>\n<p>[\/et_pb_text][\/et_pb_column][\/et_pb_row][\/et_pb_section][et_pb_section fb_built=\"1\" _builder_version=\"4.16\" background_color=\"rgba(211,190,128,0.4)\" custom_padding=\"18px|0px|18px|0px|true|false\" top_divider_style=\"wave2\" top_divider_color=\"#ffffff\" top_divider_flip=\"horizontal\" global_colors_info=\"{}\"][et_pb_row use_custom_gutter=\"on\" gutter_width=\"2\" module_class=\" et_pb_row_fullwidth\" _builder_version=\"4.16\" width=\"94%\" width_tablet=\"80%\" width_phone=\"\" width_last_edited=\"on|desktop\" max_width=\"94%\" max_width_tablet=\"80%\" max_width_phone=\"\" max_width_last_edited=\"on|desktop\" custom_padding=\"115px|0px|27px|0px|false|false\" make_fullwidth=\"on\" global_colors_info=\"{}\"][et_pb_column type=\"4_4\" _builder_version=\"4.16\" custom_padding=\"|||\" global_colors_info=\"{}\" custom_padding__hover=\"|||\"][et_pb_gallery gallery_ids=\"2454,2453,2173,2533\" show_title_and_caption=\"off\" show_pagination=\"off\" _builder_version=\"4.16\" global_colors_info=\"{}\"][\/et_pb_gallery][\/et_pb_column][\/et_pb_row][\/et_pb_section]<\/p>\n","protected":false},"excerpt":{"rendered":"<p>Nous de Villa di Sotto... Vivre dans une grande ferme, avec un endroit magnifique,nous a donn\u00e9 l\u2019id\u00e9e et le d\u00e9sir de le partager. Nous avons donc d\u00e9cid\u00e9 de transformer une partie de la maison en Bed and Breakfast. Tout commence en janvier 1996 avec la r\u00e9alisation des trois premi\u00e8res chambres. Ce ne fut pas facile... [&hellip;]<\/p>\n","protected":false},"author":3,"featured_media":2173,"parent":0,"menu_order":0,"comment_status":"closed","ping_status":"closed","template":"","meta":{"_et_pb_use_builder":"on","_et_pb_old_content":"","_et_gb_content_width":"","footnotes":""},"class_list":["post-2172","page","type-page","status-publish","has-post-thumbnail","hentry"],"yoast_head":"<!-- This site is optimized with the Yoast SEO plugin v27.2 - https:\/\/yoast.com\/product\/yoast-seo-wordpress\/ -->\n<title>Bed and Breakfast dans le Chianti - Sauro et Paola, les propri\u00e9taires de Villa di Sotto<\/title>\n<meta name=\"description\" content=\"Bed and Breakfast dans le Chianti | Vivre dans une grande ferme, avec un endroit magnifique, nous a donn\u00e9 l\u2019id\u00e9e et le d\u00e9sir de le partager...\" \/>\n<meta name=\"robots\" content=\"index, follow, max-snippet:-1, max-image-preview:large, max-video-preview:-1\" \/>\n<link rel=\"canonical\" href=\"https:\/\/www.villadisotto.it\/fr\/maison-vacances-dans-le-chianti-nous-de-villa-di-sotto\/\" \/>\n<meta property=\"og:locale\" content=\"fr_FR\" \/>\n<meta property=\"og:type\" content=\"article\" \/>\n<meta property=\"og:title\" content=\"Bed and Breakfast dans le Chianti - Sauro et Paola, les propri\u00e9taires de Villa di Sotto\" \/>\n<meta property=\"og:description\" content=\"Bed and Breakfast dans le Chianti | Vivre dans une grande ferme, avec un endroit magnifique, nous a donn\u00e9 l\u2019id\u00e9e et le d\u00e9sir de le partager...\" \/>\n<meta property=\"og:url\" content=\"https:\/\/www.villadisotto.it\/fr\/maison-vacances-dans-le-chianti-nous-de-villa-di-sotto\/\" \/>\n<meta property=\"og:site_name\" content=\"Villa di Sotto\" \/>\n<meta property=\"article:modified_time\" content=\"2026-01-27T13:24:04+00:00\" \/>\n<meta property=\"og:image\" content=\"https:\/\/www.villadisotto.it\/wp-content\/uploads\/2019\/04\/proprietari.jpg\" \/>\n\t<meta property=\"og:image:width\" content=\"1988\" \/>\n\t<meta property=\"og:image:height\" content=\"1491\" \/>\n\t<meta property=\"og:image:type\" content=\"image\/jpeg\" \/>\n<meta name=\"twitter:card\" content=\"summary_large_image\" \/>\n<meta name=\"twitter:label1\" content=\"Dur\u00e9e de lecture estim\u00e9e\" \/>\n\t<meta name=\"twitter:data1\" content=\"4 minutes\" \/>\n<script type=\"application\/ld+json\" class=\"yoast-schema-graph\">{\"@context\":\"https:\/\/schema.org\",\"@graph\":[{\"@type\":\"WebPage\",\"@id\":\"https:\/\/www.villadisotto.it\/fr\/maison-vacances-dans-le-chianti-nous-de-villa-di-sotto\/\",\"url\":\"https:\/\/www.villadisotto.it\/fr\/maison-vacances-dans-le-chianti-nous-de-villa-di-sotto\/\",\"name\":\"Bed and Breakfast dans le Chianti - Sauro et Paola, les propri\u00e9taires de Villa di Sotto\",\"isPartOf\":{\"@id\":\"https:\/\/www.villadisotto.it\/#website\"},\"primaryImageOfPage\":{\"@id\":\"https:\/\/www.villadisotto.it\/fr\/maison-vacances-dans-le-chianti-nous-de-villa-di-sotto\/#primaryimage\"},\"image\":{\"@id\":\"https:\/\/www.villadisotto.it\/fr\/maison-vacances-dans-le-chianti-nous-de-villa-di-sotto\/#primaryimage\"},\"thumbnailUrl\":\"https:\/\/www.villadisotto.it\/wp-content\/uploads\/2019\/04\/proprietari.jpg\",\"datePublished\":\"2019-07-01T08:50:40+00:00\",\"dateModified\":\"2026-01-27T13:24:04+00:00\",\"description\":\"Bed and Breakfast dans le Chianti | Vivre dans une grande ferme, avec un endroit magnifique, nous a donn\u00e9 l\u2019id\u00e9e et le d\u00e9sir de le partager...\",\"breadcrumb\":{\"@id\":\"https:\/\/www.villadisotto.it\/fr\/maison-vacances-dans-le-chianti-nous-de-villa-di-sotto\/#breadcrumb\"},\"inLanguage\":\"fr-FR\",\"potentialAction\":[{\"@type\":\"ReadAction\",\"target\":[\"https:\/\/www.villadisotto.it\/fr\/maison-vacances-dans-le-chianti-nous-de-villa-di-sotto\/\"]}]},{\"@type\":\"ImageObject\",\"inLanguage\":\"fr-FR\",\"@id\":\"https:\/\/www.villadisotto.it\/fr\/maison-vacances-dans-le-chianti-nous-de-villa-di-sotto\/#primaryimage\",\"url\":\"https:\/\/www.villadisotto.it\/wp-content\/uploads\/2019\/04\/proprietari.jpg\",\"contentUrl\":\"https:\/\/www.villadisotto.it\/wp-content\/uploads\/2019\/04\/proprietari.jpg\",\"width\":1988,\"height\":1491,\"caption\":\"Bed and Breakfast dans le Chianti\"},{\"@type\":\"BreadcrumbList\",\"@id\":\"https:\/\/www.villadisotto.it\/fr\/maison-vacances-dans-le-chianti-nous-de-villa-di-sotto\/#breadcrumb\",\"itemListElement\":[{\"@type\":\"ListItem\",\"position\":1,\"name\":\"Home\",\"item\":\"https:\/\/www.villadisotto.it\/\"},{\"@type\":\"ListItem\",\"position\":2,\"name\":\"Bed and Breakfast dans le Chianti - Nous de Villa di Sotto\"}]},{\"@type\":\"WebSite\",\"@id\":\"https:\/\/www.villadisotto.it\/#website\",\"url\":\"https:\/\/www.villadisotto.it\/\",\"name\":\"Villa di Sotto\",\"description\":\"Il cuore del Chianti\",\"potentialAction\":[{\"@type\":\"SearchAction\",\"target\":{\"@type\":\"EntryPoint\",\"urlTemplate\":\"https:\/\/www.villadisotto.it\/?s={search_term_string}\"},\"query-input\":{\"@type\":\"PropertyValueSpecification\",\"valueRequired\":true,\"valueName\":\"search_term_string\"}}],\"inLanguage\":\"fr-FR\"}]}<\/script>\n<!-- \/ Yoast SEO plugin. -->","yoast_head_json":{"title":"Bed and Breakfast dans le Chianti - Sauro et Paola, les propri\u00e9taires de Villa di Sotto","description":"Bed and Breakfast dans le Chianti | Vivre dans une grande ferme, avec un endroit magnifique, nous a donn\u00e9 l\u2019id\u00e9e et le d\u00e9sir de le partager...","robots":{"index":"index","follow":"follow","max-snippet":"max-snippet:-1","max-image-preview":"max-image-preview:large","max-video-preview":"max-video-preview:-1"},"canonical":"https:\/\/www.villadisotto.it\/fr\/maison-vacances-dans-le-chianti-nous-de-villa-di-sotto\/","og_locale":"fr_FR","og_type":"article","og_title":"Bed and Breakfast dans le Chianti - Sauro et Paola, les propri\u00e9taires de Villa di Sotto","og_description":"Bed and Breakfast dans le Chianti | Vivre dans une grande ferme, avec un endroit magnifique, nous a donn\u00e9 l\u2019id\u00e9e et le d\u00e9sir de le partager...","og_url":"https:\/\/www.villadisotto.it\/fr\/maison-vacances-dans-le-chianti-nous-de-villa-di-sotto\/","og_site_name":"Villa di Sotto","article_modified_time":"2026-01-27T13:24:04+00:00","og_image":[{"width":1988,"height":1491,"url":"https:\/\/www.villadisotto.it\/wp-content\/uploads\/2019\/04\/proprietari.jpg","type":"image\/jpeg"}],"twitter_card":"summary_large_image","twitter_misc":{"Dur\u00e9e de lecture estim\u00e9e":"4 minutes"},"schema":{"@context":"https:\/\/schema.org","@graph":[{"@type":"WebPage","@id":"https:\/\/www.villadisotto.it\/fr\/maison-vacances-dans-le-chianti-nous-de-villa-di-sotto\/","url":"https:\/\/www.villadisotto.it\/fr\/maison-vacances-dans-le-chianti-nous-de-villa-di-sotto\/","name":"Bed and Breakfast dans le Chianti - Sauro et Paola, les propri\u00e9taires de Villa di Sotto","isPartOf":{"@id":"https:\/\/www.villadisotto.it\/#website"},"primaryImageOfPage":{"@id":"https:\/\/www.villadisotto.it\/fr\/maison-vacances-dans-le-chianti-nous-de-villa-di-sotto\/#primaryimage"},"image":{"@id":"https:\/\/www.villadisotto.it\/fr\/maison-vacances-dans-le-chianti-nous-de-villa-di-sotto\/#primaryimage"},"thumbnailUrl":"https:\/\/www.villadisotto.it\/wp-content\/uploads\/2019\/04\/proprietari.jpg","datePublished":"2019-07-01T08:50:40+00:00","dateModified":"2026-01-27T13:24:04+00:00","description":"Bed and Breakfast dans le Chianti | Vivre dans une grande ferme, avec un endroit magnifique, nous a donn\u00e9 l\u2019id\u00e9e et le d\u00e9sir de le partager...","breadcrumb":{"@id":"https:\/\/www.villadisotto.it\/fr\/maison-vacances-dans-le-chianti-nous-de-villa-di-sotto\/#breadcrumb"},"inLanguage":"fr-FR","potentialAction":[{"@type":"ReadAction","target":["https:\/\/www.villadisotto.it\/fr\/maison-vacances-dans-le-chianti-nous-de-villa-di-sotto\/"]}]},{"@type":"ImageObject","inLanguage":"fr-FR","@id":"https:\/\/www.villadisotto.it\/fr\/maison-vacances-dans-le-chianti-nous-de-villa-di-sotto\/#primaryimage","url":"https:\/\/www.villadisotto.it\/wp-content\/uploads\/2019\/04\/proprietari.jpg","contentUrl":"https:\/\/www.villadisotto.it\/wp-content\/uploads\/2019\/04\/proprietari.jpg","width":1988,"height":1491,"caption":"Bed and Breakfast dans le Chianti"},{"@type":"BreadcrumbList","@id":"https:\/\/www.villadisotto.it\/fr\/maison-vacances-dans-le-chianti-nous-de-villa-di-sotto\/#breadcrumb","itemListElement":[{"@type":"ListItem","position":1,"name":"Home","item":"https:\/\/www.villadisotto.it\/"},{"@type":"ListItem","position":2,"name":"Bed and Breakfast dans le Chianti - Nous de Villa di Sotto"}]},{"@type":"WebSite","@id":"https:\/\/www.villadisotto.it\/#website","url":"https:\/\/www.villadisotto.it\/","name":"Villa di Sotto","description":"Il cuore del Chianti","potentialAction":[{"@type":"SearchAction","target":{"@type":"EntryPoint","urlTemplate":"https:\/\/www.villadisotto.it\/?s={search_term_string}"},"query-input":{"@type":"PropertyValueSpecification","valueRequired":true,"valueName":"search_term_string"}}],"inLanguage":"fr-FR"}]}},"_links":{"self":[{"href":"https:\/\/www.villadisotto.it\/fr\/wp-json\/wp\/v2\/pages\/2172","targetHints":{"allow":["GET"]}}],"collection":[{"href":"https:\/\/www.villadisotto.it\/fr\/wp-json\/wp\/v2\/pages"}],"about":[{"href":"https:\/\/www.villadisotto.it\/fr\/wp-json\/wp\/v2\/types\/page"}],"author":[{"embeddable":true,"href":"https:\/\/www.villadisotto.it\/fr\/wp-json\/wp\/v2\/users\/3"}],"replies":[{"embeddable":true,"href":"https:\/\/www.villadisotto.it\/fr\/wp-json\/wp\/v2\/comments?post=2172"}],"version-history":[{"count":20,"href":"https:\/\/www.villadisotto.it\/fr\/wp-json\/wp\/v2\/pages\/2172\/revisions"}],"predecessor-version":[{"id":27478,"href":"https:\/\/www.villadisotto.it\/fr\/wp-json\/wp\/v2\/pages\/2172\/revisions\/27478"}],"wp:featuredmedia":[{"embeddable":true,"href":"https:\/\/www.villadisotto.it\/fr\/wp-json\/wp\/v2\/media\/2173"}],"wp:attachment":[{"href":"https:\/\/www.villadisotto.it\/fr\/wp-json\/wp\/v2\/media?parent=2172"}],"curies":[{"name":"wp","href":"https:\/\/api.w.org\/{rel}","templated":true}]}}