{"id":2128,"date":"2019-06-29T14:57:25","date_gmt":"2019-06-29T12:57:25","guid":{"rendered":"https:\/\/www.villadisotto.it\/hebergements-casa-palei\/"},"modified":"2021-11-10T16:17:46","modified_gmt":"2021-11-10T15:17:46","slug":"hebergements-casa-palei","status":"publish","type":"page","link":"https:\/\/www.villadisotto.it\/fr\/hebergements-casa-palei\/","title":{"rendered":"H\u00e9bergements Casa Palei"},"content":{"rendered":"<p>[et_pb_section fb_built=\"1\" custom_padding_last_edited=\"on|phone\" _builder_version=\"3.22.7\" background_image=\"https:\/\/www.villadisotto.it\/wp-content\/uploads\/2019\/04\/insegna-casa-palei.jpg\" custom_padding=\"200px|0px|200px|0px|true|false\" custom_padding_tablet=\"\" custom_padding_phone=\"100px||100px||true\"][\/et_pb_section][et_pb_section fb_built=\"1\" _builder_version=\"3.22.3\" background_color=\"rgba(12,12,12,0.85)\" custom_padding=\"19px|0px|19px|0px|true|false\" locked=\"off\"][et_pb_row _builder_version=\"3.25\"][et_pb_column type=\"4_4\" _builder_version=\"3.25\" custom_padding=\"|||\" custom_padding__hover=\"|||\"][et_pb_text _builder_version=\"3.27.4\" header_font=\"||||||||\" header_2_font=\"Petit Formal Script||||||||\" header_2_font_size=\"40px\" header_3_font=\"||||||||\" header_2_font_size_tablet=\"\" header_2_font_size_phone=\"35px\" header_2_font_size_last_edited=\"on|phone\" header_3_font_size_tablet=\"\" header_3_font_size_phone=\"19px\" header_3_font_size_last_edited=\"on|phone\"]<\/p>\n<h2 style=\"text-align: center;\">Casa Palei<\/h2>\n<h3 style=\"text-align: center;\">Appartements<\/h3>\n<p>[\/et_pb_text][\/et_pb_column][\/et_pb_row][\/et_pb_section][et_pb_section fb_built=\"1\" _builder_version=\"3.22.3\" custom_padding=\"28px|0px|28px|0px|true|false\"][et_pb_row _builder_version=\"3.25\"][et_pb_column type=\"4_4\" _builder_version=\"3.25\" custom_padding=\"|||\" custom_padding__hover=\"|||\"][et_pb_text _builder_version=\"3.27.4\"]<\/p>\n<p style=\"text-align: center;\"><span style=\"font-size: 15px;\">Casa Palei, nomm\u00e9e \"Palei\" par le nom du chantier de l\u2019Entreprise Agricole Villa \u00e0 Sesta, productrice d\u2019un bon vin Chianti Classico.<br \/><\/span>\u00c0 la Casa Palei il y a un grand jardin avec deux piscines \u00e0 disposition des h\u00f4tes qui peuvent profiter, en m\u00eame temps, d\u2019une vue fascinante et suggestive sur la vall\u00e9e du Chianti avec fond sur Sienne.<\/p>\n<p>[\/et_pb_text][\/et_pb_column][\/et_pb_row][\/et_pb_section][et_pb_section fb_built=\"1\" _builder_version=\"3.22.3\" custom_padding=\"12px|0px|77px|0px|false|false\"][et_pb_row use_custom_gutter=\"on\" gutter_width=\"2\" module_class=\" et_pb_row_fullwidth\" _builder_version=\"3.25\" width=\"94%\" width_tablet=\"80%\" width_phone=\"\" width_last_edited=\"on|desktop\" max_width=\"94%\" max_width_tablet=\"80%\" max_width_phone=\"\" max_width_last_edited=\"on|desktop\" custom_padding=\"9px|0px|27px|0px|false|false\" make_fullwidth=\"on\" column_structure=\"1_4,1_4,1_4,1_4\"][et_pb_column type=\"1_4\" _builder_version=\"3.25\" custom_padding=\"|||\" custom_padding__hover=\"|||\"][et_pb_blurb title=\"Casa Palei A\" url=\"https:\/\/www.villadisotto.it\/fr\/maison-vacances-sienne-appartements\/?view=roomdetails&amp;roomid=14\" image=\"https:\/\/www.villadisotto.it\/wp-content\/uploads\/2021\/06\/CP-1106.jpg\" _builder_version=\"4.9.4\" text_orientation=\"center\" hover_enabled=\"0\" box_shadow_style=\"preset1\" alt=\"Appartements - Bed and Breakfast Villa di Sotto\" title_text=\"Appartamenti - Bed and Breakfast Villa di Sotto\" sticky_enabled=\"0\"][\/et_pb_blurb][\/et_pb_column][et_pb_column type=\"1_4\" _builder_version=\"3.25\" custom_padding=\"|||\" custom_padding__hover=\"|||\"][et_pb_blurb title=\"Casa Palei B\" url=\"https:\/\/www.villadisotto.it\/fr\/maison-vacances-sienne-appartements\/?view=roomdetails&amp;roomid=15\" image=\"https:\/\/www.villadisotto.it\/wp-content\/uploads\/2021\/06\/CP-2103.jpg\" _builder_version=\"4.9.4\" text_orientation=\"center\" hover_enabled=\"0\" box_shadow_style=\"preset1\" alt=\"Appartements - Bed and Breakfast Villa di Sotto\" title_text=\"Appartamenti - Bed and Breakfast Villa di Sotto\" sticky_enabled=\"0\"][\/et_pb_blurb][\/et_pb_column][et_pb_column type=\"1_4\" _builder_version=\"3.25\" custom_padding=\"|||\" custom_padding__hover=\"|||\"][et_pb_blurb title=\"Casa Palei C\" url=\"https:\/\/www.villadisotto.it\/fr\/maison-vacances-sienne-appartements\/?view=roomdetails&amp;roomid=16\" image=\"https:\/\/www.villadisotto.it\/wp-content\/uploads\/2021\/06\/CP-4102.jpg\" _builder_version=\"4.9.4\" text_orientation=\"center\" hover_enabled=\"0\" box_shadow_style=\"preset1\" alt=\"Appartements - Bed and Breakfast Villa di Sotto\" title_text=\"Appartamenti - Bed and Breakfast Villa di Sotto\" sticky_enabled=\"0\"][\/et_pb_blurb][\/et_pb_column][et_pb_column type=\"1_4\" _builder_version=\"3.25\" custom_padding=\"|||\" custom_padding__hover=\"|||\"][et_pb_blurb title=\"Casa Palei D\" url=\"https:\/\/www.villadisotto.it\/fr\/maison-vacances-sienne-appartements\/?view=roomdetails&amp;roomid=17\" image=\"https:\/\/www.villadisotto.it\/wp-content\/uploads\/2021\/06\/CP-3105.jpg\" _builder_version=\"4.9.4\" text_orientation=\"center\" hover_enabled=\"0\" box_shadow_style=\"preset1\" alt=\"Appartements - Bed and Breakfast Villa di Sotto\" title_text=\"Appartamenti - Bed and Breakfast Villa di Sotto\" sticky_enabled=\"0\"][\/et_pb_blurb][\/et_pb_column][\/et_pb_row][\/et_pb_section]<\/p>\n","protected":false},"excerpt":{"rendered":"<p>Casa Palei AppartementsCasa Palei, nomm\u00e9e \"Palei\" par le nom du chantier de l\u2019Entreprise Agricole Villa \u00e0 Sesta, productrice d\u2019un bon vin Chianti Classico.\u00c0 la Casa Palei il y a un grand jardin avec deux piscines \u00e0 disposition des h\u00f4tes qui peuvent profiter, en m\u00eame temps, d\u2019une vue fascinante et suggestive sur la vall\u00e9e du Chianti [&hellip;]<\/p>\n","protected":false},"author":1,"featured_media":2129,"parent":0,"menu_order":0,"comment_status":"closed","ping_status":"closed","template":"","meta":{"_et_pb_use_builder":"on","_et_pb_old_content":"","_et_gb_content_width":"","footnotes":""},"class_list":["post-2128","page","type-page","status-publish","has-post-thumbnail","hentry"],"yoast_head":"<!-- This site is optimized with the Yoast SEO plugin v27.2 - https:\/\/yoast.com\/product\/yoast-seo-wordpress\/ -->\n<title>H\u00e9bergements Casa Palei - Appartements Villa di Sotto<\/title>\n<meta name=\"description\" content=\"H\u00e9bergements Casa Palei | Casa Palei, nomm\u00e9e &quot;Palei&quot; par le nom du chantier de l\u2019Entreprise Agricole Villa \u00e0 Sesta, productrice d\u2019un bon vin Chianti Classico.\" \/>\n<meta name=\"robots\" content=\"index, follow, max-snippet:-1, max-image-preview:large, max-video-preview:-1\" \/>\n<link rel=\"canonical\" href=\"https:\/\/www.villadisotto.it\/sistemazioni-casa-palei\/\" \/>\n<meta property=\"og:locale\" content=\"fr_FR\" \/>\n<meta property=\"og:type\" content=\"article\" \/>\n<meta property=\"og:title\" content=\"H\u00e9bergements Casa Palei - Appartements Villa di Sotto\" \/>\n<meta property=\"og:description\" content=\"H\u00e9bergements Casa Palei | Casa Palei, nomm\u00e9e &quot;Palei&quot; par le nom du chantier de l\u2019Entreprise Agricole Villa \u00e0 Sesta, productrice d\u2019un bon vin Chianti Classico.\" \/>\n<meta property=\"og:url\" content=\"https:\/\/www.villadisotto.it\/sistemazioni-casa-palei\/\" \/>\n<meta property=\"og:site_name\" content=\"Villa di Sotto\" \/>\n<meta property=\"article:modified_time\" content=\"2021-11-10T15:17:46+00:00\" \/>\n<meta property=\"og:image\" content=\"https:\/\/www.villadisotto.it\/wp-content\/uploads\/2019\/04\/insegna-casa-palei.jpg\" \/>\n\t<meta property=\"og:image:width\" content=\"800\" \/>\n\t<meta property=\"og:image:height\" content=\"533\" \/>\n\t<meta property=\"og:image:type\" content=\"image\/jpeg\" \/>\n<meta name=\"twitter:card\" content=\"summary_large_image\" \/>\n<meta name=\"twitter:label1\" content=\"Dur\u00e9e de lecture estim\u00e9e\" \/>\n\t<meta name=\"twitter:data1\" content=\"3 minutes\" \/>\n<script type=\"application\/ld+json\" class=\"yoast-schema-graph\">{\"@context\":\"https:\/\/schema.org\",\"@graph\":[{\"@type\":\"WebPage\",\"@id\":\"https:\/\/www.villadisotto.it\/sistemazioni-casa-palei\/\",\"url\":\"https:\/\/www.villadisotto.it\/sistemazioni-casa-palei\/\",\"name\":\"H\u00e9bergements Casa Palei - Appartements Villa di Sotto\",\"isPartOf\":{\"@id\":\"https:\/\/www.villadisotto.it\/#website\"},\"primaryImageOfPage\":{\"@id\":\"https:\/\/www.villadisotto.it\/sistemazioni-casa-palei\/#primaryimage\"},\"image\":{\"@id\":\"https:\/\/www.villadisotto.it\/sistemazioni-casa-palei\/#primaryimage\"},\"thumbnailUrl\":\"https:\/\/www.villadisotto.it\/wp-content\/uploads\/2019\/04\/insegna-casa-palei.jpg\",\"datePublished\":\"2019-06-29T12:57:25+00:00\",\"dateModified\":\"2021-11-10T15:17:46+00:00\",\"description\":\"H\u00e9bergements Casa Palei | Casa Palei, nomm\u00e9e \\\"Palei\\\" par le nom du chantier de l\u2019Entreprise Agricole Villa \u00e0 Sesta, productrice d\u2019un bon vin Chianti Classico.\",\"breadcrumb\":{\"@id\":\"https:\/\/www.villadisotto.it\/sistemazioni-casa-palei\/#breadcrumb\"},\"inLanguage\":\"fr-FR\",\"potentialAction\":[{\"@type\":\"ReadAction\",\"target\":[\"https:\/\/www.villadisotto.it\/sistemazioni-casa-palei\/\"]}]},{\"@type\":\"ImageObject\",\"inLanguage\":\"fr-FR\",\"@id\":\"https:\/\/www.villadisotto.it\/sistemazioni-casa-palei\/#primaryimage\",\"url\":\"https:\/\/www.villadisotto.it\/wp-content\/uploads\/2019\/04\/insegna-casa-palei.jpg\",\"contentUrl\":\"https:\/\/www.villadisotto.it\/wp-content\/uploads\/2019\/04\/insegna-casa-palei.jpg\",\"width\":800,\"height\":533,\"caption\":\"H\u00e9bergements Casa Palei\"},{\"@type\":\"BreadcrumbList\",\"@id\":\"https:\/\/www.villadisotto.it\/sistemazioni-casa-palei\/#breadcrumb\",\"itemListElement\":[{\"@type\":\"ListItem\",\"position\":1,\"name\":\"Home\",\"item\":\"https:\/\/www.villadisotto.it\/\"},{\"@type\":\"ListItem\",\"position\":2,\"name\":\"H\u00e9bergements Casa Palei\"}]},{\"@type\":\"WebSite\",\"@id\":\"https:\/\/www.villadisotto.it\/#website\",\"url\":\"https:\/\/www.villadisotto.it\/\",\"name\":\"Villa di Sotto\",\"description\":\"Il cuore del Chianti\",\"potentialAction\":[{\"@type\":\"SearchAction\",\"target\":{\"@type\":\"EntryPoint\",\"urlTemplate\":\"https:\/\/www.villadisotto.it\/?s={search_term_string}\"},\"query-input\":{\"@type\":\"PropertyValueSpecification\",\"valueRequired\":true,\"valueName\":\"search_term_string\"}}],\"inLanguage\":\"fr-FR\"}]}<\/script>\n<!-- \/ Yoast SEO plugin. -->","yoast_head_json":{"title":"H\u00e9bergements Casa Palei - Appartements Villa di Sotto","description":"H\u00e9bergements Casa Palei | Casa Palei, nomm\u00e9e \"Palei\" par le nom du chantier de l\u2019Entreprise Agricole Villa \u00e0 Sesta, productrice d\u2019un bon vin Chianti Classico.","robots":{"index":"index","follow":"follow","max-snippet":"max-snippet:-1","max-image-preview":"max-image-preview:large","max-video-preview":"max-video-preview:-1"},"canonical":"https:\/\/www.villadisotto.it\/sistemazioni-casa-palei\/","og_locale":"fr_FR","og_type":"article","og_title":"H\u00e9bergements Casa Palei - Appartements Villa di Sotto","og_description":"H\u00e9bergements Casa Palei | Casa Palei, nomm\u00e9e \"Palei\" par le nom du chantier de l\u2019Entreprise Agricole Villa \u00e0 Sesta, productrice d\u2019un bon vin Chianti Classico.","og_url":"https:\/\/www.villadisotto.it\/sistemazioni-casa-palei\/","og_site_name":"Villa di Sotto","article_modified_time":"2021-11-10T15:17:46+00:00","og_image":[{"width":800,"height":533,"url":"https:\/\/www.villadisotto.it\/wp-content\/uploads\/2019\/04\/insegna-casa-palei.jpg","type":"image\/jpeg"}],"twitter_card":"summary_large_image","twitter_misc":{"Dur\u00e9e de lecture estim\u00e9e":"3 minutes"},"schema":{"@context":"https:\/\/schema.org","@graph":[{"@type":"WebPage","@id":"https:\/\/www.villadisotto.it\/sistemazioni-casa-palei\/","url":"https:\/\/www.villadisotto.it\/sistemazioni-casa-palei\/","name":"H\u00e9bergements Casa Palei - Appartements Villa di Sotto","isPartOf":{"@id":"https:\/\/www.villadisotto.it\/#website"},"primaryImageOfPage":{"@id":"https:\/\/www.villadisotto.it\/sistemazioni-casa-palei\/#primaryimage"},"image":{"@id":"https:\/\/www.villadisotto.it\/sistemazioni-casa-palei\/#primaryimage"},"thumbnailUrl":"https:\/\/www.villadisotto.it\/wp-content\/uploads\/2019\/04\/insegna-casa-palei.jpg","datePublished":"2019-06-29T12:57:25+00:00","dateModified":"2021-11-10T15:17:46+00:00","description":"H\u00e9bergements Casa Palei | Casa Palei, nomm\u00e9e \"Palei\" par le nom du chantier de l\u2019Entreprise Agricole Villa \u00e0 Sesta, productrice d\u2019un bon vin Chianti Classico.","breadcrumb":{"@id":"https:\/\/www.villadisotto.it\/sistemazioni-casa-palei\/#breadcrumb"},"inLanguage":"fr-FR","potentialAction":[{"@type":"ReadAction","target":["https:\/\/www.villadisotto.it\/sistemazioni-casa-palei\/"]}]},{"@type":"ImageObject","inLanguage":"fr-FR","@id":"https:\/\/www.villadisotto.it\/sistemazioni-casa-palei\/#primaryimage","url":"https:\/\/www.villadisotto.it\/wp-content\/uploads\/2019\/04\/insegna-casa-palei.jpg","contentUrl":"https:\/\/www.villadisotto.it\/wp-content\/uploads\/2019\/04\/insegna-casa-palei.jpg","width":800,"height":533,"caption":"H\u00e9bergements Casa Palei"},{"@type":"BreadcrumbList","@id":"https:\/\/www.villadisotto.it\/sistemazioni-casa-palei\/#breadcrumb","itemListElement":[{"@type":"ListItem","position":1,"name":"Home","item":"https:\/\/www.villadisotto.it\/"},{"@type":"ListItem","position":2,"name":"H\u00e9bergements Casa Palei"}]},{"@type":"WebSite","@id":"https:\/\/www.villadisotto.it\/#website","url":"https:\/\/www.villadisotto.it\/","name":"Villa di Sotto","description":"Il cuore del Chianti","potentialAction":[{"@type":"SearchAction","target":{"@type":"EntryPoint","urlTemplate":"https:\/\/www.villadisotto.it\/?s={search_term_string}"},"query-input":{"@type":"PropertyValueSpecification","valueRequired":true,"valueName":"search_term_string"}}],"inLanguage":"fr-FR"}]}},"_links":{"self":[{"href":"https:\/\/www.villadisotto.it\/fr\/wp-json\/wp\/v2\/pages\/2128","targetHints":{"allow":["GET"]}}],"collection":[{"href":"https:\/\/www.villadisotto.it\/fr\/wp-json\/wp\/v2\/pages"}],"about":[{"href":"https:\/\/www.villadisotto.it\/fr\/wp-json\/wp\/v2\/types\/page"}],"author":[{"embeddable":true,"href":"https:\/\/www.villadisotto.it\/fr\/wp-json\/wp\/v2\/users\/1"}],"replies":[{"embeddable":true,"href":"https:\/\/www.villadisotto.it\/fr\/wp-json\/wp\/v2\/comments?post=2128"}],"version-history":[{"count":14,"href":"https:\/\/www.villadisotto.it\/fr\/wp-json\/wp\/v2\/pages\/2128\/revisions"}],"predecessor-version":[{"id":20383,"href":"https:\/\/www.villadisotto.it\/fr\/wp-json\/wp\/v2\/pages\/2128\/revisions\/20383"}],"wp:featuredmedia":[{"embeddable":true,"href":"https:\/\/www.villadisotto.it\/fr\/wp-json\/wp\/v2\/media\/2129"}],"wp:attachment":[{"href":"https:\/\/www.villadisotto.it\/fr\/wp-json\/wp\/v2\/media?parent=2128"}],"curies":[{"name":"wp","href":"https:\/\/api.w.org\/{rel}","templated":true}]}}