{"id":2115,"date":"2019-06-29T13:04:23","date_gmt":"2019-06-29T11:04:23","guid":{"rendered":"https:\/\/www.villadisotto.it\/hebergements-borgo-villa-a-sesta\/"},"modified":"2021-11-10T16:16:39","modified_gmt":"2021-11-10T15:16:39","slug":"hebergements-borgo-villa-a-sesta","status":"publish","type":"page","link":"https:\/\/www.villadisotto.it\/fr\/hebergements-borgo-villa-a-sesta\/","title":{"rendered":"H\u00e9bergements Borgo Villa a Sesta"},"content":{"rendered":"<p>[et_pb_section fb_built=\"1\" custom_padding_last_edited=\"on|phone\" _builder_version=\"3.22.7\" background_image=\"https:\/\/www.villadisotto.it\/wp-content\/uploads\/2019\/04\/insegna-borgo.jpg\" custom_padding=\"200px|0px|200px|0px|true|false\" custom_padding_tablet=\"\" custom_padding_phone=\"100px||100px||true\"][\/et_pb_section][et_pb_section fb_built=\"1\" _builder_version=\"3.22.3\" background_color=\"rgba(12,12,12,0.85)\" custom_padding=\"19px|0px|19px|0px|true|false\" locked=\"off\"][et_pb_row _builder_version=\"3.25\"][et_pb_column type=\"4_4\" _builder_version=\"3.25\" custom_padding=\"|||\" custom_padding__hover=\"|||\"][et_pb_text _builder_version=\"3.27.4\" header_font=\"||||||||\" header_2_font=\"Petit Formal Script||||||||\" header_2_font_size=\"40px\" header_3_font=\"||||||||\" header_2_font_size_tablet=\"\" header_2_font_size_phone=\"35px\" header_2_font_size_last_edited=\"on|phone\" header_3_font_size_tablet=\"\" header_3_font_size_phone=\"19px\" header_3_font_size_last_edited=\"on|phone\"]<\/p>\n<h2 style=\"text-align: center;\">Borgo Villa a Sesta<\/h2>\n<h3 style=\"text-align: center;\">Appartements<\/h3>\n<p>[\/et_pb_text][\/et_pb_column][\/et_pb_row][\/et_pb_section][et_pb_section fb_built=\"1\" _builder_version=\"3.22.3\" custom_padding=\"28px|0px|28px|0px|true|false\"][et_pb_row _builder_version=\"3.25\"][et_pb_column type=\"4_4\" _builder_version=\"3.25\" custom_padding=\"|||\" custom_padding__hover=\"|||\"][et_pb_text _builder_version=\"3.27.4\"]<\/p>\n<p style=\"text-align: center;\">Les Appartements du <strong>Borgo<\/strong>, sont situ\u00e9s au centre du village, derri\u00e8re l\u2019ancienne <strong>\u00e8glise de Santa Maria<\/strong> o\u00f9, \u00e0 l\u2019int\u00e9rieur, on peut admirer la <strong>statue en bois repr\u00e9sentant la \"Madonna con Bambino\" attribu\u00e9e \u00e0 Jacopo della Quercia<\/strong>.<\/p>\n<p style=\"text-align: center;\">A l\u2019int\u00e9rieur de la cour il y a des espaces communs, avec des tables et des chaises pour la d\u00e9tente.<\/p>\n<p>[\/et_pb_text][\/et_pb_column][\/et_pb_row][\/et_pb_section][et_pb_section fb_built=\"1\" _builder_version=\"3.22.3\" custom_padding=\"12px|0px|77px|0px|false|false\"][et_pb_row use_custom_gutter=\"on\" gutter_width=\"2\" module_class=\" et_pb_row_fullwidth\" _builder_version=\"3.25\" width=\"94%\" width_tablet=\"80%\" width_phone=\"\" width_last_edited=\"on|desktop\" max_width=\"94%\" max_width_tablet=\"80%\" max_width_phone=\"\" max_width_last_edited=\"on|desktop\" custom_padding=\"9px|0px|27px|0px|false|false\" make_fullwidth=\"on\" column_structure=\"1_4,1_4,1_4,1_4\"][et_pb_column type=\"1_4\" _builder_version=\"3.25\" custom_padding=\"|||\" custom_padding__hover=\"|||\"][et_pb_blurb title=\"Borgo 1\" url=\"https:\/\/www.villadisotto.it\/fr\/maison-vacances-sienne-appartements\/?view=roomdetails&amp;roomid=10\" image=\"https:\/\/www.villadisotto.it\/wp-content\/uploads\/2021\/06\/B-1501.jpg\" _builder_version=\"4.9.4\" text_orientation=\"center\" hover_enabled=\"0\" box_shadow_style=\"preset1\" alt=\"Appartements - Bed and Breakfast Villa di Sotto\" title_text=\"Appartamenti - Bed and Breakfast Villa di Sotto\" sticky_enabled=\"0\"][\/et_pb_blurb][\/et_pb_column][et_pb_column type=\"1_4\" _builder_version=\"3.25\" custom_padding=\"|||\" custom_padding__hover=\"|||\"][et_pb_blurb title=\"Borgo 2\" url=\"https:\/\/www.villadisotto.it\/fr\/maison-vacances-sienne-appartements\/?view=roomdetails&amp;roomid=11\" image=\"https:\/\/www.villadisotto.it\/wp-content\/uploads\/2021\/06\/B-2503.jpg\" _builder_version=\"4.9.4\" text_orientation=\"center\" hover_enabled=\"0\" box_shadow_style=\"preset1\" alt=\"Appartements - Bed and Breakfast Villa di Sotto\" title_text=\"Appartamenti - Bed and Breakfast Villa di Sotto\" sticky_enabled=\"0\"][\/et_pb_blurb][\/et_pb_column][et_pb_column type=\"1_4\" _builder_version=\"3.25\" custom_padding=\"|||\" custom_padding__hover=\"|||\"][et_pb_blurb title=\"Borgo 3\" url=\"https:\/\/www.villadisotto.it\/fr\/maison-vacances-sienne-appartements\/?view=roomdetails&amp;roomid=12\" image=\"https:\/\/www.villadisotto.it\/wp-content\/uploads\/2021\/06\/B-3501.jpg\" _builder_version=\"4.9.4\" text_orientation=\"center\" hover_enabled=\"0\" box_shadow_style=\"preset1\" alt=\"Appartements - Bed and Breakfast Villa di Sotto\" title_text=\"Appartamenti - Bed and Breakfast Villa di Sotto\" sticky_enabled=\"0\"][\/et_pb_blurb][\/et_pb_column][et_pb_column type=\"1_4\" _builder_version=\"3.25\" custom_padding=\"|||\" custom_padding__hover=\"|||\"][et_pb_blurb title=\"Borgo 4\" url=\"https:\/\/www.villadisotto.it\/fr\/maison-vacances-sienne-appartements\/?view=roomdetails&amp;roomid=13\" image=\"https:\/\/www.villadisotto.it\/wp-content\/uploads\/2021\/06\/B-4502.jpg\" _builder_version=\"4.9.4\" text_orientation=\"center\" hover_enabled=\"0\" box_shadow_style=\"preset1\" alt=\"Appartements - Bed and Breakfast Villa di Sotto\" title_text=\"Appartamenti - Bed and Breakfast Villa di Sotto\" sticky_enabled=\"0\"][\/et_pb_blurb][\/et_pb_column][\/et_pb_row][\/et_pb_section]<\/p>\n","protected":false},"excerpt":{"rendered":"<p>Borgo Villa a Sesta AppartementsLes Appartements du Borgo, sont situ\u00e9s au centre du village, derri\u00e8re l\u2019ancienne \u00e8glise de Santa Maria o\u00f9, \u00e0 l\u2019int\u00e9rieur, on peut admirer la statue en bois repr\u00e9sentant la \"Madonna con Bambino\" attribu\u00e9e \u00e0 Jacopo della Quercia. A l\u2019int\u00e9rieur de la cour il y a des espaces communs, avec des tables et [&hellip;]<\/p>\n","protected":false},"author":1,"featured_media":2116,"parent":0,"menu_order":0,"comment_status":"closed","ping_status":"closed","template":"","meta":{"_et_pb_use_builder":"on","_et_pb_old_content":"","_et_gb_content_width":"","footnotes":""},"class_list":["post-2115","page","type-page","status-publish","has-post-thumbnail","hentry"],"yoast_head":"<!-- This site is optimized with the Yoast SEO plugin v27.2 - https:\/\/yoast.com\/product\/yoast-seo-wordpress\/ -->\n<title>H\u00e9bergements Borgo Villa a Sesta - Appartements Villa di Sotto<\/title>\n<meta name=\"description\" content=\"H\u00e9bergements Borgo Villa a Sesta | Les Appartements du Borgo, sont situ\u00e9s au centre du village, derri\u00e8re l\u2019ancienne \u00e9glise de Santa Maria o\u00f9, \u00e0 l\u2019int\u00e9rieur...\" \/>\n<meta name=\"robots\" content=\"index, follow, max-snippet:-1, max-image-preview:large, max-video-preview:-1\" \/>\n<link rel=\"canonical\" href=\"https:\/\/www.villadisotto.it\/sistemazioni-borgo-villa-a-sesta\/\" \/>\n<meta property=\"og:locale\" content=\"fr_FR\" \/>\n<meta property=\"og:type\" content=\"article\" \/>\n<meta property=\"og:title\" content=\"H\u00e9bergements Borgo Villa a Sesta - Appartements Villa di Sotto\" \/>\n<meta property=\"og:description\" content=\"H\u00e9bergements Borgo Villa a Sesta | Les Appartements du Borgo, sont situ\u00e9s au centre du village, derri\u00e8re l\u2019ancienne \u00e9glise de Santa Maria o\u00f9, \u00e0 l\u2019int\u00e9rieur...\" \/>\n<meta property=\"og:url\" content=\"https:\/\/www.villadisotto.it\/sistemazioni-borgo-villa-a-sesta\/\" \/>\n<meta property=\"og:site_name\" content=\"Villa di Sotto\" \/>\n<meta property=\"article:modified_time\" content=\"2021-11-10T15:16:39+00:00\" \/>\n<meta property=\"og:image\" content=\"https:\/\/www.villadisotto.it\/wp-content\/uploads\/2019\/04\/insegna-borgo.jpg\" \/>\n\t<meta property=\"og:image:width\" content=\"800\" \/>\n\t<meta property=\"og:image:height\" content=\"533\" \/>\n\t<meta property=\"og:image:type\" content=\"image\/jpeg\" \/>\n<meta name=\"twitter:card\" content=\"summary_large_image\" \/>\n<meta name=\"twitter:label1\" content=\"Dur\u00e9e de lecture estim\u00e9e\" \/>\n\t<meta name=\"twitter:data1\" content=\"3 minutes\" \/>\n<script type=\"application\/ld+json\" class=\"yoast-schema-graph\">{\"@context\":\"https:\/\/schema.org\",\"@graph\":[{\"@type\":\"WebPage\",\"@id\":\"https:\/\/www.villadisotto.it\/sistemazioni-borgo-villa-a-sesta\/\",\"url\":\"https:\/\/www.villadisotto.it\/sistemazioni-borgo-villa-a-sesta\/\",\"name\":\"H\u00e9bergements Borgo Villa a Sesta - Appartements Villa di Sotto\",\"isPartOf\":{\"@id\":\"https:\/\/www.villadisotto.it\/#website\"},\"primaryImageOfPage\":{\"@id\":\"https:\/\/www.villadisotto.it\/sistemazioni-borgo-villa-a-sesta\/#primaryimage\"},\"image\":{\"@id\":\"https:\/\/www.villadisotto.it\/sistemazioni-borgo-villa-a-sesta\/#primaryimage\"},\"thumbnailUrl\":\"https:\/\/www.villadisotto.it\/wp-content\/uploads\/2019\/04\/insegna-borgo.jpg\",\"datePublished\":\"2019-06-29T11:04:23+00:00\",\"dateModified\":\"2021-11-10T15:16:39+00:00\",\"description\":\"H\u00e9bergements Borgo Villa a Sesta | Les Appartements du Borgo, sont situ\u00e9s au centre du village, derri\u00e8re l\u2019ancienne \u00e9glise de Santa Maria o\u00f9, \u00e0 l\u2019int\u00e9rieur...\",\"breadcrumb\":{\"@id\":\"https:\/\/www.villadisotto.it\/sistemazioni-borgo-villa-a-sesta\/#breadcrumb\"},\"inLanguage\":\"fr-FR\",\"potentialAction\":[{\"@type\":\"ReadAction\",\"target\":[\"https:\/\/www.villadisotto.it\/sistemazioni-borgo-villa-a-sesta\/\"]}]},{\"@type\":\"ImageObject\",\"inLanguage\":\"fr-FR\",\"@id\":\"https:\/\/www.villadisotto.it\/sistemazioni-borgo-villa-a-sesta\/#primaryimage\",\"url\":\"https:\/\/www.villadisotto.it\/wp-content\/uploads\/2019\/04\/insegna-borgo.jpg\",\"contentUrl\":\"https:\/\/www.villadisotto.it\/wp-content\/uploads\/2019\/04\/insegna-borgo.jpg\",\"width\":800,\"height\":533,\"caption\":\"H\u00e9bergements Borgo Villa a Sesta\"},{\"@type\":\"BreadcrumbList\",\"@id\":\"https:\/\/www.villadisotto.it\/sistemazioni-borgo-villa-a-sesta\/#breadcrumb\",\"itemListElement\":[{\"@type\":\"ListItem\",\"position\":1,\"name\":\"Home\",\"item\":\"https:\/\/www.villadisotto.it\/\"},{\"@type\":\"ListItem\",\"position\":2,\"name\":\"H\u00e9bergements Borgo Villa a Sesta\"}]},{\"@type\":\"WebSite\",\"@id\":\"https:\/\/www.villadisotto.it\/#website\",\"url\":\"https:\/\/www.villadisotto.it\/\",\"name\":\"Villa di Sotto\",\"description\":\"Il cuore del Chianti\",\"potentialAction\":[{\"@type\":\"SearchAction\",\"target\":{\"@type\":\"EntryPoint\",\"urlTemplate\":\"https:\/\/www.villadisotto.it\/?s={search_term_string}\"},\"query-input\":{\"@type\":\"PropertyValueSpecification\",\"valueRequired\":true,\"valueName\":\"search_term_string\"}}],\"inLanguage\":\"fr-FR\"}]}<\/script>\n<!-- \/ Yoast SEO plugin. -->","yoast_head_json":{"title":"H\u00e9bergements Borgo Villa a Sesta - Appartements Villa di Sotto","description":"H\u00e9bergements Borgo Villa a Sesta | Les Appartements du Borgo, sont situ\u00e9s au centre du village, derri\u00e8re l\u2019ancienne \u00e9glise de Santa Maria o\u00f9, \u00e0 l\u2019int\u00e9rieur...","robots":{"index":"index","follow":"follow","max-snippet":"max-snippet:-1","max-image-preview":"max-image-preview:large","max-video-preview":"max-video-preview:-1"},"canonical":"https:\/\/www.villadisotto.it\/sistemazioni-borgo-villa-a-sesta\/","og_locale":"fr_FR","og_type":"article","og_title":"H\u00e9bergements Borgo Villa a Sesta - Appartements Villa di Sotto","og_description":"H\u00e9bergements Borgo Villa a Sesta | Les Appartements du Borgo, sont situ\u00e9s au centre du village, derri\u00e8re l\u2019ancienne \u00e9glise de Santa Maria o\u00f9, \u00e0 l\u2019int\u00e9rieur...","og_url":"https:\/\/www.villadisotto.it\/sistemazioni-borgo-villa-a-sesta\/","og_site_name":"Villa di Sotto","article_modified_time":"2021-11-10T15:16:39+00:00","og_image":[{"width":800,"height":533,"url":"https:\/\/www.villadisotto.it\/wp-content\/uploads\/2019\/04\/insegna-borgo.jpg","type":"image\/jpeg"}],"twitter_card":"summary_large_image","twitter_misc":{"Dur\u00e9e de lecture estim\u00e9e":"3 minutes"},"schema":{"@context":"https:\/\/schema.org","@graph":[{"@type":"WebPage","@id":"https:\/\/www.villadisotto.it\/sistemazioni-borgo-villa-a-sesta\/","url":"https:\/\/www.villadisotto.it\/sistemazioni-borgo-villa-a-sesta\/","name":"H\u00e9bergements Borgo Villa a Sesta - Appartements Villa di Sotto","isPartOf":{"@id":"https:\/\/www.villadisotto.it\/#website"},"primaryImageOfPage":{"@id":"https:\/\/www.villadisotto.it\/sistemazioni-borgo-villa-a-sesta\/#primaryimage"},"image":{"@id":"https:\/\/www.villadisotto.it\/sistemazioni-borgo-villa-a-sesta\/#primaryimage"},"thumbnailUrl":"https:\/\/www.villadisotto.it\/wp-content\/uploads\/2019\/04\/insegna-borgo.jpg","datePublished":"2019-06-29T11:04:23+00:00","dateModified":"2021-11-10T15:16:39+00:00","description":"H\u00e9bergements Borgo Villa a Sesta | Les Appartements du Borgo, sont situ\u00e9s au centre du village, derri\u00e8re l\u2019ancienne \u00e9glise de Santa Maria o\u00f9, \u00e0 l\u2019int\u00e9rieur...","breadcrumb":{"@id":"https:\/\/www.villadisotto.it\/sistemazioni-borgo-villa-a-sesta\/#breadcrumb"},"inLanguage":"fr-FR","potentialAction":[{"@type":"ReadAction","target":["https:\/\/www.villadisotto.it\/sistemazioni-borgo-villa-a-sesta\/"]}]},{"@type":"ImageObject","inLanguage":"fr-FR","@id":"https:\/\/www.villadisotto.it\/sistemazioni-borgo-villa-a-sesta\/#primaryimage","url":"https:\/\/www.villadisotto.it\/wp-content\/uploads\/2019\/04\/insegna-borgo.jpg","contentUrl":"https:\/\/www.villadisotto.it\/wp-content\/uploads\/2019\/04\/insegna-borgo.jpg","width":800,"height":533,"caption":"H\u00e9bergements Borgo Villa a Sesta"},{"@type":"BreadcrumbList","@id":"https:\/\/www.villadisotto.it\/sistemazioni-borgo-villa-a-sesta\/#breadcrumb","itemListElement":[{"@type":"ListItem","position":1,"name":"Home","item":"https:\/\/www.villadisotto.it\/"},{"@type":"ListItem","position":2,"name":"H\u00e9bergements Borgo Villa a Sesta"}]},{"@type":"WebSite","@id":"https:\/\/www.villadisotto.it\/#website","url":"https:\/\/www.villadisotto.it\/","name":"Villa di Sotto","description":"Il cuore del Chianti","potentialAction":[{"@type":"SearchAction","target":{"@type":"EntryPoint","urlTemplate":"https:\/\/www.villadisotto.it\/?s={search_term_string}"},"query-input":{"@type":"PropertyValueSpecification","valueRequired":true,"valueName":"search_term_string"}}],"inLanguage":"fr-FR"}]}},"_links":{"self":[{"href":"https:\/\/www.villadisotto.it\/fr\/wp-json\/wp\/v2\/pages\/2115","targetHints":{"allow":["GET"]}}],"collection":[{"href":"https:\/\/www.villadisotto.it\/fr\/wp-json\/wp\/v2\/pages"}],"about":[{"href":"https:\/\/www.villadisotto.it\/fr\/wp-json\/wp\/v2\/types\/page"}],"author":[{"embeddable":true,"href":"https:\/\/www.villadisotto.it\/fr\/wp-json\/wp\/v2\/users\/1"}],"replies":[{"embeddable":true,"href":"https:\/\/www.villadisotto.it\/fr\/wp-json\/wp\/v2\/comments?post=2115"}],"version-history":[{"count":10,"href":"https:\/\/www.villadisotto.it\/fr\/wp-json\/wp\/v2\/pages\/2115\/revisions"}],"predecessor-version":[{"id":20377,"href":"https:\/\/www.villadisotto.it\/fr\/wp-json\/wp\/v2\/pages\/2115\/revisions\/20377"}],"wp:featuredmedia":[{"embeddable":true,"href":"https:\/\/www.villadisotto.it\/fr\/wp-json\/wp\/v2\/media\/2116"}],"wp:attachment":[{"href":"https:\/\/www.villadisotto.it\/fr\/wp-json\/wp\/v2\/media?parent=2115"}],"curies":[{"name":"wp","href":"https:\/\/api.w.org\/{rel}","templated":true}]}}