{"id":2096,"date":"2019-06-29T12:34:51","date_gmt":"2019-06-29T10:34:51","guid":{"rendered":"https:\/\/www.villadisotto.it\/maison-dhotes-borgo-campagne-toscane-lieu\/"},"modified":"2026-01-27T14:31:21","modified_gmt":"2026-01-27T13:31:21","slug":"maison-dhotes-borgo-campagne-toscane-lieu","status":"publish","type":"page","link":"https:\/\/www.villadisotto.it\/fr\/maison-dhotes-borgo-campagne-toscane-lieu\/","title":{"rendered":"Bed and Breakfast Borgo campagne Toscane - Lieu"},"content":{"rendered":"<p>[et_pb_section fb_built=\"1\" fullwidth=\"on\" _builder_version=\"4.16\" _module_preset=\"default\" locked=\"off\" global_colors_info=\"{}\"][et_pb_fullwidth_header title=\"Le Lieu\" text_orientation=\"center\" button_one_text=\"V\u00e9rifier la disponibilit\u00e9\" button_one_url=\"https:\/\/www.villadisotto.it\/#prenota\" _builder_version=\"4.27.5\" _module_preset=\"default\" title_font=\"Petit Formal Script|700|||||||\" title_font_size=\"60px\" background_enable_color=\"off\" background_image=\"https:\/\/www.villadisotto.it\/wp-content\/uploads\/2021\/10\/VdSC-2144.jpg\" custom_button_one=\"on\" button_one_bg_color=\"#d3be80\" button_one_font=\"|700|||||||\" width=\"100%\" height_tablet=\"\" height_phone=\"\" height_last_edited=\"on|desktop\" custom_padding=\"300px||300px||true|false\" custom_padding_tablet=\"300px||300px||true|false\" custom_padding_phone=\"125px||125px||true|false\" custom_padding_last_edited=\"on|phone\" title_font_size_tablet=\"60px\" title_font_size_phone=\"30px\" title_font_size_last_edited=\"on|desktop\" background_last_edited=\"on|desktop\" button_one_text_size_tablet=\"\" button_one_text_size_phone=\"14px\" button_one_text_size_last_edited=\"on|phone\" title_text_shadow_style=\"preset1\" box_shadow_style_button_one=\"preset1\" global_colors_info=\"{}\"][\/et_pb_fullwidth_header][\/et_pb_section][et_pb_section fb_built=\"1\" _builder_version=\"4.16\" custom_padding=\"32px|0px|31px|0px|false|false\" global_colors_info=\"{}\"][et_pb_row _builder_version=\"4.16\" custom_padding=\"27px|0px|7px|0px|false|false\" locked=\"off\" global_colors_info=\"{}\"][et_pb_column type=\"4_4\" _builder_version=\"4.16\" custom_padding=\"|||\" global_colors_info=\"{}\" custom_padding__hover=\"|||\"][et_pb_text _builder_version=\"4.16\" header_font=\"Petit Formal Script|700|||||||\" header_line_height=\"1.5em\" header_2_font=\"Petit Formal Script|700|||||||\" header_2_font_size=\"30px\" header_2_line_height=\"1.3em\" header_font_size_tablet=\"\" header_font_size_phone=\"25px\" header_font_size_last_edited=\"on|phone\" global_colors_info=\"{}\"]<\/p>\n<h1 style=\"text-align: center;\"><span>Plong\u00e9s dans le magnifique panorama du Chianti Classico<\/span><\/h1>\n<p style=\"text-align: center;\"><strong>\u00c0 20 km de Sienne, vous s\u00e9journerez dans une magnifique ferme du XIXe si\u00e8cle entour\u00e9e de villages et de ch\u00e2teaux, vignobles et oliveraies.<\/strong><\/p>\n<p>[\/et_pb_text][et_pb_text _builder_version=\"4.27.4\" global_colors_info=\"{}\"]<\/p>\n<p style=\"text-align: center;\"><span>Le b\u00e2timent est situ\u00e9 \u00e0 l'extr\u00e9mit\u00e9 d'un ancien village appel\u00e9 Villa a Sesta, une ville pittoresque le long de la route qui m\u00e8ne \u00e0 l\u2019historique Castello di Brolio<strong>au c\u0153ur du Chianti Classico et du Gallo Nero.<\/strong><\/span><span style=\"font-size: 15px; text-align: left;\"><\/span><\/p>\n<p>[\/et_pb_text][\/et_pb_column][\/et_pb_row][\/et_pb_section][et_pb_section fb_built=\"1\" _builder_version=\"4.16\" custom_padding=\"15px|0px|60px|0px|false|false\" global_colors_info=\"{}\"][et_pb_row column_structure=\"1_4,1_4,1_4,1_4\" use_custom_gutter=\"on\" gutter_width=\"2\" custom_padding_last_edited=\"on|phone\" module_class=\" et_pb_row_fullwidth\" _builder_version=\"4.16\" width=\"89%\" width_tablet=\"80%\" width_phone=\"\" width_last_edited=\"on|desktop\" max_width=\"89%\" max_width_tablet=\"80%\" max_width_phone=\"\" max_width_last_edited=\"on|desktop\" custom_margin=\"|||||true\" custom_padding_tablet=\"\" custom_padding_phone=\"|0px||0px||true\" border_radii=\"on|4px|4px|4px|4px\" make_fullwidth=\"on\" global_colors_info=\"{}\"][et_pb_column type=\"1_4\" _builder_version=\"4.16\" custom_padding=\"|||\" global_colors_info=\"{}\" custom_padding__hover=\"|||\"][et_pb_blurb title=\"Nous de Villa di Sotto\" url=\"http:\/\/www.villadisotto.it\/bb-nel-chianti\/\" image=\"https:\/\/www.villadisotto.it\/wp-content\/uploads\/2019\/04\/Proprietari-villa-di-sotto-chianti.jpg\" _builder_version=\"4.16\" header_font=\"Petit Formal Script|700|||||||\" header_text_align=\"center\" header_font_size=\"21px\" custom_padding=\"||10px\" link_option_url=\"http:\/\/www.villadisotto.it\/bb-nel-chianti\/\" hover_enabled=\"0\" border_radii_image=\"on|4px|4px|4px|4px\" box_shadow_style=\"preset1\" global_colors_info=\"{}\" sticky_enabled=\"0\"][\/et_pb_blurb][\/et_pb_column][et_pb_column type=\"1_4\" _builder_version=\"4.16\" custom_padding=\"|||\" global_colors_info=\"{}\" custom_padding__hover=\"|||\"][et_pb_blurb title=\"Espaces de d\u00e9tente\" url=\"http:\/\/www.villadisotto.it\/bb-con-spa-in-toscana\/\" image=\"https:\/\/www.villadisotto.it\/wp-content\/uploads\/2021\/11\/area-relax-e-solarium.jpg\" _builder_version=\"4.16\" header_font=\"Petit Formal Script|700|||||||\" header_text_align=\"center\" header_font_size=\"21px\" custom_padding=\"||10px\" link_option_url=\"http:\/\/www.villadisotto.it\/bb-con-spa-in-toscana\/\" hover_enabled=\"0\" border_radii_image=\"on|4px|4px|4px|4px\" box_shadow_style=\"preset1\" global_colors_info=\"{}\" sticky_enabled=\"0\"][\/et_pb_blurb][\/et_pb_column][et_pb_column type=\"1_4\" _builder_version=\"4.16\" custom_padding=\"|||\" global_colors_info=\"{}\" custom_padding__hover=\"|||\"][et_pb_blurb title=\"Le Restaurant\" url=\"https:\/\/www.villadisotto.it\/fr\/restaurant-de-cuisine-toscane-restaurant\/\" image=\"https:\/\/www.villadisotto.it\/wp-content\/uploads\/2021\/11\/VdSR-5158.jpg\" _builder_version=\"4.16\" header_font=\"Petit Formal Script|700|||||||\" header_text_align=\"center\" header_font_size=\"21px\" custom_padding=\"||10px\" link_option_url=\"https:\/\/www.villadisotto.it\/fr\/restaurant-de-cuisine-toscane-restaurant\/\" hover_enabled=\"0\" border_radii_image=\"on|4px|4px|4px|4px\" box_shadow_style=\"preset1\" global_colors_info=\"{}\" sticky_enabled=\"0\"][\/et_pb_blurb][\/et_pb_column][et_pb_column type=\"1_4\" _builder_version=\"4.16\" custom_padding=\"|||\" global_colors_info=\"{}\" custom_padding__hover=\"|||\"][et_pb_blurb title=\"Piscines avec vue panoramique\" url=\"https:\/\/www.villadisotto.it\/fr\/maison-dhotes-avec-piscine-toscane-piscines-avec-vue-panoramique\/\" image=\"https:\/\/www.villadisotto.it\/wp-content\/uploads\/2021\/11\/VdSP-1114.jpg\" _builder_version=\"4.16\" header_font=\"Petit Formal Script|700|||||||\" header_text_align=\"center\" header_font_size=\"21px\" custom_padding=\"||10px\" link_option_url=\"https:\/\/www.villadisotto.it\/fr\/maison-dhotes-avec-piscine-toscane-piscines-avec-vue-panoramique\/\" border_radii_image=\"on|4px|4px|4px|4px\" box_shadow_style=\"preset1\" global_colors_info=\"{}\"][\/et_pb_blurb][\/et_pb_column][\/et_pb_row][et_pb_row _builder_version=\"4.27.4\" _module_preset=\"default\" global_colors_info=\"{}\"][et_pb_column type=\"4_4\" _builder_version=\"4.27.4\" _module_preset=\"default\" global_colors_info=\"{}\"][et_pb_text _builder_version=\"4.27.4\" _module_preset=\"default\" global_colors_info=\"{}\"]<\/p>\n<p style=\"text-align: center;\">Villa di Sotto est un point de d\u00e9part id\u00e9al pour de nombreuses excursions: Chianti, Crete Senesi, Villes d'Art (Sienne-Florence-Arezzo), Ch\u00e2teau (Castello di Brolio, Castello di Meleto ...) ce ne sont que quelques-uns des endroits fantastiques qui caract\u00e9risent notre territoire.<\/p>\n<p style=\"text-align: center;\">Le Bed and Breakfast a \u00e9t\u00e9 restaur\u00e9 sans changer son aspect d\u2019origine, mais en m\u00eame temps, il est \u00e9quip\u00e9 de tout le confort moderne, propose des<a href=\"https:\/\/www.villadisotto.it\/fr\/maison-vacances-sienne-appartements\/\"> appartements<\/a> confortables et des<a href=\"https:\/\/www.villadisotto.it\/fr\/maison-dhotes-sienne-toscane-chambres\/\"> chambres<\/a> avec un copieux<a href=\"https:\/\/www.villadisotto.it\/fr\/petit-dejeuner\/\"> petit-d\u00e9jeuner<\/a> buffet.<\/p>\n<p style=\"text-align: center;\"><strong>La courtoisie et l\u2019esprit hospitalier avec lesquels vous serez accueillis rendront votre s\u00e9jour \u00e0 la Villa di Sotto inoubliable et vous permettront de d\u00e9couvrir le secret de la beaut\u00e9 du Chianti et de toute la Toscane.<\/strong><\/p>\n<p>[\/et_pb_text][\/et_pb_column][\/et_pb_row][\/et_pb_section]<\/p>\n","protected":false},"excerpt":{"rendered":"<p>Plong\u00e9s dans le magnifique panorama du Chianti Classico \u00c0 20 km de Sienne, vous s\u00e9journerez dans une magnifique ferme du XIXe si\u00e8cle entour\u00e9e de villages et de ch\u00e2teaux, vignobles et oliveraies.Le b\u00e2timent est situ\u00e9 \u00e0 l'extr\u00e9mit\u00e9 d'un ancien village appel\u00e9 Villa a Sesta, une ville pittoresque le long de la route qui m\u00e8ne \u00e0 l\u2019historique [&hellip;]<\/p>\n","protected":false},"author":3,"featured_media":2097,"parent":0,"menu_order":0,"comment_status":"closed","ping_status":"closed","template":"","meta":{"_et_pb_use_builder":"on","_et_pb_old_content":"","_et_gb_content_width":"","footnotes":""},"class_list":["post-2096","page","type-page","status-publish","has-post-thumbnail","hentry"],"yoast_head":"<!-- This site is optimized with the Yoast SEO plugin v27.2 - https:\/\/yoast.com\/product\/yoast-seo-wordpress\/ -->\n<title>Bed and Breakfast Borgo campagne Toscane - Plong\u00e9s dans le c\u0153ur du Chianti<\/title>\n<meta name=\"description\" content=\"Bed and Breakfast Borgo campagne Toscane | \u00c0 20 km de Sienne, vous s\u00e9journerez dans une magnifique ferme du XIXe si\u00e8cle entour\u00e9e de villages et de ch\u00e2teaux, vignobles et oliveraies.\" \/>\n<meta name=\"robots\" content=\"index, follow, max-snippet:-1, max-image-preview:large, max-video-preview:-1\" \/>\n<link rel=\"canonical\" href=\"https:\/\/www.villadisotto.it\/fr\/maison-dhotes-borgo-campagne-toscane-lieu\/\" \/>\n<meta property=\"og:locale\" content=\"fr_FR\" \/>\n<meta property=\"og:type\" content=\"article\" \/>\n<meta property=\"og:title\" content=\"Bed and Breakfast Borgo campagne Toscane - Plong\u00e9s dans le c\u0153ur du Chianti\" \/>\n<meta property=\"og:description\" content=\"Bed and Breakfast Borgo campagne Toscane | \u00c0 20 km de Sienne, vous s\u00e9journerez dans une magnifique ferme du XIXe si\u00e8cle entour\u00e9e de villages et de ch\u00e2teaux, vignobles et oliveraies.\" \/>\n<meta property=\"og:url\" content=\"https:\/\/www.villadisotto.it\/fr\/maison-dhotes-borgo-campagne-toscane-lieu\/\" \/>\n<meta property=\"og:site_name\" content=\"Villa di Sotto\" \/>\n<meta property=\"article:modified_time\" content=\"2026-01-27T13:31:21+00:00\" \/>\n<meta property=\"og:image\" content=\"https:\/\/www.villadisotto.it\/wp-content\/uploads\/2019\/04\/Villa-di-sotto-vigna.jpg\" \/>\n\t<meta property=\"og:image:width\" content=\"1800\" \/>\n\t<meta property=\"og:image:height\" content=\"944\" \/>\n\t<meta property=\"og:image:type\" content=\"image\/jpeg\" \/>\n<meta name=\"twitter:card\" content=\"summary_large_image\" \/>\n<meta name=\"twitter:label1\" content=\"Dur\u00e9e de lecture estim\u00e9e\" \/>\n\t<meta name=\"twitter:data1\" content=\"5 minutes\" \/>\n<script type=\"application\/ld+json\" class=\"yoast-schema-graph\">{\"@context\":\"https:\/\/schema.org\",\"@graph\":[{\"@type\":\"WebPage\",\"@id\":\"https:\/\/www.villadisotto.it\/fr\/maison-dhotes-borgo-campagne-toscane-lieu\/\",\"url\":\"https:\/\/www.villadisotto.it\/fr\/maison-dhotes-borgo-campagne-toscane-lieu\/\",\"name\":\"Bed and Breakfast Borgo campagne Toscane - Plong\u00e9s dans le c\u0153ur du Chianti\",\"isPartOf\":{\"@id\":\"https:\/\/www.villadisotto.it\/#website\"},\"primaryImageOfPage\":{\"@id\":\"https:\/\/www.villadisotto.it\/fr\/maison-dhotes-borgo-campagne-toscane-lieu\/#primaryimage\"},\"image\":{\"@id\":\"https:\/\/www.villadisotto.it\/fr\/maison-dhotes-borgo-campagne-toscane-lieu\/#primaryimage\"},\"thumbnailUrl\":\"https:\/\/www.villadisotto.it\/wp-content\/uploads\/2019\/04\/Villa-di-sotto-vigna.jpg\",\"datePublished\":\"2019-06-29T10:34:51+00:00\",\"dateModified\":\"2026-01-27T13:31:21+00:00\",\"description\":\"Bed and Breakfast Borgo campagne Toscane | \u00c0 20 km de Sienne, vous s\u00e9journerez dans une magnifique ferme du XIXe si\u00e8cle entour\u00e9e de villages et de ch\u00e2teaux, vignobles et oliveraies.\",\"breadcrumb\":{\"@id\":\"https:\/\/www.villadisotto.it\/fr\/maison-dhotes-borgo-campagne-toscane-lieu\/#breadcrumb\"},\"inLanguage\":\"fr-FR\",\"potentialAction\":[{\"@type\":\"ReadAction\",\"target\":[\"https:\/\/www.villadisotto.it\/fr\/maison-dhotes-borgo-campagne-toscane-lieu\/\"]}]},{\"@type\":\"ImageObject\",\"inLanguage\":\"fr-FR\",\"@id\":\"https:\/\/www.villadisotto.it\/fr\/maison-dhotes-borgo-campagne-toscane-lieu\/#primaryimage\",\"url\":\"https:\/\/www.villadisotto.it\/wp-content\/uploads\/2019\/04\/Villa-di-sotto-vigna.jpg\",\"contentUrl\":\"https:\/\/www.villadisotto.it\/wp-content\/uploads\/2019\/04\/Villa-di-sotto-vigna.jpg\",\"width\":1800,\"height\":944,\"caption\":\"Bed and Breakfast Borgo campagne Toscane\"},{\"@type\":\"BreadcrumbList\",\"@id\":\"https:\/\/www.villadisotto.it\/fr\/maison-dhotes-borgo-campagne-toscane-lieu\/#breadcrumb\",\"itemListElement\":[{\"@type\":\"ListItem\",\"position\":1,\"name\":\"Home\",\"item\":\"https:\/\/www.villadisotto.it\/\"},{\"@type\":\"ListItem\",\"position\":2,\"name\":\"Bed and Breakfast Borgo campagne Toscane - Lieu\"}]},{\"@type\":\"WebSite\",\"@id\":\"https:\/\/www.villadisotto.it\/#website\",\"url\":\"https:\/\/www.villadisotto.it\/\",\"name\":\"Villa di Sotto\",\"description\":\"Il cuore del Chianti\",\"potentialAction\":[{\"@type\":\"SearchAction\",\"target\":{\"@type\":\"EntryPoint\",\"urlTemplate\":\"https:\/\/www.villadisotto.it\/?s={search_term_string}\"},\"query-input\":{\"@type\":\"PropertyValueSpecification\",\"valueRequired\":true,\"valueName\":\"search_term_string\"}}],\"inLanguage\":\"fr-FR\"}]}<\/script>\n<!-- \/ Yoast SEO plugin. -->","yoast_head_json":{"title":"Bed and Breakfast Borgo campagne Toscane - Plong\u00e9s dans le c\u0153ur du Chianti","description":"Bed and Breakfast Borgo campagne Toscane | \u00c0 20 km de Sienne, vous s\u00e9journerez dans une magnifique ferme du XIXe si\u00e8cle entour\u00e9e de villages et de ch\u00e2teaux, vignobles et oliveraies.","robots":{"index":"index","follow":"follow","max-snippet":"max-snippet:-1","max-image-preview":"max-image-preview:large","max-video-preview":"max-video-preview:-1"},"canonical":"https:\/\/www.villadisotto.it\/fr\/maison-dhotes-borgo-campagne-toscane-lieu\/","og_locale":"fr_FR","og_type":"article","og_title":"Bed and Breakfast Borgo campagne Toscane - Plong\u00e9s dans le c\u0153ur du Chianti","og_description":"Bed and Breakfast Borgo campagne Toscane | \u00c0 20 km de Sienne, vous s\u00e9journerez dans une magnifique ferme du XIXe si\u00e8cle entour\u00e9e de villages et de ch\u00e2teaux, vignobles et oliveraies.","og_url":"https:\/\/www.villadisotto.it\/fr\/maison-dhotes-borgo-campagne-toscane-lieu\/","og_site_name":"Villa di Sotto","article_modified_time":"2026-01-27T13:31:21+00:00","og_image":[{"width":1800,"height":944,"url":"https:\/\/www.villadisotto.it\/wp-content\/uploads\/2019\/04\/Villa-di-sotto-vigna.jpg","type":"image\/jpeg"}],"twitter_card":"summary_large_image","twitter_misc":{"Dur\u00e9e de lecture estim\u00e9e":"5 minutes"},"schema":{"@context":"https:\/\/schema.org","@graph":[{"@type":"WebPage","@id":"https:\/\/www.villadisotto.it\/fr\/maison-dhotes-borgo-campagne-toscane-lieu\/","url":"https:\/\/www.villadisotto.it\/fr\/maison-dhotes-borgo-campagne-toscane-lieu\/","name":"Bed and Breakfast Borgo campagne Toscane - Plong\u00e9s dans le c\u0153ur du Chianti","isPartOf":{"@id":"https:\/\/www.villadisotto.it\/#website"},"primaryImageOfPage":{"@id":"https:\/\/www.villadisotto.it\/fr\/maison-dhotes-borgo-campagne-toscane-lieu\/#primaryimage"},"image":{"@id":"https:\/\/www.villadisotto.it\/fr\/maison-dhotes-borgo-campagne-toscane-lieu\/#primaryimage"},"thumbnailUrl":"https:\/\/www.villadisotto.it\/wp-content\/uploads\/2019\/04\/Villa-di-sotto-vigna.jpg","datePublished":"2019-06-29T10:34:51+00:00","dateModified":"2026-01-27T13:31:21+00:00","description":"Bed and Breakfast Borgo campagne Toscane | \u00c0 20 km de Sienne, vous s\u00e9journerez dans une magnifique ferme du XIXe si\u00e8cle entour\u00e9e de villages et de ch\u00e2teaux, vignobles et oliveraies.","breadcrumb":{"@id":"https:\/\/www.villadisotto.it\/fr\/maison-dhotes-borgo-campagne-toscane-lieu\/#breadcrumb"},"inLanguage":"fr-FR","potentialAction":[{"@type":"ReadAction","target":["https:\/\/www.villadisotto.it\/fr\/maison-dhotes-borgo-campagne-toscane-lieu\/"]}]},{"@type":"ImageObject","inLanguage":"fr-FR","@id":"https:\/\/www.villadisotto.it\/fr\/maison-dhotes-borgo-campagne-toscane-lieu\/#primaryimage","url":"https:\/\/www.villadisotto.it\/wp-content\/uploads\/2019\/04\/Villa-di-sotto-vigna.jpg","contentUrl":"https:\/\/www.villadisotto.it\/wp-content\/uploads\/2019\/04\/Villa-di-sotto-vigna.jpg","width":1800,"height":944,"caption":"Bed and Breakfast Borgo campagne Toscane"},{"@type":"BreadcrumbList","@id":"https:\/\/www.villadisotto.it\/fr\/maison-dhotes-borgo-campagne-toscane-lieu\/#breadcrumb","itemListElement":[{"@type":"ListItem","position":1,"name":"Home","item":"https:\/\/www.villadisotto.it\/"},{"@type":"ListItem","position":2,"name":"Bed and Breakfast Borgo campagne Toscane - Lieu"}]},{"@type":"WebSite","@id":"https:\/\/www.villadisotto.it\/#website","url":"https:\/\/www.villadisotto.it\/","name":"Villa di Sotto","description":"Il cuore del Chianti","potentialAction":[{"@type":"SearchAction","target":{"@type":"EntryPoint","urlTemplate":"https:\/\/www.villadisotto.it\/?s={search_term_string}"},"query-input":{"@type":"PropertyValueSpecification","valueRequired":true,"valueName":"search_term_string"}}],"inLanguage":"fr-FR"}]}},"_links":{"self":[{"href":"https:\/\/www.villadisotto.it\/fr\/wp-json\/wp\/v2\/pages\/2096","targetHints":{"allow":["GET"]}}],"collection":[{"href":"https:\/\/www.villadisotto.it\/fr\/wp-json\/wp\/v2\/pages"}],"about":[{"href":"https:\/\/www.villadisotto.it\/fr\/wp-json\/wp\/v2\/types\/page"}],"author":[{"embeddable":true,"href":"https:\/\/www.villadisotto.it\/fr\/wp-json\/wp\/v2\/users\/3"}],"replies":[{"embeddable":true,"href":"https:\/\/www.villadisotto.it\/fr\/wp-json\/wp\/v2\/comments?post=2096"}],"version-history":[{"count":54,"href":"https:\/\/www.villadisotto.it\/fr\/wp-json\/wp\/v2\/pages\/2096\/revisions"}],"predecessor-version":[{"id":30538,"href":"https:\/\/www.villadisotto.it\/fr\/wp-json\/wp\/v2\/pages\/2096\/revisions\/30538"}],"wp:featuredmedia":[{"embeddable":true,"href":"https:\/\/www.villadisotto.it\/fr\/wp-json\/wp\/v2\/media\/2097"}],"wp:attachment":[{"href":"https:\/\/www.villadisotto.it\/fr\/wp-json\/wp\/v2\/media?parent=2096"}],"curies":[{"name":"wp","href":"https:\/\/api.w.org\/{rel}","templated":true}]}}