{"id":15977,"date":"2021-05-14T11:27:25","date_gmt":"2021-05-14T09:27:25","guid":{"rendered":"https:\/\/www.villadisotto.it\/durabilite\/"},"modified":"2025-08-08T13:20:07","modified_gmt":"2025-08-08T11:20:07","slug":"durabilite","status":"publish","type":"page","link":"https:\/\/www.villadisotto.it\/fr\/durabilite\/","title":{"rendered":"Durabilit\u00e9"},"content":{"rendered":"<p>[et_pb_section fb_built=\"1\" custom_padding_last_edited=\"on|phone\" _builder_version=\"4.21.0\" background_color=\"#f7f7f7\" custom_padding=\"||0px|||\" custom_padding_tablet=\"||0px|||\" custom_padding_phone=\"10px||10px||true|false\" global_colors_info=\"{}\"][et_pb_row custom_padding_last_edited=\"on|phone\" _builder_version=\"4.21.0\" custom_padding_tablet=\"\" custom_padding_phone=\"30px||30px||true|false\" global_colors_info=\"{}\"][et_pb_column type=\"4_4\" _builder_version=\"4.16\" global_colors_info=\"{}\"][et_pb_text _builder_version=\"4.16\" header_2_font=\"Petit Formal Script|700|||||||\" header_2_font_size=\"35px\" header_2_font_size_tablet=\"\" header_2_font_size_phone=\"26px\" header_2_font_size_last_edited=\"on|phone\" header_3_font_size_tablet=\"\" header_3_font_size_phone=\"18px\" header_3_font_size_last_edited=\"on|phone\" global_colors_info=\"{}\"]<\/p>\n<p style=\"text-align: center;\"><em>De nombreux petits pas pour un grand r\u00e9sultat<\/em><\/p>\n<h2 style=\"text-align: center;\">\"Chaque individu a le pouvoir de rendre le monde meilleur.\"<\/h2>\n<p style=\"text-align: center;\">cit. <span>S. Bambar\u00e9n<\/span><\/p>\n<p>[\/et_pb_text][\/et_pb_column][\/et_pb_row][\/et_pb_section][et_pb_section fb_built=\"1\" _builder_version=\"4.16\" _module_preset=\"default\" custom_padding=\"9px||12px|||\" global_colors_info=\"{}\"][et_pb_row custom_padding_last_edited=\"on|phone\" _builder_version=\"4.21.0\" _module_preset=\"default\" custom_padding_tablet=\"\" custom_padding_phone=\"20px||20px||true|false\" global_colors_info=\"{}\"][et_pb_column type=\"4_4\" _builder_version=\"4.16\" _module_preset=\"default\" global_colors_info=\"{}\"][et_pb_text _builder_version=\"4.16\" _module_preset=\"default\" global_colors_info=\"{}\"]<\/p>\n<h3 style=\"text-align: center;\"><strong>Voici notre engagement pour un FUTUR DURABLE<\/strong><\/h3>\n<p>[\/et_pb_text][\/et_pb_column][\/et_pb_row][et_pb_row column_structure=\"1_2,1_2\" custom_padding_last_edited=\"on|phone\" _builder_version=\"4.21.0\" width=\"50%\" width_tablet=\"\" width_phone=\"80%\" width_last_edited=\"on|phone\" custom_padding_tablet=\"\" custom_padding_phone=\"20px||20px||true|false\" global_colors_info=\"{}\"][et_pb_column type=\"1_2\" _builder_version=\"4.16\" global_colors_info=\"{}\"][et_pb_image src=\"https:\/\/www.villadisotto.it\/wp-content\/uploads\/2021\/05\/Verde-Foglie-Ambiente-Logo-1.png\" alt=\"durabilit\u00e9 - Villa di Sotto\" title_text=\"durabilit\u00e9 - Villa di Sotto\" _builder_version=\"4.16\" _module_preset=\"default\" module_alignment=\"center\" global_colors_info=\"{}\"][\/et_pb_image][et_pb_toggle title=\"Ce que vous trouvez chez nous\" closed_toggle_background_color=\"#fcfcfc\" icon_color=\"#d3be80\" open_icon_color=\"#d3be80\" _builder_version=\"4.21.0\" title_text_color=\"#000000\" title_letter_spacing=\"2px\" title_line_height=\"1.5em\" title_font_size_tablet=\"\" title_font_size_phone=\"14px\" title_font_size_last_edited=\"on|phone\" border_radii=\"on|7px|7px|7px|7px\" border_color_all=\"#d3be80\" global_colors_info=\"{}\"]<\/p>\n<ul>\n<li>YES QR code \u00e0 scanner avec votre smartphone pour r\u00e9duire l'utilisation de papier<\/li>\n<li>OUI bouteilles en verre aseptis\u00e9es dans notre cuisine pour r\u00e9duire l'utilisation du plastique et le smog<\/li>\n<li>OUI du linge qui s\u00e8che \u00e0 l'air libre pour r\u00e9duire la consommation d'\u00e9nergie et avoir une plus grande douceur des tissus<\/li>\n<li>OUI collecte s\u00e9par\u00e9e pour r\u00e9cup\u00e9rer les mati\u00e8res premi\u00e8res et limiter la d\u00e9gradation de l'environnement<\/li>\n<li>OUI des ampoules \u00e0 \u00e9conomie d'\u00e9nergie pour r\u00e9duire les co\u00fbts et assurer un \u00e9clairage ad\u00e9quat<\/li>\n<li>OUI de grands espaces verts pour faire du sport et se d\u00e9tendre en toute s\u00e9curit\u00e9<\/li>\n<li>OUI la protection de la biodiversit\u00e9 et le respect des traditions de la terre du Chianti pour pr\u00e9server le capital naturel et assurer le bon fonctionnement des \u00e9cosyst\u00e8mes<\/li>\n<li>OUI des exp\u00e9riences personnalis\u00e9es et exclusives pour r\u00e9pondre au mieux aux diff\u00e9rents besoins et permettre de profiter pleinement de l'instant pr\u00e9sent<\/li>\n<li>OUI personnel local afin d'encourager l'emploi dans la r\u00e9gion tout en r\u00e9duisant les d\u00e9placements<\/li>\n<li>OUI 0 km produits de notre jardin, produits locaux et de saison pour avoir toujours de la qualit\u00e9 sur notre table et faire attention \u00e0 l'environnement<\/li>\n<li>OUI aux savons locaux en bouteille dans nos salles de bains pour r\u00e9duire les d\u00e9chets et offrir un produit de haute qualit\u00e9<\/li>\n<li>OUI des panneaux solaires pour produire de l'\u00e9nergie \u00e0 moindre co\u00fbt et sans impact sur l'environnement<\/li>\n<\/ul>\n<p>[\/et_pb_toggle][\/et_pb_column][et_pb_column type=\"1_2\" _builder_version=\"4.16\" global_colors_info=\"{}\"][et_pb_image src=\"https:\/\/www.villadisotto.it\/wp-content\/uploads\/2021\/05\/Verde-Foglie-Ambiente-Logo.png\" alt=\"durabilit\u00e9 - Villa di Sotto\" title_text=\"durabilit\u00e9 - Villa di Sotto\" _builder_version=\"4.16\" _module_preset=\"default\" module_alignment=\"center\" global_colors_info=\"{}\"][\/et_pb_image][et_pb_toggle title=\"Ce que vous ne trouvez pas chez nous\" closed_toggle_background_color=\"#fcfcfc\" icon_color=\"#d3be80\" open_icon_color=\"#d3be80\" _builder_version=\"4.21.0\" title_text_color=\"#000000\" title_letter_spacing=\"2px\" title_line_height=\"1.5em\" title_font_size_tablet=\"\" title_font_size_phone=\"14px\" title_font_size_last_edited=\"on|phone\" border_radii=\"on|7px|7px|7px|7px\" border_color_all=\"#d3be80\" global_colors_info=\"{}\"]<\/p>\n<ul>\n<li>NON menus ou informations sur papier dans les logements<\/li>\n<li>NON bouteilles en plastique sur les tables du restaurant<\/li>\n<li>NON s\u00e8che-linge \u00e9lectrique<\/li>\n<li>NON poubelles indiff\u00e9renci\u00e9es<\/li>\n<li>NON lumi\u00e8res \u00e0 haute consommation d'\u00e9nergie<\/li>\n<li>NON smog<\/li>\n<li>NON d\u00e9formation du sol des champs environnants<\/li>\n<li>NON exp\u00e9riences collectives et de groupe<\/li>\n<li>NON travailleurs ayant une r\u00e9sidence \u00e9loign\u00e9e<\/li>\n<li>NON denr\u00e9es alimentaires en provenance d'autres pays<\/li>\n<li>NON savons en bouteilles jetables dans nos salles de bains<\/li>\n<\/ul>\n<p>[\/et_pb_toggle][\/et_pb_column][\/et_pb_row][et_pb_row custom_padding_last_edited=\"on|phone\" _builder_version=\"4.21.0\" _module_preset=\"default\" min_height=\"103.3px\" custom_padding_tablet=\"\" custom_padding_phone=\"20px||20px||true|false\" global_colors_info=\"{}\"][et_pb_column type=\"4_4\" _builder_version=\"4.16\" _module_preset=\"default\" global_colors_info=\"{}\"][et_pb_text _builder_version=\"4.16\" _module_preset=\"default\" global_colors_info=\"{}\"]<\/p>\n<h3><strong>VOUS POUVEZ NOUS AIDER AUSSI...<\/strong><\/h3>\n<h3><strong>Voil\u00e0 comment:<\/strong><\/h3>\n<p>[\/et_pb_text][\/et_pb_column][\/et_pb_row][et_pb_row _builder_version=\"4.21.0\" _module_preset=\"default\" custom_margin=\"|auto||auto|false|false\" custom_padding=\"10px||10px||true|false\" global_colors_info=\"{}\"][et_pb_column type=\"4_4\" _builder_version=\"4.16\" _module_preset=\"default\" global_colors_info=\"{}\"][et_pb_text _builder_version=\"4.16\" _module_preset=\"default\" global_colors_info=\"{}\"]<\/p>\n<ul>\n<li style=\"text-align: left;\"><span><strong>NON<\/strong><\/span> gaspillage d'eau et d'\u00e9lectricit\u00e9<\/li>\n<li><span><strong>OUI<\/strong><\/span> utilisation uniquement en cas de besoin et dans la quantit\u00e9 requise<\/li>\n<li><span><strong>NON<\/strong><\/span> changement quotidien de toutes les serviettes<\/li>\n<li><span><strong>OUI<\/strong><\/span> changement des seules serviettes dont vous avez besoin<\/li>\n<li><span><strong>NON<\/strong><\/span> d\u00e9chets indiff\u00e9renci\u00e9s<\/li>\n<li><span><strong>OUI<\/strong><\/span> collecte s\u00e9par\u00e9e<\/li>\n<\/ul>\n<p>[\/et_pb_text][\/et_pb_column][\/et_pb_row][et_pb_row _builder_version=\"4.21.0\" _module_preset=\"default\" custom_padding=\"10px||10px||true|false\" global_colors_info=\"{}\"][et_pb_column type=\"4_4\" _builder_version=\"4.16\" _module_preset=\"default\" global_colors_info=\"{}\"][et_pb_button button_url=\"https:\/\/www.villadisotto.it\/fr\/\" button_text=\"Vivez la r\u00e9alit\u00e9 de Villa di Sotto!\" button_alignment=\"center\" _builder_version=\"4.16\" _module_preset=\"default\" custom_button=\"on\" button_bg_color=\"#d3be80\" global_colors_info=\"{}\"][\/et_pb_button][et_pb_button button_url=\"https:\/\/www.villadisotto.it\/fr\/boutique-en-ligne\/\" button_text=\"Visitez la boutique d&apos;exp\u00e9riences!\" button_alignment=\"center\" _builder_version=\"4.16\" _module_preset=\"default\" custom_button=\"on\" button_bg_color=\"#d3be80\" global_colors_info=\"{}\"][\/et_pb_button][\/et_pb_column][\/et_pb_row][\/et_pb_section][et_pb_section fb_built=\"1\" _builder_version=\"4.21.0\" background_enable_color=\"off\" custom_margin=\"||||false|false\" custom_padding=\"20px|0px|20px|0px|true|false\" locked=\"off\" global_colors_info=\"{}\"][et_pb_row use_custom_gutter=\"on\" gutter_width=\"2\" module_class=\" et_pb_row_fullwidth\" _builder_version=\"4.21.0\" width=\"90%\" width_tablet=\"80%\" width_phone=\"\" width_last_edited=\"on|desktop\" max_width=\"2560%\" max_width_tablet=\"80%\" max_width_phone=\"\" max_width_last_edited=\"on|desktop\" custom_padding=\"17px|0px|0|0px|false|false\" make_fullwidth=\"on\" global_colors_info=\"{}\"][et_pb_column type=\"4_4\" _builder_version=\"4.16\" custom_padding=\"|||\" global_colors_info=\"{}\" custom_padding__hover=\"|||\"][et_pb_gallery gallery_ids=\"29426,29442,29438,29418\" show_title_and_caption=\"off\" show_pagination=\"off\" _builder_version=\"4.27.4\" hover_enabled=\"0\" global_colors_info=\"{}\" sticky_enabled=\"0\"][\/et_pb_gallery][\/et_pb_column][\/et_pb_row][\/et_pb_section]<\/p>\n","protected":false},"excerpt":{"rendered":"<p>De nombreux petits pas pour un grand r\u00e9sultat \"Chaque individu a le pouvoir de rendre le monde meilleur.\" cit. S. Bambar\u00e9nVoici notre engagement pour un FUTUR DURABLE YES QR code \u00e0 scanner avec votre smartphone pour r\u00e9duire l'utilisation de papier OUI bouteilles en verre aseptis\u00e9es dans notre cuisine pour r\u00e9duire l'utilisation du plastique et le [&hellip;]<\/p>\n","protected":false},"author":3,"featured_media":15859,"parent":0,"menu_order":0,"comment_status":"closed","ping_status":"closed","template":"","meta":{"_et_pb_use_builder":"on","_et_pb_old_content":"","_et_gb_content_width":"","footnotes":""},"class_list":["post-15977","page","type-page","status-publish","has-post-thumbnail","hentry"],"yoast_head":"<!-- This site is optimized with the Yoast SEO plugin v27.2 - https:\/\/yoast.com\/product\/yoast-seo-wordpress\/ -->\n<title>Durabilit\u00e9 - Bed and Breakfast Villa di Sotto dans la r\u00e9gion du Chianti siennois<\/title>\n<meta name=\"description\" content=\"Durabilit\u00e9 | De nombreux petits pas pour un grand r\u00e9sultat. Chaque individu a le pouvoir de rendre le monde meilleur.\" \/>\n<meta name=\"robots\" content=\"index, follow, max-snippet:-1, max-image-preview:large, max-video-preview:-1\" \/>\n<link rel=\"canonical\" href=\"https:\/\/www.villadisotto.it\/fr\/durabilite\/\" \/>\n<meta property=\"og:locale\" content=\"fr_FR\" \/>\n<meta property=\"og:type\" content=\"article\" \/>\n<meta property=\"og:title\" content=\"Durabilit\u00e9 - Bed and Breakfast Villa di Sotto dans la r\u00e9gion du Chianti siennois\" \/>\n<meta property=\"og:description\" content=\"Durabilit\u00e9 | De nombreux petits pas pour un grand r\u00e9sultat. Chaque individu a le pouvoir de rendre le monde meilleur.\" \/>\n<meta property=\"og:url\" content=\"https:\/\/www.villadisotto.it\/fr\/durabilite\/\" \/>\n<meta property=\"og:site_name\" content=\"Villa di Sotto\" \/>\n<meta property=\"article:modified_time\" content=\"2025-08-08T11:20:07+00:00\" \/>\n<meta property=\"og:image\" content=\"https:\/\/www.villadisotto.it\/wp-content\/uploads\/2021\/05\/sostenibile-2.jpg\" \/>\n\t<meta property=\"og:image:width\" content=\"1080\" \/>\n\t<meta property=\"og:image:height\" content=\"1080\" \/>\n\t<meta property=\"og:image:type\" content=\"image\/jpeg\" \/>\n<meta name=\"twitter:card\" content=\"summary_large_image\" \/>\n<meta name=\"twitter:label1\" content=\"Dur\u00e9e de lecture estim\u00e9e\" \/>\n\t<meta name=\"twitter:data1\" content=\"6 minutes\" \/>\n<script type=\"application\/ld+json\" class=\"yoast-schema-graph\">{\"@context\":\"https:\/\/schema.org\",\"@graph\":[{\"@type\":\"WebPage\",\"@id\":\"https:\/\/www.villadisotto.it\/fr\/durabilite\/\",\"url\":\"https:\/\/www.villadisotto.it\/fr\/durabilite\/\",\"name\":\"Durabilit\u00e9 - Bed and Breakfast Villa di Sotto dans la r\u00e9gion du Chianti siennois\",\"isPartOf\":{\"@id\":\"https:\/\/www.villadisotto.it\/#website\"},\"primaryImageOfPage\":{\"@id\":\"https:\/\/www.villadisotto.it\/fr\/durabilite\/#primaryimage\"},\"image\":{\"@id\":\"https:\/\/www.villadisotto.it\/fr\/durabilite\/#primaryimage\"},\"thumbnailUrl\":\"https:\/\/www.villadisotto.it\/wp-content\/uploads\/2021\/05\/sostenibile-2.jpg\",\"datePublished\":\"2021-05-14T09:27:25+00:00\",\"dateModified\":\"2025-08-08T11:20:07+00:00\",\"description\":\"Durabilit\u00e9 | De nombreux petits pas pour un grand r\u00e9sultat. Chaque individu a le pouvoir de rendre le monde meilleur.\",\"breadcrumb\":{\"@id\":\"https:\/\/www.villadisotto.it\/fr\/durabilite\/#breadcrumb\"},\"inLanguage\":\"fr-FR\",\"potentialAction\":[{\"@type\":\"ReadAction\",\"target\":[\"https:\/\/www.villadisotto.it\/fr\/durabilite\/\"]}]},{\"@type\":\"ImageObject\",\"inLanguage\":\"fr-FR\",\"@id\":\"https:\/\/www.villadisotto.it\/fr\/durabilite\/#primaryimage\",\"url\":\"https:\/\/www.villadisotto.it\/wp-content\/uploads\/2021\/05\/sostenibile-2.jpg\",\"contentUrl\":\"https:\/\/www.villadisotto.it\/wp-content\/uploads\/2021\/05\/sostenibile-2.jpg\",\"width\":1080,\"height\":1080,\"caption\":\"durabilit\u00e9 - Villa di Sotto\"},{\"@type\":\"BreadcrumbList\",\"@id\":\"https:\/\/www.villadisotto.it\/fr\/durabilite\/#breadcrumb\",\"itemListElement\":[{\"@type\":\"ListItem\",\"position\":1,\"name\":\"Home\",\"item\":\"https:\/\/www.villadisotto.it\/\"},{\"@type\":\"ListItem\",\"position\":2,\"name\":\"Durabilit\u00e9\"}]},{\"@type\":\"WebSite\",\"@id\":\"https:\/\/www.villadisotto.it\/#website\",\"url\":\"https:\/\/www.villadisotto.it\/\",\"name\":\"Villa di Sotto\",\"description\":\"Il cuore del Chianti\",\"potentialAction\":[{\"@type\":\"SearchAction\",\"target\":{\"@type\":\"EntryPoint\",\"urlTemplate\":\"https:\/\/www.villadisotto.it\/?s={search_term_string}\"},\"query-input\":{\"@type\":\"PropertyValueSpecification\",\"valueRequired\":true,\"valueName\":\"search_term_string\"}}],\"inLanguage\":\"fr-FR\"}]}<\/script>\n<!-- \/ Yoast SEO plugin. -->","yoast_head_json":{"title":"Durabilit\u00e9 - Bed and Breakfast Villa di Sotto dans la r\u00e9gion du Chianti siennois","description":"Durabilit\u00e9 | De nombreux petits pas pour un grand r\u00e9sultat. Chaque individu a le pouvoir de rendre le monde meilleur.","robots":{"index":"index","follow":"follow","max-snippet":"max-snippet:-1","max-image-preview":"max-image-preview:large","max-video-preview":"max-video-preview:-1"},"canonical":"https:\/\/www.villadisotto.it\/fr\/durabilite\/","og_locale":"fr_FR","og_type":"article","og_title":"Durabilit\u00e9 - Bed and Breakfast Villa di Sotto dans la r\u00e9gion du Chianti siennois","og_description":"Durabilit\u00e9 | De nombreux petits pas pour un grand r\u00e9sultat. Chaque individu a le pouvoir de rendre le monde meilleur.","og_url":"https:\/\/www.villadisotto.it\/fr\/durabilite\/","og_site_name":"Villa di Sotto","article_modified_time":"2025-08-08T11:20:07+00:00","og_image":[{"width":1080,"height":1080,"url":"https:\/\/www.villadisotto.it\/wp-content\/uploads\/2021\/05\/sostenibile-2.jpg","type":"image\/jpeg"}],"twitter_card":"summary_large_image","twitter_misc":{"Dur\u00e9e de lecture estim\u00e9e":"6 minutes"},"schema":{"@context":"https:\/\/schema.org","@graph":[{"@type":"WebPage","@id":"https:\/\/www.villadisotto.it\/fr\/durabilite\/","url":"https:\/\/www.villadisotto.it\/fr\/durabilite\/","name":"Durabilit\u00e9 - Bed and Breakfast Villa di Sotto dans la r\u00e9gion du Chianti siennois","isPartOf":{"@id":"https:\/\/www.villadisotto.it\/#website"},"primaryImageOfPage":{"@id":"https:\/\/www.villadisotto.it\/fr\/durabilite\/#primaryimage"},"image":{"@id":"https:\/\/www.villadisotto.it\/fr\/durabilite\/#primaryimage"},"thumbnailUrl":"https:\/\/www.villadisotto.it\/wp-content\/uploads\/2021\/05\/sostenibile-2.jpg","datePublished":"2021-05-14T09:27:25+00:00","dateModified":"2025-08-08T11:20:07+00:00","description":"Durabilit\u00e9 | De nombreux petits pas pour un grand r\u00e9sultat. Chaque individu a le pouvoir de rendre le monde meilleur.","breadcrumb":{"@id":"https:\/\/www.villadisotto.it\/fr\/durabilite\/#breadcrumb"},"inLanguage":"fr-FR","potentialAction":[{"@type":"ReadAction","target":["https:\/\/www.villadisotto.it\/fr\/durabilite\/"]}]},{"@type":"ImageObject","inLanguage":"fr-FR","@id":"https:\/\/www.villadisotto.it\/fr\/durabilite\/#primaryimage","url":"https:\/\/www.villadisotto.it\/wp-content\/uploads\/2021\/05\/sostenibile-2.jpg","contentUrl":"https:\/\/www.villadisotto.it\/wp-content\/uploads\/2021\/05\/sostenibile-2.jpg","width":1080,"height":1080,"caption":"durabilit\u00e9 - Villa di Sotto"},{"@type":"BreadcrumbList","@id":"https:\/\/www.villadisotto.it\/fr\/durabilite\/#breadcrumb","itemListElement":[{"@type":"ListItem","position":1,"name":"Home","item":"https:\/\/www.villadisotto.it\/"},{"@type":"ListItem","position":2,"name":"Durabilit\u00e9"}]},{"@type":"WebSite","@id":"https:\/\/www.villadisotto.it\/#website","url":"https:\/\/www.villadisotto.it\/","name":"Villa di Sotto","description":"Il cuore del Chianti","potentialAction":[{"@type":"SearchAction","target":{"@type":"EntryPoint","urlTemplate":"https:\/\/www.villadisotto.it\/?s={search_term_string}"},"query-input":{"@type":"PropertyValueSpecification","valueRequired":true,"valueName":"search_term_string"}}],"inLanguage":"fr-FR"}]}},"_links":{"self":[{"href":"https:\/\/www.villadisotto.it\/fr\/wp-json\/wp\/v2\/pages\/15977","targetHints":{"allow":["GET"]}}],"collection":[{"href":"https:\/\/www.villadisotto.it\/fr\/wp-json\/wp\/v2\/pages"}],"about":[{"href":"https:\/\/www.villadisotto.it\/fr\/wp-json\/wp\/v2\/types\/page"}],"author":[{"embeddable":true,"href":"https:\/\/www.villadisotto.it\/fr\/wp-json\/wp\/v2\/users\/3"}],"replies":[{"embeddable":true,"href":"https:\/\/www.villadisotto.it\/fr\/wp-json\/wp\/v2\/comments?post=15977"}],"version-history":[{"count":21,"href":"https:\/\/www.villadisotto.it\/fr\/wp-json\/wp\/v2\/pages\/15977\/revisions"}],"predecessor-version":[{"id":29565,"href":"https:\/\/www.villadisotto.it\/fr\/wp-json\/wp\/v2\/pages\/15977\/revisions\/29565"}],"wp:featuredmedia":[{"embeddable":true,"href":"https:\/\/www.villadisotto.it\/fr\/wp-json\/wp\/v2\/media\/15859"}],"wp:attachment":[{"href":"https:\/\/www.villadisotto.it\/fr\/wp-json\/wp\/v2\/media?parent=15977"}],"curies":[{"name":"wp","href":"https:\/\/api.w.org\/{rel}","templated":true}]}}