{"id":24707,"date":"2022-09-19T16:40:55","date_gmt":"2022-09-19T14:40:55","guid":{"rendered":"https:\/\/www.villadisotto.it\/prodotto\/detox-in-der-villa\/"},"modified":"2026-04-28T12:47:31","modified_gmt":"2026-04-28T10:47:31","slug":"detox-in-der-villa","status":"publish","type":"product","link":"https:\/\/www.villadisotto.it\/de\/prodotto\/detox-in-der-villa\/","title":{"rendered":"Detox in der Villa"},"content":{"rendered":"<p>[et_pb_section fb_built=\"1\" _builder_version=\"4.16\" custom_padding=\"0px||||false|false\" global_colors_info=\"{}\"][et_pb_row _builder_version=\"4.16\" background_size=\"initial\" background_position=\"top_left\" background_repeat=\"repeat\" width=\"100%\" custom_padding=\"0px||0px||false|false\" global_colors_info=\"{}\"][et_pb_column type=\"4_4\" _builder_version=\"4.16\" custom_padding=\"|||\" global_colors_info=\"{}\" custom_padding__hover=\"|||\"][et_pb_wc_breadcrumb _builder_version=\"4.16\" global_colors_info=\"{}\"][\/et_pb_wc_breadcrumb][et_pb_wc_cart_notice _builder_version=\"4.16\" global_colors_info=\"{}\"][\/et_pb_wc_cart_notice][\/et_pb_column][\/et_pb_row][et_pb_row column_structure=\"1_2,1_2\" _builder_version=\"4.16\" background_size=\"initial\" background_position=\"top_left\" background_repeat=\"repeat\" width=\"100%\" custom_padding=\"0px||||false|false\" global_colors_info=\"{}\"][et_pb_column type=\"1_2\" _builder_version=\"4.16\" custom_padding=\"|||\" global_colors_info=\"{}\" custom_padding__hover=\"|||\"][et_pb_wc_images _builder_version=\"4.16\" global_colors_info=\"{}\"][\/et_pb_wc_images][\/et_pb_column][et_pb_column type=\"1_2\" _builder_version=\"4.16\" custom_padding=\"|||\" global_colors_info=\"{}\" custom_padding__hover=\"|||\"][et_pb_wc_title _builder_version=\"4.16\" header_font=\"|600|||||||\" global_colors_info=\"{}\"][\/et_pb_wc_title][et_pb_wc_rating _builder_version=\"4.16\" global_colors_info=\"{}\"][\/et_pb_wc_rating][et_pb_wc_price _builder_version=\"4.16\" body_font=\"|600|on||||||\" body_text_color=\"#515151\" custom_margin=\"||6px|||\" global_colors_info=\"{}\"][\/et_pb_wc_price][et_pb_text _builder_version=\"4.17.4\" _module_preset=\"default\" text_font=\"||||on||||\" text_text_color=\"#595959\" text_font_size=\"13px\" global_colors_info=\"{}\"]<strong>PREIS F\u00dcR 2 PERSONEN<\/strong><br \/>\n[\/et_pb_text][et_pb_wc_description _builder_version=\"4.16\" body_font=\"||||||||\" header_3_font=\"|600|||||||\" header_3_line_height=\"1.2em\" global_colors_info=\"{}\"][\/et_pb_wc_description][et_pb_wc_add_to_cart _builder_version=\"4.16\" custom_button=\"on\" button_text_size=\"18px\" button_text_color=\"#FFFFFF\" button_font=\"|600|||||||\" global_colors_info=\"{}\"][\/et_pb_wc_add_to_cart][et_pb_wc_meta _builder_version=\"4.16\" global_colors_info=\"{}\"][\/et_pb_wc_meta][\/et_pb_column][\/et_pb_row][et_pb_row _builder_version=\"4.14.5\" _module_preset=\"default\" global_module=\"21347\" global_colors_info=\"{}\"][et_pb_column type=\"4_4\" _builder_version=\"4.16\" _module_preset=\"default\" global_colors_info=\"{}\"][et_pb_button button_url=\"https:\/\/wa.me\/390577359127\" button_text=\"Kontaktieren Sie uns f\u00fcr weitere Informationen\" button_alignment=\"center\" _builder_version=\"4.27.6\" _module_preset=\"default\" custom_button=\"on\" button_bg_color=\"#005b04\" button_border_color=\"RGBA(255,255,255,0)\" button_font=\"|700|||||||\" global_colors_info=\"{}\"][\/et_pb_button][\/et_pb_column][\/et_pb_row][et_pb_row _builder_version=\"4.16\" background_size=\"initial\" background_position=\"top_left\" background_repeat=\"repeat\" width=\"100%\" global_colors_info=\"{}\"][et_pb_column type=\"4_4\" _builder_version=\"4.16\" custom_padding=\"|||\" global_colors_info=\"{}\" custom_padding__hover=\"|||\"][et_pb_wc_tabs disabled_on=\"on|on|on\" _builder_version=\"4.16\" disabled global_colors_info=\"{}\"] [\/et_pb_wc_tabs][et_pb_wc_upsells _builder_version=\"4.16\" global_colors_info=\"{}\"][\/et_pb_wc_upsells][et_pb_wc_related_products _builder_version=\"4.16\" global_colors_info=\"{}\"][\/et_pb_wc_related_products][\/et_pb_column][\/et_pb_row][\/et_pb_section]<\/p>\n","protected":false},"excerpt":{"rendered":"<h2><strong>Gutschein mit \u00dcbernachtung, Die H\u00f6hle exklusive Nutzung f\u00fcr 2 Stunden, Mittag- oder Abendessen<\/strong><br \/>\n(nur mit Reservierung)<\/h2>\n<p>Eine \u00dcbernachtung in einem Zimmer im ersten Stock des Haupthauses mit eigenem Bad, Panoramablick auf das Chianti und Siena, K\u00fchlschrank, Klimaanlage\/Heizung, Wifi, Satellitenfernsehen und Fr\u00fchst\u00fcck.<\/p>\n<p><strong>Die H\u00f6hle EXKLUSIVE NUTZUNG f\u00fcr 2 Stunden mit: Finnische Sauna\/Biosauna, Sinnesdusche und Jacuzzi<\/strong><\/p>\n<ul>\n<li>Sitzgelegenheiten aus L\u00e4rchenholz, Natursteinw\u00e4nde<\/li>\n<li>Bad und Ankleideraum<\/li>\n<li>Verleih von Handt\u00fcchern und\/oder Badem\u00e4nteln auf Anfrage und gegen Aufpreis<\/li>\n<li>kostenloses WiFi<\/li>\n<\/ul>\n<p><strong>Hei\u00dfer Kr\u00e4utertee<\/strong> zur Rehydrierung von Fl\u00fcssigkeiten<\/p>\n<p><strong>Mittag- oder Abendessen auf der Panoramaterrasse des Restaurants<\/strong>, mit einer typischen Vorspeise in der Mitte des Tisches, einem Nudelgericht pro Person, einem Glas Hauswein pro Person und einer Flasche Wasser<\/p>\n<blockquote><p><strong>Der Preis ist f\u00fcr 2 Personen. F\u00fcr die dritte und vierte Person betr\u00e4gt der Aufpreis \u20ac145 pro Person, zahlbar im Hotel.<br \/>\n<em>Kindern unter 16 Jahren und schwangeren Frauen ist der Zutritt nicht gestattet.<\/em><br \/>\n<\/strong> Drucken Sie Ihren Gutschein, den Sie per E-Mail erhalten, aus oder zeigen Sie ihn bei Ankunft auf Ihrem Smartphone vor.<\/p><\/blockquote>\n<p><em>G\u00fcltig f\u00fcr 18 Monate ab dem Kaufdatum.<\/em><\/p>\n<p>Wenn Sie das Datum Ihres Aufenthalts bereits kennen, kaufen Sie den Gutschein hier und schicken Sie uns eine E-Mail an info@villadisotto.it, um Datum und Zimmer zu best\u00e4tigen.<\/p>\n","protected":false},"featured_media":31131,"comment_status":"closed","ping_status":"closed","template":"","meta":{"_et_pb_use_builder":"on","_et_pb_old_content":"Gutschein mit \u00dcbernachtung, Die H\u00f6hle exklusive Nutzung f\u00fcr 2 Stunden, Mittag- oder Abendessen (nur mit Reservierung)\nEine \u00dcbernachtung in einem Zimmer im ersten Stock des Haupthauses mit eigenem Bad, Panoramablick auf das Chianti und Siena, K\u00fchlschrank, Klimaanlage\/Heizung, Wifi, Satellitenfernsehen und Fr\u00fchst\u00fcck.<br>Die H\u00f6hle EXKLUSIVE NUTZUNG f\u00fcr 2 Stunden mit: Finnische Sauna\/Biosauna, Sinnesdusche und Jacuzzi\n<ul>\n \t<li>Sitzgelegenheiten aus L\u00e4rchenholz, Natursteinw\u00e4nde<\/li>\n \t<li>Bad und Ankleideraum<\/li>\n \t<li>Verleih von Handt\u00fcchern und\/oder Badem\u00e4nteln auf Anfrage und gegen Aufpreis<\/li>\n \t<li>kostenloses WiFi<\/li>\n<\/ul>\nHei\u00dfer Kr\u00e4utertee zur Rehydrierung von Fl\u00fcssigkeiten\nMittag- oder Abendessen auf der Panoramaterrasse des Restaurants","_et_gb_content_width":""},"product_brand":[],"product_cat":[192,129],"product_tag":[],"class_list":{"0":"post-24707","1":"product","2":"type-product","3":"status-publish","4":"has-post-thumbnail","6":"product_cat-die-hohle","7":"product_cat-chianti-entspannung","9":"first","10":"instock","11":"sale","12":"downloadable","13":"shipping-taxable","14":"purchasable","15":"product-type-simple"},"yoast_head":"<!-- This site is optimized with the Yoast SEO plugin v27.5 - https:\/\/yoast.com\/product\/yoast-seo-wordpress\/ -->\n<title>Detox in Villa - Gutschein Villa di Sotto<\/title>\n<meta name=\"description\" content=\"Gutschein Detox in der Villa mit \u00dcbernachtung, Die H\u00f6hle exklusive Nutzung f\u00fcr 2 Stunden, Mittag- oder Abendessen (nur mit Reservierung) Eine \u00dcbernachtung in einem Zimmer...\" \/>\n<meta name=\"robots\" content=\"index, follow, max-snippet:-1, max-image-preview:large, max-video-preview:-1\" \/>\n<link rel=\"canonical\" href=\"https:\/\/www.villadisotto.it\/de\/prodotto\/detox-in-der-villa\/\" \/>\n<meta property=\"og:locale\" content=\"de_DE\" \/>\n<meta property=\"og:type\" content=\"article\" \/>\n<meta property=\"og:title\" content=\"Detox in Villa - Gutschein Villa di Sotto\" \/>\n<meta property=\"og:description\" content=\"Gutschein Detox in der Villa mit \u00dcbernachtung, Die H\u00f6hle exklusive Nutzung f\u00fcr 2 Stunden, Mittag- oder Abendessen (nur mit Reservierung) Eine \u00dcbernachtung in einem Zimmer...\" \/>\n<meta property=\"og:url\" content=\"https:\/\/www.villadisotto.it\/de\/prodotto\/detox-in-der-villa\/\" \/>\n<meta property=\"og:site_name\" content=\"Villa di Sotto\" \/>\n<meta property=\"article:modified_time\" content=\"2026-04-28T10:47:31+00:00\" \/>\n<meta property=\"og:image\" content=\"https:\/\/www.villadisotto.it\/wp-content\/uploads\/2022\/09\/detox-in-villa-1.jpg\" \/>\n\t<meta property=\"og:image:width\" content=\"1000\" \/>\n\t<meta property=\"og:image:height\" content=\"1000\" \/>\n\t<meta property=\"og:image:type\" content=\"image\/jpeg\" \/>\n<meta name=\"twitter:card\" content=\"summary_large_image\" \/>\n<meta name=\"twitter:label1\" content=\"Gesch\u00e4tzte Lesezeit\" \/>\n\t<meta name=\"twitter:data1\" content=\"3\u00a0Minuten\" \/>\n<script type=\"application\/ld+json\" class=\"yoast-schema-graph\">{\"@context\":\"https:\\\/\\\/schema.org\",\"@graph\":[{\"@type\":\"WebPage\",\"@id\":\"https:\\\/\\\/www.villadisotto.it\\\/de\\\/prodotto\\\/detox-in-der-villa\\\/\",\"url\":\"https:\\\/\\\/www.villadisotto.it\\\/de\\\/prodotto\\\/detox-in-der-villa\\\/\",\"name\":\"Detox in Villa - Gutschein Villa di Sotto\",\"isPartOf\":{\"@id\":\"https:\\\/\\\/www.villadisotto.it\\\/#website\"},\"primaryImageOfPage\":{\"@id\":\"https:\\\/\\\/www.villadisotto.it\\\/de\\\/prodotto\\\/detox-in-der-villa\\\/#primaryimage\"},\"image\":{\"@id\":\"https:\\\/\\\/www.villadisotto.it\\\/de\\\/prodotto\\\/detox-in-der-villa\\\/#primaryimage\"},\"thumbnailUrl\":\"https:\\\/\\\/www.villadisotto.it\\\/wp-content\\\/uploads\\\/2022\\\/09\\\/detox-in-villa-1.jpg\",\"datePublished\":\"2022-09-19T14:40:55+00:00\",\"dateModified\":\"2026-04-28T10:47:31+00:00\",\"description\":\"Gutschein Detox in der Villa mit \u00dcbernachtung, Die H\u00f6hle exklusive Nutzung f\u00fcr 2 Stunden, Mittag- oder Abendessen (nur mit Reservierung) Eine \u00dcbernachtung in einem Zimmer...\",\"breadcrumb\":{\"@id\":\"https:\\\/\\\/www.villadisotto.it\\\/de\\\/prodotto\\\/detox-in-der-villa\\\/#breadcrumb\"},\"inLanguage\":\"de\",\"potentialAction\":[{\"@type\":\"ReadAction\",\"target\":[\"https:\\\/\\\/www.villadisotto.it\\\/de\\\/prodotto\\\/detox-in-der-villa\\\/\"]}]},{\"@type\":\"ImageObject\",\"inLanguage\":\"de\",\"@id\":\"https:\\\/\\\/www.villadisotto.it\\\/de\\\/prodotto\\\/detox-in-der-villa\\\/#primaryimage\",\"url\":\"https:\\\/\\\/www.villadisotto.it\\\/wp-content\\\/uploads\\\/2022\\\/09\\\/detox-in-villa-1.jpg\",\"contentUrl\":\"https:\\\/\\\/www.villadisotto.it\\\/wp-content\\\/uploads\\\/2022\\\/09\\\/detox-in-villa-1.jpg\",\"width\":1000,\"height\":1000},{\"@type\":\"BreadcrumbList\",\"@id\":\"https:\\\/\\\/www.villadisotto.it\\\/de\\\/prodotto\\\/detox-in-der-villa\\\/#breadcrumb\",\"itemListElement\":[{\"@type\":\"ListItem\",\"position\":1,\"name\":\"Home\",\"item\":\"https:\\\/\\\/www.villadisotto.it\\\/\"},{\"@type\":\"ListItem\",\"position\":2,\"name\":\"Privat: Shop\",\"item\":\"https:\\\/\\\/www.villadisotto.it\\\/?page_id=12711\"},{\"@type\":\"ListItem\",\"position\":3,\"name\":\"Detox in der Villa\"}]},{\"@type\":\"WebSite\",\"@id\":\"https:\\\/\\\/www.villadisotto.it\\\/#website\",\"url\":\"https:\\\/\\\/www.villadisotto.it\\\/\",\"name\":\"Villa di Sotto\",\"description\":\"Il cuore del Chianti\",\"potentialAction\":[{\"@type\":\"SearchAction\",\"target\":{\"@type\":\"EntryPoint\",\"urlTemplate\":\"https:\\\/\\\/www.villadisotto.it\\\/?s={search_term_string}\"},\"query-input\":{\"@type\":\"PropertyValueSpecification\",\"valueRequired\":true,\"valueName\":\"search_term_string\"}}],\"inLanguage\":\"de\"}]}<\/script>\n<!-- \/ Yoast SEO plugin. -->","yoast_head_json":{"title":"Detox in Villa - Gutschein Villa di Sotto","description":"Gutschein Detox in der Villa mit \u00dcbernachtung, Die H\u00f6hle exklusive Nutzung f\u00fcr 2 Stunden, Mittag- oder Abendessen (nur mit Reservierung) Eine \u00dcbernachtung in einem Zimmer...","robots":{"index":"index","follow":"follow","max-snippet":"max-snippet:-1","max-image-preview":"max-image-preview:large","max-video-preview":"max-video-preview:-1"},"canonical":"https:\/\/www.villadisotto.it\/de\/prodotto\/detox-in-der-villa\/","og_locale":"de_DE","og_type":"article","og_title":"Detox in Villa - Gutschein Villa di Sotto","og_description":"Gutschein Detox in der Villa mit \u00dcbernachtung, Die H\u00f6hle exklusive Nutzung f\u00fcr 2 Stunden, Mittag- oder Abendessen (nur mit Reservierung) Eine \u00dcbernachtung in einem Zimmer...","og_url":"https:\/\/www.villadisotto.it\/de\/prodotto\/detox-in-der-villa\/","og_site_name":"Villa di Sotto","article_modified_time":"2026-04-28T10:47:31+00:00","og_image":[{"width":1000,"height":1000,"url":"https:\/\/www.villadisotto.it\/wp-content\/uploads\/2022\/09\/detox-in-villa-1.jpg","type":"image\/jpeg"}],"twitter_card":"summary_large_image","twitter_misc":{"Gesch\u00e4tzte Lesezeit":"3\u00a0Minuten"},"schema":{"@context":"https:\/\/schema.org","@graph":[{"@type":"WebPage","@id":"https:\/\/www.villadisotto.it\/de\/prodotto\/detox-in-der-villa\/","url":"https:\/\/www.villadisotto.it\/de\/prodotto\/detox-in-der-villa\/","name":"Detox in Villa - Gutschein Villa di Sotto","isPartOf":{"@id":"https:\/\/www.villadisotto.it\/#website"},"primaryImageOfPage":{"@id":"https:\/\/www.villadisotto.it\/de\/prodotto\/detox-in-der-villa\/#primaryimage"},"image":{"@id":"https:\/\/www.villadisotto.it\/de\/prodotto\/detox-in-der-villa\/#primaryimage"},"thumbnailUrl":"https:\/\/www.villadisotto.it\/wp-content\/uploads\/2022\/09\/detox-in-villa-1.jpg","datePublished":"2022-09-19T14:40:55+00:00","dateModified":"2026-04-28T10:47:31+00:00","description":"Gutschein Detox in der Villa mit \u00dcbernachtung, Die H\u00f6hle exklusive Nutzung f\u00fcr 2 Stunden, Mittag- oder Abendessen (nur mit Reservierung) Eine \u00dcbernachtung in einem Zimmer...","breadcrumb":{"@id":"https:\/\/www.villadisotto.it\/de\/prodotto\/detox-in-der-villa\/#breadcrumb"},"inLanguage":"de","potentialAction":[{"@type":"ReadAction","target":["https:\/\/www.villadisotto.it\/de\/prodotto\/detox-in-der-villa\/"]}]},{"@type":"ImageObject","inLanguage":"de","@id":"https:\/\/www.villadisotto.it\/de\/prodotto\/detox-in-der-villa\/#primaryimage","url":"https:\/\/www.villadisotto.it\/wp-content\/uploads\/2022\/09\/detox-in-villa-1.jpg","contentUrl":"https:\/\/www.villadisotto.it\/wp-content\/uploads\/2022\/09\/detox-in-villa-1.jpg","width":1000,"height":1000},{"@type":"BreadcrumbList","@id":"https:\/\/www.villadisotto.it\/de\/prodotto\/detox-in-der-villa\/#breadcrumb","itemListElement":[{"@type":"ListItem","position":1,"name":"Home","item":"https:\/\/www.villadisotto.it\/"},{"@type":"ListItem","position":2,"name":"Privat: Shop","item":"https:\/\/www.villadisotto.it\/?page_id=12711"},{"@type":"ListItem","position":3,"name":"Detox in der Villa"}]},{"@type":"WebSite","@id":"https:\/\/www.villadisotto.it\/#website","url":"https:\/\/www.villadisotto.it\/","name":"Villa di Sotto","description":"Il cuore del Chianti","potentialAction":[{"@type":"SearchAction","target":{"@type":"EntryPoint","urlTemplate":"https:\/\/www.villadisotto.it\/?s={search_term_string}"},"query-input":{"@type":"PropertyValueSpecification","valueRequired":true,"valueName":"search_term_string"}}],"inLanguage":"de"}]}},"_links":{"self":[{"href":"https:\/\/www.villadisotto.it\/de\/wp-json\/wp\/v2\/product\/24707","targetHints":{"allow":["GET"]}}],"collection":[{"href":"https:\/\/www.villadisotto.it\/de\/wp-json\/wp\/v2\/product"}],"about":[{"href":"https:\/\/www.villadisotto.it\/de\/wp-json\/wp\/v2\/types\/product"}],"replies":[{"embeddable":true,"href":"https:\/\/www.villadisotto.it\/de\/wp-json\/wp\/v2\/comments?post=24707"}],"wp:featuredmedia":[{"embeddable":true,"href":"https:\/\/www.villadisotto.it\/de\/wp-json\/wp\/v2\/media\/31131"}],"wp:attachment":[{"href":"https:\/\/www.villadisotto.it\/de\/wp-json\/wp\/v2\/media?parent=24707"}],"wp:term":[{"taxonomy":"product_brand","embeddable":true,"href":"https:\/\/www.villadisotto.it\/de\/wp-json\/wp\/v2\/product_brand?post=24707"},{"taxonomy":"product_cat","embeddable":true,"href":"https:\/\/www.villadisotto.it\/de\/wp-json\/wp\/v2\/product_cat?post=24707"},{"taxonomy":"product_tag","embeddable":true,"href":"https:\/\/www.villadisotto.it\/de\/wp-json\/wp\/v2\/product_tag?post=24707"}],"curies":[{"name":"wp","href":"https:\/\/api.w.org\/{rel}","templated":true}]}}