{"id":18264,"date":"2021-09-11T15:52:14","date_gmt":"2021-09-11T13:52:14","guid":{"rendered":"https:\/\/www.villadisotto.it\/?post_type=product&#038;p=18264"},"modified":"2024-01-31T17:35:08","modified_gmt":"2024-01-31T16:35:08","slug":"insel-x2","status":"publish","type":"product","link":"https:\/\/www.villadisotto.it\/de\/prodotto\/insel-x2\/","title":{"rendered":"Insel X2"},"content":{"rendered":"<p>[et_pb_section fb_built=\"1\" _builder_version=\"4.16\" custom_padding=\"0px||||false|false\" global_colors_info=\"{}\"][et_pb_row _builder_version=\"4.16\" background_size=\"initial\" background_position=\"top_left\" background_repeat=\"repeat\" width=\"100%\" custom_padding=\"0px||0px||false|false\" global_colors_info=\"{}\"][et_pb_column type=\"4_4\" _builder_version=\"4.16\" custom_padding=\"|||\" global_colors_info=\"{}\" custom_padding__hover=\"|||\"][et_pb_wc_breadcrumb _builder_version=\"4.16\" global_colors_info=\"{}\"][\/et_pb_wc_breadcrumb][et_pb_wc_cart_notice _builder_version=\"4.16\" global_colors_info=\"{}\"][\/et_pb_wc_cart_notice][\/et_pb_column][\/et_pb_row][et_pb_row column_structure=\"1_2,1_2\" _builder_version=\"4.16\" background_size=\"initial\" background_position=\"top_left\" background_repeat=\"repeat\" width=\"100%\" custom_padding=\"0px||||false|false\" global_colors_info=\"{}\"][et_pb_column type=\"1_2\" _builder_version=\"4.16\" custom_padding=\"|||\" global_colors_info=\"{}\" custom_padding__hover=\"|||\"][et_pb_wc_images _builder_version=\"4.16\" global_colors_info=\"{}\"][\/et_pb_wc_images][\/et_pb_column][et_pb_column type=\"1_2\" _builder_version=\"4.16\" custom_padding=\"|||\" global_colors_info=\"{}\" custom_padding__hover=\"|||\"][et_pb_wc_title _builder_version=\"4.16\" header_font=\"|600|||||||\" global_colors_info=\"{}\"][\/et_pb_wc_title][et_pb_wc_rating _builder_version=\"4.16\" global_colors_info=\"{}\"][\/et_pb_wc_rating][et_pb_wc_price _builder_version=\"4.16\" body_font=\"|600|on||||||\" body_text_color=\"#515151\" global_colors_info=\"{}\"][\/et_pb_wc_price][et_pb_wc_description _builder_version=\"4.16\" body_font=\"||||||||\" header_3_font=\"|600|||||||\" header_3_line_height=\"1.2em\" global_colors_info=\"{}\"][\/et_pb_wc_description][et_pb_wc_add_to_cart _builder_version=\"4.16\" custom_button=\"on\" button_text_size=\"18px\" button_text_color=\"#FFFFFF\" button_font=\"|600|||||||\" global_colors_info=\"{}\"][\/et_pb_wc_add_to_cart][et_pb_wc_meta _builder_version=\"4.16\" global_colors_info=\"{}\"][\/et_pb_wc_meta][\/et_pb_column][\/et_pb_row][et_pb_row _builder_version=\"4.14.5\" _module_preset=\"default\" global_module=\"21347\" global_colors_info=\"{}\"][et_pb_column type=\"4_4\" _builder_version=\"4.16\" _module_preset=\"default\" global_colors_info=\"{}\"][et_pb_button button_url=\"https:\/\/www.villadisotto.it\/de\/kontakt-villa-di-sotto\/\" button_text=\"Kontaktieren Sie uns f\u00fcr weitere Informationen\" button_alignment=\"center\" _builder_version=\"4.16\" _module_preset=\"default\" custom_button=\"on\" button_bg_color=\"#005b04\" button_font=\"|700|||||||\" global_colors_info=\"{}\"][\/et_pb_button][\/et_pb_column][\/et_pb_row][et_pb_row _builder_version=\"4.16\" background_size=\"initial\" background_position=\"top_left\" background_repeat=\"repeat\" width=\"100%\" global_colors_info=\"{}\"][et_pb_column type=\"4_4\" _builder_version=\"4.16\" custom_padding=\"|||\" global_colors_info=\"{}\" custom_padding__hover=\"|||\"][et_pb_wc_tabs disabled_on=\"on|on|on\" _builder_version=\"4.16\" disabled global_colors_info=\"{}\"] [\/et_pb_wc_tabs][et_pb_wc_upsells _builder_version=\"4.16\" global_colors_info=\"{}\"][\/et_pb_wc_upsells][\/et_pb_column][\/et_pb_row][\/et_pb_section]<\/p>\n","protected":false},"excerpt":{"rendered":"<h3>Gutschein Wellness-Insel exklusive Nutzung f\u00fcr 2 Stunden<br \/>\n<em>(nur mit Reservierung)<\/em><\/h3>\n<p><strong>Au\u00dfen-Jacuzzi in der N\u00e4he des Olivenhains <\/strong>mit Panoramablick<\/p>\n<ul>\n<li>Liegest\u00fchle und Sonnenschirme<\/li>\n<li>Bad\/Dusche<\/li>\n<li>Verleih von Handt\u00fcchern und\/oder Badem\u00e4nteln auf Anfrage und gegen Aufpreis<\/li>\n<li>kostenloses WiFi<\/li>\n<\/ul>\n<blockquote><p>Der Preis ist f\u00fcr 2 Personen.<br \/>\nDrucken Sie Ihren Gutschein, den Sie per E-Mail erhalten, aus oder zeigen Sie ihn bei Ankunft auf Ihrem Smartphone vor.<\/p><\/blockquote>\n<p><em>G\u00fcltig f\u00fcr 1 Jahr ab dem Kaufdatum.<\/em><\/p>\n","protected":false},"featured_media":19277,"comment_status":"closed","ping_status":"closed","template":"","meta":{"_et_pb_use_builder":"on","_et_pb_old_content":"","_et_gb_content_width":""},"product_brand":[],"product_cat":[196],"product_tag":[],"class_list":{"0":"post-18264","1":"product","2":"type-product","3":"status-publish","4":"has-post-thumbnail","6":"product_cat-senza-categoria-de","8":"first","9":"instock","10":"downloadable","11":"virtual","12":"purchasable","13":"product-type-simple"},"yoast_head":"<!-- This site is optimized with the Yoast SEO plugin v27.2 - https:\/\/yoast.com\/product\/yoast-seo-wordpress\/ -->\n<title>Insel X2 - Bed and Breakfast Villa di Sotto, 20 km von Siena entfernt<\/title>\n<meta name=\"description\" content=\"Insel X2 | Gutschein Wellness-Insel exklusive Nutzung f\u00fcr 2 Stunden nur mit Reservierung | Au\u00dfen-Jacuzzi in der N\u00e4he des Olivenhains mit...\" \/>\n<meta name=\"robots\" content=\"index, follow, max-snippet:-1, max-image-preview:large, max-video-preview:-1\" \/>\n<link rel=\"canonical\" href=\"https:\/\/www.villadisotto.it\/de\/prodotto\/insel-x2\/\" \/>\n<meta property=\"og:locale\" content=\"de_DE\" \/>\n<meta property=\"og:type\" content=\"article\" \/>\n<meta property=\"og:title\" content=\"Insel X2 - Bed and Breakfast Villa di Sotto, 20 km von Siena entfernt\" \/>\n<meta property=\"og:description\" content=\"Insel X2 | Gutschein Wellness-Insel exklusive Nutzung f\u00fcr 2 Stunden nur mit Reservierung | Au\u00dfen-Jacuzzi in der N\u00e4he des Olivenhains mit...\" \/>\n<meta property=\"og:url\" content=\"https:\/\/www.villadisotto.it\/de\/prodotto\/insel-x2\/\" \/>\n<meta property=\"og:site_name\" content=\"Villa di Sotto\" \/>\n<meta property=\"article:modified_time\" content=\"2024-01-31T16:35:08+00:00\" \/>\n<meta property=\"og:image\" content=\"https:\/\/www.villadisotto.it\/wp-content\/uploads\/2021\/10\/VOUCHER-PERSONALIZZATI-ISOLA-COPERTINA-1-1.png\" \/>\n\t<meta property=\"og:image:width\" content=\"1080\" \/>\n\t<meta property=\"og:image:height\" content=\"1080\" \/>\n\t<meta property=\"og:image:type\" content=\"image\/png\" \/>\n<meta name=\"twitter:card\" content=\"summary_large_image\" \/>\n<meta name=\"twitter:label1\" content=\"Gesch\u00e4tzte Lesezeit\" \/>\n\t<meta name=\"twitter:data1\" content=\"2\u00a0Minuten\" \/>\n<script type=\"application\/ld+json\" class=\"yoast-schema-graph\">{\"@context\":\"https:\/\/schema.org\",\"@graph\":[{\"@type\":\"WebPage\",\"@id\":\"https:\/\/www.villadisotto.it\/de\/prodotto\/insel-x2\/\",\"url\":\"https:\/\/www.villadisotto.it\/de\/prodotto\/insel-x2\/\",\"name\":\"Insel X2 - Bed and Breakfast Villa di Sotto, 20 km von Siena entfernt\",\"isPartOf\":{\"@id\":\"https:\/\/www.villadisotto.it\/#website\"},\"primaryImageOfPage\":{\"@id\":\"https:\/\/www.villadisotto.it\/de\/prodotto\/insel-x2\/#primaryimage\"},\"image\":{\"@id\":\"https:\/\/www.villadisotto.it\/de\/prodotto\/insel-x2\/#primaryimage\"},\"thumbnailUrl\":\"https:\/\/www.villadisotto.it\/wp-content\/uploads\/2021\/10\/VOUCHER-PERSONALIZZATI-ISOLA-COPERTINA-1-1.png\",\"datePublished\":\"2021-09-11T13:52:14+00:00\",\"dateModified\":\"2024-01-31T16:35:08+00:00\",\"description\":\"Insel X2 | Gutschein Wellness-Insel exklusive Nutzung f\u00fcr 2 Stunden nur mit Reservierung | Au\u00dfen-Jacuzzi in der N\u00e4he des Olivenhains mit...\",\"breadcrumb\":{\"@id\":\"https:\/\/www.villadisotto.it\/de\/prodotto\/insel-x2\/#breadcrumb\"},\"inLanguage\":\"de\",\"potentialAction\":[{\"@type\":\"ReadAction\",\"target\":[\"https:\/\/www.villadisotto.it\/de\/prodotto\/insel-x2\/\"]}]},{\"@type\":\"ImageObject\",\"inLanguage\":\"de\",\"@id\":\"https:\/\/www.villadisotto.it\/de\/prodotto\/insel-x2\/#primaryimage\",\"url\":\"https:\/\/www.villadisotto.it\/wp-content\/uploads\/2021\/10\/VOUCHER-PERSONALIZZATI-ISOLA-COPERTINA-1-1.png\",\"contentUrl\":\"https:\/\/www.villadisotto.it\/wp-content\/uploads\/2021\/10\/VOUCHER-PERSONALIZZATI-ISOLA-COPERTINA-1-1.png\",\"width\":1080,\"height\":1080,\"caption\":\"Wellness-Insel - Villa di Sotto\"},{\"@type\":\"BreadcrumbList\",\"@id\":\"https:\/\/www.villadisotto.it\/de\/prodotto\/insel-x2\/#breadcrumb\",\"itemListElement\":[{\"@type\":\"ListItem\",\"position\":1,\"name\":\"Home\",\"item\":\"https:\/\/www.villadisotto.it\/\"},{\"@type\":\"ListItem\",\"position\":2,\"name\":\"Privat: Shop\",\"item\":\"https:\/\/www.villadisotto.it\/?page_id=12711\"},{\"@type\":\"ListItem\",\"position\":3,\"name\":\"Insel X2\"}]},{\"@type\":\"WebSite\",\"@id\":\"https:\/\/www.villadisotto.it\/#website\",\"url\":\"https:\/\/www.villadisotto.it\/\",\"name\":\"Villa di Sotto\",\"description\":\"Il cuore del Chianti\",\"potentialAction\":[{\"@type\":\"SearchAction\",\"target\":{\"@type\":\"EntryPoint\",\"urlTemplate\":\"https:\/\/www.villadisotto.it\/?s={search_term_string}\"},\"query-input\":{\"@type\":\"PropertyValueSpecification\",\"valueRequired\":true,\"valueName\":\"search_term_string\"}}],\"inLanguage\":\"de\"}]}<\/script>\n<!-- \/ Yoast SEO plugin. -->","yoast_head_json":{"title":"Insel X2 - Bed and Breakfast Villa di Sotto, 20 km von Siena entfernt","description":"Insel X2 | Gutschein Wellness-Insel exklusive Nutzung f\u00fcr 2 Stunden nur mit Reservierung | Au\u00dfen-Jacuzzi in der N\u00e4he des Olivenhains mit...","robots":{"index":"index","follow":"follow","max-snippet":"max-snippet:-1","max-image-preview":"max-image-preview:large","max-video-preview":"max-video-preview:-1"},"canonical":"https:\/\/www.villadisotto.it\/de\/prodotto\/insel-x2\/","og_locale":"de_DE","og_type":"article","og_title":"Insel X2 - Bed and Breakfast Villa di Sotto, 20 km von Siena entfernt","og_description":"Insel X2 | Gutschein Wellness-Insel exklusive Nutzung f\u00fcr 2 Stunden nur mit Reservierung | Au\u00dfen-Jacuzzi in der N\u00e4he des Olivenhains mit...","og_url":"https:\/\/www.villadisotto.it\/de\/prodotto\/insel-x2\/","og_site_name":"Villa di Sotto","article_modified_time":"2024-01-31T16:35:08+00:00","og_image":[{"width":1080,"height":1080,"url":"https:\/\/www.villadisotto.it\/wp-content\/uploads\/2021\/10\/VOUCHER-PERSONALIZZATI-ISOLA-COPERTINA-1-1.png","type":"image\/png"}],"twitter_card":"summary_large_image","twitter_misc":{"Gesch\u00e4tzte Lesezeit":"2\u00a0Minuten"},"schema":{"@context":"https:\/\/schema.org","@graph":[{"@type":"WebPage","@id":"https:\/\/www.villadisotto.it\/de\/prodotto\/insel-x2\/","url":"https:\/\/www.villadisotto.it\/de\/prodotto\/insel-x2\/","name":"Insel X2 - Bed and Breakfast Villa di Sotto, 20 km von Siena entfernt","isPartOf":{"@id":"https:\/\/www.villadisotto.it\/#website"},"primaryImageOfPage":{"@id":"https:\/\/www.villadisotto.it\/de\/prodotto\/insel-x2\/#primaryimage"},"image":{"@id":"https:\/\/www.villadisotto.it\/de\/prodotto\/insel-x2\/#primaryimage"},"thumbnailUrl":"https:\/\/www.villadisotto.it\/wp-content\/uploads\/2021\/10\/VOUCHER-PERSONALIZZATI-ISOLA-COPERTINA-1-1.png","datePublished":"2021-09-11T13:52:14+00:00","dateModified":"2024-01-31T16:35:08+00:00","description":"Insel X2 | Gutschein Wellness-Insel exklusive Nutzung f\u00fcr 2 Stunden nur mit Reservierung | Au\u00dfen-Jacuzzi in der N\u00e4he des Olivenhains mit...","breadcrumb":{"@id":"https:\/\/www.villadisotto.it\/de\/prodotto\/insel-x2\/#breadcrumb"},"inLanguage":"de","potentialAction":[{"@type":"ReadAction","target":["https:\/\/www.villadisotto.it\/de\/prodotto\/insel-x2\/"]}]},{"@type":"ImageObject","inLanguage":"de","@id":"https:\/\/www.villadisotto.it\/de\/prodotto\/insel-x2\/#primaryimage","url":"https:\/\/www.villadisotto.it\/wp-content\/uploads\/2021\/10\/VOUCHER-PERSONALIZZATI-ISOLA-COPERTINA-1-1.png","contentUrl":"https:\/\/www.villadisotto.it\/wp-content\/uploads\/2021\/10\/VOUCHER-PERSONALIZZATI-ISOLA-COPERTINA-1-1.png","width":1080,"height":1080,"caption":"Wellness-Insel - Villa di Sotto"},{"@type":"BreadcrumbList","@id":"https:\/\/www.villadisotto.it\/de\/prodotto\/insel-x2\/#breadcrumb","itemListElement":[{"@type":"ListItem","position":1,"name":"Home","item":"https:\/\/www.villadisotto.it\/"},{"@type":"ListItem","position":2,"name":"Privat: Shop","item":"https:\/\/www.villadisotto.it\/?page_id=12711"},{"@type":"ListItem","position":3,"name":"Insel X2"}]},{"@type":"WebSite","@id":"https:\/\/www.villadisotto.it\/#website","url":"https:\/\/www.villadisotto.it\/","name":"Villa di Sotto","description":"Il cuore del Chianti","potentialAction":[{"@type":"SearchAction","target":{"@type":"EntryPoint","urlTemplate":"https:\/\/www.villadisotto.it\/?s={search_term_string}"},"query-input":{"@type":"PropertyValueSpecification","valueRequired":true,"valueName":"search_term_string"}}],"inLanguage":"de"}]}},"_links":{"self":[{"href":"https:\/\/www.villadisotto.it\/de\/wp-json\/wp\/v2\/product\/18264","targetHints":{"allow":["GET"]}}],"collection":[{"href":"https:\/\/www.villadisotto.it\/de\/wp-json\/wp\/v2\/product"}],"about":[{"href":"https:\/\/www.villadisotto.it\/de\/wp-json\/wp\/v2\/types\/product"}],"replies":[{"embeddable":true,"href":"https:\/\/www.villadisotto.it\/de\/wp-json\/wp\/v2\/comments?post=18264"}],"wp:featuredmedia":[{"embeddable":true,"href":"https:\/\/www.villadisotto.it\/de\/wp-json\/wp\/v2\/media\/19277"}],"wp:attachment":[{"href":"https:\/\/www.villadisotto.it\/de\/wp-json\/wp\/v2\/media?parent=18264"}],"wp:term":[{"taxonomy":"product_brand","embeddable":true,"href":"https:\/\/www.villadisotto.it\/de\/wp-json\/wp\/v2\/product_brand?post=18264"},{"taxonomy":"product_cat","embeddable":true,"href":"https:\/\/www.villadisotto.it\/de\/wp-json\/wp\/v2\/product_cat?post=18264"},{"taxonomy":"product_tag","embeddable":true,"href":"https:\/\/www.villadisotto.it\/de\/wp-json\/wp\/v2\/product_tag?post=18264"}],"curies":[{"name":"wp","href":"https:\/\/api.w.org\/{rel}","templated":true}]}}