{"id":13913,"date":"2021-03-16T09:00:22","date_gmt":"2021-03-02T13:37:16","guid":{"rendered":"https:\/\/www.villadisotto.it\/prodotto\/chianti-geschmack\/"},"modified":"2024-02-29T10:22:17","modified_gmt":"2024-02-29T09:22:17","slug":"chianti-geschmack","status":"publish","type":"product","link":"https:\/\/www.villadisotto.it\/de\/prodotto\/chianti-geschmack\/","title":{"rendered":"Chianti Geschmack"},"content":{"rendered":"<p>[et_pb_section fb_built=\"1\" _builder_version=\"4.16\" custom_padding=\"0px||||false|false\" global_colors_info=\"{}\"][et_pb_row _builder_version=\"4.16\" background_size=\"initial\" background_position=\"top_left\" background_repeat=\"repeat\" width=\"100%\" custom_padding=\"0px||0px||false|false\" global_colors_info=\"{}\"][et_pb_column type=\"4_4\" _builder_version=\"4.16\" custom_padding=\"|||\" global_colors_info=\"{}\" custom_padding__hover=\"|||\"][et_pb_wc_breadcrumb _builder_version=\"4.16\" global_colors_info=\"{}\"][\/et_pb_wc_breadcrumb][et_pb_wc_cart_notice _builder_version=\"4.16\" global_colors_info=\"{}\"][\/et_pb_wc_cart_notice][\/et_pb_column][\/et_pb_row][et_pb_row column_structure=\"1_2,1_2\" _builder_version=\"4.16\" background_size=\"initial\" background_position=\"top_left\" background_repeat=\"repeat\" width=\"100%\" custom_padding=\"0px||||false|false\" global_colors_info=\"{}\"][et_pb_column type=\"1_2\" _builder_version=\"4.16\" custom_padding=\"|||\" global_colors_info=\"{}\" custom_padding__hover=\"|||\"][et_pb_wc_images _builder_version=\"4.16\" global_colors_info=\"{}\"][\/et_pb_wc_images][\/et_pb_column][et_pb_column type=\"1_2\" _builder_version=\"4.16\" custom_padding=\"|||\" global_colors_info=\"{}\" custom_padding__hover=\"|||\"][et_pb_wc_title _builder_version=\"4.16\" header_font=\"|600|||||||\" global_colors_info=\"{}\"][\/et_pb_wc_title][et_pb_wc_rating _builder_version=\"4.16\" global_colors_info=\"{}\"][\/et_pb_wc_rating][et_pb_wc_price _builder_version=\"4.16\" body_font=\"|600|on||||||\" body_text_color=\"#515151\" global_colors_info=\"{}\"][\/et_pb_wc_price][et_pb_wc_description _builder_version=\"4.16\" body_font=\"||||||||\" header_3_font=\"|600|||||||\" header_3_line_height=\"1.2em\" global_colors_info=\"{}\"][\/et_pb_wc_description][et_pb_wc_add_to_cart _builder_version=\"4.16\" custom_button=\"on\" button_text_size=\"18px\" button_text_color=\"#FFFFFF\" button_font=\"|600|||||||\" global_colors_info=\"{}\"][\/et_pb_wc_add_to_cart][et_pb_wc_meta _builder_version=\"4.16\" global_colors_info=\"{}\"][\/et_pb_wc_meta][\/et_pb_column][\/et_pb_row][et_pb_row _builder_version=\"4.16\" _module_preset=\"default\" global_colors_info=\"{}\"][et_pb_column type=\"4_4\" _builder_version=\"4.16\" _module_preset=\"default\" global_colors_info=\"{}\"][et_pb_button button_url=\"https:\/\/www.villadisotto.it\/de\/kontakt-villa-di-sotto\/\" button_text=\"Kontaktieren Sie uns f\u00fcr weitere Informationen\" button_alignment=\"center\" _builder_version=\"4.16\" _module_preset=\"default\" custom_button=\"on\" button_bg_color=\"#005b04\" button_font=\"|700|||||||\" global_colors_info=\"{}\"][\/et_pb_button][\/et_pb_column][\/et_pb_row][et_pb_row _builder_version=\"4.16\" background_size=\"initial\" background_position=\"top_left\" background_repeat=\"repeat\" width=\"100%\" global_colors_info=\"{}\"][et_pb_column type=\"4_4\" _builder_version=\"4.16\" custom_padding=\"|||\" global_colors_info=\"{}\" custom_padding__hover=\"|||\"][et_pb_wc_tabs disabled_on=\"on|on|on\" _builder_version=\"4.16\" global_colors_info=\"{}\"] [\/et_pb_wc_tabs][et_pb_wc_upsells _builder_version=\"4.16\" global_colors_info=\"{}\"][\/et_pb_wc_upsells][et_pb_wc_related_products _builder_version=\"4.16\" global_colors_info=\"{}\"][\/et_pb_wc_related_products][\/et_pb_column][\/et_pb_row][\/et_pb_section]<\/p>\n","protected":false},"excerpt":{"rendered":"<h3><strong>Weinprobe mit 2 Weinen<\/strong><br \/>\n(nur mit Reservierung)<\/h3>\n<p><strong>Sie k\u00f6nnen das Gebiet der Toskana durch ein einzigartiges Erlebnis in der Enoteca kennenlernen und erleben. Die Weinprobe beinhaltet sowohl einen Chianti Classico Wein als auch einen Chianti Classico Riserva Wein.<\/strong><\/p>\n<ul>\n<li>einen Ihnen gewidmeten Raum\/Enoteca<\/li>\n<li>ein Panoramablick auf die Olivenhaine und Weinberge des Chianti Classico<\/li>\n<li>Weinprobe mit Mittagessen: Gerichte gepaart mit ausgew\u00e4hlten Weinen<\/li>\n<li>kostenloses WiFi<\/li>\n<\/ul>\n<p><strong>W\u00e4hrend der Weinprobe werden gemischter Aufschnitt, K\u00e4se und Bruschetta mit extra nativem Oliven\u00f6l aus unserer Produktion serviert. <\/strong><\/p>\n<blockquote><p><strong>Der Preis ist f\u00fcr 2 Personen. F\u00fcr die dritte und vierte Person betr\u00e4gt der Aufpreis 30 \u20ac pro Person, zahlbar im Hotel.<\/strong><br \/>\nDie Zeiten und Tage der Verkostung werden bei der Buchung vereinbart.<br \/>\nDrucken Sie Ihren Gutschein, den Sie per E-Mail erhalten, aus oder zeigen Sie ihn bei Ankunft auf Ihrem Smartphone vor.<\/p><\/blockquote>\n<p><em>G\u00fcltig f\u00fcr 18 Monate ab dem Kaufdatum.<\/em><\/p>\n","protected":false},"featured_media":20763,"comment_status":"closed","ping_status":"closed","template":"","meta":{"_et_pb_use_builder":"on","_et_pb_old_content":"","_et_gb_content_width":""},"product_brand":[],"product_cat":[132],"product_tag":[],"class_list":{"0":"post-13913","1":"product","2":"type-product","3":"status-publish","4":"has-post-thumbnail","6":"product_cat-weinprobe","8":"first","9":"instock","10":"downloadable","11":"virtual","12":"purchasable","13":"product-type-simple"},"yoast_head":"<!-- This site is optimized with the Yoast SEO plugin v27.2 - https:\/\/yoast.com\/product\/yoast-seo-wordpress\/ -->\n<title>Chianti Geschmack - Bed and Breakfast Villa di Sotto in Chianti<\/title>\n<meta name=\"description\" content=\"Chianti Geschmack | Weinprobe mit 2 Weinen nur mit Reservierung | Sie k\u00f6nnen das Gebiet der Toskana...\" \/>\n<meta name=\"robots\" content=\"index, follow, max-snippet:-1, max-image-preview:large, max-video-preview:-1\" \/>\n<link rel=\"canonical\" href=\"https:\/\/www.villadisotto.it\/prodotto\/chianti-taste\/\" \/>\n<meta property=\"og:locale\" content=\"de_DE\" \/>\n<meta property=\"og:type\" content=\"article\" \/>\n<meta property=\"og:title\" content=\"Chianti Geschmack - Bed and Breakfast Villa di Sotto in Chianti\" \/>\n<meta property=\"og:description\" content=\"Chianti Geschmack | Weinprobe mit 2 Weinen nur mit Reservierung | Sie k\u00f6nnen das Gebiet der Toskana...\" \/>\n<meta property=\"og:url\" content=\"https:\/\/www.villadisotto.it\/prodotto\/chianti-taste\/\" \/>\n<meta property=\"og:site_name\" content=\"Villa di Sotto\" \/>\n<meta property=\"article:modified_time\" content=\"2024-02-29T09:22:17+00:00\" \/>\n<meta property=\"og:image\" content=\"https:\/\/www.villadisotto.it\/wp-content\/uploads\/2021\/03\/VdSC-2180.jpg\" \/>\n\t<meta property=\"og:image:width\" content=\"1800\" \/>\n\t<meta property=\"og:image:height\" content=\"1200\" \/>\n\t<meta property=\"og:image:type\" content=\"image\/jpeg\" \/>\n<meta name=\"twitter:card\" content=\"summary_large_image\" \/>\n<meta name=\"twitter:label1\" content=\"Gesch\u00e4tzte Lesezeit\" \/>\n\t<meta name=\"twitter:data1\" content=\"3\u00a0Minuten\" \/>\n<script type=\"application\/ld+json\" class=\"yoast-schema-graph\">{\"@context\":\"https:\/\/schema.org\",\"@graph\":[{\"@type\":\"WebPage\",\"@id\":\"https:\/\/www.villadisotto.it\/prodotto\/chianti-taste\/\",\"url\":\"https:\/\/www.villadisotto.it\/prodotto\/chianti-taste\/\",\"name\":\"Chianti Geschmack - Bed and Breakfast Villa di Sotto in Chianti\",\"isPartOf\":{\"@id\":\"https:\/\/www.villadisotto.it\/#website\"},\"primaryImageOfPage\":{\"@id\":\"https:\/\/www.villadisotto.it\/prodotto\/chianti-taste\/#primaryimage\"},\"image\":{\"@id\":\"https:\/\/www.villadisotto.it\/prodotto\/chianti-taste\/#primaryimage\"},\"thumbnailUrl\":\"https:\/\/www.villadisotto.it\/wp-content\/uploads\/2021\/03\/VdSC-2180.jpg\",\"datePublished\":\"2021-03-02T13:37:16+00:00\",\"dateModified\":\"2024-02-29T09:22:17+00:00\",\"description\":\"Chianti Geschmack | Weinprobe mit 2 Weinen nur mit Reservierung | Sie k\u00f6nnen das Gebiet der Toskana...\",\"breadcrumb\":{\"@id\":\"https:\/\/www.villadisotto.it\/prodotto\/chianti-taste\/#breadcrumb\"},\"inLanguage\":\"de\",\"potentialAction\":[{\"@type\":\"ReadAction\",\"target\":[\"https:\/\/www.villadisotto.it\/prodotto\/chianti-taste\/\"]}]},{\"@type\":\"ImageObject\",\"inLanguage\":\"de\",\"@id\":\"https:\/\/www.villadisotto.it\/prodotto\/chianti-taste\/#primaryimage\",\"url\":\"https:\/\/www.villadisotto.it\/wp-content\/uploads\/2021\/03\/VdSC-2180.jpg\",\"contentUrl\":\"https:\/\/www.villadisotto.it\/wp-content\/uploads\/2021\/03\/VdSC-2180.jpg\",\"width\":1800,\"height\":1200,\"caption\":\"Restaurant Enoteca - Villa di Sotto\"},{\"@type\":\"BreadcrumbList\",\"@id\":\"https:\/\/www.villadisotto.it\/prodotto\/chianti-taste\/#breadcrumb\",\"itemListElement\":[{\"@type\":\"ListItem\",\"position\":1,\"name\":\"Home\",\"item\":\"https:\/\/www.villadisotto.it\/\"},{\"@type\":\"ListItem\",\"position\":2,\"name\":\"Privat: Shop\",\"item\":\"https:\/\/www.villadisotto.it\/?page_id=12711\"},{\"@type\":\"ListItem\",\"position\":3,\"name\":\"Chianti Geschmack\"}]},{\"@type\":\"WebSite\",\"@id\":\"https:\/\/www.villadisotto.it\/#website\",\"url\":\"https:\/\/www.villadisotto.it\/\",\"name\":\"Villa di Sotto\",\"description\":\"Il cuore del Chianti\",\"potentialAction\":[{\"@type\":\"SearchAction\",\"target\":{\"@type\":\"EntryPoint\",\"urlTemplate\":\"https:\/\/www.villadisotto.it\/?s={search_term_string}\"},\"query-input\":{\"@type\":\"PropertyValueSpecification\",\"valueRequired\":true,\"valueName\":\"search_term_string\"}}],\"inLanguage\":\"de\"}]}<\/script>\n<!-- \/ Yoast SEO plugin. -->","yoast_head_json":{"title":"Chianti Geschmack - Bed and Breakfast Villa di Sotto in Chianti","description":"Chianti Geschmack | Weinprobe mit 2 Weinen nur mit Reservierung | Sie k\u00f6nnen das Gebiet der Toskana...","robots":{"index":"index","follow":"follow","max-snippet":"max-snippet:-1","max-image-preview":"max-image-preview:large","max-video-preview":"max-video-preview:-1"},"canonical":"https:\/\/www.villadisotto.it\/prodotto\/chianti-taste\/","og_locale":"de_DE","og_type":"article","og_title":"Chianti Geschmack - Bed and Breakfast Villa di Sotto in Chianti","og_description":"Chianti Geschmack | Weinprobe mit 2 Weinen nur mit Reservierung | Sie k\u00f6nnen das Gebiet der Toskana...","og_url":"https:\/\/www.villadisotto.it\/prodotto\/chianti-taste\/","og_site_name":"Villa di Sotto","article_modified_time":"2024-02-29T09:22:17+00:00","og_image":[{"width":1800,"height":1200,"url":"https:\/\/www.villadisotto.it\/wp-content\/uploads\/2021\/03\/VdSC-2180.jpg","type":"image\/jpeg"}],"twitter_card":"summary_large_image","twitter_misc":{"Gesch\u00e4tzte Lesezeit":"3\u00a0Minuten"},"schema":{"@context":"https:\/\/schema.org","@graph":[{"@type":"WebPage","@id":"https:\/\/www.villadisotto.it\/prodotto\/chianti-taste\/","url":"https:\/\/www.villadisotto.it\/prodotto\/chianti-taste\/","name":"Chianti Geschmack - Bed and Breakfast Villa di Sotto in Chianti","isPartOf":{"@id":"https:\/\/www.villadisotto.it\/#website"},"primaryImageOfPage":{"@id":"https:\/\/www.villadisotto.it\/prodotto\/chianti-taste\/#primaryimage"},"image":{"@id":"https:\/\/www.villadisotto.it\/prodotto\/chianti-taste\/#primaryimage"},"thumbnailUrl":"https:\/\/www.villadisotto.it\/wp-content\/uploads\/2021\/03\/VdSC-2180.jpg","datePublished":"2021-03-02T13:37:16+00:00","dateModified":"2024-02-29T09:22:17+00:00","description":"Chianti Geschmack | Weinprobe mit 2 Weinen nur mit Reservierung | Sie k\u00f6nnen das Gebiet der Toskana...","breadcrumb":{"@id":"https:\/\/www.villadisotto.it\/prodotto\/chianti-taste\/#breadcrumb"},"inLanguage":"de","potentialAction":[{"@type":"ReadAction","target":["https:\/\/www.villadisotto.it\/prodotto\/chianti-taste\/"]}]},{"@type":"ImageObject","inLanguage":"de","@id":"https:\/\/www.villadisotto.it\/prodotto\/chianti-taste\/#primaryimage","url":"https:\/\/www.villadisotto.it\/wp-content\/uploads\/2021\/03\/VdSC-2180.jpg","contentUrl":"https:\/\/www.villadisotto.it\/wp-content\/uploads\/2021\/03\/VdSC-2180.jpg","width":1800,"height":1200,"caption":"Restaurant Enoteca - Villa di Sotto"},{"@type":"BreadcrumbList","@id":"https:\/\/www.villadisotto.it\/prodotto\/chianti-taste\/#breadcrumb","itemListElement":[{"@type":"ListItem","position":1,"name":"Home","item":"https:\/\/www.villadisotto.it\/"},{"@type":"ListItem","position":2,"name":"Privat: Shop","item":"https:\/\/www.villadisotto.it\/?page_id=12711"},{"@type":"ListItem","position":3,"name":"Chianti Geschmack"}]},{"@type":"WebSite","@id":"https:\/\/www.villadisotto.it\/#website","url":"https:\/\/www.villadisotto.it\/","name":"Villa di Sotto","description":"Il cuore del Chianti","potentialAction":[{"@type":"SearchAction","target":{"@type":"EntryPoint","urlTemplate":"https:\/\/www.villadisotto.it\/?s={search_term_string}"},"query-input":{"@type":"PropertyValueSpecification","valueRequired":true,"valueName":"search_term_string"}}],"inLanguage":"de"}]}},"_links":{"self":[{"href":"https:\/\/www.villadisotto.it\/de\/wp-json\/wp\/v2\/product\/13913","targetHints":{"allow":["GET"]}}],"collection":[{"href":"https:\/\/www.villadisotto.it\/de\/wp-json\/wp\/v2\/product"}],"about":[{"href":"https:\/\/www.villadisotto.it\/de\/wp-json\/wp\/v2\/types\/product"}],"replies":[{"embeddable":true,"href":"https:\/\/www.villadisotto.it\/de\/wp-json\/wp\/v2\/comments?post=13913"}],"wp:featuredmedia":[{"embeddable":true,"href":"https:\/\/www.villadisotto.it\/de\/wp-json\/wp\/v2\/media\/20763"}],"wp:attachment":[{"href":"https:\/\/www.villadisotto.it\/de\/wp-json\/wp\/v2\/media?parent=13913"}],"wp:term":[{"taxonomy":"product_brand","embeddable":true,"href":"https:\/\/www.villadisotto.it\/de\/wp-json\/wp\/v2\/product_brand?post=13913"},{"taxonomy":"product_cat","embeddable":true,"href":"https:\/\/www.villadisotto.it\/de\/wp-json\/wp\/v2\/product_cat?post=13913"},{"taxonomy":"product_tag","embeddable":true,"href":"https:\/\/www.villadisotto.it\/de\/wp-json\/wp\/v2\/product_tag?post=13913"}],"curies":[{"name":"wp","href":"https:\/\/api.w.org\/{rel}","templated":true}]}}