{"id":13891,"date":"2021-03-01T10:00:39","date_gmt":"2021-03-01T09:00:39","guid":{"rendered":"https:\/\/www.villadisotto.it\/prodotto\/entspannung-zuerst\/"},"modified":"2025-12-23T12:11:31","modified_gmt":"2025-12-23T11:11:31","slug":"entspannung-zuerst","status":"publish","type":"product","link":"https:\/\/www.villadisotto.it\/de\/prodotto\/entspannung-zuerst\/","title":{"rendered":"Entspannung zuerst"},"content":{"rendered":"<p>[et_pb_section fb_built=\"1\" _builder_version=\"4.16\" custom_padding=\"0px||||false|false\" global_colors_info=\"{}\"][et_pb_row _builder_version=\"4.16\" background_size=\"initial\" background_position=\"top_left\" background_repeat=\"repeat\" width=\"100%\" custom_padding=\"0px||0px||false|false\" global_colors_info=\"{}\"][et_pb_column type=\"4_4\" _builder_version=\"4.16\" custom_padding=\"|||\" global_colors_info=\"{}\" custom_padding__hover=\"|||\"][et_pb_wc_breadcrumb _builder_version=\"4.16\" global_colors_info=\"{}\"][\/et_pb_wc_breadcrumb][et_pb_wc_cart_notice _builder_version=\"4.16\" global_colors_info=\"{}\"][\/et_pb_wc_cart_notice][\/et_pb_column][\/et_pb_row][et_pb_row column_structure=\"1_2,1_2\" _builder_version=\"4.16\" background_size=\"initial\" background_position=\"top_left\" background_repeat=\"repeat\" width=\"100%\" custom_padding=\"0px||||false|false\" global_colors_info=\"{}\"][et_pb_column type=\"1_2\" _builder_version=\"4.16\" custom_padding=\"|||\" global_colors_info=\"{}\" custom_padding__hover=\"|||\"][et_pb_wc_images _builder_version=\"4.16\" global_colors_info=\"{}\"][\/et_pb_wc_images][\/et_pb_column][et_pb_column type=\"1_2\" _builder_version=\"4.16\" custom_padding=\"|||\" global_colors_info=\"{}\" custom_padding__hover=\"|||\"][et_pb_wc_title _builder_version=\"4.16\" header_font=\"|600|||||||\" global_colors_info=\"{}\"][\/et_pb_wc_title][et_pb_wc_rating _builder_version=\"4.16\" global_colors_info=\"{}\"][\/et_pb_wc_rating][et_pb_wc_price _builder_version=\"4.16\" body_font=\"|600|on||||||\" body_text_color=\"#515151\" custom_margin=\"||8px|||\" global_colors_info=\"{}\"][\/et_pb_wc_price][et_pb_text _builder_version=\"4.17.4\" _module_preset=\"default\" text_font=\"||||on||||\" text_text_color=\"#595959\" text_font_size=\"13px\" locked=\"off\" global_colors_info=\"{}\"]<\/p>\n<p><strong>PREIS F\u00dcR 2 PERSONEN<\/strong><\/p>\n<p>[\/et_pb_text][et_pb_wc_description _builder_version=\"4.16\" body_font=\"||||||||\" header_3_font=\"|600|||||||\" header_3_line_height=\"1.2em\" global_colors_info=\"{}\"][\/et_pb_wc_description][et_pb_wc_add_to_cart _builder_version=\"4.16\" custom_button=\"on\" button_text_size=\"18px\" button_text_color=\"#FFFFFF\" button_font=\"|600|||||||\" global_colors_info=\"{}\"][\/et_pb_wc_add_to_cart][et_pb_wc_meta _builder_version=\"4.16\" global_colors_info=\"{}\"][\/et_pb_wc_meta][\/et_pb_column][\/et_pb_row][et_pb_row _builder_version=\"4.16\" _module_preset=\"default\" global_colors_info=\"{}\"][et_pb_column type=\"4_4\" _builder_version=\"4.16\" _module_preset=\"default\" global_colors_info=\"{}\"][et_pb_button button_url=\"https:\/\/www.villadisotto.it\/de\/kontakt-villa-di-sotto\/\" button_text=\"Kontaktieren Sie uns f\u00fcr weitere Informationen\" button_alignment=\"center\" _builder_version=\"4.16\" _module_preset=\"default\" custom_button=\"on\" button_bg_color=\"#005b04\" button_font=\"|700|||||||\" global_colors_info=\"{}\"][\/et_pb_button][\/et_pb_column][\/et_pb_row][et_pb_row _builder_version=\"4.16\" background_size=\"initial\" background_position=\"top_left\" background_repeat=\"repeat\" width=\"100%\" global_colors_info=\"{}\"][et_pb_column type=\"4_4\" _builder_version=\"4.16\" custom_padding=\"|||\" global_colors_info=\"{}\" custom_padding__hover=\"|||\"][et_pb_wc_tabs disabled_on=\"on|on|on\" _builder_version=\"4.16\" global_colors_info=\"{}\"] [\/et_pb_wc_tabs][et_pb_wc_upsells _builder_version=\"4.16\" global_colors_info=\"{}\"][\/et_pb_wc_upsells][et_pb_wc_related_products _builder_version=\"4.16\" global_colors_info=\"{}\"][\/et_pb_wc_related_products][\/et_pb_column][\/et_pb_row][\/et_pb_section]<\/p>\n","protected":false},"excerpt":{"rendered":"<h3><strong>Gutschein mit Panoramab\u00e4der, Mittag- oder Abendessen<\/strong><br \/>\n(nur mit Reservierung)<\/h3>\n<p><strong>Halbtagseintritt in die 2 Freib\u00e4der mit Panoramablick auf das Chianti-Gebiet<\/strong><\/p>\n<ul>\n<li>Stunden zu vereinbaren zwischen: 10:00 - 14:00 Uhr oder 16:00 - 20:00 Uhr<\/li>\n<li>Sonnendusche<\/li>\n<li>Liegest\u00fchle und Sonnenschirme<\/li>\n<li>es gibt keine Umkleider\u00e4ume im Garten, aber es ist m\u00f6glich, die Einrichtungen des Restaurants zu benutzen<\/li>\n<li>Verleih von Handt\u00fcchern und\/oder Badem\u00e4nteln auf Anfrage und gegen Aufpreis<\/li>\n<li>kostenloses WiFi<\/li>\n<\/ul>\n<p><strong>Mittag- oder Abendessen auf der Panoramaterrasse des Restaurants, <\/strong>mit einer typischen Vorspeise in der Mitte des Tisches, einem Nudelgericht pro Person, einem Glas Hauswein pro Person und einer Flasche Wasser<\/p>\n<blockquote><p><strong>Der Preis ist f\u00fcr 2 Personen. F\u00fcr die dritte und vierte Person betr\u00e4gt der Aufpreis 45 \u20ac pro Person, zahlbar im Hotel.<br \/>\n<em>Kindern unter 12 Jahren ist der Zutritt nicht gestattet.<\/em><\/strong><br \/>\nDrucken Sie Ihren Gutschein, den Sie per E-Mail erhalten, aus oder zeigen Sie ihn bei Ankunft auf Ihrem Smartphone vor.<\/p><\/blockquote>\n<p><em>G\u00fcltig f\u00fcr 18 Monate ab dem Kaufdatum.<\/em><\/p>\n","protected":false},"featured_media":13039,"comment_status":"closed","ping_status":"closed","template":"","meta":{"_et_pb_use_builder":"on","_et_pb_old_content":"Gutschein mit Panoramab\u00e4der, Mittag- oder Abendessen (nur mit Reservierung)\r\nZugang zu den 2 Au\u00dfenschwimmb\u00e4dern mit Panoramablick auf das Chianti-Gebiet\r\n<ul>\r\n \t<li>Stunden zu vereinbaren zwischen: 10:00 - 14:00 Uhr oder 16:00 - 20:00 Uhr<\/li>\r\n \t<li>Sonnendusche<\/li>\r\n \t<li>Liegest\u00fchle und Sonnenschirme<\/li>\r\n \t<li>es gibt keine Umkleider\u00e4ume im Garten, aber es ist m\u00f6glich, die Einrichtungen des Restaurants zu benutzen<\/li>\r\n \t<li>Verleih von Handt\u00fcchern und\/oder Badem\u00e4nteln auf Anfrage und gegen Aufpreis<\/li>\r\n \t<li>kostenloses WiFi<\/li>\r\n<\/ul>\r\nMittag- oder Abendessen auf der Panoramaterrasse des Restaurants","_et_gb_content_width":""},"product_brand":[],"product_cat":[136],"product_tag":[],"class_list":{"0":"post-13891","1":"product","2":"type-product","3":"status-publish","4":"has-post-thumbnail","6":"product_cat-schwimmbader","8":"first","9":"instock","10":"sale","11":"downloadable","12":"shipping-taxable","13":"purchasable","14":"product-type-simple"},"yoast_head":"<!-- This site is optimized with the Yoast SEO plugin v27.2 - https:\/\/yoast.com\/product\/yoast-seo-wordpress\/ -->\n<title>Entspannung zuerst - Bed and Breakfast Villa di Sotto<\/title>\n<meta name=\"description\" content=\"Entspannung zuerst | Gutschein Panoramaschwimmb\u00e4der halbtags nur mit Reservierung | Zugang zu den 2 Au\u00dfenschwimmb\u00e4dern mit...\" \/>\n<meta name=\"robots\" content=\"index, follow, max-snippet:-1, max-image-preview:large, max-video-preview:-1\" \/>\n<link rel=\"canonical\" href=\"https:\/\/www.villadisotto.it\/de\/prodotto\/entspannung-zuerst\/\" \/>\n<meta property=\"og:locale\" content=\"de_DE\" \/>\n<meta property=\"og:type\" content=\"article\" \/>\n<meta property=\"og:title\" content=\"Entspannung zuerst - Bed and Breakfast Villa di Sotto\" \/>\n<meta property=\"og:description\" content=\"Entspannung zuerst | Gutschein Panoramaschwimmb\u00e4der halbtags nur mit Reservierung | Zugang zu den 2 Au\u00dfenschwimmb\u00e4dern mit...\" \/>\n<meta property=\"og:url\" content=\"https:\/\/www.villadisotto.it\/de\/prodotto\/entspannung-zuerst\/\" \/>\n<meta property=\"og:site_name\" content=\"Villa di Sotto\" \/>\n<meta property=\"article:modified_time\" content=\"2025-12-23T11:11:31+00:00\" \/>\n<meta property=\"og:image\" content=\"https:\/\/www.villadisotto.it\/wp-content\/uploads\/2021\/02\/piscine.jpg\" \/>\n\t<meta property=\"og:image:width\" content=\"1080\" \/>\n\t<meta property=\"og:image:height\" content=\"1080\" \/>\n\t<meta property=\"og:image:type\" content=\"image\/jpeg\" \/>\n<meta name=\"twitter:card\" content=\"summary_large_image\" \/>\n<meta name=\"twitter:label1\" content=\"Gesch\u00e4tzte Lesezeit\" \/>\n\t<meta name=\"twitter:data1\" content=\"3\u00a0Minuten\" \/>\n<script type=\"application\/ld+json\" class=\"yoast-schema-graph\">{\"@context\":\"https:\/\/schema.org\",\"@graph\":[{\"@type\":\"WebPage\",\"@id\":\"https:\/\/www.villadisotto.it\/de\/prodotto\/entspannung-zuerst\/\",\"url\":\"https:\/\/www.villadisotto.it\/de\/prodotto\/entspannung-zuerst\/\",\"name\":\"Entspannung zuerst - Bed and Breakfast Villa di Sotto\",\"isPartOf\":{\"@id\":\"https:\/\/www.villadisotto.it\/#website\"},\"primaryImageOfPage\":{\"@id\":\"https:\/\/www.villadisotto.it\/de\/prodotto\/entspannung-zuerst\/#primaryimage\"},\"image\":{\"@id\":\"https:\/\/www.villadisotto.it\/de\/prodotto\/entspannung-zuerst\/#primaryimage\"},\"thumbnailUrl\":\"https:\/\/www.villadisotto.it\/wp-content\/uploads\/2021\/02\/piscine.jpg\",\"datePublished\":\"2021-03-01T09:00:39+00:00\",\"dateModified\":\"2025-12-23T11:11:31+00:00\",\"description\":\"Entspannung zuerst | Gutschein Panoramaschwimmb\u00e4der halbtags nur mit Reservierung | Zugang zu den 2 Au\u00dfenschwimmb\u00e4dern mit...\",\"breadcrumb\":{\"@id\":\"https:\/\/www.villadisotto.it\/de\/prodotto\/entspannung-zuerst\/#breadcrumb\"},\"inLanguage\":\"de\",\"potentialAction\":[{\"@type\":\"ReadAction\",\"target\":[\"https:\/\/www.villadisotto.it\/de\/prodotto\/entspannung-zuerst\/\"]}]},{\"@type\":\"ImageObject\",\"inLanguage\":\"de\",\"@id\":\"https:\/\/www.villadisotto.it\/de\/prodotto\/entspannung-zuerst\/#primaryimage\",\"url\":\"https:\/\/www.villadisotto.it\/wp-content\/uploads\/2021\/02\/piscine.jpg\",\"contentUrl\":\"https:\/\/www.villadisotto.it\/wp-content\/uploads\/2021\/02\/piscine.jpg\",\"width\":1080,\"height\":1080,\"caption\":\"Voucher prima il relax - Villa di Sotto\"},{\"@type\":\"BreadcrumbList\",\"@id\":\"https:\/\/www.villadisotto.it\/de\/prodotto\/entspannung-zuerst\/#breadcrumb\",\"itemListElement\":[{\"@type\":\"ListItem\",\"position\":1,\"name\":\"Home\",\"item\":\"https:\/\/www.villadisotto.it\/\"},{\"@type\":\"ListItem\",\"position\":2,\"name\":\"Privat: Shop\",\"item\":\"https:\/\/www.villadisotto.it\/?page_id=12711\"},{\"@type\":\"ListItem\",\"position\":3,\"name\":\"Entspannung zuerst\"}]},{\"@type\":\"WebSite\",\"@id\":\"https:\/\/www.villadisotto.it\/#website\",\"url\":\"https:\/\/www.villadisotto.it\/\",\"name\":\"Villa di Sotto\",\"description\":\"Il cuore del Chianti\",\"potentialAction\":[{\"@type\":\"SearchAction\",\"target\":{\"@type\":\"EntryPoint\",\"urlTemplate\":\"https:\/\/www.villadisotto.it\/?s={search_term_string}\"},\"query-input\":{\"@type\":\"PropertyValueSpecification\",\"valueRequired\":true,\"valueName\":\"search_term_string\"}}],\"inLanguage\":\"de\"}]}<\/script>\n<!-- \/ Yoast SEO plugin. -->","yoast_head_json":{"title":"Entspannung zuerst - Bed and Breakfast Villa di Sotto","description":"Entspannung zuerst | Gutschein Panoramaschwimmb\u00e4der halbtags nur mit Reservierung | Zugang zu den 2 Au\u00dfenschwimmb\u00e4dern mit...","robots":{"index":"index","follow":"follow","max-snippet":"max-snippet:-1","max-image-preview":"max-image-preview:large","max-video-preview":"max-video-preview:-1"},"canonical":"https:\/\/www.villadisotto.it\/de\/prodotto\/entspannung-zuerst\/","og_locale":"de_DE","og_type":"article","og_title":"Entspannung zuerst - Bed and Breakfast Villa di Sotto","og_description":"Entspannung zuerst | Gutschein Panoramaschwimmb\u00e4der halbtags nur mit Reservierung | Zugang zu den 2 Au\u00dfenschwimmb\u00e4dern mit...","og_url":"https:\/\/www.villadisotto.it\/de\/prodotto\/entspannung-zuerst\/","og_site_name":"Villa di Sotto","article_modified_time":"2025-12-23T11:11:31+00:00","og_image":[{"width":1080,"height":1080,"url":"https:\/\/www.villadisotto.it\/wp-content\/uploads\/2021\/02\/piscine.jpg","type":"image\/jpeg"}],"twitter_card":"summary_large_image","twitter_misc":{"Gesch\u00e4tzte Lesezeit":"3\u00a0Minuten"},"schema":{"@context":"https:\/\/schema.org","@graph":[{"@type":"WebPage","@id":"https:\/\/www.villadisotto.it\/de\/prodotto\/entspannung-zuerst\/","url":"https:\/\/www.villadisotto.it\/de\/prodotto\/entspannung-zuerst\/","name":"Entspannung zuerst - Bed and Breakfast Villa di Sotto","isPartOf":{"@id":"https:\/\/www.villadisotto.it\/#website"},"primaryImageOfPage":{"@id":"https:\/\/www.villadisotto.it\/de\/prodotto\/entspannung-zuerst\/#primaryimage"},"image":{"@id":"https:\/\/www.villadisotto.it\/de\/prodotto\/entspannung-zuerst\/#primaryimage"},"thumbnailUrl":"https:\/\/www.villadisotto.it\/wp-content\/uploads\/2021\/02\/piscine.jpg","datePublished":"2021-03-01T09:00:39+00:00","dateModified":"2025-12-23T11:11:31+00:00","description":"Entspannung zuerst | Gutschein Panoramaschwimmb\u00e4der halbtags nur mit Reservierung | Zugang zu den 2 Au\u00dfenschwimmb\u00e4dern mit...","breadcrumb":{"@id":"https:\/\/www.villadisotto.it\/de\/prodotto\/entspannung-zuerst\/#breadcrumb"},"inLanguage":"de","potentialAction":[{"@type":"ReadAction","target":["https:\/\/www.villadisotto.it\/de\/prodotto\/entspannung-zuerst\/"]}]},{"@type":"ImageObject","inLanguage":"de","@id":"https:\/\/www.villadisotto.it\/de\/prodotto\/entspannung-zuerst\/#primaryimage","url":"https:\/\/www.villadisotto.it\/wp-content\/uploads\/2021\/02\/piscine.jpg","contentUrl":"https:\/\/www.villadisotto.it\/wp-content\/uploads\/2021\/02\/piscine.jpg","width":1080,"height":1080,"caption":"Voucher prima il relax - Villa di Sotto"},{"@type":"BreadcrumbList","@id":"https:\/\/www.villadisotto.it\/de\/prodotto\/entspannung-zuerst\/#breadcrumb","itemListElement":[{"@type":"ListItem","position":1,"name":"Home","item":"https:\/\/www.villadisotto.it\/"},{"@type":"ListItem","position":2,"name":"Privat: Shop","item":"https:\/\/www.villadisotto.it\/?page_id=12711"},{"@type":"ListItem","position":3,"name":"Entspannung zuerst"}]},{"@type":"WebSite","@id":"https:\/\/www.villadisotto.it\/#website","url":"https:\/\/www.villadisotto.it\/","name":"Villa di Sotto","description":"Il cuore del Chianti","potentialAction":[{"@type":"SearchAction","target":{"@type":"EntryPoint","urlTemplate":"https:\/\/www.villadisotto.it\/?s={search_term_string}"},"query-input":{"@type":"PropertyValueSpecification","valueRequired":true,"valueName":"search_term_string"}}],"inLanguage":"de"}]}},"_links":{"self":[{"href":"https:\/\/www.villadisotto.it\/de\/wp-json\/wp\/v2\/product\/13891","targetHints":{"allow":["GET"]}}],"collection":[{"href":"https:\/\/www.villadisotto.it\/de\/wp-json\/wp\/v2\/product"}],"about":[{"href":"https:\/\/www.villadisotto.it\/de\/wp-json\/wp\/v2\/types\/product"}],"replies":[{"embeddable":true,"href":"https:\/\/www.villadisotto.it\/de\/wp-json\/wp\/v2\/comments?post=13891"}],"wp:featuredmedia":[{"embeddable":true,"href":"https:\/\/www.villadisotto.it\/de\/wp-json\/wp\/v2\/media\/13039"}],"wp:attachment":[{"href":"https:\/\/www.villadisotto.it\/de\/wp-json\/wp\/v2\/media?parent=13891"}],"wp:term":[{"taxonomy":"product_brand","embeddable":true,"href":"https:\/\/www.villadisotto.it\/de\/wp-json\/wp\/v2\/product_brand?post=13891"},{"taxonomy":"product_cat","embeddable":true,"href":"https:\/\/www.villadisotto.it\/de\/wp-json\/wp\/v2\/product_cat?post=13891"},{"taxonomy":"product_tag","embeddable":true,"href":"https:\/\/www.villadisotto.it\/de\/wp-json\/wp\/v2\/product_tag?post=13891"}],"curies":[{"name":"wp","href":"https:\/\/api.w.org\/{rel}","templated":true}]}}