{"id":13889,"date":"2021-03-06T09:00:12","date_gmt":"2021-03-06T08:00:12","guid":{"rendered":"https:\/\/www.villadisotto.it\/prodotto\/carpe-diem-entspannungsbereich\/"},"modified":"2025-12-23T12:07:12","modified_gmt":"2025-12-23T11:07:12","slug":"carpe-diem-entspannungsbereich","status":"publish","type":"product","link":"https:\/\/www.villadisotto.it\/de\/prodotto\/carpe-diem-entspannungsbereich\/","title":{"rendered":"Carpe diem Entspannungsbereich"},"content":{"rendered":"<p>[et_pb_section fb_built=\"1\" _builder_version=\"4.16\" custom_padding=\"0px||||false|false\" global_colors_info=\"{}\"][et_pb_row _builder_version=\"4.16\" background_size=\"initial\" background_position=\"top_left\" background_repeat=\"repeat\" width=\"100%\" custom_padding=\"0px||0px||false|false\" global_colors_info=\"{}\"][et_pb_column type=\"4_4\" _builder_version=\"4.16\" custom_padding=\"|||\" global_colors_info=\"{}\" custom_padding__hover=\"|||\"][et_pb_wc_breadcrumb _builder_version=\"4.16\" global_colors_info=\"{}\"][\/et_pb_wc_breadcrumb][et_pb_wc_cart_notice _builder_version=\"4.16\" global_colors_info=\"{}\"][\/et_pb_wc_cart_notice][\/et_pb_column][\/et_pb_row][et_pb_row column_structure=\"1_2,1_2\" _builder_version=\"4.16\" background_size=\"initial\" background_position=\"top_left\" background_repeat=\"repeat\" width=\"100%\" custom_padding=\"0px||||false|false\" global_colors_info=\"{}\"][et_pb_column type=\"1_2\" _builder_version=\"4.16\" custom_padding=\"|||\" global_colors_info=\"{}\" custom_padding__hover=\"|||\"][et_pb_wc_images _builder_version=\"4.16\" global_colors_info=\"{}\"][\/et_pb_wc_images][\/et_pb_column][et_pb_column type=\"1_2\" _builder_version=\"4.16\" custom_padding=\"|||\" global_colors_info=\"{}\" custom_padding__hover=\"|||\"][et_pb_wc_title _builder_version=\"4.16\" header_font=\"|600|||||||\" global_colors_info=\"{}\"][\/et_pb_wc_title][et_pb_wc_rating _builder_version=\"4.16\" global_colors_info=\"{}\"][\/et_pb_wc_rating][et_pb_wc_price _builder_version=\"4.16\" body_font=\"|600|on||||||\" body_text_color=\"#515151\" custom_margin=\"||9px|||\" global_colors_info=\"{}\"][\/et_pb_wc_price][et_pb_text _builder_version=\"4.17.4\" _module_preset=\"default\" text_font=\"||||on||||\" text_text_color=\"#595959\" text_font_size=\"13px\" locked=\"off\" global_colors_info=\"{}\"]<\/p>\n<p><strong>PREIS F\u00dcR 2 PERSONEN<\/strong><\/p>\n<p>[\/et_pb_text][et_pb_wc_description _builder_version=\"4.16\" body_font=\"||||||||\" header_3_font=\"|600|||||||\" header_3_line_height=\"1.2em\" global_colors_info=\"{}\"][\/et_pb_wc_description][et_pb_wc_add_to_cart _builder_version=\"4.16\" custom_button=\"on\" button_text_size=\"18px\" button_text_color=\"#FFFFFF\" button_font=\"|600|||||||\" global_colors_info=\"{}\"][\/et_pb_wc_add_to_cart][et_pb_wc_meta _builder_version=\"4.16\" global_colors_info=\"{}\"][\/et_pb_wc_meta][\/et_pb_column][\/et_pb_row][et_pb_row _builder_version=\"4.16\" _module_preset=\"default\" global_colors_info=\"{}\"][et_pb_column type=\"4_4\" _builder_version=\"4.16\" _module_preset=\"default\" global_colors_info=\"{}\"][et_pb_button button_url=\"https:\/\/www.villadisotto.it\/de\/kontakt-villa-di-sotto\/\" button_text=\"Kontaktieren Sie uns f\u00fcr weitere Informationen\" button_alignment=\"center\" _builder_version=\"4.16\" _module_preset=\"default\" custom_button=\"on\" button_bg_color=\"#005b04\" button_font=\"|700|||||||\" global_colors_info=\"{}\"][\/et_pb_button][\/et_pb_column][\/et_pb_row][et_pb_row _builder_version=\"4.16\" background_size=\"initial\" background_position=\"top_left\" background_repeat=\"repeat\" width=\"100%\" global_colors_info=\"{}\"][et_pb_column type=\"4_4\" _builder_version=\"4.16\" custom_padding=\"|||\" global_colors_info=\"{}\" custom_padding__hover=\"|||\"][et_pb_wc_tabs disabled_on=\"on|on|on\" _builder_version=\"4.16\" global_colors_info=\"{}\"] [\/et_pb_wc_tabs][et_pb_wc_upsells _builder_version=\"4.16\" global_colors_info=\"{}\"][\/et_pb_wc_upsells][et_pb_wc_related_products _builder_version=\"4.16\" global_colors_info=\"{}\"][\/et_pb_wc_related_products][\/et_pb_column][\/et_pb_row][\/et_pb_section]<\/p>\n","protected":false},"excerpt":{"rendered":"<h3><strong>Gutschein mit Entspannungsbereich exklusive Nutzung f\u00fcr 2 Stunden und Aperitif<\/strong><br \/>\n(nur mit Reservierung)<\/h3>\n<p><strong>Entspannungsbereich EXKLUSIVE NUTZUNG von 2 Stunden mit: Au\u00dfen-Jacuzzi in der N\u00e4he des Olivenhains und Panoramablick<\/strong><\/p>\n<ul>\n<li>Sonnenterrasse mit Liegest\u00fchlen und Sonnenschirmen<\/li>\n<li>Badezimmer und Ankleideraum<\/li>\n<li>Verleih von Handt\u00fcchern und\/oder Badem\u00e4nteln auf Anfrage und gegen Aufpreis<\/li>\n<li>kostenloses WiFi<\/li>\n<\/ul>\n<p><strong>Aperitif auf der Panoramaterrasse des SPA:<\/strong> 2 Getr\u00e4nke und gemischte Bruschette<\/p>\n<blockquote><p><strong>Der Preis ist f\u00fcr 2 Personen. F\u00fcr die dritte und vierte Person betr\u00e4gt der Aufpreis 45 \u20ac pro Person, zahlbar im Hotel.<br \/>\n<em>Die Verwendung von JACUZZI ist Kindern unter 12 Jahren und schwangeren Frauen NICHT gestattet.<\/em><\/strong><br \/>\nDrucken Sie Ihren Gutschein, den Sie per E-Mail erhalten, aus oder zeigen Sie ihn bei Ankunft auf Ihrem Smartphone vor.<\/p><\/blockquote>\n<p><em>G\u00fcltig f\u00fcr 18 Monate ab dem Kaufdatum.<\/em><\/p>\n","protected":false},"featured_media":19142,"comment_status":"closed","ping_status":"closed","template":"","meta":{"_et_pb_use_builder":"on","_et_pb_old_content":"Gutschein mit Entspannungsbereich exklusive Nutzung f\u00fcr 2 Stunden und Aperitif (nur mit Reservierung)\r\nEntspannungsbereich EXKLUSIVE NUTZUNG von 2 Stunden mit: Au\u00dfen-Jacuzzi in der N\u00e4he des Olivenhains und Panoramablick\r\n<ul>\r\n \t<li>Sonnenterrasse mit Liegest\u00fchlen und Sonnenschirmen<\/li>\r\n \t<li>Badezimmer und Ankleideraum<\/li>\r\n \t<li>Verleih von Handt\u00fcchern und\/oder Badem\u00e4nteln auf Anfrage und gegen Aufpreis<\/li>\r\n \t<li>kostenloses WiFi<\/li>\r\n<\/ul>\r\nAperitif auf der Panoramaterrasse des Entspannungsbereichs","_et_gb_content_width":""},"product_brand":[],"product_cat":[129,176],"product_tag":[],"class_list":{"0":"post-13889","1":"product","2":"type-product","3":"status-publish","4":"has-post-thumbnail","6":"product_cat-chianti-entspannung","7":"product_cat-entspannungsbereich","9":"first","10":"instock","11":"downloadable","12":"shipping-taxable","13":"purchasable","14":"product-type-simple"},"yoast_head":"<!-- This site is optimized with the Yoast SEO plugin v27.2 - https:\/\/yoast.com\/product\/yoast-seo-wordpress\/ -->\n<title>Carpe diem Entspannungsbereich - Bed and Breakfast Villa di Sotto<\/title>\n<meta name=\"description\" content=\"Carpe diem Entspannungsbereich | Gutschein Entspannungsbereich exklusive Nutzung f\u00fcr 2 Stunden nur mit Reservierung | Beheizter Infinity-Schwimmbad und...\" \/>\n<meta name=\"robots\" content=\"index, follow, max-snippet:-1, max-image-preview:large, max-video-preview:-1\" \/>\n<link rel=\"canonical\" href=\"https:\/\/www.villadisotto.it\/de\/prodotto\/carpe-diem-entspannungsbereich\/\" \/>\n<meta property=\"og:locale\" content=\"de_DE\" \/>\n<meta property=\"og:type\" content=\"article\" \/>\n<meta property=\"og:title\" content=\"Carpe diem Entspannungsbereich - Bed and Breakfast Villa di Sotto\" \/>\n<meta property=\"og:description\" content=\"Carpe diem Entspannungsbereich | Gutschein Entspannungsbereich exklusive Nutzung f\u00fcr 2 Stunden nur mit Reservierung | Beheizter Infinity-Schwimmbad und...\" \/>\n<meta property=\"og:url\" content=\"https:\/\/www.villadisotto.it\/de\/prodotto\/carpe-diem-entspannungsbereich\/\" \/>\n<meta property=\"og:site_name\" content=\"Villa di Sotto\" \/>\n<meta property=\"article:modified_time\" content=\"2025-12-23T11:07:12+00:00\" \/>\n<meta property=\"og:image\" content=\"https:\/\/www.villadisotto.it\/wp-content\/uploads\/2021\/10\/VdSS-4122.jpg\" \/>\n\t<meta property=\"og:image:width\" content=\"1800\" \/>\n\t<meta property=\"og:image:height\" content=\"1200\" \/>\n\t<meta property=\"og:image:type\" content=\"image\/jpeg\" \/>\n<meta name=\"twitter:card\" content=\"summary_large_image\" \/>\n<meta name=\"twitter:label1\" content=\"Gesch\u00e4tzte Lesezeit\" \/>\n\t<meta name=\"twitter:data1\" content=\"3\u00a0Minuten\" \/>\n<script type=\"application\/ld+json\" class=\"yoast-schema-graph\">{\"@context\":\"https:\/\/schema.org\",\"@graph\":[{\"@type\":\"WebPage\",\"@id\":\"https:\/\/www.villadisotto.it\/de\/prodotto\/carpe-diem-entspannungsbereich\/\",\"url\":\"https:\/\/www.villadisotto.it\/de\/prodotto\/carpe-diem-entspannungsbereich\/\",\"name\":\"Carpe diem Entspannungsbereich - Bed and Breakfast Villa di Sotto\",\"isPartOf\":{\"@id\":\"https:\/\/www.villadisotto.it\/#website\"},\"primaryImageOfPage\":{\"@id\":\"https:\/\/www.villadisotto.it\/de\/prodotto\/carpe-diem-entspannungsbereich\/#primaryimage\"},\"image\":{\"@id\":\"https:\/\/www.villadisotto.it\/de\/prodotto\/carpe-diem-entspannungsbereich\/#primaryimage\"},\"thumbnailUrl\":\"https:\/\/www.villadisotto.it\/wp-content\/uploads\/2021\/10\/VdSS-4122.jpg\",\"datePublished\":\"2021-03-06T08:00:12+00:00\",\"dateModified\":\"2025-12-23T11:07:12+00:00\",\"description\":\"Carpe diem Entspannungsbereich | Gutschein Entspannungsbereich exklusive Nutzung f\u00fcr 2 Stunden nur mit Reservierung | Beheizter Infinity-Schwimmbad und...\",\"breadcrumb\":{\"@id\":\"https:\/\/www.villadisotto.it\/de\/prodotto\/carpe-diem-entspannungsbereich\/#breadcrumb\"},\"inLanguage\":\"de\",\"potentialAction\":[{\"@type\":\"ReadAction\",\"target\":[\"https:\/\/www.villadisotto.it\/de\/prodotto\/carpe-diem-entspannungsbereich\/\"]}]},{\"@type\":\"ImageObject\",\"inLanguage\":\"de\",\"@id\":\"https:\/\/www.villadisotto.it\/de\/prodotto\/carpe-diem-entspannungsbereich\/#primaryimage\",\"url\":\"https:\/\/www.villadisotto.it\/wp-content\/uploads\/2021\/10\/VdSS-4122.jpg\",\"contentUrl\":\"https:\/\/www.villadisotto.it\/wp-content\/uploads\/2021\/10\/VdSS-4122.jpg\",\"width\":1800,\"height\":1200},{\"@type\":\"BreadcrumbList\",\"@id\":\"https:\/\/www.villadisotto.it\/de\/prodotto\/carpe-diem-entspannungsbereich\/#breadcrumb\",\"itemListElement\":[{\"@type\":\"ListItem\",\"position\":1,\"name\":\"Home\",\"item\":\"https:\/\/www.villadisotto.it\/\"},{\"@type\":\"ListItem\",\"position\":2,\"name\":\"Privat: Shop\",\"item\":\"https:\/\/www.villadisotto.it\/?page_id=12711\"},{\"@type\":\"ListItem\",\"position\":3,\"name\":\"Carpe diem Entspannungsbereich\"}]},{\"@type\":\"WebSite\",\"@id\":\"https:\/\/www.villadisotto.it\/#website\",\"url\":\"https:\/\/www.villadisotto.it\/\",\"name\":\"Villa di Sotto\",\"description\":\"Il cuore del Chianti\",\"potentialAction\":[{\"@type\":\"SearchAction\",\"target\":{\"@type\":\"EntryPoint\",\"urlTemplate\":\"https:\/\/www.villadisotto.it\/?s={search_term_string}\"},\"query-input\":{\"@type\":\"PropertyValueSpecification\",\"valueRequired\":true,\"valueName\":\"search_term_string\"}}],\"inLanguage\":\"de\"}]}<\/script>\n<!-- \/ Yoast SEO plugin. -->","yoast_head_json":{"title":"Carpe diem Entspannungsbereich - Bed and Breakfast Villa di Sotto","description":"Carpe diem Entspannungsbereich | Gutschein Entspannungsbereich exklusive Nutzung f\u00fcr 2 Stunden nur mit Reservierung | Beheizter Infinity-Schwimmbad und...","robots":{"index":"index","follow":"follow","max-snippet":"max-snippet:-1","max-image-preview":"max-image-preview:large","max-video-preview":"max-video-preview:-1"},"canonical":"https:\/\/www.villadisotto.it\/de\/prodotto\/carpe-diem-entspannungsbereich\/","og_locale":"de_DE","og_type":"article","og_title":"Carpe diem Entspannungsbereich - Bed and Breakfast Villa di Sotto","og_description":"Carpe diem Entspannungsbereich | Gutschein Entspannungsbereich exklusive Nutzung f\u00fcr 2 Stunden nur mit Reservierung | Beheizter Infinity-Schwimmbad und...","og_url":"https:\/\/www.villadisotto.it\/de\/prodotto\/carpe-diem-entspannungsbereich\/","og_site_name":"Villa di Sotto","article_modified_time":"2025-12-23T11:07:12+00:00","og_image":[{"width":1800,"height":1200,"url":"https:\/\/www.villadisotto.it\/wp-content\/uploads\/2021\/10\/VdSS-4122.jpg","type":"image\/jpeg"}],"twitter_card":"summary_large_image","twitter_misc":{"Gesch\u00e4tzte Lesezeit":"3\u00a0Minuten"},"schema":{"@context":"https:\/\/schema.org","@graph":[{"@type":"WebPage","@id":"https:\/\/www.villadisotto.it\/de\/prodotto\/carpe-diem-entspannungsbereich\/","url":"https:\/\/www.villadisotto.it\/de\/prodotto\/carpe-diem-entspannungsbereich\/","name":"Carpe diem Entspannungsbereich - Bed and Breakfast Villa di Sotto","isPartOf":{"@id":"https:\/\/www.villadisotto.it\/#website"},"primaryImageOfPage":{"@id":"https:\/\/www.villadisotto.it\/de\/prodotto\/carpe-diem-entspannungsbereich\/#primaryimage"},"image":{"@id":"https:\/\/www.villadisotto.it\/de\/prodotto\/carpe-diem-entspannungsbereich\/#primaryimage"},"thumbnailUrl":"https:\/\/www.villadisotto.it\/wp-content\/uploads\/2021\/10\/VdSS-4122.jpg","datePublished":"2021-03-06T08:00:12+00:00","dateModified":"2025-12-23T11:07:12+00:00","description":"Carpe diem Entspannungsbereich | Gutschein Entspannungsbereich exklusive Nutzung f\u00fcr 2 Stunden nur mit Reservierung | Beheizter Infinity-Schwimmbad und...","breadcrumb":{"@id":"https:\/\/www.villadisotto.it\/de\/prodotto\/carpe-diem-entspannungsbereich\/#breadcrumb"},"inLanguage":"de","potentialAction":[{"@type":"ReadAction","target":["https:\/\/www.villadisotto.it\/de\/prodotto\/carpe-diem-entspannungsbereich\/"]}]},{"@type":"ImageObject","inLanguage":"de","@id":"https:\/\/www.villadisotto.it\/de\/prodotto\/carpe-diem-entspannungsbereich\/#primaryimage","url":"https:\/\/www.villadisotto.it\/wp-content\/uploads\/2021\/10\/VdSS-4122.jpg","contentUrl":"https:\/\/www.villadisotto.it\/wp-content\/uploads\/2021\/10\/VdSS-4122.jpg","width":1800,"height":1200},{"@type":"BreadcrumbList","@id":"https:\/\/www.villadisotto.it\/de\/prodotto\/carpe-diem-entspannungsbereich\/#breadcrumb","itemListElement":[{"@type":"ListItem","position":1,"name":"Home","item":"https:\/\/www.villadisotto.it\/"},{"@type":"ListItem","position":2,"name":"Privat: Shop","item":"https:\/\/www.villadisotto.it\/?page_id=12711"},{"@type":"ListItem","position":3,"name":"Carpe diem Entspannungsbereich"}]},{"@type":"WebSite","@id":"https:\/\/www.villadisotto.it\/#website","url":"https:\/\/www.villadisotto.it\/","name":"Villa di Sotto","description":"Il cuore del Chianti","potentialAction":[{"@type":"SearchAction","target":{"@type":"EntryPoint","urlTemplate":"https:\/\/www.villadisotto.it\/?s={search_term_string}"},"query-input":{"@type":"PropertyValueSpecification","valueRequired":true,"valueName":"search_term_string"}}],"inLanguage":"de"}]}},"_links":{"self":[{"href":"https:\/\/www.villadisotto.it\/de\/wp-json\/wp\/v2\/product\/13889","targetHints":{"allow":["GET"]}}],"collection":[{"href":"https:\/\/www.villadisotto.it\/de\/wp-json\/wp\/v2\/product"}],"about":[{"href":"https:\/\/www.villadisotto.it\/de\/wp-json\/wp\/v2\/types\/product"}],"replies":[{"embeddable":true,"href":"https:\/\/www.villadisotto.it\/de\/wp-json\/wp\/v2\/comments?post=13889"}],"wp:featuredmedia":[{"embeddable":true,"href":"https:\/\/www.villadisotto.it\/de\/wp-json\/wp\/v2\/media\/19142"}],"wp:attachment":[{"href":"https:\/\/www.villadisotto.it\/de\/wp-json\/wp\/v2\/media?parent=13889"}],"wp:term":[{"taxonomy":"product_brand","embeddable":true,"href":"https:\/\/www.villadisotto.it\/de\/wp-json\/wp\/v2\/product_brand?post=13889"},{"taxonomy":"product_cat","embeddable":true,"href":"https:\/\/www.villadisotto.it\/de\/wp-json\/wp\/v2\/product_cat?post=13889"},{"taxonomy":"product_tag","embeddable":true,"href":"https:\/\/www.villadisotto.it\/de\/wp-json\/wp\/v2\/product_tag?post=13889"}],"curies":[{"name":"wp","href":"https:\/\/api.w.org\/{rel}","templated":true}]}}