{"id":8021,"date":"2020-05-27T10:28:45","date_gmt":"2020-05-27T08:28:45","guid":{"rendered":"https:\/\/www.villadisotto.it\/?page_id=8021"},"modified":"2022-03-30T12:17:17","modified_gmt":"2022-03-30T10:17:17","slug":"anti-covid-anpassungen","status":"publish","type":"page","link":"https:\/\/www.villadisotto.it\/de\/anti-covid-anpassungen\/","title":{"rendered":"Anti-Covid-Anpassungen"},"content":{"rendered":"<p>[et_pb_section fb_built=\"1\" _builder_version=\"4.4.7\" custom_padding=\"||31px|||\" global_colors_info=\"{}\"][et_pb_row _builder_version=\"4.4.7\" global_colors_info=\"{}\"][et_pb_column type=\"4_4\" _builder_version=\"4.4.7\" global_colors_info=\"{}\"][et_pb_text _builder_version=\"4.12.1\" header_2_font=\"Petit Formal Script|700|||||||\" header_2_font_size=\"35px\" header_2_font_size_tablet=\"\" header_2_font_size_phone=\"26px\" header_2_font_size_last_edited=\"on|phone\" header_3_font_size_tablet=\"\" header_3_font_size_phone=\"18px\" header_3_font_size_last_edited=\"on|phone\" global_colors_info=\"{}\"]<\/p>\n<h2 style=\"text-align: center;\">W\u00e4hlen Sie einen sicheren Empfang<\/h2>\n<p>[\/et_pb_text][et_pb_text _builder_version=\"4.12.1\" width=\"75%\" width_tablet=\"\" width_phone=\"95%\" width_last_edited=\"on|phone\" module_alignment=\"center\" global_colors_info=\"{}\"]<\/p>\n<p style=\"text-align: center;\"><strong>Verzichten Sie nicht auf einen Urlaub, lang oder kurz, in v\u00f6lliger Entspannung, in der Natur und der sch\u00f6nen Landschaft der toskanischen Landschaft.<\/strong><\/p>\n<p style=\"text-align: center;\"><strong>Der Chianti mit seinen H\u00fcgeln, Weinbergen und Olivenhainen, soweit das Auge reicht, ist der ideale Ort, um das Gef\u00fchl der Freiheit und des Kontakts mit der Natur wiederzuentdecken.<\/strong><\/p>\n<p>[\/et_pb_text][\/et_pb_column][\/et_pb_row][et_pb_row column_structure=\"1_2,1_2\" _builder_version=\"4.4.7\" global_colors_info=\"{}\"][et_pb_column type=\"1_2\" _builder_version=\"4.4.7\" global_colors_info=\"{}\"][et_pb_toggle title=\"Wie wir unsere Struktur an die Anti-Covid-Richtlinien angepasst haben\" closed_toggle_background_color=\"#fcfcfc\" icon_color=\"#d3be80\" open_icon_color=\"#d3be80\" _builder_version=\"4.13.0\" title_text_color=\"#000000\" title_letter_spacing=\"2px\" title_line_height=\"1.5em\" title_font_size_tablet=\"\" title_font_size_phone=\"14px\" title_font_size_last_edited=\"on|phone\" border_radii=\"on|7px|7px|7px|7px\" border_color_all=\"#d3be80\" global_colors_info=\"{}\"]<\/p>\n<ul>\n<li>Wir garantieren die Reinigung und Desinfektion von R\u00e4umen und \u00f6ffentlichen Bereichen gem\u00e4\u00df den nationalen Richtlinien;<\/li>\n<li>Wir garantieren die Reinigung und Desinfektion von R\u00e4umen und \u00f6ffentlichen Bereichen gem\u00e4\u00df den Richtlinien der WHO;<\/li>\n<li><span>Die t\u00e4gliche Reinigung kann nur durchgef\u00fchrt werden, wenn sich der Gast nicht im Zimmer befindet;<\/span><\/li>\n<li>Wir sind berechtigt, die Covid-19-Selbstdeklaration zu verlangen;<\/li>\n<li>F\u00fcr den Zugang zum Indoor-Entspannungsbereich ist eine Zertifizierung erforderlich;<\/li>\n<li>Unser Personal tr\u00e4gt immer eine Maske;<\/li>\n<li>Wir garantieren eine korrekte Klimatisierung der R\u00e4ume;<\/li>\n<li>Raumhygienisierung mit Ozon.<\/li>\n<\/ul>\n<p>[\/et_pb_toggle][\/et_pb_column][et_pb_column type=\"1_2\" _builder_version=\"4.4.7\" global_colors_info=\"{}\"][et_pb_toggle title=\"Covid-19 Wegbeschreibung und Ratschl\u00e4ge: Ihre Sicherheit steht f\u00fcr uns an erster Stelle\" closed_toggle_background_color=\"#fcfcfc\" icon_color=\"#d3be80\" open_icon_color=\"#d3be80\" _builder_version=\"4.13.0\" title_text_color=\"#000000\" title_letter_spacing=\"2px\" title_line_height=\"1.5em\" title_font_size_tablet=\"\" title_font_size_phone=\"14px\" title_font_size_last_edited=\"on|phone\" border_radii=\"on|7px|7px|7px|7px\" border_color_all=\"#d3be80\" global_colors_info=\"{}\"]<\/p>\n<ul>\n<li><span>Um Ihren Urlaub und alle unsere Dienstleistungen in vollen Z\u00fcgen genie\u00dfen zu k\u00f6nnen, empfehlen wir Ihnen, mit einem gr\u00fcnen Pass zu kommen (der durch eine Impfung oder einen kurzen Abstrich innerhalb der letzten 48 Stunden erworben wurde);<\/span><\/li>\n<li><span>Waschen Sie Ihre H\u00e4nde h\u00e4ufig mindestens 20 Sekunden lang mit Wasser und Seife oder desinfizieren Sie sie mit einem Gel auf Alkoholbasis;<\/span><\/li>\n<li>In allen \u00f6ffentlichen Bereichen ist ein Abstand von mindestens einem Meter zum Personal und zu anderen G\u00e4sten einzuhalten;<\/li>\n<li>Es ist obligatorisch, die Maske in allen \u00f6ffentlichen Bereichen zu tragen;<\/li>\n<li>\u00d6ffnen Sie die Fenster, um den Raum vor dem Verlassen zu l\u00fcften;<\/li>\n<li>Verlassen Sie Ihr Zimmer nicht, wenn Sie Symptome im Zusammenhang mit Covid-19 vermuten, und benachrichtigen Sie sofort den Manager;<\/li>\n<li>Vermeiden Sie Versammlungen in \u00f6ffentlichen Bereichen;<\/li>\n<li>Bitte bewahren Sie Ihre Zimmerschl\u00fcssel f\u00fcr die Dauer Ihres Aufenthalts bei sich auf;<\/li>\n<li>Bedecken Sie Mund und H\u00e4nde bei Husten oder Niesen mit einem Papiertaschentuch;<\/li>\n<li>Wenn Sie Fieber oder grippe\u00e4hnliche Symptome haben, informieren Sie sofort das Personal;<\/li>\n<li>In den Ruher\u00e4umen und Schwimmb\u00e4dern ist es nicht m\u00f6glich, Handt\u00fccher und Badet\u00fccher aus dem Zimmer mitzunehmen. Sie k\u00f6nnen Ihre eigenen verwenden oder sie bei uns mieten.<\/li>\n<\/ul>\n<p>[\/et_pb_toggle][\/et_pb_column][\/et_pb_row][\/et_pb_section][et_pb_section fb_built=\"1\" _builder_version=\"4.4.7\" custom_padding=\"20px|||||\" global_colors_info=\"{}\"][et_pb_row column_structure=\"1_4,1_4,1_4,1_4\" use_custom_gutter=\"on\" gutter_width=\"2\" _builder_version=\"4.4.7\" width=\"100%\" max_width=\"1250px\" global_colors_info=\"{}\"][et_pb_column type=\"1_4\" _builder_version=\"4.4.7\" global_colors_info=\"{}\"][et_pb_blurb title=\"ZIMMER\" url=\"https:\/\/www.villadisotto.it\/de\/bed-and-breakfast-siena-toskana-zimmer\/\" image=\"https:\/\/www.villadisotto.it\/wp-content\/uploads\/2019\/05\/appartamento-7-villa-di-sotto.jpg\" alt=\"Wohnung 7 Villa di Sotto\" _builder_version=\"4.13.0\" header_font=\"|600|||||||\" header_text_align=\"center\" module_alignment=\"center\" link_option_url=\"https:\/\/www.villadisotto.it\/de\/bed-and-breakfast-siena-toskana-zimmer\/\" box_shadow_style=\"preset1\" global_colors_info=\"{}\" transform_styles__hover_enabled=\"on|hover\" transform_scale__hover_enabled=\"on|hover\" transform_translate__hover_enabled=\"on|desktop\" transform_rotate__hover_enabled=\"on|desktop\" transform_skew__hover_enabled=\"on|desktop\" transform_origin__hover_enabled=\"on|desktop\" transform_scale__hover=\"105%|105%\"][\/et_pb_blurb][\/et_pb_column][et_pb_column type=\"1_4\" _builder_version=\"4.4.7\" global_colors_info=\"{}\"][et_pb_blurb title=\"wohnungen\" url=\"https:\/\/www.villadisotto.it\/de\/ferienhaus-siena-apartments\/\" image=\"https:\/\/www.villadisotto.it\/wp-content\/uploads\/2019\/05\/Appartamento-6-Villa-di-Sotto.jpg\" alt=\"Wohnung 6\" _builder_version=\"4.13.0\" header_font=\"|600|||||||\" header_text_align=\"center\" module_alignment=\"center\" link_option_url=\"https:\/\/www.villadisotto.it\/de\/ferienhaus-siena-apartments\/\" box_shadow_style=\"preset1\" global_colors_info=\"{}\" transform_styles__hover_enabled=\"on|hover\" transform_scale__hover_enabled=\"on|hover\" transform_translate__hover_enabled=\"on|desktop\" transform_rotate__hover_enabled=\"on|desktop\" transform_skew__hover_enabled=\"on|desktop\" transform_origin__hover_enabled=\"on|desktop\" transform_scale__hover=\"105%|105%\"][\/et_pb_blurb][\/et_pb_column][et_pb_column type=\"1_4\" _builder_version=\"4.4.7\" global_colors_info=\"{}\"][et_pb_blurb title=\"RESTAURANT\" url=\"https:\/\/www.villadisotto.it\/de\/restaurant-mit-toskanischer-kuche\/\" image=\"https:\/\/www.villadisotto.it\/wp-content\/uploads\/2021\/11\/VdSR-5158.jpg\" alt=\"Wohnung 6\" _builder_version=\"4.13.0\" header_font=\"|600|||||||\" header_text_align=\"center\" module_alignment=\"center\" link_option_url=\"https:\/\/www.villadisotto.it\/de\/restaurant-mit-toskanischer-kuche\/\" box_shadow_style=\"preset1\" global_colors_info=\"{}\" transform_styles__hover_enabled=\"on|hover\" transform_scale__hover_enabled=\"on|hover\" transform_translate__hover_enabled=\"on|desktop\" transform_rotate__hover_enabled=\"on|desktop\" transform_skew__hover_enabled=\"on|desktop\" transform_origin__hover_enabled=\"on|desktop\" transform_scale__hover=\"105%|105%\"][\/et_pb_blurb][\/et_pb_column][et_pb_column type=\"1_4\" _builder_version=\"4.4.7\" global_colors_info=\"{}\"][et_pb_blurb title=\"SHOP\" url=\"https:\/\/www.villadisotto.it\/de\/online-shop\/\" use_icon=\"on\" font_icon=\"&#xe033;||divi||400\" image_icon_width=\"120px\" _builder_version=\"4.13.0\" header_font=\"|600|||||||\" header_text_align=\"center\" module_alignment=\"center\" custom_padding=\"34px||34px||true|false\" link_option_url=\"https:\/\/www.villadisotto.it\/de\/online-shop\/\" box_shadow_style=\"preset1\" icon_font_size=\"120px\" global_colors_info=\"{}\" transform_styles__hover_enabled=\"on|hover\" transform_scale__hover_enabled=\"on|hover\" transform_translate__hover_enabled=\"on|desktop\" transform_rotate__hover_enabled=\"on|desktop\" transform_skew__hover_enabled=\"on|desktop\" transform_origin__hover_enabled=\"on|desktop\" transform_scale__hover=\"105%|105%\"][\/et_pb_blurb][\/et_pb_column][\/et_pb_row][et_pb_row _builder_version=\"4.4.7\" global_colors_info=\"{}\"][et_pb_column type=\"4_4\" _builder_version=\"4.4.7\" global_colors_info=\"{}\"][et_pb_text _builder_version=\"4.4.7\" header_text_align=\"center\" text_orientation=\"center\" global_colors_info=\"{}\"]<\/p>\n<p><strong>Service... in der Wohnung!<\/strong><\/p>\n<p>[\/et_pb_text][et_pb_text _builder_version=\"4.4.7\" width=\"75%\" width_tablet=\"\" width_phone=\"95%\" width_last_edited=\"on|phone\" module_alignment=\"center\" global_colors_info=\"{}\" width__hover_enabled=\"off|desktop\"]<\/p>\n<p style=\"text-align: center;\">Genie\u00dfen Sie in Ruhe und Frieden die k\u00f6stlichen typisch toskanischen Gerichte in Ihrer Wohnung. Wie?<br \/> Bitten Sie um Mittag- oder Abendessen w\u00e4hrend des Fr\u00fchst\u00fccks und nicht sp\u00e4ter als 11:00 Uhr morgens.<br \/> Sie erhalten die Gerichte direkt in Ihrer Wohnung, ohne dass Sie ins Restaurant gehen m\u00fcssen.<\/p>\n<p>[\/et_pb_text][\/et_pb_column][\/et_pb_row][\/et_pb_section]<\/p>\n","protected":false},"excerpt":{"rendered":"<p>W\u00e4hlen Sie einen sicheren EmpfangVerzichten Sie nicht auf einen Urlaub, lang oder kurz, in v\u00f6lliger Entspannung, in der Natur und der sch\u00f6nen Landschaft der toskanischen Landschaft. Der Chianti mit seinen H\u00fcgeln, Weinbergen und Olivenhainen, soweit das Auge reicht, ist der ideale Ort, um das Gef\u00fchl der Freiheit und des Kontakts mit der Natur wiederzuentdecken. Wir [&hellip;]<\/p>\n","protected":false},"author":1,"featured_media":7988,"parent":0,"menu_order":0,"comment_status":"closed","ping_status":"closed","template":"","meta":{"_et_pb_use_builder":"on","_et_pb_old_content":"","_et_gb_content_width":"","footnotes":""},"class_list":["post-8021","page","type-page","status-publish","has-post-thumbnail","hentry"],"yoast_head":"<!-- This site is optimized with the Yoast SEO plugin v27.2 - https:\/\/yoast.com\/product\/yoast-seo-wordpress\/ -->\n<title>Anti-Covid-Anpassungen - Bed and Breakfast Villa di Sotto<\/title>\n<meta name=\"description\" content=\"Anti-Covid-Anpassungen | Wir sind bereit, Sie sicher zu empfangen. Verpassen Sie nicht einen Urlaub, ob lang oder kurz, in v\u00f6lliger...\" \/>\n<meta name=\"robots\" content=\"index, follow, max-snippet:-1, max-image-preview:large, max-video-preview:-1\" \/>\n<link rel=\"canonical\" href=\"https:\/\/www.villadisotto.it\/de\/anti-covid-anpassungen\/\" \/>\n<meta property=\"og:locale\" content=\"de_DE\" \/>\n<meta property=\"og:type\" content=\"article\" \/>\n<meta property=\"og:title\" content=\"Anti-Covid-Anpassungen - Bed and Breakfast Villa di Sotto\" \/>\n<meta property=\"og:description\" content=\"Anti-Covid-Anpassungen | Wir sind bereit, Sie sicher zu empfangen. Verpassen Sie nicht einen Urlaub, ob lang oder kurz, in v\u00f6lliger...\" \/>\n<meta property=\"og:url\" content=\"https:\/\/www.villadisotto.it\/de\/anti-covid-anpassungen\/\" \/>\n<meta property=\"og:site_name\" content=\"Villa di Sotto\" \/>\n<meta property=\"article:modified_time\" content=\"2022-03-30T10:17:17+00:00\" \/>\n<meta property=\"og:image\" content=\"https:\/\/www.villadisotto.it\/wp-content\/uploads\/2020\/05\/IMG_7455.jpg\" \/>\n\t<meta property=\"og:image:width\" content=\"1800\" \/>\n\t<meta property=\"og:image:height\" content=\"1058\" \/>\n\t<meta property=\"og:image:type\" content=\"image\/jpeg\" \/>\n<meta name=\"twitter:card\" content=\"summary_large_image\" \/>\n<meta name=\"twitter:label1\" content=\"Gesch\u00e4tzte Lesezeit\" \/>\n\t<meta name=\"twitter:data1\" content=\"6\u00a0Minuten\" \/>\n<script type=\"application\/ld+json\" class=\"yoast-schema-graph\">{\"@context\":\"https:\/\/schema.org\",\"@graph\":[{\"@type\":\"WebPage\",\"@id\":\"https:\/\/www.villadisotto.it\/de\/anti-covid-anpassungen\/\",\"url\":\"https:\/\/www.villadisotto.it\/de\/anti-covid-anpassungen\/\",\"name\":\"Anti-Covid-Anpassungen - Bed and Breakfast Villa di Sotto\",\"isPartOf\":{\"@id\":\"https:\/\/www.villadisotto.it\/#website\"},\"primaryImageOfPage\":{\"@id\":\"https:\/\/www.villadisotto.it\/de\/anti-covid-anpassungen\/#primaryimage\"},\"image\":{\"@id\":\"https:\/\/www.villadisotto.it\/de\/anti-covid-anpassungen\/#primaryimage\"},\"thumbnailUrl\":\"https:\/\/www.villadisotto.it\/wp-content\/uploads\/2020\/05\/IMG_7455.jpg\",\"datePublished\":\"2020-05-27T08:28:45+00:00\",\"dateModified\":\"2022-03-30T10:17:17+00:00\",\"description\":\"Anti-Covid-Anpassungen | Wir sind bereit, Sie sicher zu empfangen. Verpassen Sie nicht einen Urlaub, ob lang oder kurz, in v\u00f6lliger...\",\"breadcrumb\":{\"@id\":\"https:\/\/www.villadisotto.it\/de\/anti-covid-anpassungen\/#breadcrumb\"},\"inLanguage\":\"de\",\"potentialAction\":[{\"@type\":\"ReadAction\",\"target\":[\"https:\/\/www.villadisotto.it\/de\/anti-covid-anpassungen\/\"]}]},{\"@type\":\"ImageObject\",\"inLanguage\":\"de\",\"@id\":\"https:\/\/www.villadisotto.it\/de\/anti-covid-anpassungen\/#primaryimage\",\"url\":\"https:\/\/www.villadisotto.it\/wp-content\/uploads\/2020\/05\/IMG_7455.jpg\",\"contentUrl\":\"https:\/\/www.villadisotto.it\/wp-content\/uploads\/2020\/05\/IMG_7455.jpg\",\"width\":1800,\"height\":1058,\"caption\":\"Uliveto - Villa di Sotto Restaurant\"},{\"@type\":\"BreadcrumbList\",\"@id\":\"https:\/\/www.villadisotto.it\/de\/anti-covid-anpassungen\/#breadcrumb\",\"itemListElement\":[{\"@type\":\"ListItem\",\"position\":1,\"name\":\"Home\",\"item\":\"https:\/\/www.villadisotto.it\/\"},{\"@type\":\"ListItem\",\"position\":2,\"name\":\"Anti-Covid-Anpassungen\"}]},{\"@type\":\"WebSite\",\"@id\":\"https:\/\/www.villadisotto.it\/#website\",\"url\":\"https:\/\/www.villadisotto.it\/\",\"name\":\"Villa di Sotto\",\"description\":\"Il cuore del Chianti\",\"potentialAction\":[{\"@type\":\"SearchAction\",\"target\":{\"@type\":\"EntryPoint\",\"urlTemplate\":\"https:\/\/www.villadisotto.it\/?s={search_term_string}\"},\"query-input\":{\"@type\":\"PropertyValueSpecification\",\"valueRequired\":true,\"valueName\":\"search_term_string\"}}],\"inLanguage\":\"de\"}]}<\/script>\n<!-- \/ Yoast SEO plugin. -->","yoast_head_json":{"title":"Anti-Covid-Anpassungen - Bed and Breakfast Villa di Sotto","description":"Anti-Covid-Anpassungen | Wir sind bereit, Sie sicher zu empfangen. Verpassen Sie nicht einen Urlaub, ob lang oder kurz, in v\u00f6lliger...","robots":{"index":"index","follow":"follow","max-snippet":"max-snippet:-1","max-image-preview":"max-image-preview:large","max-video-preview":"max-video-preview:-1"},"canonical":"https:\/\/www.villadisotto.it\/de\/anti-covid-anpassungen\/","og_locale":"de_DE","og_type":"article","og_title":"Anti-Covid-Anpassungen - Bed and Breakfast Villa di Sotto","og_description":"Anti-Covid-Anpassungen | Wir sind bereit, Sie sicher zu empfangen. Verpassen Sie nicht einen Urlaub, ob lang oder kurz, in v\u00f6lliger...","og_url":"https:\/\/www.villadisotto.it\/de\/anti-covid-anpassungen\/","og_site_name":"Villa di Sotto","article_modified_time":"2022-03-30T10:17:17+00:00","og_image":[{"width":1800,"height":1058,"url":"https:\/\/www.villadisotto.it\/wp-content\/uploads\/2020\/05\/IMG_7455.jpg","type":"image\/jpeg"}],"twitter_card":"summary_large_image","twitter_misc":{"Gesch\u00e4tzte Lesezeit":"6\u00a0Minuten"},"schema":{"@context":"https:\/\/schema.org","@graph":[{"@type":"WebPage","@id":"https:\/\/www.villadisotto.it\/de\/anti-covid-anpassungen\/","url":"https:\/\/www.villadisotto.it\/de\/anti-covid-anpassungen\/","name":"Anti-Covid-Anpassungen - Bed and Breakfast Villa di Sotto","isPartOf":{"@id":"https:\/\/www.villadisotto.it\/#website"},"primaryImageOfPage":{"@id":"https:\/\/www.villadisotto.it\/de\/anti-covid-anpassungen\/#primaryimage"},"image":{"@id":"https:\/\/www.villadisotto.it\/de\/anti-covid-anpassungen\/#primaryimage"},"thumbnailUrl":"https:\/\/www.villadisotto.it\/wp-content\/uploads\/2020\/05\/IMG_7455.jpg","datePublished":"2020-05-27T08:28:45+00:00","dateModified":"2022-03-30T10:17:17+00:00","description":"Anti-Covid-Anpassungen | Wir sind bereit, Sie sicher zu empfangen. Verpassen Sie nicht einen Urlaub, ob lang oder kurz, in v\u00f6lliger...","breadcrumb":{"@id":"https:\/\/www.villadisotto.it\/de\/anti-covid-anpassungen\/#breadcrumb"},"inLanguage":"de","potentialAction":[{"@type":"ReadAction","target":["https:\/\/www.villadisotto.it\/de\/anti-covid-anpassungen\/"]}]},{"@type":"ImageObject","inLanguage":"de","@id":"https:\/\/www.villadisotto.it\/de\/anti-covid-anpassungen\/#primaryimage","url":"https:\/\/www.villadisotto.it\/wp-content\/uploads\/2020\/05\/IMG_7455.jpg","contentUrl":"https:\/\/www.villadisotto.it\/wp-content\/uploads\/2020\/05\/IMG_7455.jpg","width":1800,"height":1058,"caption":"Uliveto - Villa di Sotto Restaurant"},{"@type":"BreadcrumbList","@id":"https:\/\/www.villadisotto.it\/de\/anti-covid-anpassungen\/#breadcrumb","itemListElement":[{"@type":"ListItem","position":1,"name":"Home","item":"https:\/\/www.villadisotto.it\/"},{"@type":"ListItem","position":2,"name":"Anti-Covid-Anpassungen"}]},{"@type":"WebSite","@id":"https:\/\/www.villadisotto.it\/#website","url":"https:\/\/www.villadisotto.it\/","name":"Villa di Sotto","description":"Il cuore del Chianti","potentialAction":[{"@type":"SearchAction","target":{"@type":"EntryPoint","urlTemplate":"https:\/\/www.villadisotto.it\/?s={search_term_string}"},"query-input":{"@type":"PropertyValueSpecification","valueRequired":true,"valueName":"search_term_string"}}],"inLanguage":"de"}]}},"_links":{"self":[{"href":"https:\/\/www.villadisotto.it\/de\/wp-json\/wp\/v2\/pages\/8021","targetHints":{"allow":["GET"]}}],"collection":[{"href":"https:\/\/www.villadisotto.it\/de\/wp-json\/wp\/v2\/pages"}],"about":[{"href":"https:\/\/www.villadisotto.it\/de\/wp-json\/wp\/v2\/types\/page"}],"author":[{"embeddable":true,"href":"https:\/\/www.villadisotto.it\/de\/wp-json\/wp\/v2\/users\/1"}],"replies":[{"embeddable":true,"href":"https:\/\/www.villadisotto.it\/de\/wp-json\/wp\/v2\/comments?post=8021"}],"version-history":[{"count":45,"href":"https:\/\/www.villadisotto.it\/de\/wp-json\/wp\/v2\/pages\/8021\/revisions"}],"predecessor-version":[{"id":22518,"href":"https:\/\/www.villadisotto.it\/de\/wp-json\/wp\/v2\/pages\/8021\/revisions\/22518"}],"wp:featuredmedia":[{"embeddable":true,"href":"https:\/\/www.villadisotto.it\/de\/wp-json\/wp\/v2\/media\/7988"}],"wp:attachment":[{"href":"https:\/\/www.villadisotto.it\/de\/wp-json\/wp\/v2\/media?parent=8021"}],"curies":[{"name":"wp","href":"https:\/\/api.w.org\/{rel}","templated":true}]}}