{"id":5611,"date":"2019-12-11T12:54:16","date_gmt":"2019-12-11T11:54:16","guid":{"rendered":"https:\/\/www.villadisotto.it\/aktivitaeten-und-erfahrungen-in-der-toskanischen-landschaft\/"},"modified":"2026-03-30T16:35:14","modified_gmt":"2026-03-30T14:35:14","slug":"aktivitaeten-und-erfahrungen-in-der-toskanischen-landschaft","status":"publish","type":"page","link":"https:\/\/www.villadisotto.it\/de\/aktivitaeten-und-erfahrungen-in-der-toskanischen-landschaft\/","title":{"rendered":"Aktivit\u00e4ten und Erfahrungen in der toskanischen Landschaft"},"content":{"rendered":"<p>[et_pb_section fb_built=\"1\" _builder_version=\"4.16\" custom_padding=\"32px|0px|31px|0px|false|false\" global_colors_info=\"{}\"][et_pb_row _builder_version=\"4.24.2\" max_width=\"850px\" custom_padding=\"27px|0px|7px|0px|false|false\" locked=\"off\" global_colors_info=\"{}\"][et_pb_column type=\"4_4\" _builder_version=\"4.16\" custom_padding=\"|||\" global_colors_info=\"{}\" custom_padding__hover=\"|||\"][et_pb_text _builder_version=\"4.27.4\" header_font=\"Petit Formal Script|700|||||||\" header_line_height=\"1.5em\" header_2_font=\"Petit Formal Script|700|||||||\" header_2_font_size=\"30px\" header_2_line_height=\"1.3em\" header_font_size_tablet=\"\" header_font_size_phone=\"25px\" header_font_size_last_edited=\"on|phone\" global_colors_info=\"{}\"]<\/p>\n<h1 style=\"text-align: center;\">Was Sie im Chianti Classico Gebiet tun k\u00f6nnen<\/h1>\n<p style=\"text-align: center;\"><strong>Villa di Sotto bietet Ihnen einige Erfahrungen und Aktivit\u00e4ten, die Sie vor Ort und rund um das Haus durchf\u00fchren k\u00f6nnen.<\/strong><\/p>\n<p style=\"text-align: center;\">Unsere Familie oder qualifiziertes Personal wird Sie zu jedem dieser Orte begleiten, damit Sie eine einzigartige Erfahrung machen k\u00f6nnen, die Ihr Leben bereichert!<\/p>\n<p style=\"text-align: center;\">[\/et_pb_text][\/et_pb_column][\/et_pb_row][et_pb_row column_structure=\"1_2,1_2\" use_custom_gutter=\"on\" gutter_width=\"2\" _builder_version=\"4.24.2\" _module_preset=\"default\" global_colors_info=\"{}\"][et_pb_column type=\"1_2\" _builder_version=\"4.24.2\" _module_preset=\"default\" global_colors_info=\"{}\"][et_pb_blurb title=\"Entspannungsmassage\" url=\"https:\/\/www.villadisotto.it\/de\/entspannungsmassage\/\" image=\"https:\/\/www.villadisotto.it\/wp-content\/uploads\/2026\/03\/massaggionelluliveta.jpg\" _builder_version=\"4.27.6\" header_font=\"Petit Formal Script|700|||||||\" header_text_align=\"center\" header_font_size=\"21px\" custom_padding=\"||10px\" animation=\"off\" link_option_url=\"https:\/\/www.villadisotto.it\/de\/entspannungsmassage\/\" border_radii_image=\"on|4px|4px|4px|4px\" box_shadow_style=\"preset1\" global_colors_info=\"{}\"][\/et_pb_blurb][\/et_pb_column][et_pb_column type=\"1_2\" _builder_version=\"4.24.2\" _module_preset=\"default\" global_colors_info=\"{}\"][et_pb_blurb title=\"Muskelerwachen\" url=\"https:\/\/www.villadisotto.it\/de\/muskelerwachen\/\" image=\"https:\/\/www.villadisotto.it\/wp-content\/uploads\/2024\/02\/risveglio-muscolare.jpg\" _builder_version=\"4.24.2\" header_font=\"Petit Formal Script|700|||||||\" header_text_align=\"center\" header_font_size=\"21px\" custom_padding=\"||10px\" animation=\"off\" link_option_url=\"https:\/\/www.villadisotto.it\/de\/muskelerwachen\/\" border_radii_image=\"on|4px|4px|4px|4px\" box_shadow_style=\"preset1\" global_colors_info=\"{}\"][\/et_pb_blurb][\/et_pb_column][\/et_pb_row][et_pb_row column_structure=\"1_2,1_2\" use_custom_gutter=\"on\" gutter_width=\"2\" custom_padding_last_edited=\"on|phone\" module_class=\" et_pb_row_fullwidth\" _builder_version=\"4.24.2\" width_tablet=\"80%\" width_last_edited=\"off|desktop\" max_width_tablet=\"80%\" max_width_last_edited=\"off|desktop\" custom_margin=\"|||||true\" custom_padding_tablet=\"\" custom_padding_phone=\"|0px||0px||true\" border_radii=\"on|4px|4px|4px|4px\" make_fullwidth=\"on\" global_colors_info=\"{}\"][et_pb_column type=\"1_2\" _builder_version=\"4.16\" custom_padding=\"|||\" global_colors_info=\"{}\" custom_padding__hover=\"|||\"][et_pb_blurb title=\"Trekking im Chianti\" url=\"https:\/\/www.villadisotto.it\/de\/trekking-im-chianti\/\" image=\"https:\/\/www.villadisotto.it\/wp-content\/uploads\/2024\/02\/VdSL-3137.jpg\" _builder_version=\"4.24.2\" header_font=\"Petit Formal Script|700|||||||\" header_text_align=\"center\" header_font_size=\"21px\" custom_padding=\"||10px\" animation=\"off\" link_option_url=\"https:\/\/www.villadisotto.it\/de\/trekking-im-chianti\/\" border_radii_image=\"on|4px|4px|4px|4px\" box_shadow_style=\"preset1\" global_colors_info=\"{}\"][\/et_pb_blurb][\/et_pb_column][et_pb_column type=\"1_2\" _builder_version=\"4.24.2\" _module_preset=\"default\" global_colors_info=\"{}\"][et_pb_blurb title=\"Gef\u00fchrte Fahrradtour\" url=\"https:\/\/www.villadisotto.it\/de\/gefuehrte-fahrradtour\/\" image=\"https:\/\/www.villadisotto.it\/wp-content\/uploads\/2024\/03\/bici-1.jpg\" _builder_version=\"4.24.2\" header_font=\"Petit Formal Script|700|||||||\" header_text_align=\"center\" header_font_size=\"21px\" custom_padding=\"||10px\" animation=\"off\" link_option_url=\"https:\/\/www.villadisotto.it\/de\/gefuehrte-fahrradtour\/\" border_radii_image=\"on|4px|4px|4px|4px\" box_shadow_style=\"preset1\" global_colors_info=\"{}\"][\/et_pb_blurb][\/et_pb_column][\/et_pb_row][et_pb_row column_structure=\"1_2,1_2\" use_custom_gutter=\"on\" gutter_width=\"2\" _builder_version=\"4.24.2\" _module_preset=\"default\" global_colors_info=\"{}\"][et_pb_column type=\"1_2\" _builder_version=\"4.27.4\" _module_preset=\"default\" global_colors_info=\"{}\"][et_pb_blurb title=\"Hei\u00dfluftballonfahrt\" url=\"https:\/\/www.villadisotto.it\/de\/heissluftballonfahrt\/\" image=\"https:\/\/www.villadisotto.it\/wp-content\/uploads\/2024\/02\/mongolfiera.jpg\" _builder_version=\"4.24.2\" header_font=\"Petit Formal Script|700|||||||\" header_text_align=\"center\" header_font_size=\"21px\" custom_padding=\"||10px\" animation=\"off\" link_option_url=\"https:\/\/www.villadisotto.it\/de\/heissluftballonfahrt\/\" border_radii_image=\"on|4px|4px|4px|4px\" box_shadow_style=\"preset1\" global_colors_info=\"{}\"][\/et_pb_blurb][et_pb_blurb title=\"Kochschule\" url=\"https:\/\/www.villadisotto.it\/de\/kochkurse\/\" image=\"https:\/\/www.villadisotto.it\/wp-content\/uploads\/2024\/02\/scuola-cucina.jpg\" disabled_on=\"on|on|on\" _builder_version=\"4.27.6\" header_font=\"Petit Formal Script|700|||||||\" header_text_align=\"center\" header_font_size=\"21px\" custom_padding=\"||10px\" animation=\"off\" link_option_url=\"https:\/\/www.villadisotto.it\/de\/kochkurse\/\" border_radii_image=\"on|4px|4px|4px|4px\" box_shadow_style=\"preset1\" disabled=\"on\" global_colors_info=\"{}\"][\/et_pb_blurb][\/et_pb_column][et_pb_column type=\"1_2\" _builder_version=\"4.24.2\" _module_preset=\"default\" global_colors_info=\"{}\"][et_pb_blurb title=\"Weinprobe\" url=\"https:\/\/www.villadisotto.it\/de\/weinprobe-im-chianti-classico-gebiet\/\" image=\"https:\/\/www.villadisotto.it\/wp-content\/uploads\/2019\/04\/vino-enoteca-villa-di-sotto.jpg\" _builder_version=\"4.17.3\" header_font=\"Petit Formal Script|700|||||||\" header_text_align=\"center\" header_font_size=\"21px\" custom_padding=\"||10px\" animation=\"off\" link_option_url=\"https:\/\/www.villadisotto.it\/de\/weinprobe-im-chianti-classico-gebiet\/\" border_radii_image=\"on|4px|4px|4px|4px\" box_shadow_style=\"preset1\" global_colors_info=\"{}\"][\/et_pb_blurb][\/et_pb_column][\/et_pb_row][et_pb_row column_structure=\"1_2,1_2\" use_custom_gutter=\"on\" gutter_width=\"2\" _builder_version=\"4.24.2\" _module_preset=\"default\" global_colors_info=\"{}\"][et_pb_column type=\"1_2\" _builder_version=\"4.24.2\" _module_preset=\"default\" global_colors_info=\"{}\"][\/et_pb_column][et_pb_column type=\"1_2\" _builder_version=\"4.24.2\" _module_preset=\"default\" global_colors_info=\"{}\"][\/et_pb_column][\/et_pb_row][et_pb_row column_structure=\"1_2,1_2\" use_custom_gutter=\"on\" gutter_width=\"2\" _builder_version=\"4.24.2\" _module_preset=\"default\" global_colors_info=\"{}\"][et_pb_column type=\"1_2\" _builder_version=\"4.24.2\" _module_preset=\"default\" global_colors_info=\"{}\"][et_pb_blurb title=\"Reiten\" url=\"https:\/\/www.villadisotto.it\/de\/?page_id=26765\" image=\"https:\/\/www.villadisotto.it\/wp-content\/uploads\/2024\/03\/passegacavallo.jpg\" disabled_on=\"on|on|on\" _builder_version=\"4.27.5\" header_font=\"Petit Formal Script|700|||||||\" header_text_align=\"center\" header_font_size=\"21px\" custom_padding=\"||10px\" animation=\"off\" link_option_url=\"https:\/\/www.villadisotto.it\/de\/?page_id=26765\" border_radii_image=\"on|4px|4px|4px|4px\" box_shadow_style=\"preset1\" disabled=\"on\" global_colors_info=\"{}\"][\/et_pb_blurb][\/et_pb_column][et_pb_column type=\"1_2\" _builder_version=\"4.24.2\" _module_preset=\"default\" global_colors_info=\"{}\"][et_pb_blurb title=\"Weinmalerei\" url=\"https:\/\/www.villadisotto.it\/de\/?page_id=26590\" image=\"https:\/\/www.villadisotto.it\/wp-content\/uploads\/2024\/02\/wine-painting.jpg\" disabled_on=\"on|on|on\" _builder_version=\"4.27.5\" header_font=\"Petit Formal Script|700|||||||\" header_text_align=\"center\" header_font_size=\"21px\" custom_padding=\"||10px\" animation=\"off\" link_option_url=\"https:\/\/www.villadisotto.it\/de\/?page_id=26590\" border_radii_image=\"on|4px|4px|4px|4px\" box_shadow_style=\"preset1\" disabled=\"on\" global_colors_info=\"{}\"][\/et_pb_blurb][\/et_pb_column][\/et_pb_row][\/et_pb_section]<\/p>\n","protected":false},"excerpt":{"rendered":"<p>Was Sie im Chianti Classico Gebiet tun k\u00f6nnen Villa di Sotto bietet Ihnen einige Erfahrungen und Aktivit\u00e4ten, die Sie vor Ort und rund um das Haus durchf\u00fchren k\u00f6nnen. Unsere Familie oder qualifiziertes Personal wird Sie zu jedem dieser Orte begleiten, damit Sie eine einzigartige Erfahrung machen k\u00f6nnen, die Ihr Leben bereichert!<\/p>\n","protected":false},"author":1,"featured_media":5552,"parent":0,"menu_order":0,"comment_status":"closed","ping_status":"closed","template":"","meta":{"_et_pb_use_builder":"on","_et_pb_old_content":"","_et_gb_content_width":"","footnotes":""},"class_list":["post-5611","page","type-page","status-publish","has-post-thumbnail","hentry"],"yoast_head":"<!-- This site is optimized with the Yoast SEO plugin v27.2 - https:\/\/yoast.com\/product\/yoast-seo-wordpress\/ -->\n<title>Aktivit\u00e4ten und Erfahrungen in der toskanischen Landschaft - Bed and Breakfast Villa di Sotto<\/title>\n<meta name=\"description\" content=\"Aktivit\u00e4ten und Erfahrungen in der toskanischen Landschaft | Villa di Sotto bietet Ihnen einige Erfahrungen und Aktivit\u00e4ten, die Sie vor Ort und rund um das Haus durchf\u00fchren k\u00f6nnen...\" \/>\n<meta name=\"robots\" content=\"index, follow, max-snippet:-1, max-image-preview:large, max-video-preview:-1\" \/>\n<link rel=\"canonical\" href=\"https:\/\/www.villadisotto.it\/de\/aktivitaeten-und-erfahrungen-in-der-toskanischen-landschaft\/\" \/>\n<meta property=\"og:locale\" content=\"de_DE\" \/>\n<meta property=\"og:type\" content=\"article\" \/>\n<meta property=\"og:title\" content=\"Aktivit\u00e4ten und Erfahrungen in der toskanischen Landschaft - Bed and Breakfast Villa di Sotto\" \/>\n<meta property=\"og:description\" content=\"Aktivit\u00e4ten und Erfahrungen in der toskanischen Landschaft | Villa di Sotto bietet Ihnen einige Erfahrungen und Aktivit\u00e4ten, die Sie vor Ort und rund um das Haus durchf\u00fchren k\u00f6nnen...\" \/>\n<meta property=\"og:url\" content=\"https:\/\/www.villadisotto.it\/de\/aktivitaeten-und-erfahrungen-in-der-toskanischen-landschaft\/\" \/>\n<meta property=\"og:site_name\" content=\"Villa di Sotto\" \/>\n<meta property=\"article:modified_time\" content=\"2026-03-30T14:35:14+00:00\" \/>\n<meta property=\"og:image\" content=\"https:\/\/www.villadisotto.it\/wp-content\/uploads\/2019\/12\/Vigna.jpg\" \/>\n\t<meta property=\"og:image:width\" content=\"1900\" \/>\n\t<meta property=\"og:image:height\" content=\"1247\" \/>\n\t<meta property=\"og:image:type\" content=\"image\/jpeg\" \/>\n<meta name=\"twitter:card\" content=\"summary_large_image\" \/>\n<meta name=\"twitter:label1\" content=\"Gesch\u00e4tzte Lesezeit\" \/>\n\t<meta name=\"twitter:data1\" content=\"6\u00a0Minuten\" \/>\n<script type=\"application\/ld+json\" class=\"yoast-schema-graph\">{\"@context\":\"https:\/\/schema.org\",\"@graph\":[{\"@type\":\"WebPage\",\"@id\":\"https:\/\/www.villadisotto.it\/de\/aktivitaeten-und-erfahrungen-in-der-toskanischen-landschaft\/\",\"url\":\"https:\/\/www.villadisotto.it\/de\/aktivitaeten-und-erfahrungen-in-der-toskanischen-landschaft\/\",\"name\":\"Aktivit\u00e4ten und Erfahrungen in der toskanischen Landschaft - Bed and Breakfast Villa di Sotto\",\"isPartOf\":{\"@id\":\"https:\/\/www.villadisotto.it\/#website\"},\"primaryImageOfPage\":{\"@id\":\"https:\/\/www.villadisotto.it\/de\/aktivitaeten-und-erfahrungen-in-der-toskanischen-landschaft\/#primaryimage\"},\"image\":{\"@id\":\"https:\/\/www.villadisotto.it\/de\/aktivitaeten-und-erfahrungen-in-der-toskanischen-landschaft\/#primaryimage\"},\"thumbnailUrl\":\"https:\/\/www.villadisotto.it\/wp-content\/uploads\/2019\/12\/Vigna.jpg\",\"datePublished\":\"2019-12-11T11:54:16+00:00\",\"dateModified\":\"2026-03-30T14:35:14+00:00\",\"description\":\"Aktivit\u00e4ten und Erfahrungen in der toskanischen Landschaft | Villa di Sotto bietet Ihnen einige Erfahrungen und Aktivit\u00e4ten, die Sie vor Ort und rund um das Haus durchf\u00fchren k\u00f6nnen...\",\"breadcrumb\":{\"@id\":\"https:\/\/www.villadisotto.it\/de\/aktivitaeten-und-erfahrungen-in-der-toskanischen-landschaft\/#breadcrumb\"},\"inLanguage\":\"de\",\"potentialAction\":[{\"@type\":\"ReadAction\",\"target\":[\"https:\/\/www.villadisotto.it\/de\/aktivitaeten-und-erfahrungen-in-der-toskanischen-landschaft\/\"]}]},{\"@type\":\"ImageObject\",\"inLanguage\":\"de\",\"@id\":\"https:\/\/www.villadisotto.it\/de\/aktivitaeten-und-erfahrungen-in-der-toskanischen-landschaft\/#primaryimage\",\"url\":\"https:\/\/www.villadisotto.it\/wp-content\/uploads\/2019\/12\/Vigna.jpg\",\"contentUrl\":\"https:\/\/www.villadisotto.it\/wp-content\/uploads\/2019\/12\/Vigna.jpg\",\"width\":1900,\"height\":1247,\"caption\":\"Ruffini - Villa di Sotto\"},{\"@type\":\"BreadcrumbList\",\"@id\":\"https:\/\/www.villadisotto.it\/de\/aktivitaeten-und-erfahrungen-in-der-toskanischen-landschaft\/#breadcrumb\",\"itemListElement\":[{\"@type\":\"ListItem\",\"position\":1,\"name\":\"Home\",\"item\":\"https:\/\/www.villadisotto.it\/\"},{\"@type\":\"ListItem\",\"position\":2,\"name\":\"Aktivit\u00e4ten und Erfahrungen in der toskanischen Landschaft\"}]},{\"@type\":\"WebSite\",\"@id\":\"https:\/\/www.villadisotto.it\/#website\",\"url\":\"https:\/\/www.villadisotto.it\/\",\"name\":\"Villa di Sotto\",\"description\":\"Il cuore del Chianti\",\"potentialAction\":[{\"@type\":\"SearchAction\",\"target\":{\"@type\":\"EntryPoint\",\"urlTemplate\":\"https:\/\/www.villadisotto.it\/?s={search_term_string}\"},\"query-input\":{\"@type\":\"PropertyValueSpecification\",\"valueRequired\":true,\"valueName\":\"search_term_string\"}}],\"inLanguage\":\"de\"}]}<\/script>\n<!-- \/ Yoast SEO plugin. -->","yoast_head_json":{"title":"Aktivit\u00e4ten und Erfahrungen in der toskanischen Landschaft - Bed and Breakfast Villa di Sotto","description":"Aktivit\u00e4ten und Erfahrungen in der toskanischen Landschaft | Villa di Sotto bietet Ihnen einige Erfahrungen und Aktivit\u00e4ten, die Sie vor Ort und rund um das Haus durchf\u00fchren k\u00f6nnen...","robots":{"index":"index","follow":"follow","max-snippet":"max-snippet:-1","max-image-preview":"max-image-preview:large","max-video-preview":"max-video-preview:-1"},"canonical":"https:\/\/www.villadisotto.it\/de\/aktivitaeten-und-erfahrungen-in-der-toskanischen-landschaft\/","og_locale":"de_DE","og_type":"article","og_title":"Aktivit\u00e4ten und Erfahrungen in der toskanischen Landschaft - Bed and Breakfast Villa di Sotto","og_description":"Aktivit\u00e4ten und Erfahrungen in der toskanischen Landschaft | Villa di Sotto bietet Ihnen einige Erfahrungen und Aktivit\u00e4ten, die Sie vor Ort und rund um das Haus durchf\u00fchren k\u00f6nnen...","og_url":"https:\/\/www.villadisotto.it\/de\/aktivitaeten-und-erfahrungen-in-der-toskanischen-landschaft\/","og_site_name":"Villa di Sotto","article_modified_time":"2026-03-30T14:35:14+00:00","og_image":[{"width":1900,"height":1247,"url":"https:\/\/www.villadisotto.it\/wp-content\/uploads\/2019\/12\/Vigna.jpg","type":"image\/jpeg"}],"twitter_card":"summary_large_image","twitter_misc":{"Gesch\u00e4tzte Lesezeit":"6\u00a0Minuten"},"schema":{"@context":"https:\/\/schema.org","@graph":[{"@type":"WebPage","@id":"https:\/\/www.villadisotto.it\/de\/aktivitaeten-und-erfahrungen-in-der-toskanischen-landschaft\/","url":"https:\/\/www.villadisotto.it\/de\/aktivitaeten-und-erfahrungen-in-der-toskanischen-landschaft\/","name":"Aktivit\u00e4ten und Erfahrungen in der toskanischen Landschaft - Bed and Breakfast Villa di Sotto","isPartOf":{"@id":"https:\/\/www.villadisotto.it\/#website"},"primaryImageOfPage":{"@id":"https:\/\/www.villadisotto.it\/de\/aktivitaeten-und-erfahrungen-in-der-toskanischen-landschaft\/#primaryimage"},"image":{"@id":"https:\/\/www.villadisotto.it\/de\/aktivitaeten-und-erfahrungen-in-der-toskanischen-landschaft\/#primaryimage"},"thumbnailUrl":"https:\/\/www.villadisotto.it\/wp-content\/uploads\/2019\/12\/Vigna.jpg","datePublished":"2019-12-11T11:54:16+00:00","dateModified":"2026-03-30T14:35:14+00:00","description":"Aktivit\u00e4ten und Erfahrungen in der toskanischen Landschaft | Villa di Sotto bietet Ihnen einige Erfahrungen und Aktivit\u00e4ten, die Sie vor Ort und rund um das Haus durchf\u00fchren k\u00f6nnen...","breadcrumb":{"@id":"https:\/\/www.villadisotto.it\/de\/aktivitaeten-und-erfahrungen-in-der-toskanischen-landschaft\/#breadcrumb"},"inLanguage":"de","potentialAction":[{"@type":"ReadAction","target":["https:\/\/www.villadisotto.it\/de\/aktivitaeten-und-erfahrungen-in-der-toskanischen-landschaft\/"]}]},{"@type":"ImageObject","inLanguage":"de","@id":"https:\/\/www.villadisotto.it\/de\/aktivitaeten-und-erfahrungen-in-der-toskanischen-landschaft\/#primaryimage","url":"https:\/\/www.villadisotto.it\/wp-content\/uploads\/2019\/12\/Vigna.jpg","contentUrl":"https:\/\/www.villadisotto.it\/wp-content\/uploads\/2019\/12\/Vigna.jpg","width":1900,"height":1247,"caption":"Ruffini - Villa di Sotto"},{"@type":"BreadcrumbList","@id":"https:\/\/www.villadisotto.it\/de\/aktivitaeten-und-erfahrungen-in-der-toskanischen-landschaft\/#breadcrumb","itemListElement":[{"@type":"ListItem","position":1,"name":"Home","item":"https:\/\/www.villadisotto.it\/"},{"@type":"ListItem","position":2,"name":"Aktivit\u00e4ten und Erfahrungen in der toskanischen Landschaft"}]},{"@type":"WebSite","@id":"https:\/\/www.villadisotto.it\/#website","url":"https:\/\/www.villadisotto.it\/","name":"Villa di Sotto","description":"Il cuore del Chianti","potentialAction":[{"@type":"SearchAction","target":{"@type":"EntryPoint","urlTemplate":"https:\/\/www.villadisotto.it\/?s={search_term_string}"},"query-input":{"@type":"PropertyValueSpecification","valueRequired":true,"valueName":"search_term_string"}}],"inLanguage":"de"}]}},"_links":{"self":[{"href":"https:\/\/www.villadisotto.it\/de\/wp-json\/wp\/v2\/pages\/5611","targetHints":{"allow":["GET"]}}],"collection":[{"href":"https:\/\/www.villadisotto.it\/de\/wp-json\/wp\/v2\/pages"}],"about":[{"href":"https:\/\/www.villadisotto.it\/de\/wp-json\/wp\/v2\/types\/page"}],"author":[{"embeddable":true,"href":"https:\/\/www.villadisotto.it\/de\/wp-json\/wp\/v2\/users\/1"}],"replies":[{"embeddable":true,"href":"https:\/\/www.villadisotto.it\/de\/wp-json\/wp\/v2\/comments?post=5611"}],"version-history":[{"count":54,"href":"https:\/\/www.villadisotto.it\/de\/wp-json\/wp\/v2\/pages\/5611\/revisions"}],"predecessor-version":[{"id":31099,"href":"https:\/\/www.villadisotto.it\/de\/wp-json\/wp\/v2\/pages\/5611\/revisions\/31099"}],"wp:featuredmedia":[{"embeddable":true,"href":"https:\/\/www.villadisotto.it\/de\/wp-json\/wp\/v2\/media\/5552"}],"wp:attachment":[{"href":"https:\/\/www.villadisotto.it\/de\/wp-json\/wp\/v2\/media?parent=5611"}],"curies":[{"name":"wp","href":"https:\/\/api.w.org\/{rel}","templated":true}]}}