{"id":26874,"date":"2024-03-07T09:40:27","date_gmt":"2024-03-07T08:40:27","guid":{"rendered":"https:\/\/www.villadisotto.it\/gefuehrte-fahrradtour\/"},"modified":"2024-11-07T09:53:50","modified_gmt":"2024-11-07T08:53:50","slug":"gefuehrte-fahrradtour","status":"publish","type":"page","link":"https:\/\/www.villadisotto.it\/de\/gefuehrte-fahrradtour\/","title":{"rendered":"Gef\u00fchrte Fahrradtour"},"content":{"rendered":"<p>[et_pb_section fb_built=\"1\" custom_padding_last_edited=\"on|phone\" _builder_version=\"4.24.2\" background_image=\"https:\/\/www.villadisotto.it\/wp-content\/uploads\/2024\/03\/IMG_0556.jpg\" custom_padding=\"230px|0px|230px|0px|true|false\" custom_padding_tablet=\"\" custom_padding_phone=\"150px||150px||true\" global_colors_info=\"{}\"][et_pb_row _builder_version=\"4.16\" custom_padding=\"||76px|||\" global_colors_info=\"{}\"][et_pb_column type=\"4_4\" _builder_version=\"4.16\" custom_padding=\"|||\" global_colors_info=\"{}\" custom_padding__hover=\"|||\"][et_pb_text _builder_version=\"4.24.2\" header_font=\"Petit Formal Script|700|||||||\" header_font_size=\"46px\" min_height=\"59px\" header_font_size_tablet=\"\" header_font_size_phone=\"30px\" header_font_size_last_edited=\"on|phone\" global_colors_info=\"{}\"]<\/p>\n<h1 style=\"text-align: left;\">\n            <span color=\"#ffffff\" style=\"color: #ffffff;\">Gef\u00fchrte Fahrradtour<\/span><br \/>\n          <\/h1>\n<p>[\/et_pb_text][\/et_pb_column][\/et_pb_row][\/et_pb_section][et_pb_section fb_built=\"1\" _builder_version=\"4.16\" custom_padding=\"25px|0px|0px|0px|false|false\" global_colors_info=\"{}\"][et_pb_row _builder_version=\"4.16\" background_size=\"initial\" background_position=\"top_left\" background_repeat=\"repeat\" width=\"60%\" width_tablet=\"80%\" width_phone=\"\" width_last_edited=\"on|phone\" max_width=\"1250px\" custom_padding=\"0px||24px|||\" global_colors_info=\"{}\"][et_pb_column type=\"4_4\" _builder_version=\"4.16\" custom_padding=\"|||\" global_colors_info=\"{}\" custom_padding__hover=\"|||\"][et_pb_text _builder_version=\"4.24.2\" header_font=\"Petit Formal Script|700|||||||\" header_line_height=\"1.5em\" header_2_font=\"Petit Formal Script|700|||||||\" background_size=\"initial\" background_position=\"top_left\" background_repeat=\"repeat\" width=\"100%\" custom_padding=\"31px|||||\" header_font_size_tablet=\"\" header_font_size_phone=\"25px\" header_font_size_last_edited=\"on|phone\" global_colors_info=\"{}\"]<\/p>\n<h1 style=\"text-align: center;\">Jede Fahrt eine Emotion!<\/h1>\n<p style=\"text-align: center;\">\n            <strong>Die Wunder der Toskana auf dem Fahrrad<\/strong>\n          <\/p>\n<p style=\"text-align: center;\">W\u00e4rmen Sie Ihre Muskeln auf und begeben Sie sich auf eine gef\u00fchrte Fahrradtour durch die gewundenen und sch\u00f6nen toskanischen Wege.<\/p>\n<p style=\"text-align: center;\">Jede Route hat ihre eigenen Merkmale, so dass diese Aktivit\u00e4t f\u00fcr jeden geeignet ist.<\/p>\n<p style=\"text-align: center;\">\n            <em>Der Mehrwert besteht darin, dass Sie an nichts anderes denken m\u00fcssen, als die Fahrt zu genie\u00dfen.<\/em>\n          <\/p>\n<p style=\"text-align: center;\">\n            <em>Road bike, Gravel bike, Mountain bike e E-bike, Sie haben die Wahl!<\/em>\n          <\/p>\n<p style=\"text-align: center;\">\n            <strong>Genie\u00dfen Sie die Landschaft und Ihr Zweirad-Abenteuer im Chianti Classico-Gebiet!<\/strong>\n          <\/p>\n<p style=\"text-align: center;\">\n            <strong><\/strong>\n          <\/p>\n<p style=\"text-align: center;\">Die Anfrage f\u00fcr eine Fahrradtour ist jetzt noch einfacher:<\/p>\n<p style=\"text-align: center;\"><a href=\"https:\/\/www.villadisotto.it\/de\/anfrage-zur-verfuegbarkeit\/\">BUCHEN SIE JETZT<\/a>, f\u00fcgen Sie es zu Ihrem Aufenthalt hinzu und wir werden Sie so schnell wie m\u00f6glich kontaktieren, um Sie \u00fcber die Verf\u00fcgbarkeit zu informieren.<\/p>\n<p>[\/et_pb_text][et_pb_button button_text=\"Buchen Sie jetzt Ihren Urlaub\" _builder_version=\"4.24.2\" _module_preset=\"default\" hover_enabled=\"0\" sticky_enabled=\"0\" button_alignment=\"center\" button_url=\"https:\/\/www.villadisotto.it\/#prenota\" locked=\"off\"][\/et_pb_button][\/et_pb_column][\/et_pb_row][\/et_pb_section][et_pb_section fb_built=\"1\" _builder_version=\"4.16\" background_enable_color=\"off\" background_enable_image=\"off\" background_position=\"top_left\" background_repeat=\"repeat\" custom_padding=\"1px||42px|||\" global_colors_info=\"{}\"][et_pb_row column_structure=\"1_3,1_3,1_3\" _builder_version=\"4.24.2\" _module_preset=\"default\" custom_padding=\"15px|||||\" global_colors_info=\"{}\"][et_pb_column type=\"1_3\" _builder_version=\"4.24.2\" _module_preset=\"default\" global_colors_info=\"{}\"][et_pb_gallery gallery_ids=\"26805\" posts_number=\"3\" show_title_and_caption=\"off\" _builder_version=\"4.24.2\" _module_preset=\"default\" global_colors_info=\"{}\"][\/et_pb_gallery][\/et_pb_column][et_pb_column type=\"1_3\" _builder_version=\"4.24.2\" _module_preset=\"default\" global_colors_info=\"{}\"][et_pb_gallery gallery_ids=\"26810\" show_title_and_caption=\"off\" _builder_version=\"4.24.2\" _module_preset=\"default\" global_colors_info=\"{}\"][\/et_pb_gallery][\/et_pb_column][et_pb_column type=\"1_3\" _builder_version=\"4.24.2\" _module_preset=\"default\" global_colors_info=\"{}\"][et_pb_gallery gallery_ids=\"26815\" show_title_and_caption=\"off\" _builder_version=\"4.24.2\" _module_preset=\"default\" global_colors_info=\"{}\"][\/et_pb_gallery][\/et_pb_column][\/et_pb_row][\/et_pb_section][et_pb_section fb_built=\"1\" disabled_on=\"on|on|on\" _builder_version=\"4.24.2\" background_color=\"#f9f9f9\" use_background_color_gradient=\"on\" background_color_gradient_stops=\"rgba(175,21,21,0.6) 30%|#ffffff 100%\" background_color_gradient_start=\"rgba(175,21,21,0.6)\" background_color_gradient_start_position=\"30%\" background_color_gradient_end=\"#ffffff\" background_enable_image=\"off\" background_size=\"contain\" background_position=\"top_right\" disabled=\"on\" global_colors_info=\"{}\"][et_pb_row column_structure=\"1_3,2_3\" use_custom_gutter=\"on\" gutter_width=\"2\" module_id=\"form\" _builder_version=\"4.16\" background_enable_image=\"off\" background_size=\"initial\" background_position=\"top_left\" global_colors_info=\"{}\"][et_pb_column type=\"1_3\" _builder_version=\"4.16\" global_colors_info=\"{}\"][et_pb_text _builder_version=\"4.16\" header_4_font=\"|600|||||||\" header_4_text_color=\"#000000\" header_4_font_size=\"21px\" header_4_line_height=\"1.4em\" custom_padding=\"60px|||||\" custom_padding_tablet=\"60px|||||\" custom_padding_phone=\"0px||||false|false\" custom_padding_last_edited=\"on|phone\" global_colors_info=\"{}\"]<\/p>\n<p>\n            <strong>Stellen Sie Ihre Anfrage, indem Sie die untenstehenden Felder ausf\u00fcllen.<\/strong>\n          <\/p>\n<p>[\/et_pb_text][et_pb_text _builder_version=\"4.16\" global_colors_info=\"{}\"]<\/p>\n<p>Zur Best\u00e4tigung erhalten Sie von uns eine E-Mail oder einen Anruf.<\/p>\n<p>[\/et_pb_text][\/et_pb_column][et_pb_column type=\"2_3\" _builder_version=\"4.16\" background_enable_color=\"off\" custom_padding=\"25px|100px|25px|25px|true|false\" custom_padding_tablet=\"\" custom_padding_phone=\"|10px||10px|true|false\" custom_padding_last_edited=\"on|tablet\" global_colors_info=\"{}\"][et_pb_contact_form email=\"info@villadisotto.it,direzione@villadisotto.it,giulia.barelli@gmail.com\" custom_message=\"Richiesta Degustazione Vino||et_pb_line_break_holder||||et_pb_line_break_holder||Name: %%Name%%||et_pb_line_break_holder||Email: %%Email%%||et_pb_line_break_holder||Telefono: %%Telefono%%||et_pb_line_break_holder||Date: %%Data%%||et_pb_line_break_holder||Partecipanti: %%partecipanti%%||et_pb_line_break_holder||Message: %%Message%%||et_pb_line_break_holder||||et_pb_line_break_holder||Privacy: %%Privacy%%\" use_redirect=\"on\" redirect_url=\"https:\/\/www.villadisotto.it\/de\/vielen-dank\/\" _builder_version=\"4.16\" _unique_id=\"53b4fbd7-97b0-44c2-b983-885ae13e59b9\" form_field_background_color=\"#ffffff\" captcha_font=\"||||||||\" form_field_font=\"||||||||\" custom_button=\"on\" button_text_color=\"#ffffff\" button_bg_color=\"#d3be80\" button_border_color=\"#d3be80\" button_border_radius=\"5px\" button_font=\"||||||||\" custom_padding=\"||||false|false\" box_shadow_style=\"preset1\" global_colors_info=\"{}\"][et_pb_contact_field field_id=\"Name\" field_title=\"Name\" _builder_version=\"4.16\" form_field_text_color=\"#000000\" form_field_font=\"||||||||\" form_field_font_size=\"15px\" global_colors_info=\"{}\" button_text_size__hover_enabled=\"off\" button_one_text_size__hover_enabled=\"off\" button_two_text_size__hover_enabled=\"off\" button_text_color__hover_enabled=\"off\" button_one_text_color__hover_enabled=\"off\" button_two_text_color__hover_enabled=\"off\" button_border_width__hover_enabled=\"off\" button_one_border_width__hover_enabled=\"off\" button_two_border_width__hover_enabled=\"off\" button_border_color__hover_enabled=\"off\" button_one_border_color__hover_enabled=\"off\" button_two_border_color__hover_enabled=\"off\" button_border_radius__hover_enabled=\"off\" button_one_border_radius__hover_enabled=\"off\" button_two_border_radius__hover_enabled=\"off\" button_letter_spacing__hover_enabled=\"off\" button_one_letter_spacing__hover_enabled=\"off\" button_two_letter_spacing__hover_enabled=\"off\" button_bg_color__hover_enabled=\"off\" button_one_bg_color__hover_enabled=\"off\" button_two_bg_color__hover_enabled=\"off\"][\/et_pb_contact_field][et_pb_contact_field field_id=\"Telefono\" field_title=\"Telefon\" _builder_version=\"4.16\" form_field_text_color=\"#000000\" form_field_font=\"||||||||\" form_field_font_size=\"15px\" global_colors_info=\"{}\"][\/et_pb_contact_field][et_pb_contact_field field_id=\"Email\" field_title=\"E-mail\" field_type=\"email\" fullwidth_field=\"on\" _builder_version=\"4.16\" form_field_text_color=\"#000000\" form_field_font=\"||||||||\" form_field_font_size=\"15px\" global_colors_info=\"{}\" button_text_size__hover_enabled=\"off\" button_one_text_size__hover_enabled=\"off\" button_two_text_size__hover_enabled=\"off\" button_text_color__hover_enabled=\"off\" button_one_text_color__hover_enabled=\"off\" button_two_text_color__hover_enabled=\"off\" button_border_width__hover_enabled=\"off\" button_one_border_width__hover_enabled=\"off\" button_two_border_width__hover_enabled=\"off\" button_border_color__hover_enabled=\"off\" button_one_border_color__hover_enabled=\"off\" button_two_border_color__hover_enabled=\"off\" button_border_radius__hover_enabled=\"off\" button_one_border_radius__hover_enabled=\"off\" button_two_border_radius__hover_enabled=\"off\" button_letter_spacing__hover_enabled=\"off\" button_one_letter_spacing__hover_enabled=\"off\" button_two_letter_spacing__hover_enabled=\"off\" button_bg_color__hover_enabled=\"off\" button_one_bg_color__hover_enabled=\"off\" button_two_bg_color__hover_enabled=\"off\"][\/et_pb_contact_field][et_pb_contact_field field_id=\"Data\" field_title=\"Datum\" _builder_version=\"4.16\" form_field_text_color=\"#000000\" form_field_font=\"||||||||\" form_field_font_size=\"15px\" global_colors_info=\"{}\"][\/et_pb_contact_field][et_pb_contact_field field_id=\"partecipanti\" field_title=\"Anzahl der Teilnehmer\" _builder_version=\"4.16\" form_field_text_color=\"#000000\" form_field_font=\"||||||||\" form_field_font_size=\"15px\" global_colors_info=\"{}\" button_text_size__hover_enabled=\"off\" button_one_text_size__hover_enabled=\"off\" button_two_text_size__hover_enabled=\"off\" button_text_color__hover_enabled=\"off\" button_one_text_color__hover_enabled=\"off\" button_two_text_color__hover_enabled=\"off\" button_border_width__hover_enabled=\"off\" button_one_border_width__hover_enabled=\"off\" button_two_border_width__hover_enabled=\"off\" button_border_color__hover_enabled=\"off\" button_one_border_color__hover_enabled=\"off\" button_two_border_color__hover_enabled=\"off\" button_border_radius__hover_enabled=\"off\" button_one_border_radius__hover_enabled=\"off\" button_two_border_radius__hover_enabled=\"off\" button_letter_spacing__hover_enabled=\"off\" button_one_letter_spacing__hover_enabled=\"off\" button_two_letter_spacing__hover_enabled=\"off\" button_bg_color__hover_enabled=\"off\" button_one_bg_color__hover_enabled=\"off\" button_two_bg_color__hover_enabled=\"off\"][\/et_pb_contact_field][et_pb_contact_field field_id=\"Message\" field_title=\"Nachricht\" field_type=\"text\" fullwidth_field=\"on\" _builder_version=\"4.16\" form_field_text_color=\"#000000\" form_field_font=\"||||||||\" form_field_font_size=\"15px\" global_colors_info=\"{}\" button_text_size__hover_enabled=\"off\" button_one_text_size__hover_enabled=\"off\" button_two_text_size__hover_enabled=\"off\" button_text_color__hover_enabled=\"off\" button_one_text_color__hover_enabled=\"off\" button_two_text_color__hover_enabled=\"off\" button_border_width__hover_enabled=\"off\" button_one_border_width__hover_enabled=\"off\" button_two_border_width__hover_enabled=\"off\" button_border_color__hover_enabled=\"off\" button_one_border_color__hover_enabled=\"off\" button_two_border_color__hover_enabled=\"off\" button_border_radius__hover_enabled=\"off\" button_one_border_radius__hover_enabled=\"off\" button_two_border_radius__hover_enabled=\"off\" button_letter_spacing__hover_enabled=\"off\" button_one_letter_spacing__hover_enabled=\"off\" button_two_letter_spacing__hover_enabled=\"off\" button_bg_color__hover_enabled=\"off\" button_one_bg_color__hover_enabled=\"off\" button_two_bg_color__hover_enabled=\"off\"][\/et_pb_contact_field][et_pb_contact_field field_id=\"Privacy\" field_title=\"Privacy\" field_type=\"checkbox\" checkbox_options=\"%91{%22value%22:%22Ich habe die Datenschutzerkl\u00e4rung gelesen und akzeptiere sie. %22,%22checked%22:0,%22dragID%22:-1,%22link_url%22:%22https:\\\/\\\/www.villadisotto.it\\\/privacy-policy\\\/%22}%93\" fullwidth_field=\"on\" _builder_version=\"4.16\" global_colors_info=\"{}\"][\/et_pb_contact_field][et_pb_contact_field field_id=\"Newsletter\" field_title=\"Newsletter\" field_type=\"checkbox\" checkbox_options=\"%91{%22value%22:%22Ich m\u00f6chte \u00fcber die neuesten Nachrichten, Veranstaltungen und Angebote der Villa di Sotto informiert werden%22,%22checked%22:0,%22dragID%22:-1}%93\" required_mark=\"off\" fullwidth_field=\"on\" _builder_version=\"4.16\" _module_preset=\"default\" global_colors_info=\"{}\"][\/et_pb_contact_field][\/et_pb_contact_form][\/et_pb_column][\/et_pb_row][\/et_pb_section]<\/p>\n","protected":false},"excerpt":{"rendered":"<p>Gef\u00fchrte Fahrradtour Jede Fahrt eine Emotion! Die Wunder der Toskana auf dem Fahrrad W\u00e4rmen Sie Ihre Muskeln auf und begeben Sie sich auf eine gef\u00fchrte Fahrradtour durch die gewundenen und sch\u00f6nen toskanischen Wege. Jede Route hat ihre eigenen Merkmale, so dass diese Aktivit\u00e4t f\u00fcr jeden geeignet ist. Der Mehrwert besteht darin, dass Sie an nichts [&hellip;]<\/p>\n","protected":false},"author":3,"featured_media":0,"parent":0,"menu_order":0,"comment_status":"closed","ping_status":"closed","template":"","meta":{"_et_pb_use_builder":"on","_et_pb_old_content":"","_et_gb_content_width":"","footnotes":""},"class_list":["post-26874","page","type-page","status-publish","hentry"],"yoast_head":"<!-- This site is optimized with the Yoast SEO plugin v27.2 - https:\/\/yoast.com\/product\/yoast-seo-wordpress\/ -->\n<title>Gef\u00fchrte Fahrradtour - Villa di Sotto<\/title>\n<meta name=\"robots\" content=\"index, follow, max-snippet:-1, max-image-preview:large, max-video-preview:-1\" \/>\n<link rel=\"canonical\" href=\"https:\/\/www.villadisotto.it\/de\/gefuehrte-fahrradtour\/\" \/>\n<meta property=\"og:locale\" content=\"de_DE\" \/>\n<meta property=\"og:type\" content=\"article\" \/>\n<meta property=\"og:title\" content=\"Gef\u00fchrte Fahrradtour - Villa di Sotto\" \/>\n<meta property=\"og:description\" content=\"Gef\u00fchrte Fahrradtour Jede Fahrt eine Emotion! Die Wunder der Toskana auf dem Fahrrad W\u00e4rmen Sie Ihre Muskeln auf und begeben Sie sich auf eine gef\u00fchrte Fahrradtour durch die gewundenen und sch\u00f6nen toskanischen Wege. Jede Route hat ihre eigenen Merkmale, so dass diese Aktivit\u00e4t f\u00fcr jeden geeignet ist. Der Mehrwert besteht darin, dass Sie an nichts [&hellip;]\" \/>\n<meta property=\"og:url\" content=\"https:\/\/www.villadisotto.it\/de\/gefuehrte-fahrradtour\/\" \/>\n<meta property=\"og:site_name\" content=\"Villa di Sotto\" \/>\n<meta property=\"article:modified_time\" content=\"2024-11-07T08:53:50+00:00\" \/>\n<meta name=\"twitter:card\" content=\"summary_large_image\" \/>\n<meta name=\"twitter:label1\" content=\"Gesch\u00e4tzte Lesezeit\" \/>\n\t<meta name=\"twitter:data1\" content=\"9\u00a0Minuten\" \/>\n<script type=\"application\/ld+json\" class=\"yoast-schema-graph\">{\"@context\":\"https:\/\/schema.org\",\"@graph\":[{\"@type\":\"WebPage\",\"@id\":\"https:\/\/www.villadisotto.it\/de\/gefuehrte-fahrradtour\/\",\"url\":\"https:\/\/www.villadisotto.it\/de\/gefuehrte-fahrradtour\/\",\"name\":\"Gef\u00fchrte Fahrradtour - Villa di Sotto\",\"isPartOf\":{\"@id\":\"https:\/\/www.villadisotto.it\/#website\"},\"datePublished\":\"2024-03-07T08:40:27+00:00\",\"dateModified\":\"2024-11-07T08:53:50+00:00\",\"breadcrumb\":{\"@id\":\"https:\/\/www.villadisotto.it\/de\/gefuehrte-fahrradtour\/#breadcrumb\"},\"inLanguage\":\"de\",\"potentialAction\":[{\"@type\":\"ReadAction\",\"target\":[\"https:\/\/www.villadisotto.it\/de\/gefuehrte-fahrradtour\/\"]}]},{\"@type\":\"BreadcrumbList\",\"@id\":\"https:\/\/www.villadisotto.it\/de\/gefuehrte-fahrradtour\/#breadcrumb\",\"itemListElement\":[{\"@type\":\"ListItem\",\"position\":1,\"name\":\"Home\",\"item\":\"https:\/\/www.villadisotto.it\/\"},{\"@type\":\"ListItem\",\"position\":2,\"name\":\"Gef\u00fchrte Fahrradtour\"}]},{\"@type\":\"WebSite\",\"@id\":\"https:\/\/www.villadisotto.it\/#website\",\"url\":\"https:\/\/www.villadisotto.it\/\",\"name\":\"Villa di Sotto\",\"description\":\"Il cuore del Chianti\",\"potentialAction\":[{\"@type\":\"SearchAction\",\"target\":{\"@type\":\"EntryPoint\",\"urlTemplate\":\"https:\/\/www.villadisotto.it\/?s={search_term_string}\"},\"query-input\":{\"@type\":\"PropertyValueSpecification\",\"valueRequired\":true,\"valueName\":\"search_term_string\"}}],\"inLanguage\":\"de\"}]}<\/script>\n<!-- \/ Yoast SEO plugin. -->","yoast_head_json":{"title":"Gef\u00fchrte Fahrradtour - Villa di Sotto","robots":{"index":"index","follow":"follow","max-snippet":"max-snippet:-1","max-image-preview":"max-image-preview:large","max-video-preview":"max-video-preview:-1"},"canonical":"https:\/\/www.villadisotto.it\/de\/gefuehrte-fahrradtour\/","og_locale":"de_DE","og_type":"article","og_title":"Gef\u00fchrte Fahrradtour - Villa di Sotto","og_description":"Gef\u00fchrte Fahrradtour Jede Fahrt eine Emotion! Die Wunder der Toskana auf dem Fahrrad W\u00e4rmen Sie Ihre Muskeln auf und begeben Sie sich auf eine gef\u00fchrte Fahrradtour durch die gewundenen und sch\u00f6nen toskanischen Wege. Jede Route hat ihre eigenen Merkmale, so dass diese Aktivit\u00e4t f\u00fcr jeden geeignet ist. Der Mehrwert besteht darin, dass Sie an nichts [&hellip;]","og_url":"https:\/\/www.villadisotto.it\/de\/gefuehrte-fahrradtour\/","og_site_name":"Villa di Sotto","article_modified_time":"2024-11-07T08:53:50+00:00","twitter_card":"summary_large_image","twitter_misc":{"Gesch\u00e4tzte Lesezeit":"9\u00a0Minuten"},"schema":{"@context":"https:\/\/schema.org","@graph":[{"@type":"WebPage","@id":"https:\/\/www.villadisotto.it\/de\/gefuehrte-fahrradtour\/","url":"https:\/\/www.villadisotto.it\/de\/gefuehrte-fahrradtour\/","name":"Gef\u00fchrte Fahrradtour - Villa di Sotto","isPartOf":{"@id":"https:\/\/www.villadisotto.it\/#website"},"datePublished":"2024-03-07T08:40:27+00:00","dateModified":"2024-11-07T08:53:50+00:00","breadcrumb":{"@id":"https:\/\/www.villadisotto.it\/de\/gefuehrte-fahrradtour\/#breadcrumb"},"inLanguage":"de","potentialAction":[{"@type":"ReadAction","target":["https:\/\/www.villadisotto.it\/de\/gefuehrte-fahrradtour\/"]}]},{"@type":"BreadcrumbList","@id":"https:\/\/www.villadisotto.it\/de\/gefuehrte-fahrradtour\/#breadcrumb","itemListElement":[{"@type":"ListItem","position":1,"name":"Home","item":"https:\/\/www.villadisotto.it\/"},{"@type":"ListItem","position":2,"name":"Gef\u00fchrte Fahrradtour"}]},{"@type":"WebSite","@id":"https:\/\/www.villadisotto.it\/#website","url":"https:\/\/www.villadisotto.it\/","name":"Villa di Sotto","description":"Il cuore del Chianti","potentialAction":[{"@type":"SearchAction","target":{"@type":"EntryPoint","urlTemplate":"https:\/\/www.villadisotto.it\/?s={search_term_string}"},"query-input":{"@type":"PropertyValueSpecification","valueRequired":true,"valueName":"search_term_string"}}],"inLanguage":"de"}]}},"_links":{"self":[{"href":"https:\/\/www.villadisotto.it\/de\/wp-json\/wp\/v2\/pages\/26874","targetHints":{"allow":["GET"]}}],"collection":[{"href":"https:\/\/www.villadisotto.it\/de\/wp-json\/wp\/v2\/pages"}],"about":[{"href":"https:\/\/www.villadisotto.it\/de\/wp-json\/wp\/v2\/types\/page"}],"author":[{"embeddable":true,"href":"https:\/\/www.villadisotto.it\/de\/wp-json\/wp\/v2\/users\/3"}],"replies":[{"embeddable":true,"href":"https:\/\/www.villadisotto.it\/de\/wp-json\/wp\/v2\/comments?post=26874"}],"version-history":[{"count":14,"href":"https:\/\/www.villadisotto.it\/de\/wp-json\/wp\/v2\/pages\/26874\/revisions"}],"predecessor-version":[{"id":27620,"href":"https:\/\/www.villadisotto.it\/de\/wp-json\/wp\/v2\/pages\/26874\/revisions\/27620"}],"wp:attachment":[{"href":"https:\/\/www.villadisotto.it\/de\/wp-json\/wp\/v2\/media?parent=26874"}],"curies":[{"name":"wp","href":"https:\/\/api.w.org\/{rel}","templated":true}]}}