{"id":23709,"date":"2022-11-07T16:23:27","date_gmt":"2022-11-07T15:23:27","guid":{"rendered":"https:\/\/www.villadisotto.it\/die-hoehle-wellness-ritual\/"},"modified":"2025-08-08T13:14:38","modified_gmt":"2025-08-08T11:14:38","slug":"die-hohle-wellness-ritual","status":"publish","type":"page","link":"https:\/\/www.villadisotto.it\/de\/die-hohle-wellness-ritual\/","title":{"rendered":"Die H\u00f6hle - Wellness-Ritual"},"content":{"rendered":"<p>[et_pb_section fb_built=\"1\" fullwidth=\"on\" _builder_version=\"4.18.0\" _module_preset=\"default\" global_colors_info=\"{}\"][et_pb_fullwidth_header title=\"Die H\u00f6hle\" text_orientation=\"center\" button_one_text=\"Buchen Sie Ihren Aufenthalt\" button_one_url=\"https:\/\/www.villadisotto.it\/de\/#buchen\" button_two_text=\"Gutschein kaufen\" button_two_url=\"#v\" _builder_version=\"4.27.4\" _module_preset=\"default\" title_font=\"Petit Formal Script|700|||||||\" title_font_size=\"65px\" content_font=\"|800|||||||\" content_font_size=\"20px\" content_letter_spacing=\"7px\" content_line_height=\"1.8em\" subhead_font=\"|700|||||||\" background_image=\"https:\/\/www.villadisotto.it\/wp-content\/uploads\/2022\/09\/la-grotta-doccia-e-jacuzzi.jpg\" custom_button_one=\"on\" button_one_text_color=\"#000000\" button_one_bg_color=\"#FFFFFF\" button_one_border_color=\"#FFFFFF\" button_one_letter_spacing=\"0px\" button_one_font=\"|700|||||||\" custom_button_two=\"on\" button_two_border_color=\"RGBA(255,255,255,0)\" button_two_letter_spacing=\"0px\" button_two_font=\"|700|||||||\" custom_padding=\"250px||250px||true|false\" custom_padding_tablet=\"250px||250px||true|false\" custom_padding_phone=\"125px||125px||true|false\" custom_padding_last_edited=\"on|phone\" hover_enabled=\"0\" title_font_size_tablet=\"65px\" title_font_size_phone=\"39px\" title_font_size_last_edited=\"on|phone\" content_font_size_tablet=\"20px\" content_font_size_phone=\"14px\" content_font_size_last_edited=\"on|phone\" content_letter_spacing_tablet=\"7px\" content_letter_spacing_phone=\"2px\" content_letter_spacing_last_edited=\"on|phone\" content_line_height_tablet=\"1.8em\" content_line_height_phone=\"1.8em\" content_line_height_last_edited=\"on|phone\" button_one_text_size_tablet=\"\" button_one_text_size_phone=\"14px\" button_one_text_size_last_edited=\"on|phone\" button_two_text_size_tablet=\"\" button_two_text_size_phone=\"14px\" button_two_text_size_last_edited=\"on|phone\" title_text_shadow_style=\"preset1\" content_text_shadow_style=\"preset1\" subhead_text_shadow_style=\"preset1\" box_shadow_style_button_one=\"preset1\" box_shadow_style_button_two=\"preset1\" global_colors_info=\"{}\" sticky_enabled=\"0\"]<\/p>\n<p>WELLNESS-RITUAL<\/p>\n<p>[\/et_pb_fullwidth_header][\/et_pb_section][et_pb_section fb_built=\"1\" next_background_color=\"#f4f4f4\" _builder_version=\"4.18.0\" custom_padding=\"50px|0px|50px|0px|true|false\" top_divider_height_tablet=\"\" top_divider_height_phone=\"\" top_divider_height_last_edited=\"on|phone\" bottom_divider_style=\"arrow\" bottom_divider_height=\"50px\" global_colors_info=\"{}\"][et_pb_row custom_padding_last_edited=\"on|phone\" _builder_version=\"4.18.0\" _module_preset=\"default\" max_width=\"850px\" custom_padding=\"||||false|false\" custom_padding_tablet=\"||||false|false\" custom_padding_phone=\"30px||30px||true|false\" global_colors_info=\"{}\"][et_pb_column type=\"4_4\" _builder_version=\"4.16\" _module_preset=\"default\" global_colors_info=\"{}\"][et_pb_text _builder_version=\"4.18.0\" _module_preset=\"default\" global_colors_info=\"{}\"]<\/p>\n<p style=\"text-align: center;\"><strong>Wir befinden uns im Hauptgeb\u00e4ude des Bauernhofs: Sobald Sie diese kleine Ecke des Paradieses betreten, stehen Ihnen drei verschiedene Arten der Entspannung zur Verf\u00fcgung... die es zu erleben gilt.<\/strong><\/p>\n<p>[\/et_pb_text][\/et_pb_column][\/et_pb_row][et_pb_row column_structure=\"1_3,1_3,1_3\" use_custom_gutter=\"on\" gutter_width=\"2\" custom_padding_last_edited=\"on|phone\" _builder_version=\"4.18.0\" _module_preset=\"default\" max_width=\"1250px\" custom_padding_tablet=\"\" custom_padding_phone=\"30px||50px||false|false\" global_colors_info=\"{}\"][et_pb_column type=\"1_3\" _builder_version=\"4.18.0\" _module_preset=\"default\" global_colors_info=\"{}\"][et_pb_blurb title=\"Finnische Sauna oder Biosauna\" image=\"https:\/\/www.villadisotto.it\/wp-content\/uploads\/2025\/07\/VdS-5461.jpg\" _builder_version=\"4.27.4\" _module_preset=\"default\" header_font=\"|700|||||||\" header_font_size=\"21px\" global_colors_info=\"{}\"]<\/p>\n<p>Einzigartig ist, dass sie zwei verschiedene Arten von Saunen anbieten kann.<br \/>Sie ist besonders empfehlenswert, um den K\u00f6rper von Giftstoffen zu befreien und ein umfassendes Wohlbefinden sowie geistige und k\u00f6rperliche Entspannung zu erreichen.<\/p>\n<p>[\/et_pb_blurb][et_pb_image src=\"https:\/\/www.villadisotto.it\/wp-content\/uploads\/2022\/09\/sauna-svgrepo-com-1.png\" title_text=\"sauna-svgrepo-com-(1)\" align=\"center\" _builder_version=\"4.18.0\" _module_preset=\"default\" width=\"45%\" width_tablet=\"40%\" width_phone=\"35%\" width_last_edited=\"on|desktop\" global_colors_info=\"{}\"][\/et_pb_image][\/et_pb_column][et_pb_column type=\"1_3\" _builder_version=\"4.18.0\" _module_preset=\"default\" global_colors_info=\"{}\"][et_pb_blurb title=\"Sinnesdusche\" image=\"https:\/\/www.villadisotto.it\/wp-content\/uploads\/2025\/07\/VdS-5489.jpg\" _builder_version=\"4.27.4\" _module_preset=\"default\" header_font=\"|700|||||||\" header_font_size=\"21px\" global_colors_info=\"{}\"]<\/p>\n<p>Durch das Spiel des Lichts, die verschiedenen Wasserstrahlen und den Duft von aromatischen Essenzen werden Sie unglaubliche Empfindungen von magischem Wohlbefinden erleben.<\/p>\n<p>[\/et_pb_blurb][\/et_pb_column][et_pb_column type=\"1_3\" _builder_version=\"4.18.0\" _module_preset=\"default\" global_colors_info=\"{}\"][et_pb_blurb title=\"Jacuzzi-Badewanne\" image=\"https:\/\/www.villadisotto.it\/wp-content\/uploads\/2025\/07\/VdS-5414.jpg\" _builder_version=\"4.27.4\" _module_preset=\"default\" header_font=\"|700|||||||\" header_font_size=\"21px\" global_colors_info=\"{}\"]<\/p>\n<p>Es ist mit 19 D\u00fcsen ausgestattet und bietet Platz f\u00fcr bis zu 3 Personen: 2 ergonomische Sitze und 1 Lounge-Sitz, um sich zu entspannen und den K\u00f6rper vollst\u00e4ndig einzutauchen und eine beruhigende Massagewirkung zu gew\u00e4hrleisten.<br \/>Es ist auch mit fortschrittlichen Funktionen ausgestattet: Wasserfall und LED-Beleuchtung f\u00fcr totale Entspannung.  <span class=\"s1\"><strong>Die Temperatur des Whirlpools kann von 32\u00b0 bis 37\u00b0 variieren.<\/strong><\/span><\/p>\n<p>[\/et_pb_blurb][\/et_pb_column][\/et_pb_row][\/et_pb_section][et_pb_section fb_built=\"1\" custom_padding_last_edited=\"on|phone\" _builder_version=\"4.18.0\" _module_preset=\"default\" background_color=\"#f4f4f4\" custom_padding_tablet=\"\" custom_padding_phone=\"||20px||false|false\" global_colors_info=\"{}\"][et_pb_row column_structure=\"2_3,1_3\" custom_padding_last_edited=\"on|phone\" _builder_version=\"4.18.0\" _module_preset=\"default\" custom_padding=\"||||false|false\" custom_padding_tablet=\"||||false|false\" custom_padding_phone=\"30px||30px||true|false\" global_colors_info=\"{}\"][et_pb_column type=\"2_3\" _builder_version=\"4.18.0\" _module_preset=\"default\" global_colors_info=\"{}\"][et_pb_text _builder_version=\"4.27.4\" _module_preset=\"default\" global_colors_info=\"{}\"]<\/p>\n<p><em>Personen unter 16 Jahren und schwangeren Frauen ist der Zutritt <span style=\"text-decoration: underline;\">nicht<\/span> gestattet.<\/em><\/p>\n<p><em><strong>Reservierungen sind mindestens <span style=\"text-decoration: underline;\">1 Stunde im Voraus<\/span> erforderlich.<\/strong><br \/>Maximale Kapazit\u00e4t 4 Personen<\/em><\/p>\n<p><strong>Das Bad und der Umkleideraum im Inneren sind ausschlie\u00dflich f\u00fcr die G\u00e4ste der H\u00f6hle vorgesehen.<br \/><\/strong>Es ist m\u00f6glich, ein Handtuch f\u00fcr 5 \u20ac und einen Bademantel f\u00fcr 8 \u20ac zu mieten.<\/p>\n<p dir=\"ltr\"><span><em>_________<\/em><\/span><\/p>\n<p dir=\"ltr\"><span><em>F\u00fcr Ihren Aufenthalt in Villa di Sotto:<\/em> <\/span><\/p>\n<ol>\n<li dir=\"ltr\"><em>den t\u00e4glichen Eintritt zu den beiden Panorama-Freib\u00e4dern, die Sie mit anderen G\u00e4sten teilen, inbegriffen; <\/em><\/li>\n<li dir=\"ltr\"><em>exklusiver Zugang f\u00fcr eine Stunde pro Tag, <strong>nur auf Reservierung<\/strong>, zu einem der drei Wellnessbereiche, die zur Auswahl stehen: der Entspannungsbereich\/Spa mit Infinity-Pool mit Wasserfall und Jacuzzi, die Wellness-Insel mit modernem Jacuzzi im Freien und die Grotte (Mindestalter f\u00fcr den Zutritt: 16 Jahre) mit finnischer Sauna oder Biosauna, Sinnesdusche und Jacuzzi<\/em><br \/><strong><em>Wenn Sie die Entspannungsbereiche mehr als 1 Stunde pro Tag nutzen m\u00f6chten<\/em>, <em>betr\u00e4gt der Stundensatz 15 \u20ac pro Person f\u00fcr die Wellness-Insel und 20 \u20ac pro Person f\u00fcr die Grotte und den Entspannungsbereich (je nach Verf\u00fcgbarkeit).<\/em><\/strong><\/li>\n<\/ol>\n<p>[\/et_pb_text][\/et_pb_column][et_pb_column type=\"1_3\" _builder_version=\"4.18.0\" _module_preset=\"default\" global_colors_info=\"{}\"][et_pb_button button_url=\"tel:+393479327090\" button_text=\"Buchen Sie\" button_alignment=\"right\" _builder_version=\"4.18.0\" custom_button=\"on\" button_text_size=\"18px\" button_text_color=\"#000000\" button_bg_color=\"#d3be80\" button_border_color=\"RGBA(0,0,0,0)\" button_font=\"|700|||||||\" button_icon=\"&#xf3cd;||fa||900\" custom_margin=\"||26px||false|false\" custom_margin_tablet=\"|||0px|false|false\" custom_margin_phone=\"\" custom_margin_last_edited=\"on|desktop\" custom_padding=\"|50px||50px|true|true\" button_text_size_tablet=\"18px\" button_text_size_phone=\"15px\" button_text_size_last_edited=\"on|phone\" global_colors_info=\"{}\"][\/et_pb_button][et_pb_button button_url=\"https:\/\/wa.me\/390577359127\" button_text=\"Schreiben Sie uns auf WhatsApp\" button_alignment=\"right\" _builder_version=\"4.19.1\" custom_button=\"on\" button_text_size=\"18px\" button_text_color=\"#FFFFFF\" button_bg_color=\"#179d0d\" button_border_color=\"RGBA(0,0,0,0)\" button_font=\"|700|||||||\" button_icon=\"&#xf232;||fa||400\" custom_margin=\"||26px||false|false\" custom_margin_tablet=\"|||0px|false|false\" custom_margin_phone=\"\" custom_margin_last_edited=\"on|desktop\" custom_padding=\"|50px||50px|true|true\" button_text_size_tablet=\"18px\" button_text_size_phone=\"15px\" button_text_size_last_edited=\"on|phone\" global_colors_info=\"{}\"][\/et_pb_button][\/et_pb_column][\/et_pb_row][\/et_pb_section][et_pb_section fb_built=\"1\" module_id=\"v\" _builder_version=\"4.18.0\" _module_preset=\"default\" custom_padding=\"||0px||false|false\" global_colors_info=\"{}\"][et_pb_row custom_padding_last_edited=\"on|phone\" _builder_version=\"4.18.0\" _module_preset=\"default\" custom_padding_tablet=\"\" custom_padding_phone=\"30px||30px||true|false\" global_colors_info=\"{}\"][et_pb_column type=\"4_4\" _builder_version=\"4.16\" _module_preset=\"default\" global_colors_info=\"{}\"][et_pb_text _builder_version=\"4.19.3\" _module_preset=\"default\" global_colors_info=\"{}\"]<\/p>\n<h2><strong>Schenken Sie einen Gutschein f\u00fcr den Zugang zu DIE H\u00d6HLE<\/strong><\/h2>\n<p>[\/et_pb_text][et_pb_text _builder_version=\"4.18.0\" _module_preset=\"default\" global_colors_info=\"{}\"]<\/p>\n<div class=\"woocommerce columns-3 \"><ul class=\"products columns-3\">\n<li class=\"product type-product post-24701 status-publish first instock product_cat-chianti-entspannung product_cat-die-hohle has-post-thumbnail downloadable shipping-taxable purchasable product-type-simple\">\n\t<a href=\"https:\/\/www.villadisotto.it\/de\/prodotto\/traum-in-einer-hohle\/\" class=\"woocommerce-LoopProduct-link woocommerce-loop-product__link\"><span class=\"et_shop_image\"><img loading=\"lazy\" decoding=\"async\" width=\"500\" height=\"500\" src=\"https:\/\/www.villadisotto.it\/wp-content\/uploads\/2022\/09\/sogno-in-grotta-1-500x500.jpg\" class=\"attachment-woocommerce_thumbnail size-woocommerce_thumbnail\" alt=\"Traum in einer H\u00f6hle\" \/><span class=\"et_overlay\"><\/span><\/span><h2 class=\"woocommerce-loop-product__title\">Traum in einer H\u00f6hle<\/h2>\n\t<span class=\"price\"><span class=\"woocommerce-Price-amount amount\"><bdi><span class=\"woocommerce-Price-currencySymbol\">&euro;<\/span>95,00<\/bdi><\/span><\/span>\n<\/a><span class=\"gtm4wp_productdata\" style=\"display:none; visibility:hidden;\" data-gtm4wp_product_data=\"{&quot;internal_id&quot;:24701,&quot;item_id&quot;:24701,&quot;item_name&quot;:&quot;Traum in einer H\\u00f6hle&quot;,&quot;sku&quot;:24701,&quot;price&quot;:95,&quot;stocklevel&quot;:null,&quot;stockstatus&quot;:&quot;instock&quot;,&quot;google_business_vertical&quot;:&quot;hotel_rental&quot;,&quot;item_category&quot;:&quot;die H\\u00f6hle&quot;,&quot;id&quot;:24701,&quot;productlink&quot;:&quot;https:\\\/\\\/www.villadisotto.it\\\/de\\\/prodotto\\\/traum-in-einer-hohle\\\/&quot;,&quot;item_list_name&quot;:&quot;General Product List&quot;,&quot;index&quot;:1,&quot;product_type&quot;:&quot;simple&quot;,&quot;item_brand&quot;:&quot;&quot;}\"><\/span><\/li>\n<li class=\"product type-product post-24704 status-publish instock product_cat-chianti-entspannung product_cat-die-hohle has-post-thumbnail downloadable shipping-taxable purchasable product-type-simple\">\n\t<a href=\"https:\/\/www.villadisotto.it\/de\/prodotto\/toskanische-warme\/\" class=\"woocommerce-LoopProduct-link woocommerce-loop-product__link\"><span class=\"et_shop_image\"><img loading=\"lazy\" decoding=\"async\" width=\"500\" height=\"500\" src=\"https:\/\/www.villadisotto.it\/wp-content\/uploads\/2022\/09\/calore-toscano-1-500x500.jpg\" class=\"attachment-woocommerce_thumbnail size-woocommerce_thumbnail\" alt=\"Toskanische W\u00e4rme\" \/><span class=\"et_overlay\"><\/span><\/span><h2 class=\"woocommerce-loop-product__title\">Toskanische W\u00e4rme<\/h2>\n\t<span class=\"price\"><span class=\"woocommerce-Price-amount amount\"><bdi><span class=\"woocommerce-Price-currencySymbol\">&euro;<\/span>145,00<\/bdi><\/span><\/span>\n<\/a><span class=\"gtm4wp_productdata\" style=\"display:none; visibility:hidden;\" data-gtm4wp_product_data=\"{&quot;internal_id&quot;:24704,&quot;item_id&quot;:24704,&quot;item_name&quot;:&quot;Toskanische W\\u00e4rme&quot;,&quot;sku&quot;:24704,&quot;price&quot;:145,&quot;stocklevel&quot;:null,&quot;stockstatus&quot;:&quot;instock&quot;,&quot;google_business_vertical&quot;:&quot;hotel_rental&quot;,&quot;item_category&quot;:&quot;die H\\u00f6hle&quot;,&quot;id&quot;:24704,&quot;productlink&quot;:&quot;https:\\\/\\\/www.villadisotto.it\\\/de\\\/prodotto\\\/toskanische-warme\\\/&quot;,&quot;item_list_name&quot;:&quot;General Product List&quot;,&quot;index&quot;:2,&quot;product_type&quot;:&quot;simple&quot;,&quot;item_brand&quot;:&quot;&quot;}\"><\/span><\/li>\n<li class=\"product type-product post-24707 status-publish last instock product_cat-chianti-entspannung product_cat-die-hohle has-post-thumbnail sale downloadable shipping-taxable purchasable product-type-simple\">\n\t<a href=\"https:\/\/www.villadisotto.it\/de\/prodotto\/detox-in-der-villa\/\" class=\"woocommerce-LoopProduct-link woocommerce-loop-product__link\">\n\t<span class=\"onsale\">Angebot!<\/span>\n\t<span class=\"et_shop_image\"><img loading=\"lazy\" decoding=\"async\" width=\"500\" height=\"500\" src=\"https:\/\/www.villadisotto.it\/wp-content\/uploads\/2022\/09\/detox-in-villa-1-500x500.jpg\" class=\"attachment-woocommerce_thumbnail size-woocommerce_thumbnail\" alt=\"Detox in der Villa\" \/><span class=\"et_overlay\"><\/span><\/span><h2 class=\"woocommerce-loop-product__title\">Detox in der Villa<\/h2>\n\t<span class=\"price\"><del aria-hidden=\"true\"><span class=\"woocommerce-Price-amount amount\"><bdi><span class=\"woocommerce-Price-currencySymbol\">&euro;<\/span>299,00<\/bdi><\/span><\/del> <span class=\"screen-reader-text\">Urspr\u00fcnglicher Preis war: &euro;299,00<\/span><ins aria-hidden=\"true\"><span class=\"woocommerce-Price-amount amount\"><bdi><span class=\"woocommerce-Price-currencySymbol\">&euro;<\/span>280,00<\/bdi><\/span><\/ins><span class=\"screen-reader-text\">Aktueller Preis ist: &euro;280,00.<\/span><\/span>\n<\/a><span class=\"gtm4wp_productdata\" style=\"display:none; visibility:hidden;\" data-gtm4wp_product_data=\"{&quot;internal_id&quot;:24707,&quot;item_id&quot;:24707,&quot;item_name&quot;:&quot;Detox in der Villa&quot;,&quot;sku&quot;:24707,&quot;price&quot;:280,&quot;stocklevel&quot;:null,&quot;stockstatus&quot;:&quot;instock&quot;,&quot;google_business_vertical&quot;:&quot;hotel_rental&quot;,&quot;item_category&quot;:&quot;die H\\u00f6hle&quot;,&quot;id&quot;:24707,&quot;productlink&quot;:&quot;https:\\\/\\\/www.villadisotto.it\\\/de\\\/prodotto\\\/detox-in-der-villa\\\/&quot;,&quot;item_list_name&quot;:&quot;General Product List&quot;,&quot;index&quot;:3,&quot;product_type&quot;:&quot;simple&quot;,&quot;item_brand&quot;:&quot;&quot;}\"><\/span><\/li>\n<\/ul>\n<\/div>\n<p>[\/et_pb_text][\/et_pb_column][\/et_pb_row][\/et_pb_section]<\/p>\n","protected":false},"excerpt":{"rendered":"<p>WELLNESS-RITUALWir befinden uns im Hauptgeb\u00e4ude des Bauernhofs: Sobald Sie diese kleine Ecke des Paradieses betreten, stehen Ihnen drei verschiedene Arten der Entspannung zur Verf\u00fcgung... die es zu erleben gilt.Einzigartig ist, dass sie zwei verschiedene Arten von Saunen anbieten kann.Sie ist besonders empfehlenswert, um den K\u00f6rper von Giftstoffen zu befreien und ein umfassendes Wohlbefinden sowie geistige [&hellip;]<\/p>\n","protected":false},"author":1,"featured_media":23408,"parent":0,"menu_order":0,"comment_status":"closed","ping_status":"closed","template":"","meta":{"_et_pb_use_builder":"on","_et_pb_old_content":"","_et_gb_content_width":"","footnotes":""},"class_list":["post-23709","page","type-page","status-publish","has-post-thumbnail","hentry"],"yoast_head":"<!-- This site is optimized with the Yoast SEO plugin v27.4 - https:\/\/yoast.com\/product\/yoast-seo-wordpress\/ -->\n<title>B&amp;B mit Sauna, Sinnesdusche, Jacuzzi - Toskana - Villa di Sotto<\/title>\n<meta name=\"description\" content=\"it Sauna | DIE H\u00d6HLE ist die unglaubliche Neuheit des Jahres 2022 in Villa di SottoWir befinden uns im Hauptgeb\u00e4ude des Bauernhofs: Sobald...\" \/>\n<meta name=\"robots\" content=\"index, follow, max-snippet:-1, max-image-preview:large, max-video-preview:-1\" \/>\n<link rel=\"canonical\" href=\"https:\/\/www.villadisotto.it\/de\/die-hohle-wellness-ritual\/\" \/>\n<meta property=\"og:locale\" content=\"de_DE\" \/>\n<meta property=\"og:type\" content=\"article\" \/>\n<meta property=\"og:title\" content=\"B&amp;B mit Sauna, Sinnesdusche, Jacuzzi - Toskana - Villa di Sotto\" \/>\n<meta property=\"og:description\" content=\"it Sauna | DIE H\u00d6HLE ist die unglaubliche Neuheit des Jahres 2022 in Villa di SottoWir befinden uns im Hauptgeb\u00e4ude des Bauernhofs: Sobald...\" \/>\n<meta property=\"og:url\" content=\"https:\/\/www.villadisotto.it\/de\/die-hohle-wellness-ritual\/\" \/>\n<meta property=\"og:site_name\" content=\"Villa di Sotto\" \/>\n<meta property=\"article:modified_time\" content=\"2025-08-08T11:14:38+00:00\" \/>\n<meta property=\"og:image\" content=\"https:\/\/www.villadisotto.it\/wp-content\/uploads\/2022\/09\/la-grotta-doccia-e-jacuzzi.jpg\" \/>\n\t<meta property=\"og:image:width\" content=\"1800\" \/>\n\t<meta property=\"og:image:height\" content=\"1200\" \/>\n\t<meta property=\"og:image:type\" content=\"image\/jpeg\" \/>\n<meta name=\"twitter:card\" content=\"summary_large_image\" \/>\n<meta name=\"twitter:label1\" content=\"Gesch\u00e4tzte Lesezeit\" \/>\n\t<meta name=\"twitter:data1\" content=\"3\u00a0Minuten\" \/>\n<script type=\"application\/ld+json\" class=\"yoast-schema-graph\">{\"@context\":\"https:\\\/\\\/schema.org\",\"@graph\":[{\"@type\":\"WebPage\",\"@id\":\"https:\\\/\\\/www.villadisotto.it\\\/de\\\/die-hohle-wellness-ritual\\\/\",\"url\":\"https:\\\/\\\/www.villadisotto.it\\\/de\\\/die-hohle-wellness-ritual\\\/\",\"name\":\"B&B mit Sauna, Sinnesdusche, Jacuzzi - Toskana - Villa di Sotto\",\"isPartOf\":{\"@id\":\"https:\\\/\\\/www.villadisotto.it\\\/#website\"},\"primaryImageOfPage\":{\"@id\":\"https:\\\/\\\/www.villadisotto.it\\\/de\\\/die-hohle-wellness-ritual\\\/#primaryimage\"},\"image\":{\"@id\":\"https:\\\/\\\/www.villadisotto.it\\\/de\\\/die-hohle-wellness-ritual\\\/#primaryimage\"},\"thumbnailUrl\":\"https:\\\/\\\/www.villadisotto.it\\\/wp-content\\\/uploads\\\/2022\\\/09\\\/la-grotta-doccia-e-jacuzzi.jpg\",\"datePublished\":\"2022-11-07T15:23:27+00:00\",\"dateModified\":\"2025-08-08T11:14:38+00:00\",\"description\":\"it Sauna | DIE H\u00d6HLE ist die unglaubliche Neuheit des Jahres 2022 in Villa di SottoWir befinden uns im Hauptgeb\u00e4ude des Bauernhofs: Sobald...\",\"breadcrumb\":{\"@id\":\"https:\\\/\\\/www.villadisotto.it\\\/de\\\/die-hohle-wellness-ritual\\\/#breadcrumb\"},\"inLanguage\":\"de\",\"potentialAction\":[{\"@type\":\"ReadAction\",\"target\":[\"https:\\\/\\\/www.villadisotto.it\\\/de\\\/die-hohle-wellness-ritual\\\/\"]}]},{\"@type\":\"ImageObject\",\"inLanguage\":\"de\",\"@id\":\"https:\\\/\\\/www.villadisotto.it\\\/de\\\/die-hohle-wellness-ritual\\\/#primaryimage\",\"url\":\"https:\\\/\\\/www.villadisotto.it\\\/wp-content\\\/uploads\\\/2022\\\/09\\\/la-grotta-doccia-e-jacuzzi.jpg\",\"contentUrl\":\"https:\\\/\\\/www.villadisotto.it\\\/wp-content\\\/uploads\\\/2022\\\/09\\\/la-grotta-doccia-e-jacuzzi.jpg\",\"width\":1800,\"height\":1200},{\"@type\":\"BreadcrumbList\",\"@id\":\"https:\\\/\\\/www.villadisotto.it\\\/de\\\/die-hohle-wellness-ritual\\\/#breadcrumb\",\"itemListElement\":[{\"@type\":\"ListItem\",\"position\":1,\"name\":\"Home\",\"item\":\"https:\\\/\\\/www.villadisotto.it\\\/\"},{\"@type\":\"ListItem\",\"position\":2,\"name\":\"Die H\u00f6hle - Wellness-Ritual\"}]},{\"@type\":\"WebSite\",\"@id\":\"https:\\\/\\\/www.villadisotto.it\\\/#website\",\"url\":\"https:\\\/\\\/www.villadisotto.it\\\/\",\"name\":\"Villa di Sotto\",\"description\":\"Il cuore del Chianti\",\"potentialAction\":[{\"@type\":\"SearchAction\",\"target\":{\"@type\":\"EntryPoint\",\"urlTemplate\":\"https:\\\/\\\/www.villadisotto.it\\\/?s={search_term_string}\"},\"query-input\":{\"@type\":\"PropertyValueSpecification\",\"valueRequired\":true,\"valueName\":\"search_term_string\"}}],\"inLanguage\":\"de\"}]}<\/script>\n<!-- \/ Yoast SEO plugin. -->","yoast_head_json":{"title":"B&B mit Sauna, Sinnesdusche, Jacuzzi - Toskana - Villa di Sotto","description":"it Sauna | DIE H\u00d6HLE ist die unglaubliche Neuheit des Jahres 2022 in Villa di SottoWir befinden uns im Hauptgeb\u00e4ude des Bauernhofs: Sobald...","robots":{"index":"index","follow":"follow","max-snippet":"max-snippet:-1","max-image-preview":"max-image-preview:large","max-video-preview":"max-video-preview:-1"},"canonical":"https:\/\/www.villadisotto.it\/de\/die-hohle-wellness-ritual\/","og_locale":"de_DE","og_type":"article","og_title":"B&B mit Sauna, Sinnesdusche, Jacuzzi - Toskana - Villa di Sotto","og_description":"it Sauna | DIE H\u00d6HLE ist die unglaubliche Neuheit des Jahres 2022 in Villa di SottoWir befinden uns im Hauptgeb\u00e4ude des Bauernhofs: Sobald...","og_url":"https:\/\/www.villadisotto.it\/de\/die-hohle-wellness-ritual\/","og_site_name":"Villa di Sotto","article_modified_time":"2025-08-08T11:14:38+00:00","og_image":[{"width":1800,"height":1200,"url":"https:\/\/www.villadisotto.it\/wp-content\/uploads\/2022\/09\/la-grotta-doccia-e-jacuzzi.jpg","type":"image\/jpeg"}],"twitter_card":"summary_large_image","twitter_misc":{"Gesch\u00e4tzte Lesezeit":"3\u00a0Minuten"},"schema":{"@context":"https:\/\/schema.org","@graph":[{"@type":"WebPage","@id":"https:\/\/www.villadisotto.it\/de\/die-hohle-wellness-ritual\/","url":"https:\/\/www.villadisotto.it\/de\/die-hohle-wellness-ritual\/","name":"B&B mit Sauna, Sinnesdusche, Jacuzzi - Toskana - Villa di Sotto","isPartOf":{"@id":"https:\/\/www.villadisotto.it\/#website"},"primaryImageOfPage":{"@id":"https:\/\/www.villadisotto.it\/de\/die-hohle-wellness-ritual\/#primaryimage"},"image":{"@id":"https:\/\/www.villadisotto.it\/de\/die-hohle-wellness-ritual\/#primaryimage"},"thumbnailUrl":"https:\/\/www.villadisotto.it\/wp-content\/uploads\/2022\/09\/la-grotta-doccia-e-jacuzzi.jpg","datePublished":"2022-11-07T15:23:27+00:00","dateModified":"2025-08-08T11:14:38+00:00","description":"it Sauna | DIE H\u00d6HLE ist die unglaubliche Neuheit des Jahres 2022 in Villa di SottoWir befinden uns im Hauptgeb\u00e4ude des Bauernhofs: Sobald...","breadcrumb":{"@id":"https:\/\/www.villadisotto.it\/de\/die-hohle-wellness-ritual\/#breadcrumb"},"inLanguage":"de","potentialAction":[{"@type":"ReadAction","target":["https:\/\/www.villadisotto.it\/de\/die-hohle-wellness-ritual\/"]}]},{"@type":"ImageObject","inLanguage":"de","@id":"https:\/\/www.villadisotto.it\/de\/die-hohle-wellness-ritual\/#primaryimage","url":"https:\/\/www.villadisotto.it\/wp-content\/uploads\/2022\/09\/la-grotta-doccia-e-jacuzzi.jpg","contentUrl":"https:\/\/www.villadisotto.it\/wp-content\/uploads\/2022\/09\/la-grotta-doccia-e-jacuzzi.jpg","width":1800,"height":1200},{"@type":"BreadcrumbList","@id":"https:\/\/www.villadisotto.it\/de\/die-hohle-wellness-ritual\/#breadcrumb","itemListElement":[{"@type":"ListItem","position":1,"name":"Home","item":"https:\/\/www.villadisotto.it\/"},{"@type":"ListItem","position":2,"name":"Die H\u00f6hle - Wellness-Ritual"}]},{"@type":"WebSite","@id":"https:\/\/www.villadisotto.it\/#website","url":"https:\/\/www.villadisotto.it\/","name":"Villa di Sotto","description":"Il cuore del Chianti","potentialAction":[{"@type":"SearchAction","target":{"@type":"EntryPoint","urlTemplate":"https:\/\/www.villadisotto.it\/?s={search_term_string}"},"query-input":{"@type":"PropertyValueSpecification","valueRequired":true,"valueName":"search_term_string"}}],"inLanguage":"de"}]}},"_links":{"self":[{"href":"https:\/\/www.villadisotto.it\/de\/wp-json\/wp\/v2\/pages\/23709","targetHints":{"allow":["GET"]}}],"collection":[{"href":"https:\/\/www.villadisotto.it\/de\/wp-json\/wp\/v2\/pages"}],"about":[{"href":"https:\/\/www.villadisotto.it\/de\/wp-json\/wp\/v2\/types\/page"}],"author":[{"embeddable":true,"href":"https:\/\/www.villadisotto.it\/de\/wp-json\/wp\/v2\/users\/1"}],"replies":[{"embeddable":true,"href":"https:\/\/www.villadisotto.it\/de\/wp-json\/wp\/v2\/comments?post=23709"}],"version-history":[{"count":23,"href":"https:\/\/www.villadisotto.it\/de\/wp-json\/wp\/v2\/pages\/23709\/revisions"}],"predecessor-version":[{"id":29543,"href":"https:\/\/www.villadisotto.it\/de\/wp-json\/wp\/v2\/pages\/23709\/revisions\/29543"}],"wp:featuredmedia":[{"embeddable":true,"href":"https:\/\/www.villadisotto.it\/de\/wp-json\/wp\/v2\/media\/23408"}],"wp:attachment":[{"href":"https:\/\/www.villadisotto.it\/de\/wp-json\/wp\/v2\/media?parent=23709"}],"curies":[{"name":"wp","href":"https:\/\/api.w.org\/{rel}","templated":true}]}}