{"id":1745,"date":"2019-06-11T18:28:56","date_gmt":"2019-06-11T16:28:56","guid":{"rendered":"https:\/\/www.villadisotto.it\/eroica-gaiole\/"},"modified":"2019-10-09T16:05:31","modified_gmt":"2019-10-09T14:05:31","slug":"eroica-gaiole","status":"publish","type":"page","link":"https:\/\/www.villadisotto.it\/de\/eroica-gaiole\/","title":{"rendered":"Eroica Gaiole"},"content":{"rendered":"<p>[et_pb_section fb_built=\"1\" _builder_version=\"3.22.7\" background_color_gradient_direction=\"354deg\" background_image=\"https:\/\/www.villadisotto.it\/wp-content\/uploads\/2019\/04\/eroica-immagine-di-copertina.jpg\" custom_padding=\"150px|0px|150px|0px|true|false\" fb_built=\"1\" _i=\"0\" _address=\"0\"][et_pb_row _builder_version=\"3.25\" _i=\"0\" _address=\"0.0\"][et_pb_column type=\"4_4\" _builder_version=\"3.25\" custom_padding=\"|||\" _i=\"0\" _address=\"0.0.0\" custom_padding__hover=\"|||\"][et_pb_text _builder_version=\"3.27.4\" header_font=\"Petit Formal Script|700|||||||\" header_font_size=\"40px\" header_2_font=\"Petit Formal Script||||||||\" header_font_size_phone=\"30px\" header_font_size_last_edited=\"on|phone\" _i=\"0\" _address=\"0.0.0.0\"]<\/p>\n<h1 style=\"text-align: center;\"><span style=\"color: #ffffff;\">Eroica<\/span><\/h1>\n<p>[\/et_pb_text][\/et_pb_column][\/et_pb_row][\/et_pb_section][et_pb_section fb_built=\"1\" _builder_version=\"3.22.3\" custom_padding=\"32px|0px|22px|0px|false|false\" fb_built=\"1\" _i=\"1\" _address=\"1\"][et_pb_row _builder_version=\"3.25\" background_size=\"initial\" background_position=\"top_left\" background_repeat=\"repeat\" max_width=\"857px\" hover_enabled=\"0\" use_custom_width=\"on\" custom_width_px=\"857px\" _i=\"0\" _address=\"1.0\"][et_pb_column type=\"4_4\" _builder_version=\"3.25\" custom_padding=\"|||\" _i=\"0\" _address=\"1.0.0\" custom_padding__hover=\"|||\"][et_pb_text _builder_version=\"3.29.3\" header_font=\"||||||||\" header_2_font=\"Petit Formal Script|700|||||||\" header_2_line_height=\"1.5em\" background_size=\"initial\" background_position=\"top_left\" background_repeat=\"repeat\" hover_enabled=\"0\" header_2_font_size_phone=\"23px\" header_2_font_size_last_edited=\"on|phone\" _i=\"0\" _address=\"1.0.0.0\"]<\/p>\n<h2 style=\"text-align: center;\"><span>Der Chianti hat die Kraft, das Radfahren in ein kulturelles Ereignis zu verwandeln <\/span><\/h2>\n<p style=\"text-align: center;\"><span><strong>Wir sprechen \u00fcber die Eroica, die jetzt ein Termin f\u00fcr das Land des Chianti<\/strong> <\/span><\/p>\n<p style=\"text-align: justify;\"><span>Eroica wurde von der Parco Ciclistico del Chianti entworfen und gef\u00f6rdert und ist ein Wettbewerb, bei dem das Ranking im Vergleich zu den Inhalten, die die Veranstaltung inspirieren, wenig oder gar nichts aufweist. <\/span><\/p>\n<p style=\"text-align: justify;\"><span>An diesem Tag, wie von Geisterhand, erwacht das Radfahren, das ganz Italien begeistert hat, zwischen Coppi und Bartali aufgeteilt, zum Leben und die Protagonisten sind reine Radfahrer mit Vintage-Fahrr\u00e4dern, Wollpullovern und Schulterluftkammern. <\/span><\/p>\n<p style=\"text-align: justify;\"><span>Die unbefestigten Stra\u00dfen des Chianti sind die Protagonisten, die sich als Symbole eines Stra\u00dfennetzes von menschlichem Ausma\u00df und eines Gebietes best\u00e4tigen, das f\u00fcr Liebhaber des Pedals durchaus geeignet ist. <\/span><\/p>\n<p style=\"text-align: justify;\"><span>L'Eroica hat drei Routen, von denen zwei sehr anspruchsvoll sind (200 und 145 km) f\u00fcr trainierte Radfahrer, w\u00e4hrend f\u00fcr ruhigere Radfahrer die Strecke etwa 70 km betr\u00e4gt; den Teilnehmern ist es nicht gestattet, Mountainbikes oder moderne Rennr\u00e4der zu benutzen. <\/span><\/p>\n<p style=\"text-align: justify;\"><span>Es ist in der Tat eine Nachbildung mit alten Fahrr\u00e4dern, bei der die Radfahrer auch die Kleidung an den Tenor der Veranstaltung anpassen. Im Anschluss an die \"eroi\" wird es eine Reihe von Oldtimern und Motorr\u00e4dern geben. <\/span><\/p>\n<p style=\"text-align: justify;\"><strong>Im Allgemeinen findet es am ersten Sonntag im Oktober in Verbindung mit dem traditionellen Ernteritual statt. <\/strong><\/p>\n<p style=\"text-align: justify;\"><span>Die Veranstaltung wird von einer Reihe von Begleitveranstaltungen begleitet, wie z. B. der Ausstellung von Fahrr\u00e4dern mit \u00fcber einem halben Jahrhundert Lebenszeit und thematischen Fotoausstellungen \u00fcber das heroische Radfahren, die den Inhalt stark bereichern und den Platz von Gaiole in Chianti zu einem einladenden Treffpunkt machen.<\/span><\/p>\n<p>[\/et_pb_text][\/et_pb_column][\/et_pb_row][\/et_pb_section][et_pb_section fb_built=\"1\" _builder_version=\"3.22.3\" custom_padding=\"29px|0px|35px|0px|false|false\" fb_built=\"1\" _i=\"2\" _address=\"2\"][et_pb_row use_custom_gutter=\"on\" gutter_width=\"2\" module_class=\" et_pb_row_fullwidth\" _builder_version=\"3.25\" width=\"94%\" width_tablet=\"80%\" width_last_edited=\"on|desktop\" max_width=\"94%\" max_width_tablet=\"80%\" max_width_last_edited=\"on|desktop\" module_alignment=\"center\" make_fullwidth=\"on\" _i=\"0\" _address=\"2.0\"][et_pb_column type=\"4_4\" _builder_version=\"3.25\" custom_padding=\"|||\" _i=\"0\" _address=\"2.0.0\" custom_padding__hover=\"|||\"][et_pb_gallery gallery_ids=\"628,1122,1123,1124\" show_title_and_caption=\"off\" show_pagination=\"off\" _builder_version=\"3.22.7\" _i=\"0\" _address=\"2.0.0.0\"][\/et_pb_gallery][\/et_pb_column][\/et_pb_row][\/et_pb_section]<\/p>\n","protected":false},"excerpt":{"rendered":"<p>EroicaDer Chianti hat die Kraft, das Radfahren in ein kulturelles Ereignis zu verwandeln Wir sprechen \u00fcber die Eroica, die jetzt ein Termin f\u00fcr das Land des Chianti Eroica wurde von der Parco Ciclistico del Chianti entworfen und gef\u00f6rdert und ist ein Wettbewerb, bei dem das Ranking im Vergleich zu den Inhalten, die die Veranstaltung inspirieren, [&hellip;]<\/p>\n","protected":false},"author":3,"featured_media":1746,"parent":0,"menu_order":0,"comment_status":"closed","ping_status":"closed","template":"","meta":{"_et_pb_use_builder":"on","_et_pb_old_content":"","_et_gb_content_width":"","footnotes":""},"class_list":["post-1745","page","type-page","status-publish","has-post-thumbnail","hentry"],"yoast_head":"<!-- This site is optimized with the Yoast SEO plugin v27.2 - https:\/\/yoast.com\/product\/yoast-seo-wordpress\/ -->\n<title>Eroica Gaiole in Chianti - Radfahren in der Toskana Villa di Sotto<\/title>\n<meta name=\"description\" content=\"Der Chianti hat die Kraft, das Radfahren in ein kulturelles Ereignis zu verwandeln. Wir sprechen \u00fcber die Eroica, die jetzt ein Termin f\u00fcr das Land...\" \/>\n<meta name=\"robots\" content=\"index, follow, max-snippet:-1, max-image-preview:large, max-video-preview:-1\" \/>\n<link rel=\"canonical\" href=\"https:\/\/www.villadisotto.it\/de\/eroica-gaiole\/\" \/>\n<meta property=\"og:locale\" content=\"de_DE\" \/>\n<meta property=\"og:type\" content=\"article\" \/>\n<meta property=\"og:title\" content=\"Eroica Gaiole in Chianti - Radfahren in der Toskana Villa di Sotto\" \/>\n<meta property=\"og:description\" content=\"Der Chianti hat die Kraft, das Radfahren in ein kulturelles Ereignis zu verwandeln. Wir sprechen \u00fcber die Eroica, die jetzt ein Termin f\u00fcr das Land...\" \/>\n<meta property=\"og:url\" content=\"https:\/\/www.villadisotto.it\/de\/eroica-gaiole\/\" \/>\n<meta property=\"og:site_name\" content=\"Villa di Sotto\" \/>\n<meta property=\"article:modified_time\" content=\"2019-10-09T14:05:31+00:00\" \/>\n<meta property=\"og:image\" content=\"https:\/\/www.villadisotto.it\/wp-content\/uploads\/2019\/04\/eroica-immagine-di-copertina.jpg\" \/>\n\t<meta property=\"og:image:width\" content=\"1600\" \/>\n\t<meta property=\"og:image:height\" content=\"1029\" \/>\n\t<meta property=\"og:image:type\" content=\"image\/jpeg\" \/>\n<meta name=\"twitter:card\" content=\"summary_large_image\" \/>\n<meta name=\"twitter:label1\" content=\"Gesch\u00e4tzte Lesezeit\" \/>\n\t<meta name=\"twitter:data1\" content=\"3\u00a0Minuten\" \/>\n<script type=\"application\/ld+json\" class=\"yoast-schema-graph\">{\"@context\":\"https:\/\/schema.org\",\"@graph\":[{\"@type\":\"WebPage\",\"@id\":\"https:\/\/www.villadisotto.it\/de\/eroica-gaiole\/\",\"url\":\"https:\/\/www.villadisotto.it\/de\/eroica-gaiole\/\",\"name\":\"Eroica Gaiole in Chianti - Radfahren in der Toskana Villa di Sotto\",\"isPartOf\":{\"@id\":\"https:\/\/www.villadisotto.it\/#website\"},\"primaryImageOfPage\":{\"@id\":\"https:\/\/www.villadisotto.it\/de\/eroica-gaiole\/#primaryimage\"},\"image\":{\"@id\":\"https:\/\/www.villadisotto.it\/de\/eroica-gaiole\/#primaryimage\"},\"thumbnailUrl\":\"https:\/\/www.villadisotto.it\/wp-content\/uploads\/2019\/04\/eroica-immagine-di-copertina.jpg\",\"datePublished\":\"2019-06-11T16:28:56+00:00\",\"dateModified\":\"2019-10-09T14:05:31+00:00\",\"description\":\"Der Chianti hat die Kraft, das Radfahren in ein kulturelles Ereignis zu verwandeln. Wir sprechen \u00fcber die Eroica, die jetzt ein Termin f\u00fcr das Land...\",\"breadcrumb\":{\"@id\":\"https:\/\/www.villadisotto.it\/de\/eroica-gaiole\/#breadcrumb\"},\"inLanguage\":\"de\",\"potentialAction\":[{\"@type\":\"ReadAction\",\"target\":[\"https:\/\/www.villadisotto.it\/de\/eroica-gaiole\/\"]}]},{\"@type\":\"ImageObject\",\"inLanguage\":\"de\",\"@id\":\"https:\/\/www.villadisotto.it\/de\/eroica-gaiole\/#primaryimage\",\"url\":\"https:\/\/www.villadisotto.it\/wp-content\/uploads\/2019\/04\/eroica-immagine-di-copertina.jpg\",\"contentUrl\":\"https:\/\/www.villadisotto.it\/wp-content\/uploads\/2019\/04\/eroica-immagine-di-copertina.jpg\",\"width\":1600,\"height\":1029,\"caption\":\"Eroica Gaiole\"},{\"@type\":\"BreadcrumbList\",\"@id\":\"https:\/\/www.villadisotto.it\/de\/eroica-gaiole\/#breadcrumb\",\"itemListElement\":[{\"@type\":\"ListItem\",\"position\":1,\"name\":\"Home\",\"item\":\"https:\/\/www.villadisotto.it\/\"},{\"@type\":\"ListItem\",\"position\":2,\"name\":\"Eroica Gaiole\"}]},{\"@type\":\"WebSite\",\"@id\":\"https:\/\/www.villadisotto.it\/#website\",\"url\":\"https:\/\/www.villadisotto.it\/\",\"name\":\"Villa di Sotto\",\"description\":\"Il cuore del Chianti\",\"potentialAction\":[{\"@type\":\"SearchAction\",\"target\":{\"@type\":\"EntryPoint\",\"urlTemplate\":\"https:\/\/www.villadisotto.it\/?s={search_term_string}\"},\"query-input\":{\"@type\":\"PropertyValueSpecification\",\"valueRequired\":true,\"valueName\":\"search_term_string\"}}],\"inLanguage\":\"de\"}]}<\/script>\n<!-- \/ Yoast SEO plugin. -->","yoast_head_json":{"title":"Eroica Gaiole in Chianti - Radfahren in der Toskana Villa di Sotto","description":"Der Chianti hat die Kraft, das Radfahren in ein kulturelles Ereignis zu verwandeln. Wir sprechen \u00fcber die Eroica, die jetzt ein Termin f\u00fcr das Land...","robots":{"index":"index","follow":"follow","max-snippet":"max-snippet:-1","max-image-preview":"max-image-preview:large","max-video-preview":"max-video-preview:-1"},"canonical":"https:\/\/www.villadisotto.it\/de\/eroica-gaiole\/","og_locale":"de_DE","og_type":"article","og_title":"Eroica Gaiole in Chianti - Radfahren in der Toskana Villa di Sotto","og_description":"Der Chianti hat die Kraft, das Radfahren in ein kulturelles Ereignis zu verwandeln. Wir sprechen \u00fcber die Eroica, die jetzt ein Termin f\u00fcr das Land...","og_url":"https:\/\/www.villadisotto.it\/de\/eroica-gaiole\/","og_site_name":"Villa di Sotto","article_modified_time":"2019-10-09T14:05:31+00:00","og_image":[{"width":1600,"height":1029,"url":"https:\/\/www.villadisotto.it\/wp-content\/uploads\/2019\/04\/eroica-immagine-di-copertina.jpg","type":"image\/jpeg"}],"twitter_card":"summary_large_image","twitter_misc":{"Gesch\u00e4tzte Lesezeit":"3\u00a0Minuten"},"schema":{"@context":"https:\/\/schema.org","@graph":[{"@type":"WebPage","@id":"https:\/\/www.villadisotto.it\/de\/eroica-gaiole\/","url":"https:\/\/www.villadisotto.it\/de\/eroica-gaiole\/","name":"Eroica Gaiole in Chianti - Radfahren in der Toskana Villa di Sotto","isPartOf":{"@id":"https:\/\/www.villadisotto.it\/#website"},"primaryImageOfPage":{"@id":"https:\/\/www.villadisotto.it\/de\/eroica-gaiole\/#primaryimage"},"image":{"@id":"https:\/\/www.villadisotto.it\/de\/eroica-gaiole\/#primaryimage"},"thumbnailUrl":"https:\/\/www.villadisotto.it\/wp-content\/uploads\/2019\/04\/eroica-immagine-di-copertina.jpg","datePublished":"2019-06-11T16:28:56+00:00","dateModified":"2019-10-09T14:05:31+00:00","description":"Der Chianti hat die Kraft, das Radfahren in ein kulturelles Ereignis zu verwandeln. Wir sprechen \u00fcber die Eroica, die jetzt ein Termin f\u00fcr das Land...","breadcrumb":{"@id":"https:\/\/www.villadisotto.it\/de\/eroica-gaiole\/#breadcrumb"},"inLanguage":"de","potentialAction":[{"@type":"ReadAction","target":["https:\/\/www.villadisotto.it\/de\/eroica-gaiole\/"]}]},{"@type":"ImageObject","inLanguage":"de","@id":"https:\/\/www.villadisotto.it\/de\/eroica-gaiole\/#primaryimage","url":"https:\/\/www.villadisotto.it\/wp-content\/uploads\/2019\/04\/eroica-immagine-di-copertina.jpg","contentUrl":"https:\/\/www.villadisotto.it\/wp-content\/uploads\/2019\/04\/eroica-immagine-di-copertina.jpg","width":1600,"height":1029,"caption":"Eroica Gaiole"},{"@type":"BreadcrumbList","@id":"https:\/\/www.villadisotto.it\/de\/eroica-gaiole\/#breadcrumb","itemListElement":[{"@type":"ListItem","position":1,"name":"Home","item":"https:\/\/www.villadisotto.it\/"},{"@type":"ListItem","position":2,"name":"Eroica Gaiole"}]},{"@type":"WebSite","@id":"https:\/\/www.villadisotto.it\/#website","url":"https:\/\/www.villadisotto.it\/","name":"Villa di Sotto","description":"Il cuore del Chianti","potentialAction":[{"@type":"SearchAction","target":{"@type":"EntryPoint","urlTemplate":"https:\/\/www.villadisotto.it\/?s={search_term_string}"},"query-input":{"@type":"PropertyValueSpecification","valueRequired":true,"valueName":"search_term_string"}}],"inLanguage":"de"}]}},"_links":{"self":[{"href":"https:\/\/www.villadisotto.it\/de\/wp-json\/wp\/v2\/pages\/1745","targetHints":{"allow":["GET"]}}],"collection":[{"href":"https:\/\/www.villadisotto.it\/de\/wp-json\/wp\/v2\/pages"}],"about":[{"href":"https:\/\/www.villadisotto.it\/de\/wp-json\/wp\/v2\/types\/page"}],"author":[{"embeddable":true,"href":"https:\/\/www.villadisotto.it\/de\/wp-json\/wp\/v2\/users\/3"}],"replies":[{"embeddable":true,"href":"https:\/\/www.villadisotto.it\/de\/wp-json\/wp\/v2\/comments?post=1745"}],"version-history":[{"count":10,"href":"https:\/\/www.villadisotto.it\/de\/wp-json\/wp\/v2\/pages\/1745\/revisions"}],"predecessor-version":[{"id":4302,"href":"https:\/\/www.villadisotto.it\/de\/wp-json\/wp\/v2\/pages\/1745\/revisions\/4302"}],"wp:featuredmedia":[{"embeddable":true,"href":"https:\/\/www.villadisotto.it\/de\/wp-json\/wp\/v2\/media\/1746"}],"wp:attachment":[{"href":"https:\/\/www.villadisotto.it\/de\/wp-json\/wp\/v2\/media?parent=1745"}],"curies":[{"name":"wp","href":"https:\/\/api.w.org\/{rel}","templated":true}]}}