{"id":1737,"date":"2019-06-11T18:22:45","date_gmt":"2019-06-11T16:22:45","guid":{"rendered":"https:\/\/www.villadisotto.it\/ecomaratona-del-chianti\/"},"modified":"2019-08-01T17:42:12","modified_gmt":"2019-08-01T15:42:12","slug":"ecomaratona-del-chianti","status":"publish","type":"page","link":"https:\/\/www.villadisotto.it\/de\/ecomaratona-del-chianti\/","title":{"rendered":"Ecomaratona del Chianti"},"content":{"rendered":"<p>[et_pb_section fb_built=\"1\" _builder_version=\"3.22.7\" background_image=\"https:\/\/www.villadisotto.it\/wp-content\/uploads\/2019\/04\/ecomaratona.jpg\" custom_padding=\"241px|0px|241px|0px|true|false\"][et_pb_row _builder_version=\"3.22.3\"][et_pb_column type=\"4_4\" _builder_version=\"3.21.1\"][et_pb_text _builder_version=\"3.21.1\" header_font=\"Petit Formal Script|700|||||||\" header_font_size=\"40px\" header_line_height=\"1.1em\" header_font_size_phone=\"30px\" header_font_size_last_edited=\"on|phone\"]<\/p>\n<h1 style=\"text-align: center;\"><span style=\"color: #ffffff;\">Ecomaratona del Chianti<\/span><\/h1>\n<p>[\/et_pb_text][\/et_pb_column][\/et_pb_row][\/et_pb_section][et_pb_section fb_built=\"1\" _builder_version=\"3.22.3\" custom_margin=\"1px|||||\" custom_padding=\"13px|0px|22px|0px|false|false\"][et_pb_row _builder_version=\"3.22.3\" background_size=\"initial\" background_position=\"top_left\" background_repeat=\"repeat\" max_width=\"857px\" use_custom_width=\"on\" custom_width_px=\"857px\"][et_pb_column type=\"4_4\" _builder_version=\"3.0.47\"][et_pb_text _builder_version=\"3.21.1\" header_font=\"||||||||\" header_2_font=\"Petit Formal Script|700|||||||\" header_2_line_height=\"1.5em\" background_size=\"initial\" background_position=\"top_left\" background_repeat=\"repeat\" header_2_font_size_phone=\"23px\" header_2_font_size_last_edited=\"on|phone\"]<\/p>\n<h2 style=\"text-align: center;\"><span>Was ist Ecomaratona del Chianti? <\/span><\/h2>\n<p style=\"text-align: justify;\"><span>Veranstaltungen wie diese werden mit dem Ziel geboren, den Reichtum der Landschaft, des Essens und des Weins und der Traditionen unserer Gebiete zu f\u00f6rdern und <strong>zu verbessern und werden innerhalb der Landschaft f\u00fcr die Sch\u00f6nheit und Nat\u00fcrlichkeit der Wege, Pfade und Stra\u00dfen,<\/strong> f\u00fcr die organisierten Nebenveranstaltungen, Abendessen und Mittagessen f\u00fcr Sportler, kostenlos organisierte Besuche in Villen, Schl\u00f6ssern und anderen Sch\u00f6nheiten und touristischen Ressourcen verschiedener Gemeinden charakterisiert. <\/span><\/p>\n<p style=\"text-align: justify;\"><span>Von diesen Werten inspiriert, wurde die Ecomaratona geboren. <\/span><\/p>\n<p style=\"text-align: justify;\"><span>Jedes Jahr verwandelt die Ecomaratona del Chianti f\u00fcr etwa drei Tage das Dorf Castelnuovo Berardenga in eine prickelnde Umgebung voller Jung und Alt mit dem gemeinsamen Ziel, zusammen zu sein, zu laufen und zu essen. <\/span><\/p>\n<p style=\"text-align: justify;\"><span><strong>Die Veranstaltung findet am dritten Sonntag im Oktober<\/strong> statt und besteht aus vier Laufwettbewerben: <\/span><\/p>\n<ul>\n<li style=\"text-align: justify;\"><span>Ecomaratona 42 KM Chianti Classico; <\/span><\/li>\n<li style=\"text-align: justify;\"><span>Trail 21 KM; <\/span><\/li>\n<li style=\"text-align: justify;\"><span>Trail del Luca 13 KM; <\/span><\/li>\n<li style=\"text-align: justify;\"><span>Chianti Ecomaratona Staffel 3x1200 MT neben anderen nicht wettbewerbsf\u00e4higen Entfernungen (Ecopasseggiata 10 KM, \"Emotions in the Cellars\" und Nordic WalkinChianti). <\/span><\/li>\n<\/ul>\n<p style=\"text-align: justify;\"><span>Alles bereichert durch viele Events f\u00fcr ein unvergessliches Wochenende. Zu den Zielen der Ecomaratona geh\u00f6ren Gesundheit und Entspannung f\u00fcr Laufbegeisterte, die in den letzten Jahren \u00fcberproportional gewachsen sind, sowie f\u00fcr Begleitpersonen mit organisierten Ausfl\u00fcgen in Weinstuben, Weing\u00fcter und gute Restaurants. <\/span><\/p>\n<p>[\/et_pb_text][\/et_pb_column][\/et_pb_row][\/et_pb_section][et_pb_section fb_built=\"1\" _builder_version=\"3.22.3\" custom_padding=\"32px|0px|54px|0px|false|false\"][et_pb_row use_custom_gutter=\"on\" gutter_width=\"2\" module_class=\" et_pb_row_fullwidth\" _builder_version=\"3.22.3\" width=\"94%\" width_tablet=\"80%\" width_last_edited=\"on|desktop\" max_width=\"94%\" max_width_tablet=\"80%\" max_width_last_edited=\"on|desktop\" make_fullwidth=\"on\"][et_pb_column type=\"4_4\" _builder_version=\"3.21.1\"][et_pb_gallery gallery_ids=\"1130,1131,1132,1133\" show_title_and_caption=\"off\" show_pagination=\"off\" _builder_version=\"3.22.7\"][\/et_pb_gallery][\/et_pb_column][\/et_pb_row][\/et_pb_section]<\/p>\n","protected":false},"excerpt":{"rendered":"<p>Ecomaratona del ChiantiWas ist Ecomaratona del Chianti? Veranstaltungen wie diese werden mit dem Ziel geboren, den Reichtum der Landschaft, des Essens und des Weins und der Traditionen unserer Gebiete zu f\u00f6rdern und zu verbessern und werden innerhalb der Landschaft f\u00fcr die Sch\u00f6nheit und Nat\u00fcrlichkeit der Wege, Pfade und Stra\u00dfen, f\u00fcr die organisierten Nebenveranstaltungen, Abendessen und [&hellip;]<\/p>\n","protected":false},"author":3,"featured_media":0,"parent":0,"menu_order":0,"comment_status":"closed","ping_status":"closed","template":"","meta":{"_et_pb_use_builder":"on","_et_pb_old_content":"","_et_gb_content_width":"","footnotes":""},"class_list":["post-1737","page","type-page","status-publish","hentry"],"yoast_head":"<!-- This site is optimized with the Yoast SEO plugin v27.2 - https:\/\/yoast.com\/product\/yoast-seo-wordpress\/ -->\n<title>Ecomaratona des Chianti - Villa di Sotto<\/title>\n<meta name=\"description\" content=\"Ecomaratona del Chianti | Ereignisse wie dieses werden mit dem Ziel geboren, die Landschaft, das Essen und den Wein aufzuwerten und aufzuwerten, und ...\" \/>\n<meta name=\"robots\" content=\"index, follow, max-snippet:-1, max-image-preview:large, max-video-preview:-1\" \/>\n<link rel=\"canonical\" href=\"https:\/\/www.villadisotto.it\/de\/ecomaratona-del-chianti\/\" \/>\n<meta property=\"og:locale\" content=\"de_DE\" \/>\n<meta property=\"og:type\" content=\"article\" \/>\n<meta property=\"og:title\" content=\"Ecomaratona des Chianti - Villa di Sotto\" \/>\n<meta property=\"og:description\" content=\"Ecomaratona del Chianti | Ereignisse wie dieses werden mit dem Ziel geboren, die Landschaft, das Essen und den Wein aufzuwerten und aufzuwerten, und ...\" \/>\n<meta property=\"og:url\" content=\"https:\/\/www.villadisotto.it\/de\/ecomaratona-del-chianti\/\" \/>\n<meta property=\"og:site_name\" content=\"Villa di Sotto\" \/>\n<meta property=\"article:modified_time\" content=\"2019-08-01T15:42:12+00:00\" \/>\n<meta name=\"twitter:card\" content=\"summary_large_image\" \/>\n<meta name=\"twitter:label1\" content=\"Gesch\u00e4tzte Lesezeit\" \/>\n\t<meta name=\"twitter:data1\" content=\"2\u00a0Minuten\" \/>\n<script type=\"application\/ld+json\" class=\"yoast-schema-graph\">{\"@context\":\"https:\/\/schema.org\",\"@graph\":[{\"@type\":\"WebPage\",\"@id\":\"https:\/\/www.villadisotto.it\/de\/ecomaratona-del-chianti\/\",\"url\":\"https:\/\/www.villadisotto.it\/de\/ecomaratona-del-chianti\/\",\"name\":\"Ecomaratona des Chianti - Villa di Sotto\",\"isPartOf\":{\"@id\":\"https:\/\/www.villadisotto.it\/#website\"},\"datePublished\":\"2019-06-11T16:22:45+00:00\",\"dateModified\":\"2019-08-01T15:42:12+00:00\",\"description\":\"Ecomaratona del Chianti | Ereignisse wie dieses werden mit dem Ziel geboren, die Landschaft, das Essen und den Wein aufzuwerten und aufzuwerten, und ...\",\"breadcrumb\":{\"@id\":\"https:\/\/www.villadisotto.it\/de\/ecomaratona-del-chianti\/#breadcrumb\"},\"inLanguage\":\"de\",\"potentialAction\":[{\"@type\":\"ReadAction\",\"target\":[\"https:\/\/www.villadisotto.it\/de\/ecomaratona-del-chianti\/\"]}]},{\"@type\":\"BreadcrumbList\",\"@id\":\"https:\/\/www.villadisotto.it\/de\/ecomaratona-del-chianti\/#breadcrumb\",\"itemListElement\":[{\"@type\":\"ListItem\",\"position\":1,\"name\":\"Home\",\"item\":\"https:\/\/www.villadisotto.it\/\"},{\"@type\":\"ListItem\",\"position\":2,\"name\":\"Ecomaratona del Chianti\"}]},{\"@type\":\"WebSite\",\"@id\":\"https:\/\/www.villadisotto.it\/#website\",\"url\":\"https:\/\/www.villadisotto.it\/\",\"name\":\"Villa di Sotto\",\"description\":\"Il cuore del Chianti\",\"potentialAction\":[{\"@type\":\"SearchAction\",\"target\":{\"@type\":\"EntryPoint\",\"urlTemplate\":\"https:\/\/www.villadisotto.it\/?s={search_term_string}\"},\"query-input\":{\"@type\":\"PropertyValueSpecification\",\"valueRequired\":true,\"valueName\":\"search_term_string\"}}],\"inLanguage\":\"de\"}]}<\/script>\n<!-- \/ Yoast SEO plugin. -->","yoast_head_json":{"title":"Ecomaratona des Chianti - Villa di Sotto","description":"Ecomaratona del Chianti | Ereignisse wie dieses werden mit dem Ziel geboren, die Landschaft, das Essen und den Wein aufzuwerten und aufzuwerten, und ...","robots":{"index":"index","follow":"follow","max-snippet":"max-snippet:-1","max-image-preview":"max-image-preview:large","max-video-preview":"max-video-preview:-1"},"canonical":"https:\/\/www.villadisotto.it\/de\/ecomaratona-del-chianti\/","og_locale":"de_DE","og_type":"article","og_title":"Ecomaratona des Chianti - Villa di Sotto","og_description":"Ecomaratona del Chianti | Ereignisse wie dieses werden mit dem Ziel geboren, die Landschaft, das Essen und den Wein aufzuwerten und aufzuwerten, und ...","og_url":"https:\/\/www.villadisotto.it\/de\/ecomaratona-del-chianti\/","og_site_name":"Villa di Sotto","article_modified_time":"2019-08-01T15:42:12+00:00","twitter_card":"summary_large_image","twitter_misc":{"Gesch\u00e4tzte Lesezeit":"2\u00a0Minuten"},"schema":{"@context":"https:\/\/schema.org","@graph":[{"@type":"WebPage","@id":"https:\/\/www.villadisotto.it\/de\/ecomaratona-del-chianti\/","url":"https:\/\/www.villadisotto.it\/de\/ecomaratona-del-chianti\/","name":"Ecomaratona des Chianti - Villa di Sotto","isPartOf":{"@id":"https:\/\/www.villadisotto.it\/#website"},"datePublished":"2019-06-11T16:22:45+00:00","dateModified":"2019-08-01T15:42:12+00:00","description":"Ecomaratona del Chianti | Ereignisse wie dieses werden mit dem Ziel geboren, die Landschaft, das Essen und den Wein aufzuwerten und aufzuwerten, und ...","breadcrumb":{"@id":"https:\/\/www.villadisotto.it\/de\/ecomaratona-del-chianti\/#breadcrumb"},"inLanguage":"de","potentialAction":[{"@type":"ReadAction","target":["https:\/\/www.villadisotto.it\/de\/ecomaratona-del-chianti\/"]}]},{"@type":"BreadcrumbList","@id":"https:\/\/www.villadisotto.it\/de\/ecomaratona-del-chianti\/#breadcrumb","itemListElement":[{"@type":"ListItem","position":1,"name":"Home","item":"https:\/\/www.villadisotto.it\/"},{"@type":"ListItem","position":2,"name":"Ecomaratona del Chianti"}]},{"@type":"WebSite","@id":"https:\/\/www.villadisotto.it\/#website","url":"https:\/\/www.villadisotto.it\/","name":"Villa di Sotto","description":"Il cuore del Chianti","potentialAction":[{"@type":"SearchAction","target":{"@type":"EntryPoint","urlTemplate":"https:\/\/www.villadisotto.it\/?s={search_term_string}"},"query-input":{"@type":"PropertyValueSpecification","valueRequired":true,"valueName":"search_term_string"}}],"inLanguage":"de"}]}},"_links":{"self":[{"href":"https:\/\/www.villadisotto.it\/de\/wp-json\/wp\/v2\/pages\/1737","targetHints":{"allow":["GET"]}}],"collection":[{"href":"https:\/\/www.villadisotto.it\/de\/wp-json\/wp\/v2\/pages"}],"about":[{"href":"https:\/\/www.villadisotto.it\/de\/wp-json\/wp\/v2\/types\/page"}],"author":[{"embeddable":true,"href":"https:\/\/www.villadisotto.it\/de\/wp-json\/wp\/v2\/users\/3"}],"replies":[{"embeddable":true,"href":"https:\/\/www.villadisotto.it\/de\/wp-json\/wp\/v2\/comments?post=1737"}],"version-history":[{"count":6,"href":"https:\/\/www.villadisotto.it\/de\/wp-json\/wp\/v2\/pages\/1737\/revisions"}],"predecessor-version":[{"id":2934,"href":"https:\/\/www.villadisotto.it\/de\/wp-json\/wp\/v2\/pages\/1737\/revisions\/2934"}],"wp:attachment":[{"href":"https:\/\/www.villadisotto.it\/de\/wp-json\/wp\/v2\/media?parent=1737"}],"curies":[{"name":"wp","href":"https:\/\/api.w.org\/{rel}","templated":true}]}}