{"id":1717,"date":"2019-06-11T18:06:56","date_gmt":"2019-06-11T16:06:56","guid":{"rendered":"https:\/\/www.villadisotto.it\/unterkunft-casa-palei\/"},"modified":"2021-11-10T16:17:27","modified_gmt":"2021-11-10T15:17:27","slug":"unterkunft-casa-palei","status":"publish","type":"page","link":"https:\/\/www.villadisotto.it\/de\/unterkunft-casa-palei\/","title":{"rendered":"Unterkunft Casa Palei"},"content":{"rendered":"<p>[et_pb_section fb_built=\"1\" custom_padding_last_edited=\"on|phone\" _builder_version=\"3.22.7\" background_image=\"https:\/\/www.villadisotto.it\/wp-content\/uploads\/2019\/04\/insegna-casa-palei.jpg\" custom_padding=\"200px|0px|200px|0px|true|false\" custom_padding_tablet=\"\" custom_padding_phone=\"100px||100px||true\"][\/et_pb_section][et_pb_section fb_built=\"1\" _builder_version=\"3.22.3\" background_color=\"rgba(12,12,12,0.85)\" custom_padding=\"19px|0px|19px|0px|true|false\" locked=\"off\"][et_pb_row _builder_version=\"3.25\"][et_pb_column type=\"4_4\" _builder_version=\"3.25\" custom_padding=\"|||\" custom_padding__hover=\"|||\"][et_pb_text _builder_version=\"3.27.4\" header_font=\"||||||||\" header_2_font=\"Petit Formal Script||||||||\" header_2_font_size=\"40px\" header_3_font=\"||||||||\" header_2_font_size_tablet=\"\" header_2_font_size_phone=\"35px\" header_2_font_size_last_edited=\"on|phone\" header_3_font_size_tablet=\"\" header_3_font_size_phone=\"19px\" header_3_font_size_last_edited=\"on|phone\"]<\/p>\n<h2 style=\"text-align: center;\">Casa Palei<\/h2>\n<h3 style=\"text-align: center;\">Wohnungen<\/h3>\n<p>[\/et_pb_text][\/et_pb_column][\/et_pb_row][\/et_pb_section][et_pb_section fb_built=\"1\" _builder_version=\"3.22.3\" custom_padding=\"28px|0px|28px|0px|true|false\"][et_pb_row _builder_version=\"3.25\"][et_pb_column type=\"4_4\" _builder_version=\"3.25\" custom_padding=\"|||\" custom_padding__hover=\"|||\"][et_pb_text _builder_version=\"3.27.4\"]<\/p>\n<p style=\"text-align: center;\"><span style=\"font-size: 15px;\">Casa Palei, genannt \"Palei\" vom Namen der Villa a Sesta Farm, die immer noch einen guten Chianti Classico hervorbringt.<br \/><\/span>In der Casa Palei steht den G\u00e4sten ein gro\u00dfer Garten mit zwei Swimmingpools zur Verf\u00fcgung, die gleichzeitig einen faszinierenden und malerischen Blick auf das Chianti-Tal mit Hintergrund auf Siena genie\u00dfen k\u00f6nnen.<\/p>\n<p>[\/et_pb_text][\/et_pb_column][\/et_pb_row][\/et_pb_section][et_pb_section fb_built=\"1\" _builder_version=\"3.22.3\" custom_padding=\"12px|0px|77px|0px|false|false\"][et_pb_row use_custom_gutter=\"on\" gutter_width=\"2\" module_class=\" et_pb_row_fullwidth\" _builder_version=\"3.25\" width=\"94%\" width_tablet=\"80%\" width_phone=\"\" width_last_edited=\"on|desktop\" max_width=\"94%\" max_width_tablet=\"80%\" max_width_phone=\"\" max_width_last_edited=\"on|desktop\" custom_padding=\"9px|0px|27px|0px|false|false\" make_fullwidth=\"on\" column_structure=\"1_4,1_4,1_4,1_4\"][et_pb_column type=\"1_4\" _builder_version=\"3.25\" custom_padding=\"|||\" custom_padding__hover=\"|||\"][et_pb_blurb title=\"Casa Palei A\" url=\"https:\/\/www.villadisotto.it\/de\/ferienhaus-siena-apartments\/?view=roomdetails&amp;roomid=14\" image=\"https:\/\/www.villadisotto.it\/wp-content\/uploads\/2021\/06\/CP-1106.jpg\" _builder_version=\"4.9.4\" text_orientation=\"center\" hover_enabled=\"0\" box_shadow_style=\"preset1\" alt=\"Wohnungen - Bed and Breakfast Villa di Sotto\" title_text=\"Appartamenti - Bed and Breakfast Villa di Sotto\" sticky_enabled=\"0\"][\/et_pb_blurb][\/et_pb_column][et_pb_column type=\"1_4\" _builder_version=\"3.25\" custom_padding=\"|||\" custom_padding__hover=\"|||\"][et_pb_blurb title=\"Casa Palei B\" url=\"https:\/\/www.villadisotto.it\/de\/ferienhaus-siena-apartments\/?view=roomdetails&amp;roomid=15\" image=\"https:\/\/www.villadisotto.it\/wp-content\/uploads\/2021\/06\/CP-2103.jpg\" _builder_version=\"4.9.4\" text_orientation=\"center\" hover_enabled=\"0\" box_shadow_style=\"preset1\" alt=\"Wohnungen - Bed and Breakfast Villa di Sotto\" title_text=\"Appartamenti - Bed and Breakfast Villa di Sotto\" sticky_enabled=\"0\"][\/et_pb_blurb][\/et_pb_column][et_pb_column type=\"1_4\" _builder_version=\"3.25\" custom_padding=\"|||\" custom_padding__hover=\"|||\"][et_pb_blurb title=\"Casa Palei C\" url=\"https:\/\/www.villadisotto.it\/de\/ferienhaus-siena-apartments\/?view=roomdetails&amp;roomid=16\" image=\"https:\/\/www.villadisotto.it\/wp-content\/uploads\/2021\/06\/CP-4102.jpg\" _builder_version=\"4.9.4\" text_orientation=\"center\" hover_enabled=\"0\" box_shadow_style=\"preset1\" alt=\"Wohnungen - Bed and Breakfast Villa di Sotto\" title_text=\"Appartamenti - Bed and Breakfast Villa di Sotto\" sticky_enabled=\"0\"][\/et_pb_blurb][\/et_pb_column][et_pb_column type=\"1_4\" _builder_version=\"3.25\" custom_padding=\"|||\" custom_padding__hover=\"|||\"][et_pb_blurb title=\"Casa Palei D\" url=\"https:\/\/www.villadisotto.it\/de\/ferienhaus-siena-apartments\/?view=roomdetails&amp;roomid=17\" image=\"https:\/\/www.villadisotto.it\/wp-content\/uploads\/2021\/06\/CP-3105.jpg\" _builder_version=\"4.9.4\" text_orientation=\"center\" hover_enabled=\"0\" box_shadow_style=\"preset1\" alt=\"Wohnungen - Bed and Breakfast Villa di Sotto\" title_text=\"Appartamenti - Bed and Breakfast Villa di Sotto\" sticky_enabled=\"0\"][\/et_pb_blurb][\/et_pb_column][\/et_pb_row][\/et_pb_section]<\/p>\n","protected":false},"excerpt":{"rendered":"<p>Casa Palei WohnungenCasa Palei, genannt \"Palei\" vom Namen der Villa a Sesta Farm, die immer noch einen guten Chianti Classico hervorbringt.In der Casa Palei steht den G\u00e4sten ein gro\u00dfer Garten mit zwei Swimmingpools zur Verf\u00fcgung, die gleichzeitig einen faszinierenden und malerischen Blick auf das Chianti-Tal mit Hintergrund auf Siena genie\u00dfen k\u00f6nnen.<\/p>\n","protected":false},"author":1,"featured_media":1718,"parent":0,"menu_order":0,"comment_status":"closed","ping_status":"closed","template":"","meta":{"_et_pb_use_builder":"on","_et_pb_old_content":"","_et_gb_content_width":"","footnotes":""},"class_list":["post-1717","page","type-page","status-publish","has-post-thumbnail","hentry"],"yoast_head":"<!-- This site is optimized with the Yoast SEO plugin v27.4 - https:\/\/yoast.com\/product\/yoast-seo-wordpress\/ -->\n<title>Unterkunft Casa Palei - Wohnungen Villa di Sotto<\/title>\n<meta name=\"description\" content=\"Unterkunft Casa Palei | Casa Palei, genannt &quot;Palei&quot; vom Namen der Villa a Sesta Farm, die einen guten Chianti Classico hervorbringt.\" \/>\n<meta name=\"robots\" content=\"index, follow, max-snippet:-1, max-image-preview:large, max-video-preview:-1\" \/>\n<link rel=\"canonical\" href=\"https:\/\/www.villadisotto.it\/sistemazioni-casa-palei\/\" \/>\n<meta property=\"og:locale\" content=\"de_DE\" \/>\n<meta property=\"og:type\" content=\"article\" \/>\n<meta property=\"og:title\" content=\"Unterkunft Casa Palei - Wohnungen Villa di Sotto\" \/>\n<meta property=\"og:description\" content=\"Unterkunft Casa Palei | Casa Palei, genannt &quot;Palei&quot; vom Namen der Villa a Sesta Farm, die einen guten Chianti Classico hervorbringt.\" \/>\n<meta property=\"og:url\" content=\"https:\/\/www.villadisotto.it\/sistemazioni-casa-palei\/\" \/>\n<meta property=\"og:site_name\" content=\"Villa di Sotto\" \/>\n<meta property=\"article:modified_time\" content=\"2021-11-10T15:17:27+00:00\" \/>\n<meta property=\"og:image\" content=\"https:\/\/www.villadisotto.it\/wp-content\/uploads\/2019\/04\/insegna-casa-palei.jpg\" \/>\n\t<meta property=\"og:image:width\" content=\"800\" \/>\n\t<meta property=\"og:image:height\" content=\"533\" \/>\n\t<meta property=\"og:image:type\" content=\"image\/jpeg\" \/>\n<meta name=\"twitter:card\" content=\"summary_large_image\" \/>\n<meta name=\"twitter:label1\" content=\"Gesch\u00e4tzte Lesezeit\" \/>\n\t<meta name=\"twitter:data1\" content=\"3\u00a0Minuten\" \/>\n<script type=\"application\/ld+json\" class=\"yoast-schema-graph\">{\"@context\":\"https:\\\/\\\/schema.org\",\"@graph\":[{\"@type\":\"WebPage\",\"@id\":\"https:\\\/\\\/www.villadisotto.it\\\/sistemazioni-casa-palei\\\/\",\"url\":\"https:\\\/\\\/www.villadisotto.it\\\/sistemazioni-casa-palei\\\/\",\"name\":\"Unterkunft Casa Palei - Wohnungen Villa di Sotto\",\"isPartOf\":{\"@id\":\"https:\\\/\\\/www.villadisotto.it\\\/#website\"},\"primaryImageOfPage\":{\"@id\":\"https:\\\/\\\/www.villadisotto.it\\\/sistemazioni-casa-palei\\\/#primaryimage\"},\"image\":{\"@id\":\"https:\\\/\\\/www.villadisotto.it\\\/sistemazioni-casa-palei\\\/#primaryimage\"},\"thumbnailUrl\":\"https:\\\/\\\/www.villadisotto.it\\\/wp-content\\\/uploads\\\/2019\\\/04\\\/insegna-casa-palei.jpg\",\"datePublished\":\"2019-06-11T16:06:56+00:00\",\"dateModified\":\"2021-11-10T15:17:27+00:00\",\"description\":\"Unterkunft Casa Palei | Casa Palei, genannt \\\"Palei\\\" vom Namen der Villa a Sesta Farm, die einen guten Chianti Classico hervorbringt.\",\"breadcrumb\":{\"@id\":\"https:\\\/\\\/www.villadisotto.it\\\/sistemazioni-casa-palei\\\/#breadcrumb\"},\"inLanguage\":\"de\",\"potentialAction\":[{\"@type\":\"ReadAction\",\"target\":[\"https:\\\/\\\/www.villadisotto.it\\\/sistemazioni-casa-palei\\\/\"]}]},{\"@type\":\"ImageObject\",\"inLanguage\":\"de\",\"@id\":\"https:\\\/\\\/www.villadisotto.it\\\/sistemazioni-casa-palei\\\/#primaryimage\",\"url\":\"https:\\\/\\\/www.villadisotto.it\\\/wp-content\\\/uploads\\\/2019\\\/04\\\/insegna-casa-palei.jpg\",\"contentUrl\":\"https:\\\/\\\/www.villadisotto.it\\\/wp-content\\\/uploads\\\/2019\\\/04\\\/insegna-casa-palei.jpg\",\"width\":800,\"height\":533,\"caption\":\"Unterkunft Casa Palei\"},{\"@type\":\"BreadcrumbList\",\"@id\":\"https:\\\/\\\/www.villadisotto.it\\\/sistemazioni-casa-palei\\\/#breadcrumb\",\"itemListElement\":[{\"@type\":\"ListItem\",\"position\":1,\"name\":\"Home\",\"item\":\"https:\\\/\\\/www.villadisotto.it\\\/\"},{\"@type\":\"ListItem\",\"position\":2,\"name\":\"Unterkunft Casa Palei\"}]},{\"@type\":\"WebSite\",\"@id\":\"https:\\\/\\\/www.villadisotto.it\\\/#website\",\"url\":\"https:\\\/\\\/www.villadisotto.it\\\/\",\"name\":\"Villa di Sotto\",\"description\":\"Il cuore del Chianti\",\"potentialAction\":[{\"@type\":\"SearchAction\",\"target\":{\"@type\":\"EntryPoint\",\"urlTemplate\":\"https:\\\/\\\/www.villadisotto.it\\\/?s={search_term_string}\"},\"query-input\":{\"@type\":\"PropertyValueSpecification\",\"valueRequired\":true,\"valueName\":\"search_term_string\"}}],\"inLanguage\":\"de\"}]}<\/script>\n<!-- \/ Yoast SEO plugin. -->","yoast_head_json":{"title":"Unterkunft Casa Palei - Wohnungen Villa di Sotto","description":"Unterkunft Casa Palei | Casa Palei, genannt \"Palei\" vom Namen der Villa a Sesta Farm, die einen guten Chianti Classico hervorbringt.","robots":{"index":"index","follow":"follow","max-snippet":"max-snippet:-1","max-image-preview":"max-image-preview:large","max-video-preview":"max-video-preview:-1"},"canonical":"https:\/\/www.villadisotto.it\/sistemazioni-casa-palei\/","og_locale":"de_DE","og_type":"article","og_title":"Unterkunft Casa Palei - Wohnungen Villa di Sotto","og_description":"Unterkunft Casa Palei | Casa Palei, genannt \"Palei\" vom Namen der Villa a Sesta Farm, die einen guten Chianti Classico hervorbringt.","og_url":"https:\/\/www.villadisotto.it\/sistemazioni-casa-palei\/","og_site_name":"Villa di Sotto","article_modified_time":"2021-11-10T15:17:27+00:00","og_image":[{"width":800,"height":533,"url":"https:\/\/www.villadisotto.it\/wp-content\/uploads\/2019\/04\/insegna-casa-palei.jpg","type":"image\/jpeg"}],"twitter_card":"summary_large_image","twitter_misc":{"Gesch\u00e4tzte Lesezeit":"3\u00a0Minuten"},"schema":{"@context":"https:\/\/schema.org","@graph":[{"@type":"WebPage","@id":"https:\/\/www.villadisotto.it\/sistemazioni-casa-palei\/","url":"https:\/\/www.villadisotto.it\/sistemazioni-casa-palei\/","name":"Unterkunft Casa Palei - Wohnungen Villa di Sotto","isPartOf":{"@id":"https:\/\/www.villadisotto.it\/#website"},"primaryImageOfPage":{"@id":"https:\/\/www.villadisotto.it\/sistemazioni-casa-palei\/#primaryimage"},"image":{"@id":"https:\/\/www.villadisotto.it\/sistemazioni-casa-palei\/#primaryimage"},"thumbnailUrl":"https:\/\/www.villadisotto.it\/wp-content\/uploads\/2019\/04\/insegna-casa-palei.jpg","datePublished":"2019-06-11T16:06:56+00:00","dateModified":"2021-11-10T15:17:27+00:00","description":"Unterkunft Casa Palei | Casa Palei, genannt \"Palei\" vom Namen der Villa a Sesta Farm, die einen guten Chianti Classico hervorbringt.","breadcrumb":{"@id":"https:\/\/www.villadisotto.it\/sistemazioni-casa-palei\/#breadcrumb"},"inLanguage":"de","potentialAction":[{"@type":"ReadAction","target":["https:\/\/www.villadisotto.it\/sistemazioni-casa-palei\/"]}]},{"@type":"ImageObject","inLanguage":"de","@id":"https:\/\/www.villadisotto.it\/sistemazioni-casa-palei\/#primaryimage","url":"https:\/\/www.villadisotto.it\/wp-content\/uploads\/2019\/04\/insegna-casa-palei.jpg","contentUrl":"https:\/\/www.villadisotto.it\/wp-content\/uploads\/2019\/04\/insegna-casa-palei.jpg","width":800,"height":533,"caption":"Unterkunft Casa Palei"},{"@type":"BreadcrumbList","@id":"https:\/\/www.villadisotto.it\/sistemazioni-casa-palei\/#breadcrumb","itemListElement":[{"@type":"ListItem","position":1,"name":"Home","item":"https:\/\/www.villadisotto.it\/"},{"@type":"ListItem","position":2,"name":"Unterkunft Casa Palei"}]},{"@type":"WebSite","@id":"https:\/\/www.villadisotto.it\/#website","url":"https:\/\/www.villadisotto.it\/","name":"Villa di Sotto","description":"Il cuore del Chianti","potentialAction":[{"@type":"SearchAction","target":{"@type":"EntryPoint","urlTemplate":"https:\/\/www.villadisotto.it\/?s={search_term_string}"},"query-input":{"@type":"PropertyValueSpecification","valueRequired":true,"valueName":"search_term_string"}}],"inLanguage":"de"}]}},"_links":{"self":[{"href":"https:\/\/www.villadisotto.it\/de\/wp-json\/wp\/v2\/pages\/1717","targetHints":{"allow":["GET"]}}],"collection":[{"href":"https:\/\/www.villadisotto.it\/de\/wp-json\/wp\/v2\/pages"}],"about":[{"href":"https:\/\/www.villadisotto.it\/de\/wp-json\/wp\/v2\/types\/page"}],"author":[{"embeddable":true,"href":"https:\/\/www.villadisotto.it\/de\/wp-json\/wp\/v2\/users\/1"}],"replies":[{"embeddable":true,"href":"https:\/\/www.villadisotto.it\/de\/wp-json\/wp\/v2\/comments?post=1717"}],"version-history":[{"count":8,"href":"https:\/\/www.villadisotto.it\/de\/wp-json\/wp\/v2\/pages\/1717\/revisions"}],"predecessor-version":[{"id":20381,"href":"https:\/\/www.villadisotto.it\/de\/wp-json\/wp\/v2\/pages\/1717\/revisions\/20381"}],"wp:featuredmedia":[{"embeddable":true,"href":"https:\/\/www.villadisotto.it\/de\/wp-json\/wp\/v2\/media\/1718"}],"wp:attachment":[{"href":"https:\/\/www.villadisotto.it\/de\/wp-json\/wp\/v2\/media?parent=1717"}],"curies":[{"name":"wp","href":"https:\/\/api.w.org\/{rel}","templated":true}]}}