{"id":1667,"date":"2019-06-11T17:17:48","date_gmt":"2019-06-11T15:17:48","guid":{"rendered":"https:\/\/www.villadisotto.it\/wein-shop-chianti-wein-shop\/"},"modified":"2024-11-15T10:54:54","modified_gmt":"2024-11-15T09:54:54","slug":"wein-shop-chianti-wein-shop","status":"publish","type":"page","link":"https:\/\/www.villadisotto.it\/de\/wein-shop-chianti-wein-shop\/","title":{"rendered":"Weinhandlung Chianti - Weinhandlung"},"content":{"rendered":"<p>[et_pb_section fb_built=\"1\" fullwidth=\"on\" _builder_version=\"4.16\" _module_preset=\"default\" locked=\"off\" global_colors_info=\"{}\"][et_pb_fullwidth_header title=\"Weinhandlung\" text_orientation=\"center\" _builder_version=\"4.16\" _module_preset=\"default\" title_font=\"Petit Formal Script|700|||||||\" title_font_size=\"60px\" background_enable_color=\"off\" background_image=\"https:\/\/www.villadisotto.it\/wp-content\/uploads\/2021\/11\/VdSC-2102-1.jpg\" background_position=\"bottom_right\" width=\"100%\" custom_padding=\"300px||300px||true|false\" custom_padding_tablet=\"300px||300px||true|false\" custom_padding_phone=\"125px||125px||true|false\" custom_padding_last_edited=\"on|phone\" title_font_size_tablet=\"60px\" title_font_size_phone=\"30px\" title_font_size_last_edited=\"on|desktop\" background_last_edited=\"on|phone\" background_image_phone=\"https:\/\/www.villadisotto.it\/wp-content\/uploads\/2022\/01\/enoteca-m.jpg\" background_enable_image_phone=\"on\" background_position_phone=\"center\" title_text_shadow_style=\"preset1\" global_colors_info=\"{}\"][\/et_pb_fullwidth_header][\/et_pb_section][et_pb_section fb_built=\"1\" _builder_version=\"4.16\" custom_padding=\"22px|0px|11px|0px|false|false\" global_colors_info=\"{}\"][et_pb_row _builder_version=\"4.16\" custom_padding=\"27px|0px|9px|0px|false|false\" global_colors_info=\"{}\"][et_pb_column type=\"4_4\" _builder_version=\"4.16\" custom_padding=\"|||\" global_colors_info=\"{}\" custom_padding__hover=\"|||\"][et_pb_text _builder_version=\"4.16\" header_font=\"Petit Formal Script|700|||||||\" header_line_height=\"1.3em\" header_2_font=\"Petit Formal Script|700|||||||\" header_font_size_tablet=\"\" header_font_size_phone=\"25px\" header_font_size_last_edited=\"on|phone\" global_colors_info=\"{}\"]<\/p>\n<h1 style=\"text-align: center;\">Weinhandlung im Weinberg<\/h1>\n<p style=\"text-align: center;\"><strong>Unsere Weinauswahl<\/strong><\/p>\n<p>[\/et_pb_text][et_pb_text _builder_version=\"4.16\" global_colors_info=\"{}\"]<\/p>\n<p style=\"text-align: center;\"><span>In Villa di Sotto finden Sie eine gut sortierte Vinothek, in der Sie eine gro\u00dfe Auswahl an lokalen und nicht-lokalen Weinen vergleichen, verkosten und kaufen k\u00f6nnen.<\/span><\/p>\n<p>[\/et_pb_text][\/et_pb_column][\/et_pb_row][\/et_pb_section][et_pb_section fb_built=\"1\" _builder_version=\"4.16\" custom_padding=\"16px|0px|54px|0px|false|false\" global_colors_info=\"{}\"][et_pb_row column_structure=\"3_5,2_5\" custom_padding_last_edited=\"on|phone\" _builder_version=\"4.16\" background_size=\"initial\" background_position=\"top_left\" background_repeat=\"repeat\" custom_padding=\"0|0px|0|0px|false|false\" custom_padding_tablet=\"\" custom_padding_phone=\"0px|||\" border_width_bottom=\"1px\" border_color_bottom=\"#d3be80\" global_colors_info=\"{}\"][et_pb_column type=\"3_5\" _builder_version=\"4.16\" custom_padding=\"|||\" global_colors_info=\"{}\" custom_padding__hover=\"|||\"][et_pb_gallery gallery_ids=\"19849,19854,19859,1844\" fullwidth=\"on\" _builder_version=\"4.16\" auto=\"on\" auto_speed=\"4000\" border_radii=\"on|4px|4px|4px|4px\" global_colors_info=\"{}\"][\/et_pb_gallery][\/et_pb_column][et_pb_column type=\"2_5\" _builder_version=\"4.16\" custom_padding=\"|||\" global_colors_info=\"{}\" custom_padding__hover=\"|||\"][et_pb_text _builder_version=\"4.16\" text_font=\"||||||||\" text_line_height=\"2em\" background_size=\"initial\" background_position=\"top_left\" background_repeat=\"repeat\" custom_margin=\"||||true|true\" custom_padding=\"20px|25px|20px|25px|true|true\" custom_padding_tablet=\"\" custom_padding_phone=\"0px|10px|0px|10px|true|true\" custom_padding_last_edited=\"on|desktop\" global_colors_info=\"{}\"]<\/p>\n<p style=\"text-align: center;\"><span>In der Enoteca finden Sie Rotweine, Wei\u00dfweine, Prosecco, Ros\u00e9weine, Vinsanto, Grappa, aber auch Limoncello und einige der beliebtesten Magenbitter. <\/span><\/p>\n<p style=\"text-align: center;\"><span>Unsere Struktur erm\u00f6glicht es allen Weinliebhabern, sich dieser Leidenschaft zu widmen und sie mit ihren Lieben zu teilen. <\/span><\/p>\n<p style=\"text-align: center;\"><span>Die Enoteca di Villa di Sotto befindet sich im Inneren des Restaurants im ersten Stock. Ein Ort, der mit Stil entworfen und studiert wurde und der darauf achtet, den Geschmack und die organoleptischen Eigenschaften der Weine zu erhalten.<\/span><\/p>\n<p>[\/et_pb_text][\/et_pb_column][\/et_pb_row][et_pb_row column_structure=\"3_5,2_5\" use_custom_gutter=\"on\" gutter_width=\"2\" _builder_version=\"4.16\" background_size=\"initial\" background_position=\"top_left\" background_repeat=\"repeat\" custom_padding=\"30px|0px|27px|0px|false|false\" border_width_bottom=\"1px\" border_color_bottom=\"#d3be80\" global_colors_info=\"{}\"][et_pb_column type=\"3_5\" _builder_version=\"4.16\" custom_padding=\"|||\" global_colors_info=\"{}\" custom_padding__hover=\"|||\"][et_pb_gallery gallery_ids=\"1843,1842,19864,8137,1793\" fullwidth=\"on\" _builder_version=\"4.16\" auto=\"on\" auto_speed=\"4000\" border_radii=\"on|4px|4px|4px|4px\" global_colors_info=\"{}\"][\/et_pb_gallery][\/et_pb_column][et_pb_column type=\"2_5\" _builder_version=\"4.16\" custom_padding=\"|||\" global_colors_info=\"{}\" custom_padding__hover=\"|||\"][et_pb_text _builder_version=\"4.16\" text_font=\"||||||||\" text_line_height=\"2em\" background_size=\"initial\" background_position=\"top_left\" background_repeat=\"repeat\" custom_margin=\"||||true|true\" custom_padding=\"60px|25px|60px|25px|true|true\" custom_padding_tablet=\"\" custom_padding_phone=\"0px|10px|0px|10px|true|true\" custom_padding_last_edited=\"on|desktop\" global_colors_info=\"{}\"]<\/p>\n<p style=\"text-align: center;\"><span>Villa di Sotto macht auch Expeditionen durch ganz Italien, damit unsere Weine mit Freunden und Familie verkostet werden k\u00f6nnen.<\/span><\/p>\n<p style=\"text-align: center;\"><span>Au\u00dferdem finden Sie bei uns eine Vielzahl typischer lokaler Produkte wie Honig, Ricciarelli, Cantucci, natives Oliven\u00f6l extra und frische Pasta aus eigener Herstellung.<\/span><\/p>\n<p>[\/et_pb_text][\/et_pb_column][\/et_pb_row][\/et_pb_section][et_pb_section fb_built=\"1\" _builder_version=\"4.16\" background_color=\"rgba(211,190,128,0.13)\" background_color_gradient_start=\"rgba(175,21,21,0.6)\" background_color_gradient_end=\"#ffffff\" custom_padding=\"30px|0px|30px|0px|true|false\" locked=\"off\" global_colors_info=\"{}\"][et_pb_row column_structure=\"1_4,3_4\" _builder_version=\"4.16\" global_colors_info=\"{}\"][et_pb_column type=\"1_4\" _builder_version=\"4.16\" custom_padding=\"|||\" global_colors_info=\"{}\" custom_padding__hover=\"|||\"][et_pb_text _builder_version=\"4.16\" _module_preset=\"default\" custom_padding=\"60px|||||\" global_colors_info=\"{}\"]<\/p>\n<h3><strong>Geben oder schenken Sie sich selbst die Erfahrung.<\/strong><\/h3>\n<p><strong>Entdecken Sie unsere Angebote und w\u00e4hlen Sie dasjenige, das am besten zu Ihnen passt.<br \/><\/strong><strong>Erleben Sie den wahren Geschmack des Chianti Classico, oder lassen Sie Ihre Lieben ihn erleben.<\/strong><\/p>\n<p>[\/et_pb_text][\/et_pb_column][et_pb_column type=\"3_4\" _builder_version=\"4.16\" custom_padding=\"|||\" global_colors_info=\"{}\" custom_padding__hover=\"|||\"][et_pb_blurb title=\"Weinprobe\" url=\"https:\/\/www.villadisotto.it\/de\/weinprobe-im-chianti-classico-gebiet\/\" image=\"https:\/\/www.villadisotto.it\/wp-content\/uploads\/2019\/04\/vino-enoteca-villa-di-sotto.jpg\" _builder_version=\"4.16\" header_font=\"Petit Formal Script|700|||||||\" header_text_align=\"center\" header_font_size=\"21px\" background_color=\"RGBA(0,0,0,0)\" custom_padding=\"25px||1px||false|false\" link_option_url=\"https:\/\/www.villadisotto.it\/de\/weinprobe-im-chianti-classico-gebiet\/\" border_width_all=\"1px\" border_color_all=\"#d3be80\" border_radii_image=\"on|4px|4px|4px|4px\" locked=\"off\" global_colors_info=\"{}\" transform_styles__hover_enabled=\"on|hover\" transform_scale__hover_enabled=\"on|hover\" transform_translate__hover_enabled=\"on|desktop\" transform_rotate__hover_enabled=\"on|desktop\" transform_skew__hover_enabled=\"on|desktop\" transform_origin__hover_enabled=\"on|desktop\" transform_scale__hover=\"107%|107%\"][\/et_pb_blurb][\/et_pb_column][\/et_pb_row][\/et_pb_section]<\/p>\n","protected":false},"excerpt":{"rendered":"<p>Weinhandlung im Weinberg Unsere WeinauswahlIn Villa di Sotto finden Sie eine gut sortierte Vinothek, in der Sie eine gro\u00dfe Auswahl an lokalen und nicht-lokalen Weinen vergleichen, verkosten und kaufen k\u00f6nnen.In der Enoteca finden Sie Rotweine, Wei\u00dfweine, Prosecco, Ros\u00e9weine, Vinsanto, Grappa, aber auch Limoncello und einige der beliebtesten Magenbitter. Unsere Struktur erm\u00f6glicht es allen Weinliebhabern, sich [&hellip;]<\/p>\n","protected":false},"author":3,"featured_media":1668,"parent":0,"menu_order":0,"comment_status":"closed","ping_status":"closed","template":"","meta":{"_et_pb_use_builder":"on","_et_pb_old_content":"","_et_gb_content_width":"","footnotes":""},"class_list":["post-1667","page","type-page","status-publish","has-post-thumbnail","hentry"],"yoast_head":"<!-- This site is optimized with the Yoast SEO plugin v27.2 - https:\/\/yoast.com\/product\/yoast-seo-wordpress\/ -->\n<title>Weinhandlung Chianti - Gro\u00dfe Auswahl an Weinen, Weinhandlung im Weinberg Villa di Sotto<\/title>\n<meta name=\"description\" content=\"Weinhandlung Chianti | In der Villa di Sotto befindet sich eine gut sortierte Weinhandlung, in der Sie eine gro\u00dfe Auswahl an lokalen und...\" \/>\n<meta name=\"robots\" content=\"index, follow, max-snippet:-1, max-image-preview:large, max-video-preview:-1\" \/>\n<link rel=\"canonical\" href=\"https:\/\/www.villadisotto.it\/de\/wein-shop-chianti-wein-shop\/\" \/>\n<meta property=\"og:locale\" content=\"de_DE\" \/>\n<meta property=\"og:type\" content=\"article\" \/>\n<meta property=\"og:title\" content=\"Weinhandlung Chianti - Gro\u00dfe Auswahl an Weinen, Weinhandlung im Weinberg Villa di Sotto\" \/>\n<meta property=\"og:description\" content=\"Weinhandlung Chianti | In der Villa di Sotto befindet sich eine gut sortierte Weinhandlung, in der Sie eine gro\u00dfe Auswahl an lokalen und...\" \/>\n<meta property=\"og:url\" content=\"https:\/\/www.villadisotto.it\/de\/wein-shop-chianti-wein-shop\/\" \/>\n<meta property=\"og:site_name\" content=\"Villa di Sotto\" \/>\n<meta property=\"article:modified_time\" content=\"2024-11-15T09:54:54+00:00\" \/>\n<meta property=\"og:image\" content=\"https:\/\/www.villadisotto.it\/wp-content\/uploads\/2019\/04\/enoteca-villa-di-sotto.jpg\" \/>\n\t<meta property=\"og:image:width\" content=\"1700\" \/>\n\t<meta property=\"og:image:height\" content=\"1133\" \/>\n\t<meta property=\"og:image:type\" content=\"image\/jpeg\" \/>\n<meta name=\"twitter:card\" content=\"summary_large_image\" \/>\n<meta name=\"twitter:label1\" content=\"Gesch\u00e4tzte Lesezeit\" \/>\n\t<meta name=\"twitter:data1\" content=\"5\u00a0Minuten\" \/>\n<script type=\"application\/ld+json\" class=\"yoast-schema-graph\">{\"@context\":\"https:\/\/schema.org\",\"@graph\":[{\"@type\":\"WebPage\",\"@id\":\"https:\/\/www.villadisotto.it\/de\/wein-shop-chianti-wein-shop\/\",\"url\":\"https:\/\/www.villadisotto.it\/de\/wein-shop-chianti-wein-shop\/\",\"name\":\"Weinhandlung Chianti - Gro\u00dfe Auswahl an Weinen, Weinhandlung im Weinberg Villa di Sotto\",\"isPartOf\":{\"@id\":\"https:\/\/www.villadisotto.it\/#website\"},\"primaryImageOfPage\":{\"@id\":\"https:\/\/www.villadisotto.it\/de\/wein-shop-chianti-wein-shop\/#primaryimage\"},\"image\":{\"@id\":\"https:\/\/www.villadisotto.it\/de\/wein-shop-chianti-wein-shop\/#primaryimage\"},\"thumbnailUrl\":\"https:\/\/www.villadisotto.it\/wp-content\/uploads\/2019\/04\/enoteca-villa-di-sotto.jpg\",\"datePublished\":\"2019-06-11T15:17:48+00:00\",\"dateModified\":\"2024-11-15T09:54:54+00:00\",\"description\":\"Weinhandlung Chianti | In der Villa di Sotto befindet sich eine gut sortierte Weinhandlung, in der Sie eine gro\u00dfe Auswahl an lokalen und...\",\"breadcrumb\":{\"@id\":\"https:\/\/www.villadisotto.it\/de\/wein-shop-chianti-wein-shop\/#breadcrumb\"},\"inLanguage\":\"de\",\"potentialAction\":[{\"@type\":\"ReadAction\",\"target\":[\"https:\/\/www.villadisotto.it\/de\/wein-shop-chianti-wein-shop\/\"]}]},{\"@type\":\"ImageObject\",\"inLanguage\":\"de\",\"@id\":\"https:\/\/www.villadisotto.it\/de\/wein-shop-chianti-wein-shop\/#primaryimage\",\"url\":\"https:\/\/www.villadisotto.it\/wp-content\/uploads\/2019\/04\/enoteca-villa-di-sotto.jpg\",\"contentUrl\":\"https:\/\/www.villadisotto.it\/wp-content\/uploads\/2019\/04\/enoteca-villa-di-sotto.jpg\",\"width\":1700,\"height\":1133,\"caption\":\"Weinhandlung Chianti\"},{\"@type\":\"BreadcrumbList\",\"@id\":\"https:\/\/www.villadisotto.it\/de\/wein-shop-chianti-wein-shop\/#breadcrumb\",\"itemListElement\":[{\"@type\":\"ListItem\",\"position\":1,\"name\":\"Home\",\"item\":\"https:\/\/www.villadisotto.it\/\"},{\"@type\":\"ListItem\",\"position\":2,\"name\":\"Weinhandlung Chianti &#8211; Weinhandlung\"}]},{\"@type\":\"WebSite\",\"@id\":\"https:\/\/www.villadisotto.it\/#website\",\"url\":\"https:\/\/www.villadisotto.it\/\",\"name\":\"Villa di Sotto\",\"description\":\"Il cuore del Chianti\",\"potentialAction\":[{\"@type\":\"SearchAction\",\"target\":{\"@type\":\"EntryPoint\",\"urlTemplate\":\"https:\/\/www.villadisotto.it\/?s={search_term_string}\"},\"query-input\":{\"@type\":\"PropertyValueSpecification\",\"valueRequired\":true,\"valueName\":\"search_term_string\"}}],\"inLanguage\":\"de\"}]}<\/script>\n<!-- \/ Yoast SEO plugin. -->","yoast_head_json":{"title":"Weinhandlung Chianti - Gro\u00dfe Auswahl an Weinen, Weinhandlung im Weinberg Villa di Sotto","description":"Weinhandlung Chianti | In der Villa di Sotto befindet sich eine gut sortierte Weinhandlung, in der Sie eine gro\u00dfe Auswahl an lokalen und...","robots":{"index":"index","follow":"follow","max-snippet":"max-snippet:-1","max-image-preview":"max-image-preview:large","max-video-preview":"max-video-preview:-1"},"canonical":"https:\/\/www.villadisotto.it\/de\/wein-shop-chianti-wein-shop\/","og_locale":"de_DE","og_type":"article","og_title":"Weinhandlung Chianti - Gro\u00dfe Auswahl an Weinen, Weinhandlung im Weinberg Villa di Sotto","og_description":"Weinhandlung Chianti | In der Villa di Sotto befindet sich eine gut sortierte Weinhandlung, in der Sie eine gro\u00dfe Auswahl an lokalen und...","og_url":"https:\/\/www.villadisotto.it\/de\/wein-shop-chianti-wein-shop\/","og_site_name":"Villa di Sotto","article_modified_time":"2024-11-15T09:54:54+00:00","og_image":[{"width":1700,"height":1133,"url":"https:\/\/www.villadisotto.it\/wp-content\/uploads\/2019\/04\/enoteca-villa-di-sotto.jpg","type":"image\/jpeg"}],"twitter_card":"summary_large_image","twitter_misc":{"Gesch\u00e4tzte Lesezeit":"5\u00a0Minuten"},"schema":{"@context":"https:\/\/schema.org","@graph":[{"@type":"WebPage","@id":"https:\/\/www.villadisotto.it\/de\/wein-shop-chianti-wein-shop\/","url":"https:\/\/www.villadisotto.it\/de\/wein-shop-chianti-wein-shop\/","name":"Weinhandlung Chianti - Gro\u00dfe Auswahl an Weinen, Weinhandlung im Weinberg Villa di Sotto","isPartOf":{"@id":"https:\/\/www.villadisotto.it\/#website"},"primaryImageOfPage":{"@id":"https:\/\/www.villadisotto.it\/de\/wein-shop-chianti-wein-shop\/#primaryimage"},"image":{"@id":"https:\/\/www.villadisotto.it\/de\/wein-shop-chianti-wein-shop\/#primaryimage"},"thumbnailUrl":"https:\/\/www.villadisotto.it\/wp-content\/uploads\/2019\/04\/enoteca-villa-di-sotto.jpg","datePublished":"2019-06-11T15:17:48+00:00","dateModified":"2024-11-15T09:54:54+00:00","description":"Weinhandlung Chianti | In der Villa di Sotto befindet sich eine gut sortierte Weinhandlung, in der Sie eine gro\u00dfe Auswahl an lokalen und...","breadcrumb":{"@id":"https:\/\/www.villadisotto.it\/de\/wein-shop-chianti-wein-shop\/#breadcrumb"},"inLanguage":"de","potentialAction":[{"@type":"ReadAction","target":["https:\/\/www.villadisotto.it\/de\/wein-shop-chianti-wein-shop\/"]}]},{"@type":"ImageObject","inLanguage":"de","@id":"https:\/\/www.villadisotto.it\/de\/wein-shop-chianti-wein-shop\/#primaryimage","url":"https:\/\/www.villadisotto.it\/wp-content\/uploads\/2019\/04\/enoteca-villa-di-sotto.jpg","contentUrl":"https:\/\/www.villadisotto.it\/wp-content\/uploads\/2019\/04\/enoteca-villa-di-sotto.jpg","width":1700,"height":1133,"caption":"Weinhandlung Chianti"},{"@type":"BreadcrumbList","@id":"https:\/\/www.villadisotto.it\/de\/wein-shop-chianti-wein-shop\/#breadcrumb","itemListElement":[{"@type":"ListItem","position":1,"name":"Home","item":"https:\/\/www.villadisotto.it\/"},{"@type":"ListItem","position":2,"name":"Weinhandlung Chianti &#8211; Weinhandlung"}]},{"@type":"WebSite","@id":"https:\/\/www.villadisotto.it\/#website","url":"https:\/\/www.villadisotto.it\/","name":"Villa di Sotto","description":"Il cuore del Chianti","potentialAction":[{"@type":"SearchAction","target":{"@type":"EntryPoint","urlTemplate":"https:\/\/www.villadisotto.it\/?s={search_term_string}"},"query-input":{"@type":"PropertyValueSpecification","valueRequired":true,"valueName":"search_term_string"}}],"inLanguage":"de"}]}},"_links":{"self":[{"href":"https:\/\/www.villadisotto.it\/de\/wp-json\/wp\/v2\/pages\/1667","targetHints":{"allow":["GET"]}}],"collection":[{"href":"https:\/\/www.villadisotto.it\/de\/wp-json\/wp\/v2\/pages"}],"about":[{"href":"https:\/\/www.villadisotto.it\/de\/wp-json\/wp\/v2\/types\/page"}],"author":[{"embeddable":true,"href":"https:\/\/www.villadisotto.it\/de\/wp-json\/wp\/v2\/users\/3"}],"replies":[{"embeddable":true,"href":"https:\/\/www.villadisotto.it\/de\/wp-json\/wp\/v2\/comments?post=1667"}],"version-history":[{"count":35,"href":"https:\/\/www.villadisotto.it\/de\/wp-json\/wp\/v2\/pages\/1667\/revisions"}],"predecessor-version":[{"id":27446,"href":"https:\/\/www.villadisotto.it\/de\/wp-json\/wp\/v2\/pages\/1667\/revisions\/27446"}],"wp:featuredmedia":[{"embeddable":true,"href":"https:\/\/www.villadisotto.it\/de\/wp-json\/wp\/v2\/media\/1668"}],"wp:attachment":[{"href":"https:\/\/www.villadisotto.it\/de\/wp-json\/wp\/v2\/media?parent=1667"}],"curies":[{"name":"wp","href":"https:\/\/api.w.org\/{rel}","templated":true}]}}