{"id":1657,"date":"2019-06-11T17:09:12","date_gmt":"2019-06-11T15:09:12","guid":{"rendered":"https:\/\/www.villadisotto.it\/fruhstuck\/"},"modified":"2026-01-27T14:33:50","modified_gmt":"2026-01-27T13:33:50","slug":"fruhstuck","status":"publish","type":"page","link":"https:\/\/www.villadisotto.it\/de\/fruhstuck\/","title":{"rendered":"Fr\u00fchst\u00fccksbuffet"},"content":{"rendered":"<p>[et_pb_section fb_built=\"1\" fullwidth=\"on\" _builder_version=\"4.16\" global_colors_info=\"{}\"][et_pb_fullwidth_slider _builder_version=\"4.27.4\" height_tablet=\"\" height_phone=\"300px\" height_last_edited=\"on|phone\" custom_padding=\"280px||280px||true|\" global_colors_info=\"{}\"][et_pb_slide _builder_version=\"4.27.4\" background_image=\"https:\/\/www.villadisotto.it\/wp-content\/uploads\/2025\/07\/Colazione-VdS-h.jpg\" background_enable_image=\"on\" background_position=\"bottom_center\" global_colors_info=\"{}\" sticky_transition=\"on\"][\/et_pb_slide][et_pb_slide _builder_version=\"4.27.4\" background_image=\"https:\/\/www.villadisotto.it\/wp-content\/uploads\/2025\/07\/Colazione-VdS-buffet-ok.jpg\" background_enable_image=\"on\" global_colors_info=\"{}\" sticky_transition=\"on\"][\/et_pb_slide][\/et_pb_fullwidth_slider][\/et_pb_section][et_pb_section fb_built=\"1\" custom_padding_last_edited=\"on|phone\" _builder_version=\"4.21.0\" custom_margin=\"||||false|false\" custom_padding=\"50px|0px|50px|0px|true|false\" custom_padding_tablet=\"30px|0px|30px|0px|true|false\" custom_padding_phone=\"5px||5px||true|false\" global_colors_info=\"{}\"][et_pb_row _builder_version=\"4.16\" background_size=\"initial\" background_position=\"top_left\" background_repeat=\"repeat\" custom_width_px=\"857px\" global_colors_info=\"{}\"][et_pb_column type=\"4_4\" _builder_version=\"4.16\" custom_padding=\"|||\" global_colors_info=\"{}\" custom_padding__hover=\"|||\"][et_pb_text _builder_version=\"4.27.4\" header_font=\"Petit Formal Script|700|||||||\" header_font_size=\"46px\" header_2_font=\"Petit Formal Script|700|||||||\" header_2_font_size=\"37px\" custom_margin=\"||12px|||\" header_font_size_tablet=\"\" header_font_size_phone=\"30px\" header_font_size_last_edited=\"on|phone\" global_colors_info=\"{}\"]<\/p>\n<h2 style=\"text-align: center;\">Das Fr\u00fchst\u00fccksbuffet<\/h2>\n<p>[\/et_pb_text][et_pb_text _builder_version=\"4.27.4\" _module_preset=\"default\" header_4_font=\"|700|||||||\" header_4_text_color=\"#000000\" global_colors_info=\"{}\"]<\/p>\n<h4 style=\"text-align: center;\">von <span style=\"color: #000000;\">08:30 bis 10:00<\/span><\/h4>\n<p>[\/et_pb_text][et_pb_text _builder_version=\"4.27.4\" background_size=\"initial\" background_position=\"top_left\" background_repeat=\"repeat\" global_colors_info=\"{}\"]<\/p>\n<p style=\"text-align: center;\"><strong><em><span style=\"color: #000000;\">Gut begonnen ist halb gewonnen,<br \/>wir warten auf dich! <\/span><\/em><\/strong><\/p>\n<p>[\/et_pb_text][et_pb_button button_url=\"http:\/\/www.villadisotto.it\/contatti-villa-di-sotto\/\" button_text=\"INFORMATION ANFORDERN\" button_alignment=\"center\" _builder_version=\"4.21.0\" custom_button=\"on\" button_text_size=\"16px\" button_text_color=\"#ffffff\" button_bg_color=\"#d3be80\" button_border_width=\"5px\" button_border_color=\"#d3be80\" button_border_radius=\"7px\" button_letter_spacing=\"2px\" button_font=\"|600|||||||\" custom_padding=\"10px|30px|10px|30px|true|true\" button_text_size_tablet=\"16px\" button_text_size_phone=\"13px\" button_text_size_last_edited=\"on|phone\" box_shadow_style=\"preset1\" global_colors_info=\"{}\" button_bg_color__hover_enabled=\"on\" button_bg_color__hover=\"rgba(0,0,0,0.82)\" button_text_color__hover_enabled=\"on\" button_text_color__hover=\"#ffffff\"][\/et_pb_button][\/et_pb_column][\/et_pb_row][\/et_pb_section][et_pb_section fb_built=\"1\" _builder_version=\"4.27.4\" _module_preset=\"default\" custom_padding=\"0px||0px|||\" global_colors_info=\"{}\"][et_pb_row column_structure=\"1_2,1_2\" use_custom_gutter=\"on\" gutter_width=\"1\" make_equal=\"on\" _builder_version=\"4.27.4\" _module_preset=\"default\" width=\"100%\" max_width=\"2560px\" custom_padding=\"0px||0px|||\" global_colors_info=\"{}\"][et_pb_column type=\"1_2\" _builder_version=\"4.27.4\" _module_preset=\"default\" animation_style=\"slide\" animation_direction=\"left\" animation_intensity_slide=\"5%\" global_colors_info=\"{}\"][et_pb_gallery gallery_ids=\"29081,28967,29085,29089\" fullwidth=\"on\" _builder_version=\"4.27.4\" _module_preset=\"default\" auto=\"on\" auto_speed=\"3000\" global_colors_info=\"{}\"][\/et_pb_gallery][\/et_pb_column][et_pb_column type=\"1_2\" _builder_version=\"4.27.4\" _module_preset=\"default\" background_color=\"#f4f4f4\" custom_padding=\"150px|150px|150px|100px|true|false\" custom_padding_tablet=\"150px|150px|150px|50px|true|false\" custom_padding_phone=\"50px|70px|50px|30px|true|false\" custom_padding_last_edited=\"on|phone\" global_colors_info=\"{}\"][et_pb_text _builder_version=\"4.27.4\" _module_preset=\"default\" header_font=\"|||on|||||\" header_2_font=\"|700|||||||\" header_2_font_size=\"50px\" custom_padding=\"||30px||false|false\" header_2_font_size_tablet=\"50px\" header_2_font_size_phone=\"30px\" header_2_font_size_last_edited=\"on|phone\" global_colors_info=\"{}\"]<\/p>\n<h2>T\u00e4glich hausgemachte Kuchen und Geb\u00e4ck<\/h2>\n<p>[\/et_pb_text][et_pb_text _builder_version=\"4.27.4\" _module_preset=\"default\" text_font_size=\"18px\" global_colors_info=\"{}\"]<\/p>\n<p>Geb\u00e4ck, Muffins, Guetzli, W\u00e4hen mit saisonalen Konfit\u00fcren<\/p>\n<p>[\/et_pb_text][\/et_pb_column][\/et_pb_row][et_pb_row column_structure=\"1_2,1_2\" use_custom_gutter=\"on\" gutter_width=\"1\" disabled_on=\"off|off|on\" _builder_version=\"4.27.4\" _module_preset=\"default\" width=\"100%\" max_width=\"2560px\" custom_padding=\"0px||0px|||\" global_colors_info=\"{}\"][et_pb_column type=\"1_2\" _builder_version=\"4.27.4\" _module_preset=\"default\" animation_style=\"slide\" animation_direction=\"left\" animation_intensity_slide=\"5%\" global_colors_info=\"{}\"][et_pb_gallery gallery_ids=\"28991,28995,28999,28987\" fullwidth=\"on\" _builder_version=\"4.27.4\" _module_preset=\"default\" auto=\"on\" auto_speed=\"3000\" global_colors_info=\"{}\"][\/et_pb_gallery][\/et_pb_column][et_pb_column type=\"1_2\" _builder_version=\"4.27.4\" _module_preset=\"default\" custom_padding=\"150px|150px|150px|50px|true|false\" custom_padding_tablet=\"150px|150px|150px|50px|true|false\" custom_padding_phone=\"50px|70px|50px|30px|true|false\" custom_padding_last_edited=\"on|phone\" global_colors_info=\"{}\"][et_pb_text _builder_version=\"4.27.4\" _module_preset=\"default\" header_font=\"|||on|||||\" header_2_font=\"|700|||||||\" header_2_font_size=\"50px\" custom_padding=\"||30px||false|false\" header_2_font_size_tablet=\"50px\" header_2_font_size_phone=\"30px\" header_2_font_size_last_edited=\"on|phone\" global_colors_info=\"{}\"]<\/p>\n<h2>Panoramaterrasse<\/h2>\n<p>[\/et_pb_text][et_pb_text _builder_version=\"4.27.4\" _module_preset=\"default\" text_font_size=\"18px\" global_colors_info=\"{}\"]<\/p>\n<p>Ein Erwachen in der Ruhe der Natur mit einem einzigartigen Blick auf die toskanische Landschaft<\/p>\n<p>[\/et_pb_text][\/et_pb_column][\/et_pb_row][et_pb_row column_structure=\"1_2,1_2\" use_custom_gutter=\"on\" gutter_width=\"1\" make_equal=\"on\" disabled_on=\"on|on|off\" _builder_version=\"4.27.4\" _module_preset=\"default\" width=\"100%\" max_width=\"2560px\" custom_padding=\"0px||0px||false|false\" global_colors_info=\"{}\"][et_pb_column type=\"1_2\" _builder_version=\"4.27.4\" _module_preset=\"default\" custom_padding=\"100px|100px|100px|150px|true|false\" custom_padding_tablet=\"100px|50px|100px|150px|true|false\" custom_padding_phone=\"50px|30px|50px|70px|true|false\" custom_padding_last_edited=\"on|phone\" global_colors_info=\"{}\"][et_pb_text _builder_version=\"4.27.4\" _module_preset=\"default\" header_font=\"|||on|||||\" header_2_font=\"|700|||||||\" header_2_font_size=\"50px\" custom_padding=\"||30px||false|false\" header_2_font_size_tablet=\"50px\" header_2_font_size_phone=\"30px\" header_2_font_size_last_edited=\"on|phone\" global_colors_info=\"{}\"]<\/p>\n<h2>Panoramaterrasse<\/h2>\n<p>[\/et_pb_text][et_pb_text _builder_version=\"4.27.4\" _module_preset=\"default\" text_font_size=\"18px\" global_colors_info=\"{}\"]<\/p>\n<p>Ein Erwachen in der Ruhe der Natur mit einem einzigartigen Blick auf die toskanische Landschaft<\/p>\n<p>[\/et_pb_text][\/et_pb_column][et_pb_column type=\"1_2\" _builder_version=\"4.27.4\" _module_preset=\"default\" animation_style=\"slide\" animation_direction=\"right\" animation_intensity_slide=\"5%\" global_colors_info=\"{}\"][et_pb_gallery gallery_ids=\"28991,28995,28999,28987\" fullwidth=\"on\" _builder_version=\"4.27.4\" _module_preset=\"default\" auto=\"on\" auto_speed=\"3000\" global_colors_info=\"{}\"][\/et_pb_gallery][\/et_pb_column][\/et_pb_row][et_pb_row column_structure=\"1_2,1_2\" use_custom_gutter=\"on\" gutter_width=\"1\" make_equal=\"on\" _builder_version=\"4.27.4\" _module_preset=\"default\" width=\"100%\" max_width=\"2560px\" custom_padding=\"0px||0px|||\" global_colors_info=\"{}\"][et_pb_column type=\"1_2\" _builder_version=\"4.27.4\" _module_preset=\"default\" animation_style=\"slide\" animation_direction=\"left\" animation_intensity_slide=\"5%\" global_colors_info=\"{}\"][et_pb_gallery gallery_ids=\"29097,29101,29093,29105\" fullwidth=\"on\" _builder_version=\"4.27.4\" _module_preset=\"default\" auto=\"on\" auto_speed=\"3000\" global_colors_info=\"{}\"][\/et_pb_gallery][\/et_pb_column][et_pb_column type=\"1_2\" _builder_version=\"4.27.4\" _module_preset=\"default\" background_color=\"#f4f4f4\" custom_padding=\"150px|150px|150px|100px|true|false\" custom_padding_tablet=\"150px|150px|150px|50px|true|false\" custom_padding_phone=\"50px|70px|50px|30px|true|false\" custom_padding_last_edited=\"on|phone\" global_colors_info=\"{}\"][et_pb_text _builder_version=\"4.27.4\" _module_preset=\"default\" header_font=\"|||on|||||\" header_2_font=\"|700|||||||\" header_2_font_size=\"50px\" custom_padding=\"||30px||false|false\" header_2_font_size_tablet=\"50px\" header_2_font_size_phone=\"30px\" header_2_font_size_last_edited=\"on|phone\" global_colors_info=\"{}\"]<\/p>\n<h2>Eier frisch zubereitet<\/h2>\n<p>[\/et_pb_text][et_pb_text _builder_version=\"4.27.4\" _module_preset=\"default\" text_font_size=\"18px\" global_colors_info=\"{}\"]<\/p>\n<p>Wir verwenden nur frische Eier, die frisch und auf Wunsch zubereitet werden<\/p>\n<p>[\/et_pb_text][\/et_pb_column][\/et_pb_row][\/et_pb_section][et_pb_section fb_built=\"1\" custom_padding_last_edited=\"on|phone\" _builder_version=\"4.27.4\" _module_preset=\"default\" custom_padding=\"70px||70px||true|\" custom_padding_tablet=\"70px||70px||true|\" custom_padding_phone=\"30px||0px||false|false\" global_colors_info=\"{}\"][et_pb_row use_custom_gutter=\"on\" gutter_width=\"2\" _builder_version=\"4.27.4\" _module_preset=\"default\" custom_padding=\"20px||0px||false|false\" global_colors_info=\"{}\"][et_pb_column type=\"4_4\" _builder_version=\"4.27.4\" _module_preset=\"default\" global_colors_info=\"{}\"][et_pb_text _builder_version=\"4.27.4\" _module_preset=\"default\" header_font=\"|||on|||||\" header_2_font=\"|700|||||||\" header_2_text_align=\"center\" header_2_font_size=\"50px\" custom_padding=\"||2px||false|false\" header_2_font_size_tablet=\"50px\" header_2_font_size_phone=\"30px\" header_2_font_size_last_edited=\"on|phone\" global_colors_info=\"{}\"]<\/p>\n<h2>...und vieles mehr!<\/h2>\n<p>[\/et_pb_text][\/et_pb_column][\/et_pb_row][et_pb_row _builder_version=\"4.27.4\" _module_preset=\"default\" max_width=\"1350px\" custom_padding=\"30px||||false|false\" global_colors_info=\"{}\"][et_pb_column type=\"4_4\" _builder_version=\"4.27.4\" _module_preset=\"default\" global_colors_info=\"{}\"][dica_divi_carousel show_items_desktop=\"3\" show_items_tablet=\"2\" loop=\"on\" autoplay=\"on\" autoplay_speed=\"2000\" dot_nav=\"on\" field_large_active_bullet=\"on\" arrow_nav_color=\"#2d2d2d\" dots_active_color=\"#2d2d2d\" overlay_color_field_bgcolor=\"rgba(255,255,255,0.85)\" _builder_version=\"4.27.4\" _module_preset=\"default\" global_colors_info=\"{}\"][dica_divi_carouselitem button_url_new_window=\"1\" image=\"https:\/\/www.villadisotto.it\/wp-content\/uploads\/2025\/07\/VdS-5104.jpg\" _builder_version=\"4.27.4\" _module_preset=\"default\" background_enable_image=\"off\" global_colors_info=\"{}\"][\/dica_divi_carouselitem][dica_divi_carouselitem button_url_new_window=\"1\" image=\"https:\/\/www.villadisotto.it\/wp-content\/uploads\/2025\/07\/VdS-5102.jpg\" _builder_version=\"4.27.4\" _module_preset=\"default\" background_enable_image=\"off\" global_colors_info=\"{}\"][\/dica_divi_carouselitem][dica_divi_carouselitem button_url_new_window=\"1\" image=\"https:\/\/www.villadisotto.it\/wp-content\/uploads\/2025\/07\/VdS-5181.jpg\" _builder_version=\"4.27.4\" _module_preset=\"default\" background_enable_image=\"off\" global_colors_info=\"{}\"][\/dica_divi_carouselitem][dica_divi_carouselitem button_url_new_window=\"1\" image=\"https:\/\/www.villadisotto.it\/wp-content\/uploads\/2025\/07\/VdS-5222.jpg\" _builder_version=\"4.27.4\" _module_preset=\"default\" background_enable_image=\"off\" global_colors_info=\"{}\"][\/dica_divi_carouselitem][dica_divi_carouselitem button_url_new_window=\"1\" image=\"https:\/\/www.villadisotto.it\/wp-content\/uploads\/2025\/07\/VdS-5097.jpg\" _builder_version=\"4.27.4\" _module_preset=\"default\" background_enable_image=\"off\" global_colors_info=\"{}\"][\/dica_divi_carouselitem][dica_divi_carouselitem button_url_new_window=\"1\" image=\"https:\/\/www.villadisotto.it\/wp-content\/uploads\/2025\/07\/VdS-5195.jpg\" _builder_version=\"4.27.4\" _module_preset=\"default\" background_enable_image=\"off\" global_colors_info=\"{}\"][\/dica_divi_carouselitem][dica_divi_carouselitem button_url_new_window=\"1\" image=\"https:\/\/www.villadisotto.it\/wp-content\/uploads\/2025\/07\/VdS-5210.jpg\" _builder_version=\"4.27.4\" _module_preset=\"default\" background_enable_image=\"off\" global_colors_info=\"{}\"][\/dica_divi_carouselitem][\/dica_divi_carousel][et_pb_button button_url=\"https:\/\/www.villadisotto.it\/de\/#buchen\" button_text=\"Verf\u00fcgbarkeit pr\u00fcfen\" button_alignment=\"right\" button_alignment_tablet=\"right\" button_alignment_phone=\"center\" button_alignment_last_edited=\"on|phone\" disabled_on=\"off|on|on\" _builder_version=\"4.27.5\" custom_button=\"on\" button_text_size=\"18px\" button_text_color=\"#FFFFFF\" button_bg_color=\"#179d0d\" button_border_color=\"RGBA(0,0,0,0)\" button_font=\"|700|||||||\" button_icon=\"&#xf232;||fa||400\" custom_margin=\"||26px||false|false\" custom_margin_tablet=\"|||0px|false|false\" custom_margin_phone=\"\" custom_margin_last_edited=\"on|desktop\" custom_padding=\"|50px||50px|true|true\" hover_enabled=\"0\" button_text_size_tablet=\"18px\" button_text_size_phone=\"15px\" button_text_size_last_edited=\"on|phone\" locked=\"off\" global_colors_info=\"{}\" sticky_enabled=\"0\"][\/et_pb_button][\/et_pb_column][\/et_pb_row][\/et_pb_section]<\/p>\n","protected":false},"excerpt":{"rendered":"<p>Das Fr\u00fchst\u00fccksbuffetvon 08:30 bis 10:00Gut begonnen ist halb gewonnen,wir warten auf dich! T\u00e4glich hausgemachte Kuchen und Geb\u00e4ckGeb\u00e4ck, Muffins, Guetzli, W\u00e4hen mit saisonalen Konfit\u00fcrenPanoramaterrasseEin Erwachen in der Ruhe der Natur mit einem einzigartigen Blick auf die toskanische LandschaftPanoramaterrasseEin Erwachen in der Ruhe der Natur mit einem einzigartigen Blick auf die toskanische LandschaftEier frisch zubereitetWir verwenden nur [&hellip;]<\/p>\n","protected":false},"author":3,"featured_media":28941,"parent":0,"menu_order":0,"comment_status":"closed","ping_status":"closed","template":"","meta":{"_et_pb_use_builder":"on","_et_pb_old_content":"","_et_gb_content_width":"","footnotes":""},"class_list":["post-1657","page","type-page","status-publish","has-post-thumbnail","hentry"],"yoast_head":"<!-- This site is optimized with the Yoast SEO plugin v27.2 - https:\/\/yoast.com\/product\/yoast-seo-wordpress\/ -->\n<title>Fr\u00fchst\u00fccksbuffet - Bed &amp; Breakfast Chianti - Villa di Sotto<\/title>\n<meta name=\"description\" content=\"Unser Fr\u00fchst\u00fccksbuffet ist nahrhaft und gesund, mit lokalen Produkten von Qualit\u00e4t, sowohl s\u00fc\u00df als auch salzig. F\u00fcr Dessertliebhaber bieten wir frisch ...\" \/>\n<meta name=\"robots\" content=\"index, follow, max-snippet:-1, max-image-preview:large, max-video-preview:-1\" \/>\n<link rel=\"canonical\" href=\"https:\/\/www.villadisotto.it\/de\/fruhstuck\/\" \/>\n<meta property=\"og:locale\" content=\"de_DE\" \/>\n<meta property=\"og:type\" content=\"article\" \/>\n<meta property=\"og:title\" content=\"Fr\u00fchst\u00fccksbuffet - Bed &amp; Breakfast Chianti - Villa di Sotto\" \/>\n<meta property=\"og:description\" content=\"Unser Fr\u00fchst\u00fccksbuffet ist nahrhaft und gesund, mit lokalen Produkten von Qualit\u00e4t, sowohl s\u00fc\u00df als auch salzig. F\u00fcr Dessertliebhaber bieten wir frisch ...\" \/>\n<meta property=\"og:url\" content=\"https:\/\/www.villadisotto.it\/de\/fruhstuck\/\" \/>\n<meta property=\"og:site_name\" content=\"Villa di Sotto\" \/>\n<meta property=\"article:modified_time\" content=\"2026-01-27T13:33:50+00:00\" \/>\n<meta property=\"og:image\" content=\"https:\/\/www.villadisotto.it\/wp-content\/uploads\/2025\/07\/Colazione-VdS-h.jpg\" \/>\n\t<meta property=\"og:image:width\" content=\"1600\" \/>\n\t<meta property=\"og:image:height\" content=\"837\" \/>\n\t<meta property=\"og:image:type\" content=\"image\/jpeg\" \/>\n<meta name=\"twitter:card\" content=\"summary_large_image\" \/>\n<meta name=\"twitter:label1\" content=\"Gesch\u00e4tzte Lesezeit\" \/>\n\t<meta name=\"twitter:data1\" content=\"9\u00a0Minuten\" \/>\n<script type=\"application\/ld+json\" class=\"yoast-schema-graph\">{\"@context\":\"https:\/\/schema.org\",\"@graph\":[{\"@type\":\"WebPage\",\"@id\":\"https:\/\/www.villadisotto.it\/de\/fruhstuck\/\",\"url\":\"https:\/\/www.villadisotto.it\/de\/fruhstuck\/\",\"name\":\"Fr\u00fchst\u00fccksbuffet - Bed & Breakfast Chianti - Villa di Sotto\",\"isPartOf\":{\"@id\":\"https:\/\/www.villadisotto.it\/#website\"},\"primaryImageOfPage\":{\"@id\":\"https:\/\/www.villadisotto.it\/de\/fruhstuck\/#primaryimage\"},\"image\":{\"@id\":\"https:\/\/www.villadisotto.it\/de\/fruhstuck\/#primaryimage\"},\"thumbnailUrl\":\"https:\/\/www.villadisotto.it\/wp-content\/uploads\/2025\/07\/Colazione-VdS-h.jpg\",\"datePublished\":\"2019-06-11T15:09:12+00:00\",\"dateModified\":\"2026-01-27T13:33:50+00:00\",\"description\":\"Unser Fr\u00fchst\u00fccksbuffet ist nahrhaft und gesund, mit lokalen Produkten von Qualit\u00e4t, sowohl s\u00fc\u00df als auch salzig. F\u00fcr Dessertliebhaber bieten wir frisch ...\",\"breadcrumb\":{\"@id\":\"https:\/\/www.villadisotto.it\/de\/fruhstuck\/#breadcrumb\"},\"inLanguage\":\"de\",\"potentialAction\":[{\"@type\":\"ReadAction\",\"target\":[\"https:\/\/www.villadisotto.it\/de\/fruhstuck\/\"]}]},{\"@type\":\"ImageObject\",\"inLanguage\":\"de\",\"@id\":\"https:\/\/www.villadisotto.it\/de\/fruhstuck\/#primaryimage\",\"url\":\"https:\/\/www.villadisotto.it\/wp-content\/uploads\/2025\/07\/Colazione-VdS-h.jpg\",\"contentUrl\":\"https:\/\/www.villadisotto.it\/wp-content\/uploads\/2025\/07\/Colazione-VdS-h.jpg\",\"width\":1600,\"height\":837},{\"@type\":\"BreadcrumbList\",\"@id\":\"https:\/\/www.villadisotto.it\/de\/fruhstuck\/#breadcrumb\",\"itemListElement\":[{\"@type\":\"ListItem\",\"position\":1,\"name\":\"Home\",\"item\":\"https:\/\/www.villadisotto.it\/\"},{\"@type\":\"ListItem\",\"position\":2,\"name\":\"Fr\u00fchst\u00fccksbuffet\"}]},{\"@type\":\"WebSite\",\"@id\":\"https:\/\/www.villadisotto.it\/#website\",\"url\":\"https:\/\/www.villadisotto.it\/\",\"name\":\"Villa di Sotto\",\"description\":\"Il cuore del Chianti\",\"potentialAction\":[{\"@type\":\"SearchAction\",\"target\":{\"@type\":\"EntryPoint\",\"urlTemplate\":\"https:\/\/www.villadisotto.it\/?s={search_term_string}\"},\"query-input\":{\"@type\":\"PropertyValueSpecification\",\"valueRequired\":true,\"valueName\":\"search_term_string\"}}],\"inLanguage\":\"de\"}]}<\/script>\n<!-- \/ Yoast SEO plugin. -->","yoast_head_json":{"title":"Fr\u00fchst\u00fccksbuffet - Bed & Breakfast Chianti - Villa di Sotto","description":"Unser Fr\u00fchst\u00fccksbuffet ist nahrhaft und gesund, mit lokalen Produkten von Qualit\u00e4t, sowohl s\u00fc\u00df als auch salzig. F\u00fcr Dessertliebhaber bieten wir frisch ...","robots":{"index":"index","follow":"follow","max-snippet":"max-snippet:-1","max-image-preview":"max-image-preview:large","max-video-preview":"max-video-preview:-1"},"canonical":"https:\/\/www.villadisotto.it\/de\/fruhstuck\/","og_locale":"de_DE","og_type":"article","og_title":"Fr\u00fchst\u00fccksbuffet - Bed & Breakfast Chianti - Villa di Sotto","og_description":"Unser Fr\u00fchst\u00fccksbuffet ist nahrhaft und gesund, mit lokalen Produkten von Qualit\u00e4t, sowohl s\u00fc\u00df als auch salzig. F\u00fcr Dessertliebhaber bieten wir frisch ...","og_url":"https:\/\/www.villadisotto.it\/de\/fruhstuck\/","og_site_name":"Villa di Sotto","article_modified_time":"2026-01-27T13:33:50+00:00","og_image":[{"width":1600,"height":837,"url":"https:\/\/www.villadisotto.it\/wp-content\/uploads\/2025\/07\/Colazione-VdS-h.jpg","type":"image\/jpeg"}],"twitter_card":"summary_large_image","twitter_misc":{"Gesch\u00e4tzte Lesezeit":"9\u00a0Minuten"},"schema":{"@context":"https:\/\/schema.org","@graph":[{"@type":"WebPage","@id":"https:\/\/www.villadisotto.it\/de\/fruhstuck\/","url":"https:\/\/www.villadisotto.it\/de\/fruhstuck\/","name":"Fr\u00fchst\u00fccksbuffet - Bed & Breakfast Chianti - Villa di Sotto","isPartOf":{"@id":"https:\/\/www.villadisotto.it\/#website"},"primaryImageOfPage":{"@id":"https:\/\/www.villadisotto.it\/de\/fruhstuck\/#primaryimage"},"image":{"@id":"https:\/\/www.villadisotto.it\/de\/fruhstuck\/#primaryimage"},"thumbnailUrl":"https:\/\/www.villadisotto.it\/wp-content\/uploads\/2025\/07\/Colazione-VdS-h.jpg","datePublished":"2019-06-11T15:09:12+00:00","dateModified":"2026-01-27T13:33:50+00:00","description":"Unser Fr\u00fchst\u00fccksbuffet ist nahrhaft und gesund, mit lokalen Produkten von Qualit\u00e4t, sowohl s\u00fc\u00df als auch salzig. F\u00fcr Dessertliebhaber bieten wir frisch ...","breadcrumb":{"@id":"https:\/\/www.villadisotto.it\/de\/fruhstuck\/#breadcrumb"},"inLanguage":"de","potentialAction":[{"@type":"ReadAction","target":["https:\/\/www.villadisotto.it\/de\/fruhstuck\/"]}]},{"@type":"ImageObject","inLanguage":"de","@id":"https:\/\/www.villadisotto.it\/de\/fruhstuck\/#primaryimage","url":"https:\/\/www.villadisotto.it\/wp-content\/uploads\/2025\/07\/Colazione-VdS-h.jpg","contentUrl":"https:\/\/www.villadisotto.it\/wp-content\/uploads\/2025\/07\/Colazione-VdS-h.jpg","width":1600,"height":837},{"@type":"BreadcrumbList","@id":"https:\/\/www.villadisotto.it\/de\/fruhstuck\/#breadcrumb","itemListElement":[{"@type":"ListItem","position":1,"name":"Home","item":"https:\/\/www.villadisotto.it\/"},{"@type":"ListItem","position":2,"name":"Fr\u00fchst\u00fccksbuffet"}]},{"@type":"WebSite","@id":"https:\/\/www.villadisotto.it\/#website","url":"https:\/\/www.villadisotto.it\/","name":"Villa di Sotto","description":"Il cuore del Chianti","potentialAction":[{"@type":"SearchAction","target":{"@type":"EntryPoint","urlTemplate":"https:\/\/www.villadisotto.it\/?s={search_term_string}"},"query-input":{"@type":"PropertyValueSpecification","valueRequired":true,"valueName":"search_term_string"}}],"inLanguage":"de"}]}},"_links":{"self":[{"href":"https:\/\/www.villadisotto.it\/de\/wp-json\/wp\/v2\/pages\/1657","targetHints":{"allow":["GET"]}}],"collection":[{"href":"https:\/\/www.villadisotto.it\/de\/wp-json\/wp\/v2\/pages"}],"about":[{"href":"https:\/\/www.villadisotto.it\/de\/wp-json\/wp\/v2\/types\/page"}],"author":[{"embeddable":true,"href":"https:\/\/www.villadisotto.it\/de\/wp-json\/wp\/v2\/users\/3"}],"replies":[{"embeddable":true,"href":"https:\/\/www.villadisotto.it\/de\/wp-json\/wp\/v2\/comments?post=1657"}],"version-history":[{"count":56,"href":"https:\/\/www.villadisotto.it\/de\/wp-json\/wp\/v2\/pages\/1657\/revisions"}],"predecessor-version":[{"id":30549,"href":"https:\/\/www.villadisotto.it\/de\/wp-json\/wp\/v2\/pages\/1657\/revisions\/30549"}],"wp:featuredmedia":[{"embeddable":true,"href":"https:\/\/www.villadisotto.it\/de\/wp-json\/wp\/v2\/media\/28941"}],"wp:attachment":[{"href":"https:\/\/www.villadisotto.it\/de\/wp-json\/wp\/v2\/media?parent=1657"}],"curies":[{"name":"wp","href":"https:\/\/api.w.org\/{rel}","templated":true}]}}