{"id":1611,"date":"2019-06-11T16:42:33","date_gmt":"2019-06-11T14:42:33","guid":{"rendered":"https:\/\/www.villadisotto.it\/bb-dorf-in-der-toskanischen-landschaft-location\/"},"modified":"2026-01-27T14:31:37","modified_gmt":"2026-01-27T13:31:37","slug":"bb-dorf-in-der-toskanischen-landschaft-location","status":"publish","type":"page","link":"https:\/\/www.villadisotto.it\/de\/bb-dorf-in-der-toskanischen-landschaft-location\/","title":{"rendered":"B&amp;B Dorf in der toskanischen Landschaft - Lage"},"content":{"rendered":"<p>[et_pb_section fb_built=\"1\" fullwidth=\"on\" _builder_version=\"4.16\" _module_preset=\"default\" locked=\"off\" global_colors_info=\"{}\"][et_pb_fullwidth_header title=\"Die Lage\" text_orientation=\"center\" button_one_text=\"Verf\u00fcgbarkeit pr\u00fcfen\" button_one_url=\"https:\/\/www.villadisotto.it\/de\/#buchen\" _builder_version=\"4.27.5\" _module_preset=\"default\" title_font=\"Petit Formal Script|700|||||||\" title_font_size=\"60px\" background_enable_color=\"off\" background_image=\"https:\/\/www.villadisotto.it\/wp-content\/uploads\/2021\/10\/VdSC-2144.jpg\" custom_button_one=\"on\" button_one_bg_color=\"#d3be80\" button_one_font=\"|700|||||||\" width=\"100%\" height_tablet=\"\" height_phone=\"\" height_last_edited=\"on|desktop\" custom_padding=\"300px||300px||true|false\" custom_padding_tablet=\"300px||300px||true|false\" custom_padding_phone=\"125px||125px||true|false\" custom_padding_last_edited=\"on|phone\" title_font_size_tablet=\"60px\" title_font_size_phone=\"30px\" title_font_size_last_edited=\"on|desktop\" background_last_edited=\"on|desktop\" button_one_text_size_tablet=\"\" button_one_text_size_phone=\"14px\" button_one_text_size_last_edited=\"on|phone\" title_text_shadow_style=\"preset1\" box_shadow_style_button_one=\"preset1\" global_colors_info=\"{}\"][\/et_pb_fullwidth_header][\/et_pb_section][et_pb_section fb_built=\"1\" _builder_version=\"4.16\" custom_padding=\"32px|0px|31px|0px|false|false\" global_colors_info=\"{}\"][et_pb_row _builder_version=\"4.16\" custom_padding=\"27px|0px|7px|0px|false|false\" locked=\"off\" global_colors_info=\"{}\"][et_pb_column type=\"4_4\" _builder_version=\"4.16\" custom_padding=\"|||\" global_colors_info=\"{}\" custom_padding__hover=\"|||\"][et_pb_text _builder_version=\"4.16\" header_font=\"Petit Formal Script|700|||||||\" header_line_height=\"1.5em\" header_2_font=\"Petit Formal Script|700|||||||\" header_2_font_size=\"30px\" header_2_line_height=\"1.3em\" header_font_size_tablet=\"\" header_font_size_phone=\"25px\" header_font_size_last_edited=\"on|phone\" global_colors_info=\"{}\"]<\/p>\n<h1 style=\"text-align: center;\"><span>Eingetaucht in das herrliche Panorama des Chianti Classico<\/span><\/h1>\n<p style=\"text-align: center;\"><strong>20 km von Siena entfernt, wohnen Sie in einem wundersch\u00f6nen Bauernhaus aus dem 19. Jahrhundert, umgeben von D\u00f6rfern und Burgen, Weinbergen und Olivenhainen.<\/strong><\/p>\n<p>[\/et_pb_text][et_pb_text _builder_version=\"4.27.4\" global_colors_info=\"{}\"]<\/p>\n<p style=\"text-align: center;\"><span>Das Geb\u00e4ude befindet sich am Ende eines alten Dorfes namens Villa a Sesta, malerisches Zentrum an der Stra\u00dfe, die zum historischen Schloss von Brolio <strong>im Herzen des Chianti Classico und Gallo Nero f\u00fchrt.<\/strong><\/span><span style=\"font-size: 15px; text-align: left;\"><\/span><\/p>\n<p>[\/et_pb_text][\/et_pb_column][\/et_pb_row][\/et_pb_section][et_pb_section fb_built=\"1\" _builder_version=\"4.16\" custom_padding=\"15px|0px|60px|0px|false|false\" global_colors_info=\"{}\"][et_pb_row column_structure=\"1_4,1_4,1_4,1_4\" use_custom_gutter=\"on\" gutter_width=\"2\" custom_padding_last_edited=\"on|phone\" module_class=\" et_pb_row_fullwidth\" _builder_version=\"4.16\" width=\"89%\" width_tablet=\"80%\" width_phone=\"\" width_last_edited=\"on|desktop\" max_width=\"89%\" max_width_tablet=\"80%\" max_width_phone=\"\" max_width_last_edited=\"on|desktop\" custom_margin=\"|||||true\" custom_padding_tablet=\"\" custom_padding_phone=\"|0px||0px||true\" border_radii=\"on|4px|4px|4px|4px\" make_fullwidth=\"on\" global_colors_info=\"{}\"][et_pb_column type=\"1_4\" _builder_version=\"4.16\" custom_padding=\"|||\" global_colors_info=\"{}\" custom_padding__hover=\"|||\"][et_pb_blurb title=\"\u00dcber uns\" url=\"http:\/\/www.villadisotto.it\/bb-nel-chianti\/\" image=\"https:\/\/www.villadisotto.it\/wp-content\/uploads\/2019\/04\/Proprietari-villa-di-sotto-chianti.jpg\" _builder_version=\"4.16\" header_font=\"Petit Formal Script|700|||||||\" header_text_align=\"center\" header_font_size=\"21px\" custom_padding=\"||10px\" link_option_url=\"http:\/\/www.villadisotto.it\/bb-nel-chianti\/\" hover_enabled=\"0\" border_radii_image=\"on|4px|4px|4px|4px\" box_shadow_style=\"preset1\" global_colors_info=\"{}\" sticky_enabled=\"0\"][\/et_pb_blurb][\/et_pb_column][et_pb_column type=\"1_4\" _builder_version=\"4.16\" custom_padding=\"|||\" global_colors_info=\"{}\" custom_padding__hover=\"|||\"][et_pb_blurb title=\"Entspannungsbereich\" url=\"http:\/\/www.villadisotto.it\/bb-con-spa-in-toscana\/\" image=\"https:\/\/www.villadisotto.it\/wp-content\/uploads\/2021\/11\/area-relax-e-solarium.jpg\" _builder_version=\"4.16\" header_font=\"Petit Formal Script|700|||||||\" header_text_align=\"center\" header_font_size=\"21px\" custom_padding=\"||10px\" link_option_url=\"http:\/\/www.villadisotto.it\/bb-con-spa-in-toscana\/\" hover_enabled=\"0\" border_radii_image=\"on|4px|4px|4px|4px\" box_shadow_style=\"preset1\" global_colors_info=\"{}\" sticky_enabled=\"0\"][\/et_pb_blurb][\/et_pb_column][et_pb_column type=\"1_4\" _builder_version=\"4.16\" custom_padding=\"|||\" global_colors_info=\"{}\" custom_padding__hover=\"|||\"][et_pb_blurb title=\"Das Restaurant\" url=\"https:\/\/www.villadisotto.it\/de\/restaurant-mit-toskanischer-kuche\/\" image=\"https:\/\/www.villadisotto.it\/wp-content\/uploads\/2021\/11\/VdSR-5158.jpg\" _builder_version=\"4.16\" header_font=\"Petit Formal Script|700|||||||\" header_text_align=\"center\" header_font_size=\"21px\" custom_padding=\"||10px\" link_option_url=\"https:\/\/www.villadisotto.it\/de\/restaurant-mit-toskanischer-kuche\/\" hover_enabled=\"0\" border_radii_image=\"on|4px|4px|4px|4px\" box_shadow_style=\"preset1\" global_colors_info=\"{}\" sticky_enabled=\"0\"][\/et_pb_blurb][\/et_pb_column][et_pb_column type=\"1_4\" _builder_version=\"4.16\" custom_padding=\"|||\" global_colors_info=\"{}\" custom_padding__hover=\"|||\"][et_pb_blurb title=\"Panorama Schwimmb\u00e4der\" url=\"https:\/\/www.villadisotto.it\/de\/b-b-mit-schwimmbad-toscana-panorama-schwimmbad\/\" image=\"https:\/\/www.villadisotto.it\/wp-content\/uploads\/2021\/11\/VdSP-1114.jpg\" _builder_version=\"4.16\" header_font=\"Petit Formal Script|700|||||||\" header_text_align=\"center\" header_font_size=\"21px\" custom_padding=\"||10px\" link_option_url=\"https:\/\/www.villadisotto.it\/de\/b-b-mit-schwimmbad-toscana-panorama-schwimmbad\/\" border_radii_image=\"on|4px|4px|4px|4px\" box_shadow_style=\"preset1\" global_colors_info=\"{}\"][\/et_pb_blurb][\/et_pb_column][\/et_pb_row][et_pb_row _builder_version=\"4.27.4\" _module_preset=\"default\" global_colors_info=\"{}\"][et_pb_column type=\"4_4\" _builder_version=\"4.27.4\" _module_preset=\"default\" global_colors_info=\"{}\"][et_pb_text _builder_version=\"4.27.4\" _module_preset=\"default\" global_colors_info=\"{}\"]<\/p>\n<p style=\"text-align: center;\">Villa di Sotto ist der ideale Ausgangspunkt f\u00fcr viele Ausfl\u00fcge: Chianti, Crete Senesi, Citt\u00e0 d'arte (Siena-Firenze-Arezzo), Castelli (Castello di Brolio, Castello di Meleto...) sind nur einige der fantastischen Orte, die unser Land charakterisieren.<\/p>\n<p style=\"text-align: center;\">Das Bed and Breakfast wurde restauriert, ohne sein urspr\u00fcngliches Aussehen zu ver\u00e4ndern, aber gleichzeitig ist es mit allem modernen Komfort ausgestattet, bietet komfortable<a href=\"https:\/\/www.villadisotto.it\/de\/ferienhaus-siena-apartments\/\"> Apartments<\/a> und<a href=\"https:\/\/www.villadisotto.it\/de\/bed-and-breakfast-siena-toskana-zimmer\/\"> Zimmer<\/a> mit einem reichhaltigen<a href=\"https:\/\/www.villadisotto.it\/de\/fruhstuck\/\"> Fr\u00fchst\u00fccksbuffet<\/a> .<\/p>\n<p style=\"text-align: center;\"><strong>Die H\u00f6flichkeit und der gastfreundliche Geist, mit dem Sie empfangen werden, werden Ihren Aufenthalt in der Villa di Sotto unvergesslich machen und es Ihnen erm\u00f6glichen, das Geheimnis der Sch\u00f6nheit des Chianti und der gesamten Toskana zu entdecken.<\/strong><\/p>\n<p>[\/et_pb_text][\/et_pb_column][\/et_pb_row][\/et_pb_section]<\/p>\n","protected":false},"excerpt":{"rendered":"<p>Eingetaucht in das herrliche Panorama des Chianti Classico 20 km von Siena entfernt, wohnen Sie in einem wundersch\u00f6nen Bauernhaus aus dem 19. Jahrhundert, umgeben von D\u00f6rfern und Burgen, Weinbergen und Olivenhainen.Das Geb\u00e4ude befindet sich am Ende eines alten Dorfes namens Villa a Sesta, malerisches Zentrum an der Stra\u00dfe, die zum historischen Schloss von Brolio im [&hellip;]<\/p>\n","protected":false},"author":3,"featured_media":1612,"parent":0,"menu_order":0,"comment_status":"closed","ping_status":"closed","template":"","meta":{"_et_pb_use_builder":"on","_et_pb_old_content":"","_et_gb_content_width":"","footnotes":""},"class_list":["post-1611","page","type-page","status-publish","has-post-thumbnail","hentry"],"yoast_head":"<!-- This site is optimized with the Yoast SEO plugin v27.2 - https:\/\/yoast.com\/product\/yoast-seo-wordpress\/ -->\n<title>B&amp;B Dorf in der toskanischen Landschaft - Im Chianti<\/title>\n<meta name=\"description\" content=\"B&amp;B Dorf in der toskanischen Landschaft | 20 km von Siena entfernt, wohnen Sie in einem wundersch\u00f6nen Bauernhaus aus dem 19. Jahrhundert, umgeben von D\u00f6rfern und Burgen, Weinbergen und Olivenhainen.\" \/>\n<meta name=\"robots\" content=\"index, follow, max-snippet:-1, max-image-preview:large, max-video-preview:-1\" \/>\n<link rel=\"canonical\" href=\"https:\/\/www.villadisotto.it\/de\/bb-dorf-in-der-toskanischen-landschaft-location\/\" \/>\n<meta property=\"og:locale\" content=\"de_DE\" \/>\n<meta property=\"og:type\" content=\"article\" \/>\n<meta property=\"og:title\" content=\"B&amp;B Dorf in der toskanischen Landschaft - Im Chianti\" \/>\n<meta property=\"og:description\" content=\"B&amp;B Dorf in der toskanischen Landschaft | 20 km von Siena entfernt, wohnen Sie in einem wundersch\u00f6nen Bauernhaus aus dem 19. Jahrhundert, umgeben von D\u00f6rfern und Burgen, Weinbergen und Olivenhainen.\" \/>\n<meta property=\"og:url\" content=\"https:\/\/www.villadisotto.it\/de\/bb-dorf-in-der-toskanischen-landschaft-location\/\" \/>\n<meta property=\"og:site_name\" content=\"Villa di Sotto\" \/>\n<meta property=\"article:modified_time\" content=\"2026-01-27T13:31:37+00:00\" \/>\n<meta property=\"og:image\" content=\"https:\/\/www.villadisotto.it\/wp-content\/uploads\/2019\/04\/Villa-di-sotto-vigna.jpg\" \/>\n\t<meta property=\"og:image:width\" content=\"1800\" \/>\n\t<meta property=\"og:image:height\" content=\"944\" \/>\n\t<meta property=\"og:image:type\" content=\"image\/jpeg\" \/>\n<meta name=\"twitter:card\" content=\"summary_large_image\" \/>\n<meta name=\"twitter:label1\" content=\"Gesch\u00e4tzte Lesezeit\" \/>\n\t<meta name=\"twitter:data1\" content=\"5\u00a0Minuten\" \/>\n<script type=\"application\/ld+json\" class=\"yoast-schema-graph\">{\"@context\":\"https:\/\/schema.org\",\"@graph\":[{\"@type\":\"WebPage\",\"@id\":\"https:\/\/www.villadisotto.it\/de\/bb-dorf-in-der-toskanischen-landschaft-location\/\",\"url\":\"https:\/\/www.villadisotto.it\/de\/bb-dorf-in-der-toskanischen-landschaft-location\/\",\"name\":\"B&B Dorf in der toskanischen Landschaft - Im Chianti\",\"isPartOf\":{\"@id\":\"https:\/\/www.villadisotto.it\/#website\"},\"primaryImageOfPage\":{\"@id\":\"https:\/\/www.villadisotto.it\/de\/bb-dorf-in-der-toskanischen-landschaft-location\/#primaryimage\"},\"image\":{\"@id\":\"https:\/\/www.villadisotto.it\/de\/bb-dorf-in-der-toskanischen-landschaft-location\/#primaryimage\"},\"thumbnailUrl\":\"https:\/\/www.villadisotto.it\/wp-content\/uploads\/2019\/04\/Villa-di-sotto-vigna.jpg\",\"datePublished\":\"2019-06-11T14:42:33+00:00\",\"dateModified\":\"2026-01-27T13:31:37+00:00\",\"description\":\"B&B Dorf in der toskanischen Landschaft | 20 km von Siena entfernt, wohnen Sie in einem wundersch\u00f6nen Bauernhaus aus dem 19. Jahrhundert, umgeben von D\u00f6rfern und Burgen, Weinbergen und Olivenhainen.\",\"breadcrumb\":{\"@id\":\"https:\/\/www.villadisotto.it\/de\/bb-dorf-in-der-toskanischen-landschaft-location\/#breadcrumb\"},\"inLanguage\":\"de\",\"potentialAction\":[{\"@type\":\"ReadAction\",\"target\":[\"https:\/\/www.villadisotto.it\/de\/bb-dorf-in-der-toskanischen-landschaft-location\/\"]}]},{\"@type\":\"ImageObject\",\"inLanguage\":\"de\",\"@id\":\"https:\/\/www.villadisotto.it\/de\/bb-dorf-in-der-toskanischen-landschaft-location\/#primaryimage\",\"url\":\"https:\/\/www.villadisotto.it\/wp-content\/uploads\/2019\/04\/Villa-di-sotto-vigna.jpg\",\"contentUrl\":\"https:\/\/www.villadisotto.it\/wp-content\/uploads\/2019\/04\/Villa-di-sotto-vigna.jpg\",\"width\":1800,\"height\":944,\"caption\":\"B&amp;B Dorf in der toskanischen Landschaft\"},{\"@type\":\"BreadcrumbList\",\"@id\":\"https:\/\/www.villadisotto.it\/de\/bb-dorf-in-der-toskanischen-landschaft-location\/#breadcrumb\",\"itemListElement\":[{\"@type\":\"ListItem\",\"position\":1,\"name\":\"Home\",\"item\":\"https:\/\/www.villadisotto.it\/\"},{\"@type\":\"ListItem\",\"position\":2,\"name\":\"B&amp;B Dorf in der toskanischen Landschaft - Lage\"}]},{\"@type\":\"WebSite\",\"@id\":\"https:\/\/www.villadisotto.it\/#website\",\"url\":\"https:\/\/www.villadisotto.it\/\",\"name\":\"Villa di Sotto\",\"description\":\"Il cuore del Chianti\",\"potentialAction\":[{\"@type\":\"SearchAction\",\"target\":{\"@type\":\"EntryPoint\",\"urlTemplate\":\"https:\/\/www.villadisotto.it\/?s={search_term_string}\"},\"query-input\":{\"@type\":\"PropertyValueSpecification\",\"valueRequired\":true,\"valueName\":\"search_term_string\"}}],\"inLanguage\":\"de\"}]}<\/script>\n<!-- \/ Yoast SEO plugin. -->","yoast_head_json":{"title":"B&B Dorf in der toskanischen Landschaft - Im Chianti","description":"B&B Dorf in der toskanischen Landschaft | 20 km von Siena entfernt, wohnen Sie in einem wundersch\u00f6nen Bauernhaus aus dem 19. Jahrhundert, umgeben von D\u00f6rfern und Burgen, Weinbergen und Olivenhainen.","robots":{"index":"index","follow":"follow","max-snippet":"max-snippet:-1","max-image-preview":"max-image-preview:large","max-video-preview":"max-video-preview:-1"},"canonical":"https:\/\/www.villadisotto.it\/de\/bb-dorf-in-der-toskanischen-landschaft-location\/","og_locale":"de_DE","og_type":"article","og_title":"B&B Dorf in der toskanischen Landschaft - Im Chianti","og_description":"B&B Dorf in der toskanischen Landschaft | 20 km von Siena entfernt, wohnen Sie in einem wundersch\u00f6nen Bauernhaus aus dem 19. Jahrhundert, umgeben von D\u00f6rfern und Burgen, Weinbergen und Olivenhainen.","og_url":"https:\/\/www.villadisotto.it\/de\/bb-dorf-in-der-toskanischen-landschaft-location\/","og_site_name":"Villa di Sotto","article_modified_time":"2026-01-27T13:31:37+00:00","og_image":[{"width":1800,"height":944,"url":"https:\/\/www.villadisotto.it\/wp-content\/uploads\/2019\/04\/Villa-di-sotto-vigna.jpg","type":"image\/jpeg"}],"twitter_card":"summary_large_image","twitter_misc":{"Gesch\u00e4tzte Lesezeit":"5\u00a0Minuten"},"schema":{"@context":"https:\/\/schema.org","@graph":[{"@type":"WebPage","@id":"https:\/\/www.villadisotto.it\/de\/bb-dorf-in-der-toskanischen-landschaft-location\/","url":"https:\/\/www.villadisotto.it\/de\/bb-dorf-in-der-toskanischen-landschaft-location\/","name":"B&B Dorf in der toskanischen Landschaft - Im Chianti","isPartOf":{"@id":"https:\/\/www.villadisotto.it\/#website"},"primaryImageOfPage":{"@id":"https:\/\/www.villadisotto.it\/de\/bb-dorf-in-der-toskanischen-landschaft-location\/#primaryimage"},"image":{"@id":"https:\/\/www.villadisotto.it\/de\/bb-dorf-in-der-toskanischen-landschaft-location\/#primaryimage"},"thumbnailUrl":"https:\/\/www.villadisotto.it\/wp-content\/uploads\/2019\/04\/Villa-di-sotto-vigna.jpg","datePublished":"2019-06-11T14:42:33+00:00","dateModified":"2026-01-27T13:31:37+00:00","description":"B&B Dorf in der toskanischen Landschaft | 20 km von Siena entfernt, wohnen Sie in einem wundersch\u00f6nen Bauernhaus aus dem 19. Jahrhundert, umgeben von D\u00f6rfern und Burgen, Weinbergen und Olivenhainen.","breadcrumb":{"@id":"https:\/\/www.villadisotto.it\/de\/bb-dorf-in-der-toskanischen-landschaft-location\/#breadcrumb"},"inLanguage":"de","potentialAction":[{"@type":"ReadAction","target":["https:\/\/www.villadisotto.it\/de\/bb-dorf-in-der-toskanischen-landschaft-location\/"]}]},{"@type":"ImageObject","inLanguage":"de","@id":"https:\/\/www.villadisotto.it\/de\/bb-dorf-in-der-toskanischen-landschaft-location\/#primaryimage","url":"https:\/\/www.villadisotto.it\/wp-content\/uploads\/2019\/04\/Villa-di-sotto-vigna.jpg","contentUrl":"https:\/\/www.villadisotto.it\/wp-content\/uploads\/2019\/04\/Villa-di-sotto-vigna.jpg","width":1800,"height":944,"caption":"B&amp;B Dorf in der toskanischen Landschaft"},{"@type":"BreadcrumbList","@id":"https:\/\/www.villadisotto.it\/de\/bb-dorf-in-der-toskanischen-landschaft-location\/#breadcrumb","itemListElement":[{"@type":"ListItem","position":1,"name":"Home","item":"https:\/\/www.villadisotto.it\/"},{"@type":"ListItem","position":2,"name":"B&amp;B Dorf in der toskanischen Landschaft - Lage"}]},{"@type":"WebSite","@id":"https:\/\/www.villadisotto.it\/#website","url":"https:\/\/www.villadisotto.it\/","name":"Villa di Sotto","description":"Il cuore del Chianti","potentialAction":[{"@type":"SearchAction","target":{"@type":"EntryPoint","urlTemplate":"https:\/\/www.villadisotto.it\/?s={search_term_string}"},"query-input":{"@type":"PropertyValueSpecification","valueRequired":true,"valueName":"search_term_string"}}],"inLanguage":"de"}]}},"_links":{"self":[{"href":"https:\/\/www.villadisotto.it\/de\/wp-json\/wp\/v2\/pages\/1611","targetHints":{"allow":["GET"]}}],"collection":[{"href":"https:\/\/www.villadisotto.it\/de\/wp-json\/wp\/v2\/pages"}],"about":[{"href":"https:\/\/www.villadisotto.it\/de\/wp-json\/wp\/v2\/types\/page"}],"author":[{"embeddable":true,"href":"https:\/\/www.villadisotto.it\/de\/wp-json\/wp\/v2\/users\/3"}],"replies":[{"embeddable":true,"href":"https:\/\/www.villadisotto.it\/de\/wp-json\/wp\/v2\/comments?post=1611"}],"version-history":[{"count":49,"href":"https:\/\/www.villadisotto.it\/de\/wp-json\/wp\/v2\/pages\/1611\/revisions"}],"predecessor-version":[{"id":30540,"href":"https:\/\/www.villadisotto.it\/de\/wp-json\/wp\/v2\/pages\/1611\/revisions\/30540"}],"wp:featuredmedia":[{"embeddable":true,"href":"https:\/\/www.villadisotto.it\/de\/wp-json\/wp\/v2\/media\/1612"}],"wp:attachment":[{"href":"https:\/\/www.villadisotto.it\/de\/wp-json\/wp\/v2\/media?parent=1611"}],"curies":[{"name":"wp","href":"https:\/\/api.w.org\/{rel}","templated":true}]}}