{"id":15985,"date":"2021-05-14T11:41:10","date_gmt":"2021-05-14T09:41:10","guid":{"rendered":"https:\/\/www.villadisotto.it\/nachhaltigkeit\/"},"modified":"2025-08-08T13:18:25","modified_gmt":"2025-08-08T11:18:25","slug":"nachhaltigkeit","status":"publish","type":"page","link":"https:\/\/www.villadisotto.it\/de\/nachhaltigkeit\/","title":{"rendered":"Nachhaltigkeit"},"content":{"rendered":"<p>[et_pb_section fb_built=\"1\" custom_padding_last_edited=\"on|phone\" _builder_version=\"4.21.0\" background_color=\"#f7f7f7\" custom_padding=\"||0px|||\" custom_padding_tablet=\"||0px|||\" custom_padding_phone=\"10px||10px||true|false\" global_colors_info=\"{}\"][et_pb_row custom_padding_last_edited=\"on|phone\" _builder_version=\"4.21.0\" custom_padding_tablet=\"\" custom_padding_phone=\"30px||30px||true|false\" global_colors_info=\"{}\"][et_pb_column type=\"4_4\" _builder_version=\"4.16\" global_colors_info=\"{}\"][et_pb_text _builder_version=\"4.16\" header_2_font=\"Petit Formal Script|700|||||||\" header_2_font_size=\"35px\" header_2_font_size_tablet=\"\" header_2_font_size_phone=\"26px\" header_2_font_size_last_edited=\"on|phone\" header_3_font_size_tablet=\"\" header_3_font_size_phone=\"18px\" header_3_font_size_last_edited=\"on|phone\" global_colors_info=\"{}\"]<\/p>\n<p style=\"text-align: center;\"><em>Viele kleine Schritte f\u00fcr ein gro\u00dfes Ergebnis<\/em><\/p>\n<h2 style=\"text-align: center;\">\"Jeder Einzelne hat die Macht, die Welt zu einem besseren Ort zu machen\"<\/h2>\n<p style=\"text-align: center;\">cit. <span>S. Bambar\u00e9n<\/span><\/p>\n<p>[\/et_pb_text][\/et_pb_column][\/et_pb_row][\/et_pb_section][et_pb_section fb_built=\"1\" _builder_version=\"4.16\" _module_preset=\"default\" custom_padding=\"9px||12px|||\" global_colors_info=\"{}\"][et_pb_row custom_padding_last_edited=\"on|phone\" _builder_version=\"4.21.0\" _module_preset=\"default\" custom_padding_tablet=\"\" custom_padding_phone=\"20px||20px||true|false\" global_colors_info=\"{}\"][et_pb_column type=\"4_4\" _builder_version=\"4.16\" _module_preset=\"default\" global_colors_info=\"{}\"][et_pb_text _builder_version=\"4.16\" _module_preset=\"default\" global_colors_info=\"{}\"]<\/p>\n<h3 style=\"text-align: center;\"><strong>Hier ist unser Engagement f\u00fcr eine NACHHALTIGE ZUKUNFT<\/strong><\/h3>\n<p>[\/et_pb_text][\/et_pb_column][\/et_pb_row][et_pb_row column_structure=\"1_2,1_2\" custom_padding_last_edited=\"on|phone\" _builder_version=\"4.21.0\" width=\"50%\" width_tablet=\"\" width_phone=\"80%\" width_last_edited=\"on|phone\" custom_padding_tablet=\"\" custom_padding_phone=\"20px||20px||true|false\" global_colors_info=\"{}\"][et_pb_column type=\"1_2\" _builder_version=\"4.16\" global_colors_info=\"{}\"][et_pb_image src=\"https:\/\/www.villadisotto.it\/wp-content\/uploads\/2021\/05\/Verde-Foglie-Ambiente-Logo-1.png\" alt=\"nachhaltigkeit - Villa di Sotto\" title_text=\"nachhaltigkeit - Villa di Sotto\" _builder_version=\"4.16\" _module_preset=\"default\" module_alignment=\"center\" global_colors_info=\"{}\"][\/et_pb_image][et_pb_toggle title=\"Was Sie hier finden k\u00f6nnen\" closed_toggle_background_color=\"#fcfcfc\" icon_color=\"#d3be80\" open_icon_color=\"#d3be80\" _builder_version=\"4.21.0\" title_text_color=\"#000000\" title_letter_spacing=\"2px\" title_line_height=\"1.5em\" title_font_size_tablet=\"\" title_font_size_phone=\"14px\" title_font_size_last_edited=\"on|phone\" border_radii=\"on|7px|7px|7px|7px\" border_color_all=\"#d3be80\" global_colors_info=\"{}\"]<\/p>\n<ul>\n<li>JA QR-Code zum Scannen mit dem Smartphone, um die Verwendung von Papier zu reduzieren<\/li>\n<li>JA hygienisierte Glasflaschen in unserer K\u00fcche, um den Gebrauch von Plastik und Smog zu reduzieren<\/li>\n<li>JA W\u00e4sche, die an der frischen Luft trocknet, um den Energieverbrauch zu senken und eine gr\u00f6\u00dfere Weichheit der Stoffe zu erreichen<\/li>\n<li>JA Getrennte Sammlung zur R\u00fcckgewinnung von Rohstoffen und Begrenzung der Umweltbelastung<\/li>\n<li>JA Energiesparlampen zur Kostenreduzierung und Gew\u00e4hrleistung einer ausreichenden Beleuchtung<\/li>\n<li>JA weite Gr\u00fcnfl\u00e4chen zum Sporttreiben und Entspannen in absoluter Sicherheit<\/li>\n<li>JA Schutz der biologischen Vielfalt und Respekt vor den Traditionen des Chianti-Landes, um das nat\u00fcrliche Kapital zu erhalten und das reibungslose Funktionieren der \u00d6kosysteme zu gew\u00e4hrleisten<\/li>\n<li>JA personalisierte und exklusive Erlebnisse, um den unterschiedlichen Bed\u00fcrfnissen am besten gerecht zu werden und den Moment richtig genie\u00dfen zu k\u00f6nnen<\/li>\n<li>JA lokales Personal, um die Besch\u00e4ftigung in der Region zu f\u00f6rdern und gleichzeitig den Reiseaufwand zu reduzieren<\/li>\n<li>JA 0 km Produkte aus unserem Garten, lokale und saisonale Produkte, um immer Qualit\u00e4t auf dem Tisch zu haben und auf die Umwelt zu achten<\/li>\n<li>JA zu lokalen Seifen in Flaschen in unseren Badezimmern, um Abfall zu vermeiden und ein hochwertiges Produkt anzubieten<\/li>\n<li>JA Sonnenkollektoren zur Energieerzeugung zu geringeren Kosten und ohne Auswirkungen auf die Umwelt<\/li>\n<\/ul>\n<p>[\/et_pb_toggle][\/et_pb_column][et_pb_column type=\"1_2\" _builder_version=\"4.16\" global_colors_info=\"{}\"][et_pb_image src=\"https:\/\/www.villadisotto.it\/wp-content\/uploads\/2021\/05\/Verde-Foglie-Ambiente-Logo.png\" alt=\"nachhaltigkeit - Villa di Sotto\" title_text=\"nachhaltigkeit - Villa di Sotto\" _builder_version=\"4.16\" _module_preset=\"default\" module_alignment=\"center\" global_colors_info=\"{}\"][\/et_pb_image][et_pb_toggle title=\"Was Sie bei uns NICHT finden\" closed_toggle_background_color=\"#fcfcfc\" icon_color=\"#d3be80\" open_icon_color=\"#d3be80\" _builder_version=\"4.21.0\" title_text_color=\"#000000\" title_letter_spacing=\"2px\" title_line_height=\"1.5em\" title_font_size_tablet=\"\" title_font_size_phone=\"14px\" title_font_size_last_edited=\"on|phone\" border_radii=\"on|7px|7px|7px|7px\" border_color_all=\"#d3be80\" global_colors_info=\"{}\"]<\/p>\n<ul>\n<li>NEIN Speisekarten oder Informationen auf Papier in den Unterk\u00fcnften<\/li>\n<li>NEIN Plastikflaschen auf den Restauranttischen<\/li>\n<li>NEIN elektrischer W\u00e4schetrockner<\/li>\n<li>NEIN undifferenzierte Abfalleimer<\/li>\n<li>NEIN Leuchten mit hohem Energieverbrauch<\/li>\n<li>NEIN Smog<\/li>\n<li>NEIN Verformung des Bodens der umliegenden Felder<\/li>\n<li>NEIN Kollektiv- und Gruppenerfahrungen<\/li>\n<li>NEIN Arbeiter mit entferntem Wohnsitz<\/li>\n<li>NEIN Lebensmittel aus anderen L\u00e4ndern<\/li>\n<li>NEIN Seifen in Einwegflaschen in unseren Badezimmern<\/li>\n<\/ul>\n<p>[\/et_pb_toggle][\/et_pb_column][\/et_pb_row][et_pb_row custom_padding_last_edited=\"on|phone\" _builder_version=\"4.21.0\" _module_preset=\"default\" min_height=\"103.3px\" custom_padding_tablet=\"\" custom_padding_phone=\"20px||20px||true|false\" global_colors_info=\"{}\"][et_pb_column type=\"4_4\" _builder_version=\"4.16\" _module_preset=\"default\" global_colors_info=\"{}\"][et_pb_text _builder_version=\"4.16\" _module_preset=\"default\" global_colors_info=\"{}\"]<\/p>\n<h3><strong>SIE K\u00d6NNEN UNS AUCH HELFEN...<\/strong><\/h3>\n<h3><strong>Und so geht's:<\/strong><\/h3>\n<p>[\/et_pb_text][\/et_pb_column][\/et_pb_row][et_pb_row _builder_version=\"4.21.0\" _module_preset=\"default\" custom_margin=\"|auto||auto|false|false\" custom_padding=\"10px||10px||true|false\" global_colors_info=\"{}\"][et_pb_column type=\"4_4\" _builder_version=\"4.16\" _module_preset=\"default\" global_colors_info=\"{}\"][et_pb_text _builder_version=\"4.16\" _module_preset=\"default\" global_colors_info=\"{}\"]<\/p>\n<ul>\n<li style=\"text-align: left;\"><span><strong>NEIN<\/strong><\/span> Verschwendung von Wasser und Strom<\/li>\n<li><span><strong>JA<\/strong><\/span> Verwendung nur bei Bedarf und in der ben\u00f6tigten Menge<\/li>\n<li><span><strong>NEIN<\/strong><\/span> t\u00e4glicher Wechsel aller Handt\u00fccher<\/li>\n<li><span><strong>JA<\/strong><\/span> Wechsel nur der Handt\u00fccher, die Sie ben\u00f6tigen<\/li>\n<li><span><strong>NEIN<\/strong><\/span> Undifferenzierter Abfall<\/li>\n<li><span><strong>JA<\/strong><\/span> separate Kollektion<\/li>\n<\/ul>\n<p>[\/et_pb_text][\/et_pb_column][\/et_pb_row][et_pb_row _builder_version=\"4.21.0\" _module_preset=\"default\" custom_padding=\"10px||10px||true|false\" global_colors_info=\"{}\"][et_pb_column type=\"4_4\" _builder_version=\"4.16\" _module_preset=\"default\" global_colors_info=\"{}\"][et_pb_button button_url=\"https:\/\/www.villadisotto.it\/de\/\" button_text=\"Erleben Sie aus erster Hand die Realit\u00e4t der Villa di Sotto!\" button_alignment=\"center\" _builder_version=\"4.16\" _module_preset=\"default\" custom_button=\"on\" button_bg_color=\"#d3be80\" global_colors_info=\"{}\"][\/et_pb_button][et_pb_button button_url=\"https:\/\/www.villadisotto.it\/de\/online-shop\/\" button_text=\"Besuchen Sie den Erlebnisshop!\" button_alignment=\"center\" _builder_version=\"4.16\" _module_preset=\"default\" custom_button=\"on\" button_bg_color=\"#d3be80\" global_colors_info=\"{}\"][\/et_pb_button][\/et_pb_column][\/et_pb_row][\/et_pb_section][et_pb_section fb_built=\"1\" _builder_version=\"4.21.0\" background_enable_color=\"off\" custom_margin=\"||||false|false\" custom_padding=\"20px|0px|20px|0px|true|false\" locked=\"off\" global_colors_info=\"{}\"][et_pb_row use_custom_gutter=\"on\" gutter_width=\"2\" module_class=\" et_pb_row_fullwidth\" _builder_version=\"4.21.0\" width=\"90%\" width_tablet=\"80%\" width_phone=\"\" width_last_edited=\"on|desktop\" max_width=\"2560%\" max_width_tablet=\"80%\" max_width_phone=\"\" max_width_last_edited=\"on|desktop\" custom_padding=\"17px|0px|0|0px|false|false\" make_fullwidth=\"on\" global_colors_info=\"{}\"][et_pb_column type=\"4_4\" _builder_version=\"4.16\" custom_padding=\"|||\" global_colors_info=\"{}\" custom_padding__hover=\"|||\"][et_pb_gallery gallery_ids=\"29427,29443,29439,29419\" show_title_and_caption=\"off\" show_pagination=\"off\" _builder_version=\"4.27.4\" hover_enabled=\"0\" global_colors_info=\"{}\" sticky_enabled=\"0\"][\/et_pb_gallery][\/et_pb_column][\/et_pb_row][\/et_pb_section]<\/p>\n","protected":false},"excerpt":{"rendered":"<p>Viele kleine Schritte f\u00fcr ein gro\u00dfes Ergebnis \"Jeder Einzelne hat die Macht, die Welt zu einem besseren Ort zu machen\" cit. S. Bambar\u00e9nHier ist unser Engagement f\u00fcr eine NACHHALTIGE ZUKUNFT JA QR-Code zum Scannen mit dem Smartphone, um die Verwendung von Papier zu reduzieren JA hygienisierte Glasflaschen in unserer K\u00fcche, um den Gebrauch von Plastik [&hellip;]<\/p>\n","protected":false},"author":3,"featured_media":15860,"parent":0,"menu_order":0,"comment_status":"closed","ping_status":"closed","template":"","meta":{"_et_pb_use_builder":"on","_et_pb_old_content":"","_et_gb_content_width":"","footnotes":""},"class_list":["post-15985","page","type-page","status-publish","has-post-thumbnail","hentry"],"yoast_head":"<!-- This site is optimized with the Yoast SEO plugin v27.2 - https:\/\/yoast.com\/product\/yoast-seo-wordpress\/ -->\n<title>Nachhaltigkeit - Bed and Breakfast Villa di Sotto im Sieneser Chianti-Gebiet<\/title>\n<meta name=\"description\" content=\"Nachhaltigkeit | Viele kleine Schritte f\u00fcr ein gro\u00dfes Ergebnis. Jeder Einzelne hat die Macht, die Welt zu einem besseren Ort zu machen.\" \/>\n<meta name=\"robots\" content=\"index, follow, max-snippet:-1, max-image-preview:large, max-video-preview:-1\" \/>\n<link rel=\"canonical\" href=\"https:\/\/www.villadisotto.it\/de\/nachhaltigkeit\/\" \/>\n<meta property=\"og:locale\" content=\"de_DE\" \/>\n<meta property=\"og:type\" content=\"article\" \/>\n<meta property=\"og:title\" content=\"Nachhaltigkeit - Bed and Breakfast Villa di Sotto im Sieneser Chianti-Gebiet\" \/>\n<meta property=\"og:description\" content=\"Nachhaltigkeit | Viele kleine Schritte f\u00fcr ein gro\u00dfes Ergebnis. Jeder Einzelne hat die Macht, die Welt zu einem besseren Ort zu machen.\" \/>\n<meta property=\"og:url\" content=\"https:\/\/www.villadisotto.it\/de\/nachhaltigkeit\/\" \/>\n<meta property=\"og:site_name\" content=\"Villa di Sotto\" \/>\n<meta property=\"article:modified_time\" content=\"2025-08-08T11:18:25+00:00\" \/>\n<meta property=\"og:image\" content=\"https:\/\/www.villadisotto.it\/wp-content\/uploads\/2021\/05\/sostenibile-2.jpg\" \/>\n\t<meta property=\"og:image:width\" content=\"1080\" \/>\n\t<meta property=\"og:image:height\" content=\"1080\" \/>\n\t<meta property=\"og:image:type\" content=\"image\/jpeg\" \/>\n<meta name=\"twitter:card\" content=\"summary_large_image\" \/>\n<meta name=\"twitter:label1\" content=\"Gesch\u00e4tzte Lesezeit\" \/>\n\t<meta name=\"twitter:data1\" content=\"6\u00a0Minuten\" \/>\n<script type=\"application\/ld+json\" class=\"yoast-schema-graph\">{\"@context\":\"https:\/\/schema.org\",\"@graph\":[{\"@type\":\"WebPage\",\"@id\":\"https:\/\/www.villadisotto.it\/de\/nachhaltigkeit\/\",\"url\":\"https:\/\/www.villadisotto.it\/de\/nachhaltigkeit\/\",\"name\":\"Nachhaltigkeit - Bed and Breakfast Villa di Sotto im Sieneser Chianti-Gebiet\",\"isPartOf\":{\"@id\":\"https:\/\/www.villadisotto.it\/#website\"},\"primaryImageOfPage\":{\"@id\":\"https:\/\/www.villadisotto.it\/de\/nachhaltigkeit\/#primaryimage\"},\"image\":{\"@id\":\"https:\/\/www.villadisotto.it\/de\/nachhaltigkeit\/#primaryimage\"},\"thumbnailUrl\":\"https:\/\/www.villadisotto.it\/wp-content\/uploads\/2021\/05\/sostenibile-2.jpg\",\"datePublished\":\"2021-05-14T09:41:10+00:00\",\"dateModified\":\"2025-08-08T11:18:25+00:00\",\"description\":\"Nachhaltigkeit | Viele kleine Schritte f\u00fcr ein gro\u00dfes Ergebnis. Jeder Einzelne hat die Macht, die Welt zu einem besseren Ort zu machen.\",\"breadcrumb\":{\"@id\":\"https:\/\/www.villadisotto.it\/de\/nachhaltigkeit\/#breadcrumb\"},\"inLanguage\":\"de\",\"potentialAction\":[{\"@type\":\"ReadAction\",\"target\":[\"https:\/\/www.villadisotto.it\/de\/nachhaltigkeit\/\"]}]},{\"@type\":\"ImageObject\",\"inLanguage\":\"de\",\"@id\":\"https:\/\/www.villadisotto.it\/de\/nachhaltigkeit\/#primaryimage\",\"url\":\"https:\/\/www.villadisotto.it\/wp-content\/uploads\/2021\/05\/sostenibile-2.jpg\",\"contentUrl\":\"https:\/\/www.villadisotto.it\/wp-content\/uploads\/2021\/05\/sostenibile-2.jpg\",\"width\":1080,\"height\":1080,\"caption\":\"nachhaltigkeit - Villa di Sotto\"},{\"@type\":\"BreadcrumbList\",\"@id\":\"https:\/\/www.villadisotto.it\/de\/nachhaltigkeit\/#breadcrumb\",\"itemListElement\":[{\"@type\":\"ListItem\",\"position\":1,\"name\":\"Home\",\"item\":\"https:\/\/www.villadisotto.it\/\"},{\"@type\":\"ListItem\",\"position\":2,\"name\":\"Nachhaltigkeit\"}]},{\"@type\":\"WebSite\",\"@id\":\"https:\/\/www.villadisotto.it\/#website\",\"url\":\"https:\/\/www.villadisotto.it\/\",\"name\":\"Villa di Sotto\",\"description\":\"Il cuore del Chianti\",\"potentialAction\":[{\"@type\":\"SearchAction\",\"target\":{\"@type\":\"EntryPoint\",\"urlTemplate\":\"https:\/\/www.villadisotto.it\/?s={search_term_string}\"},\"query-input\":{\"@type\":\"PropertyValueSpecification\",\"valueRequired\":true,\"valueName\":\"search_term_string\"}}],\"inLanguage\":\"de\"}]}<\/script>\n<!-- \/ Yoast SEO plugin. -->","yoast_head_json":{"title":"Nachhaltigkeit - Bed and Breakfast Villa di Sotto im Sieneser Chianti-Gebiet","description":"Nachhaltigkeit | Viele kleine Schritte f\u00fcr ein gro\u00dfes Ergebnis. Jeder Einzelne hat die Macht, die Welt zu einem besseren Ort zu machen.","robots":{"index":"index","follow":"follow","max-snippet":"max-snippet:-1","max-image-preview":"max-image-preview:large","max-video-preview":"max-video-preview:-1"},"canonical":"https:\/\/www.villadisotto.it\/de\/nachhaltigkeit\/","og_locale":"de_DE","og_type":"article","og_title":"Nachhaltigkeit - Bed and Breakfast Villa di Sotto im Sieneser Chianti-Gebiet","og_description":"Nachhaltigkeit | Viele kleine Schritte f\u00fcr ein gro\u00dfes Ergebnis. Jeder Einzelne hat die Macht, die Welt zu einem besseren Ort zu machen.","og_url":"https:\/\/www.villadisotto.it\/de\/nachhaltigkeit\/","og_site_name":"Villa di Sotto","article_modified_time":"2025-08-08T11:18:25+00:00","og_image":[{"width":1080,"height":1080,"url":"https:\/\/www.villadisotto.it\/wp-content\/uploads\/2021\/05\/sostenibile-2.jpg","type":"image\/jpeg"}],"twitter_card":"summary_large_image","twitter_misc":{"Gesch\u00e4tzte Lesezeit":"6\u00a0Minuten"},"schema":{"@context":"https:\/\/schema.org","@graph":[{"@type":"WebPage","@id":"https:\/\/www.villadisotto.it\/de\/nachhaltigkeit\/","url":"https:\/\/www.villadisotto.it\/de\/nachhaltigkeit\/","name":"Nachhaltigkeit - Bed and Breakfast Villa di Sotto im Sieneser Chianti-Gebiet","isPartOf":{"@id":"https:\/\/www.villadisotto.it\/#website"},"primaryImageOfPage":{"@id":"https:\/\/www.villadisotto.it\/de\/nachhaltigkeit\/#primaryimage"},"image":{"@id":"https:\/\/www.villadisotto.it\/de\/nachhaltigkeit\/#primaryimage"},"thumbnailUrl":"https:\/\/www.villadisotto.it\/wp-content\/uploads\/2021\/05\/sostenibile-2.jpg","datePublished":"2021-05-14T09:41:10+00:00","dateModified":"2025-08-08T11:18:25+00:00","description":"Nachhaltigkeit | Viele kleine Schritte f\u00fcr ein gro\u00dfes Ergebnis. Jeder Einzelne hat die Macht, die Welt zu einem besseren Ort zu machen.","breadcrumb":{"@id":"https:\/\/www.villadisotto.it\/de\/nachhaltigkeit\/#breadcrumb"},"inLanguage":"de","potentialAction":[{"@type":"ReadAction","target":["https:\/\/www.villadisotto.it\/de\/nachhaltigkeit\/"]}]},{"@type":"ImageObject","inLanguage":"de","@id":"https:\/\/www.villadisotto.it\/de\/nachhaltigkeit\/#primaryimage","url":"https:\/\/www.villadisotto.it\/wp-content\/uploads\/2021\/05\/sostenibile-2.jpg","contentUrl":"https:\/\/www.villadisotto.it\/wp-content\/uploads\/2021\/05\/sostenibile-2.jpg","width":1080,"height":1080,"caption":"nachhaltigkeit - Villa di Sotto"},{"@type":"BreadcrumbList","@id":"https:\/\/www.villadisotto.it\/de\/nachhaltigkeit\/#breadcrumb","itemListElement":[{"@type":"ListItem","position":1,"name":"Home","item":"https:\/\/www.villadisotto.it\/"},{"@type":"ListItem","position":2,"name":"Nachhaltigkeit"}]},{"@type":"WebSite","@id":"https:\/\/www.villadisotto.it\/#website","url":"https:\/\/www.villadisotto.it\/","name":"Villa di Sotto","description":"Il cuore del Chianti","potentialAction":[{"@type":"SearchAction","target":{"@type":"EntryPoint","urlTemplate":"https:\/\/www.villadisotto.it\/?s={search_term_string}"},"query-input":{"@type":"PropertyValueSpecification","valueRequired":true,"valueName":"search_term_string"}}],"inLanguage":"de"}]}},"_links":{"self":[{"href":"https:\/\/www.villadisotto.it\/de\/wp-json\/wp\/v2\/pages\/15985","targetHints":{"allow":["GET"]}}],"collection":[{"href":"https:\/\/www.villadisotto.it\/de\/wp-json\/wp\/v2\/pages"}],"about":[{"href":"https:\/\/www.villadisotto.it\/de\/wp-json\/wp\/v2\/types\/page"}],"author":[{"embeddable":true,"href":"https:\/\/www.villadisotto.it\/de\/wp-json\/wp\/v2\/users\/3"}],"replies":[{"embeddable":true,"href":"https:\/\/www.villadisotto.it\/de\/wp-json\/wp\/v2\/comments?post=15985"}],"version-history":[{"count":20,"href":"https:\/\/www.villadisotto.it\/de\/wp-json\/wp\/v2\/pages\/15985\/revisions"}],"predecessor-version":[{"id":29557,"href":"https:\/\/www.villadisotto.it\/de\/wp-json\/wp\/v2\/pages\/15985\/revisions\/29557"}],"wp:featuredmedia":[{"embeddable":true,"href":"https:\/\/www.villadisotto.it\/de\/wp-json\/wp\/v2\/media\/15860"}],"wp:attachment":[{"href":"https:\/\/www.villadisotto.it\/de\/wp-json\/wp\/v2\/media?parent=15985"}],"curies":[{"name":"wp","href":"https:\/\/api.w.org\/{rel}","templated":true}]}}